{"id":7991,"date":"2024-07-09T11:44:58","date_gmt":"2024-07-09T03:44:58","guid":{"rendered":"https:\/\/www.honlufoodtrailer.com\/?post_type=product&#038;p=7991"},"modified":"2025-02-14T14:46:58","modified_gmt":"2025-02-14T06:46:58","slug":"5-7m-food-trailer-container-in-turquoise-color","status":"publish","type":"product","link":"https:\/\/www.honlufoodtrailer.com\/lv\/product\/5-7m-food-trailer-container-in-turquoise-color\/","title":{"rendered":"5,7\u00a0m p\u0101rtikas piekabes konteiners Mald\u012bvija"},"content":{"rendered":"<p>Vai mekl\u0113jat p\u0101rtikas piekabes konteineru? Skatiet \u0161o 5,7\u00a0m garo p\u0101rtikas piekabes konteineru, ko esam piel\u0101goju\u0161i vienam no m\u016bsu klientiem no Maldivu sal\u0101m.\u00a0 K\u0101 redzam, \u0161im p\u0101rtikas piekabes konteineram ir skaista tirk\u012bza kr\u0101sa. Varat iedom\u0101ties, ka \u0161\u012b p\u0101rtikas piekabe b\u016bs \u013coti pievilc\u012bga p\u016bl\u012b. Tagad apskat\u012bsim s\u012bk\u0101ku inform\u0101ciju par \u0161o p\u0101rtikas piekabes konteineru!<\/p>\n<p><img fetchpriority=\"high\" decoding=\"async\" class=\"aligncenter size-full wp-image-8001\" src=\"https:\/\/www.honlufoodtrailer.com\/wp-content\/uploads\/2024\/07\/5.7M-food-trailer-container.jpg\" alt=\"5,7 m p\u0101rtikas piekabes konteiners\" width=\"720\" height=\"540\" srcset=\"https:\/\/www.honlufoodtrailer.com\/wp-content\/uploads\/2024\/07\/5.7M-food-trailer-container.jpg 720w, https:\/\/www.honlufoodtrailer.com\/wp-content\/uploads\/2024\/07\/5.7M-food-trailer-container-480x360.jpg 480w, https:\/\/www.honlufoodtrailer.com\/wp-content\/uploads\/2024\/07\/5.7M-food-trailer-container-300x225.jpg 300w\" sizes=\"(max-width: 720px) 100vw, 720px\" \/> <img decoding=\"async\" class=\"aligncenter size-full wp-image-7999\" src=\"https:\/\/www.honlufoodtrailer.com\/wp-content\/uploads\/2024\/07\/5.7M-food-trailer-container-on-sale.jpg\" alt=\"P\u0101rdod 5.7M p\u0101rtikas piekabes konteineru\" width=\"720\" height=\"540\" srcset=\"https:\/\/www.honlufoodtrailer.com\/wp-content\/uploads\/2024\/07\/5.7M-food-trailer-container-on-sale.jpg 720w, https:\/\/www.honlufoodtrailer.com\/wp-content\/uploads\/2024\/07\/5.7M-food-trailer-container-on-sale-480x360.jpg 480w, https:\/\/www.honlufoodtrailer.com\/wp-content\/uploads\/2024\/07\/5.7M-food-trailer-container-on-sale-300x225.jpg 300w\" sizes=\"(max-width: 720px) 100vw, 720px\" \/><br \/>\nK\u0101 redzams no aug\u0161\u0113j\u0101 att\u0113la, \u0161im p\u0101rtikas piekabes konteineram ir vid\u0113ja izm\u0113ra logs priek\u0161pus\u0113. Ar\u012b iek\u0161pus\u0113 j\u016bs varat redz\u0113t da\u017eas virtuves iek\u0101rtas <a href=\"https:\/\/www.honlufoodtrailer.com\/lv\/konteineru-piekabe\/\" target=\"_blank\" rel=\"noopener\">konteineru piekabe<\/a>. P\u0101rtikas piekabes kreisaj\u0101 pus\u0113 ir durvis person\u0101la ieie\u0161anai un izie\u0161anai no p\u0101rtikas piekabes. T\u0101l\u0101k apskat\u012bsim \u0161\u012b p\u0101rtikas piekabes konteinera iek\u0161\u0113jo strukt\u016bru!<\/p>\n<h3>Iek\u0161\u0113j\u0101 inform\u0101cija par \u0161o 5,7\u00a0m p\u0101rtikas piekabes konteineru Mald\u012bvija<\/h3>\n<p>Skatiet s\u012bk\u0101ku inform\u0101ciju par \u0161\u012bs konteinera p\u0101rtikas piekabes iek\u0161\u0113jo strukt\u016bru. K\u0101 redzat zem\u0101k eso\u0161aj\u0101 att\u0113l\u0101, m\u0113s to esam apr\u012bkoju\u0161i <a href=\"https:\/\/www.honlufoodtrailer.com\/lv\/product\/\" target=\"_blank\" rel=\"noopener\">p\u0101rtikas piekabe<\/a> ar pamata virtuves apr\u012bkojumu, piem\u0113ram, darba galdu, div\u0101m izlietn\u0113m, sald\u0113juma sald\u0113tavu, cepe\u0161pannu, sal\u0101tu b\u0101ru un tvaika nos\u016bc\u0113ju utt. M\u0113s ar\u012b esam apr\u012bkoju\u0161i \u0161o p\u0101rtikas piekabi ar gaisa kondicionieri atbilsto\u0161i klienta pras\u012bb\u0101m. Ar \u0161o p\u0101rtikas piekabes konteineru m\u016bsu klients var\u0113s nodro\u0161in\u0101t \u0101tr\u0101s \u0113din\u0101\u0161anas pakalpojumus pusdienot\u0101jiem.<\/p>\n<p>&nbsp;<\/p>\n<p><img decoding=\"async\" class=\"aligncenter size-full wp-image-7997\" src=\"https:\/\/www.honlufoodtrailer.com\/wp-content\/uploads\/2024\/07\/5.7m-food-trailer-container-inner-view.jpg\" alt=\"5,7\u00a0m p\u0101rtikas piekabes konteinera iek\u0161skats\" width=\"720\" height=\"540\" srcset=\"https:\/\/www.honlufoodtrailer.com\/wp-content\/uploads\/2024\/07\/5.7m-food-trailer-container-inner-view.jpg 720w, https:\/\/www.honlufoodtrailer.com\/wp-content\/uploads\/2024\/07\/5.7m-food-trailer-container-inner-view-480x360.jpg 480w, https:\/\/www.honlufoodtrailer.com\/wp-content\/uploads\/2024\/07\/5.7m-food-trailer-container-inner-view-300x225.jpg 300w\" sizes=\"(max-width: 720px) 100vw, 720px\" \/> <img loading=\"lazy\" decoding=\"async\" class=\"aligncenter size-full wp-image-7998\" src=\"https:\/\/www.honlufoodtrailer.com\/wp-content\/uploads\/2024\/07\/5.7M-food-trailer-container-more-details.jpg\" alt=\"S\u012bk\u0101ka inform\u0101cija par 5,7\u00a0M p\u0101rtikas piekabes konteineru\" width=\"800\" height=\"800\" srcset=\"https:\/\/www.honlufoodtrailer.com\/wp-content\/uploads\/2024\/07\/5.7M-food-trailer-container-more-details.jpg 800w, https:\/\/www.honlufoodtrailer.com\/wp-content\/uploads\/2024\/07\/5.7M-food-trailer-container-more-details-768x768.jpg 768w, https:\/\/www.honlufoodtrailer.com\/wp-content\/uploads\/2024\/07\/5.7M-food-trailer-container-more-details-360x360.jpg 360w, https:\/\/www.honlufoodtrailer.com\/wp-content\/uploads\/2024\/07\/5.7M-food-trailer-container-more-details-300x300.jpg 300w, https:\/\/www.honlufoodtrailer.com\/wp-content\/uploads\/2024\/07\/5.7M-food-trailer-container-more-details-720x720.jpg 720w, https:\/\/www.honlufoodtrailer.com\/wp-content\/uploads\/2024\/07\/5.7M-food-trailer-container-more-details-100x100.jpg 100w\" sizes=\"(max-width: 800px) 100vw, 800px\" \/>K\u0101 p\u0101rtikas piekabju ra\u017eot\u0101js un eksport\u0113t\u0101js ar vair\u0101k nek\u0101 10 gadu pieredzi, m\u016bsu uz\u0146\u0113mums var nodro\u0161in\u0101t klientiem visa veida p\u0101rtikas piekabes. Neatkar\u012bgi no t\u0101, vai v\u0113laties standarta vai piel\u0101gotu, m\u0113s varam to izgatavot jums. M\u0113s varam nodro\u0161in\u0101t ne tikai piel\u0101gotas piekabes p\u0101rtikas p\u0101rdo\u0161anai, bet ar\u012b piekabes ar daudz\u0101m cit\u0101m funkcij\u0101m. Piem\u0113ram, ziedu, ap\u0123\u0113rbu p\u0101rdo\u0161ana, m\u0101jdz\u012bvnieku apkalpo\u0161ana, friz\u016bras pakalpojumi utt. Vienk\u0101r\u0161i past\u0101stiet mums savas detaliz\u0113t\u0101s pras\u012bbas, m\u0113s nodro\u0161in\u0101sim jums vajadz\u012bgo piekabi. Vienk\u0101r\u0161i atst\u0101jiet zi\u0146ojumu zem\u0101k eso\u0161aj\u0101 form\u0101 vai tie\u0161i mums WhatsApp, lai \u0101tri atbild\u0113tu!<\/p>","protected":false},"excerpt":{"rendered":"<p>\u0160is ir viens no m\u016bsu pas\u016bt\u012bjuma izgatavotajiem 5,7\u00a0m p\u0101rtikas piekabes konteineriem. M\u0113s to b\u016bv\u0113jam klientam no Maldivu sal\u0101m. Tam ir skaista kr\u0101sa un sapr\u0101t\u012bga strukt\u016bra. <strong>L\u016bdzu, noklik\u0161\u0137iniet uz t\u0101l\u0101k nor\u0101d\u012btaj\u0101m ciln\u0113m, lai skat\u012btu s\u012bk\u0101ku inform\u0101ciju par \u0161o konteinera p\u0101rtikas piekabi<\/strong>. M\u0113s varam izgatavot l\u012bdz\u012bgu p\u0101rtikas piekabes konteineru, piem\u0113ram, \u0161o, vai piel\u0101got to jums. L\u016bdzu, sazinieties ar mums un past\u0101stiet mums savas detaliz\u0113t\u0101s pras\u012bbas. Vienk\u0101r\u0161i nevilcinieties sazin\u0101ties ar mums t\u016bl\u012bt!<\/p>","protected":false},"featured_media":7994,"template":"","meta":{"_themeisle_gutenberg_block_has_review":false},"product_brand":[],"product_cat":[26],"product_tag":[86,71,33,60,61,38],"class_list":{"0":"post-7991","1":"product","2":"type-product","3":"status-publish","4":"has-post-thumbnail","6":"product_cat-product","7":"product_tag-18-7ft-food-trailer","8":"product_tag-container-trailer","9":"product_tag-customized-trailer","10":"product_tag-fast-food-trailer","11":"product_tag-fast-food-trailer-for-sale","12":"product_tag-mobile-food-trailer","14":"first","15":"instock","16":"shipping-taxable","17":"product-type-simple"},"yoast_head":"<!-- This site is optimized with the Yoast SEO plugin v27.6 - https:\/\/yoast.com\/product\/yoast-seo-wordpress\/ -->\n<title>5.7m Food Trailer Container from China - Honlu Food Trailer<\/title>\n<meta name=\"description\" content=\"Looking for a food trailer container for sale? see this 5.7m food trailer container here! Get a similar or customized one at a reasonable price now!\" \/>\n<meta name=\"robots\" content=\"index, follow, max-snippet:-1, max-image-preview:large, max-video-preview:-1\" \/>\n<link rel=\"canonical\" href=\"https:\/\/www.honlufoodtrailer.com\/lv\/product\/5-7m-food-trailer-container-in-turquoise-color\/\" \/>\n<meta property=\"og:locale\" content=\"lv_LV\" \/>\n<meta property=\"og:type\" content=\"article\" \/>\n<meta property=\"og:title\" content=\"5.7m Food Trailer Container from China - Honlu Food Trailer\" \/>\n<meta property=\"og:description\" content=\"Looking for a food trailer container for sale? see this 5.7m food trailer container here! Get a similar or customized one at a reasonable price now!\" \/>\n<meta property=\"og:url\" content=\"https:\/\/www.honlufoodtrailer.com\/lv\/product\/5-7m-food-trailer-container-in-turquoise-color\/\" \/>\n<meta property=\"og:site_name\" content=\"Honlu food trailer\" \/>\n<meta property=\"article:modified_time\" content=\"2025-02-14T06:46:58+00:00\" \/>\n<meta property=\"og:image\" content=\"https:\/\/www.honlufoodtrailer.com\/wp-content\/uploads\/2024\/07\/5.7M-container-food-trailer.jpg\" \/>\n\t<meta property=\"og:image:width\" content=\"720\" \/>\n\t<meta property=\"og:image:height\" content=\"540\" \/>\n\t<meta property=\"og:image:type\" content=\"image\/jpeg\" \/>\n<meta name=\"twitter:card\" content=\"summary_large_image\" \/>\n<meta name=\"twitter:label1\" content=\"Est. reading time\" \/>\n\t<meta name=\"twitter:data1\" content=\"1 min\u016bte\" \/>\n<script type=\"application\/ld+json\" class=\"yoast-schema-graph\">{\"@context\":\"https:\\\/\\\/schema.org\",\"@graph\":[{\"@type\":\"WebPage\",\"@id\":\"https:\\\/\\\/www.honlufoodtrailer.com\\\/product\\\/5-7m-food-trailer-container-in-turquoise-color\\\/\",\"url\":\"https:\\\/\\\/www.honlufoodtrailer.com\\\/product\\\/5-7m-food-trailer-container-in-turquoise-color\\\/\",\"name\":\"5.7m Food Trailer Container from China - Honlu Food Trailer\",\"isPartOf\":{\"@id\":\"https:\\\/\\\/www.honlufoodtrailer.com\\\/#website\"},\"primaryImageOfPage\":{\"@id\":\"https:\\\/\\\/www.honlufoodtrailer.com\\\/product\\\/5-7m-food-trailer-container-in-turquoise-color\\\/#primaryimage\"},\"image\":{\"@id\":\"https:\\\/\\\/www.honlufoodtrailer.com\\\/product\\\/5-7m-food-trailer-container-in-turquoise-color\\\/#primaryimage\"},\"thumbnailUrl\":\"https:\\\/\\\/www.honlufoodtrailer.com\\\/wp-content\\\/uploads\\\/2024\\\/07\\\/5.7M-container-food-trailer.jpg\",\"datePublished\":\"2024-07-09T03:44:58+00:00\",\"dateModified\":\"2025-02-14T06:46:58+00:00\",\"description\":\"Looking for a food trailer container for sale? see this 5.7m food trailer container here! Get a similar or customized one at a reasonable price now!\",\"breadcrumb\":{\"@id\":\"https:\\\/\\\/www.honlufoodtrailer.com\\\/product\\\/5-7m-food-trailer-container-in-turquoise-color\\\/#breadcrumb\"},\"inLanguage\":\"lv-LV\",\"potentialAction\":[{\"@type\":\"ReadAction\",\"target\":[\"https:\\\/\\\/www.honlufoodtrailer.com\\\/product\\\/5-7m-food-trailer-container-in-turquoise-color\\\/\"]}]},{\"@type\":\"ImageObject\",\"inLanguage\":\"lv-LV\",\"@id\":\"https:\\\/\\\/www.honlufoodtrailer.com\\\/product\\\/5-7m-food-trailer-container-in-turquoise-color\\\/#primaryimage\",\"url\":\"https:\\\/\\\/www.honlufoodtrailer.com\\\/wp-content\\\/uploads\\\/2024\\\/07\\\/5.7M-container-food-trailer.jpg\",\"contentUrl\":\"https:\\\/\\\/www.honlufoodtrailer.com\\\/wp-content\\\/uploads\\\/2024\\\/07\\\/5.7M-container-food-trailer.jpg\",\"width\":720,\"height\":540,\"caption\":\"5.7M container food trailer\"},{\"@type\":\"BreadcrumbList\",\"@id\":\"https:\\\/\\\/www.honlufoodtrailer.com\\\/product\\\/5-7m-food-trailer-container-in-turquoise-color\\\/#breadcrumb\",\"itemListElement\":[{\"@type\":\"ListItem\",\"position\":1,\"name\":\"Home\",\"item\":\"https:\\\/\\\/www.honlufoodtrailer.com\\\/\"},{\"@type\":\"ListItem\",\"position\":2,\"name\":\"\u4ea7\u54c1\",\"item\":\"https:\\\/\\\/www.honlufoodtrailer.com\\\/shop\\\/\"},{\"@type\":\"ListItem\",\"position\":3,\"name\":\"5.7m Food Trailer Container Maldives\"}]},{\"@type\":\"WebSite\",\"@id\":\"https:\\\/\\\/www.honlufoodtrailer.com\\\/#website\",\"url\":\"https:\\\/\\\/www.honlufoodtrailer.com\\\/\",\"name\":\"Honlu food trailer\",\"description\":\"\",\"publisher\":{\"@id\":\"https:\\\/\\\/www.honlufoodtrailer.com\\\/#organization\"},\"potentialAction\":[{\"@type\":\"SearchAction\",\"target\":{\"@type\":\"EntryPoint\",\"urlTemplate\":\"https:\\\/\\\/www.honlufoodtrailer.com\\\/?s={search_term_string}\"},\"query-input\":{\"@type\":\"PropertyValueSpecification\",\"valueRequired\":true,\"valueName\":\"search_term_string\"}}],\"inLanguage\":\"lv-LV\"},{\"@type\":\"Organization\",\"@id\":\"https:\\\/\\\/www.honlufoodtrailer.com\\\/#organization\",\"name\":\"Honlu food trailer\",\"url\":\"https:\\\/\\\/www.honlufoodtrailer.com\\\/\",\"logo\":{\"@type\":\"ImageObject\",\"inLanguage\":\"lv-LV\",\"@id\":\"https:\\\/\\\/www.honlufoodtrailer.com\\\/#\\\/schema\\\/logo\\\/image\\\/\",\"url\":\"https:\\\/\\\/www.honlufoodtrailer.com\\\/wp-content\\\/uploads\\\/2021\\\/12\\\/2.gif\",\"contentUrl\":\"https:\\\/\\\/www.honlufoodtrailer.com\\\/wp-content\\\/uploads\\\/2021\\\/12\\\/2.gif\",\"width\":350,\"height\":100,\"caption\":\"Honlu food trailer\"},\"image\":{\"@id\":\"https:\\\/\\\/www.honlufoodtrailer.com\\\/#\\\/schema\\\/logo\\\/image\\\/\"}}]}<\/script>\n<!-- \/ Yoast SEO plugin. -->","yoast_head_json":{"title":"5,7\u00a0m p\u0101rtikas piekabes konteiners no \u0136\u012bnas\u00a0\u2014 Honlu p\u0101rtikas piekabe","description":"Vai mekl\u0113jat p\u0101rtikas piekabes konteineru p\u0101rdo\u0161anai? skatiet \u0161o 5,7\u00a0m p\u0101rtikas piekabes konteineru \u0161eit! Ieg\u016bstiet l\u012bdz\u012bgu vai piel\u0101gotu par sapr\u0101t\u012bgu cenu t\u016bl\u012bt!","robots":{"index":"index","follow":"follow","max-snippet":"max-snippet:-1","max-image-preview":"max-image-preview:large","max-video-preview":"max-video-preview:-1"},"canonical":"https:\/\/www.honlufoodtrailer.com\/lv\/product\/5-7m-food-trailer-container-in-turquoise-color\/","og_locale":"lv_LV","og_type":"article","og_title":"5.7m Food Trailer Container from China - Honlu Food Trailer","og_description":"Looking for a food trailer container for sale? see this 5.7m food trailer container here! Get a similar or customized one at a reasonable price now!","og_url":"https:\/\/www.honlufoodtrailer.com\/lv\/product\/5-7m-food-trailer-container-in-turquoise-color\/","og_site_name":"Honlu food trailer","article_modified_time":"2025-02-14T06:46:58+00:00","og_image":[{"width":720,"height":540,"url":"https:\/\/www.honlufoodtrailer.com\/wp-content\/uploads\/2024\/07\/5.7M-container-food-trailer.jpg","type":"image\/jpeg"}],"twitter_card":"summary_large_image","twitter_misc":{"Est. reading time":"1 min\u016bte"},"schema":{"@context":"https:\/\/schema.org","@graph":[{"@type":"WebPage","@id":"https:\/\/www.honlufoodtrailer.com\/product\/5-7m-food-trailer-container-in-turquoise-color\/","url":"https:\/\/www.honlufoodtrailer.com\/product\/5-7m-food-trailer-container-in-turquoise-color\/","name":"5,7\u00a0m p\u0101rtikas piekabes konteiners no \u0136\u012bnas\u00a0\u2014 Honlu p\u0101rtikas piekabe","isPartOf":{"@id":"https:\/\/www.honlufoodtrailer.com\/#website"},"primaryImageOfPage":{"@id":"https:\/\/www.honlufoodtrailer.com\/product\/5-7m-food-trailer-container-in-turquoise-color\/#primaryimage"},"image":{"@id":"https:\/\/www.honlufoodtrailer.com\/product\/5-7m-food-trailer-container-in-turquoise-color\/#primaryimage"},"thumbnailUrl":"https:\/\/www.honlufoodtrailer.com\/wp-content\/uploads\/2024\/07\/5.7M-container-food-trailer.jpg","datePublished":"2024-07-09T03:44:58+00:00","dateModified":"2025-02-14T06:46:58+00:00","description":"Vai mekl\u0113jat p\u0101rtikas piekabes konteineru p\u0101rdo\u0161anai? skatiet \u0161o 5,7\u00a0m p\u0101rtikas piekabes konteineru \u0161eit! Ieg\u016bstiet l\u012bdz\u012bgu vai piel\u0101gotu par sapr\u0101t\u012bgu cenu t\u016bl\u012bt!","breadcrumb":{"@id":"https:\/\/www.honlufoodtrailer.com\/product\/5-7m-food-trailer-container-in-turquoise-color\/#breadcrumb"},"inLanguage":"lv-LV","potentialAction":[{"@type":"ReadAction","target":["https:\/\/www.honlufoodtrailer.com\/product\/5-7m-food-trailer-container-in-turquoise-color\/"]}]},{"@type":"ImageObject","inLanguage":"lv-LV","@id":"https:\/\/www.honlufoodtrailer.com\/product\/5-7m-food-trailer-container-in-turquoise-color\/#primaryimage","url":"https:\/\/www.honlufoodtrailer.com\/wp-content\/uploads\/2024\/07\/5.7M-container-food-trailer.jpg","contentUrl":"https:\/\/www.honlufoodtrailer.com\/wp-content\/uploads\/2024\/07\/5.7M-container-food-trailer.jpg","width":720,"height":540,"caption":"5.7M container food trailer"},{"@type":"BreadcrumbList","@id":"https:\/\/www.honlufoodtrailer.com\/product\/5-7m-food-trailer-container-in-turquoise-color\/#breadcrumb","itemListElement":[{"@type":"ListItem","position":1,"name":"Home","item":"https:\/\/www.honlufoodtrailer.com\/"},{"@type":"ListItem","position":2,"name":"\u4ea7\u54c1","item":"https:\/\/www.honlufoodtrailer.com\/shop\/"},{"@type":"ListItem","position":3,"name":"5.7m Food Trailer Container Maldives"}]},{"@type":"WebSite","@id":"https:\/\/www.honlufoodtrailer.com\/#website","url":"https:\/\/www.honlufoodtrailer.com\/","name":"Honlu p\u0101rtikas piekabe","description":"","publisher":{"@id":"https:\/\/www.honlufoodtrailer.com\/#organization"},"potentialAction":[{"@type":"SearchAction","target":{"@type":"EntryPoint","urlTemplate":"https:\/\/www.honlufoodtrailer.com\/?s={search_term_string}"},"query-input":{"@type":"PropertyValueSpecification","valueRequired":true,"valueName":"search_term_string"}}],"inLanguage":"lv-LV"},{"@type":"Organization","@id":"https:\/\/www.honlufoodtrailer.com\/#organization","name":"Honlu p\u0101rtikas piekabe","url":"https:\/\/www.honlufoodtrailer.com\/","logo":{"@type":"ImageObject","inLanguage":"lv-LV","@id":"https:\/\/www.honlufoodtrailer.com\/#\/schema\/logo\/image\/","url":"https:\/\/www.honlufoodtrailer.com\/wp-content\/uploads\/2021\/12\/2.gif","contentUrl":"https:\/\/www.honlufoodtrailer.com\/wp-content\/uploads\/2021\/12\/2.gif","width":350,"height":100,"caption":"Honlu food trailer"},"image":{"@id":"https:\/\/www.honlufoodtrailer.com\/#\/schema\/logo\/image\/"}}]}},"_links":{"self":[{"href":"https:\/\/www.honlufoodtrailer.com\/lv\/wp-json\/wp\/v2\/product\/7991","targetHints":{"allow":["GET"]}}],"collection":[{"href":"https:\/\/www.honlufoodtrailer.com\/lv\/wp-json\/wp\/v2\/product"}],"about":[{"href":"https:\/\/www.honlufoodtrailer.com\/lv\/wp-json\/wp\/v2\/types\/product"}],"version-history":[{"count":0,"href":"https:\/\/www.honlufoodtrailer.com\/lv\/wp-json\/wp\/v2\/product\/7991\/revisions"}],"wp:featuredmedia":[{"embeddable":true,"href":"https:\/\/www.honlufoodtrailer.com\/lv\/wp-json\/wp\/v2\/media\/7994"}],"wp:attachment":[{"href":"https:\/\/www.honlufoodtrailer.com\/lv\/wp-json\/wp\/v2\/media?parent=7991"}],"wp:term":[{"taxonomy":"product_brand","embeddable":true,"href":"https:\/\/www.honlufoodtrailer.com\/lv\/wp-json\/wp\/v2\/product_brand?post=7991"},{"taxonomy":"product_cat","embeddable":true,"href":"https:\/\/www.honlufoodtrailer.com\/lv\/wp-json\/wp\/v2\/product_cat?post=7991"},{"taxonomy":"product_tag","embeddable":true,"href":"https:\/\/www.honlufoodtrailer.com\/lv\/wp-json\/wp\/v2\/product_tag?post=7991"}],"curies":[{"name":"wp","href":"https:\/\/api.w.org\/{rel}","templated":true}]}}