{"id":8009,"date":"2024-07-10T18:07:05","date_gmt":"2024-07-10T10:07:05","guid":{"rendered":"https:\/\/www.honlufoodtrailer.com\/?post_type=product&#038;p=8009"},"modified":"2025-02-18T11:01:19","modified_gmt":"2025-02-18T03:01:19","slug":"18ft-food-trailer-in-granite-gray","status":"publish","type":"product","link":"https:\/\/www.honlufoodtrailer.com\/lv\/product\/18ft-food-trailer-in-granite-gray\/","title":{"rendered":"18 p\u0113du p\u0101rtikas piekabe Kan\u0101da gran\u012bta pel\u0113k\u0101 kr\u0101s\u0101"},"content":{"rendered":"<p>\u0160\u012b ir piel\u0101gota 18 p\u0113du p\u0101rtikas piekabe gran\u012bta pel\u0113k\u0101 kr\u0101s\u0101, ko esam izgatavoju\u0161i vienam no m\u016bsu Kan\u0101das klientiem. M\u0113s varam izgatavot l\u012bdz\u012bgu 18 p\u0113du p\u0101rtikas piekabi p\u0101rdo\u0161anai vai ar\u012b piel\u0101got to jums. P\u0101rtikas piekabes virsb\u016bves kr\u0101su, uzl\u012bmes, izk\u0101rtnes un virtuves apr\u012bkojumu var piel\u0101got. Vienk\u0101r\u0161i sazinieties ar mums un past\u0101stiet mums savas detaliz\u0113t\u0101s pras\u012bbas.<\/p>\n<p><img fetchpriority=\"high\" decoding=\"async\" class=\"aligncenter size-full wp-image-8014\" src=\"https:\/\/www.honlufoodtrailer.com\/wp-content\/uploads\/2024\/07\/18ft-Food-Trailer-In-Granite-Gray-on-sale.jpg\" alt=\"P\u0101rdo\u0161an\u0101 18 p\u0113du p\u0101rtikas piekabe gran\u012bta pel\u0113k\u0101 kr\u0101s\u0101\" width=\"720\" height=\"540\" srcset=\"https:\/\/www.honlufoodtrailer.com\/wp-content\/uploads\/2024\/07\/18ft-Food-Trailer-In-Granite-Gray-on-sale.jpg 720w, https:\/\/www.honlufoodtrailer.com\/wp-content\/uploads\/2024\/07\/18ft-Food-Trailer-In-Granite-Gray-on-sale-480x360.jpg 480w, https:\/\/www.honlufoodtrailer.com\/wp-content\/uploads\/2024\/07\/18ft-Food-Trailer-In-Granite-Gray-on-sale-300x225.jpg 300w\" sizes=\"(max-width: 720px) 100vw, 720px\" \/> <img decoding=\"async\" class=\"aligncenter size-full wp-image-8011\" src=\"https:\/\/www.honlufoodtrailer.com\/wp-content\/uploads\/2024\/07\/18ft-Food-Trailer-In-Granite-Gray-back-view.jpg\" alt=\"18 p\u0113du p\u0101rtikas piekabe gran\u012bta pel\u0113k\u0101 kr\u0101s\u0101, skats no aizmugures\" width=\"720\" height=\"540\" srcset=\"https:\/\/www.honlufoodtrailer.com\/wp-content\/uploads\/2024\/07\/18ft-Food-Trailer-In-Granite-Gray-back-view.jpg 720w, https:\/\/www.honlufoodtrailer.com\/wp-content\/uploads\/2024\/07\/18ft-Food-Trailer-In-Granite-Gray-back-view-480x360.jpg 480w, https:\/\/www.honlufoodtrailer.com\/wp-content\/uploads\/2024\/07\/18ft-Food-Trailer-In-Granite-Gray-back-view-300x225.jpg 300w\" sizes=\"(max-width: 720px) 100vw, 720px\" \/><\/p>\n<p>Vai v\u0113laties uzs\u0101kt savu p\u0101rtikas biznesu? Vai v\u0113laties nodro\u0161in\u0101t gardas malt\u012btes, atrodoties ce\u013c\u0101? Tad apsveriet iesp\u0113ju ieguld\u012bt \u0161aj\u0101 18 p\u0113du p\u0101rtikas piekab\u0113, kas ir p\u0101rdo\u0161an\u0101. \u0160\u0101da veida... <a href=\"https:\/\/www.honlufoodtrailer.com\/lv\/product\/\" target=\"_blank\" rel=\"noopener\">p\u0101rtikas piekabe<\/a> var pal\u012bdz\u0113t j\u016bsu uz\u0146\u0113mumam g\u016bt pan\u0101kumus. K\u0101 redzams att\u0113l\u0101 iepriek\u0161, \u0161o p\u0101rtikas piekabi var izmantot, lai p\u0101rdotu daudzu veidu \u0101tr\u0101s \u0113din\u0101\u0161anas produktus, piem\u0113ram, vistas sviestmaizes, vistas sal\u0101tus, picas, hotdogu sviestmaizes, burgerus, tako, sp\u0101rni\u0146us, sal\u0101tus, \u010dipsus, bezalkoholiskos dz\u0113rienus. Tas pal\u012bdz\u0113s jums piesaist\u012bt vair\u0101k klientu. T\u0101l\u0101k \u013caujiet man par\u0101d\u012bt \u0161\u012bs p\u0101rtikas piekabes iek\u0161\u0113jo skatu.<\/p>\n<h3>\u0160\u012bs 18 p\u0113du p\u0101rtikas piekabes iek\u0161\u0113j\u0101s deta\u013cas gran\u012bta pel\u0113k\u0101 kr\u0101s\u0101<\/h3>\n<p>K\u0101 redzams att\u0113l\u0101 iepriek\u0161, m\u0113s esam apr\u012bkoju\u0161i 18 p\u0113du p\u0101rtikas piekabi ar virtuves apr\u012bkojumu. Piekabes iek\u0161pus\u0113 galvenok\u0101rt atrodas virtuves apr\u012bkojums, piem\u0113ram, g\u0101zes pl\u012bts, darba galds, izlietnes, panna un tvaika nos\u016bc\u0113js utt. Ar iepriek\u0161 min\u0113to virtuves apr\u012bkojumu m\u016bsu klients var\u0113s pasniegt pusdienot\u0101jiem da\u017e\u0101da veida \u0101tr\u0101s \u0113din\u0101\u0161anas \u0113dienus.<br \/>\n<img decoding=\"async\" class=\"aligncenter size-full wp-image-8013\" src=\"https:\/\/www.honlufoodtrailer.com\/wp-content\/uploads\/2024\/07\/18ft-Food-Trailer-In-Granite-Gray-inner-view.jpg\" alt=\"18 p\u0113du p\u0101rtikas piekabe gran\u012bta pel\u0113k\u0101 kr\u0101s\u0101 ar iek\u0161\u0113jo skatu\" width=\"720\" height=\"540\" srcset=\"https:\/\/www.honlufoodtrailer.com\/wp-content\/uploads\/2024\/07\/18ft-Food-Trailer-In-Granite-Gray-inner-view.jpg 720w, https:\/\/www.honlufoodtrailer.com\/wp-content\/uploads\/2024\/07\/18ft-Food-Trailer-In-Granite-Gray-inner-view-480x360.jpg 480w, https:\/\/www.honlufoodtrailer.com\/wp-content\/uploads\/2024\/07\/18ft-Food-Trailer-In-Granite-Gray-inner-view-300x225.jpg 300w\" sizes=\"(max-width: 720px) 100vw, 720px\" \/><br \/>\n<img loading=\"lazy\" decoding=\"async\" class=\"aligncenter size-full wp-image-8030\" src=\"https:\/\/www.honlufoodtrailer.com\/wp-content\/uploads\/2024\/07\/18ft-food-trailer-in-granite-gray-inner-details.jpg\" alt=\"18 p\u0113du p\u0101rtikas piekabe gran\u012bta pel\u0113k\u0101 kr\u0101s\u0101 ar iek\u0161\u0113j\u0101m deta\u013c\u0101m\" width=\"800\" height=\"800\" srcset=\"https:\/\/www.honlufoodtrailer.com\/wp-content\/uploads\/2024\/07\/18ft-food-trailer-in-granite-gray-inner-details.jpg 800w, https:\/\/www.honlufoodtrailer.com\/wp-content\/uploads\/2024\/07\/18ft-food-trailer-in-granite-gray-inner-details-768x768.jpg 768w, https:\/\/www.honlufoodtrailer.com\/wp-content\/uploads\/2024\/07\/18ft-food-trailer-in-granite-gray-inner-details-360x360.jpg 360w, https:\/\/www.honlufoodtrailer.com\/wp-content\/uploads\/2024\/07\/18ft-food-trailer-in-granite-gray-inner-details-300x300.jpg 300w, https:\/\/www.honlufoodtrailer.com\/wp-content\/uploads\/2024\/07\/18ft-food-trailer-in-granite-gray-inner-details-720x720.jpg 720w, https:\/\/www.honlufoodtrailer.com\/wp-content\/uploads\/2024\/07\/18ft-food-trailer-in-granite-gray-inner-details-100x100.jpg 100w\" sizes=\"(max-width: 800px) 100vw, 800px\" \/><\/p>\n<p>P\u0101rtikas piekabes var saukt ar\u012b par p\u0101rtikas rati\u0146iem, p\u0101rtikas furgoniem, p\u0101rtikas kravas automa\u0161\u012bn\u0101m utt. T\u0101s var izmantot \u0101tr\u0101s \u0113din\u0101\u0161anas, uzkodu, av\u012b\u017eu, gr\u0101matu utt. p\u0101rdo\u0161anai. T\u0101s sast\u0101v no \u0161asijas, virsb\u016bves, gr\u012bdas, darba galda, \u016bdens sist\u0113mas un elektrisk\u0101s sist\u0113mas. Lietot\u0101ji var izv\u0113l\u0113ties ar\u012b v\u0113lamo kr\u0101su. Ja klienti v\u0113las, m\u0113s labpr\u0101t ieg\u0101d\u0101tos cita veida apr\u012bkojumu.<\/p>\n<h3>Piel\u0101got\u0101s 18 p\u0113du p\u0101rtikas piekabes Kan\u0101das galven\u0101s iez\u012bmes<\/h3>\n<ol>\n<li>L\u0113ts un videi draudz\u012bgs, bez d\u016bmiem un trok\u0161\u0146a, viegli p\u0101rvietojams uz jebkuru vietu.<\/li>\n<li>To var izmantot daudzus gadus un tas nerad\u012bs atkritumus, un tas ir daudz piem\u0113rots m\u016bsdienu dz\u012bvei.<\/li>\n<li>Tas ir \u0113rti un vienk\u0101r\u0161i iekrau\u0161anai un transport\u0113\u0161anai, jo dizains ir unik\u0101ls un individu\u0101ls.<\/li>\n<li>Galvenais materi\u0101ls ir ner\u016bs\u0113jo\u0161ais t\u0113rauds, un plakan\u0101 forma (galds) ner\u016bs\u0113s.<\/li>\n<li>Tam ir karstumiztur\u012bba, augsta iztur\u012bba, augsta kr\u0101su notur\u012bba, nav deform\u0101cijas, \u016bdensiztur\u012bba un ilgs kalpo\u0161anas laiks.<\/li>\n<\/ol>\n<h3>Galven\u0101 priek\u0161roc\u012bba:<\/h3>\n<p>1. Zemas izmaksas un videi draudz\u012bgs;<br \/>\n2. Viegli p\u0101rvietoties uz jebkuru vietu (j\u016bsu bizness nav ierobe\u017eots);<br \/>\n3. Unik\u0101la forma (neredzama, lai piesaist\u012btu vair\u0101k klientu);<br \/>\n4. Ilgs kalpo\u0161anas laiks (iztur\u012bgs pret koroziju, karstumiztur\u012bgs, \u016bdensiztur\u012bgs, bez deform\u0101cijas).<\/p>","protected":false},"excerpt":{"rendered":"<p>\u0160\u012b ir viena no m\u016bsu p\u0113c pas\u016bt\u012bjuma izgatavotaj\u0101m 18 p\u0113du p\u0101rtikas piekab\u0113m Kan\u0101d\u0101 gran\u012bta pel\u0113k\u0101 kr\u0101s\u0101. T\u0101 ir laba izv\u0113le p\u0101rtikas piekabju biznesa uzs\u0101k\u0161anai. Protams, m\u0113s varam izgatavot l\u012bdz\u012bgu p\u0101rtikas piekabi k\u0101 \u0161o vai piel\u0101got to jums. P\u0101rtikas piekabes virsb\u016bves kr\u0101su, uzl\u012bmes, izk\u0101rtnes un virtuves apr\u012bkojumu var piel\u0101got. <strong>L\u016bdzu, noklik\u0161\u0137iniet uz t\u0101l\u0101k nor\u0101d\u012btaj\u0101m ciln\u0113m, lai skat\u012btu s\u012bk\u0101ku inform\u0101ciju par \u0161o 18 p\u0113du p\u0101rtikas piekabi. <\/strong>L\u016bdzu, sazinieties ar mums un past\u0101stiet mums savas detaliz\u0113t\u0101s pras\u012bbas. Vienk\u0101r\u0161i nevilcinieties sazin\u0101ties ar mums t\u016bl\u012bt!<\/p>","protected":false},"featured_media":8010,"template":"","meta":{"_themeisle_gutenberg_block_has_review":false},"product_brand":[],"product_cat":[26],"product_tag":[83,33,60,61,38],"class_list":{"0":"post-8009","1":"product","2":"type-product","3":"status-publish","4":"has-post-thumbnail","6":"product_cat-product","7":"product_tag-18ft-food-trailer","8":"product_tag-customized-trailer","9":"product_tag-fast-food-trailer","10":"product_tag-fast-food-trailer-for-sale","11":"product_tag-mobile-food-trailer","13":"first","14":"instock","15":"featured","16":"shipping-taxable","17":"product-type-simple"},"yoast_head":"<!-- This site is optimized with the Yoast SEO plugin v27.6 - https:\/\/yoast.com\/product\/yoast-seo-wordpress\/ -->\n<title>18ft Food Trailer In Granite Gray For Sale - Honlu Food Trailer<\/title>\n<meta name=\"description\" content=\"This is an 18ft food trailer in granite gray we have customized for an Canadian customer. Get a similar or customized one at factory price now!\" \/>\n<meta name=\"robots\" content=\"index, follow, max-snippet:-1, max-image-preview:large, max-video-preview:-1\" \/>\n<link rel=\"canonical\" href=\"https:\/\/www.honlufoodtrailer.com\/lv\/product\/18ft-food-trailer-in-granite-gray\/\" \/>\n<meta property=\"og:locale\" content=\"lv_LV\" \/>\n<meta property=\"og:type\" content=\"article\" \/>\n<meta property=\"og:title\" content=\"18ft Food Trailer In Granite Gray For Sale - Honlu Food Trailer\" \/>\n<meta property=\"og:description\" content=\"This is an 18ft food trailer in granite gray we have customized for an Canadian customer. Get a similar or customized one at factory price now!\" \/>\n<meta property=\"og:url\" content=\"https:\/\/www.honlufoodtrailer.com\/lv\/product\/18ft-food-trailer-in-granite-gray\/\" \/>\n<meta property=\"og:site_name\" content=\"Honlu food trailer\" \/>\n<meta property=\"article:modified_time\" content=\"2025-02-18T03:01:19+00:00\" \/>\n<meta property=\"og:image\" content=\"https:\/\/www.honlufoodtrailer.com\/wp-content\/uploads\/2024\/07\/5.5m-Food-Trailer-In-Granite-Gray.jpg\" \/>\n\t<meta property=\"og:image:width\" content=\"720\" \/>\n\t<meta property=\"og:image:height\" content=\"540\" \/>\n\t<meta property=\"og:image:type\" content=\"image\/jpeg\" \/>\n<meta name=\"twitter:card\" content=\"summary_large_image\" \/>\n<meta name=\"twitter:label1\" content=\"Est. reading time\" \/>\n\t<meta name=\"twitter:data1\" content=\"1 min\u016bte\" \/>\n<script type=\"application\/ld+json\" class=\"yoast-schema-graph\">{\"@context\":\"https:\\\/\\\/schema.org\",\"@graph\":[{\"@type\":\"WebPage\",\"@id\":\"https:\\\/\\\/www.honlufoodtrailer.com\\\/product\\\/18ft-food-trailer-in-granite-gray\\\/\",\"url\":\"https:\\\/\\\/www.honlufoodtrailer.com\\\/product\\\/18ft-food-trailer-in-granite-gray\\\/\",\"name\":\"18ft Food Trailer In Granite Gray For Sale - Honlu Food Trailer\",\"isPartOf\":{\"@id\":\"https:\\\/\\\/www.honlufoodtrailer.com\\\/#website\"},\"primaryImageOfPage\":{\"@id\":\"https:\\\/\\\/www.honlufoodtrailer.com\\\/product\\\/18ft-food-trailer-in-granite-gray\\\/#primaryimage\"},\"image\":{\"@id\":\"https:\\\/\\\/www.honlufoodtrailer.com\\\/product\\\/18ft-food-trailer-in-granite-gray\\\/#primaryimage\"},\"thumbnailUrl\":\"https:\\\/\\\/www.honlufoodtrailer.com\\\/wp-content\\\/uploads\\\/2024\\\/07\\\/5.5m-Food-Trailer-In-Granite-Gray.jpg\",\"datePublished\":\"2024-07-10T10:07:05+00:00\",\"dateModified\":\"2025-02-18T03:01:19+00:00\",\"description\":\"This is an 18ft food trailer in granite gray we have customized for an Canadian customer. Get a similar or customized one at factory price now!\",\"breadcrumb\":{\"@id\":\"https:\\\/\\\/www.honlufoodtrailer.com\\\/product\\\/18ft-food-trailer-in-granite-gray\\\/#breadcrumb\"},\"inLanguage\":\"lv-LV\",\"potentialAction\":[{\"@type\":\"ReadAction\",\"target\":[\"https:\\\/\\\/www.honlufoodtrailer.com\\\/product\\\/18ft-food-trailer-in-granite-gray\\\/\"]}]},{\"@type\":\"ImageObject\",\"inLanguage\":\"lv-LV\",\"@id\":\"https:\\\/\\\/www.honlufoodtrailer.com\\\/product\\\/18ft-food-trailer-in-granite-gray\\\/#primaryimage\",\"url\":\"https:\\\/\\\/www.honlufoodtrailer.com\\\/wp-content\\\/uploads\\\/2024\\\/07\\\/5.5m-Food-Trailer-In-Granite-Gray.jpg\",\"contentUrl\":\"https:\\\/\\\/www.honlufoodtrailer.com\\\/wp-content\\\/uploads\\\/2024\\\/07\\\/5.5m-Food-Trailer-In-Granite-Gray.jpg\",\"width\":720,\"height\":540,\"caption\":\"5.5m Food Trailer In Granite Gray\"},{\"@type\":\"BreadcrumbList\",\"@id\":\"https:\\\/\\\/www.honlufoodtrailer.com\\\/product\\\/18ft-food-trailer-in-granite-gray\\\/#breadcrumb\",\"itemListElement\":[{\"@type\":\"ListItem\",\"position\":1,\"name\":\"Home\",\"item\":\"https:\\\/\\\/www.honlufoodtrailer.com\\\/\"},{\"@type\":\"ListItem\",\"position\":2,\"name\":\"\u4ea7\u54c1\",\"item\":\"https:\\\/\\\/www.honlufoodtrailer.com\\\/shop\\\/\"},{\"@type\":\"ListItem\",\"position\":3,\"name\":\"18ft Food Trailer Canada in Granite Gray\"}]},{\"@type\":\"WebSite\",\"@id\":\"https:\\\/\\\/www.honlufoodtrailer.com\\\/#website\",\"url\":\"https:\\\/\\\/www.honlufoodtrailer.com\\\/\",\"name\":\"Honlu food trailer\",\"description\":\"\",\"publisher\":{\"@id\":\"https:\\\/\\\/www.honlufoodtrailer.com\\\/#organization\"},\"potentialAction\":[{\"@type\":\"SearchAction\",\"target\":{\"@type\":\"EntryPoint\",\"urlTemplate\":\"https:\\\/\\\/www.honlufoodtrailer.com\\\/?s={search_term_string}\"},\"query-input\":{\"@type\":\"PropertyValueSpecification\",\"valueRequired\":true,\"valueName\":\"search_term_string\"}}],\"inLanguage\":\"lv-LV\"},{\"@type\":\"Organization\",\"@id\":\"https:\\\/\\\/www.honlufoodtrailer.com\\\/#organization\",\"name\":\"Honlu food trailer\",\"url\":\"https:\\\/\\\/www.honlufoodtrailer.com\\\/\",\"logo\":{\"@type\":\"ImageObject\",\"inLanguage\":\"lv-LV\",\"@id\":\"https:\\\/\\\/www.honlufoodtrailer.com\\\/#\\\/schema\\\/logo\\\/image\\\/\",\"url\":\"https:\\\/\\\/www.honlufoodtrailer.com\\\/wp-content\\\/uploads\\\/2021\\\/12\\\/2.gif\",\"contentUrl\":\"https:\\\/\\\/www.honlufoodtrailer.com\\\/wp-content\\\/uploads\\\/2021\\\/12\\\/2.gif\",\"width\":350,\"height\":100,\"caption\":\"Honlu food trailer\"},\"image\":{\"@id\":\"https:\\\/\\\/www.honlufoodtrailer.com\\\/#\\\/schema\\\/logo\\\/image\\\/\"}}]}<\/script>\n<!-- \/ Yoast SEO plugin. -->","yoast_head_json":{"title":"18 p\u0113du p\u0101rtikas piekabe gran\u012bta pel\u0113k\u0101 kr\u0101s\u0101 p\u0101rdo\u0161an\u0101 - Honlu p\u0101rtikas piekabe","description":"\u0160\u012b ir 18 p\u0113du p\u0101rtikas piekabe gran\u012bta pel\u0113k\u0101 kr\u0101s\u0101, ko esam piel\u0101goju\u0161i Kan\u0101das klientam. Ieg\u0101d\u0101jieties l\u012bdz\u012bgu vai piel\u0101gotu piekabi par r\u016bpn\u012bcas cenu jau tagad!","robots":{"index":"index","follow":"follow","max-snippet":"max-snippet:-1","max-image-preview":"max-image-preview:large","max-video-preview":"max-video-preview:-1"},"canonical":"https:\/\/www.honlufoodtrailer.com\/lv\/product\/18ft-food-trailer-in-granite-gray\/","og_locale":"lv_LV","og_type":"article","og_title":"18ft Food Trailer In Granite Gray For Sale - Honlu Food Trailer","og_description":"This is an 18ft food trailer in granite gray we have customized for an Canadian customer. Get a similar or customized one at factory price now!","og_url":"https:\/\/www.honlufoodtrailer.com\/lv\/product\/18ft-food-trailer-in-granite-gray\/","og_site_name":"Honlu food trailer","article_modified_time":"2025-02-18T03:01:19+00:00","og_image":[{"width":720,"height":540,"url":"https:\/\/www.honlufoodtrailer.com\/wp-content\/uploads\/2024\/07\/5.5m-Food-Trailer-In-Granite-Gray.jpg","type":"image\/jpeg"}],"twitter_card":"summary_large_image","twitter_misc":{"Est. reading time":"1 min\u016bte"},"schema":{"@context":"https:\/\/schema.org","@graph":[{"@type":"WebPage","@id":"https:\/\/www.honlufoodtrailer.com\/product\/18ft-food-trailer-in-granite-gray\/","url":"https:\/\/www.honlufoodtrailer.com\/product\/18ft-food-trailer-in-granite-gray\/","name":"18 p\u0113du p\u0101rtikas piekabe gran\u012bta pel\u0113k\u0101 kr\u0101s\u0101 p\u0101rdo\u0161an\u0101 - Honlu p\u0101rtikas piekabe","isPartOf":{"@id":"https:\/\/www.honlufoodtrailer.com\/#website"},"primaryImageOfPage":{"@id":"https:\/\/www.honlufoodtrailer.com\/product\/18ft-food-trailer-in-granite-gray\/#primaryimage"},"image":{"@id":"https:\/\/www.honlufoodtrailer.com\/product\/18ft-food-trailer-in-granite-gray\/#primaryimage"},"thumbnailUrl":"https:\/\/www.honlufoodtrailer.com\/wp-content\/uploads\/2024\/07\/5.5m-Food-Trailer-In-Granite-Gray.jpg","datePublished":"2024-07-10T10:07:05+00:00","dateModified":"2025-02-18T03:01:19+00:00","description":"\u0160\u012b ir 18 p\u0113du p\u0101rtikas piekabe gran\u012bta pel\u0113k\u0101 kr\u0101s\u0101, ko esam piel\u0101goju\u0161i Kan\u0101das klientam. Ieg\u0101d\u0101jieties l\u012bdz\u012bgu vai piel\u0101gotu piekabi par r\u016bpn\u012bcas cenu jau tagad!","breadcrumb":{"@id":"https:\/\/www.honlufoodtrailer.com\/product\/18ft-food-trailer-in-granite-gray\/#breadcrumb"},"inLanguage":"lv-LV","potentialAction":[{"@type":"ReadAction","target":["https:\/\/www.honlufoodtrailer.com\/product\/18ft-food-trailer-in-granite-gray\/"]}]},{"@type":"ImageObject","inLanguage":"lv-LV","@id":"https:\/\/www.honlufoodtrailer.com\/product\/18ft-food-trailer-in-granite-gray\/#primaryimage","url":"https:\/\/www.honlufoodtrailer.com\/wp-content\/uploads\/2024\/07\/5.5m-Food-Trailer-In-Granite-Gray.jpg","contentUrl":"https:\/\/www.honlufoodtrailer.com\/wp-content\/uploads\/2024\/07\/5.5m-Food-Trailer-In-Granite-Gray.jpg","width":720,"height":540,"caption":"5.5m Food Trailer In Granite Gray"},{"@type":"BreadcrumbList","@id":"https:\/\/www.honlufoodtrailer.com\/product\/18ft-food-trailer-in-granite-gray\/#breadcrumb","itemListElement":[{"@type":"ListItem","position":1,"name":"Home","item":"https:\/\/www.honlufoodtrailer.com\/"},{"@type":"ListItem","position":2,"name":"\u4ea7\u54c1","item":"https:\/\/www.honlufoodtrailer.com\/shop\/"},{"@type":"ListItem","position":3,"name":"18ft Food Trailer Canada in Granite Gray"}]},{"@type":"WebSite","@id":"https:\/\/www.honlufoodtrailer.com\/#website","url":"https:\/\/www.honlufoodtrailer.com\/","name":"Honlu p\u0101rtikas piekabe","description":"","publisher":{"@id":"https:\/\/www.honlufoodtrailer.com\/#organization"},"potentialAction":[{"@type":"SearchAction","target":{"@type":"EntryPoint","urlTemplate":"https:\/\/www.honlufoodtrailer.com\/?s={search_term_string}"},"query-input":{"@type":"PropertyValueSpecification","valueRequired":true,"valueName":"search_term_string"}}],"inLanguage":"lv-LV"},{"@type":"Organization","@id":"https:\/\/www.honlufoodtrailer.com\/#organization","name":"Honlu p\u0101rtikas piekabe","url":"https:\/\/www.honlufoodtrailer.com\/","logo":{"@type":"ImageObject","inLanguage":"lv-LV","@id":"https:\/\/www.honlufoodtrailer.com\/#\/schema\/logo\/image\/","url":"https:\/\/www.honlufoodtrailer.com\/wp-content\/uploads\/2021\/12\/2.gif","contentUrl":"https:\/\/www.honlufoodtrailer.com\/wp-content\/uploads\/2021\/12\/2.gif","width":350,"height":100,"caption":"Honlu food trailer"},"image":{"@id":"https:\/\/www.honlufoodtrailer.com\/#\/schema\/logo\/image\/"}}]}},"_links":{"self":[{"href":"https:\/\/www.honlufoodtrailer.com\/lv\/wp-json\/wp\/v2\/product\/8009","targetHints":{"allow":["GET"]}}],"collection":[{"href":"https:\/\/www.honlufoodtrailer.com\/lv\/wp-json\/wp\/v2\/product"}],"about":[{"href":"https:\/\/www.honlufoodtrailer.com\/lv\/wp-json\/wp\/v2\/types\/product"}],"version-history":[{"count":0,"href":"https:\/\/www.honlufoodtrailer.com\/lv\/wp-json\/wp\/v2\/product\/8009\/revisions"}],"wp:featuredmedia":[{"embeddable":true,"href":"https:\/\/www.honlufoodtrailer.com\/lv\/wp-json\/wp\/v2\/media\/8010"}],"wp:attachment":[{"href":"https:\/\/www.honlufoodtrailer.com\/lv\/wp-json\/wp\/v2\/media?parent=8009"}],"wp:term":[{"taxonomy":"product_brand","embeddable":true,"href":"https:\/\/www.honlufoodtrailer.com\/lv\/wp-json\/wp\/v2\/product_brand?post=8009"},{"taxonomy":"product_cat","embeddable":true,"href":"https:\/\/www.honlufoodtrailer.com\/lv\/wp-json\/wp\/v2\/product_cat?post=8009"},{"taxonomy":"product_tag","embeddable":true,"href":"https:\/\/www.honlufoodtrailer.com\/lv\/wp-json\/wp\/v2\/product_tag?post=8009"}],"curies":[{"name":"wp","href":"https:\/\/api.w.org\/{rel}","templated":true}]}}