{"id":8063,"date":"2024-07-16T17:34:09","date_gmt":"2024-07-16T09:34:09","guid":{"rendered":"https:\/\/www.honlufoodtrailer.com\/?post_type=product&#038;p=8063"},"modified":"2025-02-14T14:40:35","modified_gmt":"2025-02-14T06:40:35","slug":"5-7m-mobile-catering-trailer-for-events","status":"publish","type":"product","link":"https:\/\/www.honlufoodtrailer.com\/lv\/product\/5-7m-mobile-catering-trailer-for-events\/","title":{"rendered":"5,7 m mobil\u0101 \u0113din\u0101\u0161anas piekabe pas\u0101kumiem"},"content":{"rendered":"<p>Vai esat k\u0101dreiz dom\u0101ju\u0161i par pe\u013c\u0146as g\u016b\u0161anu ar mobilo \u0113din\u0101\u0161anas piekabi? T\u0101 ir laba ideja. Apskatiet \u0161o mobilo \u0113din\u0101\u0161anas piekabi pas\u0101kumiem, ko esam piel\u0101goju\u0161i vienam no m\u016bsu klientiem no Amerikas Savienotaj\u0101m Valst\u012bm \u0161eit! M\u0113s varam izgatavot l\u012bdz\u012bgu \u0113din\u0101\u0161anas piekabi k\u0101 \u0161\u012b vai piel\u0101got to jums. \u0112din\u0101\u0161anas piekabes virsb\u016bves kr\u0101su, uzl\u012bmes, izk\u0101rtnes un virtuves apr\u012bkojumu var piel\u0101got. Vienk\u0101r\u0161i sazinieties ar mums un past\u0101stiet mums savas detaliz\u0113t\u0101s pras\u012bbas. Tagad apskat\u012bsim da\u017eus \u0161\u012bs \u0113din\u0101\u0161anas piekabes att\u0113lus!<\/p>\n<p><img fetchpriority=\"high\" decoding=\"async\" class=\"aligncenter size-full wp-image-8071\" src=\"https:\/\/www.honlufoodtrailer.com\/wp-content\/uploads\/2024\/07\/5.7m-food-catering-trailer.jpg\" alt=\"5,7 m p\u0101rtikas \u0113din\u0101\u0161anas piekabe\" width=\"720\" height=\"540\" srcset=\"https:\/\/www.honlufoodtrailer.com\/wp-content\/uploads\/2024\/07\/5.7m-food-catering-trailer.jpg 720w, https:\/\/www.honlufoodtrailer.com\/wp-content\/uploads\/2024\/07\/5.7m-food-catering-trailer-480x360.jpg 480w, https:\/\/www.honlufoodtrailer.com\/wp-content\/uploads\/2024\/07\/5.7m-food-catering-trailer-300x225.jpg 300w\" sizes=\"(max-width: 720px) 100vw, 720px\" \/> <img decoding=\"async\" class=\"aligncenter size-full wp-image-8068\" src=\"https:\/\/www.honlufoodtrailer.com\/wp-content\/uploads\/2024\/07\/5.7m-catering-trailer-for-party.jpg\" alt=\"5,7 m \u0113din\u0101\u0161anas piekabe ball\u012bt\u0113m\" width=\"720\" height=\"540\" srcset=\"https:\/\/www.honlufoodtrailer.com\/wp-content\/uploads\/2024\/07\/5.7m-catering-trailer-for-party.jpg 720w, https:\/\/www.honlufoodtrailer.com\/wp-content\/uploads\/2024\/07\/5.7m-catering-trailer-for-party-480x360.jpg 480w, https:\/\/www.honlufoodtrailer.com\/wp-content\/uploads\/2024\/07\/5.7m-catering-trailer-for-party-300x225.jpg 300w\" sizes=\"(max-width: 720px) 100vw, 720px\" \/><\/p>\n<p>Vai v\u0113laties uzs\u0101kt savu mobilo \u0113din\u0101\u0161anas p\u0101rtikas piekabju biznesu? Vai v\u0113laties uzs\u0101kt mazu biznesu? Tad apsveriet iesp\u0113ju ieguld\u012bt \u0161aj\u0101 18 p\u0113du mobilaj\u0101 \u0113din\u0101\u0161anas piekab\u0113. M\u016bsdien\u0101s veiksm\u012bgi restor\u0101nu \u012bpa\u0161nieki papla\u0161ina savus restor\u0101nus ar s\u0113dviet\u0101m, pied\u0101v\u0101jot mobilos restor\u0101nus daudzu iemeslu d\u0113\u013c, piem\u0113ram, zem\u0101ku s\u0101kuma izmaksu, zem\u0101ku p\u0101rvald\u012bbas izmaksu un vair\u0101k rekl\u0101mas. \u0160\u0101da veida p\u0101rtikas piekabe var pal\u012bdz\u0113t j\u016bsu uz\u0146\u0113mumam g\u016bt pan\u0101kumus. Tagad \u013caujiet man par\u0101d\u012bt jums s\u012bk\u0101ku inform\u0101ciju par \u0161o \u0113din\u0101\u0161anas p\u0101rtikas piekabi.<\/p>\n<h3>S\u012bk\u0101ka inform\u0101cija par \u0161o mobilo \u0113din\u0101\u0161anas p\u0101rtikas piekabi<\/h3>\n<p><img decoding=\"async\" class=\"aligncenter size-full wp-image-8075\" src=\"https:\/\/www.honlufoodtrailer.com\/wp-content\/uploads\/2024\/07\/5.7m-Mobile-Catering-Trailer-Details.jpg\" alt=\"5,7 m mobil\u0101s \u0113din\u0101\u0161anas piekabes deta\u013cas\" width=\"800\" height=\"800\" srcset=\"https:\/\/www.honlufoodtrailer.com\/wp-content\/uploads\/2024\/07\/5.7m-Mobile-Catering-Trailer-Details.jpg 800w, https:\/\/www.honlufoodtrailer.com\/wp-content\/uploads\/2024\/07\/5.7m-Mobile-Catering-Trailer-Details-768x768.jpg 768w, https:\/\/www.honlufoodtrailer.com\/wp-content\/uploads\/2024\/07\/5.7m-Mobile-Catering-Trailer-Details-360x360.jpg 360w, https:\/\/www.honlufoodtrailer.com\/wp-content\/uploads\/2024\/07\/5.7m-Mobile-Catering-Trailer-Details-300x300.jpg 300w, https:\/\/www.honlufoodtrailer.com\/wp-content\/uploads\/2024\/07\/5.7m-Mobile-Catering-Trailer-Details-720x720.jpg 720w, https:\/\/www.honlufoodtrailer.com\/wp-content\/uploads\/2024\/07\/5.7m-Mobile-Catering-Trailer-Details-100x100.jpg 100w\" sizes=\"(max-width: 800px) 100vw, 800px\" \/><\/p>\n<p>&nbsp;<\/p>\n<p>K\u0101 redzams att\u0113l\u0101 iepriek\u0161, m\u0113s esam apr\u012bkoju\u0161i \u0161o 18 p\u0113du (18 p\u0113du) \u0113din\u0101\u0161anas \u0101tr\u0101s \u0113din\u0101\u0161anas piekabi ar da\u017e\u0101m pamata virtuves iek\u0101rt\u0101m. Galvenok\u0101rt taj\u0101 ir t\u0101das virtuves iek\u0101rtas k\u0101 izlietnes, darba galds, tvaika nos\u016bc\u0113js utt. M\u016bsu klients pievienos ar\u012b da\u017eas citas nepiecie\u0161am\u0101s rezerves da\u013cas.<\/p>\n<p>P\u0101rtikas piekabes var saukt ar\u012b par p\u0101rtikas rati\u0146iem, p\u0101rtikas furgoniem, p\u0101rtikas kravas automa\u0161\u012bn\u0101m utt. T\u0101s var izmantot \u0101tr\u0101s \u0113din\u0101\u0161anas, uzkodu, av\u012b\u017eu, gr\u0101matu utt. p\u0101rdo\u0161anai. T\u0101s sast\u0101v no \u0161asijas, virsb\u016bves, gr\u012bdas, darba galda, \u016bdens sist\u0113mas un elektrisk\u0101s sist\u0113mas. Lietot\u0101ji var izv\u0113l\u0113ties ar\u012b v\u0113lamo kr\u0101su. Ja klienti v\u0113las, m\u0113s labpr\u0101t ieg\u0101d\u0101tos cita veida apr\u012bkojumu.<\/p>\n<p><img loading=\"lazy\" decoding=\"async\" class=\"aligncenter size-full wp-image-8069\" src=\"https:\/\/www.honlufoodtrailer.com\/wp-content\/uploads\/2024\/07\/5.7m-catering-trailer-for-rental.jpg\" alt=\"5,7 m \u0113din\u0101\u0161anas piekabe nomai\" width=\"720\" height=\"540\" srcset=\"https:\/\/www.honlufoodtrailer.com\/wp-content\/uploads\/2024\/07\/5.7m-catering-trailer-for-rental.jpg 720w, https:\/\/www.honlufoodtrailer.com\/wp-content\/uploads\/2024\/07\/5.7m-catering-trailer-for-rental-480x360.jpg 480w, https:\/\/www.honlufoodtrailer.com\/wp-content\/uploads\/2024\/07\/5.7m-catering-trailer-for-rental-300x225.jpg 300w\" sizes=\"(max-width: 720px) 100vw, 720px\" \/><\/p>\n<h3>Piel\u0101got\u0101s \u0113din\u0101\u0161anas piekabes p\u0101rdo\u0161an\u0101 galven\u0101s iez\u012bmes<\/h3>\n<ol>\n<li>L\u0113ts un videi draudz\u012bgs, bez d\u016bmiem un trok\u0161\u0146a, viegli p\u0101rvietojams uz jebkuru vietu<\/li>\n<li>To var izmantot daudzus gadus un tas nerad\u012bs atkritumus, un tas ir daudz piem\u0113rots m\u016bsdienu dz\u012bvei.<\/li>\n<li>Tas ir \u0113rti un vienk\u0101r\u0161i iekrau\u0161anai un transport\u0113\u0161anai, jo dizains ir unik\u0101ls un individu\u0101ls.<\/li>\n<li>Galvenais materi\u0101ls ir ner\u016bs\u0113jo\u0161ais t\u0113rauds, un plakan\u0101 forma (galds) ner\u016bs\u0113s.<\/li>\n<li>Tam ir karstumiztur\u012bba, augsta iztur\u012bba, augsta kr\u0101su notur\u012bba, nav deform\u0101cijas, \u016bdensiztur\u012bba un ilgs kalpo\u0161anas laiks.<\/li>\n<\/ol>\n<h3>Galven\u0101 priek\u0161roc\u012bba:<\/h3>\n<ol>\n<li>Zemas izmaksas un videi draudz\u012bgs;<\/li>\n<li>Viegli p\u0101rvietoties uz jebkuru vietu (j\u016bsu bizness nav ierobe\u017eots);<\/li>\n<li>Unik\u0101la forma (neredzama, lai piesaist\u012btu vair\u0101k klientu);<\/li>\n<li>Ilgs kalpo\u0161anas laiks (korozijiztur\u012bgs, karstumiztur\u012bgs, \u016bdensnecaurlaid\u012bgs, bez deform\u0101cijas).<\/li>\n<\/ol>","protected":false},"excerpt":{"rendered":"<p>\u0160\u012b ir viena no m\u016bsu p\u0101rdo\u0161an\u0101 eso\u0161aj\u0101m p\u0113c pas\u016bt\u012bjuma izgatavotaj\u0101m 5,7 m \u0113din\u0101\u0161anas piekab\u0113m. Parasti tas ir v\u0113lamais modelis mobilo \u0113din\u0101\u0161anas piekabju biznesa uzs\u0101k\u0161anai. M\u016bsu klienti galvenok\u0101rt izmanto \u0161o mobilo \u0113din\u0101\u0161anas piekabi \u0113din\u0101\u0161anas pakalpojumu snieg\u0161anai ball\u012bt\u0113m, pas\u0101kumiem un nomai. Vai interes\u0113 l\u012bdz\u012bga \u0113din\u0101\u0161anas p\u0101rtikas piekabe? Nevilcinieties sazin\u0101ties ar mums!<\/p>","protected":false},"featured_media":8068,"template":"","meta":{"_themeisle_gutenberg_block_has_review":false},"product_brand":[],"product_cat":[26],"product_tag":[86,78,33,60,61,38],"class_list":{"0":"post-8063","1":"product","2":"type-product","3":"status-publish","4":"has-post-thumbnail","6":"product_cat-product","7":"product_tag-18-7ft-food-trailer","8":"product_tag-catering-trailer","9":"product_tag-customized-trailer","10":"product_tag-fast-food-trailer","11":"product_tag-fast-food-trailer-for-sale","12":"product_tag-mobile-food-trailer","14":"first","15":"instock","16":"shipping-taxable","17":"product-type-simple"},"yoast_head":"<!-- This site is optimized with the Yoast SEO plugin v27.6 - https:\/\/yoast.com\/product\/yoast-seo-wordpress\/ -->\n<title>Factory Price Mobile Catering Trailer For Sale - Honlu Food Trailer<\/title>\n<meta name=\"description\" content=\"Looking for a mobile catering trailer for sale? Get a similar or customized one at a reasonable price now! Be your own boss today!\" \/>\n<meta name=\"robots\" content=\"index, follow, max-snippet:-1, max-image-preview:large, max-video-preview:-1\" \/>\n<link rel=\"canonical\" href=\"https:\/\/www.honlufoodtrailer.com\/lv\/product\/5-7m-mobile-catering-trailer-for-events\/\" \/>\n<meta property=\"og:locale\" content=\"lv_LV\" \/>\n<meta property=\"og:type\" content=\"article\" \/>\n<meta property=\"og:title\" content=\"Factory Price Mobile Catering Trailer For Sale - Honlu Food Trailer\" \/>\n<meta property=\"og:description\" content=\"Looking for a mobile catering trailer for sale? Get a similar or customized one at a reasonable price now! Be your own boss today!\" \/>\n<meta property=\"og:url\" content=\"https:\/\/www.honlufoodtrailer.com\/lv\/product\/5-7m-mobile-catering-trailer-for-events\/\" \/>\n<meta property=\"og:site_name\" content=\"Honlu food trailer\" \/>\n<meta property=\"article:modified_time\" content=\"2025-02-14T06:40:35+00:00\" \/>\n<meta property=\"og:image\" content=\"https:\/\/www.honlufoodtrailer.com\/wp-content\/uploads\/2024\/07\/5.7m-catering-trailer-for-party.jpg\" \/>\n\t<meta property=\"og:image:width\" content=\"720\" \/>\n\t<meta property=\"og:image:height\" content=\"540\" \/>\n\t<meta property=\"og:image:type\" content=\"image\/jpeg\" \/>\n<meta name=\"twitter:card\" content=\"summary_large_image\" \/>\n<meta name=\"twitter:label1\" content=\"Est. reading time\" \/>\n\t<meta name=\"twitter:data1\" content=\"1 min\u016bte\" \/>\n<script type=\"application\/ld+json\" class=\"yoast-schema-graph\">{\"@context\":\"https:\\\/\\\/schema.org\",\"@graph\":[{\"@type\":\"WebPage\",\"@id\":\"https:\\\/\\\/www.honlufoodtrailer.com\\\/product\\\/5-7m-mobile-catering-trailer-for-events\\\/\",\"url\":\"https:\\\/\\\/www.honlufoodtrailer.com\\\/product\\\/5-7m-mobile-catering-trailer-for-events\\\/\",\"name\":\"Factory Price Mobile Catering Trailer For Sale - Honlu Food Trailer\",\"isPartOf\":{\"@id\":\"https:\\\/\\\/www.honlufoodtrailer.com\\\/#website\"},\"primaryImageOfPage\":{\"@id\":\"https:\\\/\\\/www.honlufoodtrailer.com\\\/product\\\/5-7m-mobile-catering-trailer-for-events\\\/#primaryimage\"},\"image\":{\"@id\":\"https:\\\/\\\/www.honlufoodtrailer.com\\\/product\\\/5-7m-mobile-catering-trailer-for-events\\\/#primaryimage\"},\"thumbnailUrl\":\"https:\\\/\\\/www.honlufoodtrailer.com\\\/wp-content\\\/uploads\\\/2024\\\/07\\\/5.7m-catering-trailer-for-party.jpg\",\"datePublished\":\"2024-07-16T09:34:09+00:00\",\"dateModified\":\"2025-02-14T06:40:35+00:00\",\"description\":\"Looking for a mobile catering trailer for sale? Get a similar or customized one at a reasonable price now! Be your own boss today!\",\"breadcrumb\":{\"@id\":\"https:\\\/\\\/www.honlufoodtrailer.com\\\/product\\\/5-7m-mobile-catering-trailer-for-events\\\/#breadcrumb\"},\"inLanguage\":\"lv-LV\",\"potentialAction\":[{\"@type\":\"ReadAction\",\"target\":[\"https:\\\/\\\/www.honlufoodtrailer.com\\\/product\\\/5-7m-mobile-catering-trailer-for-events\\\/\"]}]},{\"@type\":\"ImageObject\",\"inLanguage\":\"lv-LV\",\"@id\":\"https:\\\/\\\/www.honlufoodtrailer.com\\\/product\\\/5-7m-mobile-catering-trailer-for-events\\\/#primaryimage\",\"url\":\"https:\\\/\\\/www.honlufoodtrailer.com\\\/wp-content\\\/uploads\\\/2024\\\/07\\\/5.7m-catering-trailer-for-party.jpg\",\"contentUrl\":\"https:\\\/\\\/www.honlufoodtrailer.com\\\/wp-content\\\/uploads\\\/2024\\\/07\\\/5.7m-catering-trailer-for-party.jpg\",\"width\":720,\"height\":540,\"caption\":\"5.7m catering trailer for party\"},{\"@type\":\"BreadcrumbList\",\"@id\":\"https:\\\/\\\/www.honlufoodtrailer.com\\\/product\\\/5-7m-mobile-catering-trailer-for-events\\\/#breadcrumb\",\"itemListElement\":[{\"@type\":\"ListItem\",\"position\":1,\"name\":\"Home\",\"item\":\"https:\\\/\\\/www.honlufoodtrailer.com\\\/\"},{\"@type\":\"ListItem\",\"position\":2,\"name\":\"\u4ea7\u54c1\",\"item\":\"https:\\\/\\\/www.honlufoodtrailer.com\\\/shop\\\/\"},{\"@type\":\"ListItem\",\"position\":3,\"name\":\"5.7m Mobile Catering Trailer for Events\"}]},{\"@type\":\"WebSite\",\"@id\":\"https:\\\/\\\/www.honlufoodtrailer.com\\\/#website\",\"url\":\"https:\\\/\\\/www.honlufoodtrailer.com\\\/\",\"name\":\"Honlu food trailer\",\"description\":\"\",\"publisher\":{\"@id\":\"https:\\\/\\\/www.honlufoodtrailer.com\\\/#organization\"},\"potentialAction\":[{\"@type\":\"SearchAction\",\"target\":{\"@type\":\"EntryPoint\",\"urlTemplate\":\"https:\\\/\\\/www.honlufoodtrailer.com\\\/?s={search_term_string}\"},\"query-input\":{\"@type\":\"PropertyValueSpecification\",\"valueRequired\":true,\"valueName\":\"search_term_string\"}}],\"inLanguage\":\"lv-LV\"},{\"@type\":\"Organization\",\"@id\":\"https:\\\/\\\/www.honlufoodtrailer.com\\\/#organization\",\"name\":\"Honlu food trailer\",\"url\":\"https:\\\/\\\/www.honlufoodtrailer.com\\\/\",\"logo\":{\"@type\":\"ImageObject\",\"inLanguage\":\"lv-LV\",\"@id\":\"https:\\\/\\\/www.honlufoodtrailer.com\\\/#\\\/schema\\\/logo\\\/image\\\/\",\"url\":\"https:\\\/\\\/www.honlufoodtrailer.com\\\/wp-content\\\/uploads\\\/2021\\\/12\\\/2.gif\",\"contentUrl\":\"https:\\\/\\\/www.honlufoodtrailer.com\\\/wp-content\\\/uploads\\\/2021\\\/12\\\/2.gif\",\"width\":350,\"height\":100,\"caption\":\"Honlu food trailer\"},\"image\":{\"@id\":\"https:\\\/\\\/www.honlufoodtrailer.com\\\/#\\\/schema\\\/logo\\\/image\\\/\"}}]}<\/script>\n<!-- \/ Yoast SEO plugin. -->","yoast_head_json":{"title":"P\u0101rvietojama \u0113din\u0101\u0161anas piekabe p\u0101rdo\u0161an\u0101 par r\u016bpn\u012bcas cenu - Honlu p\u0101rtikas piekabe","description":"Mekl\u0113jat mobilo \u0113din\u0101\u0161anas piekabi p\u0101rdo\u0161anai? Ieg\u0101d\u0101jieties l\u012bdz\u012bgu vai piel\u0101gotu par sapr\u0101t\u012bgu cenu jau tagad! K\u013c\u016bstiet par savu priek\u0161nieku jau \u0161odien!","robots":{"index":"index","follow":"follow","max-snippet":"max-snippet:-1","max-image-preview":"max-image-preview:large","max-video-preview":"max-video-preview:-1"},"canonical":"https:\/\/www.honlufoodtrailer.com\/lv\/product\/5-7m-mobile-catering-trailer-for-events\/","og_locale":"lv_LV","og_type":"article","og_title":"Factory Price Mobile Catering Trailer For Sale - Honlu Food Trailer","og_description":"Looking for a mobile catering trailer for sale? Get a similar or customized one at a reasonable price now! Be your own boss today!","og_url":"https:\/\/www.honlufoodtrailer.com\/lv\/product\/5-7m-mobile-catering-trailer-for-events\/","og_site_name":"Honlu food trailer","article_modified_time":"2025-02-14T06:40:35+00:00","og_image":[{"width":720,"height":540,"url":"https:\/\/www.honlufoodtrailer.com\/wp-content\/uploads\/2024\/07\/5.7m-catering-trailer-for-party.jpg","type":"image\/jpeg"}],"twitter_card":"summary_large_image","twitter_misc":{"Est. reading time":"1 min\u016bte"},"schema":{"@context":"https:\/\/schema.org","@graph":[{"@type":"WebPage","@id":"https:\/\/www.honlufoodtrailer.com\/product\/5-7m-mobile-catering-trailer-for-events\/","url":"https:\/\/www.honlufoodtrailer.com\/product\/5-7m-mobile-catering-trailer-for-events\/","name":"P\u0101rvietojama \u0113din\u0101\u0161anas piekabe p\u0101rdo\u0161an\u0101 par r\u016bpn\u012bcas cenu - Honlu p\u0101rtikas piekabe","isPartOf":{"@id":"https:\/\/www.honlufoodtrailer.com\/#website"},"primaryImageOfPage":{"@id":"https:\/\/www.honlufoodtrailer.com\/product\/5-7m-mobile-catering-trailer-for-events\/#primaryimage"},"image":{"@id":"https:\/\/www.honlufoodtrailer.com\/product\/5-7m-mobile-catering-trailer-for-events\/#primaryimage"},"thumbnailUrl":"https:\/\/www.honlufoodtrailer.com\/wp-content\/uploads\/2024\/07\/5.7m-catering-trailer-for-party.jpg","datePublished":"2024-07-16T09:34:09+00:00","dateModified":"2025-02-14T06:40:35+00:00","description":"Mekl\u0113jat mobilo \u0113din\u0101\u0161anas piekabi p\u0101rdo\u0161anai? Ieg\u0101d\u0101jieties l\u012bdz\u012bgu vai piel\u0101gotu par sapr\u0101t\u012bgu cenu jau tagad! K\u013c\u016bstiet par savu priek\u0161nieku jau \u0161odien!","breadcrumb":{"@id":"https:\/\/www.honlufoodtrailer.com\/product\/5-7m-mobile-catering-trailer-for-events\/#breadcrumb"},"inLanguage":"lv-LV","potentialAction":[{"@type":"ReadAction","target":["https:\/\/www.honlufoodtrailer.com\/product\/5-7m-mobile-catering-trailer-for-events\/"]}]},{"@type":"ImageObject","inLanguage":"lv-LV","@id":"https:\/\/www.honlufoodtrailer.com\/product\/5-7m-mobile-catering-trailer-for-events\/#primaryimage","url":"https:\/\/www.honlufoodtrailer.com\/wp-content\/uploads\/2024\/07\/5.7m-catering-trailer-for-party.jpg","contentUrl":"https:\/\/www.honlufoodtrailer.com\/wp-content\/uploads\/2024\/07\/5.7m-catering-trailer-for-party.jpg","width":720,"height":540,"caption":"5.7m catering trailer for party"},{"@type":"BreadcrumbList","@id":"https:\/\/www.honlufoodtrailer.com\/product\/5-7m-mobile-catering-trailer-for-events\/#breadcrumb","itemListElement":[{"@type":"ListItem","position":1,"name":"Home","item":"https:\/\/www.honlufoodtrailer.com\/"},{"@type":"ListItem","position":2,"name":"\u4ea7\u54c1","item":"https:\/\/www.honlufoodtrailer.com\/shop\/"},{"@type":"ListItem","position":3,"name":"5.7m Mobile Catering Trailer for Events"}]},{"@type":"WebSite","@id":"https:\/\/www.honlufoodtrailer.com\/#website","url":"https:\/\/www.honlufoodtrailer.com\/","name":"Honlu p\u0101rtikas piekabe","description":"","publisher":{"@id":"https:\/\/www.honlufoodtrailer.com\/#organization"},"potentialAction":[{"@type":"SearchAction","target":{"@type":"EntryPoint","urlTemplate":"https:\/\/www.honlufoodtrailer.com\/?s={search_term_string}"},"query-input":{"@type":"PropertyValueSpecification","valueRequired":true,"valueName":"search_term_string"}}],"inLanguage":"lv-LV"},{"@type":"Organization","@id":"https:\/\/www.honlufoodtrailer.com\/#organization","name":"Honlu p\u0101rtikas piekabe","url":"https:\/\/www.honlufoodtrailer.com\/","logo":{"@type":"ImageObject","inLanguage":"lv-LV","@id":"https:\/\/www.honlufoodtrailer.com\/#\/schema\/logo\/image\/","url":"https:\/\/www.honlufoodtrailer.com\/wp-content\/uploads\/2021\/12\/2.gif","contentUrl":"https:\/\/www.honlufoodtrailer.com\/wp-content\/uploads\/2021\/12\/2.gif","width":350,"height":100,"caption":"Honlu food trailer"},"image":{"@id":"https:\/\/www.honlufoodtrailer.com\/#\/schema\/logo\/image\/"}}]}},"_links":{"self":[{"href":"https:\/\/www.honlufoodtrailer.com\/lv\/wp-json\/wp\/v2\/product\/8063","targetHints":{"allow":["GET"]}}],"collection":[{"href":"https:\/\/www.honlufoodtrailer.com\/lv\/wp-json\/wp\/v2\/product"}],"about":[{"href":"https:\/\/www.honlufoodtrailer.com\/lv\/wp-json\/wp\/v2\/types\/product"}],"version-history":[{"count":0,"href":"https:\/\/www.honlufoodtrailer.com\/lv\/wp-json\/wp\/v2\/product\/8063\/revisions"}],"wp:featuredmedia":[{"embeddable":true,"href":"https:\/\/www.honlufoodtrailer.com\/lv\/wp-json\/wp\/v2\/media\/8068"}],"wp:attachment":[{"href":"https:\/\/www.honlufoodtrailer.com\/lv\/wp-json\/wp\/v2\/media?parent=8063"}],"wp:term":[{"taxonomy":"product_brand","embeddable":true,"href":"https:\/\/www.honlufoodtrailer.com\/lv\/wp-json\/wp\/v2\/product_brand?post=8063"},{"taxonomy":"product_cat","embeddable":true,"href":"https:\/\/www.honlufoodtrailer.com\/lv\/wp-json\/wp\/v2\/product_cat?post=8063"},{"taxonomy":"product_tag","embeddable":true,"href":"https:\/\/www.honlufoodtrailer.com\/lv\/wp-json\/wp\/v2\/product_tag?post=8063"}],"curies":[{"name":"wp","href":"https:\/\/api.w.org\/{rel}","templated":true}]}}