{"id":8114,"date":"2024-07-24T17:43:16","date_gmt":"2024-07-24T09:43:16","guid":{"rendered":"https:\/\/www.honlufoodtrailer.com\/?post_type=product&#038;p=8114"},"modified":"2025-02-14T14:33:00","modified_gmt":"2025-02-14T06:33:00","slug":"18ft-shipping-container-restaurant","status":"publish","type":"product","link":"https:\/\/www.honlufoodtrailer.com\/lv\/product\/18ft-shipping-container-restaurant\/","title":{"rendered":"18\u00a0ft s\u016bt\u012bjumu konteineru restor\u0101ns ar koka l\u012bst\u0113m"},"content":{"rendered":"<p>Vai mekl\u0113jat p\u0101rvad\u0101\u0161anas konteineru restor\u0101nu? Skatiet \u0161o 18\u00a0p\u0113du konteineru restor\u0101nu, ko esam piel\u0101goju\u0161i vienam no m\u016bsu klientiem.\u00a0 Lieliska iesp\u0113ja komerci\u0101lai virtuvei! T\u0101s izmaksas ir maz\u0101kas nek\u0101 parastai komerci\u0101lai virtuvei. Apskatiet \u0161o komerci\u0101lo virtuvi, kas veidota no 18\u00a0p\u0113du p\u0101rvad\u0101\u0161anas konteinera. Varat iedom\u0101ties, ka \u0161\u012b konteinera p\u0101rtikas piekabe b\u016bs \u013coti pievilc\u012bga p\u016bl\u012b. Tagad apskat\u012bsim s\u012bk\u0101ku inform\u0101ciju par \u0161o konteineru restor\u0101nu!<\/p>\n<p><img fetchpriority=\"high\" decoding=\"async\" class=\"aligncenter size-full wp-image-8121\" src=\"https:\/\/www.honlufoodtrailer.com\/wp-content\/uploads\/2024\/07\/18ft-container-restaurant.jpg\" alt=\"18 p\u0113du konteineru restor\u0101ns\" width=\"720\" height=\"540\" srcset=\"https:\/\/www.honlufoodtrailer.com\/wp-content\/uploads\/2024\/07\/18ft-container-restaurant.jpg 720w, https:\/\/www.honlufoodtrailer.com\/wp-content\/uploads\/2024\/07\/18ft-container-restaurant-480x360.jpg 480w, https:\/\/www.honlufoodtrailer.com\/wp-content\/uploads\/2024\/07\/18ft-container-restaurant-300x225.jpg 300w\" sizes=\"(max-width: 720px) 100vw, 720px\" \/> <img decoding=\"async\" class=\"aligncenter size-full wp-image-8117\" src=\"https:\/\/www.honlufoodtrailer.com\/wp-content\/uploads\/2024\/07\/18ft-container-restaurant-for-sale.jpg\" alt=\"P\u0101rdod 18 p\u0113du konteineru restor\u0101nu\" width=\"720\" height=\"540\" srcset=\"https:\/\/www.honlufoodtrailer.com\/wp-content\/uploads\/2024\/07\/18ft-container-restaurant-for-sale.jpg 720w, https:\/\/www.honlufoodtrailer.com\/wp-content\/uploads\/2024\/07\/18ft-container-restaurant-for-sale-480x360.jpg 480w, https:\/\/www.honlufoodtrailer.com\/wp-content\/uploads\/2024\/07\/18ft-container-restaurant-for-sale-300x225.jpg 300w\" sizes=\"(max-width: 720px) 100vw, 720px\" \/><br \/>\nP\u0113c pas\u016bt\u012bt\u0101ja pras\u012bb\u0101m esam pievienoju\u0161i koka l\u012bstes konteineru restor\u0101na priek\u0161pusei. \u0160ie koka d\u0113\u013ci var kalpot k\u0101 pastiprin\u0101jums un apdare. \u0160aj\u0101 pieg\u0101des konteineru restor\u0101n\u0101 tika pied\u0101v\u0101ti da\u017e\u0101di aksesu\u0101ri, s\u0101kot no piel\u0101gotiem soliem l\u012bdz tvaika nos\u016bc\u0113jiem. Tas ir izveidots, lai apmierin\u0101tu lielus cilv\u0113kus, kuri ra\u017eo restor\u0101na kvalit\u0101tes \u0113dienu. Ier\u012bce ir veidota iztur\u012bga un dro\u0161a ar iesp\u0113ju p\u0101rvietoties, ja nepiecie\u0161ams. \u00a0T\u0101l\u0101k apskat\u012bsim t\u0101 iek\u0161\u0113jo strukt\u016bru <a href=\"https:\/\/www.honlufoodtrailer.com\/lv\/konteineru-piekabe\/\" target=\"_blank\" rel=\"noopener\">p\u0101rtikas piekabes konteiners<\/a>!<\/p>\n<h3>Iek\u0161\u0113j\u0101 inform\u0101cija par \u0161o 18\u00a0p\u0113du s\u016bt\u012bjumu konteineru restor\u0101nu ar koka l\u012bst\u0113m<\/h3>\n<p>Skatiet s\u012bk\u0101ku inform\u0101ciju par \u0161\u012b p\u0101rdo\u0161anai paredz\u0113t\u0101 konteineru restor\u0101na iek\u0161\u0113jo strukt\u016bru. K\u0101 redzat zem\u0101k eso\u0161aj\u0101 att\u0113l\u0101, m\u0113s to esam apr\u012bkoju\u0161i <a href=\"https:\/\/www.honlufoodtrailer.com\/lv\/product\/\" target=\"_blank\" rel=\"noopener\">p\u0101rtikas piekabe<\/a> ar pamata virtuves apr\u012bkojumu, piem\u0113ram, darba galdu, izlietn\u0113m, gaism\u0101m utt. M\u0113s ar\u012b esam apr\u012bkoju\u0161i \u0161o p\u0101rtikas piekabi ar gaisa kondicion\u0113t\u0101ju atbilsto\u0161i klienta pras\u012bb\u0101m. Ar \u0161o s\u016bt\u012bjumu konteineru restor\u0101nu m\u016bsu klients var\u0113s nodro\u0161in\u0101t \u0101tr\u0101s \u0113din\u0101\u0161anas pakalpojumus pusdienot\u0101jiem.<\/p>\n<p><img decoding=\"async\" class=\"aligncenter size-full wp-image-8118\" src=\"https:\/\/www.honlufoodtrailer.com\/wp-content\/uploads\/2024\/07\/18ft-container-restaurant-inner-structure.jpg\" alt=\"18 p\u0113du konteineru restor\u0101na iek\u0161\u0113j\u0101 strukt\u016bra\" width=\"720\" height=\"540\" srcset=\"https:\/\/www.honlufoodtrailer.com\/wp-content\/uploads\/2024\/07\/18ft-container-restaurant-inner-structure.jpg 720w, https:\/\/www.honlufoodtrailer.com\/wp-content\/uploads\/2024\/07\/18ft-container-restaurant-inner-structure-480x360.jpg 480w, https:\/\/www.honlufoodtrailer.com\/wp-content\/uploads\/2024\/07\/18ft-container-restaurant-inner-structure-300x225.jpg 300w\" sizes=\"(max-width: 720px) 100vw, 720px\" \/><\/p>\n<p>K\u0101 p\u0101rtikas piekabju ra\u017eot\u0101js un eksport\u0113t\u0101js ar vair\u0101k nek\u0101 10 gadu pieredzi, m\u016bsu uz\u0146\u0113mums var nodro\u0161in\u0101t klientiem visu veidu p\u0101rtikas piekabes. Neatkar\u012bgi no t\u0101, vai v\u0113laties standarta vai piel\u0101gotu piekabi, m\u0113s varam to jums izgatavot. M\u0113s varam nodro\u0161in\u0101t ne tikai piel\u0101gotas piekabes p\u0101rtikas p\u0101rdo\u0161anai, bet ar\u012b piekabes ar daudz\u0101m cit\u0101m funkcij\u0101m. Piem\u0113ram, ziedu, ap\u0123\u0113rbu p\u0101rdo\u0161anai, m\u0101jdz\u012bvnieku apkalpo\u0161anai, frizieru pakalpojumiem utt. Neatkar\u012bgi no t\u0101, vai v\u0113laties burgeru b\u0101ru vai kafijas b\u0101ru no ku\u0123niec\u012bbas konteinera, m\u0113s varam to izgatavot. Vienk\u0101r\u0161i past\u0101stiet mums savas detaliz\u0113t\u0101s pras\u012bbas, un m\u0113s nodro\u0161in\u0101sim jums piem\u0113rotu piekabi. Vienk\u0101r\u0161i atst\u0101jiet zi\u0146ojumu zem\u0101k eso\u0161aj\u0101 veidlap\u0101 vai rakstiet mums tie\u0161i WhatsApp, lai sa\u0146emtu \u0101tru atbildi!<\/p>","protected":false},"excerpt":{"rendered":"<p>\u0160is ir viens no m\u016bsu pas\u016bt\u012bjuma izgatavotajiem 18 p\u0113du p\u0101rvad\u0101\u0161anas konteineru restor\u0101niem, kas tiek p\u0101rdoti. Visp\u0101r\u012bgi run\u0101jot, daudziem klientiem tas ir v\u0113lamais modelis mobilo p\u0101rtikas piekabju biznesa uzs\u0101k\u0161anai. <strong>L\u016bdzu, noklik\u0161\u0137iniet uz t\u0101l\u0101k nor\u0101d\u012btaj\u0101m ciln\u0113m, lai skat\u012btu s\u012bk\u0101ku inform\u0101ciju par \u0161o konteineru restor\u0101nu<\/strong>. M\u0113s varam izgatavot l\u012bdz\u012bgu konteineru restor\u0101nu, piem\u0113ram, \u0161o, vai piel\u0101got to jums. L\u016bdzu, sazinieties ar mums un past\u0101stiet mums savas detaliz\u0113t\u0101s pras\u012bbas. Vienk\u0101r\u0161i nevilcinieties sazin\u0101ties ar mums!<\/p>","protected":false},"featured_media":8119,"template":"","meta":{"_themeisle_gutenberg_block_has_review":false},"product_brand":[],"product_cat":[26],"product_tag":[83,71,33,60,61,38],"class_list":{"0":"post-8114","1":"product","2":"type-product","3":"status-publish","4":"has-post-thumbnail","6":"product_cat-product","7":"product_tag-18ft-food-trailer","8":"product_tag-container-trailer","9":"product_tag-customized-trailer","10":"product_tag-fast-food-trailer","11":"product_tag-fast-food-trailer-for-sale","12":"product_tag-mobile-food-trailer","14":"first","15":"instock","16":"shipping-taxable","17":"product-type-simple"},"yoast_head":"<!-- This site is optimized with the Yoast SEO plugin v27.6 - https:\/\/yoast.com\/product\/yoast-seo-wordpress\/ -->\n<title>18ft Shipping Container Restaurant With Wooden Slats from China - Honlu<\/title>\n<meta name=\"description\" content=\"Looking for a shipping container restaurant? see this 18ft container restaurant here! Get a similar or customized one at a reasonable price now!\" \/>\n<meta name=\"robots\" content=\"index, follow, max-snippet:-1, max-image-preview:large, max-video-preview:-1\" \/>\n<link rel=\"canonical\" href=\"https:\/\/www.honlufoodtrailer.com\/lv\/product\/18ft-shipping-container-restaurant\/\" \/>\n<meta property=\"og:locale\" content=\"lv_LV\" \/>\n<meta property=\"og:type\" content=\"article\" \/>\n<meta property=\"og:title\" content=\"18ft Shipping Container Restaurant With Wooden Slats from China - Honlu\" \/>\n<meta property=\"og:description\" content=\"Looking for a shipping container restaurant? see this 18ft container restaurant here! Get a similar or customized one at a reasonable price now!\" \/>\n<meta property=\"og:url\" content=\"https:\/\/www.honlufoodtrailer.com\/lv\/product\/18ft-shipping-container-restaurant\/\" \/>\n<meta property=\"og:site_name\" content=\"Honlu food trailer\" \/>\n<meta property=\"article:modified_time\" content=\"2025-02-14T06:33:00+00:00\" \/>\n<meta property=\"og:image\" content=\"https:\/\/www.honlufoodtrailer.com\/wp-content\/uploads\/2024\/07\/18ft-container-restaurant-sale.jpg\" \/>\n\t<meta property=\"og:image:width\" content=\"720\" \/>\n\t<meta property=\"og:image:height\" content=\"540\" \/>\n\t<meta property=\"og:image:type\" content=\"image\/jpeg\" \/>\n<meta name=\"twitter:card\" content=\"summary_large_image\" \/>\n<meta name=\"twitter:label1\" content=\"Est. reading time\" \/>\n\t<meta name=\"twitter:data1\" content=\"1 min\u016bte\" \/>\n<script type=\"application\/ld+json\" class=\"yoast-schema-graph\">{\"@context\":\"https:\\\/\\\/schema.org\",\"@graph\":[{\"@type\":\"WebPage\",\"@id\":\"https:\\\/\\\/www.honlufoodtrailer.com\\\/product\\\/18ft-shipping-container-restaurant\\\/\",\"url\":\"https:\\\/\\\/www.honlufoodtrailer.com\\\/product\\\/18ft-shipping-container-restaurant\\\/\",\"name\":\"18ft Shipping Container Restaurant With Wooden Slats from China - Honlu\",\"isPartOf\":{\"@id\":\"https:\\\/\\\/www.honlufoodtrailer.com\\\/#website\"},\"primaryImageOfPage\":{\"@id\":\"https:\\\/\\\/www.honlufoodtrailer.com\\\/product\\\/18ft-shipping-container-restaurant\\\/#primaryimage\"},\"image\":{\"@id\":\"https:\\\/\\\/www.honlufoodtrailer.com\\\/product\\\/18ft-shipping-container-restaurant\\\/#primaryimage\"},\"thumbnailUrl\":\"https:\\\/\\\/www.honlufoodtrailer.com\\\/wp-content\\\/uploads\\\/2024\\\/07\\\/18ft-container-restaurant-sale.jpg\",\"datePublished\":\"2024-07-24T09:43:16+00:00\",\"dateModified\":\"2025-02-14T06:33:00+00:00\",\"description\":\"Looking for a shipping container restaurant? see this 18ft container restaurant here! Get a similar or customized one at a reasonable price now!\",\"breadcrumb\":{\"@id\":\"https:\\\/\\\/www.honlufoodtrailer.com\\\/product\\\/18ft-shipping-container-restaurant\\\/#breadcrumb\"},\"inLanguage\":\"lv-LV\",\"potentialAction\":[{\"@type\":\"ReadAction\",\"target\":[\"https:\\\/\\\/www.honlufoodtrailer.com\\\/product\\\/18ft-shipping-container-restaurant\\\/\"]}]},{\"@type\":\"ImageObject\",\"inLanguage\":\"lv-LV\",\"@id\":\"https:\\\/\\\/www.honlufoodtrailer.com\\\/product\\\/18ft-shipping-container-restaurant\\\/#primaryimage\",\"url\":\"https:\\\/\\\/www.honlufoodtrailer.com\\\/wp-content\\\/uploads\\\/2024\\\/07\\\/18ft-container-restaurant-sale.jpg\",\"contentUrl\":\"https:\\\/\\\/www.honlufoodtrailer.com\\\/wp-content\\\/uploads\\\/2024\\\/07\\\/18ft-container-restaurant-sale.jpg\",\"width\":720,\"height\":540,\"caption\":\"18ft container restaurant sale\"},{\"@type\":\"BreadcrumbList\",\"@id\":\"https:\\\/\\\/www.honlufoodtrailer.com\\\/product\\\/18ft-shipping-container-restaurant\\\/#breadcrumb\",\"itemListElement\":[{\"@type\":\"ListItem\",\"position\":1,\"name\":\"Home\",\"item\":\"https:\\\/\\\/www.honlufoodtrailer.com\\\/\"},{\"@type\":\"ListItem\",\"position\":2,\"name\":\"\u4ea7\u54c1\",\"item\":\"https:\\\/\\\/www.honlufoodtrailer.com\\\/shop\\\/\"},{\"@type\":\"ListItem\",\"position\":3,\"name\":\"18ft Shipping Container Restaurant with Wooden Slats\"}]},{\"@type\":\"WebSite\",\"@id\":\"https:\\\/\\\/www.honlufoodtrailer.com\\\/#website\",\"url\":\"https:\\\/\\\/www.honlufoodtrailer.com\\\/\",\"name\":\"Honlu food trailer\",\"description\":\"\",\"publisher\":{\"@id\":\"https:\\\/\\\/www.honlufoodtrailer.com\\\/#organization\"},\"potentialAction\":[{\"@type\":\"SearchAction\",\"target\":{\"@type\":\"EntryPoint\",\"urlTemplate\":\"https:\\\/\\\/www.honlufoodtrailer.com\\\/?s={search_term_string}\"},\"query-input\":{\"@type\":\"PropertyValueSpecification\",\"valueRequired\":true,\"valueName\":\"search_term_string\"}}],\"inLanguage\":\"lv-LV\"},{\"@type\":\"Organization\",\"@id\":\"https:\\\/\\\/www.honlufoodtrailer.com\\\/#organization\",\"name\":\"Honlu food trailer\",\"url\":\"https:\\\/\\\/www.honlufoodtrailer.com\\\/\",\"logo\":{\"@type\":\"ImageObject\",\"inLanguage\":\"lv-LV\",\"@id\":\"https:\\\/\\\/www.honlufoodtrailer.com\\\/#\\\/schema\\\/logo\\\/image\\\/\",\"url\":\"https:\\\/\\\/www.honlufoodtrailer.com\\\/wp-content\\\/uploads\\\/2021\\\/12\\\/2.gif\",\"contentUrl\":\"https:\\\/\\\/www.honlufoodtrailer.com\\\/wp-content\\\/uploads\\\/2021\\\/12\\\/2.gif\",\"width\":350,\"height\":100,\"caption\":\"Honlu food trailer\"},\"image\":{\"@id\":\"https:\\\/\\\/www.honlufoodtrailer.com\\\/#\\\/schema\\\/logo\\\/image\\\/\"}}]}<\/script>\n<!-- \/ Yoast SEO plugin. -->","yoast_head_json":{"title":"18\u00a0ft s\u016bt\u012bjumu konteineru restor\u0101ns ar koka l\u012bst\u0113m no \u0136\u012bnas\u00a0\u2014 Honlu","description":"Vai mekl\u0113jat p\u0101rvad\u0101\u0161anas konteineru restor\u0101nu? skatiet \u0161o 18 p\u0113du konteineru restor\u0101nu \u0161eit! Ieg\u016bstiet l\u012bdz\u012bgu vai piel\u0101gotu par sapr\u0101t\u012bgu cenu t\u016bl\u012bt!","robots":{"index":"index","follow":"follow","max-snippet":"max-snippet:-1","max-image-preview":"max-image-preview:large","max-video-preview":"max-video-preview:-1"},"canonical":"https:\/\/www.honlufoodtrailer.com\/lv\/product\/18ft-shipping-container-restaurant\/","og_locale":"lv_LV","og_type":"article","og_title":"18ft Shipping Container Restaurant With Wooden Slats from China - Honlu","og_description":"Looking for a shipping container restaurant? see this 18ft container restaurant here! Get a similar or customized one at a reasonable price now!","og_url":"https:\/\/www.honlufoodtrailer.com\/lv\/product\/18ft-shipping-container-restaurant\/","og_site_name":"Honlu food trailer","article_modified_time":"2025-02-14T06:33:00+00:00","og_image":[{"width":720,"height":540,"url":"https:\/\/www.honlufoodtrailer.com\/wp-content\/uploads\/2024\/07\/18ft-container-restaurant-sale.jpg","type":"image\/jpeg"}],"twitter_card":"summary_large_image","twitter_misc":{"Est. reading time":"1 min\u016bte"},"schema":{"@context":"https:\/\/schema.org","@graph":[{"@type":"WebPage","@id":"https:\/\/www.honlufoodtrailer.com\/product\/18ft-shipping-container-restaurant\/","url":"https:\/\/www.honlufoodtrailer.com\/product\/18ft-shipping-container-restaurant\/","name":"18\u00a0ft s\u016bt\u012bjumu konteineru restor\u0101ns ar koka l\u012bst\u0113m no \u0136\u012bnas\u00a0\u2014 Honlu","isPartOf":{"@id":"https:\/\/www.honlufoodtrailer.com\/#website"},"primaryImageOfPage":{"@id":"https:\/\/www.honlufoodtrailer.com\/product\/18ft-shipping-container-restaurant\/#primaryimage"},"image":{"@id":"https:\/\/www.honlufoodtrailer.com\/product\/18ft-shipping-container-restaurant\/#primaryimage"},"thumbnailUrl":"https:\/\/www.honlufoodtrailer.com\/wp-content\/uploads\/2024\/07\/18ft-container-restaurant-sale.jpg","datePublished":"2024-07-24T09:43:16+00:00","dateModified":"2025-02-14T06:33:00+00:00","description":"Vai mekl\u0113jat p\u0101rvad\u0101\u0161anas konteineru restor\u0101nu? skatiet \u0161o 18 p\u0113du konteineru restor\u0101nu \u0161eit! Ieg\u016bstiet l\u012bdz\u012bgu vai piel\u0101gotu par sapr\u0101t\u012bgu cenu t\u016bl\u012bt!","breadcrumb":{"@id":"https:\/\/www.honlufoodtrailer.com\/product\/18ft-shipping-container-restaurant\/#breadcrumb"},"inLanguage":"lv-LV","potentialAction":[{"@type":"ReadAction","target":["https:\/\/www.honlufoodtrailer.com\/product\/18ft-shipping-container-restaurant\/"]}]},{"@type":"ImageObject","inLanguage":"lv-LV","@id":"https:\/\/www.honlufoodtrailer.com\/product\/18ft-shipping-container-restaurant\/#primaryimage","url":"https:\/\/www.honlufoodtrailer.com\/wp-content\/uploads\/2024\/07\/18ft-container-restaurant-sale.jpg","contentUrl":"https:\/\/www.honlufoodtrailer.com\/wp-content\/uploads\/2024\/07\/18ft-container-restaurant-sale.jpg","width":720,"height":540,"caption":"18ft container restaurant sale"},{"@type":"BreadcrumbList","@id":"https:\/\/www.honlufoodtrailer.com\/product\/18ft-shipping-container-restaurant\/#breadcrumb","itemListElement":[{"@type":"ListItem","position":1,"name":"Home","item":"https:\/\/www.honlufoodtrailer.com\/"},{"@type":"ListItem","position":2,"name":"\u4ea7\u54c1","item":"https:\/\/www.honlufoodtrailer.com\/shop\/"},{"@type":"ListItem","position":3,"name":"18ft Shipping Container Restaurant with Wooden Slats"}]},{"@type":"WebSite","@id":"https:\/\/www.honlufoodtrailer.com\/#website","url":"https:\/\/www.honlufoodtrailer.com\/","name":"Honlu p\u0101rtikas piekabe","description":"","publisher":{"@id":"https:\/\/www.honlufoodtrailer.com\/#organization"},"potentialAction":[{"@type":"SearchAction","target":{"@type":"EntryPoint","urlTemplate":"https:\/\/www.honlufoodtrailer.com\/?s={search_term_string}"},"query-input":{"@type":"PropertyValueSpecification","valueRequired":true,"valueName":"search_term_string"}}],"inLanguage":"lv-LV"},{"@type":"Organization","@id":"https:\/\/www.honlufoodtrailer.com\/#organization","name":"Honlu p\u0101rtikas piekabe","url":"https:\/\/www.honlufoodtrailer.com\/","logo":{"@type":"ImageObject","inLanguage":"lv-LV","@id":"https:\/\/www.honlufoodtrailer.com\/#\/schema\/logo\/image\/","url":"https:\/\/www.honlufoodtrailer.com\/wp-content\/uploads\/2021\/12\/2.gif","contentUrl":"https:\/\/www.honlufoodtrailer.com\/wp-content\/uploads\/2021\/12\/2.gif","width":350,"height":100,"caption":"Honlu food trailer"},"image":{"@id":"https:\/\/www.honlufoodtrailer.com\/#\/schema\/logo\/image\/"}}]}},"_links":{"self":[{"href":"https:\/\/www.honlufoodtrailer.com\/lv\/wp-json\/wp\/v2\/product\/8114","targetHints":{"allow":["GET"]}}],"collection":[{"href":"https:\/\/www.honlufoodtrailer.com\/lv\/wp-json\/wp\/v2\/product"}],"about":[{"href":"https:\/\/www.honlufoodtrailer.com\/lv\/wp-json\/wp\/v2\/types\/product"}],"version-history":[{"count":0,"href":"https:\/\/www.honlufoodtrailer.com\/lv\/wp-json\/wp\/v2\/product\/8114\/revisions"}],"wp:featuredmedia":[{"embeddable":true,"href":"https:\/\/www.honlufoodtrailer.com\/lv\/wp-json\/wp\/v2\/media\/8119"}],"wp:attachment":[{"href":"https:\/\/www.honlufoodtrailer.com\/lv\/wp-json\/wp\/v2\/media?parent=8114"}],"wp:term":[{"taxonomy":"product_brand","embeddable":true,"href":"https:\/\/www.honlufoodtrailer.com\/lv\/wp-json\/wp\/v2\/product_brand?post=8114"},{"taxonomy":"product_cat","embeddable":true,"href":"https:\/\/www.honlufoodtrailer.com\/lv\/wp-json\/wp\/v2\/product_cat?post=8114"},{"taxonomy":"product_tag","embeddable":true,"href":"https:\/\/www.honlufoodtrailer.com\/lv\/wp-json\/wp\/v2\/product_tag?post=8114"}],"curies":[{"name":"wp","href":"https:\/\/api.w.org\/{rel}","templated":true}]}}