{"id":8125,"date":"2024-07-27T17:17:02","date_gmt":"2024-07-27T09:17:02","guid":{"rendered":"https:\/\/www.honlufoodtrailer.com\/?post_type=product&#038;p=8125"},"modified":"2025-02-14T14:32:00","modified_gmt":"2025-02-14T06:32:00","slug":"36ft-custom-shipping-container-bar","status":"publish","type":"product","link":"https:\/\/www.honlufoodtrailer.com\/lv\/product\/36ft-custom-shipping-container-bar\/","title":{"rendered":"36 p\u0113du piel\u0101gots pieg\u0101des konteineru b\u0101rs"},"content":{"rendered":"<p>Mekl\u0113jat piel\u0101gotu ku\u0123niec\u012bbas konteinera stieni? Apskatiet \u0161o 36 p\u0113du (10,6 m) garo piel\u0101goto ku\u0123niec\u012bbas konteinera stieni sarkan\u0101 kr\u0101s\u0101, ko esam piel\u0101goju\u0161i vienam no m\u016bsu klientiem. T\u0101 ir lieliska izv\u0113le komerci\u0101lai virtuvei! T\u0101s izmaksas ir zem\u0101kas nek\u0101 tipiskai komerci\u0101lai virtuvei, t\u0101p\u0113c \u0161\u012b ir laba izv\u0113le, ja v\u0113laties uzs\u0101kt p\u0101rtikas piekabju biznesu. Tagad apl\u016bkosim s\u012bk\u0101ku inform\u0101ciju par \u0161o ku\u0123niec\u012bbas konteinera stieni!<br \/>\n<img fetchpriority=\"high\" decoding=\"async\" class=\"aligncenter size-full wp-image-8134\" src=\"https:\/\/www.honlufoodtrailer.com\/wp-content\/uploads\/2024\/07\/36ft-shipping-container-bar.jpg\" alt=\"36 p\u0113du ku\u0123niec\u012bbas konteinera stienis\" width=\"720\" height=\"540\" srcset=\"https:\/\/www.honlufoodtrailer.com\/wp-content\/uploads\/2024\/07\/36ft-shipping-container-bar.jpg 720w, https:\/\/www.honlufoodtrailer.com\/wp-content\/uploads\/2024\/07\/36ft-shipping-container-bar-480x360.jpg 480w, https:\/\/www.honlufoodtrailer.com\/wp-content\/uploads\/2024\/07\/36ft-shipping-container-bar-300x225.jpg 300w\" sizes=\"(max-width: 720px) 100vw, 720px\" \/> <img decoding=\"async\" class=\"aligncenter size-full wp-image-8131\" src=\"https:\/\/www.honlufoodtrailer.com\/wp-content\/uploads\/2024\/07\/36ft-custom-shipping-container-bar.jpg\" alt=\"36 p\u0113du piel\u0101gots ku\u0123niec\u012bbas konteinera stienis\" width=\"720\" height=\"540\" srcset=\"https:\/\/www.honlufoodtrailer.com\/wp-content\/uploads\/2024\/07\/36ft-custom-shipping-container-bar.jpg 720w, https:\/\/www.honlufoodtrailer.com\/wp-content\/uploads\/2024\/07\/36ft-custom-shipping-container-bar-480x360.jpg 480w, https:\/\/www.honlufoodtrailer.com\/wp-content\/uploads\/2024\/07\/36ft-custom-shipping-container-bar-300x225.jpg 300w\" sizes=\"(max-width: 720px) 100vw, 720px\" \/><\/p>\n<p>J\u016bs varat iedom\u0101ties, ka \u0161\u012b konteineru p\u0101rtikas piekabe b\u016bs \u013coti pievilc\u012bga p\u016bl\u012b. Turkl\u0101t, <strong>M\u0113s varam izgatavot l\u012bdz\u012bgu p\u0101rtikas piekabi k\u0101 \u0161o vai piel\u0101got to jums. P\u0101rtikas piekabes izm\u0113ru, korpusa kr\u0101su, uzl\u012bmes, izk\u0101rtnes un virtuves apr\u012bkojumu var piel\u0101got. <\/strong>T\u0101l\u0101k apl\u016bkosim \u0161\u012b elementa iek\u0161\u0113jo strukt\u016bru. <a href=\"https:\/\/www.honlufoodtrailer.com\/lv\/konteineru-piekabe\/\" target=\"_blank\" rel=\"noopener\">p\u0101rtikas piekabes konteiners<\/a>!<\/p>\n<h3>\u0160\u012b 36 p\u0113du p\u0101rvad\u0101\u0161anas konteinera stie\u0146a iek\u0161\u0113j\u0101 inform\u0101cija<\/h3>\n<p>Skatiet s\u012bk\u0101ku inform\u0101ciju par \u0161\u012b p\u0101rdo\u0161an\u0101 eso\u0161\u0101 ku\u0123niec\u012bbas konteinera stie\u0146a iek\u0161\u0113jo strukt\u016bru. K\u0101 redzams att\u0113l\u0101 zem\u0101k, m\u0113s to esam apr\u012bkoju\u0161i <a href=\"https:\/\/www.honlufoodtrailer.com\/lv\/product\/\" target=\"_blank\" rel=\"noopener\">p\u0101rtikas piekabe<\/a> ar pamata virtuves apr\u012bkojumu, piem\u0113ram, izlietn\u0113m, apgaismojumu utt. Turkl\u0101t m\u0113s esam apr\u012bkoju\u0161i \u0161o ku\u0123niec\u012bbas konteinera \u0101ra b\u0101ru ar gaisa kondicionieri atbilsto\u0161i klienta pras\u012bb\u0101m. Ar \u0161o konteinera b\u0101ru m\u016bsu klients var\u0113s nodro\u0161in\u0101t \u0101tro \u0113dienu daudziem apmekl\u0113t\u0101jiem.<\/p>\n<p><img decoding=\"async\" class=\"aligncenter size-full wp-image-8130\" src=\"https:\/\/www.honlufoodtrailer.com\/wp-content\/uploads\/2024\/07\/36ft-custom-shipping-container-bar-inner-structure.jpg\" alt=\"36 p\u0113du piel\u0101gota ku\u0123niec\u012bbas konteinera stie\u0146a iek\u0161\u0113j\u0101 konstrukcija\" width=\"720\" height=\"540\" srcset=\"https:\/\/www.honlufoodtrailer.com\/wp-content\/uploads\/2024\/07\/36ft-custom-shipping-container-bar-inner-structure.jpg 720w, https:\/\/www.honlufoodtrailer.com\/wp-content\/uploads\/2024\/07\/36ft-custom-shipping-container-bar-inner-structure-480x360.jpg 480w, https:\/\/www.honlufoodtrailer.com\/wp-content\/uploads\/2024\/07\/36ft-custom-shipping-container-bar-inner-structure-300x225.jpg 300w\" sizes=\"(max-width: 720px) 100vw, 720px\" \/> <img loading=\"lazy\" decoding=\"async\" class=\"aligncenter size-full wp-image-8129\" src=\"https:\/\/www.honlufoodtrailer.com\/wp-content\/uploads\/2024\/07\/36ft-custom-shipping-container-bar-inner-details.jpg\" alt=\"36 p\u0113du piel\u0101gota ku\u0123niec\u012bbas konteinera stie\u0146a iek\u0161\u0113j\u0101s deta\u013cas\" width=\"800\" height=\"800\" srcset=\"https:\/\/www.honlufoodtrailer.com\/wp-content\/uploads\/2024\/07\/36ft-custom-shipping-container-bar-inner-details.jpg 800w, https:\/\/www.honlufoodtrailer.com\/wp-content\/uploads\/2024\/07\/36ft-custom-shipping-container-bar-inner-details-768x768.jpg 768w, https:\/\/www.honlufoodtrailer.com\/wp-content\/uploads\/2024\/07\/36ft-custom-shipping-container-bar-inner-details-360x360.jpg 360w, https:\/\/www.honlufoodtrailer.com\/wp-content\/uploads\/2024\/07\/36ft-custom-shipping-container-bar-inner-details-300x300.jpg 300w, https:\/\/www.honlufoodtrailer.com\/wp-content\/uploads\/2024\/07\/36ft-custom-shipping-container-bar-inner-details-720x720.jpg 720w, https:\/\/www.honlufoodtrailer.com\/wp-content\/uploads\/2024\/07\/36ft-custom-shipping-container-bar-inner-details-100x100.jpg 100w\" sizes=\"(max-width: 800px) 100vw, 800px\" \/><\/p>\n<h3>S\u012bk\u0101ka inform\u0101cija par \u0161o 36 p\u0113du p\u0101rvad\u0101\u0161anas konteineru b\u0101ru<\/h3>\n<p>Vair\u0101k inform\u0101cijas par \u0161o konteineru stieni skatiet n\u0101kamaj\u0101 att\u0113l\u0101. K\u0101 redzams, tam ir tr\u012bs asis, kas b\u016bs \u013coti stabilas un iztur\u012bgas. Mobil\u0101 ku\u0123niec\u012bbas konteineru stie\u0146a priek\u0161pus\u0113 atbilsto\u0161i klienta pras\u012bb\u0101m esam izgatavoju\u0161i tr\u012bs lielus logus. Tas b\u016bs \u013coti \u0113rti pusdienot\u0101jiem, lai pas\u016bt\u012btu un sa\u0146emtu \u0113dienu.<br \/>\n<img loading=\"lazy\" decoding=\"async\" class=\"aligncenter size-full wp-image-8128\" src=\"https:\/\/www.honlufoodtrailer.com\/wp-content\/uploads\/2024\/07\/36ft-custom-shipping-container-bar-details.jpg\" alt=\"36 p\u0113du piel\u0101gota ku\u0123niec\u012bbas konteinera stie\u0146a deta\u013cas\" width=\"800\" height=\"800\" srcset=\"https:\/\/www.honlufoodtrailer.com\/wp-content\/uploads\/2024\/07\/36ft-custom-shipping-container-bar-details.jpg 800w, https:\/\/www.honlufoodtrailer.com\/wp-content\/uploads\/2024\/07\/36ft-custom-shipping-container-bar-details-768x768.jpg 768w, https:\/\/www.honlufoodtrailer.com\/wp-content\/uploads\/2024\/07\/36ft-custom-shipping-container-bar-details-360x360.jpg 360w, https:\/\/www.honlufoodtrailer.com\/wp-content\/uploads\/2024\/07\/36ft-custom-shipping-container-bar-details-300x300.jpg 300w, https:\/\/www.honlufoodtrailer.com\/wp-content\/uploads\/2024\/07\/36ft-custom-shipping-container-bar-details-720x720.jpg 720w, https:\/\/www.honlufoodtrailer.com\/wp-content\/uploads\/2024\/07\/36ft-custom-shipping-container-bar-details-100x100.jpg 100w\" sizes=\"(max-width: 800px) 100vw, 800px\" \/><\/p>\n<p>K\u0101 p\u0101rtikas piekabju ra\u017eot\u0101js un eksport\u0113t\u0101js ar vair\u0101k nek\u0101 10 gadu pieredzi, m\u016bsu uz\u0146\u0113mums var nodro\u0161in\u0101t klientiem visu veidu p\u0101rtikas piekabes. Neatkar\u012bgi no t\u0101, vai v\u0113laties standarta vai piel\u0101gotu piekabi, m\u0113s varam to jums izgatavot. M\u0113s varam nodro\u0161in\u0101t ne tikai piel\u0101gotas piekabes p\u0101rtikas p\u0101rdo\u0161anai, bet ar\u012b piekabes ar daudz\u0101m cit\u0101m funkcij\u0101m. Piem\u0113ram, ziedu, ap\u0123\u0113rbu p\u0101rdo\u0161anai, m\u0101jdz\u012bvnieku apkalpo\u0161anai, frizieru pakalpojumiem utt. Neatkar\u012bgi no t\u0101, vai v\u0113laties burgeru b\u0101ru vai kafijas b\u0101ru no ku\u0123niec\u012bbas konteinera, m\u0113s varam to izgatavot. Vienk\u0101r\u0161i past\u0101stiet mums savas detaliz\u0113t\u0101s pras\u012bbas, un m\u0113s nodro\u0161in\u0101sim jums piem\u0113rotu piekabi. Vienk\u0101r\u0161i atst\u0101jiet zi\u0146ojumu zem\u0101k eso\u0161aj\u0101 veidlap\u0101 vai rakstiet mums tie\u0161i WhatsApp, lai sa\u0146emtu \u0101tru atbildi!<\/p>","protected":false},"excerpt":{"rendered":"<p>\u0160is ir viens no m\u016bsu p\u0113c pas\u016bt\u012bjuma izgatavotajiem 36 p\u0113du (10,6 m) konteineru b\u0101riem. Kopum\u0101 t\u0101 ir laba izv\u0113le \u0113diena pasnieg\u0161anai lielam cilv\u0113ku skaitam. <strong>L\u016bdzu, noklik\u0161\u0137iniet uz t\u0101l\u0101k nor\u0101d\u012btaj\u0101m ciln\u0113m, lai skat\u012btu s\u012bk\u0101ku inform\u0101ciju par \u0161o p\u0101rvad\u0101\u0161anas konteinera joslu.<\/strong>. M\u0113s varam izgatavot l\u012bdz\u012bgu konteineru stieni k\u0101 \u0161is vai piel\u0101got to jums. L\u016bdzu, sazinieties ar mums un past\u0101stiet mums savas detaliz\u0113t\u0101s pras\u012bbas. Vienk\u0101r\u0161i nevilcinieties sazin\u0101ties ar mums t\u016bl\u012bt!<\/p>","protected":false},"featured_media":8127,"template":"","meta":{"_themeisle_gutenberg_block_has_review":false},"product_brand":[],"product_cat":[26],"product_tag":[105,95,71,33,45,38],"class_list":{"0":"post-8125","1":"product","2":"type-product","3":"status-publish","4":"has-post-thumbnail","6":"product_cat-product","7":"product_tag-36ft-food-trailer","8":"product_tag-bar-trailer","9":"product_tag-container-trailer","10":"product_tag-customized-trailer","11":"product_tag-large-food-trailer","12":"product_tag-mobile-food-trailer","14":"first","15":"instock","16":"shipping-taxable","17":"product-type-simple"},"yoast_head":"<!-- This site is optimized with the Yoast SEO plugin v27.6 - https:\/\/yoast.com\/product\/yoast-seo-wordpress\/ -->\n<title>36ft Custom Shipping Container Bar from China Factory - Honlu Food Trailer<\/title>\n<meta name=\"description\" content=\"Looking for a custom shipping container bar for sale? see this 36ft custom container bar here! Get the cost of a similar or customized one now!\" \/>\n<meta name=\"robots\" content=\"index, follow, max-snippet:-1, max-image-preview:large, max-video-preview:-1\" \/>\n<link rel=\"canonical\" href=\"https:\/\/www.honlufoodtrailer.com\/lv\/product\/36ft-custom-shipping-container-bar\/\" \/>\n<meta property=\"og:locale\" content=\"lv_LV\" \/>\n<meta property=\"og:type\" content=\"article\" \/>\n<meta property=\"og:title\" content=\"36ft Custom Shipping Container Bar from China Factory - Honlu Food Trailer\" \/>\n<meta property=\"og:description\" content=\"Looking for a custom shipping container bar for sale? see this 36ft custom container bar here! Get the cost of a similar or customized one now!\" \/>\n<meta property=\"og:url\" content=\"https:\/\/www.honlufoodtrailer.com\/lv\/product\/36ft-custom-shipping-container-bar\/\" \/>\n<meta property=\"og:site_name\" content=\"Honlu food trailer\" \/>\n<meta property=\"article:modified_time\" content=\"2025-02-14T06:32:00+00:00\" \/>\n<meta property=\"og:image\" content=\"https:\/\/www.honlufoodtrailer.com\/wp-content\/uploads\/2024\/07\/36ft-converted-shipping-container-bar.jpg\" \/>\n\t<meta property=\"og:image:width\" content=\"720\" \/>\n\t<meta property=\"og:image:height\" content=\"540\" \/>\n\t<meta property=\"og:image:type\" content=\"image\/jpeg\" \/>\n<meta name=\"twitter:card\" content=\"summary_large_image\" \/>\n<meta name=\"twitter:label1\" content=\"Est. reading time\" \/>\n\t<meta name=\"twitter:data1\" content=\"1 min\u016bte\" \/>\n<script type=\"application\/ld+json\" class=\"yoast-schema-graph\">{\"@context\":\"https:\\\/\\\/schema.org\",\"@graph\":[{\"@type\":\"WebPage\",\"@id\":\"https:\\\/\\\/www.honlufoodtrailer.com\\\/product\\\/36ft-custom-shipping-container-bar\\\/\",\"url\":\"https:\\\/\\\/www.honlufoodtrailer.com\\\/product\\\/36ft-custom-shipping-container-bar\\\/\",\"name\":\"36ft Custom Shipping Container Bar from China Factory - Honlu Food Trailer\",\"isPartOf\":{\"@id\":\"https:\\\/\\\/www.honlufoodtrailer.com\\\/#website\"},\"primaryImageOfPage\":{\"@id\":\"https:\\\/\\\/www.honlufoodtrailer.com\\\/product\\\/36ft-custom-shipping-container-bar\\\/#primaryimage\"},\"image\":{\"@id\":\"https:\\\/\\\/www.honlufoodtrailer.com\\\/product\\\/36ft-custom-shipping-container-bar\\\/#primaryimage\"},\"thumbnailUrl\":\"https:\\\/\\\/www.honlufoodtrailer.com\\\/wp-content\\\/uploads\\\/2024\\\/07\\\/36ft-converted-shipping-container-bar.jpg\",\"datePublished\":\"2024-07-27T09:17:02+00:00\",\"dateModified\":\"2025-02-14T06:32:00+00:00\",\"description\":\"Looking for a custom shipping container bar for sale? see this 36ft custom container bar here! Get the cost of a similar or customized one now!\",\"breadcrumb\":{\"@id\":\"https:\\\/\\\/www.honlufoodtrailer.com\\\/product\\\/36ft-custom-shipping-container-bar\\\/#breadcrumb\"},\"inLanguage\":\"lv-LV\",\"potentialAction\":[{\"@type\":\"ReadAction\",\"target\":[\"https:\\\/\\\/www.honlufoodtrailer.com\\\/product\\\/36ft-custom-shipping-container-bar\\\/\"]}]},{\"@type\":\"ImageObject\",\"inLanguage\":\"lv-LV\",\"@id\":\"https:\\\/\\\/www.honlufoodtrailer.com\\\/product\\\/36ft-custom-shipping-container-bar\\\/#primaryimage\",\"url\":\"https:\\\/\\\/www.honlufoodtrailer.com\\\/wp-content\\\/uploads\\\/2024\\\/07\\\/36ft-converted-shipping-container-bar.jpg\",\"contentUrl\":\"https:\\\/\\\/www.honlufoodtrailer.com\\\/wp-content\\\/uploads\\\/2024\\\/07\\\/36ft-converted-shipping-container-bar.jpg\",\"width\":720,\"height\":540,\"caption\":\"36ft converted shipping container bar\"},{\"@type\":\"BreadcrumbList\",\"@id\":\"https:\\\/\\\/www.honlufoodtrailer.com\\\/product\\\/36ft-custom-shipping-container-bar\\\/#breadcrumb\",\"itemListElement\":[{\"@type\":\"ListItem\",\"position\":1,\"name\":\"Home\",\"item\":\"https:\\\/\\\/www.honlufoodtrailer.com\\\/\"},{\"@type\":\"ListItem\",\"position\":2,\"name\":\"\u4ea7\u54c1\",\"item\":\"https:\\\/\\\/www.honlufoodtrailer.com\\\/shop\\\/\"},{\"@type\":\"ListItem\",\"position\":3,\"name\":\"36ft Custom Shipping Container Bar\"}]},{\"@type\":\"WebSite\",\"@id\":\"https:\\\/\\\/www.honlufoodtrailer.com\\\/#website\",\"url\":\"https:\\\/\\\/www.honlufoodtrailer.com\\\/\",\"name\":\"Honlu food trailer\",\"description\":\"\",\"publisher\":{\"@id\":\"https:\\\/\\\/www.honlufoodtrailer.com\\\/#organization\"},\"potentialAction\":[{\"@type\":\"SearchAction\",\"target\":{\"@type\":\"EntryPoint\",\"urlTemplate\":\"https:\\\/\\\/www.honlufoodtrailer.com\\\/?s={search_term_string}\"},\"query-input\":{\"@type\":\"PropertyValueSpecification\",\"valueRequired\":true,\"valueName\":\"search_term_string\"}}],\"inLanguage\":\"lv-LV\"},{\"@type\":\"Organization\",\"@id\":\"https:\\\/\\\/www.honlufoodtrailer.com\\\/#organization\",\"name\":\"Honlu food trailer\",\"url\":\"https:\\\/\\\/www.honlufoodtrailer.com\\\/\",\"logo\":{\"@type\":\"ImageObject\",\"inLanguage\":\"lv-LV\",\"@id\":\"https:\\\/\\\/www.honlufoodtrailer.com\\\/#\\\/schema\\\/logo\\\/image\\\/\",\"url\":\"https:\\\/\\\/www.honlufoodtrailer.com\\\/wp-content\\\/uploads\\\/2021\\\/12\\\/2.gif\",\"contentUrl\":\"https:\\\/\\\/www.honlufoodtrailer.com\\\/wp-content\\\/uploads\\\/2021\\\/12\\\/2.gif\",\"width\":350,\"height\":100,\"caption\":\"Honlu food trailer\"},\"image\":{\"@id\":\"https:\\\/\\\/www.honlufoodtrailer.com\\\/#\\\/schema\\\/logo\\\/image\\\/\"}}]}<\/script>\n<!-- \/ Yoast SEO plugin. -->","yoast_head_json":{"title":"36 p\u0113du piel\u0101gots ku\u0123niec\u012bbas konteineru b\u0101rs no \u0136\u012bnas r\u016bpn\u012bcas - Honlu p\u0101rtikas piekabe","description":"Mekl\u0113jat p\u0101rdo\u0161anai piel\u0101gotu ku\u0123niec\u012bbas konteinera stieni? Apskatiet \u0161o 36 p\u0113du piel\u0101goto konteinera stieni \u0161eit! Uzziniet l\u012bdz\u012bga vai piel\u0101gota stie\u0146a cenu jau tagad!","robots":{"index":"index","follow":"follow","max-snippet":"max-snippet:-1","max-image-preview":"max-image-preview:large","max-video-preview":"max-video-preview:-1"},"canonical":"https:\/\/www.honlufoodtrailer.com\/lv\/product\/36ft-custom-shipping-container-bar\/","og_locale":"lv_LV","og_type":"article","og_title":"36ft Custom Shipping Container Bar from China Factory - Honlu Food Trailer","og_description":"Looking for a custom shipping container bar for sale? see this 36ft custom container bar here! Get the cost of a similar or customized one now!","og_url":"https:\/\/www.honlufoodtrailer.com\/lv\/product\/36ft-custom-shipping-container-bar\/","og_site_name":"Honlu food trailer","article_modified_time":"2025-02-14T06:32:00+00:00","og_image":[{"width":720,"height":540,"url":"https:\/\/www.honlufoodtrailer.com\/wp-content\/uploads\/2024\/07\/36ft-converted-shipping-container-bar.jpg","type":"image\/jpeg"}],"twitter_card":"summary_large_image","twitter_misc":{"Est. reading time":"1 min\u016bte"},"schema":{"@context":"https:\/\/schema.org","@graph":[{"@type":"WebPage","@id":"https:\/\/www.honlufoodtrailer.com\/product\/36ft-custom-shipping-container-bar\/","url":"https:\/\/www.honlufoodtrailer.com\/product\/36ft-custom-shipping-container-bar\/","name":"36 p\u0113du piel\u0101gots ku\u0123niec\u012bbas konteineru b\u0101rs no \u0136\u012bnas r\u016bpn\u012bcas - Honlu p\u0101rtikas piekabe","isPartOf":{"@id":"https:\/\/www.honlufoodtrailer.com\/#website"},"primaryImageOfPage":{"@id":"https:\/\/www.honlufoodtrailer.com\/product\/36ft-custom-shipping-container-bar\/#primaryimage"},"image":{"@id":"https:\/\/www.honlufoodtrailer.com\/product\/36ft-custom-shipping-container-bar\/#primaryimage"},"thumbnailUrl":"https:\/\/www.honlufoodtrailer.com\/wp-content\/uploads\/2024\/07\/36ft-converted-shipping-container-bar.jpg","datePublished":"2024-07-27T09:17:02+00:00","dateModified":"2025-02-14T06:32:00+00:00","description":"Mekl\u0113jat p\u0101rdo\u0161anai piel\u0101gotu ku\u0123niec\u012bbas konteinera stieni? Apskatiet \u0161o 36 p\u0113du piel\u0101goto konteinera stieni \u0161eit! Uzziniet l\u012bdz\u012bga vai piel\u0101gota stie\u0146a cenu jau tagad!","breadcrumb":{"@id":"https:\/\/www.honlufoodtrailer.com\/product\/36ft-custom-shipping-container-bar\/#breadcrumb"},"inLanguage":"lv-LV","potentialAction":[{"@type":"ReadAction","target":["https:\/\/www.honlufoodtrailer.com\/product\/36ft-custom-shipping-container-bar\/"]}]},{"@type":"ImageObject","inLanguage":"lv-LV","@id":"https:\/\/www.honlufoodtrailer.com\/product\/36ft-custom-shipping-container-bar\/#primaryimage","url":"https:\/\/www.honlufoodtrailer.com\/wp-content\/uploads\/2024\/07\/36ft-converted-shipping-container-bar.jpg","contentUrl":"https:\/\/www.honlufoodtrailer.com\/wp-content\/uploads\/2024\/07\/36ft-converted-shipping-container-bar.jpg","width":720,"height":540,"caption":"36ft converted shipping container bar"},{"@type":"BreadcrumbList","@id":"https:\/\/www.honlufoodtrailer.com\/product\/36ft-custom-shipping-container-bar\/#breadcrumb","itemListElement":[{"@type":"ListItem","position":1,"name":"Home","item":"https:\/\/www.honlufoodtrailer.com\/"},{"@type":"ListItem","position":2,"name":"\u4ea7\u54c1","item":"https:\/\/www.honlufoodtrailer.com\/shop\/"},{"@type":"ListItem","position":3,"name":"36ft Custom Shipping Container Bar"}]},{"@type":"WebSite","@id":"https:\/\/www.honlufoodtrailer.com\/#website","url":"https:\/\/www.honlufoodtrailer.com\/","name":"Honlu p\u0101rtikas piekabe","description":"","publisher":{"@id":"https:\/\/www.honlufoodtrailer.com\/#organization"},"potentialAction":[{"@type":"SearchAction","target":{"@type":"EntryPoint","urlTemplate":"https:\/\/www.honlufoodtrailer.com\/?s={search_term_string}"},"query-input":{"@type":"PropertyValueSpecification","valueRequired":true,"valueName":"search_term_string"}}],"inLanguage":"lv-LV"},{"@type":"Organization","@id":"https:\/\/www.honlufoodtrailer.com\/#organization","name":"Honlu p\u0101rtikas piekabe","url":"https:\/\/www.honlufoodtrailer.com\/","logo":{"@type":"ImageObject","inLanguage":"lv-LV","@id":"https:\/\/www.honlufoodtrailer.com\/#\/schema\/logo\/image\/","url":"https:\/\/www.honlufoodtrailer.com\/wp-content\/uploads\/2021\/12\/2.gif","contentUrl":"https:\/\/www.honlufoodtrailer.com\/wp-content\/uploads\/2021\/12\/2.gif","width":350,"height":100,"caption":"Honlu food trailer"},"image":{"@id":"https:\/\/www.honlufoodtrailer.com\/#\/schema\/logo\/image\/"}}]}},"_links":{"self":[{"href":"https:\/\/www.honlufoodtrailer.com\/lv\/wp-json\/wp\/v2\/product\/8125","targetHints":{"allow":["GET"]}}],"collection":[{"href":"https:\/\/www.honlufoodtrailer.com\/lv\/wp-json\/wp\/v2\/product"}],"about":[{"href":"https:\/\/www.honlufoodtrailer.com\/lv\/wp-json\/wp\/v2\/types\/product"}],"version-history":[{"count":0,"href":"https:\/\/www.honlufoodtrailer.com\/lv\/wp-json\/wp\/v2\/product\/8125\/revisions"}],"wp:featuredmedia":[{"embeddable":true,"href":"https:\/\/www.honlufoodtrailer.com\/lv\/wp-json\/wp\/v2\/media\/8127"}],"wp:attachment":[{"href":"https:\/\/www.honlufoodtrailer.com\/lv\/wp-json\/wp\/v2\/media?parent=8125"}],"wp:term":[{"taxonomy":"product_brand","embeddable":true,"href":"https:\/\/www.honlufoodtrailer.com\/lv\/wp-json\/wp\/v2\/product_brand?post=8125"},{"taxonomy":"product_cat","embeddable":true,"href":"https:\/\/www.honlufoodtrailer.com\/lv\/wp-json\/wp\/v2\/product_cat?post=8125"},{"taxonomy":"product_tag","embeddable":true,"href":"https:\/\/www.honlufoodtrailer.com\/lv\/wp-json\/wp\/v2\/product_tag?post=8125"}],"curies":[{"name":"wp","href":"https:\/\/api.w.org\/{rel}","templated":true}]}}