{"id":8153,"date":"2024-07-31T18:18:22","date_gmt":"2024-07-31T10:18:22","guid":{"rendered":"https:\/\/www.honlufoodtrailer.com\/?post_type=product&#038;p=8153"},"modified":"2025-02-14T14:21:18","modified_gmt":"2025-02-14T06:21:18","slug":"16ft-stainless-steel-bakery-trailer","status":"publish","type":"product","link":"https:\/\/www.honlufoodtrailer.com\/lv\/product\/16ft-stainless-steel-bakery-trailer\/","title":{"rendered":"16 p\u0113du ner\u016bs\u0113jo\u0161\u0101 t\u0113rauda maizes ceptuves piekabe"},"content":{"rendered":"<p>Vai mekl\u0113jat ner\u016bs\u0113jo\u0161\u0101 t\u0113rauda maizes ceptuves piekabi? Apskatiet \u0161o 16 p\u0113du ner\u016bs\u0113jo\u0161\u0101 t\u0113rauda maizes ceptuves piekabi \u0161eit! \u0160\u012b ir piel\u0101gota 5 m ner\u016bs\u0113jo\u0161\u0101 t\u0113rauda maizes ceptuves piekabe, ko esam izgatavoju\u0161i vienam no m\u016bsu klientiem no Eiropas valst\u012bm. M\u0113s varam izgatavot l\u012bdz\u012bgu maizes ceptuves piekabi k\u0101 \u0161o vai piel\u0101got to jums. Virsb\u016bves kr\u0101sa, uzl\u012bmes, izk\u0101rtnes un virtuves apr\u012bkojums... <a href=\"https:\/\/www.honlufoodtrailer.com\/lv\/nerusejosa-terauda-partikas-piekabe\/\" target=\"_blank\" rel=\"noopener\">ner\u016bs\u0113jo\u0161\u0101 t\u0113rauda p\u0101rtikas piekabe<\/a> var tikt piel\u0101gots. Vienk\u0101r\u0161i sazinieties ar mums un past\u0101stiet mums savas detaliz\u0113t\u0101s pras\u012bbas! Tagad apl\u016bkosim da\u017eus \u0161\u012bs maizes ceptuves piekabes att\u0113lus!<br \/>\n<img fetchpriority=\"high\" decoding=\"async\" class=\"aligncenter size-full wp-image-8161\" src=\"https:\/\/www.honlufoodtrailer.com\/wp-content\/uploads\/2024\/07\/16ft-airstream-bakery.jpg\" alt=\"16 p\u0113du gara gaisa pl\u016bsmas maizn\u012bca\" width=\"720\" height=\"540\" srcset=\"https:\/\/www.honlufoodtrailer.com\/wp-content\/uploads\/2024\/07\/16ft-airstream-bakery.jpg 720w, https:\/\/www.honlufoodtrailer.com\/wp-content\/uploads\/2024\/07\/16ft-airstream-bakery-480x360.jpg 480w, https:\/\/www.honlufoodtrailer.com\/wp-content\/uploads\/2024\/07\/16ft-airstream-bakery-300x225.jpg 300w\" sizes=\"(max-width: 720px) 100vw, 720px\" \/><img decoding=\"async\" class=\"aligncenter size-full wp-image-8155\" src=\"https:\/\/www.honlufoodtrailer.com\/wp-content\/uploads\/2024\/07\/16ft-airstream-bakery-trailer-back-view.jpg\" alt=\"16 p\u0113du Airstream maizn\u012bcas piekabes aizmugures skats\" width=\"720\" height=\"540\" srcset=\"https:\/\/www.honlufoodtrailer.com\/wp-content\/uploads\/2024\/07\/16ft-airstream-bakery-trailer-back-view.jpg 720w, https:\/\/www.honlufoodtrailer.com\/wp-content\/uploads\/2024\/07\/16ft-airstream-bakery-trailer-back-view-480x360.jpg 480w, https:\/\/www.honlufoodtrailer.com\/wp-content\/uploads\/2024\/07\/16ft-airstream-bakery-trailer-back-view-300x225.jpg 300w\" sizes=\"(max-width: 720px) 100vw, 720px\" \/><\/p>\n<h3>\u0160\u012bs 16 p\u0113du ner\u016bs\u0113jo\u0161\u0101 t\u0113rauda maizes ceptuves piekabes iek\u0161\u0113j\u0101s deta\u013cas<\/h3>\n<p>Maizn\u012bcas piekabes iek\u0161pus\u0113 esam uzst\u0101d\u012bju\u0161i virtuves iek\u0101rtas, piem\u0113ram, ledus autom\u0101tu, sald\u0113juma ma\u0161\u012bnu, aukstuma vitr\u012bnas, izlietnes un darbagaldu utt. T\u0101pat atbilsto\u0161i klienta pras\u012bb\u0101m esam to apr\u012bkoju\u0161i ar diviem elektroniskiem displejiem. S\u012bk\u0101ku inform\u0101ciju skatiet att\u0113los zem\u0101k!<\/p>\n<p><img decoding=\"async\" class=\"aligncenter size-full wp-image-8158\" src=\"https:\/\/www.honlufoodtrailer.com\/wp-content\/uploads\/2024\/07\/16ft-airstream-bakery-trailer-inner-view.jpg\" alt=\"16 p\u0113du Airstream maizn\u012bcas piekabes iek\u0161\u0113jais skats\" width=\"720\" height=\"540\" srcset=\"https:\/\/www.honlufoodtrailer.com\/wp-content\/uploads\/2024\/07\/16ft-airstream-bakery-trailer-inner-view.jpg 720w, https:\/\/www.honlufoodtrailer.com\/wp-content\/uploads\/2024\/07\/16ft-airstream-bakery-trailer-inner-view-480x360.jpg 480w, https:\/\/www.honlufoodtrailer.com\/wp-content\/uploads\/2024\/07\/16ft-airstream-bakery-trailer-inner-view-300x225.jpg 300w\" sizes=\"(max-width: 720px) 100vw, 720px\" \/><\/p>\n<p><img loading=\"lazy\" decoding=\"async\" class=\"aligncenter size-full wp-image-8165\" src=\"https:\/\/www.honlufoodtrailer.com\/wp-content\/uploads\/2024\/07\/16ft-airstream-bakery-trailer-more-details.jpg\" alt=\"16 p\u0113du Airstream maizes ceptuves piekabe \u2014 vair\u0101k inform\u0101cijas\" width=\"800\" height=\"800\" srcset=\"https:\/\/www.honlufoodtrailer.com\/wp-content\/uploads\/2024\/07\/16ft-airstream-bakery-trailer-more-details.jpg 800w, https:\/\/www.honlufoodtrailer.com\/wp-content\/uploads\/2024\/07\/16ft-airstream-bakery-trailer-more-details-768x768.jpg 768w, https:\/\/www.honlufoodtrailer.com\/wp-content\/uploads\/2024\/07\/16ft-airstream-bakery-trailer-more-details-360x360.jpg 360w, https:\/\/www.honlufoodtrailer.com\/wp-content\/uploads\/2024\/07\/16ft-airstream-bakery-trailer-more-details-300x300.jpg 300w, https:\/\/www.honlufoodtrailer.com\/wp-content\/uploads\/2024\/07\/16ft-airstream-bakery-trailer-more-details-720x720.jpg 720w, https:\/\/www.honlufoodtrailer.com\/wp-content\/uploads\/2024\/07\/16ft-airstream-bakery-trailer-more-details-100x100.jpg 100w\" sizes=\"(max-width: 800px) 100vw, 800px\" \/><\/p>\n<h3>Vair\u0101k inform\u0101cijas<\/h3>\n<p>\u0160\u012b 16 p\u0113du (4,8 m) ner\u016bs\u0113jo\u0161\u0101 t\u0113rauda maizes ceptuves piekabe atbilst Eiropas standartiem un ir piel\u0101gota klienta pras\u012bb\u0101m. S\u012bk\u0101ku inform\u0101ciju skatiet att\u0113l\u0101 zem\u0101k. K\u0101 p\u0101rtikas piekabju ra\u017eot\u0101js un eksport\u0113t\u0101js ar vair\u0101k nek\u0101 10 gadu pieredzi, m\u0113s esam paz\u012bstami ar vairuma valstu da\u017e\u0101daj\u0101m pras\u012bb\u0101m. T\u0101p\u0113c m\u0113s nodro\u0161in\u0101sim jums p\u0101rtikas piekabes, kas atbilst j\u016bsu valsts standartiem. Vienk\u0101r\u0161i nevilcinieties sazin\u0101ties ar mums un past\u0101stiet mums savas detaliz\u0113t\u0101s pras\u012bbas!<\/p>\n<p><img loading=\"lazy\" decoding=\"async\" class=\"aligncenter size-full wp-image-8164\" src=\"https:\/\/www.honlufoodtrailer.com\/wp-content\/uploads\/2024\/07\/16ft-airstream-bakery-more-details.jpg\" alt=\"16 p\u0113du gaisa pl\u016bsmas maizn\u012bca \u2014 vair\u0101k inform\u0101cijas\" width=\"800\" height=\"800\" srcset=\"https:\/\/www.honlufoodtrailer.com\/wp-content\/uploads\/2024\/07\/16ft-airstream-bakery-more-details.jpg 800w, https:\/\/www.honlufoodtrailer.com\/wp-content\/uploads\/2024\/07\/16ft-airstream-bakery-more-details-768x768.jpg 768w, https:\/\/www.honlufoodtrailer.com\/wp-content\/uploads\/2024\/07\/16ft-airstream-bakery-more-details-360x360.jpg 360w, https:\/\/www.honlufoodtrailer.com\/wp-content\/uploads\/2024\/07\/16ft-airstream-bakery-more-details-300x300.jpg 300w, https:\/\/www.honlufoodtrailer.com\/wp-content\/uploads\/2024\/07\/16ft-airstream-bakery-more-details-720x720.jpg 720w, https:\/\/www.honlufoodtrailer.com\/wp-content\/uploads\/2024\/07\/16ft-airstream-bakery-more-details-100x100.jpg 100w\" sizes=\"(max-width: 800px) 100vw, 800px\" \/><\/p>\n<p>P\u0101rtikas piekabes var saukt ar\u012b par p\u0101rtikas rati\u0146iem, p\u0101rtikas furgoniem, p\u0101rtikas kravas automa\u0161\u012bn\u0101m utt. T\u0101s var izmantot \u0101tr\u0101s \u0113din\u0101\u0161anas, uzkodu, av\u012b\u017eu, gr\u0101matu utt. p\u0101rdo\u0161anai. T\u0101s sast\u0101v no \u0161asijas, virsb\u016bves, gr\u012bdas, darba galda, \u016bdens sist\u0113mas un elektrisk\u0101s sist\u0113mas. Lietot\u0101ji var izv\u0113l\u0113ties ar\u012b v\u0113lamo kr\u0101su. Ja klienti v\u0113las, m\u0113s labpr\u0101t ieg\u0101d\u0101tos cita veida apr\u012bkojumu.<\/p>\n<p><img loading=\"lazy\" decoding=\"async\" class=\"aligncenter size-full wp-image-8160\" src=\"https:\/\/www.honlufoodtrailer.com\/wp-content\/uploads\/2024\/07\/16ft-airstream-bakery-trailer.jpg\" alt=\"16 p\u0113du Airstream maizes ceptuves piekabe\" width=\"720\" height=\"540\" srcset=\"https:\/\/www.honlufoodtrailer.com\/wp-content\/uploads\/2024\/07\/16ft-airstream-bakery-trailer.jpg 720w, https:\/\/www.honlufoodtrailer.com\/wp-content\/uploads\/2024\/07\/16ft-airstream-bakery-trailer-480x360.jpg 480w, https:\/\/www.honlufoodtrailer.com\/wp-content\/uploads\/2024\/07\/16ft-airstream-bakery-trailer-300x225.jpg 300w\" sizes=\"(max-width: 720px) 100vw, 720px\" \/><\/p>\n<h3>Piel\u0101got\u0101s ner\u016bs\u0113jo\u0161\u0101 t\u0113rauda p\u0101rtikas piekabes p\u0101rdo\u0161an\u0101 galven\u0101s iez\u012bmes<\/h3>\n<ol>\n<li>L\u0113ts un videi draudz\u012bgs, bez d\u016bmiem un trok\u0161\u0146a, viegli p\u0101rvietojams uz jebkuru vietu.<\/li>\n<li>To var izmantot daudzus gadus un tas nerad\u012bs atkritumus, un tas ir daudz piem\u0113rots m\u016bsdienu dz\u012bvei.<\/li>\n<li>Tas ir \u0113rti un vienk\u0101r\u0161i iekrau\u0161anai un transport\u0113\u0161anai, jo dizains ir unik\u0101ls un individu\u0101ls.<\/li>\n<li>Galvenais materi\u0101ls ir ner\u016bs\u0113jo\u0161ais t\u0113rauds, un plakan\u0101 forma (galds) ner\u016bs\u0113s.<\/li>\n<li>Tam ir karstumiztur\u012bba, augsta iztur\u012bba, augsta kr\u0101su notur\u012bba, nav deform\u0101cijas, \u016bdensiztur\u012bba un ilgs kalpo\u0161anas laiks.<\/li>\n<\/ol>\n<p><img decoding=\"async\" class=\"aligncenter size-full wp-image-8155\" src=\"https:\/\/www.honlufoodtrailer.com\/wp-content\/uploads\/2024\/07\/16ft-airstream-bakery-trailer-back-view.jpg\" alt=\"16 p\u0113du Airstream maizn\u012bcas piekabes aizmugures skats\" width=\"720\" height=\"540\" srcset=\"https:\/\/www.honlufoodtrailer.com\/wp-content\/uploads\/2024\/07\/16ft-airstream-bakery-trailer-back-view.jpg 720w, https:\/\/www.honlufoodtrailer.com\/wp-content\/uploads\/2024\/07\/16ft-airstream-bakery-trailer-back-view-480x360.jpg 480w, https:\/\/www.honlufoodtrailer.com\/wp-content\/uploads\/2024\/07\/16ft-airstream-bakery-trailer-back-view-300x225.jpg 300w\" sizes=\"(max-width: 720px) 100vw, 720px\" \/><\/p>\n<h3>Galven\u0101 priek\u0161roc\u012bba:<\/h3>\n<ol>\n<li>Zemas izmaksas un videi draudz\u012bgs;<\/li>\n<li>Viegli p\u0101rvietoties uz jebkuru vietu (j\u016bsu bizness nav ierobe\u017eots);<\/li>\n<li>Unik\u0101la forma (neredzama, lai piesaist\u012btu vair\u0101k klientu);<\/li>\n<li>Ilgs kalpo\u0161anas laiks (korozijiztur\u012bgs, karstumiztur\u012bgs, \u016bdensnecaurlaid\u012bgs, bez deform\u0101cijas).<\/li>\n<\/ol>","protected":false},"excerpt":{"rendered":"<p>\u0160\u012b ir viena no m\u016bsu p\u0113c pas\u016bt\u012bjuma izgatavotaj\u0101m 5 m ner\u016bs\u0113jo\u0161\u0101 t\u0113rauda maizes ceptuves piekab\u0113m, kas tiek p\u0101rdota. Parasti tas ir v\u0113lamais modelis mobilo \u0113din\u0101\u0161anas piekabju biznesa uzs\u0101k\u0161anai. Protams, m\u0113s varam izgatavot l\u012bdz\u012bgu ner\u016bs\u0113jo\u0161\u0101 t\u0113rauda maizes ceptuves piekabi p\u0101rdo\u0161anai k\u0101 \u0161o vai piel\u0101got to jums. L\u016bdzu, sazinieties ar mums un past\u0101stiet mums savas detaliz\u0113t\u0101s pras\u012bbas. Vienk\u0101r\u0161i nevilcinieties sazin\u0101ties ar mums!<\/p>","protected":false},"featured_media":8160,"template":"","meta":{"_themeisle_gutenberg_block_has_review":false},"product_brand":[],"product_cat":[26],"product_tag":[96,104,33,45,38,51,40],"class_list":{"0":"post-8153","1":"product","2":"type-product","3":"status-publish","4":"has-post-thumbnail","6":"product_cat-product","7":"product_tag-16ft-food-trailer","8":"product_tag-bakery-trailer","9":"product_tag-customized-trailer","10":"product_tag-large-food-trailer","11":"product_tag-mobile-food-trailer","12":"product_tag-square-food-trailer","13":"product_tag-stainless-steel-trailer","15":"first","16":"instock","17":"shipping-taxable","18":"product-type-simple"},"yoast_head":"<!-- This site is optimized with the Yoast SEO plugin v27.6 - https:\/\/yoast.com\/product\/yoast-seo-wordpress\/ -->\n<title>Factory Price Stainless Steel Bakery Trailer For Sale - Honlu Trailer<\/title>\n<meta name=\"description\" content=\"Looking for a mobile stainless steel bakery trailer? Get a similar or customized one at a reasonable price now! Click to see your options!\" \/>\n<meta name=\"robots\" content=\"index, follow, max-snippet:-1, max-image-preview:large, max-video-preview:-1\" \/>\n<link rel=\"canonical\" href=\"https:\/\/www.honlufoodtrailer.com\/lv\/product\/16ft-stainless-steel-bakery-trailer\/\" \/>\n<meta property=\"og:locale\" content=\"lv_LV\" \/>\n<meta property=\"og:type\" content=\"article\" \/>\n<meta property=\"og:title\" content=\"Factory Price Stainless Steel Bakery Trailer For Sale - Honlu Trailer\" \/>\n<meta property=\"og:description\" content=\"Looking for a mobile stainless steel bakery trailer? Get a similar or customized one at a reasonable price now! Click to see your options!\" \/>\n<meta property=\"og:url\" content=\"https:\/\/www.honlufoodtrailer.com\/lv\/product\/16ft-stainless-steel-bakery-trailer\/\" \/>\n<meta property=\"og:site_name\" content=\"Honlu food trailer\" \/>\n<meta property=\"article:modified_time\" content=\"2025-02-14T06:21:18+00:00\" \/>\n<meta property=\"og:image\" content=\"https:\/\/www.honlufoodtrailer.com\/wp-content\/uploads\/2024\/07\/16ft-airstream-bakery-trailer.jpg\" \/>\n\t<meta property=\"og:image:width\" content=\"720\" \/>\n\t<meta property=\"og:image:height\" content=\"540\" \/>\n\t<meta property=\"og:image:type\" content=\"image\/jpeg\" \/>\n<meta name=\"twitter:card\" content=\"summary_large_image\" \/>\n<meta name=\"twitter:label1\" content=\"Est. reading time\" \/>\n\t<meta name=\"twitter:data1\" content=\"1 min\u016bte\" \/>\n<script type=\"application\/ld+json\" class=\"yoast-schema-graph\">{\"@context\":\"https:\\\/\\\/schema.org\",\"@graph\":[{\"@type\":\"WebPage\",\"@id\":\"https:\\\/\\\/www.honlufoodtrailer.com\\\/product\\\/16ft-stainless-steel-bakery-trailer\\\/\",\"url\":\"https:\\\/\\\/www.honlufoodtrailer.com\\\/product\\\/16ft-stainless-steel-bakery-trailer\\\/\",\"name\":\"Factory Price Stainless Steel Bakery Trailer For Sale - Honlu Trailer\",\"isPartOf\":{\"@id\":\"https:\\\/\\\/www.honlufoodtrailer.com\\\/#website\"},\"primaryImageOfPage\":{\"@id\":\"https:\\\/\\\/www.honlufoodtrailer.com\\\/product\\\/16ft-stainless-steel-bakery-trailer\\\/#primaryimage\"},\"image\":{\"@id\":\"https:\\\/\\\/www.honlufoodtrailer.com\\\/product\\\/16ft-stainless-steel-bakery-trailer\\\/#primaryimage\"},\"thumbnailUrl\":\"https:\\\/\\\/www.honlufoodtrailer.com\\\/wp-content\\\/uploads\\\/2024\\\/07\\\/16ft-airstream-bakery-trailer.jpg\",\"datePublished\":\"2024-07-31T10:18:22+00:00\",\"dateModified\":\"2025-02-14T06:21:18+00:00\",\"description\":\"Looking for a mobile stainless steel bakery trailer? Get a similar or customized one at a reasonable price now! Click to see your options!\",\"breadcrumb\":{\"@id\":\"https:\\\/\\\/www.honlufoodtrailer.com\\\/product\\\/16ft-stainless-steel-bakery-trailer\\\/#breadcrumb\"},\"inLanguage\":\"lv-LV\",\"potentialAction\":[{\"@type\":\"ReadAction\",\"target\":[\"https:\\\/\\\/www.honlufoodtrailer.com\\\/product\\\/16ft-stainless-steel-bakery-trailer\\\/\"]}]},{\"@type\":\"ImageObject\",\"inLanguage\":\"lv-LV\",\"@id\":\"https:\\\/\\\/www.honlufoodtrailer.com\\\/product\\\/16ft-stainless-steel-bakery-trailer\\\/#primaryimage\",\"url\":\"https:\\\/\\\/www.honlufoodtrailer.com\\\/wp-content\\\/uploads\\\/2024\\\/07\\\/16ft-airstream-bakery-trailer.jpg\",\"contentUrl\":\"https:\\\/\\\/www.honlufoodtrailer.com\\\/wp-content\\\/uploads\\\/2024\\\/07\\\/16ft-airstream-bakery-trailer.jpg\",\"width\":720,\"height\":540,\"caption\":\"16ft airstream bakery trailer\"},{\"@type\":\"BreadcrumbList\",\"@id\":\"https:\\\/\\\/www.honlufoodtrailer.com\\\/product\\\/16ft-stainless-steel-bakery-trailer\\\/#breadcrumb\",\"itemListElement\":[{\"@type\":\"ListItem\",\"position\":1,\"name\":\"Home\",\"item\":\"https:\\\/\\\/www.honlufoodtrailer.com\\\/\"},{\"@type\":\"ListItem\",\"position\":2,\"name\":\"\u4ea7\u54c1\",\"item\":\"https:\\\/\\\/www.honlufoodtrailer.com\\\/shop\\\/\"},{\"@type\":\"ListItem\",\"position\":3,\"name\":\"16ft Stainless Steel Bakery Trailer\"}]},{\"@type\":\"WebSite\",\"@id\":\"https:\\\/\\\/www.honlufoodtrailer.com\\\/#website\",\"url\":\"https:\\\/\\\/www.honlufoodtrailer.com\\\/\",\"name\":\"Honlu food trailer\",\"description\":\"\",\"publisher\":{\"@id\":\"https:\\\/\\\/www.honlufoodtrailer.com\\\/#organization\"},\"potentialAction\":[{\"@type\":\"SearchAction\",\"target\":{\"@type\":\"EntryPoint\",\"urlTemplate\":\"https:\\\/\\\/www.honlufoodtrailer.com\\\/?s={search_term_string}\"},\"query-input\":{\"@type\":\"PropertyValueSpecification\",\"valueRequired\":true,\"valueName\":\"search_term_string\"}}],\"inLanguage\":\"lv-LV\"},{\"@type\":\"Organization\",\"@id\":\"https:\\\/\\\/www.honlufoodtrailer.com\\\/#organization\",\"name\":\"Honlu food trailer\",\"url\":\"https:\\\/\\\/www.honlufoodtrailer.com\\\/\",\"logo\":{\"@type\":\"ImageObject\",\"inLanguage\":\"lv-LV\",\"@id\":\"https:\\\/\\\/www.honlufoodtrailer.com\\\/#\\\/schema\\\/logo\\\/image\\\/\",\"url\":\"https:\\\/\\\/www.honlufoodtrailer.com\\\/wp-content\\\/uploads\\\/2021\\\/12\\\/2.gif\",\"contentUrl\":\"https:\\\/\\\/www.honlufoodtrailer.com\\\/wp-content\\\/uploads\\\/2021\\\/12\\\/2.gif\",\"width\":350,\"height\":100,\"caption\":\"Honlu food trailer\"},\"image\":{\"@id\":\"https:\\\/\\\/www.honlufoodtrailer.com\\\/#\\\/schema\\\/logo\\\/image\\\/\"}}]}<\/script>\n<!-- \/ Yoast SEO plugin. -->","yoast_head_json":{"title":"P\u0101rdo\u0161an\u0101 ner\u016bs\u0113jo\u0161\u0101 t\u0113rauda maizes ceptuves piekabe r\u016bpn\u012bcas cena - Honlu piekabe","description":"Mekl\u0113jat mobilo ner\u016bs\u0113jo\u0161\u0101 t\u0113rauda maizes ceptuves piekabi? Ieg\u0101d\u0101jieties l\u012bdz\u012bgu vai piel\u0101gotu par sapr\u0101t\u012bgu cenu jau tagad! Noklik\u0161\u0137iniet, lai apskat\u012btu savas iesp\u0113jas!","robots":{"index":"index","follow":"follow","max-snippet":"max-snippet:-1","max-image-preview":"max-image-preview:large","max-video-preview":"max-video-preview:-1"},"canonical":"https:\/\/www.honlufoodtrailer.com\/lv\/product\/16ft-stainless-steel-bakery-trailer\/","og_locale":"lv_LV","og_type":"article","og_title":"Factory Price Stainless Steel Bakery Trailer For Sale - Honlu Trailer","og_description":"Looking for a mobile stainless steel bakery trailer? Get a similar or customized one at a reasonable price now! Click to see your options!","og_url":"https:\/\/www.honlufoodtrailer.com\/lv\/product\/16ft-stainless-steel-bakery-trailer\/","og_site_name":"Honlu food trailer","article_modified_time":"2025-02-14T06:21:18+00:00","og_image":[{"width":720,"height":540,"url":"https:\/\/www.honlufoodtrailer.com\/wp-content\/uploads\/2024\/07\/16ft-airstream-bakery-trailer.jpg","type":"image\/jpeg"}],"twitter_card":"summary_large_image","twitter_misc":{"Est. reading time":"1 min\u016bte"},"schema":{"@context":"https:\/\/schema.org","@graph":[{"@type":"WebPage","@id":"https:\/\/www.honlufoodtrailer.com\/product\/16ft-stainless-steel-bakery-trailer\/","url":"https:\/\/www.honlufoodtrailer.com\/product\/16ft-stainless-steel-bakery-trailer\/","name":"P\u0101rdo\u0161an\u0101 ner\u016bs\u0113jo\u0161\u0101 t\u0113rauda maizes ceptuves piekabe r\u016bpn\u012bcas cena - Honlu piekabe","isPartOf":{"@id":"https:\/\/www.honlufoodtrailer.com\/#website"},"primaryImageOfPage":{"@id":"https:\/\/www.honlufoodtrailer.com\/product\/16ft-stainless-steel-bakery-trailer\/#primaryimage"},"image":{"@id":"https:\/\/www.honlufoodtrailer.com\/product\/16ft-stainless-steel-bakery-trailer\/#primaryimage"},"thumbnailUrl":"https:\/\/www.honlufoodtrailer.com\/wp-content\/uploads\/2024\/07\/16ft-airstream-bakery-trailer.jpg","datePublished":"2024-07-31T10:18:22+00:00","dateModified":"2025-02-14T06:21:18+00:00","description":"Mekl\u0113jat mobilo ner\u016bs\u0113jo\u0161\u0101 t\u0113rauda maizes ceptuves piekabi? Ieg\u0101d\u0101jieties l\u012bdz\u012bgu vai piel\u0101gotu par sapr\u0101t\u012bgu cenu jau tagad! Noklik\u0161\u0137iniet, lai apskat\u012btu savas iesp\u0113jas!","breadcrumb":{"@id":"https:\/\/www.honlufoodtrailer.com\/product\/16ft-stainless-steel-bakery-trailer\/#breadcrumb"},"inLanguage":"lv-LV","potentialAction":[{"@type":"ReadAction","target":["https:\/\/www.honlufoodtrailer.com\/product\/16ft-stainless-steel-bakery-trailer\/"]}]},{"@type":"ImageObject","inLanguage":"lv-LV","@id":"https:\/\/www.honlufoodtrailer.com\/product\/16ft-stainless-steel-bakery-trailer\/#primaryimage","url":"https:\/\/www.honlufoodtrailer.com\/wp-content\/uploads\/2024\/07\/16ft-airstream-bakery-trailer.jpg","contentUrl":"https:\/\/www.honlufoodtrailer.com\/wp-content\/uploads\/2024\/07\/16ft-airstream-bakery-trailer.jpg","width":720,"height":540,"caption":"16ft airstream bakery trailer"},{"@type":"BreadcrumbList","@id":"https:\/\/www.honlufoodtrailer.com\/product\/16ft-stainless-steel-bakery-trailer\/#breadcrumb","itemListElement":[{"@type":"ListItem","position":1,"name":"Home","item":"https:\/\/www.honlufoodtrailer.com\/"},{"@type":"ListItem","position":2,"name":"\u4ea7\u54c1","item":"https:\/\/www.honlufoodtrailer.com\/shop\/"},{"@type":"ListItem","position":3,"name":"16ft Stainless Steel Bakery Trailer"}]},{"@type":"WebSite","@id":"https:\/\/www.honlufoodtrailer.com\/#website","url":"https:\/\/www.honlufoodtrailer.com\/","name":"Honlu p\u0101rtikas piekabe","description":"","publisher":{"@id":"https:\/\/www.honlufoodtrailer.com\/#organization"},"potentialAction":[{"@type":"SearchAction","target":{"@type":"EntryPoint","urlTemplate":"https:\/\/www.honlufoodtrailer.com\/?s={search_term_string}"},"query-input":{"@type":"PropertyValueSpecification","valueRequired":true,"valueName":"search_term_string"}}],"inLanguage":"lv-LV"},{"@type":"Organization","@id":"https:\/\/www.honlufoodtrailer.com\/#organization","name":"Honlu p\u0101rtikas piekabe","url":"https:\/\/www.honlufoodtrailer.com\/","logo":{"@type":"ImageObject","inLanguage":"lv-LV","@id":"https:\/\/www.honlufoodtrailer.com\/#\/schema\/logo\/image\/","url":"https:\/\/www.honlufoodtrailer.com\/wp-content\/uploads\/2021\/12\/2.gif","contentUrl":"https:\/\/www.honlufoodtrailer.com\/wp-content\/uploads\/2021\/12\/2.gif","width":350,"height":100,"caption":"Honlu food trailer"},"image":{"@id":"https:\/\/www.honlufoodtrailer.com\/#\/schema\/logo\/image\/"}}]}},"_links":{"self":[{"href":"https:\/\/www.honlufoodtrailer.com\/lv\/wp-json\/wp\/v2\/product\/8153","targetHints":{"allow":["GET"]}}],"collection":[{"href":"https:\/\/www.honlufoodtrailer.com\/lv\/wp-json\/wp\/v2\/product"}],"about":[{"href":"https:\/\/www.honlufoodtrailer.com\/lv\/wp-json\/wp\/v2\/types\/product"}],"version-history":[{"count":0,"href":"https:\/\/www.honlufoodtrailer.com\/lv\/wp-json\/wp\/v2\/product\/8153\/revisions"}],"wp:featuredmedia":[{"embeddable":true,"href":"https:\/\/www.honlufoodtrailer.com\/lv\/wp-json\/wp\/v2\/media\/8160"}],"wp:attachment":[{"href":"https:\/\/www.honlufoodtrailer.com\/lv\/wp-json\/wp\/v2\/media?parent=8153"}],"wp:term":[{"taxonomy":"product_brand","embeddable":true,"href":"https:\/\/www.honlufoodtrailer.com\/lv\/wp-json\/wp\/v2\/product_brand?post=8153"},{"taxonomy":"product_cat","embeddable":true,"href":"https:\/\/www.honlufoodtrailer.com\/lv\/wp-json\/wp\/v2\/product_cat?post=8153"},{"taxonomy":"product_tag","embeddable":true,"href":"https:\/\/www.honlufoodtrailer.com\/lv\/wp-json\/wp\/v2\/product_tag?post=8153"}],"curies":[{"name":"wp","href":"https:\/\/api.w.org\/{rel}","templated":true}]}}