{"id":8283,"date":"2024-08-28T18:13:20","date_gmt":"2024-08-28T10:13:20","guid":{"rendered":"https:\/\/www.honlufoodtrailer.com\/?post_type=product&#038;p=8283"},"modified":"2025-02-14T14:05:02","modified_gmt":"2025-02-14T06:05:02","slug":"23ft-taqueria-taco-truck","status":"publish","type":"product","link":"https:\/\/www.honlufoodtrailer.com\/lv\/product\/23ft-taqueria-taco-truck\/","title":{"rendered":"23\u00a0ft Taqueria Taco kravas automa\u0161\u012bna"},"content":{"rendered":"<p>Vai mekl\u0113jat taqueria taco kravas automa\u0161\u012bnu? Skatiet \u0161o 23\u00a0ft taqueria taco kravas automa\u0161\u012bnu \u0161eit! M\u0113s esam to piel\u0101goju\u0161i vienam no m\u016bsu klientiem. M\u016bsu klients to izmantos, lai p\u0101rdotu meksik\u0101\u0146u p\u0101rtiku. M\u0113s varam izgatavot l\u012bdz\u012bgu p\u0101rtikas kravas automa\u0161\u012bnu, piem\u0113ram, \u0161o, vai piel\u0101got to jums. Taco kravas automa\u0161\u012bnas piekabes virsb\u016bves kr\u0101su, uzl\u012bmes, izk\u0101rtnes, virtuves apr\u012bkojumu var piel\u0101got. Tagad apskat\u012bsim da\u017eus \u0161\u012bs p\u0101rtikas kravas automa\u0161\u012bnas att\u0113lus!<\/p>\n<p><img fetchpriority=\"high\" decoding=\"async\" class=\"aligncenter size-full wp-image-8290\" src=\"https:\/\/www.honlufoodtrailer.com\/wp-content\/uploads\/2024\/08\/7m-taqueria-truck.jpg\" alt=\"7m taqueria kravas automa\u0161\u012bna\" width=\"720\" height=\"540\" srcset=\"https:\/\/www.honlufoodtrailer.com\/wp-content\/uploads\/2024\/08\/7m-taqueria-truck.jpg 720w, https:\/\/www.honlufoodtrailer.com\/wp-content\/uploads\/2024\/08\/7m-taqueria-truck-480x360.jpg 480w, https:\/\/www.honlufoodtrailer.com\/wp-content\/uploads\/2024\/08\/7m-taqueria-truck-300x225.jpg 300w\" sizes=\"(max-width: 720px) 100vw, 720px\" \/> <img decoding=\"async\" class=\"aligncenter size-full wp-image-8286\" src=\"https:\/\/www.honlufoodtrailer.com\/wp-content\/uploads\/2024\/08\/7m-taco-food-truck.jpg\" alt=\"7\u00a0m taco p\u0101rtikas kravas automa\u0161\u012bna\" width=\"720\" height=\"540\" srcset=\"https:\/\/www.honlufoodtrailer.com\/wp-content\/uploads\/2024\/08\/7m-taco-food-truck.jpg 720w, https:\/\/www.honlufoodtrailer.com\/wp-content\/uploads\/2024\/08\/7m-taco-food-truck-480x360.jpg 480w, https:\/\/www.honlufoodtrailer.com\/wp-content\/uploads\/2024\/08\/7m-taco-food-truck-300x225.jpg 300w\" sizes=\"(max-width: 720px) 100vw, 720px\" \/><\/p>\n<p>K\u0101 redzams no iepriek\u0161 redzamajiem att\u0113liem, \u0161ai 7\u00a0m lielajai taco kravas automa\u0161\u012bnai ir pievilc\u012bga kr\u0101sa. Atbilsto\u0161i pas\u016bt\u012bt\u0101ja pras\u012bb\u0101m izgatavoj\u0101m uzl\u012bmes un \u0113dienkartes uz food truck priek\u0161puses. Turkl\u0101t p\u0101rtikas kravas automa\u0161\u012bnas priek\u0161pus\u0113 ir divi lieli apkalpo\u0161anas logi, lai pusdienot\u0101ji var\u0113tu pas\u016bt\u012bt un pa\u0146emt malt\u012btes. Food truck aug\u0161pus\u0113 m\u0113s izveidoj\u0101m izk\u0101rtni. P\u0101rtikas kravas automa\u0161\u012bnas labaj\u0101 pus\u0113 ir durvis ieejai un izejai.<\/p>\n<h2>\u0160\u012bs 23\u00a0ft Taqueria Taco kravas automa\u0161\u012bnas izmanto\u0161ana<\/h2>\n<p>M\u016bsu klients galvenok\u0101rt izmanto \u0161o p\u0101rtikas kravas automa\u0161\u012bnu, lai p\u0101rdotu daudzu veidu meksik\u0101\u0146u \u0113dienus, piem\u0113ram, meksik\u0101\u0146u tortiljas, burito, kesadi\u013cu, c\u0113zara sal\u0101tus, meksik\u0101\u0146u grilu, na\u010do. Ar 23\u00a0p\u0113du lielu telpu \u0161\u012b p\u0101rtikas kravas automa\u0161\u012bna var apkalpot lielu skaitu cilv\u0113ku. T\u0101l\u0101k apskat\u012bsim \u0161\u012bs taqueria kravas automa\u0161\u012bnas iek\u0161\u0113jo skatu.<\/p>\n<p><img decoding=\"async\" class=\"aligncenter size-full wp-image-8289\" src=\"https:\/\/www.honlufoodtrailer.com\/wp-content\/uploads\/2024\/08\/7m-taqueria-taco-truck-inner-view.jpg\" alt=\"7\u00a0m taqueria taco kravas automa\u0161\u012bnas iek\u0161skats\" width=\"720\" height=\"540\" srcset=\"https:\/\/www.honlufoodtrailer.com\/wp-content\/uploads\/2024\/08\/7m-taqueria-taco-truck-inner-view.jpg 720w, https:\/\/www.honlufoodtrailer.com\/wp-content\/uploads\/2024\/08\/7m-taqueria-taco-truck-inner-view-480x360.jpg 480w, https:\/\/www.honlufoodtrailer.com\/wp-content\/uploads\/2024\/08\/7m-taqueria-taco-truck-inner-view-300x225.jpg 300w\" sizes=\"(max-width: 720px) 100vw, 720px\" \/> <img loading=\"lazy\" decoding=\"async\" class=\"aligncenter size-full wp-image-8294\" src=\"https:\/\/www.honlufoodtrailer.com\/wp-content\/uploads\/2024\/08\/7m-taqueria-taco-truck-inner-structure.jpg\" alt=\"7m taqueria taco kravas automa\u0161\u012bnas iek\u0161\u0113j\u0101 konstrukcija\" width=\"800\" height=\"800\" srcset=\"https:\/\/www.honlufoodtrailer.com\/wp-content\/uploads\/2024\/08\/7m-taqueria-taco-truck-inner-structure.jpg 800w, https:\/\/www.honlufoodtrailer.com\/wp-content\/uploads\/2024\/08\/7m-taqueria-taco-truck-inner-structure-768x768.jpg 768w, https:\/\/www.honlufoodtrailer.com\/wp-content\/uploads\/2024\/08\/7m-taqueria-taco-truck-inner-structure-360x360.jpg 360w, https:\/\/www.honlufoodtrailer.com\/wp-content\/uploads\/2024\/08\/7m-taqueria-taco-truck-inner-structure-300x300.jpg 300w, https:\/\/www.honlufoodtrailer.com\/wp-content\/uploads\/2024\/08\/7m-taqueria-taco-truck-inner-structure-720x720.jpg 720w, https:\/\/www.honlufoodtrailer.com\/wp-content\/uploads\/2024\/08\/7m-taqueria-taco-truck-inner-structure-100x100.jpg 100w\" sizes=\"(max-width: 800px) 100vw, 800px\" \/><\/p>\n<p>K\u0101 redzams no att\u0113la, m\u0113s esam apr\u012bkoju\u0161i 23\u00a0ft taco p\u0101rtikas kravas automa\u0161\u012bnu ar virtuves apr\u012bkojumu. Piekabes iek\u0161pus\u0113 galvenok\u0101rt ir virtuves iek\u0101rtas, piem\u0113ram, g\u0101zes pl\u012bts, 3+1 izlietnes, sal\u0101tu b\u0101ra ledusskapis, g\u0101zes pl\u012bts, tvaika nos\u016bc\u0113js, gaisa kondicionieris utt. Ar augst\u0101kmin\u0113to virtuves iek\u0101rtu m\u016bsu klients var\u0113s apkalpot \u0113din\u0101t\u0101jus ar da\u017e\u0101da veida meksik\u0101\u0146u \u0113dieniem.<\/p>\n<h2><b class=\"magic-22\"><span class=\"magic-11\">S\u012bk\u0101ka inform\u0101cija:<\/span><\/b><\/h2>\n<p>Skatiet s\u012bk\u0101ku inform\u0101ciju par \u0161\u012bs taqueria taco kravas automa\u0161\u012bnas ra\u017eo\u0161anu. K\u0101 profesion\u0101ls p\u0101rtikas piekabju ra\u017eot\u0101js un eksport\u0113t\u0101js ar vair\u0101k nek\u0101 10 gadu pieredzi, m\u0113s esam iepazinu\u0161ies ar daudzu valstu noteikumiem un pras\u012bb\u0101m, m\u0113s nodro\u0161in\u0101sim jums p\u0101rtikas kravas automa\u0161\u012bnas, kas atbilst j\u016bsu valsts pras\u012bb\u0101m. Vienk\u0101r\u0161i sazinieties ar mums, lai piel\u0101gotu savu p\u0101rtikas kravas automa\u0161\u012bnu!<\/p>\n<p><img loading=\"lazy\" decoding=\"async\" class=\"aligncenter size-full wp-image-8295\" src=\"https:\/\/www.honlufoodtrailer.com\/wp-content\/uploads\/2024\/08\/23ft-taqueria-taco-truck-details.jpg\" alt=\"23\u00a0ft taqueria taco kravas automa\u0161\u012bnas deta\u013cas\" width=\"800\" height=\"800\" srcset=\"https:\/\/www.honlufoodtrailer.com\/wp-content\/uploads\/2024\/08\/23ft-taqueria-taco-truck-details.jpg 800w, https:\/\/www.honlufoodtrailer.com\/wp-content\/uploads\/2024\/08\/23ft-taqueria-taco-truck-details-768x768.jpg 768w, https:\/\/www.honlufoodtrailer.com\/wp-content\/uploads\/2024\/08\/23ft-taqueria-taco-truck-details-360x360.jpg 360w, https:\/\/www.honlufoodtrailer.com\/wp-content\/uploads\/2024\/08\/23ft-taqueria-taco-truck-details-300x300.jpg 300w, https:\/\/www.honlufoodtrailer.com\/wp-content\/uploads\/2024\/08\/23ft-taqueria-taco-truck-details-720x720.jpg 720w, https:\/\/www.honlufoodtrailer.com\/wp-content\/uploads\/2024\/08\/23ft-taqueria-taco-truck-details-100x100.jpg 100w\" sizes=\"(max-width: 800px) 100vw, 800px\" \/><\/p>\n<h3>\u0160\u012bs mobil\u0101s Taco kravas automa\u0161\u012bnas galven\u0101s iez\u012bmes:<\/h3>\n<p><span class=\"magic-12\">1. 7 metrus gar\u0161, pla\u0161s interjers;<br \/>\n2. Viegli p\u0101rvietoties uz jebkuru vietu (j\u016bsu bizness nav ierobe\u017eots);<br \/>\nPievilc\u012bgs izskats (neredzams, lai piesaist\u012btu vair\u0101k klientu);<br \/>\n4. Ilgs kalpo\u0161anas laiks (iztur\u012bgs pret koroziju, karstumiztur\u012bgs, \u016bdensiztur\u012bgs, bez deform\u0101cijas).<\/span><\/p>\n<h3>Bezmaksas 2D\/3D st\u0101va pl\u0101na ras\u0113jums<\/h3>\n<p>P\u0113c p\u0101rtikas piekabes un iek\u0161\u0113j\u0101 virtuves apr\u012bkojuma izm\u0113ru apstiprin\u0101\u0161anas m\u0113s varam jums bez maksas nodro\u0161in\u0101t 3D ras\u0113jumus. Tas sniegs jums skaidr\u0101ku priek\u0161statu par j\u016bsu dizainu un p\u0101rtikas rati\u0146iem. Apstiprinot virtuves apr\u012bkojuma atra\u0161an\u0101s vietu, m\u0113s var\u0113sim skaidri sazin\u0101ties ar jums, izmantojot st\u0101vu pl\u0101nu. M\u0113s varam ar\u012b nodro\u0161in\u0101t j\u016bs ar ori\u0123in\u0101lajiem dokumentiem, lai atvieglotu j\u016bsu dizainu un veiktu korekcijas.<\/p>\n<h3>Vair\u0101k l\u012bdz\u012bgu Taco kravas automa\u0161\u012bnu:<\/h3>\n<p>Skatiet da\u017eas citas taco kravas automa\u0161\u012bnas, kuras esam piel\u0101goju\u0161i m\u016bsu klientiem. T\u0101l\u0101k ir nor\u0101d\u012bta is <a href=\"https:\/\/www.honlufoodtrailer.com\/lv\/product\/5-7m-mexican-food-trailer\/\" target=\"_blank\" rel=\"noopener\">5,7 m Meksik\u0101\u0146u p\u0101rtikas piekabe<\/a>. <a href=\"https:\/\/www.honlufoodtrailer.com\/lv\/product\/18-pedu-meksikanu-partikas-piekabes-pardosanai\/\" target=\"_blank\" rel=\"noopener\">18 p\u0113du Meksikas p\u0101rtikas piekabe<\/a>. <a href=\"https:\/\/www.honlufoodtrailer.com\/lv\/product\/26ft-taco-truck-trailer-for-sale\/\" target=\"_blank\" rel=\"noopener\">26\u00a0ft taco koncesijas piekabe<\/a>. Ja j\u016bs interes\u0113 k\u0101ds no \u0161iem p\u0101rtikas piekab\u0113m, l\u016bdzu, nevilcinieties sazin\u0101ties ar mums t\u016bl\u012bt!<\/p>","protected":false},"excerpt":{"rendered":"<p>\u0160\u012b ir viena no m\u016bsu pas\u016bt\u012bjuma izgatavotaj\u0101m 23\u00a0ft taqueria taco kravas automa\u0161\u012bn\u0101m. Visam transportl\u012bdzeklim ir izmantots ner\u016bs\u0113jo\u0161ais t\u0113rauds un cinkota lok\u0161\u0146u t\u0113rauds. M\u016bsu klients to galvenok\u0101rt izmanto meksik\u0101\u0146u p\u0101rtikas p\u0101rdo\u0161anai. <strong>L\u016bdzu, noklik\u0161\u0137iniet uz t\u0101l\u0101k nor\u0101d\u012btaj\u0101m ciln\u0113m, lai skat\u012btu s\u012bk\u0101ku inform\u0101ciju par \u0161o p\u0101rtikas piekabi.<\/strong>. M\u0113s varam piel\u0101got p\u0101rtikas kravas automa\u0161\u012bnas \u0101rpusi un interjeru atbilsto\u0161i j\u016bsu detaliz\u0113taj\u0101m pras\u012bb\u0101m. Vienk\u0101r\u0161i nevilcinieties sazin\u0101ties ar mums un past\u0101stiet mums savu faktisko piepras\u012bjumu!<\/p>","protected":false},"featured_media":8285,"template":"","meta":{"_themeisle_gutenberg_block_has_review":false},"product_brand":[],"product_cat":[26],"product_tag":[33,62,63,84,64],"class_list":{"0":"post-8283","1":"product","2":"type-product","3":"status-publish","4":"has-post-thumbnail","6":"product_cat-product","7":"product_tag-customized-trailer","8":"product_tag-taco-food-trailer","9":"product_tag-taco-food-trailer-for-sale","10":"product_tag-taco-truck","11":"product_tag-taco-truck-trailer","13":"first","14":"instock","15":"shipping-taxable","16":"product-type-simple"},"yoast_head":"<!-- This site is optimized with the Yoast SEO plugin v27.6 - https:\/\/yoast.com\/product\/yoast-seo-wordpress\/ -->\n<title>Factory Price 23ft Taqueria Taco Truck From China - Honlu<\/title>\n<meta name=\"description\" content=\"This is a 23ft taqueria taco truck we have customized for an American customer. Get a similar or customized one at factory price now!\" \/>\n<meta name=\"robots\" content=\"index, follow, max-snippet:-1, max-image-preview:large, max-video-preview:-1\" \/>\n<link rel=\"canonical\" href=\"https:\/\/www.honlufoodtrailer.com\/lv\/product\/23ft-taqueria-taco-truck\/\" \/>\n<meta property=\"og:locale\" content=\"lv_LV\" \/>\n<meta property=\"og:type\" content=\"article\" \/>\n<meta property=\"og:title\" content=\"Factory Price 23ft Taqueria Taco Truck From China - Honlu\" \/>\n<meta property=\"og:description\" content=\"This is a 23ft taqueria taco truck we have customized for an American customer. Get a similar or customized one at factory price now!\" \/>\n<meta property=\"og:url\" content=\"https:\/\/www.honlufoodtrailer.com\/lv\/product\/23ft-taqueria-taco-truck\/\" \/>\n<meta property=\"og:site_name\" content=\"Honlu food trailer\" \/>\n<meta property=\"article:modified_time\" content=\"2025-02-14T06:05:02+00:00\" \/>\n<meta property=\"og:image\" content=\"https:\/\/www.honlufoodtrailer.com\/wp-content\/uploads\/2024\/08\/7m-mobile-taco-truck.jpg\" \/>\n\t<meta property=\"og:image:width\" content=\"720\" \/>\n\t<meta property=\"og:image:height\" content=\"540\" \/>\n\t<meta property=\"og:image:type\" content=\"image\/jpeg\" \/>\n<meta name=\"twitter:card\" content=\"summary_large_image\" \/>\n<meta name=\"twitter:label1\" content=\"Est. reading time\" \/>\n\t<meta name=\"twitter:data1\" content=\"1 min\u016bte\" \/>\n<script type=\"application\/ld+json\" class=\"yoast-schema-graph\">{\"@context\":\"https:\\\/\\\/schema.org\",\"@graph\":[{\"@type\":\"WebPage\",\"@id\":\"https:\\\/\\\/www.honlufoodtrailer.com\\\/product\\\/23ft-taqueria-taco-truck\\\/\",\"url\":\"https:\\\/\\\/www.honlufoodtrailer.com\\\/product\\\/23ft-taqueria-taco-truck\\\/\",\"name\":\"Factory Price 23ft Taqueria Taco Truck From China - Honlu\",\"isPartOf\":{\"@id\":\"https:\\\/\\\/www.honlufoodtrailer.com\\\/#website\"},\"primaryImageOfPage\":{\"@id\":\"https:\\\/\\\/www.honlufoodtrailer.com\\\/product\\\/23ft-taqueria-taco-truck\\\/#primaryimage\"},\"image\":{\"@id\":\"https:\\\/\\\/www.honlufoodtrailer.com\\\/product\\\/23ft-taqueria-taco-truck\\\/#primaryimage\"},\"thumbnailUrl\":\"https:\\\/\\\/www.honlufoodtrailer.com\\\/wp-content\\\/uploads\\\/2024\\\/08\\\/7m-mobile-taco-truck.jpg\",\"datePublished\":\"2024-08-28T10:13:20+00:00\",\"dateModified\":\"2025-02-14T06:05:02+00:00\",\"description\":\"This is a 23ft taqueria taco truck we have customized for an American customer. Get a similar or customized one at factory price now!\",\"breadcrumb\":{\"@id\":\"https:\\\/\\\/www.honlufoodtrailer.com\\\/product\\\/23ft-taqueria-taco-truck\\\/#breadcrumb\"},\"inLanguage\":\"lv-LV\",\"potentialAction\":[{\"@type\":\"ReadAction\",\"target\":[\"https:\\\/\\\/www.honlufoodtrailer.com\\\/product\\\/23ft-taqueria-taco-truck\\\/\"]}]},{\"@type\":\"ImageObject\",\"inLanguage\":\"lv-LV\",\"@id\":\"https:\\\/\\\/www.honlufoodtrailer.com\\\/product\\\/23ft-taqueria-taco-truck\\\/#primaryimage\",\"url\":\"https:\\\/\\\/www.honlufoodtrailer.com\\\/wp-content\\\/uploads\\\/2024\\\/08\\\/7m-mobile-taco-truck.jpg\",\"contentUrl\":\"https:\\\/\\\/www.honlufoodtrailer.com\\\/wp-content\\\/uploads\\\/2024\\\/08\\\/7m-mobile-taco-truck.jpg\",\"width\":720,\"height\":540,\"caption\":\"7m mobile taco truck\"},{\"@type\":\"BreadcrumbList\",\"@id\":\"https:\\\/\\\/www.honlufoodtrailer.com\\\/product\\\/23ft-taqueria-taco-truck\\\/#breadcrumb\",\"itemListElement\":[{\"@type\":\"ListItem\",\"position\":1,\"name\":\"Home\",\"item\":\"https:\\\/\\\/www.honlufoodtrailer.com\\\/\"},{\"@type\":\"ListItem\",\"position\":2,\"name\":\"\u4ea7\u54c1\",\"item\":\"https:\\\/\\\/www.honlufoodtrailer.com\\\/shop\\\/\"},{\"@type\":\"ListItem\",\"position\":3,\"name\":\"23ft Taqueria Taco Truck\"}]},{\"@type\":\"WebSite\",\"@id\":\"https:\\\/\\\/www.honlufoodtrailer.com\\\/#website\",\"url\":\"https:\\\/\\\/www.honlufoodtrailer.com\\\/\",\"name\":\"Honlu food trailer\",\"description\":\"\",\"publisher\":{\"@id\":\"https:\\\/\\\/www.honlufoodtrailer.com\\\/#organization\"},\"potentialAction\":[{\"@type\":\"SearchAction\",\"target\":{\"@type\":\"EntryPoint\",\"urlTemplate\":\"https:\\\/\\\/www.honlufoodtrailer.com\\\/?s={search_term_string}\"},\"query-input\":{\"@type\":\"PropertyValueSpecification\",\"valueRequired\":true,\"valueName\":\"search_term_string\"}}],\"inLanguage\":\"lv-LV\"},{\"@type\":\"Organization\",\"@id\":\"https:\\\/\\\/www.honlufoodtrailer.com\\\/#organization\",\"name\":\"Honlu food trailer\",\"url\":\"https:\\\/\\\/www.honlufoodtrailer.com\\\/\",\"logo\":{\"@type\":\"ImageObject\",\"inLanguage\":\"lv-LV\",\"@id\":\"https:\\\/\\\/www.honlufoodtrailer.com\\\/#\\\/schema\\\/logo\\\/image\\\/\",\"url\":\"https:\\\/\\\/www.honlufoodtrailer.com\\\/wp-content\\\/uploads\\\/2021\\\/12\\\/2.gif\",\"contentUrl\":\"https:\\\/\\\/www.honlufoodtrailer.com\\\/wp-content\\\/uploads\\\/2021\\\/12\\\/2.gif\",\"width\":350,\"height\":100,\"caption\":\"Honlu food trailer\"},\"image\":{\"@id\":\"https:\\\/\\\/www.honlufoodtrailer.com\\\/#\\\/schema\\\/logo\\\/image\\\/\"}}]}<\/script>\n<!-- \/ Yoast SEO plugin. -->","yoast_head_json":{"title":"R\u016bpn\u012bcas cena 23 p\u0113du Taqueria Taco kravas automa\u0161\u012bna no \u0136\u012bnas\u00a0\u2014 Honlu","description":"\u0160\u012b ir 23 p\u0113du gara taqueria taco kravas automa\u0161\u012bna, ko esam piel\u0101goju\u0161i k\u0101dam amerik\u0101\u0146u klientam. Ieg\u016bstiet l\u012bdz\u012bgu vai piel\u0101gotu par r\u016bpn\u012bcas cenu t\u016bl\u012bt!","robots":{"index":"index","follow":"follow","max-snippet":"max-snippet:-1","max-image-preview":"max-image-preview:large","max-video-preview":"max-video-preview:-1"},"canonical":"https:\/\/www.honlufoodtrailer.com\/lv\/product\/23ft-taqueria-taco-truck\/","og_locale":"lv_LV","og_type":"article","og_title":"Factory Price 23ft Taqueria Taco Truck From China - Honlu","og_description":"This is a 23ft taqueria taco truck we have customized for an American customer. Get a similar or customized one at factory price now!","og_url":"https:\/\/www.honlufoodtrailer.com\/lv\/product\/23ft-taqueria-taco-truck\/","og_site_name":"Honlu food trailer","article_modified_time":"2025-02-14T06:05:02+00:00","og_image":[{"width":720,"height":540,"url":"https:\/\/www.honlufoodtrailer.com\/wp-content\/uploads\/2024\/08\/7m-mobile-taco-truck.jpg","type":"image\/jpeg"}],"twitter_card":"summary_large_image","twitter_misc":{"Est. reading time":"1 min\u016bte"},"schema":{"@context":"https:\/\/schema.org","@graph":[{"@type":"WebPage","@id":"https:\/\/www.honlufoodtrailer.com\/product\/23ft-taqueria-taco-truck\/","url":"https:\/\/www.honlufoodtrailer.com\/product\/23ft-taqueria-taco-truck\/","name":"R\u016bpn\u012bcas cena 23 p\u0113du Taqueria Taco kravas automa\u0161\u012bna no \u0136\u012bnas\u00a0\u2014 Honlu","isPartOf":{"@id":"https:\/\/www.honlufoodtrailer.com\/#website"},"primaryImageOfPage":{"@id":"https:\/\/www.honlufoodtrailer.com\/product\/23ft-taqueria-taco-truck\/#primaryimage"},"image":{"@id":"https:\/\/www.honlufoodtrailer.com\/product\/23ft-taqueria-taco-truck\/#primaryimage"},"thumbnailUrl":"https:\/\/www.honlufoodtrailer.com\/wp-content\/uploads\/2024\/08\/7m-mobile-taco-truck.jpg","datePublished":"2024-08-28T10:13:20+00:00","dateModified":"2025-02-14T06:05:02+00:00","description":"\u0160\u012b ir 23 p\u0113du gara taqueria taco kravas automa\u0161\u012bna, ko esam piel\u0101goju\u0161i k\u0101dam amerik\u0101\u0146u klientam. Ieg\u016bstiet l\u012bdz\u012bgu vai piel\u0101gotu par r\u016bpn\u012bcas cenu t\u016bl\u012bt!","breadcrumb":{"@id":"https:\/\/www.honlufoodtrailer.com\/product\/23ft-taqueria-taco-truck\/#breadcrumb"},"inLanguage":"lv-LV","potentialAction":[{"@type":"ReadAction","target":["https:\/\/www.honlufoodtrailer.com\/product\/23ft-taqueria-taco-truck\/"]}]},{"@type":"ImageObject","inLanguage":"lv-LV","@id":"https:\/\/www.honlufoodtrailer.com\/product\/23ft-taqueria-taco-truck\/#primaryimage","url":"https:\/\/www.honlufoodtrailer.com\/wp-content\/uploads\/2024\/08\/7m-mobile-taco-truck.jpg","contentUrl":"https:\/\/www.honlufoodtrailer.com\/wp-content\/uploads\/2024\/08\/7m-mobile-taco-truck.jpg","width":720,"height":540,"caption":"7m mobile taco truck"},{"@type":"BreadcrumbList","@id":"https:\/\/www.honlufoodtrailer.com\/product\/23ft-taqueria-taco-truck\/#breadcrumb","itemListElement":[{"@type":"ListItem","position":1,"name":"Home","item":"https:\/\/www.honlufoodtrailer.com\/"},{"@type":"ListItem","position":2,"name":"\u4ea7\u54c1","item":"https:\/\/www.honlufoodtrailer.com\/shop\/"},{"@type":"ListItem","position":3,"name":"23ft Taqueria Taco Truck"}]},{"@type":"WebSite","@id":"https:\/\/www.honlufoodtrailer.com\/#website","url":"https:\/\/www.honlufoodtrailer.com\/","name":"Honlu p\u0101rtikas piekabe","description":"","publisher":{"@id":"https:\/\/www.honlufoodtrailer.com\/#organization"},"potentialAction":[{"@type":"SearchAction","target":{"@type":"EntryPoint","urlTemplate":"https:\/\/www.honlufoodtrailer.com\/?s={search_term_string}"},"query-input":{"@type":"PropertyValueSpecification","valueRequired":true,"valueName":"search_term_string"}}],"inLanguage":"lv-LV"},{"@type":"Organization","@id":"https:\/\/www.honlufoodtrailer.com\/#organization","name":"Honlu p\u0101rtikas piekabe","url":"https:\/\/www.honlufoodtrailer.com\/","logo":{"@type":"ImageObject","inLanguage":"lv-LV","@id":"https:\/\/www.honlufoodtrailer.com\/#\/schema\/logo\/image\/","url":"https:\/\/www.honlufoodtrailer.com\/wp-content\/uploads\/2021\/12\/2.gif","contentUrl":"https:\/\/www.honlufoodtrailer.com\/wp-content\/uploads\/2021\/12\/2.gif","width":350,"height":100,"caption":"Honlu food trailer"},"image":{"@id":"https:\/\/www.honlufoodtrailer.com\/#\/schema\/logo\/image\/"}}]}},"_links":{"self":[{"href":"https:\/\/www.honlufoodtrailer.com\/lv\/wp-json\/wp\/v2\/product\/8283","targetHints":{"allow":["GET"]}}],"collection":[{"href":"https:\/\/www.honlufoodtrailer.com\/lv\/wp-json\/wp\/v2\/product"}],"about":[{"href":"https:\/\/www.honlufoodtrailer.com\/lv\/wp-json\/wp\/v2\/types\/product"}],"version-history":[{"count":0,"href":"https:\/\/www.honlufoodtrailer.com\/lv\/wp-json\/wp\/v2\/product\/8283\/revisions"}],"wp:featuredmedia":[{"embeddable":true,"href":"https:\/\/www.honlufoodtrailer.com\/lv\/wp-json\/wp\/v2\/media\/8285"}],"wp:attachment":[{"href":"https:\/\/www.honlufoodtrailer.com\/lv\/wp-json\/wp\/v2\/media?parent=8283"}],"wp:term":[{"taxonomy":"product_brand","embeddable":true,"href":"https:\/\/www.honlufoodtrailer.com\/lv\/wp-json\/wp\/v2\/product_brand?post=8283"},{"taxonomy":"product_cat","embeddable":true,"href":"https:\/\/www.honlufoodtrailer.com\/lv\/wp-json\/wp\/v2\/product_cat?post=8283"},{"taxonomy":"product_tag","embeddable":true,"href":"https:\/\/www.honlufoodtrailer.com\/lv\/wp-json\/wp\/v2\/product_tag?post=8283"}],"curies":[{"name":"wp","href":"https:\/\/api.w.org\/{rel}","templated":true}]}}