{"id":8306,"date":"2024-09-04T18:36:18","date_gmt":"2024-09-04T10:36:18","guid":{"rendered":"https:\/\/www.honlufoodtrailer.com\/?post_type=product&#038;p=8306"},"modified":"2025-06-12T18:37:27","modified_gmt":"2025-06-12T10:37:27","slug":"18ft-pickle-food-truck-for-sale-usa","status":"publish","type":"product","link":"https:\/\/www.honlufoodtrailer.com\/lv\/product\/18ft-pickle-food-truck-for-sale-usa\/","title":{"rendered":"18 p\u0113du (5,7\u00a0m) Pickle Food kravas automa\u0161\u012bna tiek p\u0101rdota ASV"},"content":{"rendered":"<p>Vai j\u016bs mekl\u0113jat marin\u0113tu p\u0101rtikas ma\u0161\u012bnu? Honlu tikko pieg\u0101d\u0101ja pas\u016bt\u012bjumu <a href=\"https:\/\/www.honlufoodtrailer.com\/lv\/product\/18ft-pickle-food-truck\/\"><strong>18,7\u00a0ft marin\u0113tu \u0113dienu piekabe<\/strong><\/a> amerik\u0101\u0146u klientam ar t\u012bru baltu \u0101rpusi un pilnu uzl\u012bmju apvalku. B\u012bd\u0101mais priek\u0161\u0113jais logs padara apkalpo\u0161anu \u0101tru un efekt\u012bvu. Katra deta\u013ca ir piel\u0101gota gan stilam, gan funkcijai.<\/p>\n<p><strong>Tagad apskat\u012bsim \u0161o s\u0101l\u012bjumu p\u0101rtikas kravas automa\u0161\u012bnu detaliz\u0113ti!<\/strong><\/p>\n<figure id=\"attachment_8313\" aria-describedby=\"caption-attachment-8313\" style=\"width: 720px\" class=\"wp-caption aligncenter\"><img fetchpriority=\"high\" decoding=\"async\" class=\"wp-image-8313 size-full\" title=\"18,7\u00a0ft marin\u0113tu p\u0101rtikas kravas automa\u0161\u012bnas priek\u0161puse\" src=\"https:\/\/www.honlufoodtrailer.com\/wp-content\/uploads\/2024\/09\/18.7ft-Pickles-And-Burger-Trailer.jpg\" alt=\"18,7\u00a0ft marin\u0113tu p\u0101rtikas kravas automa\u0161\u012bnas priek\u0161puse\" width=\"720\" height=\"540\" srcset=\"https:\/\/www.honlufoodtrailer.com\/wp-content\/uploads\/2024\/09\/18.7ft-Pickles-And-Burger-Trailer.jpg 720w, https:\/\/www.honlufoodtrailer.com\/wp-content\/uploads\/2024\/09\/18.7ft-Pickles-And-Burger-Trailer-480x360.jpg 480w, https:\/\/www.honlufoodtrailer.com\/wp-content\/uploads\/2024\/09\/18.7ft-Pickles-And-Burger-Trailer-300x225.jpg 300w\" sizes=\"(max-width: 720px) 100vw, 720px\" \/><figcaption id=\"caption-attachment-8313\" class=\"wp-caption-text\">18,7\u00a0ft s\u0101l\u012bt\u0101 p\u0101rtikas kravas automa\u0161\u012bna<\/figcaption><\/figure>\n<figure id=\"attachment_8312\" aria-describedby=\"caption-attachment-8312\" style=\"width: 720px\" class=\"wp-caption aligncenter\"><img decoding=\"async\" class=\"wp-image-8312 size-full\" title=\"18,7\u00a0p\u0113das marin\u0113tu \u0113dienu kravas automa\u0161\u012bnas s\u0101nskats\" src=\"https:\/\/www.honlufoodtrailer.com\/wp-content\/uploads\/2024\/09\/18.7ft-Pickles-And-Burger-Trailer-view.jpg\" alt=\"18,7\u00a0p\u0113das marin\u0113tu \u0113dienu kravas automa\u0161\u012bnas s\u0101nskats\" width=\"720\" height=\"540\" srcset=\"https:\/\/www.honlufoodtrailer.com\/wp-content\/uploads\/2024\/09\/18.7ft-Pickles-And-Burger-Trailer-view.jpg 720w, https:\/\/www.honlufoodtrailer.com\/wp-content\/uploads\/2024\/09\/18.7ft-Pickles-And-Burger-Trailer-view-480x360.jpg 480w, https:\/\/www.honlufoodtrailer.com\/wp-content\/uploads\/2024\/09\/18.7ft-Pickles-And-Burger-Trailer-view-300x225.jpg 300w\" sizes=\"(max-width: 720px) 100vw, 720px\" \/><figcaption id=\"caption-attachment-8312\" class=\"wp-caption-text\">18,7\u00a0p\u0113das marin\u0113tu \u0113dienu kravas automa\u0161\u012bna<\/figcaption><\/figure>\n<h3>18\u00a0p\u0113du marin\u0113t\u0101 p\u0101rtikas kravas automa\u0161\u012bnas interjers ASV tirgum:<\/h3>\n<p data-start=\"77\" data-end=\"238\">vi\u0146a 18\u00a0p\u0113du p\u0101rtikas piekabe, kas ir aptuveni 5,7\u00a0m, ir piln\u012bb\u0101 apr\u012bkota ar b\u016btisk\u0101m virtuves ier\u012bc\u0113m, tostarp:<\/p>\n<ul data-start=\"239\" data-end=\"520\">\n<li data-start=\"239\" data-end=\"282\">\n<p data-start=\"241\" data-end=\"282\">Mikrodatora sald\u0113\u0161anas vad\u012bbas k\u0101rba<\/p>\n<\/li>\n<li data-start=\"283\" data-end=\"312\">\n<p data-start=\"285\" data-end=\"312\">Ner\u016bs\u0113jo\u0161\u0101 t\u0113rauda darbagalds<\/p>\n<\/li>\n<li data-start=\"313\" data-end=\"337\">\n<p data-start=\"315\" data-end=\"337\">Divu deg\u013cu g\u0101zes pl\u012bts<\/p>\n<\/li>\n<li data-start=\"338\" data-end=\"357\">\n<p data-start=\"340\" data-end=\"357\">36\u201d g\u0101zes pl\u012bts<\/p>\n<\/li>\n<li data-start=\"358\" data-end=\"383\">\n<p data-start=\"360\" data-end=\"383\">Komerci\u0101la fritieris<\/p>\n<\/li>\n<li data-start=\"384\" data-end=\"409\">\n<p data-start=\"386\" data-end=\"409\">Lieljaudas tvaika nos\u016bc\u0113js<\/p>\n<\/li>\n<li data-start=\"410\" data-end=\"462\">\n<p data-start=\"412\" data-end=\"462\">3 nodal\u012bjumu izlietne ar 1 roku mazg\u0101\u0161anas izlietni (3+1)<\/p>\n<\/li>\n<li data-start=\"463\" data-end=\"491\">\n<p data-start=\"465\" data-end=\"491\">Ieb\u016bv\u0113ts gaisa kondicionieris<\/p>\n<\/li>\n<li data-start=\"492\" data-end=\"520\">\n<p data-start=\"494\" data-end=\"520\">Gaisa glab\u0101\u0161anas skapis<\/p>\n<\/li>\n<\/ul>\n<p data-start=\"522\" data-end=\"648\" data-is-last-node=\"\" data-is-only-node=\"\">Viss ir izstr\u0101d\u0101ts t\u0101, lai atbilstu ASV standartiem mobilaj\u0101m p\u0101rtikas oper\u0101cij\u0101m, nodro\u0161inot vienm\u0113r\u012bgu j\u016bsu p\u0101rtikas kravas automa\u0161\u012bnu biznesa s\u0101kumu.<\/p>\n<p><img decoding=\"async\" class=\"aligncenter wp-image-8308 size-full\" title=\"S\u0101l\u012bjumu p\u0101rtikas kravas automa\u0161\u012bnas iek\u0161\u0113j\u0101 strukt\u016bra\" src=\"https:\/\/www.honlufoodtrailer.com\/wp-content\/uploads\/2024\/09\/5.7m-Pickles-And-Burger-Trailer-inner-view.jpg\" alt=\"5,7\u00a0m marin\u0113tu gur\u0137u un burgeru piekabes iek\u0161skats\" width=\"720\" height=\"540\" srcset=\"https:\/\/www.honlufoodtrailer.com\/wp-content\/uploads\/2024\/09\/5.7m-Pickles-And-Burger-Trailer-inner-view.jpg 720w, https:\/\/www.honlufoodtrailer.com\/wp-content\/uploads\/2024\/09\/5.7m-Pickles-And-Burger-Trailer-inner-view-480x360.jpg 480w, https:\/\/www.honlufoodtrailer.com\/wp-content\/uploads\/2024\/09\/5.7m-Pickles-And-Burger-Trailer-inner-view-300x225.jpg 300w\" sizes=\"(max-width: 720px) 100vw, 720px\" \/><img loading=\"lazy\" decoding=\"async\" class=\"aligncenter wp-image-8317 size-full\" title=\"18\u00a0ft marin\u0113tu p\u0101rtikas kravas automa\u0161\u012bnas iek\u0161\u0113j\u0101s deta\u013cas\" src=\"https:\/\/www.honlufoodtrailer.com\/wp-content\/uploads\/2024\/09\/inner-details-of-18ft-pickle-food-truck.jpg\" alt=\"18\u00a0ft marin\u0113tu p\u0101rtikas kravas automa\u0161\u012bnas iek\u0161\u0113j\u0101s deta\u013cas\" width=\"800\" height=\"800\" srcset=\"https:\/\/www.honlufoodtrailer.com\/wp-content\/uploads\/2024\/09\/inner-details-of-18ft-pickle-food-truck.jpg 800w, https:\/\/www.honlufoodtrailer.com\/wp-content\/uploads\/2024\/09\/inner-details-of-18ft-pickle-food-truck-768x768.jpg 768w, https:\/\/www.honlufoodtrailer.com\/wp-content\/uploads\/2024\/09\/inner-details-of-18ft-pickle-food-truck-360x360.jpg 360w, https:\/\/www.honlufoodtrailer.com\/wp-content\/uploads\/2024\/09\/inner-details-of-18ft-pickle-food-truck-300x300.jpg 300w, https:\/\/www.honlufoodtrailer.com\/wp-content\/uploads\/2024\/09\/inner-details-of-18ft-pickle-food-truck-720x720.jpg 720w, https:\/\/www.honlufoodtrailer.com\/wp-content\/uploads\/2024\/09\/inner-details-of-18ft-pickle-food-truck-100x100.jpg 100w\" sizes=\"(max-width: 800px) 100vw, 800px\" \/><\/p>\n<h3>18\u00a0p\u0113du marin\u0113tu \u0113dienu kravas automa\u0161\u012bna ir \u0101rpus\u0113:<\/h3>\n<p data-start=\"153\" data-end=\"285\">Papildus virtuves apr\u012bkojumam \u0161is <strong data-start=\"196\" data-end=\"222\">18\u00a0ft Pickle Food Truck<\/strong> ietver b\u016btiskas \u0101r\u0113j\u0101s un struktur\u0101l\u0101s iez\u012bmes, piem\u0113ram:<\/p>\n<ul data-start=\"286\" data-end=\"438\">\n<li data-start=\"286\" data-end=\"314\">\n<p data-start=\"288\" data-end=\"314\">G\u0101zes balona uzglab\u0101\u0161anas kaste<\/p>\n<\/li>\n<li data-start=\"315\" data-end=\"353\">\n<p data-start=\"317\" data-end=\"353\">Aizmugur\u0113jo lukturu vadu un kabe\u013cu sist\u0113ma<\/p>\n<\/li>\n<li data-start=\"354\" data-end=\"374\">\n<p data-start=\"356\" data-end=\"374\">Lieljaudas asis<\/p>\n<\/li>\n<li data-start=\"375\" data-end=\"402\">\n<p data-start=\"377\" data-end=\"402\">B\u012bd\u0101mie servisa logi<\/p>\n<\/li>\n<li data-start=\"403\" data-end=\"438\">\n<p data-start=\"405\" data-end=\"438\">\u0100r\u0113jie str\u0101vas piesl\u0113guma porti<\/p>\n<\/li>\n<\/ul>\n<p data-start=\"440\" data-end=\"862\" data-is-last-node=\"\" data-is-only-node=\"\">Saska\u0146\u0101 ar klienta pras\u012bb\u0101m honlu piel\u0101goja \u0161o p\u0101rtikas piekabi, lai t\u0101 piln\u012bb\u0101 atbilstu ASV p\u0101rtikas piekabju standartiem.<\/p>\n<p><img loading=\"lazy\" decoding=\"async\" class=\"aligncenter wp-image-8318 size-full\" title=\"18\u00a0ft marin\u0113ta p\u0101rtikas kravas automa\u0161\u012bnas deta\u013cas att\u0113ls\" src=\"https:\/\/www.honlufoodtrailer.com\/wp-content\/uploads\/2024\/09\/more-details-of-18ft-pickle-food-truck.jpg\" alt=\"s\u012bk\u0101ka inform\u0101cija par 18\u00a0ft marin\u0113tu p\u0101rtikas kravas automa\u0161\u012bnu\" width=\"800\" height=\"800\" srcset=\"https:\/\/www.honlufoodtrailer.com\/wp-content\/uploads\/2024\/09\/more-details-of-18ft-pickle-food-truck.jpg 800w, https:\/\/www.honlufoodtrailer.com\/wp-content\/uploads\/2024\/09\/more-details-of-18ft-pickle-food-truck-768x768.jpg 768w, https:\/\/www.honlufoodtrailer.com\/wp-content\/uploads\/2024\/09\/more-details-of-18ft-pickle-food-truck-360x360.jpg 360w, https:\/\/www.honlufoodtrailer.com\/wp-content\/uploads\/2024\/09\/more-details-of-18ft-pickle-food-truck-300x300.jpg 300w, https:\/\/www.honlufoodtrailer.com\/wp-content\/uploads\/2024\/09\/more-details-of-18ft-pickle-food-truck-720x720.jpg 720w, https:\/\/www.honlufoodtrailer.com\/wp-content\/uploads\/2024\/09\/more-details-of-18ft-pickle-food-truck-100x100.jpg 100w\" sizes=\"(max-width: 800px) 100vw, 800px\" \/><\/p>\n<h3>\u0160\u012bs mobil\u0101s Taco kravas automa\u0161\u012bnas galven\u0101s iez\u012bmes:<\/h3>\n<ol>\n<li>7 metrus gar\u0161, pla\u0161s interjers;<\/li>\n<li>Viegli p\u0101rvietoties uz jebkuru vietu (j\u016bsu bizness nav ierobe\u017eots);<\/li>\n<li>Pievilc\u012bgs izskats (neredzams, lai piesaist\u012btu vair\u0101k klientu);<\/li>\n<li>Ilgs kalpo\u0161anas laiks (korozijiztur\u012bgs, karstumiztur\u012bgs, \u016bdensnecaurlaid\u012bgs, bez deform\u0101cijas).<\/li>\n<li>Svaigumam ir ledusskapis.<\/li>\n<\/ol>\n<h3>Bezmaksas 2D\/3D st\u0101va pl\u0101nu ras\u0113jums un p\u0113cp\u0101rdo\u0161anas atbalsts<\/h3>\n<p>Pirms ra\u017eo\u0161anas uzs\u0101k\u0161anas m\u0113s pied\u0101v\u0101jam bezmaksas 2D\/3D izk\u0101rtojuma ras\u0113jumu, pamatojoties uz j\u016bsu piekabes izm\u0113riem un virtuves apr\u012bkojuma vajadz\u012bb\u0101m. \u0160is vizu\u0101lais izk\u0101rtojums pal\u012bdz\u0113s jums ieg\u016bt skaidru izpratni par j\u016bsu 18\u00a0p\u0113du gar\u0101s marin\u0113t\u0101s p\u0101rtikas kravas automa\u0161\u012bnas dizainu un viegli apstiprin\u0101t katra apr\u012bkojuma izvietojumu. M\u0113s pied\u0101v\u0101jam ar\u012b redi\u0123\u0113jamus avota failus, lai j\u016bs var\u0113tu veikt korekcijas.<\/p>\n<p>Turkl\u0101t m\u0113s pied\u0101v\u0101jam visaptvero\u0161u p\u0113cp\u0101rdo\u0161anas atbalstu, tostarp tehniskos nor\u0101d\u012bjumus, rezerves da\u013cu pieg\u0101di un pal\u012bdz\u012bbu iek\u0101rtas lieto\u0161an\u0101. Pat p\u0113c pieg\u0101des m\u016bsu pieredz\u0113ju\u0161\u0101 komanda vienm\u0113r ir gatava pal\u012bdz\u0113t nodro\u0161in\u0101t, ka j\u016bsu p\u0101rtikas kravas automa\u0161\u012bna darbojas nevainojami no pirm\u0101s dienas.<\/p>\n<h3>Vai esat gatavs s\u0101kt savu Pickle Food Truck biznesu?<\/h3>\n<p>Ja ieejat Amerikas ielu p\u0101rtikas tirg\u016b, \u0161is 18\u00a0p\u0113das garais marin\u0113tais p\u0101rtikas kravas automobilis ir gudra izv\u0113le neatkar\u012bgi no t\u0101, vai esat uz\u0146\u0113m\u0113js pirmo reizi vai pieredz\u0113jis p\u0101rtikas p\u0101rdev\u0113js. Neatkar\u012bgi no t\u0101, vai pasniedzat klasisku di\u013c\u013cu marin\u0113tu gur\u0137i vai kaut ko rado\u0161u, piem\u0113ram, k\u016bpin\u0101tu marin\u0113tu gur\u0137i, \u0161\u012b mobil\u0101 p\u0101rtikas ma\u0161\u012bna pal\u012bdz\u0113s j\u016bsu z\u012bmolam izcelties un \u0101tri piesaist\u012bt klientus.<\/p>\n<p>Ar vair\u0101k nek\u0101 10\u00a0gadu glob\u0101lo p\u0101rtikas piekabju ra\u017eo\u0161anas un eksport\u0113\u0161anas pieredzi m\u0113s piln\u012bb\u0101 saprotam da\u017e\u0101du valstu noteikumus. Neatkar\u012bgi no t\u0101, vai atrodaties Amerikas Savienotaj\u0101s Valst\u012bs vai cit\u0101 valst\u012b, m\u0113s varam piel\u0101got p\u0101rtikas kravas automa\u0161\u012bnu atbilsto\u0161i j\u016bsu biznesa vajadz\u012bb\u0101m.<br \/>\nKontaktinform\u0101cija <a href=\"https:\/\/www.honlufoodtrailer.com\/lv\/\">Honlu<\/a> jau \u0161odien, lai piel\u0101gotu savu 18\u00a0p\u0113du marin\u0113tu p\u0101rtikas kravas automa\u0161\u012bnu!<\/p>","protected":false},"excerpt":{"rendered":"<p>\u0160is ir viens no m\u016bsu pas\u016bt\u012bjuma izgatavotajiem 18,7\u00a0ft s\u0101l\u012bjumu p\u0101rtikas kravas automobi\u013ciem. <strong>L\u016bdzu, noklik\u0161\u0137iniet uz t\u0101l\u0101k nor\u0101d\u012btaj\u0101m ciln\u0113m, lai skat\u012btu s\u012bk\u0101ku inform\u0101ciju par \u0161o p\u0101rtikas furgonu.<\/strong>. M\u0113s varam izgatavot l\u012bdz\u012bgu p\u0101rtikas piekabi, piem\u0113ram, \u0161o, vai piel\u0101got to jums. P\u0101rtikas piekabes izm\u0113ru, korpusa kr\u0101su, uzl\u012bmes, izk\u0101rtnes, virtuves apr\u012bkojumu var piel\u0101got. Vienk\u0101r\u0161i nevilcinieties sazin\u0101ties ar mums un past\u0101stiet mums savas pras\u012bbas t\u016bl\u012bt!<\/p>","protected":false},"featured_media":8309,"template":"","meta":{"_themeisle_gutenberg_block_has_review":false},"product_brand":[],"product_cat":[26],"product_tag":[83,33,60,61,38],"class_list":{"0":"post-8306","1":"product","2":"type-product","3":"status-publish","4":"has-post-thumbnail","6":"product_cat-product","7":"product_tag-18ft-food-trailer","8":"product_tag-customized-trailer","9":"product_tag-fast-food-trailer","10":"product_tag-fast-food-trailer-for-sale","11":"product_tag-mobile-food-trailer","13":"first","14":"instock","15":"shipping-taxable","16":"product-type-simple"},"yoast_head":"<!-- This site is optimized with the Yoast SEO plugin v27.6 - https:\/\/yoast.com\/product\/yoast-seo-wordpress\/ -->\n<title>18ft Pickle Food Truck for Sale USA - honlu Food Trailer<\/title>\n<meta name=\"description\" content=\"Looking for a pickle food truck for sale in the USA? Check out this 18ft pickle food trailer with full kitchen, custom design, and US-standard features.\" \/>\n<meta name=\"robots\" content=\"index, follow, max-snippet:-1, max-image-preview:large, max-video-preview:-1\" \/>\n<link rel=\"canonical\" href=\"https:\/\/www.honlufoodtrailer.com\/lv\/product\/18ft-pickle-food-truck-for-sale-usa\/\" \/>\n<meta property=\"og:locale\" content=\"lv_LV\" \/>\n<meta property=\"og:type\" content=\"article\" \/>\n<meta property=\"og:title\" content=\"18ft Pickle Food Truck for Sale USA - honlu Food Trailer\" \/>\n<meta property=\"og:description\" content=\"Looking for a pickle food truck for sale in the USA? Check out this 18ft pickle food trailer with full kitchen, custom design, and US-standard features.\" \/>\n<meta property=\"og:url\" content=\"https:\/\/www.honlufoodtrailer.com\/lv\/product\/18ft-pickle-food-truck-for-sale-usa\/\" \/>\n<meta property=\"og:site_name\" content=\"Honlu food trailer\" \/>\n<meta property=\"article:modified_time\" content=\"2025-06-12T10:37:27+00:00\" \/>\n<meta property=\"og:image\" content=\"https:\/\/www.honlufoodtrailer.com\/wp-content\/uploads\/2024\/09\/5.7m-Pickles-And-Burger-Trailer.jpg\" \/>\n\t<meta property=\"og:image:width\" content=\"720\" \/>\n\t<meta property=\"og:image:height\" content=\"540\" \/>\n\t<meta property=\"og:image:type\" content=\"image\/jpeg\" \/>\n<meta name=\"twitter:card\" content=\"summary_large_image\" \/>\n<meta name=\"twitter:label1\" content=\"Est. reading time\" \/>\n\t<meta name=\"twitter:data1\" content=\"1 min\u016bte\" \/>\n<script type=\"application\/ld+json\" class=\"yoast-schema-graph\">{\"@context\":\"https:\\\/\\\/schema.org\",\"@graph\":[{\"@type\":\"WebPage\",\"@id\":\"https:\\\/\\\/www.honlufoodtrailer.com\\\/product\\\/18ft-pickle-food-truck-for-sale-usa\\\/\",\"url\":\"https:\\\/\\\/www.honlufoodtrailer.com\\\/product\\\/18ft-pickle-food-truck-for-sale-usa\\\/\",\"name\":\"18ft Pickle Food Truck for Sale USA - honlu Food Trailer\",\"isPartOf\":{\"@id\":\"https:\\\/\\\/www.honlufoodtrailer.com\\\/#website\"},\"primaryImageOfPage\":{\"@id\":\"https:\\\/\\\/www.honlufoodtrailer.com\\\/product\\\/18ft-pickle-food-truck-for-sale-usa\\\/#primaryimage\"},\"image\":{\"@id\":\"https:\\\/\\\/www.honlufoodtrailer.com\\\/product\\\/18ft-pickle-food-truck-for-sale-usa\\\/#primaryimage\"},\"thumbnailUrl\":\"https:\\\/\\\/www.honlufoodtrailer.com\\\/wp-content\\\/uploads\\\/2024\\\/09\\\/5.7m-Pickles-And-Burger-Trailer.jpg\",\"datePublished\":\"2024-09-04T10:36:18+00:00\",\"dateModified\":\"2025-06-12T10:37:27+00:00\",\"description\":\"Looking for a pickle food truck for sale in the USA? Check out this 18ft pickle food trailer with full kitchen, custom design, and US-standard features.\",\"breadcrumb\":{\"@id\":\"https:\\\/\\\/www.honlufoodtrailer.com\\\/product\\\/18ft-pickle-food-truck-for-sale-usa\\\/#breadcrumb\"},\"inLanguage\":\"lv-LV\",\"potentialAction\":[{\"@type\":\"ReadAction\",\"target\":[\"https:\\\/\\\/www.honlufoodtrailer.com\\\/product\\\/18ft-pickle-food-truck-for-sale-usa\\\/\"]}]},{\"@type\":\"ImageObject\",\"inLanguage\":\"lv-LV\",\"@id\":\"https:\\\/\\\/www.honlufoodtrailer.com\\\/product\\\/18ft-pickle-food-truck-for-sale-usa\\\/#primaryimage\",\"url\":\"https:\\\/\\\/www.honlufoodtrailer.com\\\/wp-content\\\/uploads\\\/2024\\\/09\\\/5.7m-Pickles-And-Burger-Trailer.jpg\",\"contentUrl\":\"https:\\\/\\\/www.honlufoodtrailer.com\\\/wp-content\\\/uploads\\\/2024\\\/09\\\/5.7m-Pickles-And-Burger-Trailer.jpg\",\"width\":720,\"height\":540,\"caption\":\"5.7m Pickles And Burger Trailer\"},{\"@type\":\"BreadcrumbList\",\"@id\":\"https:\\\/\\\/www.honlufoodtrailer.com\\\/product\\\/18ft-pickle-food-truck-for-sale-usa\\\/#breadcrumb\",\"itemListElement\":[{\"@type\":\"ListItem\",\"position\":1,\"name\":\"Home\",\"item\":\"https:\\\/\\\/www.honlufoodtrailer.com\\\/\"},{\"@type\":\"ListItem\",\"position\":2,\"name\":\"\u4ea7\u54c1\",\"item\":\"https:\\\/\\\/www.honlufoodtrailer.com\\\/shop\\\/\"},{\"@type\":\"ListItem\",\"position\":3,\"name\":\"18ft ( 5.7m) Pickle Food Truck for Sale USA\"}]},{\"@type\":\"WebSite\",\"@id\":\"https:\\\/\\\/www.honlufoodtrailer.com\\\/#website\",\"url\":\"https:\\\/\\\/www.honlufoodtrailer.com\\\/\",\"name\":\"Honlu food trailer\",\"description\":\"\",\"publisher\":{\"@id\":\"https:\\\/\\\/www.honlufoodtrailer.com\\\/#organization\"},\"potentialAction\":[{\"@type\":\"SearchAction\",\"target\":{\"@type\":\"EntryPoint\",\"urlTemplate\":\"https:\\\/\\\/www.honlufoodtrailer.com\\\/?s={search_term_string}\"},\"query-input\":{\"@type\":\"PropertyValueSpecification\",\"valueRequired\":true,\"valueName\":\"search_term_string\"}}],\"inLanguage\":\"lv-LV\"},{\"@type\":\"Organization\",\"@id\":\"https:\\\/\\\/www.honlufoodtrailer.com\\\/#organization\",\"name\":\"Honlu food trailer\",\"url\":\"https:\\\/\\\/www.honlufoodtrailer.com\\\/\",\"logo\":{\"@type\":\"ImageObject\",\"inLanguage\":\"lv-LV\",\"@id\":\"https:\\\/\\\/www.honlufoodtrailer.com\\\/#\\\/schema\\\/logo\\\/image\\\/\",\"url\":\"https:\\\/\\\/www.honlufoodtrailer.com\\\/wp-content\\\/uploads\\\/2021\\\/12\\\/2.gif\",\"contentUrl\":\"https:\\\/\\\/www.honlufoodtrailer.com\\\/wp-content\\\/uploads\\\/2021\\\/12\\\/2.gif\",\"width\":350,\"height\":100,\"caption\":\"Honlu food trailer\"},\"image\":{\"@id\":\"https:\\\/\\\/www.honlufoodtrailer.com\\\/#\\\/schema\\\/logo\\\/image\\\/\"}}]}<\/script>\n<!-- \/ Yoast SEO plugin. -->","yoast_head_json":{"title":"18\u00a0ft Pickle Food Truck p\u0101rdo\u0161anai ASV\u00a0\u2014 honlu p\u0101rtikas piekabe","description":"Vai mekl\u0113jat marin\u0113tu p\u0101rtikas kravas automa\u0161\u012bnu p\u0101rdo\u0161anai ASV? Apskatiet \u0161o 18\u00a0ft garo marin\u0113tu \u0113dienu piekabi ar pilnu virtuvi, piel\u0101gotu dizainu un ASV standarta funkcij\u0101m.","robots":{"index":"index","follow":"follow","max-snippet":"max-snippet:-1","max-image-preview":"max-image-preview:large","max-video-preview":"max-video-preview:-1"},"canonical":"https:\/\/www.honlufoodtrailer.com\/lv\/product\/18ft-pickle-food-truck-for-sale-usa\/","og_locale":"lv_LV","og_type":"article","og_title":"18ft Pickle Food Truck for Sale USA - honlu Food Trailer","og_description":"Looking for a pickle food truck for sale in the USA? Check out this 18ft pickle food trailer with full kitchen, custom design, and US-standard features.","og_url":"https:\/\/www.honlufoodtrailer.com\/lv\/product\/18ft-pickle-food-truck-for-sale-usa\/","og_site_name":"Honlu food trailer","article_modified_time":"2025-06-12T10:37:27+00:00","og_image":[{"width":720,"height":540,"url":"https:\/\/www.honlufoodtrailer.com\/wp-content\/uploads\/2024\/09\/5.7m-Pickles-And-Burger-Trailer.jpg","type":"image\/jpeg"}],"twitter_card":"summary_large_image","twitter_misc":{"Est. reading time":"1 min\u016bte"},"schema":{"@context":"https:\/\/schema.org","@graph":[{"@type":"WebPage","@id":"https:\/\/www.honlufoodtrailer.com\/product\/18ft-pickle-food-truck-for-sale-usa\/","url":"https:\/\/www.honlufoodtrailer.com\/product\/18ft-pickle-food-truck-for-sale-usa\/","name":"18\u00a0ft Pickle Food Truck p\u0101rdo\u0161anai ASV\u00a0\u2014 honlu p\u0101rtikas piekabe","isPartOf":{"@id":"https:\/\/www.honlufoodtrailer.com\/#website"},"primaryImageOfPage":{"@id":"https:\/\/www.honlufoodtrailer.com\/product\/18ft-pickle-food-truck-for-sale-usa\/#primaryimage"},"image":{"@id":"https:\/\/www.honlufoodtrailer.com\/product\/18ft-pickle-food-truck-for-sale-usa\/#primaryimage"},"thumbnailUrl":"https:\/\/www.honlufoodtrailer.com\/wp-content\/uploads\/2024\/09\/5.7m-Pickles-And-Burger-Trailer.jpg","datePublished":"2024-09-04T10:36:18+00:00","dateModified":"2025-06-12T10:37:27+00:00","description":"Vai mekl\u0113jat marin\u0113tu p\u0101rtikas kravas automa\u0161\u012bnu p\u0101rdo\u0161anai ASV? Apskatiet \u0161o 18\u00a0ft garo marin\u0113tu \u0113dienu piekabi ar pilnu virtuvi, piel\u0101gotu dizainu un ASV standarta funkcij\u0101m.","breadcrumb":{"@id":"https:\/\/www.honlufoodtrailer.com\/product\/18ft-pickle-food-truck-for-sale-usa\/#breadcrumb"},"inLanguage":"lv-LV","potentialAction":[{"@type":"ReadAction","target":["https:\/\/www.honlufoodtrailer.com\/product\/18ft-pickle-food-truck-for-sale-usa\/"]}]},{"@type":"ImageObject","inLanguage":"lv-LV","@id":"https:\/\/www.honlufoodtrailer.com\/product\/18ft-pickle-food-truck-for-sale-usa\/#primaryimage","url":"https:\/\/www.honlufoodtrailer.com\/wp-content\/uploads\/2024\/09\/5.7m-Pickles-And-Burger-Trailer.jpg","contentUrl":"https:\/\/www.honlufoodtrailer.com\/wp-content\/uploads\/2024\/09\/5.7m-Pickles-And-Burger-Trailer.jpg","width":720,"height":540,"caption":"5.7m Pickles And Burger Trailer"},{"@type":"BreadcrumbList","@id":"https:\/\/www.honlufoodtrailer.com\/product\/18ft-pickle-food-truck-for-sale-usa\/#breadcrumb","itemListElement":[{"@type":"ListItem","position":1,"name":"Home","item":"https:\/\/www.honlufoodtrailer.com\/"},{"@type":"ListItem","position":2,"name":"\u4ea7\u54c1","item":"https:\/\/www.honlufoodtrailer.com\/shop\/"},{"@type":"ListItem","position":3,"name":"18ft ( 5.7m) Pickle Food Truck for Sale USA"}]},{"@type":"WebSite","@id":"https:\/\/www.honlufoodtrailer.com\/#website","url":"https:\/\/www.honlufoodtrailer.com\/","name":"Honlu p\u0101rtikas piekabe","description":"","publisher":{"@id":"https:\/\/www.honlufoodtrailer.com\/#organization"},"potentialAction":[{"@type":"SearchAction","target":{"@type":"EntryPoint","urlTemplate":"https:\/\/www.honlufoodtrailer.com\/?s={search_term_string}"},"query-input":{"@type":"PropertyValueSpecification","valueRequired":true,"valueName":"search_term_string"}}],"inLanguage":"lv-LV"},{"@type":"Organization","@id":"https:\/\/www.honlufoodtrailer.com\/#organization","name":"Honlu p\u0101rtikas piekabe","url":"https:\/\/www.honlufoodtrailer.com\/","logo":{"@type":"ImageObject","inLanguage":"lv-LV","@id":"https:\/\/www.honlufoodtrailer.com\/#\/schema\/logo\/image\/","url":"https:\/\/www.honlufoodtrailer.com\/wp-content\/uploads\/2021\/12\/2.gif","contentUrl":"https:\/\/www.honlufoodtrailer.com\/wp-content\/uploads\/2021\/12\/2.gif","width":350,"height":100,"caption":"Honlu food trailer"},"image":{"@id":"https:\/\/www.honlufoodtrailer.com\/#\/schema\/logo\/image\/"}}]}},"_links":{"self":[{"href":"https:\/\/www.honlufoodtrailer.com\/lv\/wp-json\/wp\/v2\/product\/8306","targetHints":{"allow":["GET"]}}],"collection":[{"href":"https:\/\/www.honlufoodtrailer.com\/lv\/wp-json\/wp\/v2\/product"}],"about":[{"href":"https:\/\/www.honlufoodtrailer.com\/lv\/wp-json\/wp\/v2\/types\/product"}],"version-history":[{"count":0,"href":"https:\/\/www.honlufoodtrailer.com\/lv\/wp-json\/wp\/v2\/product\/8306\/revisions"}],"wp:featuredmedia":[{"embeddable":true,"href":"https:\/\/www.honlufoodtrailer.com\/lv\/wp-json\/wp\/v2\/media\/8309"}],"wp:attachment":[{"href":"https:\/\/www.honlufoodtrailer.com\/lv\/wp-json\/wp\/v2\/media?parent=8306"}],"wp:term":[{"taxonomy":"product_brand","embeddable":true,"href":"https:\/\/www.honlufoodtrailer.com\/lv\/wp-json\/wp\/v2\/product_brand?post=8306"},{"taxonomy":"product_cat","embeddable":true,"href":"https:\/\/www.honlufoodtrailer.com\/lv\/wp-json\/wp\/v2\/product_cat?post=8306"},{"taxonomy":"product_tag","embeddable":true,"href":"https:\/\/www.honlufoodtrailer.com\/lv\/wp-json\/wp\/v2\/product_tag?post=8306"}],"curies":[{"name":"wp","href":"https:\/\/api.w.org\/{rel}","templated":true}]}}