{"id":8322,"date":"2024-09-11T11:31:26","date_gmt":"2024-09-11T03:31:26","guid":{"rendered":"https:\/\/www.honlufoodtrailer.com\/?post_type=product&#038;p=8322"},"modified":"2025-02-14T13:59:33","modified_gmt":"2025-02-14T05:59:33","slug":"18-7ft-concession-trailer-with-porch","status":"publish","type":"product","link":"https:\/\/www.honlufoodtrailer.com\/lv\/product\/18-7ft-concession-trailer-with-porch\/","title":{"rendered":"18,7 p\u0113du koncesijas piekabe ar verandu"},"content":{"rendered":"<p data-spm-anchor-id=\"a2700.wholesale.0.i28.29e52808agqc7f\">Vai mekl\u0113jat koncesijas piekabi ar lieveni? Skatiet \u0161o sarkano 18,7\u00a0ft koncesijas piekabi ar lieveni \u0161eit! T\u0101 ir viena no verandas piekab\u0113m, ko esam piel\u0101goju\u0161i amerik\u0101\u0146u klientiem. Tagad apskat\u012bsim s\u012bk\u0101ku inform\u0101ciju par to!<\/p>\n<p data-spm-anchor-id=\"a2700.wholesale.0.i28.29e52808agqc7f\"><img fetchpriority=\"high\" decoding=\"async\" class=\"aligncenter size-full wp-image-8332\" src=\"https:\/\/www.honlufoodtrailer.com\/wp-content\/uploads\/2024\/09\/18.7ft-concession-trailer-with-porch.jpg\" alt=\"18,7\u00a0ft koncesijas piekabe ar lieveni\" width=\"720\" height=\"540\" srcset=\"https:\/\/www.honlufoodtrailer.com\/wp-content\/uploads\/2024\/09\/18.7ft-concession-trailer-with-porch.jpg 720w, https:\/\/www.honlufoodtrailer.com\/wp-content\/uploads\/2024\/09\/18.7ft-concession-trailer-with-porch-480x360.jpg 480w, https:\/\/www.honlufoodtrailer.com\/wp-content\/uploads\/2024\/09\/18.7ft-concession-trailer-with-porch-300x225.jpg 300w\" sizes=\"(max-width: 720px) 100vw, 720px\" \/>K\u0101 redzams no iepriek\u0161 redzamajiem att\u0113liem, viss \u0161\u012bs p\u0101rtikas piekabes korpuss ir sarkans, un piekabes korpusa aizmugur\u0113 eso\u0161ajai lieve\u0146a da\u013cai ir atv\u0113rts dizains. Apkopes logam piekabes korpusa priek\u0161pus\u0113 ir liela b\u012bd\u0101m\u0101 loga konstrukcija. Atverot logu, zem\u0101k var izveidot galda virsmu. Pusdienot\u0101jiem b\u016bs \u013coti \u0113rti pas\u016bt\u012bt un pa\u0146emt malt\u012btes.\u00a0 <img decoding=\"async\" class=\"aligncenter size-full wp-image-8326\" src=\"https:\/\/www.honlufoodtrailer.com\/wp-content\/uploads\/2024\/09\/5.7m-porch-style-concession-trailer.jpg\" alt=\"5,7\u00a0m verandas stila koncesijas piekabe\" width=\"720\" height=\"540\" srcset=\"https:\/\/www.honlufoodtrailer.com\/wp-content\/uploads\/2024\/09\/5.7m-porch-style-concession-trailer.jpg 720w, https:\/\/www.honlufoodtrailer.com\/wp-content\/uploads\/2024\/09\/5.7m-porch-style-concession-trailer-480x360.jpg 480w, https:\/\/www.honlufoodtrailer.com\/wp-content\/uploads\/2024\/09\/5.7m-porch-style-concession-trailer-300x225.jpg 300w\" sizes=\"(max-width: 720px) 100vw, 720px\" \/><\/p>\n<p data-spm-anchor-id=\"a2700.wholesale.0.i28.29e52808agqc7f\">P\u0101rtikas piekabes aizmugur\u0113j\u0101 lieve\u0146a da\u013ca ir klienta ierosin\u0101ts dizains, un starpsienas ap lieveni var atv\u0113rt uz \u0101ru, lai ieg\u016btu atv\u0113rtu dizainu. T\u0101l\u0101k apl\u016bkosim \u0161\u012bs lieve\u0146a stila koncesijas piekabes iek\u0161\u0113j\u0101s deta\u013cas.<\/p>\n<h3>Iek\u0161\u0113j\u0101 inform\u0101cija par 18,7\u00a0p\u0113du koncesijas piekabi ar lieveni<\/h3>\n<p data-spm-anchor-id=\"a2700.wholesale.0.i28.29e52808agqc7f\">K\u0101 redzams no zem\u0101k eso\u0161ajiem att\u0113liem, m\u0113s esam apr\u012bkoju\u0161i p\u0101rtikas piekabi ar virtuves apr\u012bkojumu atbilsto\u0161i klienta pras\u012bb\u0101m. Virtuves apr\u012bkojum\u0101 ietilpst 3+1 izlietne ar karst\u0101 un aukst\u0101 \u016bdens kr\u0101nu, 2 tvert\u0146u g\u0101zes fritieris, g\u0101zes pl\u012bts, tvaika nos\u016bc\u0113js, \u0113diena gatavo\u0161anas galds, darbagalda ledusskapis, kondicionieris, ugunsdz\u0113s\u012bbas sist\u0113ma u.c.<img decoding=\"async\" class=\"aligncenter size-full wp-image-8330\" src=\"https:\/\/www.honlufoodtrailer.com\/wp-content\/uploads\/2024\/09\/18.7ft-concession-trailer-with-porch-inner-view.jpg\" alt=\"18,7\u00a0ft koncesijas piekabe ar skatu uz lieve\u0146a iek\u0161pusi\" width=\"720\" height=\"540\" srcset=\"https:\/\/www.honlufoodtrailer.com\/wp-content\/uploads\/2024\/09\/18.7ft-concession-trailer-with-porch-inner-view.jpg 720w, https:\/\/www.honlufoodtrailer.com\/wp-content\/uploads\/2024\/09\/18.7ft-concession-trailer-with-porch-inner-view-480x360.jpg 480w, https:\/\/www.honlufoodtrailer.com\/wp-content\/uploads\/2024\/09\/18.7ft-concession-trailer-with-porch-inner-view-300x225.jpg 300w\" sizes=\"(max-width: 720px) 100vw, 720px\" \/> <img loading=\"lazy\" decoding=\"async\" class=\"aligncenter size-full wp-image-8331\" src=\"https:\/\/www.honlufoodtrailer.com\/wp-content\/uploads\/2024\/09\/18.7ft-concession-trailer-with-porch-kitchen-equipment.jpg\" alt=\"18,7\u00a0ft koncesijas piekabe ar lieve\u0146a virtuves apr\u012bkojumu\" width=\"800\" height=\"800\" srcset=\"https:\/\/www.honlufoodtrailer.com\/wp-content\/uploads\/2024\/09\/18.7ft-concession-trailer-with-porch-kitchen-equipment.jpg 800w, https:\/\/www.honlufoodtrailer.com\/wp-content\/uploads\/2024\/09\/18.7ft-concession-trailer-with-porch-kitchen-equipment-768x768.jpg 768w, https:\/\/www.honlufoodtrailer.com\/wp-content\/uploads\/2024\/09\/18.7ft-concession-trailer-with-porch-kitchen-equipment-360x360.jpg 360w, https:\/\/www.honlufoodtrailer.com\/wp-content\/uploads\/2024\/09\/18.7ft-concession-trailer-with-porch-kitchen-equipment-300x300.jpg 300w, https:\/\/www.honlufoodtrailer.com\/wp-content\/uploads\/2024\/09\/18.7ft-concession-trailer-with-porch-kitchen-equipment-720x720.jpg 720w, https:\/\/www.honlufoodtrailer.com\/wp-content\/uploads\/2024\/09\/18.7ft-concession-trailer-with-porch-kitchen-equipment-100x100.jpg 100w\" sizes=\"(max-width: 800px) 100vw, 800px\" \/><\/p>\n<p data-spm-anchor-id=\"a2700.wholesale.0.i28.29e52808agqc7f\">Visa virtuves iek\u0101rta ir piel\u0101gota. K\u0101 p\u0101rtikas piekabju ra\u017eot\u0101js un eksport\u0113t\u0101js ar vair\u0101k nek\u0101 10 gadu pieredzi m\u0113s varam jums pal\u012bdz\u0113t izstr\u0101d\u0101t un izgatavot j\u016bsu sap\u0146u p\u0101rtikas piekabi. P\u0101rtikas piekabes izm\u0113ru, korpusa kr\u0101su, uzl\u012bmes, apz\u012bm\u0113jumus un virtuves apr\u012bkojumu var piel\u0101got. Vienk\u0101r\u0161i nevilcinieties sazin\u0101ties ar mums un past\u0101st\u012bt mums par sav\u0101m pras\u012bb\u0101m!<\/p>\n<h3>S\u012bk\u0101ka inform\u0101cija par 18,7\u00a0ft koncesijas piekabi ar verandu<\/h3>\n<p>Skatiet s\u012bk\u0101ku inform\u0101ciju par aizmugur\u0113jo lieveni, as\u012bm, ventilatoru, sakabes stieni, \u0101r\u0113jo baro\u0161anas avotu, aizmugur\u0113jo lukturi utt. Tie visi ir izgatavoti p\u0113c ASV standarta.<\/p>\n<h3 data-spm-anchor-id=\"a2700.wholesale.0.i28.29e52808agqc7f\"><img loading=\"lazy\" decoding=\"async\" class=\"aligncenter size-full wp-image-8329\" src=\"https:\/\/www.honlufoodtrailer.com\/wp-content\/uploads\/2024\/09\/18.7ft-concession-trailer-with-porch-details.jpg\" alt=\"18,7\u00a0ft koncesijas piekabe ar lieve\u0146a deta\u013c\u0101m\" width=\"800\" height=\"800\" srcset=\"https:\/\/www.honlufoodtrailer.com\/wp-content\/uploads\/2024\/09\/18.7ft-concession-trailer-with-porch-details.jpg 800w, https:\/\/www.honlufoodtrailer.com\/wp-content\/uploads\/2024\/09\/18.7ft-concession-trailer-with-porch-details-768x768.jpg 768w, https:\/\/www.honlufoodtrailer.com\/wp-content\/uploads\/2024\/09\/18.7ft-concession-trailer-with-porch-details-360x360.jpg 360w, https:\/\/www.honlufoodtrailer.com\/wp-content\/uploads\/2024\/09\/18.7ft-concession-trailer-with-porch-details-300x300.jpg 300w, https:\/\/www.honlufoodtrailer.com\/wp-content\/uploads\/2024\/09\/18.7ft-concession-trailer-with-porch-details-720x720.jpg 720w, https:\/\/www.honlufoodtrailer.com\/wp-content\/uploads\/2024\/09\/18.7ft-concession-trailer-with-porch-details-100x100.jpg 100w\" sizes=\"(max-width: 800px) 100vw, 800px\" \/><\/h3>\n<h3 class=\"magic-6\" data-spm-anchor-id=\"a2700.wholesale.0.i28.29e52808agqc7f\">\u0160\u012bs 18,7\u00a0ft verandas stila koncesijas treilera galven\u0101s iez\u012bmes<\/h3>\n<div class=\"magic-7\">\n<div class=\"magic-8\">\n<div class=\"magic-9\" data-id=\"paragraph0\">\n<ol>\n<li>Modes izskats, sarkana kr\u0101sa, kas ir pievilc\u012bga;<\/li>\n<li>Tas ir izgatavots no ner\u016bs\u0113jo\u0161\u0101 t\u0113rauda materi\u0101la, iztur\u012bgs un iztur\u012bgs pret koroziju;<\/li>\n<li>Koncesijas piekab\u0113 ir apr\u012bkots ar modernu un uzlabotu apr\u012bkojumu;<\/li>\n<li>\u0112rti un viegli p\u0101rvietojami;<\/li>\n<li>Atbilst ASV standartiem;<\/li>\n<\/ol>\n<h3>Bezmaksas 2D\/3D st\u0101va pl\u0101na ras\u0113jums<\/h3>\n<p>P\u0113c p\u0101rtikas piekabes un iek\u0161\u0113j\u0101 virtuves apr\u012bkojuma izm\u0113ru apstiprin\u0101\u0161anas m\u0113s varam jums bez maksas nodro\u0161in\u0101t 3D ras\u0113jumus. Tas sniegs jums skaidr\u0101ku priek\u0161statu par j\u016bsu dizainu un p\u0101rtikas rati\u0146iem. Apstiprinot virtuves apr\u012bkojuma atra\u0161an\u0101s vietu, m\u0113s var\u0113sim skaidri sazin\u0101ties ar jums, izmantojot st\u0101vu pl\u0101nu. M\u0113s varam ar\u012b nodro\u0161in\u0101t j\u016bs ar ori\u0123in\u0101lajiem dokumentiem, lai atvieglotu j\u016bsu dizainu un veiktu korekcijas.<\/p>\n<h3>Skatiet vair\u0101k no m\u016bsu koncesijas piekabes ar lieveni<\/h3>\n<h4 class=\"product_title entry-title elementor-heading-title elementor-size-default\">Mobilais p\u0101rtikas piekabe ar verandu zil\u0101 kr\u0101s\u0101<\/h4>\n<p><a href=\"https:\/\/www.honlufoodtrailer.com\/lv\/product\/mobile-food-trailer-with-porch\/\"><img loading=\"lazy\" decoding=\"async\" class=\"aligncenter wp-image-4724 size-full\" src=\"https:\/\/www.honlufoodtrailer.com\/wp-content\/uploads\/2022\/04\/Mobile-food-trailer-with-porch-21-8130-7.jpg\" alt=\"Mobila p\u0101rtikas piekabe ar verandu\" width=\"720\" height=\"540\" srcset=\"https:\/\/www.honlufoodtrailer.com\/wp-content\/uploads\/2022\/04\/Mobile-food-trailer-with-porch-21-8130-7.jpg 720w, https:\/\/www.honlufoodtrailer.com\/wp-content\/uploads\/2022\/04\/Mobile-food-trailer-with-porch-21-8130-7-480x360.jpg 480w, https:\/\/www.honlufoodtrailer.com\/wp-content\/uploads\/2022\/04\/Mobile-food-trailer-with-porch-21-8130-7-300x225.jpg 300w\" sizes=\"(max-width: 720px) 100vw, 720px\" \/>b<\/a><\/p>\n<h4>Lielais b\u0113rnu grila piekabe ar verandu<\/h4>\n<p><a href=\"https:\/\/www.honlufoodtrailer.com\/lv\/product\/bbq-food-trailer-with-porch\/\"><img loading=\"lazy\" decoding=\"async\" class=\"aligncenter wp-image-3399 size-full\" src=\"https:\/\/www.honlufoodtrailer.com\/wp-content\/uploads\/2022\/03\/BBQ-food-trailer-with-porch-1.jpg\" alt=\"BBQ p\u0101rtikas piekabe ar verandu (1)\" width=\"720\" height=\"540\" srcset=\"https:\/\/www.honlufoodtrailer.com\/wp-content\/uploads\/2022\/03\/BBQ-food-trailer-with-porch-1.jpg 720w, https:\/\/www.honlufoodtrailer.com\/wp-content\/uploads\/2022\/03\/BBQ-food-trailer-with-porch-1-480x360.jpg 480w, https:\/\/www.honlufoodtrailer.com\/wp-content\/uploads\/2022\/03\/BBQ-food-trailer-with-porch-1-300x225.jpg 300w\" sizes=\"(max-width: 720px) 100vw, 720px\" \/><\/a><\/p>\n<\/div>\n<\/div>\n<\/div>","protected":false},"excerpt":{"rendered":"<p>\u0160\u012b ir piel\u0101gota 5,7\u00a0M koncesijas piekabe ar lieveni. Tas ir izgatavots no cinkotas loksnes un ner\u016bs\u0113jo\u0161\u0101 t\u0113rauda. Viss apr\u012bkojums koncesijas piekab\u0113 ir izgatavots no ner\u016bs\u0113jo\u0161\u0101 t\u0113rauda. M\u0113s piel\u0101gojam klientiem lielu skaitu virtuves iek\u0101rtu, tostarp g\u0101zes ceptuvi, re\u017e\u0123i utt. \u0160is verandas p\u0101rtikas piekabes modelis ir v\u0113lamais modelis, lai s\u0101ktu BBQ p\u0101rtikas biznesu. Varat noklik\u0161\u0137in\u0101t uz t\u0101l\u0101k nor\u0101d\u012btaj\u0101m ciln\u0113m, lai skat\u012btu s\u012bk\u0101ku inform\u0101ciju par \u0161o p\u0101rtikas piekabi. M\u0113s varam izgatavot l\u012bdz\u012bgu p\u0101rtikas piekabi, piem\u0113ram, \u0161o, vai piel\u0101got to jums. P\u0101rtikas piekabes izm\u0113ru, korpusa kr\u0101su, uzl\u012bmes, izk\u0101rtnes, virtuves apr\u012bkojumu var piel\u0101got. Vienk\u0101r\u0161i nevilcinieties sazin\u0101ties ar mums!<\/p>","protected":false},"featured_media":8328,"template":"","meta":{"_themeisle_gutenberg_block_has_review":false},"product_brand":[],"product_cat":[26],"product_tag":[86,79],"class_list":{"0":"post-8322","1":"product","2":"type-product","3":"status-publish","4":"has-post-thumbnail","6":"product_cat-product","7":"product_tag-18-7ft-food-trailer","8":"product_tag-food-trailer-with-porch","10":"first","11":"instock","12":"featured","13":"shipping-taxable","14":"product-type-simple"},"yoast_head":"<!-- This site is optimized with the Yoast SEO plugin v27.6 - https:\/\/yoast.com\/product\/yoast-seo-wordpress\/ -->\n<title>18.7ft Concession Trailer With Porch From China - Honlu Food Trailer<\/title>\n<meta name=\"description\" content=\"This customized 5.7M concession trailer with porch can make BBQ, fast food, etc. Good quality and reasonable price. See the details now!\" \/>\n<meta name=\"robots\" content=\"index, follow, max-snippet:-1, max-image-preview:large, max-video-preview:-1\" \/>\n<link rel=\"canonical\" href=\"https:\/\/www.honlufoodtrailer.com\/lv\/product\/18-7ft-concession-trailer-with-porch\/\" \/>\n<meta property=\"og:locale\" content=\"lv_LV\" \/>\n<meta property=\"og:type\" content=\"article\" \/>\n<meta property=\"og:title\" content=\"18.7ft Concession Trailer With Porch From China - Honlu Food Trailer\" \/>\n<meta property=\"og:description\" content=\"This customized 5.7M concession trailer with porch can make BBQ, fast food, etc. Good quality and reasonable price. See the details now!\" \/>\n<meta property=\"og:url\" content=\"https:\/\/www.honlufoodtrailer.com\/lv\/product\/18-7ft-concession-trailer-with-porch\/\" \/>\n<meta property=\"og:site_name\" content=\"Honlu food trailer\" \/>\n<meta property=\"article:modified_time\" content=\"2025-02-14T05:59:33+00:00\" \/>\n<meta property=\"og:image\" content=\"https:\/\/www.honlufoodtrailer.com\/wp-content\/uploads\/2024\/09\/18.7ft-concession-trailer-with-porch-back-view.jpg\" \/>\n\t<meta property=\"og:image:width\" content=\"720\" \/>\n\t<meta property=\"og:image:height\" content=\"540\" \/>\n\t<meta property=\"og:image:type\" content=\"image\/jpeg\" \/>\n<meta name=\"twitter:card\" content=\"summary_large_image\" \/>\n<meta name=\"twitter:label1\" content=\"Est. reading time\" \/>\n\t<meta name=\"twitter:data1\" content=\"3 min\u016btes\" \/>\n<script type=\"application\/ld+json\" class=\"yoast-schema-graph\">{\"@context\":\"https:\\\/\\\/schema.org\",\"@graph\":[{\"@type\":\"WebPage\",\"@id\":\"https:\\\/\\\/www.honlufoodtrailer.com\\\/product\\\/18-7ft-concession-trailer-with-porch\\\/\",\"url\":\"https:\\\/\\\/www.honlufoodtrailer.com\\\/product\\\/18-7ft-concession-trailer-with-porch\\\/\",\"name\":\"18.7ft Concession Trailer With Porch From China - Honlu Food Trailer\",\"isPartOf\":{\"@id\":\"https:\\\/\\\/www.honlufoodtrailer.com\\\/#website\"},\"primaryImageOfPage\":{\"@id\":\"https:\\\/\\\/www.honlufoodtrailer.com\\\/product\\\/18-7ft-concession-trailer-with-porch\\\/#primaryimage\"},\"image\":{\"@id\":\"https:\\\/\\\/www.honlufoodtrailer.com\\\/product\\\/18-7ft-concession-trailer-with-porch\\\/#primaryimage\"},\"thumbnailUrl\":\"https:\\\/\\\/www.honlufoodtrailer.com\\\/wp-content\\\/uploads\\\/2024\\\/09\\\/18.7ft-concession-trailer-with-porch-back-view.jpg\",\"datePublished\":\"2024-09-11T03:31:26+00:00\",\"dateModified\":\"2025-02-14T05:59:33+00:00\",\"description\":\"This customized 5.7M concession trailer with porch can make BBQ, fast food, etc. Good quality and reasonable price. See the details now!\",\"breadcrumb\":{\"@id\":\"https:\\\/\\\/www.honlufoodtrailer.com\\\/product\\\/18-7ft-concession-trailer-with-porch\\\/#breadcrumb\"},\"inLanguage\":\"lv-LV\",\"potentialAction\":[{\"@type\":\"ReadAction\",\"target\":[\"https:\\\/\\\/www.honlufoodtrailer.com\\\/product\\\/18-7ft-concession-trailer-with-porch\\\/\"]}]},{\"@type\":\"ImageObject\",\"inLanguage\":\"lv-LV\",\"@id\":\"https:\\\/\\\/www.honlufoodtrailer.com\\\/product\\\/18-7ft-concession-trailer-with-porch\\\/#primaryimage\",\"url\":\"https:\\\/\\\/www.honlufoodtrailer.com\\\/wp-content\\\/uploads\\\/2024\\\/09\\\/18.7ft-concession-trailer-with-porch-back-view.jpg\",\"contentUrl\":\"https:\\\/\\\/www.honlufoodtrailer.com\\\/wp-content\\\/uploads\\\/2024\\\/09\\\/18.7ft-concession-trailer-with-porch-back-view.jpg\",\"width\":720,\"height\":540,\"caption\":\"18.7ft concession trailer with porch back view\"},{\"@type\":\"BreadcrumbList\",\"@id\":\"https:\\\/\\\/www.honlufoodtrailer.com\\\/product\\\/18-7ft-concession-trailer-with-porch\\\/#breadcrumb\",\"itemListElement\":[{\"@type\":\"ListItem\",\"position\":1,\"name\":\"Home\",\"item\":\"https:\\\/\\\/www.honlufoodtrailer.com\\\/\"},{\"@type\":\"ListItem\",\"position\":2,\"name\":\"\u4ea7\u54c1\",\"item\":\"https:\\\/\\\/www.honlufoodtrailer.com\\\/shop\\\/\"},{\"@type\":\"ListItem\",\"position\":3,\"name\":\"18.7ft Concession Trailer With Porch\"}]},{\"@type\":\"WebSite\",\"@id\":\"https:\\\/\\\/www.honlufoodtrailer.com\\\/#website\",\"url\":\"https:\\\/\\\/www.honlufoodtrailer.com\\\/\",\"name\":\"Honlu food trailer\",\"description\":\"\",\"publisher\":{\"@id\":\"https:\\\/\\\/www.honlufoodtrailer.com\\\/#organization\"},\"potentialAction\":[{\"@type\":\"SearchAction\",\"target\":{\"@type\":\"EntryPoint\",\"urlTemplate\":\"https:\\\/\\\/www.honlufoodtrailer.com\\\/?s={search_term_string}\"},\"query-input\":{\"@type\":\"PropertyValueSpecification\",\"valueRequired\":true,\"valueName\":\"search_term_string\"}}],\"inLanguage\":\"lv-LV\"},{\"@type\":\"Organization\",\"@id\":\"https:\\\/\\\/www.honlufoodtrailer.com\\\/#organization\",\"name\":\"Honlu food trailer\",\"url\":\"https:\\\/\\\/www.honlufoodtrailer.com\\\/\",\"logo\":{\"@type\":\"ImageObject\",\"inLanguage\":\"lv-LV\",\"@id\":\"https:\\\/\\\/www.honlufoodtrailer.com\\\/#\\\/schema\\\/logo\\\/image\\\/\",\"url\":\"https:\\\/\\\/www.honlufoodtrailer.com\\\/wp-content\\\/uploads\\\/2021\\\/12\\\/2.gif\",\"contentUrl\":\"https:\\\/\\\/www.honlufoodtrailer.com\\\/wp-content\\\/uploads\\\/2021\\\/12\\\/2.gif\",\"width\":350,\"height\":100,\"caption\":\"Honlu food trailer\"},\"image\":{\"@id\":\"https:\\\/\\\/www.honlufoodtrailer.com\\\/#\\\/schema\\\/logo\\\/image\\\/\"}}]}<\/script>\n<!-- \/ Yoast SEO plugin. -->","yoast_head_json":{"title":"18,7\u00a0ft koncesijas piekabe ar verandu no \u0136\u012bnas\u00a0\u2014 Honlu p\u0101rtikas piekabe","description":"\u0160\u012b piel\u0101got\u0101 8 m gar\u0101 verandas piekabe var pagatavot grilu, \u0101tr\u0101s \u0113din\u0101\u0161anas \u0113dienus utt. Laba kvalit\u0101te un sapr\u0101t\u012bga cena. Skatiet s\u012bk\u0101ku inform\u0101ciju t\u016bl\u012bt!","robots":{"index":"index","follow":"follow","max-snippet":"max-snippet:-1","max-image-preview":"max-image-preview:large","max-video-preview":"max-video-preview:-1"},"canonical":"https:\/\/www.honlufoodtrailer.com\/lv\/product\/18-7ft-concession-trailer-with-porch\/","og_locale":"lv_LV","og_type":"article","og_title":"18.7ft Concession Trailer With Porch From China - Honlu Food Trailer","og_description":"This customized 5.7M concession trailer with porch can make BBQ, fast food, etc. Good quality and reasonable price. See the details now!","og_url":"https:\/\/www.honlufoodtrailer.com\/lv\/product\/18-7ft-concession-trailer-with-porch\/","og_site_name":"Honlu food trailer","article_modified_time":"2025-02-14T05:59:33+00:00","og_image":[{"width":720,"height":540,"url":"https:\/\/www.honlufoodtrailer.com\/wp-content\/uploads\/2024\/09\/18.7ft-concession-trailer-with-porch-back-view.jpg","type":"image\/jpeg"}],"twitter_card":"summary_large_image","twitter_misc":{"Est. reading time":"3 min\u016btes"},"schema":{"@context":"https:\/\/schema.org","@graph":[{"@type":"WebPage","@id":"https:\/\/www.honlufoodtrailer.com\/product\/18-7ft-concession-trailer-with-porch\/","url":"https:\/\/www.honlufoodtrailer.com\/product\/18-7ft-concession-trailer-with-porch\/","name":"18,7\u00a0ft koncesijas piekabe ar verandu no \u0136\u012bnas\u00a0\u2014 Honlu p\u0101rtikas piekabe","isPartOf":{"@id":"https:\/\/www.honlufoodtrailer.com\/#website"},"primaryImageOfPage":{"@id":"https:\/\/www.honlufoodtrailer.com\/product\/18-7ft-concession-trailer-with-porch\/#primaryimage"},"image":{"@id":"https:\/\/www.honlufoodtrailer.com\/product\/18-7ft-concession-trailer-with-porch\/#primaryimage"},"thumbnailUrl":"https:\/\/www.honlufoodtrailer.com\/wp-content\/uploads\/2024\/09\/18.7ft-concession-trailer-with-porch-back-view.jpg","datePublished":"2024-09-11T03:31:26+00:00","dateModified":"2025-02-14T05:59:33+00:00","description":"\u0160\u012b piel\u0101got\u0101 8 m gar\u0101 verandas piekabe var pagatavot grilu, \u0101tr\u0101s \u0113din\u0101\u0161anas \u0113dienus utt. Laba kvalit\u0101te un sapr\u0101t\u012bga cena. Skatiet s\u012bk\u0101ku inform\u0101ciju t\u016bl\u012bt!","breadcrumb":{"@id":"https:\/\/www.honlufoodtrailer.com\/product\/18-7ft-concession-trailer-with-porch\/#breadcrumb"},"inLanguage":"lv-LV","potentialAction":[{"@type":"ReadAction","target":["https:\/\/www.honlufoodtrailer.com\/product\/18-7ft-concession-trailer-with-porch\/"]}]},{"@type":"ImageObject","inLanguage":"lv-LV","@id":"https:\/\/www.honlufoodtrailer.com\/product\/18-7ft-concession-trailer-with-porch\/#primaryimage","url":"https:\/\/www.honlufoodtrailer.com\/wp-content\/uploads\/2024\/09\/18.7ft-concession-trailer-with-porch-back-view.jpg","contentUrl":"https:\/\/www.honlufoodtrailer.com\/wp-content\/uploads\/2024\/09\/18.7ft-concession-trailer-with-porch-back-view.jpg","width":720,"height":540,"caption":"18.7ft concession trailer with porch back view"},{"@type":"BreadcrumbList","@id":"https:\/\/www.honlufoodtrailer.com\/product\/18-7ft-concession-trailer-with-porch\/#breadcrumb","itemListElement":[{"@type":"ListItem","position":1,"name":"Home","item":"https:\/\/www.honlufoodtrailer.com\/"},{"@type":"ListItem","position":2,"name":"\u4ea7\u54c1","item":"https:\/\/www.honlufoodtrailer.com\/shop\/"},{"@type":"ListItem","position":3,"name":"18.7ft Concession Trailer With Porch"}]},{"@type":"WebSite","@id":"https:\/\/www.honlufoodtrailer.com\/#website","url":"https:\/\/www.honlufoodtrailer.com\/","name":"Honlu p\u0101rtikas piekabe","description":"","publisher":{"@id":"https:\/\/www.honlufoodtrailer.com\/#organization"},"potentialAction":[{"@type":"SearchAction","target":{"@type":"EntryPoint","urlTemplate":"https:\/\/www.honlufoodtrailer.com\/?s={search_term_string}"},"query-input":{"@type":"PropertyValueSpecification","valueRequired":true,"valueName":"search_term_string"}}],"inLanguage":"lv-LV"},{"@type":"Organization","@id":"https:\/\/www.honlufoodtrailer.com\/#organization","name":"Honlu p\u0101rtikas piekabe","url":"https:\/\/www.honlufoodtrailer.com\/","logo":{"@type":"ImageObject","inLanguage":"lv-LV","@id":"https:\/\/www.honlufoodtrailer.com\/#\/schema\/logo\/image\/","url":"https:\/\/www.honlufoodtrailer.com\/wp-content\/uploads\/2021\/12\/2.gif","contentUrl":"https:\/\/www.honlufoodtrailer.com\/wp-content\/uploads\/2021\/12\/2.gif","width":350,"height":100,"caption":"Honlu food trailer"},"image":{"@id":"https:\/\/www.honlufoodtrailer.com\/#\/schema\/logo\/image\/"}}]}},"_links":{"self":[{"href":"https:\/\/www.honlufoodtrailer.com\/lv\/wp-json\/wp\/v2\/product\/8322","targetHints":{"allow":["GET"]}}],"collection":[{"href":"https:\/\/www.honlufoodtrailer.com\/lv\/wp-json\/wp\/v2\/product"}],"about":[{"href":"https:\/\/www.honlufoodtrailer.com\/lv\/wp-json\/wp\/v2\/types\/product"}],"version-history":[{"count":0,"href":"https:\/\/www.honlufoodtrailer.com\/lv\/wp-json\/wp\/v2\/product\/8322\/revisions"}],"wp:featuredmedia":[{"embeddable":true,"href":"https:\/\/www.honlufoodtrailer.com\/lv\/wp-json\/wp\/v2\/media\/8328"}],"wp:attachment":[{"href":"https:\/\/www.honlufoodtrailer.com\/lv\/wp-json\/wp\/v2\/media?parent=8322"}],"wp:term":[{"taxonomy":"product_brand","embeddable":true,"href":"https:\/\/www.honlufoodtrailer.com\/lv\/wp-json\/wp\/v2\/product_brand?post=8322"},{"taxonomy":"product_cat","embeddable":true,"href":"https:\/\/www.honlufoodtrailer.com\/lv\/wp-json\/wp\/v2\/product_cat?post=8322"},{"taxonomy":"product_tag","embeddable":true,"href":"https:\/\/www.honlufoodtrailer.com\/lv\/wp-json\/wp\/v2\/product_tag?post=8322"}],"curies":[{"name":"wp","href":"https:\/\/api.w.org\/{rel}","templated":true}]}}