{"id":8362,"date":"2024-09-19T17:05:07","date_gmt":"2024-09-19T09:05:07","guid":{"rendered":"https:\/\/www.honlufoodtrailer.com\/?post_type=product&#038;p=8362"},"modified":"2025-02-14T13:58:10","modified_gmt":"2025-02-14T05:58:10","slug":"16ft-schnitzel-food-truck","status":"publish","type":"product","link":"https:\/\/www.honlufoodtrailer.com\/lv\/product\/16ft-schnitzel-food-truck\/","title":{"rendered":"16 p\u0113du \u0161niceles p\u0101rtikas furgons"},"content":{"rendered":"<p data-spm-anchor-id=\"a2700.wholesale.0.i28.29e52808agqc7f\">Vai mekl\u0113jat \u0161niceles p\u0101rtikas furgonu? Apskatiet \u0161o 16 p\u0113du \u0161niceles p\u0101rtikas furgonu \u0161eit! Tas ir viens no \u0101tr\u0101s \u0113din\u0101\u0161anas piekab\u0113m, ko esam piel\u0101goju\u0161i klientiem. M\u016bsu klienti to galvenok\u0101rt izmanto \u0161niceles, virtu\u013cu, BBQ u.c. p\u0101rdo\u0161anai. Tagad apl\u016bkosim to s\u012bk\u0101k!<\/p>\n<p data-spm-anchor-id=\"a2700.wholesale.0.i28.29e52808agqc7f\"><img fetchpriority=\"high\" decoding=\"async\" class=\"aligncenter size-full wp-image-8364\" src=\"https:\/\/www.honlufoodtrailer.com\/wp-content\/uploads\/2024\/09\/16ft-Schnitzel-Food-Trailer.jpg\" alt=\"16 p\u0113du \u0161niceles p\u0101rtikas piekabe\" width=\"720\" height=\"540\" srcset=\"https:\/\/www.honlufoodtrailer.com\/wp-content\/uploads\/2024\/09\/16ft-Schnitzel-Food-Trailer.jpg 720w, https:\/\/www.honlufoodtrailer.com\/wp-content\/uploads\/2024\/09\/16ft-Schnitzel-Food-Trailer-480x360.jpg 480w, https:\/\/www.honlufoodtrailer.com\/wp-content\/uploads\/2024\/09\/16ft-Schnitzel-Food-Trailer-300x225.jpg 300w\" sizes=\"(max-width: 720px) 100vw, 720px\" \/><img decoding=\"async\" class=\"aligncenter size-full wp-image-8371\" src=\"https:\/\/www.honlufoodtrailer.com\/wp-content\/uploads\/2024\/09\/16ft-Schnitzel-Food-Truck.jpg\" alt=\"16 p\u0113du \u0161niceles p\u0101rtikas furgons\" width=\"720\" height=\"540\" srcset=\"https:\/\/www.honlufoodtrailer.com\/wp-content\/uploads\/2024\/09\/16ft-Schnitzel-Food-Truck.jpg 720w, https:\/\/www.honlufoodtrailer.com\/wp-content\/uploads\/2024\/09\/16ft-Schnitzel-Food-Truck-480x360.jpg 480w, https:\/\/www.honlufoodtrailer.com\/wp-content\/uploads\/2024\/09\/16ft-Schnitzel-Food-Truck-300x225.jpg 300w\" sizes=\"(max-width: 720px) 100vw, 720px\" \/><\/p>\n<p data-spm-anchor-id=\"a2700.wholesale.0.i28.29e52808agqc7f\">K\u0101 redzams iepriek\u0161 redzamajos att\u0113los, esam izgatavoju\u0161i logotipus un uzl\u012bmes atbilsto\u0161i klienta pras\u012bb\u0101m. Piekabes priek\u0161pus\u0113 eso\u0161ajam apkalpo\u0161anas logam ir b\u012bd\u0101ma loga dizains. Atverot logu, zem t\u0101 var izveidot galda virsmu. Apmekl\u0113t\u0101jiem b\u016bs \u013coti \u0113rti pas\u016bt\u012bt un sa\u0146emt \u0113dienu. T\u0101l\u0101k apl\u016bkosim \u0161\u012b mobil\u0101 \u0101tr\u0101s \u0113din\u0101\u0161anas furgona iek\u0161\u0113j\u0101s deta\u013cas.<\/p>\n<h3>16 p\u0113du \u0161niceles p\u0101rtikas kravas automa\u0161\u012bnas iek\u0161\u0113j\u0101s deta\u013cas<\/h3>\n<p data-spm-anchor-id=\"a2700.wholesale.0.i28.29e52808agqc7f\">K\u0101 redzams zem\u0101k redzamajos att\u0113los, atbilsto\u0161i klienta pras\u012bb\u0101m esam apr\u012bkoju\u0161i p\u0101rtikas piekabi ar virtuves apr\u012bkojumu. Virtuves apr\u012bkojum\u0101 ietilpst 3+1 izlietnes ar karst\u0101 un aukst\u0101 \u016bdens kr\u0101nu, autom\u0101tiska virtu\u013cu gatavo\u0161anas ma\u0161\u012bna, komerci\u0101la elektrisk\u0101 frit\u0113tava, g\u0101zes panna, tvaika nos\u016bc\u0113js, p\u0101rtikas sagatavo\u0161anas galds, ledusskapis, ugunsdz\u0113s\u012bbas sist\u0113ma utt.<\/p>\n<p data-spm-anchor-id=\"a2700.wholesale.0.i28.29e52808agqc7f\"><img decoding=\"async\" class=\"aligncenter size-full wp-image-8369\" src=\"https:\/\/www.honlufoodtrailer.com\/wp-content\/uploads\/2024\/09\/16ft-Schnitzel-Food-Truck-inner-view.jpg\" alt=\"16 p\u0113du \u0161niceles p\u0101rtikas furgona iek\u0161\u0113jais skats\" width=\"720\" height=\"540\" srcset=\"https:\/\/www.honlufoodtrailer.com\/wp-content\/uploads\/2024\/09\/16ft-Schnitzel-Food-Truck-inner-view.jpg 720w, https:\/\/www.honlufoodtrailer.com\/wp-content\/uploads\/2024\/09\/16ft-Schnitzel-Food-Truck-inner-view-480x360.jpg 480w, https:\/\/www.honlufoodtrailer.com\/wp-content\/uploads\/2024\/09\/16ft-Schnitzel-Food-Truck-inner-view-300x225.jpg 300w\" sizes=\"(max-width: 720px) 100vw, 720px\" \/> <img loading=\"lazy\" decoding=\"async\" class=\"aligncenter size-full wp-image-8368\" src=\"https:\/\/www.honlufoodtrailer.com\/wp-content\/uploads\/2024\/09\/16ft-Schnitzel-Food-Truck-inner-details.jpg\" alt=\"16 p\u0113du \u0161niceles p\u0101rtikas furgona iek\u0161\u0113j\u0101s deta\u013cas\" width=\"800\" height=\"800\" srcset=\"https:\/\/www.honlufoodtrailer.com\/wp-content\/uploads\/2024\/09\/16ft-Schnitzel-Food-Truck-inner-details.jpg 800w, https:\/\/www.honlufoodtrailer.com\/wp-content\/uploads\/2024\/09\/16ft-Schnitzel-Food-Truck-inner-details-768x768.jpg 768w, https:\/\/www.honlufoodtrailer.com\/wp-content\/uploads\/2024\/09\/16ft-Schnitzel-Food-Truck-inner-details-360x360.jpg 360w, https:\/\/www.honlufoodtrailer.com\/wp-content\/uploads\/2024\/09\/16ft-Schnitzel-Food-Truck-inner-details-300x300.jpg 300w, https:\/\/www.honlufoodtrailer.com\/wp-content\/uploads\/2024\/09\/16ft-Schnitzel-Food-Truck-inner-details-720x720.jpg 720w, https:\/\/www.honlufoodtrailer.com\/wp-content\/uploads\/2024\/09\/16ft-Schnitzel-Food-Truck-inner-details-100x100.jpg 100w\" sizes=\"(max-width: 800px) 100vw, 800px\" \/><\/p>\n<p data-spm-anchor-id=\"a2700.wholesale.0.i28.29e52808agqc7f\">Viss virtuves apr\u012bkojums ir piel\u0101gots atbilsto\u0161i viet\u0113jiem standartiem. K\u0101 p\u0101rtikas piekabju ra\u017eot\u0101js un eksport\u0113t\u0101js ar vair\u0101k nek\u0101 10 gadu pieredzi, m\u0113s varam pal\u012bdz\u0113t jums izstr\u0101d\u0101t un izgatavot j\u016bsu p\u0101rtikas piekabi atbilsto\u0161i j\u016bsu viet\u0113jiem standartiem. P\u0101rtikas piekabes izm\u0113ru, korpusa kr\u0101su, uzl\u012bmes, nor\u0101des un virtuves apr\u012bkojumu var piel\u0101got. Vienk\u0101r\u0161i nevilcinieties sazin\u0101ties ar mums un past\u0101stiet mums savas detaliz\u0113t\u0101s pras\u012bbas!<\/p>\n<h3>Vair\u0101k inform\u0101cijas par 16 p\u0113du \u0161niceles p\u0101rtikas furgonu<\/h3>\n<p>Skatiet s\u012bk\u0101ku inform\u0101ciju par piekabes \u0101\u0137i, \u0101r\u0113jo baro\u0161anas avotu, aizmugur\u0113jo lukturi un ventilatoru utt. Tie visi ir izgatavoti atbilsto\u0161i viet\u0113j\u0101m pras\u012bb\u0101m.<\/p>\n<h3 data-spm-anchor-id=\"a2700.wholesale.0.i28.29e52808agqc7f\"><img loading=\"lazy\" decoding=\"async\" class=\"aligncenter size-full wp-image-8370\" src=\"https:\/\/www.honlufoodtrailer.com\/wp-content\/uploads\/2024\/09\/16ft-Schnitzel-Food-Truck-more-details.jpg\" alt=\"16 p\u0113du \u0161niceles p\u0101rtikas furgons \u2014 vair\u0101k inform\u0101cijas\" width=\"800\" height=\"800\" srcset=\"https:\/\/www.honlufoodtrailer.com\/wp-content\/uploads\/2024\/09\/16ft-Schnitzel-Food-Truck-more-details.jpg 800w, https:\/\/www.honlufoodtrailer.com\/wp-content\/uploads\/2024\/09\/16ft-Schnitzel-Food-Truck-more-details-768x768.jpg 768w, https:\/\/www.honlufoodtrailer.com\/wp-content\/uploads\/2024\/09\/16ft-Schnitzel-Food-Truck-more-details-360x360.jpg 360w, https:\/\/www.honlufoodtrailer.com\/wp-content\/uploads\/2024\/09\/16ft-Schnitzel-Food-Truck-more-details-300x300.jpg 300w, https:\/\/www.honlufoodtrailer.com\/wp-content\/uploads\/2024\/09\/16ft-Schnitzel-Food-Truck-more-details-720x720.jpg 720w, https:\/\/www.honlufoodtrailer.com\/wp-content\/uploads\/2024\/09\/16ft-Schnitzel-Food-Truck-more-details-100x100.jpg 100w\" sizes=\"(max-width: 800px) 100vw, 800px\" \/><\/h3>\n<h3 class=\"magic-6\" data-spm-anchor-id=\"a2700.wholesale.0.i28.29e52808agqc7f\">\u0160\u012bs \u0101tr\u0101s \u0113din\u0101\u0161anas kravas automa\u0161\u012bnas galven\u0101s iez\u012bmes<\/h3>\n<div class=\"magic-7\">\n<div class=\"magic-8\">\n<div class=\"magic-9\" data-id=\"paragraph0\">\n<ol>\n<li>Modes izskats, sarkana kr\u0101sa, kas ir pievilc\u012bga;<\/li>\n<li>Tas ir izgatavots no ner\u016bs\u0113jo\u0161\u0101 t\u0113rauda materi\u0101la, iztur\u012bgs un iztur\u012bgs pret koroziju;<\/li>\n<li>Koncesijas piekab\u0113 ir apr\u012bkots ar modernu un uzlabotu apr\u012bkojumu;<\/li>\n<li>\u0112rti un viegli p\u0101rvietojami;<\/li>\n<li>Atbilst ASV standartiem;<\/li>\n<\/ol>\n<h3>Bezmaksas 2D\/3D st\u0101va pl\u0101na ras\u0113jums<\/h3>\n<p>P\u0113c p\u0101rtikas piekabes un iek\u0161\u0113j\u0101 virtuves apr\u012bkojuma izm\u0113ru apstiprin\u0101\u0161anas m\u0113s varam jums bez maksas nodro\u0161in\u0101t 3D ras\u0113jumus. Tas sniegs jums skaidr\u0101ku priek\u0161statu par j\u016bsu dizainu un p\u0101rtikas rati\u0146iem. Apstiprinot virtuves apr\u012bkojuma atra\u0161an\u0101s vietu, m\u0113s var\u0113sim skaidri sazin\u0101ties ar jums, izmantojot st\u0101vu pl\u0101nu. M\u0113s varam ar\u012b nodro\u0161in\u0101t j\u016bs ar ori\u0123in\u0101lajiem dokumentiem, lai atvieglotu j\u016bsu dizainu un veiktu korekcijas.<\/p>\n<h3>Apskatiet vair\u0101k par m\u016bsu \u0101tr\u0101s \u0113din\u0101\u0161anas furgonu<\/h3>\n<p><a href=\"https:\/\/www.honlufoodtrailer.com\/lv\/product\/3-5m-fast-food-caravan\/\" target=\"_blank\" rel=\"noopener\">3,5 m \u0101tr\u0101s \u0113din\u0101\u0161anas piekabe<\/a><\/p>\n<p><a href=\"https:\/\/www.honlufoodtrailer.com\/lv\/product\/3-5m-fast-food-caravan\/\"><img loading=\"lazy\" decoding=\"async\" class=\"aligncenter wp-image-7979 size-full\" src=\"https:\/\/www.honlufoodtrailer.com\/wp-content\/uploads\/2024\/07\/3.5m-fast-food-caravan-night-view.jpg\" alt=\"3,5 m \u0101tr\u0101s \u0113din\u0101\u0161anas karav\u0101nas nakts skats\" width=\"720\" height=\"540\" srcset=\"https:\/\/www.honlufoodtrailer.com\/wp-content\/uploads\/2024\/07\/3.5m-fast-food-caravan-night-view.jpg 720w, https:\/\/www.honlufoodtrailer.com\/wp-content\/uploads\/2024\/07\/3.5m-fast-food-caravan-night-view-480x360.jpg 480w, https:\/\/www.honlufoodtrailer.com\/wp-content\/uploads\/2024\/07\/3.5m-fast-food-caravan-night-view-300x225.jpg 300w\" sizes=\"(max-width: 720px) 100vw, 720px\" \/><\/a><br \/>\n<a href=\"https:\/\/www.honlufoodtrailer.com\/lv\/product\/18ft-mobile-fast-food-trailer-for-sale\/\" target=\"_blank\" rel=\"noopener\">18 p\u0113du \u0101tr\u0101s \u0113din\u0101\u0161anas kravas automa\u0161\u012bna<\/a><\/p>\n<p><a href=\"https:\/\/www.honlufoodtrailer.com\/lv\/product\/18ft-mobile-fast-food-trailer-for-sale\/\"><img loading=\"lazy\" decoding=\"async\" class=\"aligncenter wp-image-6013 size-full\" src=\"https:\/\/www.honlufoodtrailer.com\/wp-content\/uploads\/2023\/11\/18ft-fast-food-trailer-on-sale.jpg\" alt=\"P\u0101rdo\u0161an\u0101 18 p\u0113du \u0101tr\u0101s \u0113din\u0101\u0161anas piekabe\" width=\"720\" height=\"540\" srcset=\"https:\/\/www.honlufoodtrailer.com\/wp-content\/uploads\/2023\/11\/18ft-fast-food-trailer-on-sale.jpg 720w, https:\/\/www.honlufoodtrailer.com\/wp-content\/uploads\/2023\/11\/18ft-fast-food-trailer-on-sale-480x360.jpg 480w, https:\/\/www.honlufoodtrailer.com\/wp-content\/uploads\/2023\/11\/18ft-fast-food-trailer-on-sale-300x225.jpg 300w\" sizes=\"(max-width: 720px) 100vw, 720px\" \/><\/a><\/p>\n<\/div>\n<\/div>\n<\/div>","protected":false},"excerpt":{"rendered":"<p>\u0160is ir viens no m\u016bsu p\u0113c pas\u016bt\u012bjuma izgatavotajiem 16 p\u0113du \u0161niceles p\u0101rtikas furgoniem. Papildus \u0161nicelei m\u016bsu klienti to izmanto ar\u012b virtu\u013cu, grila u.\u00a0c. p\u0101rdo\u0161anai. T\u0101 ir laba izv\u0113le p\u0101rtikas piekabju biznesa uzs\u0101k\u0161anai. <strong>L\u016bdzu, noklik\u0161\u0137iniet uz t\u0101l\u0101k nor\u0101d\u012btaj\u0101m ciln\u0113m, lai skat\u012btu s\u012bk\u0101ku inform\u0101ciju par \u0161o \u0101tr\u0101s \u0113din\u0101\u0161anas kravas automa\u0161\u012bnu<\/strong>. Turkl\u0101t m\u0113s varam izgatavot l\u012bdz\u012bgu \u0101tr\u0101s \u0113din\u0101\u0161anas furgonu k\u0101 \u0161is vai ar\u012b piel\u0101got to jums. P\u0101rtikas piekabes virsb\u016bves kr\u0101su, uzl\u012bmes, izk\u0101rtnes un virtuves apr\u012bkojumu var piel\u0101got. Vienk\u0101r\u0161i nevilcinieties sazin\u0101ties ar mums!<\/p>","protected":false},"featured_media":8364,"template":"","meta":{"_themeisle_gutenberg_block_has_review":false},"product_brand":[],"product_cat":[26],"product_tag":[96,99],"class_list":{"0":"post-8362","1":"product","2":"type-product","3":"status-publish","4":"has-post-thumbnail","6":"product_cat-product","7":"product_tag-16ft-food-trailer","8":"product_tag-schnitzel-trailer","10":"first","11":"instock","12":"shipping-taxable","13":"product-type-simple"},"yoast_head":"<!-- This site is optimized with the Yoast SEO plugin v27.6 - https:\/\/yoast.com\/product\/yoast-seo-wordpress\/ -->\n<title>16ft Schnitzel Food Truck For Sale - Honlu Food Trailer<\/title>\n<meta name=\"description\" content=\"This is a 16ft schnitzel food truck for sale we have customized for a customer. See details! Get a similar or customized one at factory price now!\" \/>\n<meta name=\"robots\" content=\"index, follow, max-snippet:-1, max-image-preview:large, max-video-preview:-1\" \/>\n<link rel=\"canonical\" href=\"https:\/\/www.honlufoodtrailer.com\/lv\/product\/16ft-schnitzel-food-truck\/\" \/>\n<meta property=\"og:locale\" content=\"lv_LV\" \/>\n<meta property=\"og:type\" content=\"article\" \/>\n<meta property=\"og:title\" content=\"16ft Schnitzel Food Truck For Sale - Honlu Food Trailer\" \/>\n<meta property=\"og:description\" content=\"This is a 16ft schnitzel food truck for sale we have customized for a customer. See details! Get a similar or customized one at factory price now!\" \/>\n<meta property=\"og:url\" content=\"https:\/\/www.honlufoodtrailer.com\/lv\/product\/16ft-schnitzel-food-truck\/\" \/>\n<meta property=\"og:site_name\" content=\"Honlu food trailer\" \/>\n<meta property=\"article:modified_time\" content=\"2025-02-14T05:58:10+00:00\" \/>\n<meta property=\"og:image\" content=\"https:\/\/www.honlufoodtrailer.com\/wp-content\/uploads\/2024\/09\/16ft-Schnitzel-Food-Trailer.jpg\" \/>\n\t<meta property=\"og:image:width\" content=\"720\" \/>\n\t<meta property=\"og:image:height\" content=\"540\" \/>\n\t<meta property=\"og:image:type\" content=\"image\/jpeg\" \/>\n<meta name=\"twitter:card\" content=\"summary_large_image\" \/>\n<meta name=\"twitter:label1\" content=\"Est. reading time\" \/>\n\t<meta name=\"twitter:data1\" content=\"1 min\u016bte\" \/>\n<script type=\"application\/ld+json\" class=\"yoast-schema-graph\">{\"@context\":\"https:\\\/\\\/schema.org\",\"@graph\":[{\"@type\":\"WebPage\",\"@id\":\"https:\\\/\\\/www.honlufoodtrailer.com\\\/product\\\/16ft-schnitzel-food-truck\\\/\",\"url\":\"https:\\\/\\\/www.honlufoodtrailer.com\\\/product\\\/16ft-schnitzel-food-truck\\\/\",\"name\":\"16ft Schnitzel Food Truck For Sale - Honlu Food Trailer\",\"isPartOf\":{\"@id\":\"https:\\\/\\\/www.honlufoodtrailer.com\\\/#website\"},\"primaryImageOfPage\":{\"@id\":\"https:\\\/\\\/www.honlufoodtrailer.com\\\/product\\\/16ft-schnitzel-food-truck\\\/#primaryimage\"},\"image\":{\"@id\":\"https:\\\/\\\/www.honlufoodtrailer.com\\\/product\\\/16ft-schnitzel-food-truck\\\/#primaryimage\"},\"thumbnailUrl\":\"https:\\\/\\\/www.honlufoodtrailer.com\\\/wp-content\\\/uploads\\\/2024\\\/09\\\/16ft-Schnitzel-Food-Trailer.jpg\",\"datePublished\":\"2024-09-19T09:05:07+00:00\",\"dateModified\":\"2025-02-14T05:58:10+00:00\",\"description\":\"This is a 16ft schnitzel food truck for sale we have customized for a customer. See details! Get a similar or customized one at factory price now!\",\"breadcrumb\":{\"@id\":\"https:\\\/\\\/www.honlufoodtrailer.com\\\/product\\\/16ft-schnitzel-food-truck\\\/#breadcrumb\"},\"inLanguage\":\"lv-LV\",\"potentialAction\":[{\"@type\":\"ReadAction\",\"target\":[\"https:\\\/\\\/www.honlufoodtrailer.com\\\/product\\\/16ft-schnitzel-food-truck\\\/\"]}]},{\"@type\":\"ImageObject\",\"inLanguage\":\"lv-LV\",\"@id\":\"https:\\\/\\\/www.honlufoodtrailer.com\\\/product\\\/16ft-schnitzel-food-truck\\\/#primaryimage\",\"url\":\"https:\\\/\\\/www.honlufoodtrailer.com\\\/wp-content\\\/uploads\\\/2024\\\/09\\\/16ft-Schnitzel-Food-Trailer.jpg\",\"contentUrl\":\"https:\\\/\\\/www.honlufoodtrailer.com\\\/wp-content\\\/uploads\\\/2024\\\/09\\\/16ft-Schnitzel-Food-Trailer.jpg\",\"width\":720,\"height\":540,\"caption\":\"16ft Schnitzel Food Trailer\"},{\"@type\":\"BreadcrumbList\",\"@id\":\"https:\\\/\\\/www.honlufoodtrailer.com\\\/product\\\/16ft-schnitzel-food-truck\\\/#breadcrumb\",\"itemListElement\":[{\"@type\":\"ListItem\",\"position\":1,\"name\":\"Home\",\"item\":\"https:\\\/\\\/www.honlufoodtrailer.com\\\/\"},{\"@type\":\"ListItem\",\"position\":2,\"name\":\"\u4ea7\u54c1\",\"item\":\"https:\\\/\\\/www.honlufoodtrailer.com\\\/shop\\\/\"},{\"@type\":\"ListItem\",\"position\":3,\"name\":\"16ft Schnitzel Food Truck\"}]},{\"@type\":\"WebSite\",\"@id\":\"https:\\\/\\\/www.honlufoodtrailer.com\\\/#website\",\"url\":\"https:\\\/\\\/www.honlufoodtrailer.com\\\/\",\"name\":\"Honlu food trailer\",\"description\":\"\",\"publisher\":{\"@id\":\"https:\\\/\\\/www.honlufoodtrailer.com\\\/#organization\"},\"potentialAction\":[{\"@type\":\"SearchAction\",\"target\":{\"@type\":\"EntryPoint\",\"urlTemplate\":\"https:\\\/\\\/www.honlufoodtrailer.com\\\/?s={search_term_string}\"},\"query-input\":{\"@type\":\"PropertyValueSpecification\",\"valueRequired\":true,\"valueName\":\"search_term_string\"}}],\"inLanguage\":\"lv-LV\"},{\"@type\":\"Organization\",\"@id\":\"https:\\\/\\\/www.honlufoodtrailer.com\\\/#organization\",\"name\":\"Honlu food trailer\",\"url\":\"https:\\\/\\\/www.honlufoodtrailer.com\\\/\",\"logo\":{\"@type\":\"ImageObject\",\"inLanguage\":\"lv-LV\",\"@id\":\"https:\\\/\\\/www.honlufoodtrailer.com\\\/#\\\/schema\\\/logo\\\/image\\\/\",\"url\":\"https:\\\/\\\/www.honlufoodtrailer.com\\\/wp-content\\\/uploads\\\/2021\\\/12\\\/2.gif\",\"contentUrl\":\"https:\\\/\\\/www.honlufoodtrailer.com\\\/wp-content\\\/uploads\\\/2021\\\/12\\\/2.gif\",\"width\":350,\"height\":100,\"caption\":\"Honlu food trailer\"},\"image\":{\"@id\":\"https:\\\/\\\/www.honlufoodtrailer.com\\\/#\\\/schema\\\/logo\\\/image\\\/\"}}]}<\/script>\n<!-- \/ Yoast SEO plugin. -->","yoast_head_json":{"title":"16 p\u0113du \u0161niceles p\u0101rtikas furgons p\u0101rdo\u0161an\u0101 - Honlu p\u0101rtikas piekabe","description":"P\u0101rdodu \u0161o 16 p\u0113du \u0161niceles p\u0101rtikas furgonu, ko esam piel\u0101goju\u0161i klientam. Skatiet s\u012bk\u0101ku inform\u0101ciju! Ieg\u0101d\u0101jieties l\u012bdz\u012bgu vai piel\u0101gotu par r\u016bpn\u012bcas cenu jau tagad!","robots":{"index":"index","follow":"follow","max-snippet":"max-snippet:-1","max-image-preview":"max-image-preview:large","max-video-preview":"max-video-preview:-1"},"canonical":"https:\/\/www.honlufoodtrailer.com\/lv\/product\/16ft-schnitzel-food-truck\/","og_locale":"lv_LV","og_type":"article","og_title":"16ft Schnitzel Food Truck For Sale - Honlu Food Trailer","og_description":"This is a 16ft schnitzel food truck for sale we have customized for a customer. See details! Get a similar or customized one at factory price now!","og_url":"https:\/\/www.honlufoodtrailer.com\/lv\/product\/16ft-schnitzel-food-truck\/","og_site_name":"Honlu food trailer","article_modified_time":"2025-02-14T05:58:10+00:00","og_image":[{"width":720,"height":540,"url":"https:\/\/www.honlufoodtrailer.com\/wp-content\/uploads\/2024\/09\/16ft-Schnitzel-Food-Trailer.jpg","type":"image\/jpeg"}],"twitter_card":"summary_large_image","twitter_misc":{"Est. reading time":"1 min\u016bte"},"schema":{"@context":"https:\/\/schema.org","@graph":[{"@type":"WebPage","@id":"https:\/\/www.honlufoodtrailer.com\/product\/16ft-schnitzel-food-truck\/","url":"https:\/\/www.honlufoodtrailer.com\/product\/16ft-schnitzel-food-truck\/","name":"16 p\u0113du \u0161niceles p\u0101rtikas furgons p\u0101rdo\u0161an\u0101 - Honlu p\u0101rtikas piekabe","isPartOf":{"@id":"https:\/\/www.honlufoodtrailer.com\/#website"},"primaryImageOfPage":{"@id":"https:\/\/www.honlufoodtrailer.com\/product\/16ft-schnitzel-food-truck\/#primaryimage"},"image":{"@id":"https:\/\/www.honlufoodtrailer.com\/product\/16ft-schnitzel-food-truck\/#primaryimage"},"thumbnailUrl":"https:\/\/www.honlufoodtrailer.com\/wp-content\/uploads\/2024\/09\/16ft-Schnitzel-Food-Trailer.jpg","datePublished":"2024-09-19T09:05:07+00:00","dateModified":"2025-02-14T05:58:10+00:00","description":"P\u0101rdodu \u0161o 16 p\u0113du \u0161niceles p\u0101rtikas furgonu, ko esam piel\u0101goju\u0161i klientam. Skatiet s\u012bk\u0101ku inform\u0101ciju! Ieg\u0101d\u0101jieties l\u012bdz\u012bgu vai piel\u0101gotu par r\u016bpn\u012bcas cenu jau tagad!","breadcrumb":{"@id":"https:\/\/www.honlufoodtrailer.com\/product\/16ft-schnitzel-food-truck\/#breadcrumb"},"inLanguage":"lv-LV","potentialAction":[{"@type":"ReadAction","target":["https:\/\/www.honlufoodtrailer.com\/product\/16ft-schnitzel-food-truck\/"]}]},{"@type":"ImageObject","inLanguage":"lv-LV","@id":"https:\/\/www.honlufoodtrailer.com\/product\/16ft-schnitzel-food-truck\/#primaryimage","url":"https:\/\/www.honlufoodtrailer.com\/wp-content\/uploads\/2024\/09\/16ft-Schnitzel-Food-Trailer.jpg","contentUrl":"https:\/\/www.honlufoodtrailer.com\/wp-content\/uploads\/2024\/09\/16ft-Schnitzel-Food-Trailer.jpg","width":720,"height":540,"caption":"16ft Schnitzel Food Trailer"},{"@type":"BreadcrumbList","@id":"https:\/\/www.honlufoodtrailer.com\/product\/16ft-schnitzel-food-truck\/#breadcrumb","itemListElement":[{"@type":"ListItem","position":1,"name":"Home","item":"https:\/\/www.honlufoodtrailer.com\/"},{"@type":"ListItem","position":2,"name":"\u4ea7\u54c1","item":"https:\/\/www.honlufoodtrailer.com\/shop\/"},{"@type":"ListItem","position":3,"name":"16ft Schnitzel Food Truck"}]},{"@type":"WebSite","@id":"https:\/\/www.honlufoodtrailer.com\/#website","url":"https:\/\/www.honlufoodtrailer.com\/","name":"Honlu p\u0101rtikas piekabe","description":"","publisher":{"@id":"https:\/\/www.honlufoodtrailer.com\/#organization"},"potentialAction":[{"@type":"SearchAction","target":{"@type":"EntryPoint","urlTemplate":"https:\/\/www.honlufoodtrailer.com\/?s={search_term_string}"},"query-input":{"@type":"PropertyValueSpecification","valueRequired":true,"valueName":"search_term_string"}}],"inLanguage":"lv-LV"},{"@type":"Organization","@id":"https:\/\/www.honlufoodtrailer.com\/#organization","name":"Honlu p\u0101rtikas piekabe","url":"https:\/\/www.honlufoodtrailer.com\/","logo":{"@type":"ImageObject","inLanguage":"lv-LV","@id":"https:\/\/www.honlufoodtrailer.com\/#\/schema\/logo\/image\/","url":"https:\/\/www.honlufoodtrailer.com\/wp-content\/uploads\/2021\/12\/2.gif","contentUrl":"https:\/\/www.honlufoodtrailer.com\/wp-content\/uploads\/2021\/12\/2.gif","width":350,"height":100,"caption":"Honlu food trailer"},"image":{"@id":"https:\/\/www.honlufoodtrailer.com\/#\/schema\/logo\/image\/"}}]}},"_links":{"self":[{"href":"https:\/\/www.honlufoodtrailer.com\/lv\/wp-json\/wp\/v2\/product\/8362","targetHints":{"allow":["GET"]}}],"collection":[{"href":"https:\/\/www.honlufoodtrailer.com\/lv\/wp-json\/wp\/v2\/product"}],"about":[{"href":"https:\/\/www.honlufoodtrailer.com\/lv\/wp-json\/wp\/v2\/types\/product"}],"version-history":[{"count":0,"href":"https:\/\/www.honlufoodtrailer.com\/lv\/wp-json\/wp\/v2\/product\/8362\/revisions"}],"wp:featuredmedia":[{"embeddable":true,"href":"https:\/\/www.honlufoodtrailer.com\/lv\/wp-json\/wp\/v2\/media\/8364"}],"wp:attachment":[{"href":"https:\/\/www.honlufoodtrailer.com\/lv\/wp-json\/wp\/v2\/media?parent=8362"}],"wp:term":[{"taxonomy":"product_brand","embeddable":true,"href":"https:\/\/www.honlufoodtrailer.com\/lv\/wp-json\/wp\/v2\/product_brand?post=8362"},{"taxonomy":"product_cat","embeddable":true,"href":"https:\/\/www.honlufoodtrailer.com\/lv\/wp-json\/wp\/v2\/product_cat?post=8362"},{"taxonomy":"product_tag","embeddable":true,"href":"https:\/\/www.honlufoodtrailer.com\/lv\/wp-json\/wp\/v2\/product_tag?post=8362"}],"curies":[{"name":"wp","href":"https:\/\/api.w.org\/{rel}","templated":true}]}}