{"id":8600,"date":"2024-10-16T18:30:13","date_gmt":"2024-10-16T10:30:13","guid":{"rendered":"https:\/\/www.honlufoodtrailer.com\/?post_type=product&#038;p=8600"},"modified":"2025-02-14T13:56:42","modified_gmt":"2025-02-14T05:56:42","slug":"18ft-us-standard-mobile-burger-truck","status":"publish","type":"product","link":"https:\/\/www.honlufoodtrailer.com\/lv\/product\/18ft-us-standard-mobile-burger-truck\/","title":{"rendered":"18 p\u0113du ASV standarta mobilais burgeru kravas automobilis"},"content":{"rendered":"<p>Vai mekl\u0113jat mobilo burgeru furgonu p\u0101rdo\u0161anai? Apskatiet \u0161o 18 p\u0113du burgeru furgonu, ko esam izgatavoju\u0161i vienam no m\u016bsu klientiem. K\u0101 redzat, \u0161im mobilajam burgeru furgonam ir skaists dizains. Ir skaidrs, ka \u0161is burgeru furgons p\u0101rsteigs p\u016bli nakt\u012b. Tagad apl\u016bkosim \u0161o burgeru furgonu detaliz\u0113ti. Vispirms apskat\u012bsim da\u017eus att\u0113lus.<\/p>\n<p><img fetchpriority=\"high\" decoding=\"async\" class=\"aligncenter size-full wp-image-8634\" src=\"https:\/\/www.honlufoodtrailer.com\/wp-content\/uploads\/2024\/10\/18ft-mobile-burger-truck.jpg\" alt=\"18 p\u0113du mobilais burgeru furgons\" width=\"720\" height=\"540\" srcset=\"https:\/\/www.honlufoodtrailer.com\/wp-content\/uploads\/2024\/10\/18ft-mobile-burger-truck.jpg 720w, https:\/\/www.honlufoodtrailer.com\/wp-content\/uploads\/2024\/10\/18ft-mobile-burger-truck-480x360.jpg 480w, https:\/\/www.honlufoodtrailer.com\/wp-content\/uploads\/2024\/10\/18ft-mobile-burger-truck-300x225.jpg 300w\" sizes=\"(max-width: 720px) 100vw, 720px\" \/>No att\u0113liem var redz\u0113t, ka mobil\u0101 burgeru furgona priek\u0161pus\u0113 ir divi piel\u0101goti logi. Tas b\u016bs \u013coti \u0113rti apmekl\u0113t\u0101jiem pas\u016bt\u012bt un sa\u0146emt \u0113dienu. M\u0113s piel\u0101goj\u0101m uzl\u012bmes ap p\u0101rtikas piekabes korpusu atbilsto\u0161i klienta v\u0113lm\u0113m. T\u0101 k\u0101 \u0161\u012b piekabe ir 5,5 metrus gara, m\u0113s to izgatavoj\u0101m ar dubultu asi, kas ir stabil\u0101ka un iztur\u012bg\u0101ka.<\/p>\n<p><img decoding=\"async\" class=\"aligncenter size-full wp-image-8608\" src=\"https:\/\/www.honlufoodtrailer.com\/wp-content\/uploads\/2024\/10\/18ft-mobile-burger-truck-front-view.jpg\" alt=\"18 p\u0113du mobil\u0101 burgeru furgona priek\u0161skat\u012bjums\" width=\"720\" height=\"540\" srcset=\"https:\/\/www.honlufoodtrailer.com\/wp-content\/uploads\/2024\/10\/18ft-mobile-burger-truck-front-view.jpg 720w, https:\/\/www.honlufoodtrailer.com\/wp-content\/uploads\/2024\/10\/18ft-mobile-burger-truck-front-view-480x360.jpg 480w, https:\/\/www.honlufoodtrailer.com\/wp-content\/uploads\/2024\/10\/18ft-mobile-burger-truck-front-view-300x225.jpg 300w\" sizes=\"(max-width: 720px) 100vw, 720px\" \/><\/p>\n<p>P\u0101rtikas piekabes aug\u0161pus\u0113 m\u0113s piel\u0101goj\u0101m gaismas z\u012bmi atbilsto\u0161i klienta vajadz\u012bb\u0101m. Piekabes apak\u0161\u0101 m\u0113s izgatavoj\u0101m gaismas sloksni, kas aptin\u0101s piekabi atbilsto\u0161i klienta pras\u012bb\u0101m. Tas padar\u012bs piekabi \u013coti pievilc\u012bgu nakt\u012b. P\u0101rtikas furgona iek\u0161pus\u0113 esam uzst\u0101d\u012bju\u0161i virtuves apr\u012bkojumu un apgaismojumu atbilsto\u0161i klienta pras\u012bb\u0101m. T\u0101l\u0101k apl\u016bkosim \u0161\u012b p\u0101rtikas furgona iek\u0161\u0113j\u0101s deta\u013cas!<\/p>\n<h3>\u0160\u012b 18 p\u0113du mobil\u0101 burgeru kravas automa\u0161\u012bnas iek\u0161\u0113j\u0101 inform\u0101cija<\/h3>\n<p>Skatiet vair\u0101k inform\u0101cijas par \u0161o burgeru furgonu. K\u0101 redzams zem\u0101k redzamajos att\u0113los, m\u0113s esam apr\u012bkoju\u0161i \u0161o burgeru piekabi ar pamata virtuves apr\u012bkojumu, piem\u0113ram, darbagaldu, izlietn\u0113m, g\u0101zes pl\u012bti, grila ma\u0161\u012bnu, pannas un tvaika nos\u016bc\u0113ju utt. Viss \u0161is virtuves apr\u012bkojums atbilst ASV standartiem atbilsto\u0161i klienta pras\u012bb\u0101m. Vai nepiecie\u0161ams cits virtuves apr\u012bkojums? Skatiet m\u016bsu... <a href=\"https:\/\/www.honlufoodtrailer.com\/lv\/product\/\" target=\"_blank\" rel=\"noopener\">pal\u012bgiek\u0101rtas<\/a> \u0161eit.<br \/>\n<img decoding=\"async\" class=\"aligncenter size-full wp-image-8632\" src=\"https:\/\/www.honlufoodtrailer.com\/wp-content\/uploads\/2024\/10\/18ft-mobile-burger-truck-inner-details.jpg\" alt=\"18 p\u0113du mobil\u0101 burgeru furgona iek\u0161\u0113j\u0101s deta\u013cas\" width=\"800\" height=\"800\" srcset=\"https:\/\/www.honlufoodtrailer.com\/wp-content\/uploads\/2024\/10\/18ft-mobile-burger-truck-inner-details.jpg 800w, https:\/\/www.honlufoodtrailer.com\/wp-content\/uploads\/2024\/10\/18ft-mobile-burger-truck-inner-details-768x768.jpg 768w, https:\/\/www.honlufoodtrailer.com\/wp-content\/uploads\/2024\/10\/18ft-mobile-burger-truck-inner-details-360x360.jpg 360w, https:\/\/www.honlufoodtrailer.com\/wp-content\/uploads\/2024\/10\/18ft-mobile-burger-truck-inner-details-300x300.jpg 300w, https:\/\/www.honlufoodtrailer.com\/wp-content\/uploads\/2024\/10\/18ft-mobile-burger-truck-inner-details-720x720.jpg 720w, https:\/\/www.honlufoodtrailer.com\/wp-content\/uploads\/2024\/10\/18ft-mobile-burger-truck-inner-details-100x100.jpg 100w\" sizes=\"(max-width: 800px) 100vw, 800px\" \/><\/p>\n<p><img loading=\"lazy\" decoding=\"async\" class=\"aligncenter size-full wp-image-8611\" src=\"https:\/\/www.honlufoodtrailer.com\/wp-content\/uploads\/2024\/10\/18ft-mobile-burger-truck-interior-structure.jpg\" alt=\"18 p\u0113du mobil\u0101 burgeru furgona iek\u0161\u0113j\u0101 konstrukcija\" width=\"720\" height=\"540\" srcset=\"https:\/\/www.honlufoodtrailer.com\/wp-content\/uploads\/2024\/10\/18ft-mobile-burger-truck-interior-structure.jpg 720w, https:\/\/www.honlufoodtrailer.com\/wp-content\/uploads\/2024\/10\/18ft-mobile-burger-truck-interior-structure-480x360.jpg 480w, https:\/\/www.honlufoodtrailer.com\/wp-content\/uploads\/2024\/10\/18ft-mobile-burger-truck-interior-structure-300x225.jpg 300w\" sizes=\"(max-width: 720px) 100vw, 720px\" \/> <img loading=\"lazy\" decoding=\"async\" class=\"aligncenter size-full wp-image-8610\" src=\"https:\/\/www.honlufoodtrailer.com\/wp-content\/uploads\/2024\/10\/18ft-mobile-burger-truck-inner-view.jpg\" alt=\"18 p\u0113du mobil\u0101 burgeru furgona iek\u0161\u0113jais skats\" width=\"720\" height=\"540\" srcset=\"https:\/\/www.honlufoodtrailer.com\/wp-content\/uploads\/2024\/10\/18ft-mobile-burger-truck-inner-view.jpg 720w, https:\/\/www.honlufoodtrailer.com\/wp-content\/uploads\/2024\/10\/18ft-mobile-burger-truck-inner-view-480x360.jpg 480w, https:\/\/www.honlufoodtrailer.com\/wp-content\/uploads\/2024\/10\/18ft-mobile-burger-truck-inner-view-300x225.jpg 300w\" sizes=\"(max-width: 720px) 100vw, 720px\" \/> <img loading=\"lazy\" decoding=\"async\" class=\"aligncenter size-full wp-image-8609\" src=\"https:\/\/www.honlufoodtrailer.com\/wp-content\/uploads\/2024\/10\/18ft-mobile-burger-truck-inner-structure.jpg\" alt=\"18 p\u0113du mobil\u0101 burgeru kravas automa\u0161\u012bnas iek\u0161\u0113j\u0101 konstrukcija\" width=\"720\" height=\"540\" srcset=\"https:\/\/www.honlufoodtrailer.com\/wp-content\/uploads\/2024\/10\/18ft-mobile-burger-truck-inner-structure.jpg 720w, https:\/\/www.honlufoodtrailer.com\/wp-content\/uploads\/2024\/10\/18ft-mobile-burger-truck-inner-structure-480x360.jpg 480w, https:\/\/www.honlufoodtrailer.com\/wp-content\/uploads\/2024\/10\/18ft-mobile-burger-truck-inner-structure-300x225.jpg 300w\" sizes=\"(max-width: 720px) 100vw, 720px\" \/><br \/>\nK\u0101 p\u0101rtikas piekabju ra\u017eot\u0101js un eksport\u0113t\u0101js ar vair\u0101k nek\u0101 10 gadu pieredzi, m\u0113s varam pal\u012bdz\u0113t jums izstr\u0101d\u0101t un ra\u017eot j\u016bsu <a href=\"https:\/\/www.honlufoodtrailer.com\/lv\/product\/\" target=\"_blank\" rel=\"noopener\">p\u0101rtikas piekabe<\/a> atbilsto\u0161i j\u016bsu viet\u0113jiem standartiem. P\u0101rtikas piekabes izm\u0113ru, korpusa kr\u0101su, uzl\u012bmes, izk\u0101rtnes un virtuves apr\u012bkojumu var piel\u0101got. Vienk\u0101r\u0161i nevilcinieties sazin\u0101ties ar mums un past\u0101stiet mums savas detaliz\u0113t\u0101s pras\u012bbas!<\/p>\n<h3>Vair\u0101k inform\u0101cijas<\/h3>\n<p>Skatiet s\u012bk\u0101ku inform\u0101ciju par \u0161o 18 p\u0113du mobilo burgeru furgonu. M\u0113s varam piel\u0101got p\u0101rtikas furgonu interjeru un eksterjeru atbilsto\u0161i klienta pras\u012bb\u0101m. Vienk\u0101r\u0161i sazinieties ar mums un past\u0101stiet mums savas detaliz\u0113t\u0101s pras\u012bbas!<br \/>\n<img loading=\"lazy\" decoding=\"async\" class=\"aligncenter size-full wp-image-8633\" src=\"https:\/\/www.honlufoodtrailer.com\/wp-content\/uploads\/2024\/10\/18ft-mobile-burger-truck-manufacture-details.jpg\" alt=\"18 p\u0113du mobil\u0101 burgeru kravas automa\u0161\u012bnas ra\u017eo\u0161anas inform\u0101cija\" width=\"800\" height=\"800\" srcset=\"https:\/\/www.honlufoodtrailer.com\/wp-content\/uploads\/2024\/10\/18ft-mobile-burger-truck-manufacture-details.jpg 800w, https:\/\/www.honlufoodtrailer.com\/wp-content\/uploads\/2024\/10\/18ft-mobile-burger-truck-manufacture-details-768x768.jpg 768w, https:\/\/www.honlufoodtrailer.com\/wp-content\/uploads\/2024\/10\/18ft-mobile-burger-truck-manufacture-details-360x360.jpg 360w, https:\/\/www.honlufoodtrailer.com\/wp-content\/uploads\/2024\/10\/18ft-mobile-burger-truck-manufacture-details-300x300.jpg 300w, https:\/\/www.honlufoodtrailer.com\/wp-content\/uploads\/2024\/10\/18ft-mobile-burger-truck-manufacture-details-720x720.jpg 720w, https:\/\/www.honlufoodtrailer.com\/wp-content\/uploads\/2024\/10\/18ft-mobile-burger-truck-manufacture-details-100x100.jpg 100w\" sizes=\"(max-width: 800px) 100vw, 800px\" \/><\/p>\n<h3>Vair\u0101k burgeru piekabju<\/h3>\n<p>Apskatiet vair\u0101k m\u016bsu mobilo burgeru piekabju: <a href=\"https:\/\/www.honlufoodtrailer.com\/lv\/product\/burger-van-catering-trailer\/\" target=\"_blank\" rel=\"noopener\">6m burgeru furgona \u0113din\u0101\u0161anas piekabe<\/a> un <a href=\"https:\/\/www.honlufoodtrailer.com\/lv\/product\/4-5m-hamburger-trailer\/\" target=\"_blank\" rel=\"noopener\">4,5 m burgeru stacija<\/a>.<\/p>\n<figure id=\"attachment_7948\" aria-describedby=\"caption-attachment-7948\" style=\"width: 720px\" class=\"wp-caption aligncenter\"><a href=\"https:\/\/www.honlufoodtrailer.com\/lv\/product\/burger-van-catering-trailer\/\" target=\"_blank\" rel=\"noopener\"><img loading=\"lazy\" decoding=\"async\" class=\"wp-image-7948 size-full\" src=\"https:\/\/www.honlufoodtrailer.com\/wp-content\/uploads\/2024\/07\/6m-burger-van-trailer-for-sale.jpg\" alt=\"P\u0101rdodu 6m burgeru furgona piekabi\" width=\"720\" height=\"540\" srcset=\"https:\/\/www.honlufoodtrailer.com\/wp-content\/uploads\/2024\/07\/6m-burger-van-trailer-for-sale.jpg 720w, https:\/\/www.honlufoodtrailer.com\/wp-content\/uploads\/2024\/07\/6m-burger-van-trailer-for-sale-480x360.jpg 480w, https:\/\/www.honlufoodtrailer.com\/wp-content\/uploads\/2024\/07\/6m-burger-van-trailer-for-sale-300x225.jpg 300w\" sizes=\"(max-width: 720px) 100vw, 720px\" \/><\/a><figcaption id=\"caption-attachment-7948\" class=\"wp-caption-text\">P\u0101rdodu 6m burgeru furgona piekabi<\/figcaption><\/figure>\n<p><figure id=\"attachment_7968\" aria-describedby=\"caption-attachment-7968\" style=\"width: 720px\" class=\"wp-caption aligncenter\"><img loading=\"lazy\" decoding=\"async\" class=\"wp-image-7968 size-full\" src=\"https:\/\/www.honlufoodtrailer.com\/wp-content\/uploads\/2024\/07\/4.5m-hamburger-trailer.jpg\" alt=\"4,5 m hamburgeru piekabe\" width=\"720\" height=\"540\" srcset=\"https:\/\/www.honlufoodtrailer.com\/wp-content\/uploads\/2024\/07\/4.5m-hamburger-trailer.jpg 720w, https:\/\/www.honlufoodtrailer.com\/wp-content\/uploads\/2024\/07\/4.5m-hamburger-trailer-480x360.jpg 480w, https:\/\/www.honlufoodtrailer.com\/wp-content\/uploads\/2024\/07\/4.5m-hamburger-trailer-300x225.jpg 300w\" sizes=\"(max-width: 720px) 100vw, 720px\" \/><figcaption id=\"caption-attachment-7968\" class=\"wp-caption-text\">4,5 m hamburgeru piekabe<\/figcaption><\/figure><br \/>\nJa j\u016bs interes\u0113 jebk\u0101da veida m\u016bsu p\u0101rtikas piekabes vai v\u0113laties piel\u0101gotu piekabi, l\u016bdzu, nevilcinieties sazin\u0101ties ar mums t\u016bl\u012bt! Vienk\u0101r\u0161i atst\u0101jiet zi\u0146ojumu zem\u0101k eso\u0161aj\u0101 veidlap\u0101, un m\u0113s atbild\u0113sim, cik dr\u012bz vien iesp\u0113jams.<\/p>","protected":false},"excerpt":{"rendered":"<p>Tas ir\u00a0<span style=\"box-sizing: border-box; margin: 0px; padding: 0px;\">P\u0101rdodu p\u0113c pas\u016bt\u012bjuma izgatavotu 18 p\u0113du mobilo burgeru furgonu. Tas ir popul\u0101rs modelis to cilv\u0113ku vid\u016b, kuri v\u0113las uzs\u0101kt mobilo p\u0101rtikas piekabju biznesu. <strong>L\u016bdzu, noklik\u0161\u0137iniet uz t\u0101l\u0101k nor\u0101d\u012btaj\u0101m ciln\u0113m, lai skat\u012btu s\u012bk\u0101ku inform\u0101ciju par \u0161o p\u0101rtikas furgonu.<\/strong>. M\u0113s varam izgatavot l\u012bdz\u012bgu burgeru piekabi k\u0101 \u0161o.<\/span>\u00a0vai piel\u0101gojiet to sav\u0101m vajadz\u012bb\u0101m. L\u016bdzu, sazinieties ar mums un past\u0101stiet mums savas detaliz\u0113t\u0101s pras\u012bbas. Vienk\u0101r\u0161i nevilcinieties sazin\u0101ties ar mums t\u016bl\u012bt!<\/p>","protected":false},"featured_media":8607,"template":"","meta":{"_themeisle_gutenberg_block_has_review":false},"product_brand":[],"product_cat":[26],"product_tag":[83,98],"class_list":{"0":"post-8600","1":"product","2":"type-product","3":"status-publish","4":"has-post-thumbnail","6":"product_cat-product","7":"product_tag-18ft-food-trailer","8":"product_tag-burger-trailer","10":"first","11":"instock","12":"featured","13":"shipping-taxable","14":"product-type-simple"},"yoast_head":"<!-- This site is optimized with the Yoast SEO plugin v27.6 - https:\/\/yoast.com\/product\/yoast-seo-wordpress\/ -->\n<title>Mobile Burger Truck from China - Honlu Food Trailer<\/title>\n<meta name=\"description\" content=\"Looking for a mobile burger truck for sale? see this one here! Get a similar or customized one at a reasonable price now!\" \/>\n<meta name=\"robots\" content=\"index, follow, max-snippet:-1, max-image-preview:large, max-video-preview:-1\" \/>\n<link rel=\"canonical\" href=\"https:\/\/www.honlufoodtrailer.com\/lv\/product\/18ft-us-standard-mobile-burger-truck\/\" \/>\n<meta property=\"og:locale\" content=\"lv_LV\" \/>\n<meta property=\"og:type\" content=\"article\" \/>\n<meta property=\"og:title\" content=\"Mobile Burger Truck from China - Honlu Food Trailer\" \/>\n<meta property=\"og:description\" content=\"Looking for a mobile burger truck for sale? see this one here! Get a similar or customized one at a reasonable price now!\" \/>\n<meta property=\"og:url\" content=\"https:\/\/www.honlufoodtrailer.com\/lv\/product\/18ft-us-standard-mobile-burger-truck\/\" \/>\n<meta property=\"og:site_name\" content=\"Honlu food trailer\" \/>\n<meta property=\"article:modified_time\" content=\"2025-02-14T05:56:42+00:00\" \/>\n<meta property=\"og:image\" content=\"https:\/\/www.honlufoodtrailer.com\/wp-content\/uploads\/2024\/10\/18ft-mobile-burger-truck-for-sale.jpg\" \/>\n\t<meta property=\"og:image:width\" content=\"720\" \/>\n\t<meta property=\"og:image:height\" content=\"540\" \/>\n\t<meta property=\"og:image:type\" content=\"image\/jpeg\" \/>\n<meta name=\"twitter:card\" content=\"summary_large_image\" \/>\n<meta name=\"twitter:label1\" content=\"Est. reading time\" \/>\n\t<meta name=\"twitter:data1\" content=\"1 min\u016bte\" \/>\n<script type=\"application\/ld+json\" class=\"yoast-schema-graph\">{\"@context\":\"https:\\\/\\\/schema.org\",\"@graph\":[{\"@type\":\"WebPage\",\"@id\":\"https:\\\/\\\/www.honlufoodtrailer.com\\\/product\\\/18ft-us-standard-mobile-burger-truck\\\/\",\"url\":\"https:\\\/\\\/www.honlufoodtrailer.com\\\/product\\\/18ft-us-standard-mobile-burger-truck\\\/\",\"name\":\"Mobile Burger Truck from China - Honlu Food Trailer\",\"isPartOf\":{\"@id\":\"https:\\\/\\\/www.honlufoodtrailer.com\\\/#website\"},\"primaryImageOfPage\":{\"@id\":\"https:\\\/\\\/www.honlufoodtrailer.com\\\/product\\\/18ft-us-standard-mobile-burger-truck\\\/#primaryimage\"},\"image\":{\"@id\":\"https:\\\/\\\/www.honlufoodtrailer.com\\\/product\\\/18ft-us-standard-mobile-burger-truck\\\/#primaryimage\"},\"thumbnailUrl\":\"https:\\\/\\\/www.honlufoodtrailer.com\\\/wp-content\\\/uploads\\\/2024\\\/10\\\/18ft-mobile-burger-truck-for-sale.jpg\",\"datePublished\":\"2024-10-16T10:30:13+00:00\",\"dateModified\":\"2025-02-14T05:56:42+00:00\",\"description\":\"Looking for a mobile burger truck for sale? see this one here! Get a similar or customized one at a reasonable price now!\",\"breadcrumb\":{\"@id\":\"https:\\\/\\\/www.honlufoodtrailer.com\\\/product\\\/18ft-us-standard-mobile-burger-truck\\\/#breadcrumb\"},\"inLanguage\":\"lv-LV\",\"potentialAction\":[{\"@type\":\"ReadAction\",\"target\":[\"https:\\\/\\\/www.honlufoodtrailer.com\\\/product\\\/18ft-us-standard-mobile-burger-truck\\\/\"]}]},{\"@type\":\"ImageObject\",\"inLanguage\":\"lv-LV\",\"@id\":\"https:\\\/\\\/www.honlufoodtrailer.com\\\/product\\\/18ft-us-standard-mobile-burger-truck\\\/#primaryimage\",\"url\":\"https:\\\/\\\/www.honlufoodtrailer.com\\\/wp-content\\\/uploads\\\/2024\\\/10\\\/18ft-mobile-burger-truck-for-sale.jpg\",\"contentUrl\":\"https:\\\/\\\/www.honlufoodtrailer.com\\\/wp-content\\\/uploads\\\/2024\\\/10\\\/18ft-mobile-burger-truck-for-sale.jpg\",\"width\":720,\"height\":540,\"caption\":\"18ft mobile burger truck for sale\"},{\"@type\":\"BreadcrumbList\",\"@id\":\"https:\\\/\\\/www.honlufoodtrailer.com\\\/product\\\/18ft-us-standard-mobile-burger-truck\\\/#breadcrumb\",\"itemListElement\":[{\"@type\":\"ListItem\",\"position\":1,\"name\":\"Home\",\"item\":\"https:\\\/\\\/www.honlufoodtrailer.com\\\/\"},{\"@type\":\"ListItem\",\"position\":2,\"name\":\"\u4ea7\u54c1\",\"item\":\"https:\\\/\\\/www.honlufoodtrailer.com\\\/shop\\\/\"},{\"@type\":\"ListItem\",\"position\":3,\"name\":\"18ft Us Standard Mobile Burger Truck\"}]},{\"@type\":\"WebSite\",\"@id\":\"https:\\\/\\\/www.honlufoodtrailer.com\\\/#website\",\"url\":\"https:\\\/\\\/www.honlufoodtrailer.com\\\/\",\"name\":\"Honlu food trailer\",\"description\":\"\",\"publisher\":{\"@id\":\"https:\\\/\\\/www.honlufoodtrailer.com\\\/#organization\"},\"potentialAction\":[{\"@type\":\"SearchAction\",\"target\":{\"@type\":\"EntryPoint\",\"urlTemplate\":\"https:\\\/\\\/www.honlufoodtrailer.com\\\/?s={search_term_string}\"},\"query-input\":{\"@type\":\"PropertyValueSpecification\",\"valueRequired\":true,\"valueName\":\"search_term_string\"}}],\"inLanguage\":\"lv-LV\"},{\"@type\":\"Organization\",\"@id\":\"https:\\\/\\\/www.honlufoodtrailer.com\\\/#organization\",\"name\":\"Honlu food trailer\",\"url\":\"https:\\\/\\\/www.honlufoodtrailer.com\\\/\",\"logo\":{\"@type\":\"ImageObject\",\"inLanguage\":\"lv-LV\",\"@id\":\"https:\\\/\\\/www.honlufoodtrailer.com\\\/#\\\/schema\\\/logo\\\/image\\\/\",\"url\":\"https:\\\/\\\/www.honlufoodtrailer.com\\\/wp-content\\\/uploads\\\/2021\\\/12\\\/2.gif\",\"contentUrl\":\"https:\\\/\\\/www.honlufoodtrailer.com\\\/wp-content\\\/uploads\\\/2021\\\/12\\\/2.gif\",\"width\":350,\"height\":100,\"caption\":\"Honlu food trailer\"},\"image\":{\"@id\":\"https:\\\/\\\/www.honlufoodtrailer.com\\\/#\\\/schema\\\/logo\\\/image\\\/\"}}]}<\/script>\n<!-- \/ Yoast SEO plugin. -->","yoast_head_json":{"title":"Mobilais burgeru kravas auto no \u0136\u012bnas - Honlu Food Trailer","description":"Mekl\u0113jat mobilo burgeru furgonu p\u0101rdo\u0161anai? Apskatiet \u0161o \u0161eit! Ieg\u0101d\u0101jieties l\u012bdz\u012bgu vai piel\u0101gotu par sapr\u0101t\u012bgu cenu jau tagad!","robots":{"index":"index","follow":"follow","max-snippet":"max-snippet:-1","max-image-preview":"max-image-preview:large","max-video-preview":"max-video-preview:-1"},"canonical":"https:\/\/www.honlufoodtrailer.com\/lv\/product\/18ft-us-standard-mobile-burger-truck\/","og_locale":"lv_LV","og_type":"article","og_title":"Mobile Burger Truck from China - Honlu Food Trailer","og_description":"Looking for a mobile burger truck for sale? see this one here! Get a similar or customized one at a reasonable price now!","og_url":"https:\/\/www.honlufoodtrailer.com\/lv\/product\/18ft-us-standard-mobile-burger-truck\/","og_site_name":"Honlu food trailer","article_modified_time":"2025-02-14T05:56:42+00:00","og_image":[{"width":720,"height":540,"url":"https:\/\/www.honlufoodtrailer.com\/wp-content\/uploads\/2024\/10\/18ft-mobile-burger-truck-for-sale.jpg","type":"image\/jpeg"}],"twitter_card":"summary_large_image","twitter_misc":{"Est. reading time":"1 min\u016bte"},"schema":{"@context":"https:\/\/schema.org","@graph":[{"@type":"WebPage","@id":"https:\/\/www.honlufoodtrailer.com\/product\/18ft-us-standard-mobile-burger-truck\/","url":"https:\/\/www.honlufoodtrailer.com\/product\/18ft-us-standard-mobile-burger-truck\/","name":"Mobilais burgeru kravas auto no \u0136\u012bnas - Honlu Food Trailer","isPartOf":{"@id":"https:\/\/www.honlufoodtrailer.com\/#website"},"primaryImageOfPage":{"@id":"https:\/\/www.honlufoodtrailer.com\/product\/18ft-us-standard-mobile-burger-truck\/#primaryimage"},"image":{"@id":"https:\/\/www.honlufoodtrailer.com\/product\/18ft-us-standard-mobile-burger-truck\/#primaryimage"},"thumbnailUrl":"https:\/\/www.honlufoodtrailer.com\/wp-content\/uploads\/2024\/10\/18ft-mobile-burger-truck-for-sale.jpg","datePublished":"2024-10-16T10:30:13+00:00","dateModified":"2025-02-14T05:56:42+00:00","description":"Mekl\u0113jat mobilo burgeru furgonu p\u0101rdo\u0161anai? Apskatiet \u0161o \u0161eit! Ieg\u0101d\u0101jieties l\u012bdz\u012bgu vai piel\u0101gotu par sapr\u0101t\u012bgu cenu jau tagad!","breadcrumb":{"@id":"https:\/\/www.honlufoodtrailer.com\/product\/18ft-us-standard-mobile-burger-truck\/#breadcrumb"},"inLanguage":"lv-LV","potentialAction":[{"@type":"ReadAction","target":["https:\/\/www.honlufoodtrailer.com\/product\/18ft-us-standard-mobile-burger-truck\/"]}]},{"@type":"ImageObject","inLanguage":"lv-LV","@id":"https:\/\/www.honlufoodtrailer.com\/product\/18ft-us-standard-mobile-burger-truck\/#primaryimage","url":"https:\/\/www.honlufoodtrailer.com\/wp-content\/uploads\/2024\/10\/18ft-mobile-burger-truck-for-sale.jpg","contentUrl":"https:\/\/www.honlufoodtrailer.com\/wp-content\/uploads\/2024\/10\/18ft-mobile-burger-truck-for-sale.jpg","width":720,"height":540,"caption":"18ft mobile burger truck for sale"},{"@type":"BreadcrumbList","@id":"https:\/\/www.honlufoodtrailer.com\/product\/18ft-us-standard-mobile-burger-truck\/#breadcrumb","itemListElement":[{"@type":"ListItem","position":1,"name":"Home","item":"https:\/\/www.honlufoodtrailer.com\/"},{"@type":"ListItem","position":2,"name":"\u4ea7\u54c1","item":"https:\/\/www.honlufoodtrailer.com\/shop\/"},{"@type":"ListItem","position":3,"name":"18ft Us Standard Mobile Burger Truck"}]},{"@type":"WebSite","@id":"https:\/\/www.honlufoodtrailer.com\/#website","url":"https:\/\/www.honlufoodtrailer.com\/","name":"Honlu p\u0101rtikas piekabe","description":"","publisher":{"@id":"https:\/\/www.honlufoodtrailer.com\/#organization"},"potentialAction":[{"@type":"SearchAction","target":{"@type":"EntryPoint","urlTemplate":"https:\/\/www.honlufoodtrailer.com\/?s={search_term_string}"},"query-input":{"@type":"PropertyValueSpecification","valueRequired":true,"valueName":"search_term_string"}}],"inLanguage":"lv-LV"},{"@type":"Organization","@id":"https:\/\/www.honlufoodtrailer.com\/#organization","name":"Honlu p\u0101rtikas piekabe","url":"https:\/\/www.honlufoodtrailer.com\/","logo":{"@type":"ImageObject","inLanguage":"lv-LV","@id":"https:\/\/www.honlufoodtrailer.com\/#\/schema\/logo\/image\/","url":"https:\/\/www.honlufoodtrailer.com\/wp-content\/uploads\/2021\/12\/2.gif","contentUrl":"https:\/\/www.honlufoodtrailer.com\/wp-content\/uploads\/2021\/12\/2.gif","width":350,"height":100,"caption":"Honlu food trailer"},"image":{"@id":"https:\/\/www.honlufoodtrailer.com\/#\/schema\/logo\/image\/"}}]}},"_links":{"self":[{"href":"https:\/\/www.honlufoodtrailer.com\/lv\/wp-json\/wp\/v2\/product\/8600","targetHints":{"allow":["GET"]}}],"collection":[{"href":"https:\/\/www.honlufoodtrailer.com\/lv\/wp-json\/wp\/v2\/product"}],"about":[{"href":"https:\/\/www.honlufoodtrailer.com\/lv\/wp-json\/wp\/v2\/types\/product"}],"version-history":[{"count":0,"href":"https:\/\/www.honlufoodtrailer.com\/lv\/wp-json\/wp\/v2\/product\/8600\/revisions"}],"wp:featuredmedia":[{"embeddable":true,"href":"https:\/\/www.honlufoodtrailer.com\/lv\/wp-json\/wp\/v2\/media\/8607"}],"wp:attachment":[{"href":"https:\/\/www.honlufoodtrailer.com\/lv\/wp-json\/wp\/v2\/media?parent=8600"}],"wp:term":[{"taxonomy":"product_brand","embeddable":true,"href":"https:\/\/www.honlufoodtrailer.com\/lv\/wp-json\/wp\/v2\/product_brand?post=8600"},{"taxonomy":"product_cat","embeddable":true,"href":"https:\/\/www.honlufoodtrailer.com\/lv\/wp-json\/wp\/v2\/product_cat?post=8600"},{"taxonomy":"product_tag","embeddable":true,"href":"https:\/\/www.honlufoodtrailer.com\/lv\/wp-json\/wp\/v2\/product_tag?post=8600"}],"curies":[{"name":"wp","href":"https:\/\/api.w.org\/{rel}","templated":true}]}}