{"id":8668,"date":"2024-10-22T18:09:44","date_gmt":"2024-10-22T10:09:44","guid":{"rendered":"https:\/\/www.honlufoodtrailer.com\/?post_type=product&#038;p=8668"},"modified":"2025-02-14T13:56:00","modified_gmt":"2025-02-14T05:56:00","slug":"18ft-fully-loaded-concession-trailer","status":"publish","type":"product","link":"https:\/\/www.honlufoodtrailer.com\/lv\/product\/18ft-fully-loaded-concession-trailer\/","title":{"rendered":"18\u00a0ft piln\u012bb\u0101 noslogota koncesijas piekabe"},"content":{"rendered":"<p>Vai mekl\u0113jat piln\u012bb\u0101 piekrautu koncesijas piekabi savam mobilajam p\u0101rtikas uz\u0146\u0113mumam? Skatiet \u0161o \u0161eit! Zem\u0101k ir piel\u0101gota 18\u00a0p\u0113du piln\u012bb\u0101 piekrauta koncesijas piekabe. M\u0113s to piel\u0101goj\u0101m klientam. Visam transportl\u012bdzeklim ir izmantots ner\u016bs\u0113jo\u0161ais t\u0113rauds un cinkota lok\u0161\u0146u t\u0113rauds. T\u0101 ir laba izv\u0113le, lai vad\u012btu mobilo p\u0101rtikas uz\u0146\u0113mumu. Tagad apskat\u012bsim da\u017eus \u0161\u012bs koncesijas treilera att\u0113lus!<\/p>\n<p><img fetchpriority=\"high\" decoding=\"async\" class=\"aligncenter size-full wp-image-8675\" src=\"https:\/\/www.honlufoodtrailer.com\/wp-content\/uploads\/2024\/10\/18ft-fully-loaded-concession-trailer-front-view.jpg\" alt=\"18\u00a0ft piln\u012bb\u0101 piekrauta koncesijas piekabe no priek\u0161puses\" width=\"720\" height=\"540\" srcset=\"https:\/\/www.honlufoodtrailer.com\/wp-content\/uploads\/2024\/10\/18ft-fully-loaded-concession-trailer-front-view.jpg 720w, https:\/\/www.honlufoodtrailer.com\/wp-content\/uploads\/2024\/10\/18ft-fully-loaded-concession-trailer-front-view-480x360.jpg 480w, https:\/\/www.honlufoodtrailer.com\/wp-content\/uploads\/2024\/10\/18ft-fully-loaded-concession-trailer-front-view-300x225.jpg 300w\" sizes=\"(max-width: 720px) 100vw, 720px\" \/> <img decoding=\"async\" class=\"aligncenter size-full wp-image-8674\" src=\"https:\/\/www.honlufoodtrailer.com\/wp-content\/uploads\/2024\/10\/18ft-fully-loaded-concession-trailer-back-view.jpg\" alt=\"18\u00a0ft piln\u012bb\u0101 piekrauta koncesijas piekabe atpaka\u013cskat\u0101\" width=\"720\" height=\"540\" srcset=\"https:\/\/www.honlufoodtrailer.com\/wp-content\/uploads\/2024\/10\/18ft-fully-loaded-concession-trailer-back-view.jpg 720w, https:\/\/www.honlufoodtrailer.com\/wp-content\/uploads\/2024\/10\/18ft-fully-loaded-concession-trailer-back-view-480x360.jpg 480w, https:\/\/www.honlufoodtrailer.com\/wp-content\/uploads\/2024\/10\/18ft-fully-loaded-concession-trailer-back-view-300x225.jpg 300w\" sizes=\"(max-width: 720px) 100vw, 720px\" \/><br \/>\nK\u0101 redzams no iepriek\u0161 redzamajiem att\u0113liem, \u0161im p\u0101rtikas kravas automobilim ar pilnu virtuvi ir visas \u0137erme\u0146a uzl\u012bmes, un tas ir \u013coti pievilc\u012bgs p\u016blim. Koncesijas piekabes priek\u0161pus\u0113 esam izveidoju\u0161i lielu logu. Tas b\u016bs \u013coti \u0113rti pusdienot\u0101jiem pas\u016bt\u012bt un pa\u0146emt malt\u012btes. Topa kreisaj\u0101 un labaj\u0101 pus\u0113 klientam uzst\u0101d\u012bj\u0101m LED \u0101ra pro\u017eektorus. T\u0101l\u0101k apskat\u012bsim \u0161\u012bs 18\u00a0ft p\u0101rtikas kravas ma\u0161\u012bnas piln\u0101s virtuves lietojumu un iek\u0161\u0113jo inform\u0101ciju.<\/p>\n<h3>\u0160\u012bs 18\u00a0p\u0113das piln\u012bb\u0101 piekrautas koncesijas piekabes izmanto\u0161ana<\/h3>\n<p>M\u016bsu klients galvenok\u0101rt izmanto \u0161o p\u0101rtikas kravas automa\u0161\u012bnu, lai p\u0101rdotu \u0101tr\u0101s uzkodas, piem\u0113ram, burgers, fr\u012b kartupe\u013cus, hamburgerus, dz\u0113rienus utt.<\/p>\n<h3>\u0160\u012b p\u0101rtikas koncesijas treilera iek\u0161\u0113j\u0101 strukt\u016bra<\/h3>\n<p>K\u0101 redzams no zem\u0101k eso\u0161ajiem att\u0113liem, m\u0113s galvenok\u0101rt uzst\u0101d\u0101m tr\u012bs izlietnes, divus garus ner\u016bs\u0113jo\u0161\u0101 t\u0113rauda darbagaldus ar noliktavu, vair\u0101kus \u016bdens kr\u0101nus, g\u0101zes ceptuvi, g\u0101zes re\u017e\u0123i, 4 deg\u013cu g\u0101zes pl\u012bti ar cepe\u0161kr\u0101sni, g\u0101zes tvertni, sal\u0101tu b\u0101ra ledusskapi, dz\u0113rienu ledusskapi utt.<\/p>\n<p><img decoding=\"async\" class=\"aligncenter size-full wp-image-8670\" src=\"https:\/\/www.honlufoodtrailer.com\/wp-content\/uploads\/2024\/10\/18ft-fully-equipped-concession-trailer-inner-view.jpg\" alt=\"18\u00a0ft piln\u012bb\u0101 apr\u012bkotas koncesijas piekabes iek\u0161skats\" width=\"720\" height=\"540\" srcset=\"https:\/\/www.honlufoodtrailer.com\/wp-content\/uploads\/2024\/10\/18ft-fully-equipped-concession-trailer-inner-view.jpg 720w, https:\/\/www.honlufoodtrailer.com\/wp-content\/uploads\/2024\/10\/18ft-fully-equipped-concession-trailer-inner-view-480x360.jpg 480w, https:\/\/www.honlufoodtrailer.com\/wp-content\/uploads\/2024\/10\/18ft-fully-equipped-concession-trailer-inner-view-300x225.jpg 300w\" sizes=\"(max-width: 720px) 100vw, 720px\" \/><img loading=\"lazy\" decoding=\"async\" class=\"aligncenter size-full wp-image-8714\" src=\"https:\/\/www.honlufoodtrailer.com\/wp-content\/uploads\/2024\/10\/18ft-Fully-Loaded-Concession-Trailer-inner-details.jpg\" alt=\"18\u00a0ft piln\u012bb\u0101 noslogotas koncesijas piekabes iek\u0161\u0113j\u0101s deta\u013cas\" width=\"800\" height=\"800\" srcset=\"https:\/\/www.honlufoodtrailer.com\/wp-content\/uploads\/2024\/10\/18ft-Fully-Loaded-Concession-Trailer-inner-details.jpg 800w, https:\/\/www.honlufoodtrailer.com\/wp-content\/uploads\/2024\/10\/18ft-Fully-Loaded-Concession-Trailer-inner-details-768x768.jpg 768w, https:\/\/www.honlufoodtrailer.com\/wp-content\/uploads\/2024\/10\/18ft-Fully-Loaded-Concession-Trailer-inner-details-360x360.jpg 360w, https:\/\/www.honlufoodtrailer.com\/wp-content\/uploads\/2024\/10\/18ft-Fully-Loaded-Concession-Trailer-inner-details-300x300.jpg 300w, https:\/\/www.honlufoodtrailer.com\/wp-content\/uploads\/2024\/10\/18ft-Fully-Loaded-Concession-Trailer-inner-details-720x720.jpg 720w, https:\/\/www.honlufoodtrailer.com\/wp-content\/uploads\/2024\/10\/18ft-Fully-Loaded-Concession-Trailer-inner-details-100x100.jpg 100w\" sizes=\"(max-width: 800px) 100vw, 800px\" \/><\/p>\n<h3>S\u012bk\u0101ka inform\u0101cija:<\/h3>\n<p>Skatiet s\u012bk\u0101ku inform\u0101ciju par \u0161o 16\u00a0p\u0113du klimpu p\u0101rtikas kravas automa\u0161\u012bnu. K\u0101 redzat, visi piederumi atbilst klienta viet\u0113jiem standartiem. K\u0101 profesion\u0101ls p\u0101rtikas piekabju ra\u017eot\u0101js un eksport\u0113t\u0101js ar vair\u0101k nek\u0101 10 gadu pieredzi, m\u0113s esam iepazinu\u0161ies ar daudzu valstu noteikumiem un pras\u012bb\u0101m, m\u0113s nodro\u0161in\u0101sim j\u016bs ar p\u0101rtikas kravas automa\u0161\u012bn\u0101m, kas atbilst j\u016bsu valsts pras\u012bb\u0101m. Vienk\u0101r\u0161i sazinieties ar mums, lai piel\u0101gotu savu p\u0101rtikas piekabi!<\/p>\n<p><img loading=\"lazy\" decoding=\"async\" class=\"aligncenter size-full wp-image-8715\" src=\"https:\/\/www.honlufoodtrailer.com\/wp-content\/uploads\/2024\/10\/18ft-Fully-Loaded-Concession-Trailer-more-details.jpg\" alt=\"18\u00a0ft piln\u012bb\u0101 noslogota koncesijas piekabe, s\u012bk\u0101ka inform\u0101cija\" width=\"800\" height=\"800\" srcset=\"https:\/\/www.honlufoodtrailer.com\/wp-content\/uploads\/2024\/10\/18ft-Fully-Loaded-Concession-Trailer-more-details.jpg 800w, https:\/\/www.honlufoodtrailer.com\/wp-content\/uploads\/2024\/10\/18ft-Fully-Loaded-Concession-Trailer-more-details-768x768.jpg 768w, https:\/\/www.honlufoodtrailer.com\/wp-content\/uploads\/2024\/10\/18ft-Fully-Loaded-Concession-Trailer-more-details-360x360.jpg 360w, https:\/\/www.honlufoodtrailer.com\/wp-content\/uploads\/2024\/10\/18ft-Fully-Loaded-Concession-Trailer-more-details-300x300.jpg 300w, https:\/\/www.honlufoodtrailer.com\/wp-content\/uploads\/2024\/10\/18ft-Fully-Loaded-Concession-Trailer-more-details-720x720.jpg 720w, https:\/\/www.honlufoodtrailer.com\/wp-content\/uploads\/2024\/10\/18ft-Fully-Loaded-Concession-Trailer-more-details-100x100.jpg 100w\" sizes=\"(max-width: 800px) 100vw, 800px\" \/><\/p>\n<h3 class=\"magic-6\" data-spm-anchor-id=\"a2700.wholesale.0.i28.29e52808agqc7f\">Galven\u0101s koncesijas treilera iez\u012bmes<\/h3>\n<div class=\"magic-7\">\n<div class=\"magic-8\">\n<div class=\"magic-9\" data-id=\"paragraph0\">\n<ol>\n<li>Atbilst viet\u0113jiem standartiem;<\/li>\n<li>Kompakta strukt\u016bra un sapr\u0101t\u012bgs izk\u0101rtojums.<\/li>\n<li>Stingra kvalit\u0101te, par sapr\u0101t\u012bgu cenu.<\/li>\n<\/ol>\n<h3>Bezmaksas 2D\/3D st\u0101va pl\u0101na ras\u0113jums<\/h3>\n<p>P\u0113c p\u0101rtikas piekabes un iek\u0161\u0113j\u0101 virtuves apr\u012bkojuma izm\u0113ru apstiprin\u0101\u0161anas m\u0113s varam jums bez maksas nodro\u0161in\u0101t 3D ras\u0113jumus. Tas sniegs jums skaidr\u0101ku priek\u0161statu par j\u016bsu dizainu un p\u0101rtikas rati\u0146iem. Apstiprinot virtuves apr\u012bkojuma atra\u0161an\u0101s vietu, m\u0113s var\u0113sim skaidri sazin\u0101ties ar jums, izmantojot st\u0101vu pl\u0101nu. M\u0113s varam ar\u012b nodro\u0161in\u0101t j\u016bs ar ori\u0123in\u0101lajiem dokumentiem, lai atvieglotu j\u016bsu dizainu un veiktu korekcijas.<\/p>\n<\/div>\n<\/div>\n<\/div>","protected":false},"excerpt":{"rendered":"<p data-spm-anchor-id=\"a2700.wholesale.0.i28.29e52808agqc7f\">\u0160\u012b ir piel\u0101gota 18\u00a0p\u0113du piln\u012bb\u0101 piekrauta koncesijas piekabe. Visam transportl\u012bdzeklim ir izmantots ner\u016bs\u0113jo\u0161ais t\u0113rauds un cinkota lok\u0161\u0146u t\u0113rauds. To var izmantot, lai p\u0101rdotu \u0101tr\u0101s \u0113din\u0101\u0161anas produktus un dz\u0113rienus utt. M\u0113s varam izgatavot l\u012bdz\u012bgu p\u0101rtikas piekabi, piem\u0113ram, \u0161o, vai piel\u0101got to jums. P\u0101rtikas piekabes izm\u0113ru, korpusa kr\u0101su, uzl\u012bmes, izk\u0101rtnes, virtuves apr\u012bkojumu var piel\u0101got. Turkl\u0101t visi piederumi atbild\u012bs klientu pras\u012bb\u0101m. Vienk\u0101r\u0161i nevilcinieties sazin\u0101ties ar mums un past\u0101st\u012bt mums par sav\u0101m pras\u012bb\u0101m!<\/p>","protected":false},"featured_media":8679,"template":"","meta":{"_themeisle_gutenberg_block_has_review":false},"product_brand":[],"product_cat":[26],"product_tag":[83],"class_list":{"0":"post-8668","1":"product","2":"type-product","3":"status-publish","4":"has-post-thumbnail","6":"product_cat-product","7":"product_tag-18ft-food-trailer","9":"first","10":"instock","11":"shipping-taxable","12":"product-type-simple"},"yoast_head":"<!-- This site is optimized with the Yoast SEO plugin v27.6 - https:\/\/yoast.com\/product\/yoast-seo-wordpress\/ -->\n<title>18ft Fully Loaded Concession Trailer Fom China Factory - Honlu<\/title>\n<meta name=\"description\" content=\"This is a customized 18ft fully loaded concession trailer. High quality and appealing appearance, get its price here direct from China factory!\" \/>\n<meta name=\"robots\" content=\"index, follow, max-snippet:-1, max-image-preview:large, max-video-preview:-1\" \/>\n<link rel=\"canonical\" href=\"https:\/\/www.honlufoodtrailer.com\/lv\/product\/18ft-fully-loaded-concession-trailer\/\" \/>\n<meta property=\"og:locale\" content=\"lv_LV\" \/>\n<meta property=\"og:type\" content=\"article\" \/>\n<meta property=\"og:title\" content=\"18ft Fully Loaded Concession Trailer Fom China Factory - Honlu\" \/>\n<meta property=\"og:description\" content=\"This is a customized 18ft fully loaded concession trailer. High quality and appealing appearance, get its price here direct from China factory!\" \/>\n<meta property=\"og:url\" content=\"https:\/\/www.honlufoodtrailer.com\/lv\/product\/18ft-fully-loaded-concession-trailer\/\" \/>\n<meta property=\"og:site_name\" content=\"Honlu food trailer\" \/>\n<meta property=\"article:modified_time\" content=\"2025-02-14T05:56:00+00:00\" \/>\n<meta property=\"og:image\" content=\"https:\/\/www.honlufoodtrailer.com\/wp-content\/uploads\/2024\/10\/fully-loaded-concession-trailer-for-sale.jpg\" \/>\n\t<meta property=\"og:image:width\" content=\"720\" \/>\n\t<meta property=\"og:image:height\" content=\"540\" \/>\n\t<meta property=\"og:image:type\" content=\"image\/jpeg\" \/>\n<meta name=\"twitter:card\" content=\"summary_large_image\" \/>\n<meta name=\"twitter:label1\" content=\"Est. reading time\" \/>\n\t<meta name=\"twitter:data1\" content=\"2 min\u016btes\" \/>\n<script type=\"application\/ld+json\" class=\"yoast-schema-graph\">{\"@context\":\"https:\\\/\\\/schema.org\",\"@graph\":[{\"@type\":\"WebPage\",\"@id\":\"https:\\\/\\\/www.honlufoodtrailer.com\\\/product\\\/18ft-fully-loaded-concession-trailer\\\/\",\"url\":\"https:\\\/\\\/www.honlufoodtrailer.com\\\/product\\\/18ft-fully-loaded-concession-trailer\\\/\",\"name\":\"18ft Fully Loaded Concession Trailer Fom China Factory - Honlu\",\"isPartOf\":{\"@id\":\"https:\\\/\\\/www.honlufoodtrailer.com\\\/#website\"},\"primaryImageOfPage\":{\"@id\":\"https:\\\/\\\/www.honlufoodtrailer.com\\\/product\\\/18ft-fully-loaded-concession-trailer\\\/#primaryimage\"},\"image\":{\"@id\":\"https:\\\/\\\/www.honlufoodtrailer.com\\\/product\\\/18ft-fully-loaded-concession-trailer\\\/#primaryimage\"},\"thumbnailUrl\":\"https:\\\/\\\/www.honlufoodtrailer.com\\\/wp-content\\\/uploads\\\/2024\\\/10\\\/fully-loaded-concession-trailer-for-sale.jpg\",\"datePublished\":\"2024-10-22T10:09:44+00:00\",\"dateModified\":\"2025-02-14T05:56:00+00:00\",\"description\":\"This is a customized 18ft fully loaded concession trailer. High quality and appealing appearance, get its price here direct from China factory!\",\"breadcrumb\":{\"@id\":\"https:\\\/\\\/www.honlufoodtrailer.com\\\/product\\\/18ft-fully-loaded-concession-trailer\\\/#breadcrumb\"},\"inLanguage\":\"lv-LV\",\"potentialAction\":[{\"@type\":\"ReadAction\",\"target\":[\"https:\\\/\\\/www.honlufoodtrailer.com\\\/product\\\/18ft-fully-loaded-concession-trailer\\\/\"]}]},{\"@type\":\"ImageObject\",\"inLanguage\":\"lv-LV\",\"@id\":\"https:\\\/\\\/www.honlufoodtrailer.com\\\/product\\\/18ft-fully-loaded-concession-trailer\\\/#primaryimage\",\"url\":\"https:\\\/\\\/www.honlufoodtrailer.com\\\/wp-content\\\/uploads\\\/2024\\\/10\\\/fully-loaded-concession-trailer-for-sale.jpg\",\"contentUrl\":\"https:\\\/\\\/www.honlufoodtrailer.com\\\/wp-content\\\/uploads\\\/2024\\\/10\\\/fully-loaded-concession-trailer-for-sale.jpg\",\"width\":720,\"height\":540,\"caption\":\"fully loaded concession trailer for sale\"},{\"@type\":\"BreadcrumbList\",\"@id\":\"https:\\\/\\\/www.honlufoodtrailer.com\\\/product\\\/18ft-fully-loaded-concession-trailer\\\/#breadcrumb\",\"itemListElement\":[{\"@type\":\"ListItem\",\"position\":1,\"name\":\"Home\",\"item\":\"https:\\\/\\\/www.honlufoodtrailer.com\\\/\"},{\"@type\":\"ListItem\",\"position\":2,\"name\":\"\u4ea7\u54c1\",\"item\":\"https:\\\/\\\/www.honlufoodtrailer.com\\\/shop\\\/\"},{\"@type\":\"ListItem\",\"position\":3,\"name\":\"18ft Fully Loaded Concession Trailer\"}]},{\"@type\":\"WebSite\",\"@id\":\"https:\\\/\\\/www.honlufoodtrailer.com\\\/#website\",\"url\":\"https:\\\/\\\/www.honlufoodtrailer.com\\\/\",\"name\":\"Honlu food trailer\",\"description\":\"\",\"publisher\":{\"@id\":\"https:\\\/\\\/www.honlufoodtrailer.com\\\/#organization\"},\"potentialAction\":[{\"@type\":\"SearchAction\",\"target\":{\"@type\":\"EntryPoint\",\"urlTemplate\":\"https:\\\/\\\/www.honlufoodtrailer.com\\\/?s={search_term_string}\"},\"query-input\":{\"@type\":\"PropertyValueSpecification\",\"valueRequired\":true,\"valueName\":\"search_term_string\"}}],\"inLanguage\":\"lv-LV\"},{\"@type\":\"Organization\",\"@id\":\"https:\\\/\\\/www.honlufoodtrailer.com\\\/#organization\",\"name\":\"Honlu food trailer\",\"url\":\"https:\\\/\\\/www.honlufoodtrailer.com\\\/\",\"logo\":{\"@type\":\"ImageObject\",\"inLanguage\":\"lv-LV\",\"@id\":\"https:\\\/\\\/www.honlufoodtrailer.com\\\/#\\\/schema\\\/logo\\\/image\\\/\",\"url\":\"https:\\\/\\\/www.honlufoodtrailer.com\\\/wp-content\\\/uploads\\\/2021\\\/12\\\/2.gif\",\"contentUrl\":\"https:\\\/\\\/www.honlufoodtrailer.com\\\/wp-content\\\/uploads\\\/2021\\\/12\\\/2.gif\",\"width\":350,\"height\":100,\"caption\":\"Honlu food trailer\"},\"image\":{\"@id\":\"https:\\\/\\\/www.honlufoodtrailer.com\\\/#\\\/schema\\\/logo\\\/image\\\/\"}}]}<\/script>\n<!-- \/ Yoast SEO plugin. -->","yoast_head_json":{"title":"18\u00a0ft piln\u012bb\u0101 noslogota koncesijas piekabe no \u0136\u012bnas r\u016bpn\u012bcas\u00a0\u2014 Honlu","description":"\u0160\u012b ir piel\u0101gota 18\u00a0p\u0113du piln\u012bb\u0101 piekrauta koncesijas piekabe. Augsta kvalit\u0101te un pievilc\u012bgs izskats, ieg\u016bstiet cenu \u0161eit tie\u0161i no \u0136\u012bnas r\u016bpn\u012bcas!","robots":{"index":"index","follow":"follow","max-snippet":"max-snippet:-1","max-image-preview":"max-image-preview:large","max-video-preview":"max-video-preview:-1"},"canonical":"https:\/\/www.honlufoodtrailer.com\/lv\/product\/18ft-fully-loaded-concession-trailer\/","og_locale":"lv_LV","og_type":"article","og_title":"18ft Fully Loaded Concession Trailer Fom China Factory - Honlu","og_description":"This is a customized 18ft fully loaded concession trailer. High quality and appealing appearance, get its price here direct from China factory!","og_url":"https:\/\/www.honlufoodtrailer.com\/lv\/product\/18ft-fully-loaded-concession-trailer\/","og_site_name":"Honlu food trailer","article_modified_time":"2025-02-14T05:56:00+00:00","og_image":[{"width":720,"height":540,"url":"https:\/\/www.honlufoodtrailer.com\/wp-content\/uploads\/2024\/10\/fully-loaded-concession-trailer-for-sale.jpg","type":"image\/jpeg"}],"twitter_card":"summary_large_image","twitter_misc":{"Est. reading time":"2 min\u016btes"},"schema":{"@context":"https:\/\/schema.org","@graph":[{"@type":"WebPage","@id":"https:\/\/www.honlufoodtrailer.com\/product\/18ft-fully-loaded-concession-trailer\/","url":"https:\/\/www.honlufoodtrailer.com\/product\/18ft-fully-loaded-concession-trailer\/","name":"18\u00a0ft piln\u012bb\u0101 noslogota koncesijas piekabe no \u0136\u012bnas r\u016bpn\u012bcas\u00a0\u2014 Honlu","isPartOf":{"@id":"https:\/\/www.honlufoodtrailer.com\/#website"},"primaryImageOfPage":{"@id":"https:\/\/www.honlufoodtrailer.com\/product\/18ft-fully-loaded-concession-trailer\/#primaryimage"},"image":{"@id":"https:\/\/www.honlufoodtrailer.com\/product\/18ft-fully-loaded-concession-trailer\/#primaryimage"},"thumbnailUrl":"https:\/\/www.honlufoodtrailer.com\/wp-content\/uploads\/2024\/10\/fully-loaded-concession-trailer-for-sale.jpg","datePublished":"2024-10-22T10:09:44+00:00","dateModified":"2025-02-14T05:56:00+00:00","description":"\u0160\u012b ir piel\u0101gota 18\u00a0p\u0113du piln\u012bb\u0101 piekrauta koncesijas piekabe. Augsta kvalit\u0101te un pievilc\u012bgs izskats, ieg\u016bstiet cenu \u0161eit tie\u0161i no \u0136\u012bnas r\u016bpn\u012bcas!","breadcrumb":{"@id":"https:\/\/www.honlufoodtrailer.com\/product\/18ft-fully-loaded-concession-trailer\/#breadcrumb"},"inLanguage":"lv-LV","potentialAction":[{"@type":"ReadAction","target":["https:\/\/www.honlufoodtrailer.com\/product\/18ft-fully-loaded-concession-trailer\/"]}]},{"@type":"ImageObject","inLanguage":"lv-LV","@id":"https:\/\/www.honlufoodtrailer.com\/product\/18ft-fully-loaded-concession-trailer\/#primaryimage","url":"https:\/\/www.honlufoodtrailer.com\/wp-content\/uploads\/2024\/10\/fully-loaded-concession-trailer-for-sale.jpg","contentUrl":"https:\/\/www.honlufoodtrailer.com\/wp-content\/uploads\/2024\/10\/fully-loaded-concession-trailer-for-sale.jpg","width":720,"height":540,"caption":"fully loaded concession trailer for sale"},{"@type":"BreadcrumbList","@id":"https:\/\/www.honlufoodtrailer.com\/product\/18ft-fully-loaded-concession-trailer\/#breadcrumb","itemListElement":[{"@type":"ListItem","position":1,"name":"Home","item":"https:\/\/www.honlufoodtrailer.com\/"},{"@type":"ListItem","position":2,"name":"\u4ea7\u54c1","item":"https:\/\/www.honlufoodtrailer.com\/shop\/"},{"@type":"ListItem","position":3,"name":"18ft Fully Loaded Concession Trailer"}]},{"@type":"WebSite","@id":"https:\/\/www.honlufoodtrailer.com\/#website","url":"https:\/\/www.honlufoodtrailer.com\/","name":"Honlu p\u0101rtikas piekabe","description":"","publisher":{"@id":"https:\/\/www.honlufoodtrailer.com\/#organization"},"potentialAction":[{"@type":"SearchAction","target":{"@type":"EntryPoint","urlTemplate":"https:\/\/www.honlufoodtrailer.com\/?s={search_term_string}"},"query-input":{"@type":"PropertyValueSpecification","valueRequired":true,"valueName":"search_term_string"}}],"inLanguage":"lv-LV"},{"@type":"Organization","@id":"https:\/\/www.honlufoodtrailer.com\/#organization","name":"Honlu p\u0101rtikas piekabe","url":"https:\/\/www.honlufoodtrailer.com\/","logo":{"@type":"ImageObject","inLanguage":"lv-LV","@id":"https:\/\/www.honlufoodtrailer.com\/#\/schema\/logo\/image\/","url":"https:\/\/www.honlufoodtrailer.com\/wp-content\/uploads\/2021\/12\/2.gif","contentUrl":"https:\/\/www.honlufoodtrailer.com\/wp-content\/uploads\/2021\/12\/2.gif","width":350,"height":100,"caption":"Honlu food trailer"},"image":{"@id":"https:\/\/www.honlufoodtrailer.com\/#\/schema\/logo\/image\/"}}]}},"_links":{"self":[{"href":"https:\/\/www.honlufoodtrailer.com\/lv\/wp-json\/wp\/v2\/product\/8668","targetHints":{"allow":["GET"]}}],"collection":[{"href":"https:\/\/www.honlufoodtrailer.com\/lv\/wp-json\/wp\/v2\/product"}],"about":[{"href":"https:\/\/www.honlufoodtrailer.com\/lv\/wp-json\/wp\/v2\/types\/product"}],"version-history":[{"count":0,"href":"https:\/\/www.honlufoodtrailer.com\/lv\/wp-json\/wp\/v2\/product\/8668\/revisions"}],"wp:featuredmedia":[{"embeddable":true,"href":"https:\/\/www.honlufoodtrailer.com\/lv\/wp-json\/wp\/v2\/media\/8679"}],"wp:attachment":[{"href":"https:\/\/www.honlufoodtrailer.com\/lv\/wp-json\/wp\/v2\/media?parent=8668"}],"wp:term":[{"taxonomy":"product_brand","embeddable":true,"href":"https:\/\/www.honlufoodtrailer.com\/lv\/wp-json\/wp\/v2\/product_brand?post=8668"},{"taxonomy":"product_cat","embeddable":true,"href":"https:\/\/www.honlufoodtrailer.com\/lv\/wp-json\/wp\/v2\/product_cat?post=8668"},{"taxonomy":"product_tag","embeddable":true,"href":"https:\/\/www.honlufoodtrailer.com\/lv\/wp-json\/wp\/v2\/product_tag?post=8668"}],"curies":[{"name":"wp","href":"https:\/\/api.w.org\/{rel}","templated":true}]}}