{"id":8970,"date":"2024-11-29T16:23:14","date_gmt":"2024-11-29T08:23:14","guid":{"rendered":"https:\/\/www.honlufoodtrailer.com\/?post_type=product&#038;p=8970"},"modified":"2025-02-14T13:49:57","modified_gmt":"2025-02-14T05:49:57","slug":"porch-style-concession-trailer-french-polynesia","status":"publish","type":"product","link":"https:\/\/www.honlufoodtrailer.com\/lv\/product\/porch-style-concession-trailer-french-polynesia\/","title":{"rendered":"26 p\u0113du lieve\u0146a stila koncesijas piekabe Fran\u010du Polin\u0113zija"},"content":{"rendered":"<p data-spm-anchor-id=\"a2700.wholesale.0.i28.29e52808agqc7f\">Vai mekl\u0113jat verandas stila p\u0101rtikas piekabi? Apskatiet \u0161o 26 p\u0113du verandas tipa p\u0101rtikas piekabi \u0161eit! T\u0101 ir viena no verandas tipa p\u0101rtikas piekab\u0113m, ko esam piel\u0101goju\u0161i klientam no Fran\u010du Polin\u0113zijas. Tagad apl\u016bkosim to s\u012bk\u0101k!<\/p>\n<p data-spm-anchor-id=\"a2700.wholesale.0.i28.29e52808agqc7f\"><img fetchpriority=\"high\" decoding=\"async\" class=\"aligncenter size-full wp-image-8979\" src=\"https:\/\/www.honlufoodtrailer.com\/wp-content\/uploads\/2024\/11\/Porch-Style-Concession-Trailer-French-Polynesia-07.jpg\" alt=\"Verandas koncesijas piekabes deta\u013cas Fran\u010du Polin\u0113zija\" width=\"720\" height=\"540\" srcset=\"https:\/\/www.honlufoodtrailer.com\/wp-content\/uploads\/2024\/11\/Porch-Style-Concession-Trailer-French-Polynesia-07.jpg 720w, https:\/\/www.honlufoodtrailer.com\/wp-content\/uploads\/2024\/11\/Porch-Style-Concession-Trailer-French-Polynesia-07-480x360.jpg 480w, https:\/\/www.honlufoodtrailer.com\/wp-content\/uploads\/2024\/11\/Porch-Style-Concession-Trailer-French-Polynesia-07-300x225.jpg 300w\" sizes=\"(max-width: 720px) 100vw, 720px\" \/><\/p>\n<p data-spm-anchor-id=\"a2700.wholesale.0.i28.29e52808agqc7f\">K\u0101 redzams iepriek\u0161 redzamajos att\u0113los, visa \u0161\u012bs p\u0101rtikas piekabes virsb\u016bve ir melna, un lieve\u0146a da\u013ca piekabes priek\u0161pus\u0113 ir atv\u0113rta dizaina. \u0160is lieve\u0146a p\u0101rtikas piekabes modelis ir v\u0113lamais modelis BBQ p\u0101rtikas biznesa uzs\u0101k\u0161anai.<\/p>\n<p data-spm-anchor-id=\"a2700.wholesale.0.i28.29e52808agqc7f\"><img decoding=\"async\" class=\"aligncenter size-full wp-image-8977\" src=\"https:\/\/www.honlufoodtrailer.com\/wp-content\/uploads\/2024\/11\/Porch-Style-Concession-Trailer-French-Polynesia-05.jpg\" alt=\"Verandas koncesijas piekabes deta\u013cas Fran\u010du Polin\u0113zija\" width=\"720\" height=\"540\" srcset=\"https:\/\/www.honlufoodtrailer.com\/wp-content\/uploads\/2024\/11\/Porch-Style-Concession-Trailer-French-Polynesia-05.jpg 720w, https:\/\/www.honlufoodtrailer.com\/wp-content\/uploads\/2024\/11\/Porch-Style-Concession-Trailer-French-Polynesia-05-480x360.jpg 480w, https:\/\/www.honlufoodtrailer.com\/wp-content\/uploads\/2024\/11\/Porch-Style-Concession-Trailer-French-Polynesia-05-300x225.jpg 300w\" sizes=\"(max-width: 720px) 100vw, 720px\" \/><\/p>\n<p data-spm-anchor-id=\"a2700.wholesale.0.i28.29e52808agqc7f\">P\u0101rtikas piekabes aizmugur\u0113j\u0101 lieve\u0146a da\u013ca ir klienta ierosin\u0101ts dizains, un starpsienas ap lieveni var atv\u0113rt uz \u0101ru, lai ieg\u016btu atv\u0113rtu dizainu. T\u0101l\u0101k apl\u016bkosim \u0161\u012bs lieve\u0146a stila koncesijas piekabes iek\u0161\u0113j\u0101s deta\u013cas.<\/p>\n<h3>26 p\u0113du lieve\u0146a stila koncesijas piekabes iek\u0161\u0113j\u0101s deta\u013cas<\/h3>\n<p data-spm-anchor-id=\"a2700.wholesale.0.i28.29e52808agqc7f\">K\u0101 redzams zem\u0101k redzamajos att\u0113los, atbilsto\u0161i klienta pras\u012bb\u0101m esam apr\u012bkoju\u0161i p\u0101rtikas piekabi ar virtuves apr\u012bkojumu. Virtuves apr\u012bkojum\u0101 ietilpst 2 izlietnes ar karst\u0101 un aukst\u0101 \u016bdens kr\u0101nu, tvaika nos\u016bc\u0113js, p\u0101rtikas sagatavo\u0161anas galds, darbagalds-ledusskapis utt.<\/p>\n<p data-spm-anchor-id=\"a2700.wholesale.0.i28.29e52808agqc7f\"><img decoding=\"async\" class=\"aligncenter size-full wp-image-8983\" src=\"https:\/\/www.honlufoodtrailer.com\/wp-content\/uploads\/2024\/11\/Porch-Concession-Trailer-French-Polynesia-inner-detail.jpg\" alt=\"Verandas koncesijas piekabes Fran\u010du Polin\u0113zijas iek\u0161\u0113j\u0101 deta\u013ca\" width=\"800\" height=\"800\" srcset=\"https:\/\/www.honlufoodtrailer.com\/wp-content\/uploads\/2024\/11\/Porch-Concession-Trailer-French-Polynesia-inner-detail.jpg 800w, https:\/\/www.honlufoodtrailer.com\/wp-content\/uploads\/2024\/11\/Porch-Concession-Trailer-French-Polynesia-inner-detail-768x768.jpg 768w, https:\/\/www.honlufoodtrailer.com\/wp-content\/uploads\/2024\/11\/Porch-Concession-Trailer-French-Polynesia-inner-detail-360x360.jpg 360w, https:\/\/www.honlufoodtrailer.com\/wp-content\/uploads\/2024\/11\/Porch-Concession-Trailer-French-Polynesia-inner-detail-300x300.jpg 300w, https:\/\/www.honlufoodtrailer.com\/wp-content\/uploads\/2024\/11\/Porch-Concession-Trailer-French-Polynesia-inner-detail-720x720.jpg 720w, https:\/\/www.honlufoodtrailer.com\/wp-content\/uploads\/2024\/11\/Porch-Concession-Trailer-French-Polynesia-inner-detail-100x100.jpg 100w\" sizes=\"(max-width: 800px) 100vw, 800px\" \/><\/p>\n<p data-spm-anchor-id=\"a2700.wholesale.0.i28.29e52808agqc7f\">Viss virtuves apr\u012bkojums tiek piel\u0101gots atbilsto\u0161i klienta pras\u012bb\u0101m. K\u0101 p\u0101rtikas piekabju ra\u017eot\u0101js un eksport\u0113t\u0101js ar vair\u0101k nek\u0101 10 gadu pieredzi, m\u0113s varam pal\u012bdz\u0113t jums izstr\u0101d\u0101t un izgatavot j\u016bsu sap\u0146u p\u0101rtikas piekabi. P\u0101rtikas piekabes izm\u0113ru, korpusa kr\u0101su, uzl\u012bmes, izk\u0101rtnes un virtuves apr\u012bkojumu var piel\u0101got. Vienk\u0101r\u0161i nevilcinieties sazin\u0101ties ar mums un past\u0101stiet mums savas detaliz\u0113t\u0101s pras\u012bbas!<\/p>\n<h3>S\u012bk\u0101ka inform\u0101cija par 26 p\u0113du koncesijas piekabi ar verandu<\/h3>\n<p>Skatiet s\u012bk\u0101ku inform\u0101ciju par verandu, logu, pak\u0101pienu utt. Tie visi tiek izgatavoti atbilsto\u0161i klienta pras\u012bb\u0101m.<\/p>\n<p><img loading=\"lazy\" decoding=\"async\" class=\"aligncenter size-full wp-image-8971\" src=\"https:\/\/www.honlufoodtrailer.com\/wp-content\/uploads\/2024\/11\/Porch-Concession-Trailer-French-Polynesia-details-08.jpg\" alt=\"Verandas koncesijas piekabes deta\u013cas Fran\u010du Polin\u0113zija\" width=\"800\" height=\"600\" srcset=\"https:\/\/www.honlufoodtrailer.com\/wp-content\/uploads\/2024\/11\/Porch-Concession-Trailer-French-Polynesia-details-08.jpg 800w, https:\/\/www.honlufoodtrailer.com\/wp-content\/uploads\/2024\/11\/Porch-Concession-Trailer-French-Polynesia-details-08-768x576.jpg 768w, https:\/\/www.honlufoodtrailer.com\/wp-content\/uploads\/2024\/11\/Porch-Concession-Trailer-French-Polynesia-details-08-480x360.jpg 480w, https:\/\/www.honlufoodtrailer.com\/wp-content\/uploads\/2024\/11\/Porch-Concession-Trailer-French-Polynesia-details-08-300x225.jpg 300w, https:\/\/www.honlufoodtrailer.com\/wp-content\/uploads\/2024\/11\/Porch-Concession-Trailer-French-Polynesia-details-08-720x540.jpg 720w\" sizes=\"(max-width: 800px) 100vw, 800px\" \/><\/p>\n<h3 data-spm-anchor-id=\"a2700.wholesale.0.i28.29e52808agqc7f\"><\/h3>\n<h3 class=\"magic-6\" data-spm-anchor-id=\"a2700.wholesale.0.i28.29e52808agqc7f\">\u0160\u012bs 26 p\u0113du lieve\u0146a stila koncesijas piekabes galven\u0101s iez\u012bmes<\/h3>\n<div class=\"magic-7\">\n<div class=\"magic-8\">\n<div class=\"magic-9\" data-id=\"paragraph0\">\n<ol>\n<li>Modes izskats, sarkana kr\u0101sa, kas ir pievilc\u012bga;<\/li>\n<li>Tas ir izgatavots no ner\u016bs\u0113jo\u0161\u0101 t\u0113rauda materi\u0101la, iztur\u012bgs un iztur\u012bgs pret koroziju;<\/li>\n<li>Koncesijas piekab\u0113 ir apr\u012bkots ar modernu un uzlabotu apr\u012bkojumu;<\/li>\n<li>\u0112rti un viegli p\u0101rvietojami;<\/li>\n<li>Atbilst ASV standartiem;<\/li>\n<\/ol>\n<h3>Bezmaksas 2D\/3D st\u0101va pl\u0101na ras\u0113jums<\/h3>\n<p>P\u0113c p\u0101rtikas piekabes un iek\u0161\u0113j\u0101 virtuves apr\u012bkojuma izm\u0113ru apstiprin\u0101\u0161anas m\u0113s varam jums bez maksas nodro\u0161in\u0101t 3D ras\u0113jumus. Tas sniegs jums skaidr\u0101ku priek\u0161statu par j\u016bsu dizainu un p\u0101rtikas rati\u0146iem. Apstiprinot virtuves apr\u012bkojuma atra\u0161an\u0101s vietu, m\u0113s var\u0113sim skaidri sazin\u0101ties ar jums, izmantojot st\u0101vu pl\u0101nu. M\u0113s varam ar\u012b nodro\u0161in\u0101t j\u016bs ar ori\u0123in\u0101lajiem dokumentiem, lai atvieglotu j\u016bsu dizainu un veiktu korekcijas.<\/p>\n<h3>Skatiet vair\u0101k no m\u016bsu koncesijas piekabes ar lieveni<\/h3>\n<h4 class=\"product_title entry-title elementor-heading-title elementor-size-default\">Mobilais p\u0101rtikas piekabe ar verandu zil\u0101 kr\u0101s\u0101<\/h4>\n<p><a href=\"https:\/\/www.honlufoodtrailer.com\/lv\/product\/mobile-food-trailer-with-porch\/\"><img loading=\"lazy\" decoding=\"async\" class=\"aligncenter wp-image-4724 size-full\" src=\"https:\/\/www.honlufoodtrailer.com\/wp-content\/uploads\/2022\/04\/Mobile-food-trailer-with-porch-21-8130-7.jpg\" alt=\"Mobila p\u0101rtikas piekabe ar verandu\" width=\"720\" height=\"540\" srcset=\"https:\/\/www.honlufoodtrailer.com\/wp-content\/uploads\/2022\/04\/Mobile-food-trailer-with-porch-21-8130-7.jpg 720w, https:\/\/www.honlufoodtrailer.com\/wp-content\/uploads\/2022\/04\/Mobile-food-trailer-with-porch-21-8130-7-480x360.jpg 480w, https:\/\/www.honlufoodtrailer.com\/wp-content\/uploads\/2022\/04\/Mobile-food-trailer-with-porch-21-8130-7-300x225.jpg 300w\" sizes=\"(max-width: 720px) 100vw, 720px\" \/>b<\/a><\/p>\n<h4>Lielais b\u0113rnu grila piekabe ar verandu<\/h4>\n<p><a href=\"https:\/\/www.honlufoodtrailer.com\/lv\/product\/bbq-food-trailer-with-porch\/\"><img loading=\"lazy\" decoding=\"async\" class=\"aligncenter wp-image-3399 size-full\" src=\"https:\/\/www.honlufoodtrailer.com\/wp-content\/uploads\/2022\/03\/BBQ-food-trailer-with-porch-1.jpg\" alt=\"BBQ p\u0101rtikas piekabe ar verandu (1)\" width=\"720\" height=\"540\" srcset=\"https:\/\/www.honlufoodtrailer.com\/wp-content\/uploads\/2022\/03\/BBQ-food-trailer-with-porch-1.jpg 720w, https:\/\/www.honlufoodtrailer.com\/wp-content\/uploads\/2022\/03\/BBQ-food-trailer-with-porch-1-480x360.jpg 480w, https:\/\/www.honlufoodtrailer.com\/wp-content\/uploads\/2022\/03\/BBQ-food-trailer-with-porch-1-300x225.jpg 300w\" sizes=\"(max-width: 720px) 100vw, 720px\" \/><\/a><\/p>\n<\/div>\n<\/div>\n<\/div>","protected":false},"excerpt":{"rendered":"<p>\u0160\u012b ir piel\u0101gota 8 m gara verandas stila koncesijas piekabe. T\u0101 ir izgatavota no cinkotas loksnes un ner\u016bs\u0113jo\u0161\u0101 t\u0113rauda. Viss verandas koncesijas piekabes apr\u012bkojums ir izgatavots no ner\u016bs\u0113jo\u0161\u0101 t\u0113rauda. M\u0113s piel\u0101gojam klientu vajadz\u012bb\u0101m da\u013cu virtuves apr\u012bkojuma, tostarp izlietnes, tvaika nos\u016bc\u0113ju un darbagaldu utt. \u0160is verandas p\u0101rtikas piekabes modelis ir v\u0113lamais modelis grila p\u0101rtikas biznesa uzs\u0101k\u0161anai. Lai uzzin\u0101tu s\u012bk\u0101ku inform\u0101ciju par \u0161o p\u0101rtikas piekabi, varat noklik\u0161\u0137in\u0101t uz t\u0101l\u0101k nor\u0101d\u012btaj\u0101m ciln\u0113m. M\u0113s varam izgatavot l\u012bdz\u012bgu p\u0101rtikas piekabi k\u0101 \u0161\u012b vai piel\u0101got to jums. Viss apr\u012bkojums atbild\u012bs j\u016bsu pras\u012bb\u0101m. P\u0101rtikas piekabes izm\u0113ru, virsb\u016bves kr\u0101su, uzl\u012bmes, izk\u0101rtnes un virtuves apr\u012bkojumu var piel\u0101got. Nevilcinieties sazin\u0101ties ar mums!<\/p>","protected":false},"featured_media":8976,"template":"","meta":{"_themeisle_gutenberg_block_has_review":false},"product_brand":[],"product_cat":[26],"product_tag":[76,79,73],"class_list":{"0":"post-8970","1":"product","2":"type-product","3":"status-publish","4":"has-post-thumbnail","6":"product_cat-product","7":"product_tag-26ft-food-trailer","8":"product_tag-food-trailer-with-porch","9":"product_tag-french-polynesia","11":"first","12":"instock","13":"featured","14":"shipping-taxable","15":"product-type-simple"},"yoast_head":"<!-- This site is optimized with the Yoast SEO plugin v27.6 - https:\/\/yoast.com\/product\/yoast-seo-wordpress\/ -->\n<title>26ft Porch Style Concession Trailer For French Polynesia Customer<\/title>\n<meta name=\"description\" content=\"This customized 8m porch concession trailer can make BBQ, fast food, etc. Good quality and reasonable price. See the details now!\" \/>\n<meta name=\"robots\" content=\"index, follow, max-snippet:-1, max-image-preview:large, max-video-preview:-1\" \/>\n<link rel=\"canonical\" href=\"https:\/\/www.honlufoodtrailer.com\/lv\/product\/porch-style-concession-trailer-french-polynesia\/\" \/>\n<meta property=\"og:locale\" content=\"lv_LV\" \/>\n<meta property=\"og:type\" content=\"article\" \/>\n<meta property=\"og:title\" content=\"26ft Porch Style Concession Trailer For French Polynesia Customer\" \/>\n<meta property=\"og:description\" content=\"This customized 8m porch concession trailer can make BBQ, fast food, etc. Good quality and reasonable price. See the details now!\" \/>\n<meta property=\"og:url\" content=\"https:\/\/www.honlufoodtrailer.com\/lv\/product\/porch-style-concession-trailer-french-polynesia\/\" \/>\n<meta property=\"og:site_name\" content=\"Honlu food trailer\" \/>\n<meta property=\"article:modified_time\" content=\"2025-02-14T05:49:57+00:00\" \/>\n<meta property=\"og:image\" content=\"https:\/\/www.honlufoodtrailer.com\/wp-content\/uploads\/2024\/11\/Porch-Style-Concession-Trailer-French-Polynesia-04.jpg\" \/>\n\t<meta property=\"og:image:width\" content=\"720\" \/>\n\t<meta property=\"og:image:height\" content=\"540\" \/>\n\t<meta property=\"og:image:type\" content=\"image\/jpeg\" \/>\n<meta name=\"twitter:card\" content=\"summary_large_image\" \/>\n<meta name=\"twitter:label1\" content=\"Est. reading time\" \/>\n\t<meta name=\"twitter:data1\" content=\"3 min\u016btes\" \/>\n<script type=\"application\/ld+json\" class=\"yoast-schema-graph\">{\"@context\":\"https:\\\/\\\/schema.org\",\"@graph\":[{\"@type\":\"WebPage\",\"@id\":\"https:\\\/\\\/www.honlufoodtrailer.com\\\/product\\\/porch-style-concession-trailer-french-polynesia\\\/\",\"url\":\"https:\\\/\\\/www.honlufoodtrailer.com\\\/product\\\/porch-style-concession-trailer-french-polynesia\\\/\",\"name\":\"26ft Porch Style Concession Trailer For French Polynesia Customer\",\"isPartOf\":{\"@id\":\"https:\\\/\\\/www.honlufoodtrailer.com\\\/#website\"},\"primaryImageOfPage\":{\"@id\":\"https:\\\/\\\/www.honlufoodtrailer.com\\\/product\\\/porch-style-concession-trailer-french-polynesia\\\/#primaryimage\"},\"image\":{\"@id\":\"https:\\\/\\\/www.honlufoodtrailer.com\\\/product\\\/porch-style-concession-trailer-french-polynesia\\\/#primaryimage\"},\"thumbnailUrl\":\"https:\\\/\\\/www.honlufoodtrailer.com\\\/wp-content\\\/uploads\\\/2024\\\/11\\\/Porch-Style-Concession-Trailer-French-Polynesia-04.jpg\",\"datePublished\":\"2024-11-29T08:23:14+00:00\",\"dateModified\":\"2025-02-14T05:49:57+00:00\",\"description\":\"This customized 8m porch concession trailer can make BBQ, fast food, etc. Good quality and reasonable price. See the details now!\",\"breadcrumb\":{\"@id\":\"https:\\\/\\\/www.honlufoodtrailer.com\\\/product\\\/porch-style-concession-trailer-french-polynesia\\\/#breadcrumb\"},\"inLanguage\":\"lv-LV\",\"potentialAction\":[{\"@type\":\"ReadAction\",\"target\":[\"https:\\\/\\\/www.honlufoodtrailer.com\\\/product\\\/porch-style-concession-trailer-french-polynesia\\\/\"]}]},{\"@type\":\"ImageObject\",\"inLanguage\":\"lv-LV\",\"@id\":\"https:\\\/\\\/www.honlufoodtrailer.com\\\/product\\\/porch-style-concession-trailer-french-polynesia\\\/#primaryimage\",\"url\":\"https:\\\/\\\/www.honlufoodtrailer.com\\\/wp-content\\\/uploads\\\/2024\\\/11\\\/Porch-Style-Concession-Trailer-French-Polynesia-04.jpg\",\"contentUrl\":\"https:\\\/\\\/www.honlufoodtrailer.com\\\/wp-content\\\/uploads\\\/2024\\\/11\\\/Porch-Style-Concession-Trailer-French-Polynesia-04.jpg\",\"width\":720,\"height\":540,\"caption\":\"26ft Porch Style Concession Trailer\"},{\"@type\":\"BreadcrumbList\",\"@id\":\"https:\\\/\\\/www.honlufoodtrailer.com\\\/product\\\/porch-style-concession-trailer-french-polynesia\\\/#breadcrumb\",\"itemListElement\":[{\"@type\":\"ListItem\",\"position\":1,\"name\":\"Home\",\"item\":\"https:\\\/\\\/www.honlufoodtrailer.com\\\/\"},{\"@type\":\"ListItem\",\"position\":2,\"name\":\"\u4ea7\u54c1\",\"item\":\"https:\\\/\\\/www.honlufoodtrailer.com\\\/shop\\\/\"},{\"@type\":\"ListItem\",\"position\":3,\"name\":\"26ft Porch Style Concession Trailer French Polynesia\"}]},{\"@type\":\"WebSite\",\"@id\":\"https:\\\/\\\/www.honlufoodtrailer.com\\\/#website\",\"url\":\"https:\\\/\\\/www.honlufoodtrailer.com\\\/\",\"name\":\"Honlu food trailer\",\"description\":\"\",\"publisher\":{\"@id\":\"https:\\\/\\\/www.honlufoodtrailer.com\\\/#organization\"},\"potentialAction\":[{\"@type\":\"SearchAction\",\"target\":{\"@type\":\"EntryPoint\",\"urlTemplate\":\"https:\\\/\\\/www.honlufoodtrailer.com\\\/?s={search_term_string}\"},\"query-input\":{\"@type\":\"PropertyValueSpecification\",\"valueRequired\":true,\"valueName\":\"search_term_string\"}}],\"inLanguage\":\"lv-LV\"},{\"@type\":\"Organization\",\"@id\":\"https:\\\/\\\/www.honlufoodtrailer.com\\\/#organization\",\"name\":\"Honlu food trailer\",\"url\":\"https:\\\/\\\/www.honlufoodtrailer.com\\\/\",\"logo\":{\"@type\":\"ImageObject\",\"inLanguage\":\"lv-LV\",\"@id\":\"https:\\\/\\\/www.honlufoodtrailer.com\\\/#\\\/schema\\\/logo\\\/image\\\/\",\"url\":\"https:\\\/\\\/www.honlufoodtrailer.com\\\/wp-content\\\/uploads\\\/2021\\\/12\\\/2.gif\",\"contentUrl\":\"https:\\\/\\\/www.honlufoodtrailer.com\\\/wp-content\\\/uploads\\\/2021\\\/12\\\/2.gif\",\"width\":350,\"height\":100,\"caption\":\"Honlu food trailer\"},\"image\":{\"@id\":\"https:\\\/\\\/www.honlufoodtrailer.com\\\/#\\\/schema\\\/logo\\\/image\\\/\"}}]}<\/script>\n<!-- \/ Yoast SEO plugin. -->","yoast_head_json":{"title":"26 p\u0113du lieve\u0146a stila koncesijas piekabe Fran\u010du Polin\u0113zijas klientam","description":"\u0160\u012b piel\u0101got\u0101 8 m gar\u0101 verandas piekabe var pagatavot grilu, \u0101tr\u0101s \u0113din\u0101\u0161anas \u0113dienus utt. Laba kvalit\u0101te un sapr\u0101t\u012bga cena. Skatiet s\u012bk\u0101ku inform\u0101ciju t\u016bl\u012bt!","robots":{"index":"index","follow":"follow","max-snippet":"max-snippet:-1","max-image-preview":"max-image-preview:large","max-video-preview":"max-video-preview:-1"},"canonical":"https:\/\/www.honlufoodtrailer.com\/lv\/product\/porch-style-concession-trailer-french-polynesia\/","og_locale":"lv_LV","og_type":"article","og_title":"26ft Porch Style Concession Trailer For French Polynesia Customer","og_description":"This customized 8m porch concession trailer can make BBQ, fast food, etc. Good quality and reasonable price. See the details now!","og_url":"https:\/\/www.honlufoodtrailer.com\/lv\/product\/porch-style-concession-trailer-french-polynesia\/","og_site_name":"Honlu food trailer","article_modified_time":"2025-02-14T05:49:57+00:00","og_image":[{"width":720,"height":540,"url":"https:\/\/www.honlufoodtrailer.com\/wp-content\/uploads\/2024\/11\/Porch-Style-Concession-Trailer-French-Polynesia-04.jpg","type":"image\/jpeg"}],"twitter_card":"summary_large_image","twitter_misc":{"Est. reading time":"3 min\u016btes"},"schema":{"@context":"https:\/\/schema.org","@graph":[{"@type":"WebPage","@id":"https:\/\/www.honlufoodtrailer.com\/product\/porch-style-concession-trailer-french-polynesia\/","url":"https:\/\/www.honlufoodtrailer.com\/product\/porch-style-concession-trailer-french-polynesia\/","name":"26 p\u0113du lieve\u0146a stila koncesijas piekabe Fran\u010du Polin\u0113zijas klientam","isPartOf":{"@id":"https:\/\/www.honlufoodtrailer.com\/#website"},"primaryImageOfPage":{"@id":"https:\/\/www.honlufoodtrailer.com\/product\/porch-style-concession-trailer-french-polynesia\/#primaryimage"},"image":{"@id":"https:\/\/www.honlufoodtrailer.com\/product\/porch-style-concession-trailer-french-polynesia\/#primaryimage"},"thumbnailUrl":"https:\/\/www.honlufoodtrailer.com\/wp-content\/uploads\/2024\/11\/Porch-Style-Concession-Trailer-French-Polynesia-04.jpg","datePublished":"2024-11-29T08:23:14+00:00","dateModified":"2025-02-14T05:49:57+00:00","description":"\u0160\u012b piel\u0101got\u0101 8 m gar\u0101 verandas piekabe var pagatavot grilu, \u0101tr\u0101s \u0113din\u0101\u0161anas \u0113dienus utt. Laba kvalit\u0101te un sapr\u0101t\u012bga cena. Skatiet s\u012bk\u0101ku inform\u0101ciju t\u016bl\u012bt!","breadcrumb":{"@id":"https:\/\/www.honlufoodtrailer.com\/product\/porch-style-concession-trailer-french-polynesia\/#breadcrumb"},"inLanguage":"lv-LV","potentialAction":[{"@type":"ReadAction","target":["https:\/\/www.honlufoodtrailer.com\/product\/porch-style-concession-trailer-french-polynesia\/"]}]},{"@type":"ImageObject","inLanguage":"lv-LV","@id":"https:\/\/www.honlufoodtrailer.com\/product\/porch-style-concession-trailer-french-polynesia\/#primaryimage","url":"https:\/\/www.honlufoodtrailer.com\/wp-content\/uploads\/2024\/11\/Porch-Style-Concession-Trailer-French-Polynesia-04.jpg","contentUrl":"https:\/\/www.honlufoodtrailer.com\/wp-content\/uploads\/2024\/11\/Porch-Style-Concession-Trailer-French-Polynesia-04.jpg","width":720,"height":540,"caption":"26ft Porch Style Concession Trailer"},{"@type":"BreadcrumbList","@id":"https:\/\/www.honlufoodtrailer.com\/product\/porch-style-concession-trailer-french-polynesia\/#breadcrumb","itemListElement":[{"@type":"ListItem","position":1,"name":"Home","item":"https:\/\/www.honlufoodtrailer.com\/"},{"@type":"ListItem","position":2,"name":"\u4ea7\u54c1","item":"https:\/\/www.honlufoodtrailer.com\/shop\/"},{"@type":"ListItem","position":3,"name":"26ft Porch Style Concession Trailer French Polynesia"}]},{"@type":"WebSite","@id":"https:\/\/www.honlufoodtrailer.com\/#website","url":"https:\/\/www.honlufoodtrailer.com\/","name":"Honlu p\u0101rtikas piekabe","description":"","publisher":{"@id":"https:\/\/www.honlufoodtrailer.com\/#organization"},"potentialAction":[{"@type":"SearchAction","target":{"@type":"EntryPoint","urlTemplate":"https:\/\/www.honlufoodtrailer.com\/?s={search_term_string}"},"query-input":{"@type":"PropertyValueSpecification","valueRequired":true,"valueName":"search_term_string"}}],"inLanguage":"lv-LV"},{"@type":"Organization","@id":"https:\/\/www.honlufoodtrailer.com\/#organization","name":"Honlu p\u0101rtikas piekabe","url":"https:\/\/www.honlufoodtrailer.com\/","logo":{"@type":"ImageObject","inLanguage":"lv-LV","@id":"https:\/\/www.honlufoodtrailer.com\/#\/schema\/logo\/image\/","url":"https:\/\/www.honlufoodtrailer.com\/wp-content\/uploads\/2021\/12\/2.gif","contentUrl":"https:\/\/www.honlufoodtrailer.com\/wp-content\/uploads\/2021\/12\/2.gif","width":350,"height":100,"caption":"Honlu food trailer"},"image":{"@id":"https:\/\/www.honlufoodtrailer.com\/#\/schema\/logo\/image\/"}}]}},"_links":{"self":[{"href":"https:\/\/www.honlufoodtrailer.com\/lv\/wp-json\/wp\/v2\/product\/8970","targetHints":{"allow":["GET"]}}],"collection":[{"href":"https:\/\/www.honlufoodtrailer.com\/lv\/wp-json\/wp\/v2\/product"}],"about":[{"href":"https:\/\/www.honlufoodtrailer.com\/lv\/wp-json\/wp\/v2\/types\/product"}],"version-history":[{"count":0,"href":"https:\/\/www.honlufoodtrailer.com\/lv\/wp-json\/wp\/v2\/product\/8970\/revisions"}],"wp:featuredmedia":[{"embeddable":true,"href":"https:\/\/www.honlufoodtrailer.com\/lv\/wp-json\/wp\/v2\/media\/8976"}],"wp:attachment":[{"href":"https:\/\/www.honlufoodtrailer.com\/lv\/wp-json\/wp\/v2\/media?parent=8970"}],"wp:term":[{"taxonomy":"product_brand","embeddable":true,"href":"https:\/\/www.honlufoodtrailer.com\/lv\/wp-json\/wp\/v2\/product_brand?post=8970"},{"taxonomy":"product_cat","embeddable":true,"href":"https:\/\/www.honlufoodtrailer.com\/lv\/wp-json\/wp\/v2\/product_cat?post=8970"},{"taxonomy":"product_tag","embeddable":true,"href":"https:\/\/www.honlufoodtrailer.com\/lv\/wp-json\/wp\/v2\/product_tag?post=8970"}],"curies":[{"name":"wp","href":"https:\/\/api.w.org\/{rel}","templated":true}]}}