{"id":8268,"date":"2024-08-27T14:25:12","date_gmt":"2024-08-27T06:25:12","guid":{"rendered":"https:\/\/www.honlufoodtrailer.com\/?post_type=product&#038;p=8268"},"modified":"2025-02-14T14:10:20","modified_gmt":"2025-02-14T06:10:20","slug":"26ft-food-trailer-with-bathroom-and-toilet","status":"publish","type":"product","link":"https:\/\/www.honlufoodtrailer.com\/nl\/product\/26ft-food-trailer-with-bathroom-and-toilet\/","title":{"rendered":"26ft foodtrailer met badkamer en toilet"},"content":{"rendered":"<p>Bent u op zoek naar een foodtrailer met badkamer? Kijk hier! Het volgende is een 26ft foodtrailer met badkamer, toilet en slaapkamer. Deze foodtrailer kan niet alleen gebruikt worden om etenswaren te verkopen, maar beschikt ook over een lounge. Als u moe bent van uw werk, of als er geen klanten zijn, of 's avonds, kunt u naar de lounge gaan en op bed gaan liggen om uit te rusten! Daarnaast is de foodtrailer voorzien van een toilet en een doucheruimte. In de hete zomer of wanneer u een pauze neemt, kunt u genieten van een bad om de vermoeidheid van het werk weg te nemen. Volgens de wensen van een klant uit Duitsland hebben wij deze foodtrailer op maat gemaakt. Laten we nu enkele foto\u2019s bekijken van deze foodtrailer!<\/p>\n<p><img fetchpriority=\"high\" decoding=\"async\" class=\"aligncenter size-full wp-image-8277\" src=\"https:\/\/www.honlufoodtrailer.com\/wp-content\/uploads\/2024\/08\/26ft-food-trailer-with-toilet.jpg\" alt=\"26ft foodtrailer met toilet\" width=\"720\" height=\"540\" srcset=\"https:\/\/www.honlufoodtrailer.com\/wp-content\/uploads\/2024\/08\/26ft-food-trailer-with-toilet.jpg 720w, https:\/\/www.honlufoodtrailer.com\/wp-content\/uploads\/2024\/08\/26ft-food-trailer-with-toilet-480x360.jpg 480w, https:\/\/www.honlufoodtrailer.com\/wp-content\/uploads\/2024\/08\/26ft-food-trailer-with-toilet-300x225.jpg 300w\" sizes=\"(max-width: 720px) 100vw, 720px\" \/> <img decoding=\"async\" class=\"aligncenter size-full wp-image-8272\" src=\"https:\/\/www.honlufoodtrailer.com\/wp-content\/uploads\/2024\/08\/26ft-food-trailer-with-bathroom-back-view.jpg\" alt=\"26ft foodtrailer met achteraanzicht van de badkamer\" width=\"720\" height=\"540\" srcset=\"https:\/\/www.honlufoodtrailer.com\/wp-content\/uploads\/2024\/08\/26ft-food-trailer-with-bathroom-back-view.jpg 720w, https:\/\/www.honlufoodtrailer.com\/wp-content\/uploads\/2024\/08\/26ft-food-trailer-with-bathroom-back-view-480x360.jpg 480w, https:\/\/www.honlufoodtrailer.com\/wp-content\/uploads\/2024\/08\/26ft-food-trailer-with-bathroom-back-view-300x225.jpg 300w\" sizes=\"(max-width: 720px) 100vw, 720px\" \/><br \/>\nZoals we op de bovenstaande foto's kunnen zien, heeft deze 26ft foodtrailer met badkamer een klassieke zwarte kleur. Aan de voorkant van de foodtrailer hebben we twee ramen ontworpen, \u00e9\u00e9n groot en \u00e9\u00e9n klein. Ze zijn erg handig voor mensen om hun maaltijden te bestellen en op te halen. Met een aanhangeropbouw van 8 meter heeft deze foodtrailer een zeer grote binnenruimte. Daarom kan het een groot aantal mensen bedienen. Aan de achterkant van de voedseltrailer bevinden zich twee deuren voor het in- en uitstappen van het personeel. Ook hebben we achterlichten en zijlichten op de foodtrailer gemonteerd volgens de wensen van de klant. Laten we vervolgens eens kijken naar het gebruik en de innerlijke details van deze 26ft foodtruck met badkamer.<\/p>\n<h3>Gebruik van deze 26ft voedseltrailer met badkamer<\/h3>\n<p>Onze klanten gebruiken deze foodtruck voornamelijk om fastfood te verkopen, zoals hamburgers, frietjes, hotdogs, gebakken kip, drankjes, enz.<\/p>\n<h3>Keukengedeelte van deze voedseltrailer<\/h3>\n<p>Zoals we op onderstaande foto\u2019s kunnen zien plaatsen we voornamelijk twee spoelbakken, twee lange RVS werkbanken met opbergruimte, diverse waterkranen, twee gasfrites, een gasbakplaat, 4-pits gasfornuis met oven, een afzuigkap, een airco en een koelkast etc.<\/p>\n<p><img decoding=\"async\" class=\"aligncenter size-full wp-image-8274\" src=\"https:\/\/www.honlufoodtrailer.com\/wp-content\/uploads\/2024\/08\/26ft-food-trailer-with-bathroom-inner-view.jpg\" alt=\"26ft foodtrailer met binnenaanzicht van de badkamer\" width=\"720\" height=\"540\" srcset=\"https:\/\/www.honlufoodtrailer.com\/wp-content\/uploads\/2024\/08\/26ft-food-trailer-with-bathroom-inner-view.jpg 720w, https:\/\/www.honlufoodtrailer.com\/wp-content\/uploads\/2024\/08\/26ft-food-trailer-with-bathroom-inner-view-480x360.jpg 480w, https:\/\/www.honlufoodtrailer.com\/wp-content\/uploads\/2024\/08\/26ft-food-trailer-with-bathroom-inner-view-300x225.jpg 300w\" sizes=\"(max-width: 720px) 100vw, 720px\" \/> <img loading=\"lazy\" decoding=\"async\" class=\"aligncenter size-full wp-image-8279\" src=\"https:\/\/www.honlufoodtrailer.com\/wp-content\/uploads\/2024\/08\/kitchen-equipment-of-food-trailer-with-bathroom.jpg\" alt=\"keukenuitrusting van voedseltrailer met badkamer\" width=\"800\" height=\"800\" srcset=\"https:\/\/www.honlufoodtrailer.com\/wp-content\/uploads\/2024\/08\/kitchen-equipment-of-food-trailer-with-bathroom.jpg 800w, https:\/\/www.honlufoodtrailer.com\/wp-content\/uploads\/2024\/08\/kitchen-equipment-of-food-trailer-with-bathroom-768x768.jpg 768w, https:\/\/www.honlufoodtrailer.com\/wp-content\/uploads\/2024\/08\/kitchen-equipment-of-food-trailer-with-bathroom-360x360.jpg 360w, https:\/\/www.honlufoodtrailer.com\/wp-content\/uploads\/2024\/08\/kitchen-equipment-of-food-trailer-with-bathroom-300x300.jpg 300w, https:\/\/www.honlufoodtrailer.com\/wp-content\/uploads\/2024\/08\/kitchen-equipment-of-food-trailer-with-bathroom-720x720.jpg 720w, https:\/\/www.honlufoodtrailer.com\/wp-content\/uploads\/2024\/08\/kitchen-equipment-of-food-trailer-with-bathroom-100x100.jpg 100w\" sizes=\"(max-width: 800px) 100vw, 800px\" \/><\/p>\n<h3>Rustruimte van deze voedselaanhangwagen:<\/h3>\n<p>Het volgende is de rustruimte van deze 26ft foodtrailer met badkamer. Zoals we op de foto kunnen zien, zijn er een wastafel, een spiegel met opbergruimte, een toilet, een bed, een douche, een boiler en een kapspiegel. U kunt de gedetailleerde video bekijken via de volgende tabbladen.<br \/>\n<img loading=\"lazy\" decoding=\"async\" class=\"aligncenter size-full wp-image-8278\" src=\"https:\/\/www.honlufoodtrailer.com\/wp-content\/uploads\/2024\/08\/bathroom-and-bedroom-of-food-trailer-with-bathroom.jpg\" alt=\"badkamer en slaapkamer van foodtrailer met badkamer\" width=\"800\" height=\"800\" srcset=\"https:\/\/www.honlufoodtrailer.com\/wp-content\/uploads\/2024\/08\/bathroom-and-bedroom-of-food-trailer-with-bathroom.jpg 800w, https:\/\/www.honlufoodtrailer.com\/wp-content\/uploads\/2024\/08\/bathroom-and-bedroom-of-food-trailer-with-bathroom-768x768.jpg 768w, https:\/\/www.honlufoodtrailer.com\/wp-content\/uploads\/2024\/08\/bathroom-and-bedroom-of-food-trailer-with-bathroom-360x360.jpg 360w, https:\/\/www.honlufoodtrailer.com\/wp-content\/uploads\/2024\/08\/bathroom-and-bedroom-of-food-trailer-with-bathroom-300x300.jpg 300w, https:\/\/www.honlufoodtrailer.com\/wp-content\/uploads\/2024\/08\/bathroom-and-bedroom-of-food-trailer-with-bathroom-720x720.jpg 720w, https:\/\/www.honlufoodtrailer.com\/wp-content\/uploads\/2024\/08\/bathroom-and-bedroom-of-food-trailer-with-bathroom-100x100.jpg 100w\" sizes=\"(max-width: 800px) 100vw, 800px\" \/><\/p>\n<h3 class=\"magic-6\" data-spm-anchor-id=\"a2700.wholesale.0.i28.29e52808agqc7f\">Belangrijkste details<\/h3>\n<p>Bekijk meer details van deze foodtruck met badkamer. Alle accessoires vallen onder de Duitse normen. Als professionele fabrikant en exporteur van foodtrailers met meer dan 10 jaar ervaring zijn wij bekend met de regelgeving en vereisten van veel landen. Wij zullen u foodtrucks leveren die voldoen aan de eisen van uw land. Neem contact met ons op om uw eigen foodtruck op maat te maken!<\/p>\n<p><img loading=\"lazy\" decoding=\"async\" class=\"aligncenter size-full wp-image-8281\" src=\"https:\/\/www.honlufoodtrailer.com\/wp-content\/uploads\/2024\/08\/more-details-of-26ft-food-trailer-with-bathroom.jpg\" alt=\"meer details van 26ft foodtrailer met badkamer\" width=\"800\" height=\"800\" srcset=\"https:\/\/www.honlufoodtrailer.com\/wp-content\/uploads\/2024\/08\/more-details-of-26ft-food-trailer-with-bathroom.jpg 800w, https:\/\/www.honlufoodtrailer.com\/wp-content\/uploads\/2024\/08\/more-details-of-26ft-food-trailer-with-bathroom-768x768.jpg 768w, https:\/\/www.honlufoodtrailer.com\/wp-content\/uploads\/2024\/08\/more-details-of-26ft-food-trailer-with-bathroom-360x360.jpg 360w, https:\/\/www.honlufoodtrailer.com\/wp-content\/uploads\/2024\/08\/more-details-of-26ft-food-trailer-with-bathroom-300x300.jpg 300w, https:\/\/www.honlufoodtrailer.com\/wp-content\/uploads\/2024\/08\/more-details-of-26ft-food-trailer-with-bathroom-720x720.jpg 720w, https:\/\/www.honlufoodtrailer.com\/wp-content\/uploads\/2024\/08\/more-details-of-26ft-food-trailer-with-bathroom-100x100.jpg 100w\" sizes=\"(max-width: 800px) 100vw, 800px\" \/><\/p>\n<h3 class=\"magic-6\" data-spm-anchor-id=\"a2700.wholesale.0.i28.29e52808agqc7f\">Belangrijkste kenmerken van de voedselwagen met badkamer<\/h3>\n<div class=\"magic-7\">\n<div class=\"magic-8\">\n<div class=\"magic-9\" data-id=\"paragraph0\">\n<ol>\n<li>Voldoe aan de Duitse normen;<\/li>\n<li>Het ruime interieur is niet alleen bedoeld voor de verkoop van voedsel, maar ook om te baden en uit te rusten.<\/li>\n<li>Drie assen, steviger en duurzamer.<\/li>\n<\/ol>\n<h3>Gratis 2D\/3D plattegrondtekening<\/h3>\n<p>Nadat de afmetingen van de foodtrailer en de interne keukenapparatuur zijn bevestigd, kunnen we u gratis 3D-tekeningen leveren. Dit geeft u een duidelijker beeld van uw ontwerp en uw foodtruck. Bij het vaststellen van de locatie van de keukenapparatuur kunnen we dit helder met u communiceren aan de hand van de plattegrond. We kunnen u ook originele documenten verstrekken om uw ontwerp te vergemakkelijken en aanpassingen mogelijk te maken.<\/p>\n<p>Zie een andere <a href=\"https:\/\/www.honlufoodtrailer.com\/nl\/product\/customized-square-food-trailer-with-toilet\/\" target=\"_blank\" rel=\"noopener\">Voedseltrailer van 5 meter met toilet<\/a> wij hebben hier voor een klant vervaardigd: <a href=\"https:\/\/www.honlufoodtrailer.com\/nl\/product\/customized-square-food-trailer-with-toilet\/\" target=\"_blank\" rel=\"noopener\">https:\/\/www.honlufoodtrailer.com\/product\/customized-square-food-trailer-with-toilet\/<\/a>.<\/p>\n<p><a href=\"https:\/\/www.honlufoodtrailer.com\/nl\/product\/customized-square-food-trailer-with-toilet\/\"><img loading=\"lazy\" decoding=\"async\" class=\"aligncenter wp-image-4531\" src=\"https:\/\/www.honlufoodtrailer.com\/wp-content\/uploads\/2022\/04\/Toilet-at-back-door.jpg\" alt=\"Voedseltrailer van 5 meter met toilet\" width=\"772\" height=\"579\" srcset=\"https:\/\/www.honlufoodtrailer.com\/wp-content\/uploads\/2022\/04\/Toilet-at-back-door.jpg 1440w, https:\/\/www.honlufoodtrailer.com\/wp-content\/uploads\/2022\/04\/Toilet-at-back-door-768x576.jpg 768w, https:\/\/www.honlufoodtrailer.com\/wp-content\/uploads\/2022\/04\/Toilet-at-back-door-480x360.jpg 480w, https:\/\/www.honlufoodtrailer.com\/wp-content\/uploads\/2022\/04\/Toilet-at-back-door-300x225.jpg 300w, https:\/\/www.honlufoodtrailer.com\/wp-content\/uploads\/2022\/04\/Toilet-at-back-door-720x540.jpg 720w\" sizes=\"(max-width: 772px) 100vw, 772px\" \/><\/a><br \/>\nAls u ge\u00efnteresseerd bent in een soortgelijke foodtrailer, aarzel dan niet om contact met ons op te nemen door een bericht achter te laten met uw gedetailleerde vereisten. Of whatsapp ons gewoon voor snelle reactie!<\/p>\n<\/div>\n<\/div>\n<\/div>","protected":false},"excerpt":{"rendered":"<p>Dit is een op maat gemaakte 26ft foodtrailer met badkamer, toilet en slaapkamer. Het hele voertuig is gemaakt van roestvrij staal en gegalvaniseerd plaatstaal. Het kan niet alleen worden toegepast om fastfood en drankjes te verkopen, maar biedt ook ruimte voor baden en rusten. <strong>Klik op de volgende tabbladen om meer details van deze foodtrailer te bekijken<\/strong>. We kunnen een soortgelijke voedseltrailer met badkamer als deze vervaardigen, of er een voor u op maat maken. De grootte, carrosseriekleur, stickers, bewegwijzering en binnenuitrusting van de foodtrailer kunnen worden aangepast. Bovendien voldoen alle accessoires aan de eisen van de klant. Aarzel niet om contact met ons op te nemen en ons uw gedetailleerde vereisten te vertellen!<\/p>","protected":false},"featured_media":8277,"template":"","meta":{"_themeisle_gutenberg_block_has_review":false},"product_brand":[],"product_cat":[26],"product_tag":[33,101,45,38,51],"class_list":{"0":"post-8268","1":"product","2":"type-product","3":"status-publish","4":"has-post-thumbnail","6":"product_cat-product","7":"product_tag-customized-trailer","8":"product_tag-food-trailer-with-toilet","9":"product_tag-large-food-trailer","10":"product_tag-mobile-food-trailer","11":"product_tag-square-food-trailer","13":"first","14":"instock","15":"shipping-taxable","16":"product-type-simple"},"yoast_head":"<!-- This site is optimized with the Yoast SEO plugin v27.6 - https:\/\/yoast.com\/product\/yoast-seo-wordpress\/ -->\n<title>26ft Food Trailer with Bathroom and Toilet - Honlu Food Trailer<\/title>\n<meta name=\"description\" content=\"This is a customized 26ft food trailer with bathroom, toilet and bedroom. High quality, get its price here direct from China factory!\" \/>\n<meta name=\"robots\" content=\"index, follow, max-snippet:-1, max-image-preview:large, max-video-preview:-1\" \/>\n<link rel=\"canonical\" href=\"https:\/\/www.honlufoodtrailer.com\/nl\/product\/26ft-food-trailer-with-bathroom-and-toilet\/\" \/>\n<meta property=\"og:locale\" content=\"nl_NL\" \/>\n<meta property=\"og:type\" content=\"article\" \/>\n<meta property=\"og:title\" content=\"26ft Food Trailer with Bathroom and Toilet - Honlu Food Trailer\" \/>\n<meta property=\"og:description\" content=\"This is a customized 26ft food trailer with bathroom, toilet and bedroom. High quality, get its price here direct from China factory!\" \/>\n<meta property=\"og:url\" content=\"https:\/\/www.honlufoodtrailer.com\/nl\/product\/26ft-food-trailer-with-bathroom-and-toilet\/\" \/>\n<meta property=\"og:site_name\" content=\"Honlu food trailer\" \/>\n<meta property=\"article:modified_time\" content=\"2025-02-14T06:10:20+00:00\" \/>\n<meta property=\"og:image\" content=\"https:\/\/www.honlufoodtrailer.com\/wp-content\/uploads\/2024\/08\/26ft-food-trailer-with-toilet.jpg\" \/>\n\t<meta property=\"og:image:width\" content=\"720\" \/>\n\t<meta property=\"og:image:height\" content=\"540\" \/>\n\t<meta property=\"og:image:type\" content=\"image\/jpeg\" \/>\n<meta name=\"twitter:card\" content=\"summary_large_image\" \/>\n<meta name=\"twitter:label1\" content=\"Geschatte leestijd\" \/>\n\t<meta name=\"twitter:data1\" content=\"2 minuten\" \/>\n<script type=\"application\/ld+json\" class=\"yoast-schema-graph\">{\"@context\":\"https:\\\/\\\/schema.org\",\"@graph\":[{\"@type\":\"WebPage\",\"@id\":\"https:\\\/\\\/www.honlufoodtrailer.com\\\/product\\\/26ft-food-trailer-with-bathroom-and-toilet\\\/\",\"url\":\"https:\\\/\\\/www.honlufoodtrailer.com\\\/product\\\/26ft-food-trailer-with-bathroom-and-toilet\\\/\",\"name\":\"26ft Food Trailer with Bathroom and Toilet - Honlu Food Trailer\",\"isPartOf\":{\"@id\":\"https:\\\/\\\/www.honlufoodtrailer.com\\\/#website\"},\"primaryImageOfPage\":{\"@id\":\"https:\\\/\\\/www.honlufoodtrailer.com\\\/product\\\/26ft-food-trailer-with-bathroom-and-toilet\\\/#primaryimage\"},\"image\":{\"@id\":\"https:\\\/\\\/www.honlufoodtrailer.com\\\/product\\\/26ft-food-trailer-with-bathroom-and-toilet\\\/#primaryimage\"},\"thumbnailUrl\":\"https:\\\/\\\/www.honlufoodtrailer.com\\\/wp-content\\\/uploads\\\/2024\\\/08\\\/26ft-food-trailer-with-toilet.jpg\",\"datePublished\":\"2024-08-27T06:25:12+00:00\",\"dateModified\":\"2025-02-14T06:10:20+00:00\",\"description\":\"This is a customized 26ft food trailer with bathroom, toilet and bedroom. High quality, get its price here direct from China factory!\",\"breadcrumb\":{\"@id\":\"https:\\\/\\\/www.honlufoodtrailer.com\\\/product\\\/26ft-food-trailer-with-bathroom-and-toilet\\\/#breadcrumb\"},\"inLanguage\":\"nl-NL\",\"potentialAction\":[{\"@type\":\"ReadAction\",\"target\":[\"https:\\\/\\\/www.honlufoodtrailer.com\\\/product\\\/26ft-food-trailer-with-bathroom-and-toilet\\\/\"]}]},{\"@type\":\"ImageObject\",\"inLanguage\":\"nl-NL\",\"@id\":\"https:\\\/\\\/www.honlufoodtrailer.com\\\/product\\\/26ft-food-trailer-with-bathroom-and-toilet\\\/#primaryimage\",\"url\":\"https:\\\/\\\/www.honlufoodtrailer.com\\\/wp-content\\\/uploads\\\/2024\\\/08\\\/26ft-food-trailer-with-toilet.jpg\",\"contentUrl\":\"https:\\\/\\\/www.honlufoodtrailer.com\\\/wp-content\\\/uploads\\\/2024\\\/08\\\/26ft-food-trailer-with-toilet.jpg\",\"width\":720,\"height\":540,\"caption\":\"26ft food trailer with toilet\"},{\"@type\":\"BreadcrumbList\",\"@id\":\"https:\\\/\\\/www.honlufoodtrailer.com\\\/product\\\/26ft-food-trailer-with-bathroom-and-toilet\\\/#breadcrumb\",\"itemListElement\":[{\"@type\":\"ListItem\",\"position\":1,\"name\":\"Home\",\"item\":\"https:\\\/\\\/www.honlufoodtrailer.com\\\/\"},{\"@type\":\"ListItem\",\"position\":2,\"name\":\"\u4ea7\u54c1\",\"item\":\"https:\\\/\\\/www.honlufoodtrailer.com\\\/shop\\\/\"},{\"@type\":\"ListItem\",\"position\":3,\"name\":\"26ft Food Trailer with Bathroom and Toilet\"}]},{\"@type\":\"WebSite\",\"@id\":\"https:\\\/\\\/www.honlufoodtrailer.com\\\/#website\",\"url\":\"https:\\\/\\\/www.honlufoodtrailer.com\\\/\",\"name\":\"Honlu food trailer\",\"description\":\"\",\"publisher\":{\"@id\":\"https:\\\/\\\/www.honlufoodtrailer.com\\\/#organization\"},\"potentialAction\":[{\"@type\":\"SearchAction\",\"target\":{\"@type\":\"EntryPoint\",\"urlTemplate\":\"https:\\\/\\\/www.honlufoodtrailer.com\\\/?s={search_term_string}\"},\"query-input\":{\"@type\":\"PropertyValueSpecification\",\"valueRequired\":true,\"valueName\":\"search_term_string\"}}],\"inLanguage\":\"nl-NL\"},{\"@type\":\"Organization\",\"@id\":\"https:\\\/\\\/www.honlufoodtrailer.com\\\/#organization\",\"name\":\"Honlu food trailer\",\"url\":\"https:\\\/\\\/www.honlufoodtrailer.com\\\/\",\"logo\":{\"@type\":\"ImageObject\",\"inLanguage\":\"nl-NL\",\"@id\":\"https:\\\/\\\/www.honlufoodtrailer.com\\\/#\\\/schema\\\/logo\\\/image\\\/\",\"url\":\"https:\\\/\\\/www.honlufoodtrailer.com\\\/wp-content\\\/uploads\\\/2021\\\/12\\\/2.gif\",\"contentUrl\":\"https:\\\/\\\/www.honlufoodtrailer.com\\\/wp-content\\\/uploads\\\/2021\\\/12\\\/2.gif\",\"width\":350,\"height\":100,\"caption\":\"Honlu food trailer\"},\"image\":{\"@id\":\"https:\\\/\\\/www.honlufoodtrailer.com\\\/#\\\/schema\\\/logo\\\/image\\\/\"}}]}<\/script>\n<!-- \/ Yoast SEO plugin. -->","yoast_head_json":{"title":"26ft voedseltrailer met badkamer en toilet - Honlu voedseltrailer","description":"Dit is een op maat gemaakte 26ft foodtrailer met badkamer, toilet en slaapkamer. Hoge kwaliteit, ontvang de prijs hier rechtstreeks uit de Chinese fabriek!","robots":{"index":"index","follow":"follow","max-snippet":"max-snippet:-1","max-image-preview":"max-image-preview:large","max-video-preview":"max-video-preview:-1"},"canonical":"https:\/\/www.honlufoodtrailer.com\/nl\/product\/26ft-food-trailer-with-bathroom-and-toilet\/","og_locale":"nl_NL","og_type":"article","og_title":"26ft Food Trailer with Bathroom and Toilet - Honlu Food Trailer","og_description":"This is a customized 26ft food trailer with bathroom, toilet and bedroom. High quality, get its price here direct from China factory!","og_url":"https:\/\/www.honlufoodtrailer.com\/nl\/product\/26ft-food-trailer-with-bathroom-and-toilet\/","og_site_name":"Honlu food trailer","article_modified_time":"2025-02-14T06:10:20+00:00","og_image":[{"width":720,"height":540,"url":"https:\/\/www.honlufoodtrailer.com\/wp-content\/uploads\/2024\/08\/26ft-food-trailer-with-toilet.jpg","type":"image\/jpeg"}],"twitter_card":"summary_large_image","twitter_misc":{"Geschatte leestijd":"2 minuten"},"schema":{"@context":"https:\/\/schema.org","@graph":[{"@type":"WebPage","@id":"https:\/\/www.honlufoodtrailer.com\/product\/26ft-food-trailer-with-bathroom-and-toilet\/","url":"https:\/\/www.honlufoodtrailer.com\/product\/26ft-food-trailer-with-bathroom-and-toilet\/","name":"26ft voedseltrailer met badkamer en toilet - Honlu voedseltrailer","isPartOf":{"@id":"https:\/\/www.honlufoodtrailer.com\/#website"},"primaryImageOfPage":{"@id":"https:\/\/www.honlufoodtrailer.com\/product\/26ft-food-trailer-with-bathroom-and-toilet\/#primaryimage"},"image":{"@id":"https:\/\/www.honlufoodtrailer.com\/product\/26ft-food-trailer-with-bathroom-and-toilet\/#primaryimage"},"thumbnailUrl":"https:\/\/www.honlufoodtrailer.com\/wp-content\/uploads\/2024\/08\/26ft-food-trailer-with-toilet.jpg","datePublished":"2024-08-27T06:25:12+00:00","dateModified":"2025-02-14T06:10:20+00:00","description":"Dit is een op maat gemaakte 26ft foodtrailer met badkamer, toilet en slaapkamer. Hoge kwaliteit, ontvang de prijs hier rechtstreeks uit de Chinese fabriek!","breadcrumb":{"@id":"https:\/\/www.honlufoodtrailer.com\/product\/26ft-food-trailer-with-bathroom-and-toilet\/#breadcrumb"},"inLanguage":"nl-NL","potentialAction":[{"@type":"ReadAction","target":["https:\/\/www.honlufoodtrailer.com\/product\/26ft-food-trailer-with-bathroom-and-toilet\/"]}]},{"@type":"ImageObject","inLanguage":"nl-NL","@id":"https:\/\/www.honlufoodtrailer.com\/product\/26ft-food-trailer-with-bathroom-and-toilet\/#primaryimage","url":"https:\/\/www.honlufoodtrailer.com\/wp-content\/uploads\/2024\/08\/26ft-food-trailer-with-toilet.jpg","contentUrl":"https:\/\/www.honlufoodtrailer.com\/wp-content\/uploads\/2024\/08\/26ft-food-trailer-with-toilet.jpg","width":720,"height":540,"caption":"26ft food trailer with toilet"},{"@type":"BreadcrumbList","@id":"https:\/\/www.honlufoodtrailer.com\/product\/26ft-food-trailer-with-bathroom-and-toilet\/#breadcrumb","itemListElement":[{"@type":"ListItem","position":1,"name":"Home","item":"https:\/\/www.honlufoodtrailer.com\/"},{"@type":"ListItem","position":2,"name":"\u4ea7\u54c1","item":"https:\/\/www.honlufoodtrailer.com\/shop\/"},{"@type":"ListItem","position":3,"name":"26ft Food Trailer with Bathroom and Toilet"}]},{"@type":"WebSite","@id":"https:\/\/www.honlufoodtrailer.com\/#website","url":"https:\/\/www.honlufoodtrailer.com\/","name":"Honlu foodtrailer","description":"","publisher":{"@id":"https:\/\/www.honlufoodtrailer.com\/#organization"},"potentialAction":[{"@type":"SearchAction","target":{"@type":"EntryPoint","urlTemplate":"https:\/\/www.honlufoodtrailer.com\/?s={search_term_string}"},"query-input":{"@type":"PropertyValueSpecification","valueRequired":true,"valueName":"search_term_string"}}],"inLanguage":"nl-NL"},{"@type":"Organization","@id":"https:\/\/www.honlufoodtrailer.com\/#organization","name":"Honlu foodtrailer","url":"https:\/\/www.honlufoodtrailer.com\/","logo":{"@type":"ImageObject","inLanguage":"nl-NL","@id":"https:\/\/www.honlufoodtrailer.com\/#\/schema\/logo\/image\/","url":"https:\/\/www.honlufoodtrailer.com\/wp-content\/uploads\/2021\/12\/2.gif","contentUrl":"https:\/\/www.honlufoodtrailer.com\/wp-content\/uploads\/2021\/12\/2.gif","width":350,"height":100,"caption":"Honlu food trailer"},"image":{"@id":"https:\/\/www.honlufoodtrailer.com\/#\/schema\/logo\/image\/"}}]}},"_links":{"self":[{"href":"https:\/\/www.honlufoodtrailer.com\/nl\/wp-json\/wp\/v2\/product\/8268","targetHints":{"allow":["GET"]}}],"collection":[{"href":"https:\/\/www.honlufoodtrailer.com\/nl\/wp-json\/wp\/v2\/product"}],"about":[{"href":"https:\/\/www.honlufoodtrailer.com\/nl\/wp-json\/wp\/v2\/types\/product"}],"version-history":[{"count":0,"href":"https:\/\/www.honlufoodtrailer.com\/nl\/wp-json\/wp\/v2\/product\/8268\/revisions"}],"wp:featuredmedia":[{"embeddable":true,"href":"https:\/\/www.honlufoodtrailer.com\/nl\/wp-json\/wp\/v2\/media\/8277"}],"wp:attachment":[{"href":"https:\/\/www.honlufoodtrailer.com\/nl\/wp-json\/wp\/v2\/media?parent=8268"}],"wp:term":[{"taxonomy":"product_brand","embeddable":true,"href":"https:\/\/www.honlufoodtrailer.com\/nl\/wp-json\/wp\/v2\/product_brand?post=8268"},{"taxonomy":"product_cat","embeddable":true,"href":"https:\/\/www.honlufoodtrailer.com\/nl\/wp-json\/wp\/v2\/product_cat?post=8268"},{"taxonomy":"product_tag","embeddable":true,"href":"https:\/\/www.honlufoodtrailer.com\/nl\/wp-json\/wp\/v2\/product_tag?post=8268"}],"curies":[{"name":"wp","href":"https:\/\/api.w.org\/{rel}","templated":true}]}}