{"id":2058,"date":"2022-01-12T16:35:36","date_gmt":"2022-01-12T08:35:36","guid":{"rendered":"https:\/\/www.honlufoodtrailer.com\/?post_type=product&#038;p=2058"},"modified":"2024-06-26T16:33:55","modified_gmt":"2024-06-26T08:33:55","slug":"double-decker-food-trailer","status":"publish","type":"product","link":"https:\/\/www.honlufoodtrailer.com\/pt\/product\/double-decker-food-trailer\/","title":{"rendered":"Reboque alimentar de dois andares"},"content":{"rendered":"<p>Os reboques de caf\u00e9 de dois andares tornaram-se cada vez mais populares para quem procura uma solu\u00e7\u00e3o de caf\u00e9 mais m\u00f3vel. S\u00e3o a melhor forma de fornecer caf\u00e9 em movimento, oferecendo comodidade e qualidade. Estes reboques fornecem servi\u00e7os de caf\u00e9 em todo o mundo e podem ser encontrados em parques, centros urbanos, praias e muito mais. Em geral, est\u00e3o equipados com uma variedade de comodidades e carater\u00edsticas, desde espa\u00e7o extra no balc\u00e3o a controlo clim\u00e1tico.<\/p>\n<p><img fetchpriority=\"high\" decoding=\"async\" class=\"aligncenter\" src=\"https:\/\/www.honlufoodtrailer.com\/wp-content\/uploads\/2023\/11\/18ft-double-decker-coffee-trailer-inner-view.jpg\" alt=\"18ft double decker coffee trailer vista interior\" width=\"720\" height=\"540\" \/><\/p>\n<h3>Vantagens do Double Decker Food Trailer<\/h3>\n<ul>\n<li>O modelo mais recente e mais quente<\/li>\n<li>A plataforma de neg\u00f3cios de ambos os lados<\/li>\n<li>Todo o reboque est\u00e1 equipado com luzes ambiente<\/li>\n<li>Design de camada dupla e ado\u00e7\u00e3o da escada em espiral<\/li>\n<\/ul>\n<h4>Bela vista nocturna<\/h4>\n<p>A luz ambiente para todo o ve\u00edculo faz do seu reboque a estrela mais atraente, mesmo \u00e0 noite.<br \/>\n<img decoding=\"async\" class=\"aligncenter\" src=\"https:\/\/www.honlufoodtrailer.com\/wp-content\/uploads\/2022\/01\/Coffee-trailer-night-view.jpg\" alt=\"Trailer do caf\u00e9 - vista nocturna\" width=\"720\" height=\"540\" \/><br \/>\n<img decoding=\"async\" class=\"aligncenter\" src=\"https:\/\/www.honlufoodtrailer.com\/wp-content\/uploads\/2022\/01\/Coffee-trailer.jpg\" alt=\"Trailer do caf\u00e9\" width=\"720\" height=\"540\" \/><\/p>\n<h4>Instala\u00e7\u00e3o f\u00e1cil<\/h4>\n<p>Equipado com um conjunto completo de v\u00eddeos de instala\u00e7\u00e3o, e os t\u00e9cnicos fornecem orienta\u00e7\u00e3o remota individual para o ajudar a iniciar imediatamente o seu neg\u00f3cio.<br \/>\n<img loading=\"lazy\" decoding=\"async\" class=\"aligncenter\" src=\"https:\/\/www.honlufoodtrailer.com\/wp-content\/uploads\/2022\/01\/Coffee-trailer-customization-mode.jpg\" alt=\"Trailer do caf\u00e9 - modo de personaliza\u00e7\u00e3o\" width=\"720\" height=\"540\" \/><\/p>\n<h4>Servi\u00e7o personalizado<\/h4>\n<p>Todo o reboque, incluindo o aspeto, o estilo, os acess\u00f3rios e o equipamento auxiliar, pode ser personalizado. Permite-lhe ter o seu pr\u00f3prio carro de jantar exclusivo.<\/p>\n<h3>Detalhes da caravana de alimentos de dois andares<\/h3>\n<h4>Dossel<\/h4>\n<p><img decoding=\"async\" class=\"aligncenter\" title=\"Reboque para caf\u00e9 - Canopy\" src=\"https:\/\/www.honlufoodtrailer.com\/wp-content\/uploads\/elementor\/thumbs\/Coffee-trailer-Canopy-pisb9bitjzivrc5yl8z1qnda9il2c8qtywe3if4pa8.jpg\" alt=\"Reboque para caf\u00e9 - Canopy\" \/><\/p>\n<h4>Luz ambiente<\/h4>\n<p><img decoding=\"async\" class=\"aligncenter\" title=\"Trailer do caf\u00e9 - Luz ambiente\" src=\"https:\/\/www.honlufoodtrailer.com\/wp-content\/uploads\/elementor\/thumbs\/Coffee-trailer-Ambient-Light-pisb9bitjzivrc5yl8z1qnda9il2c8qtywe3if4pa8.jpg\" alt=\"Trailer do caf\u00e9 - Luz ambiente\" \/><\/p>\n<h4>Material do pavimento<\/h4>\n<p><img decoding=\"async\" class=\"aligncenter\" title=\"Reboque para caf\u00e9 - Material do pavimento\" src=\"https:\/\/www.honlufoodtrailer.com\/wp-content\/uploads\/elementor\/thumbs\/Coffee-trailer-Floor-material-pisb9akzd5hlfq7bqqkf65lto4pp4jn3mrqm1563gg.jpg\" alt=\"Reboque para caf\u00e9 - Material do pavimento\" \/><\/p>\n<h4>Fog\u00e3o a g\u00e1s<\/h4>\n<p><img decoding=\"async\" class=\"aligncenter\" title=\"Reboque para caf\u00e9 - Fog\u00e3o a g\u00e1s\" src=\"https:\/\/www.honlufoodtrailer.com\/wp-content\/uploads\/elementor\/thumbs\/Coffee-trailer-Gas-stove-pisb99n56bgb448ow85slnud2qubwujdan34jv7hmo.jpg\" alt=\"Reboque para caf\u00e9 - Fog\u00e3o a g\u00e1s\" \/><\/p>\n<h4>Bancada em a\u00e7o inoxid\u00e1vel<\/h4>\n<p><img decoding=\"async\" class=\"aligncenter\" title=\"Reboque para caf\u00e9 - Bancada em a\u00e7o inoxid\u00e1vel\" src=\"https:\/\/www.honlufoodtrailer.com\/wp-content\/uploads\/elementor\/thumbs\/Coffee-trailer-Stainless-steel-countertop-pisb94xy859vi2fino4nr7123thhud0plztp5heghs.jpg\" alt=\"Reboque para caf\u00e9 - Bancada em a\u00e7o inoxid\u00e1vel\" \/><\/p>\n<h4>Plataforma de neg\u00f3cios<\/h4>\n<p><img decoding=\"async\" class=\"aligncenter\" title=\"Plataforma de autocarros para caf\u00e9\" src=\"https:\/\/www.honlufoodtrailer.com\/wp-content\/uploads\/elementor\/thumbs\/Coffee-trailer-bussiness-platform-pisb94041b8l6ggvt5q16p9lifm4mnwz9v67o7fuo0.jpg\" alt=\"Plataforma de autocarros para caf\u00e9\" \/><\/p>\n<h4>Escada em espiral<\/h4>\n<p><img decoding=\"async\" class=\"aligncenter\" title=\"Reboque caf\u00e9 - Escada em espiral\" src=\"https:\/\/www.honlufoodtrailer.com\/wp-content\/uploads\/elementor\/thumbs\/Coffee-trailer-Spiral-staircase-pisb94xy859vi2fino4nr7123thhud0plztp5heghs.jpg\" alt=\"Reboque caf\u00e9 - Escada em espiral\" \/><\/p>\n<h4>Segundo andar<\/h4>\n<p><img decoding=\"async\" class=\"aligncenter\" title=\"Reboque de caf\u00e9 - Segundo andar\" src=\"https:\/\/www.honlufoodtrailer.com\/wp-content\/uploads\/elementor\/thumbs\/Coffee-trailer-Second-floor-pisb98pazhf0sia21pr6162whcyyp5fmyifn2l8vsw.jpg\" alt=\"Reboque de caf\u00e9 - Segundo andar\" \/><\/p>\n<h2>Alguns dos nossos casos<\/h2>\n<p>Os nossos reboques de alimentos de dois andares foram exportados para muitos pa\u00edses, como os Estados Unidos, o Reino Unido, Nova Zel\u00e2ndia, Austr\u00e1lia, Canad\u00e1, etc. Os seguintes s\u00e3o alguns dos nossos trabalhos. Podemos fabricar reboques para alimentos semelhantes a estes ou personalizar um para si. A cor do corpo, adesivos, sinaliza\u00e7\u00e3o e equipamentos de cozinha do trailer de alimentos podem ser personalizados. Bem-vindo a contactar-nos agora!<br \/>\n<img loading=\"lazy\" decoding=\"async\" class=\"aligncenter\" src=\"https:\/\/www.honlufoodtrailer.com\/wp-content\/uploads\/2023\/11\/5m-double-decker-coffee-trailer-America.jpg\" sizes=\"(max-width: 720px) 100vw, 720px\" srcset=\"https:\/\/www.honlufoodtrailer.com\/wp-content\/uploads\/2023\/11\/5m-double-decker-coffee-trailer-America.jpg 720w, https:\/\/www.honlufoodtrailer.com\/wp-content\/uploads\/2023\/11\/5m-double-decker-coffee-trailer-America-480x360.jpg 480w, https:\/\/www.honlufoodtrailer.com\/wp-content\/uploads\/2023\/11\/5m-double-decker-coffee-trailer-America-300x225.jpg 300w\" alt=\"Reboque de caf\u00e9 de dois andares de 5 m Am\u00e9rica\" width=\"720\" height=\"540\" \/><\/p>\n<p><img loading=\"lazy\" decoding=\"async\" class=\"aligncenter\" src=\"https:\/\/www.honlufoodtrailer.com\/wp-content\/uploads\/2023\/11\/16ft-double-decker-coffee-trailer-America.jpg\" sizes=\"(max-width: 720px) 100vw, 720px\" srcset=\"https:\/\/www.honlufoodtrailer.com\/wp-content\/uploads\/2023\/11\/16ft-double-decker-coffee-trailer-America.jpg 720w, https:\/\/www.honlufoodtrailer.com\/wp-content\/uploads\/2023\/11\/16ft-double-decker-coffee-trailer-America-480x360.jpg 480w, https:\/\/www.honlufoodtrailer.com\/wp-content\/uploads\/2023\/11\/16ft-double-decker-coffee-trailer-America-300x225.jpg 300w\" alt=\"Reboque de caf\u00e9 de dois andares de 16 p\u00e9s Am\u00e9rica\" width=\"720\" height=\"540\" \/><\/p>\n<p><img loading=\"lazy\" decoding=\"async\" class=\"aligncenter\" src=\"https:\/\/www.honlufoodtrailer.com\/wp-content\/uploads\/2023\/11\/16ft-double-decker-coffee-trailer-on-sale.jpg\" sizes=\"(max-width: 720px) 100vw, 720px\" srcset=\"https:\/\/www.honlufoodtrailer.com\/wp-content\/uploads\/2023\/11\/16ft-double-decker-coffee-trailer-on-sale.jpg 720w, https:\/\/www.honlufoodtrailer.com\/wp-content\/uploads\/2023\/11\/16ft-double-decker-coffee-trailer-on-sale-480x360.jpg 480w, https:\/\/www.honlufoodtrailer.com\/wp-content\/uploads\/2023\/11\/16ft-double-decker-coffee-trailer-on-sale-300x225.jpg 300w\" alt=\"Reboque de caf\u00e9 de dois andares de 16 p\u00e9s \u00e0 venda\" width=\"720\" height=\"540\" \/><\/p>\n<p><img loading=\"lazy\" decoding=\"async\" class=\"aligncenter\" src=\"https:\/\/www.honlufoodtrailer.com\/wp-content\/uploads\/2023\/11\/18ft-double-decker-food-trailer-Arizona-USA.jpg\" sizes=\"(max-width: 720px) 100vw, 720px\" srcset=\"https:\/\/www.honlufoodtrailer.com\/wp-content\/uploads\/2023\/11\/18ft-double-decker-food-trailer-Arizona-USA.jpg 720w, https:\/\/www.honlufoodtrailer.com\/wp-content\/uploads\/2023\/11\/18ft-double-decker-food-trailer-Arizona-USA-480x360.jpg 480w, https:\/\/www.honlufoodtrailer.com\/wp-content\/uploads\/2023\/11\/18ft-double-decker-food-trailer-Arizona-USA-300x225.jpg 300w\" alt=\"18ft double decker food trailer Arizona EUA\" width=\"720\" height=\"540\" \/><\/p>\n<p><img loading=\"lazy\" decoding=\"async\" class=\"aligncenter\" src=\"https:\/\/www.honlufoodtrailer.com\/wp-content\/uploads\/2023\/11\/5m-coffee-trailer-America.jpg\" sizes=\"(max-width: 720px) 100vw, 720px\" srcset=\"https:\/\/www.honlufoodtrailer.com\/wp-content\/uploads\/2023\/11\/5m-coffee-trailer-America.jpg 720w, https:\/\/www.honlufoodtrailer.com\/wp-content\/uploads\/2023\/11\/5m-coffee-trailer-America-480x360.jpg 480w, https:\/\/www.honlufoodtrailer.com\/wp-content\/uploads\/2023\/11\/5m-coffee-trailer-America-300x225.jpg 300w\" alt=\"Reboque para caf\u00e9 de 5 m Am\u00e9rica\" width=\"720\" height=\"540\" \/><\/p>\n<p><img loading=\"lazy\" decoding=\"async\" class=\"aligncenter\" src=\"https:\/\/www.honlufoodtrailer.com\/wp-content\/uploads\/2023\/11\/18ft-double-decker-coffee-trailer-America.jpg\" sizes=\"(max-width: 720px) 100vw, 720px\" srcset=\"https:\/\/www.honlufoodtrailer.com\/wp-content\/uploads\/2023\/11\/18ft-double-decker-coffee-trailer-America.jpg 720w, https:\/\/www.honlufoodtrailer.com\/wp-content\/uploads\/2023\/11\/18ft-double-decker-coffee-trailer-America-480x360.jpg 480w, https:\/\/www.honlufoodtrailer.com\/wp-content\/uploads\/2023\/11\/18ft-double-decker-coffee-trailer-America-300x225.jpg 300w\" alt=\"Reboque de caf\u00e9 de dois andares de 18 p\u00e9s Am\u00e9rica\" width=\"720\" height=\"540\" \/><\/p>\n<h3>Opini\u00e3o dos clientesA seguir est\u00e3o algumas das opini\u00f5es dos nossos clientes sobre o nosso reboque de caf\u00e9 de dois andares.<\/h3>\n<p><img loading=\"lazy\" decoding=\"async\" src=\"https:\/\/www.honlufoodtrailer.com\/wp-content\/uploads\/2023\/12\/coffee-trailer-customer-review.jpg\" alt=\"revis\u00e3o do cliente do reboque do caf\u00e9\" width=\"900\" height=\"375\" \/><\/p>","protected":false},"excerpt":{"rendered":"<p>Estes s\u00e3o os nossos reboques de comida de dois andares de 18 p\u00e9s feitos sob medida. Eles s\u00e3o boas escolhas para iniciar um neg\u00f3cio de trailer de caf\u00e9 m\u00f3vel. Como podemos ver, cada um dos reboques de comida de dois andares tem dois andares. pode acomodar mais comensais. A vista no segundo andar \u00e9 muito ampla, e os clientes podem desfrutar da vista ampla enquanto jantam. Podemos fabricar reboques de alimentos semelhantes a estes, ou personalizar um para si. A cor do corpo, adesivos, sinaliza\u00e7\u00e3o, equipamento de cozinha do trailer de alimentos pode ser personalizado. Basta contactar-nos agora!<\/p>","protected":false},"featured_media":1779,"template":"","meta":{"_themeisle_gutenberg_block_has_review":false},"product_brand":[],"product_cat":[26],"product_tag":[35,34,33,36,31],"class_list":{"0":"post-2058","1":"product","2":"type-product","3":"status-publish","4":"has-post-thumbnail","6":"product_cat-product","7":"product_tag-2-story-food-trailer","8":"product_tag-coffee-trailer","9":"product_tag-customized-trailer","10":"product_tag-high-quality-food-trailer","11":"product_tag-hot-sale-food-trailer","13":"first","14":"instock","15":"shipping-taxable","16":"product-type-simple"},"yoast_head":"<!-- This site is optimized with the Yoast SEO plugin v27.4 - https:\/\/yoast.com\/product\/yoast-seo-wordpress\/ -->\n<title>Double Decker Food Trailer from China Factory - Honlu Food Trailer<\/title>\n<meta name=\"description\" content=\"See various types of double decker food trailers we have customized for customers from the United States. UK, Canada etc. Get their price now!\" \/>\n<meta name=\"robots\" content=\"index, follow, max-snippet:-1, max-image-preview:large, max-video-preview:-1\" \/>\n<link rel=\"canonical\" href=\"https:\/\/www.honlufoodtrailer.com\/pt\/product\/double-decker-food-trailer\/\" \/>\n<meta property=\"og:locale\" content=\"pt_PT\" \/>\n<meta property=\"og:type\" content=\"article\" \/>\n<meta property=\"og:title\" content=\"Double Decker Food Trailer from China Factory - Honlu Food Trailer\" \/>\n<meta property=\"og:description\" content=\"See various types of double decker food trailers we have customized for customers from the United States. UK, Canada etc. Get their price now!\" \/>\n<meta property=\"og:url\" content=\"https:\/\/www.honlufoodtrailer.com\/pt\/product\/double-decker-food-trailer\/\" \/>\n<meta property=\"og:site_name\" content=\"Honlu food trailer\" \/>\n<meta property=\"article:modified_time\" content=\"2024-06-26T08:33:55+00:00\" \/>\n<meta property=\"og:image\" content=\"https:\/\/www.honlufoodtrailer.com\/wp-content\/uploads\/2022\/01\/Coffee-trailer-night-view.jpg\" \/>\n\t<meta property=\"og:image:width\" content=\"720\" \/>\n\t<meta property=\"og:image:height\" content=\"540\" \/>\n\t<meta property=\"og:image:type\" content=\"image\/jpeg\" \/>\n<meta name=\"twitter:card\" content=\"summary_large_image\" \/>\n<meta name=\"twitter:label1\" content=\"Tempo estimado de leitura\" \/>\n\t<meta name=\"twitter:data1\" content=\"1 minuto\" \/>\n<script type=\"application\/ld+json\" class=\"yoast-schema-graph\">{\"@context\":\"https:\\\/\\\/schema.org\",\"@graph\":[{\"@type\":\"WebPage\",\"@id\":\"https:\\\/\\\/www.honlufoodtrailer.com\\\/product\\\/double-decker-food-trailer\\\/\",\"url\":\"https:\\\/\\\/www.honlufoodtrailer.com\\\/product\\\/double-decker-food-trailer\\\/\",\"name\":\"Double Decker Food Trailer from China Factory - Honlu Food Trailer\",\"isPartOf\":{\"@id\":\"https:\\\/\\\/www.honlufoodtrailer.com\\\/#website\"},\"primaryImageOfPage\":{\"@id\":\"https:\\\/\\\/www.honlufoodtrailer.com\\\/product\\\/double-decker-food-trailer\\\/#primaryimage\"},\"image\":{\"@id\":\"https:\\\/\\\/www.honlufoodtrailer.com\\\/product\\\/double-decker-food-trailer\\\/#primaryimage\"},\"thumbnailUrl\":\"https:\\\/\\\/www.honlufoodtrailer.com\\\/wp-content\\\/uploads\\\/2022\\\/01\\\/Coffee-trailer-night-view.jpg\",\"datePublished\":\"2022-01-12T08:35:36+00:00\",\"dateModified\":\"2024-06-26T08:33:55+00:00\",\"description\":\"See various types of double decker food trailers we have customized for customers from the United States. UK, Canada etc. Get their price now!\",\"breadcrumb\":{\"@id\":\"https:\\\/\\\/www.honlufoodtrailer.com\\\/product\\\/double-decker-food-trailer\\\/#breadcrumb\"},\"inLanguage\":\"pt-PT\",\"potentialAction\":[{\"@type\":\"ReadAction\",\"target\":[\"https:\\\/\\\/www.honlufoodtrailer.com\\\/product\\\/double-decker-food-trailer\\\/\"]}]},{\"@type\":\"ImageObject\",\"inLanguage\":\"pt-PT\",\"@id\":\"https:\\\/\\\/www.honlufoodtrailer.com\\\/product\\\/double-decker-food-trailer\\\/#primaryimage\",\"url\":\"https:\\\/\\\/www.honlufoodtrailer.com\\\/wp-content\\\/uploads\\\/2022\\\/01\\\/Coffee-trailer-night-view.jpg\",\"contentUrl\":\"https:\\\/\\\/www.honlufoodtrailer.com\\\/wp-content\\\/uploads\\\/2022\\\/01\\\/Coffee-trailer-night-view.jpg\",\"width\":720,\"height\":540,\"caption\":\"Coffee trailer-night view\"},{\"@type\":\"BreadcrumbList\",\"@id\":\"https:\\\/\\\/www.honlufoodtrailer.com\\\/product\\\/double-decker-food-trailer\\\/#breadcrumb\",\"itemListElement\":[{\"@type\":\"ListItem\",\"position\":1,\"name\":\"Home\",\"item\":\"https:\\\/\\\/www.honlufoodtrailer.com\\\/\"},{\"@type\":\"ListItem\",\"position\":2,\"name\":\"\u4ea7\u54c1\",\"item\":\"https:\\\/\\\/www.honlufoodtrailer.com\\\/shop\\\/\"},{\"@type\":\"ListItem\",\"position\":3,\"name\":\"Double Decker Food Trailer\"}]},{\"@type\":\"WebSite\",\"@id\":\"https:\\\/\\\/www.honlufoodtrailer.com\\\/#website\",\"url\":\"https:\\\/\\\/www.honlufoodtrailer.com\\\/\",\"name\":\"Honlu food trailer\",\"description\":\"\",\"publisher\":{\"@id\":\"https:\\\/\\\/www.honlufoodtrailer.com\\\/#organization\"},\"potentialAction\":[{\"@type\":\"SearchAction\",\"target\":{\"@type\":\"EntryPoint\",\"urlTemplate\":\"https:\\\/\\\/www.honlufoodtrailer.com\\\/?s={search_term_string}\"},\"query-input\":{\"@type\":\"PropertyValueSpecification\",\"valueRequired\":true,\"valueName\":\"search_term_string\"}}],\"inLanguage\":\"pt-PT\"},{\"@type\":\"Organization\",\"@id\":\"https:\\\/\\\/www.honlufoodtrailer.com\\\/#organization\",\"name\":\"Honlu food trailer\",\"url\":\"https:\\\/\\\/www.honlufoodtrailer.com\\\/\",\"logo\":{\"@type\":\"ImageObject\",\"inLanguage\":\"pt-PT\",\"@id\":\"https:\\\/\\\/www.honlufoodtrailer.com\\\/#\\\/schema\\\/logo\\\/image\\\/\",\"url\":\"https:\\\/\\\/www.honlufoodtrailer.com\\\/wp-content\\\/uploads\\\/2021\\\/12\\\/2.gif\",\"contentUrl\":\"https:\\\/\\\/www.honlufoodtrailer.com\\\/wp-content\\\/uploads\\\/2021\\\/12\\\/2.gif\",\"width\":350,\"height\":100,\"caption\":\"Honlu food trailer\"},\"image\":{\"@id\":\"https:\\\/\\\/www.honlufoodtrailer.com\\\/#\\\/schema\\\/logo\\\/image\\\/\"}}]}<\/script>\n<!-- \/ Yoast SEO plugin. -->","yoast_head_json":{"title":"Reboque alimentar de dois andares da f\u00e1brica da China - Honlu Food Trailer","description":"Veja os v\u00e1rios tipos de reboques alimentares de dois andares que personaliz\u00e1mos para clientes dos Estados Unidos. Reino Unido, Canad\u00e1, etc. Obter o seu pre\u00e7o agora!","robots":{"index":"index","follow":"follow","max-snippet":"max-snippet:-1","max-image-preview":"max-image-preview:large","max-video-preview":"max-video-preview:-1"},"canonical":"https:\/\/www.honlufoodtrailer.com\/pt\/product\/double-decker-food-trailer\/","og_locale":"pt_PT","og_type":"article","og_title":"Double Decker Food Trailer from China Factory - Honlu Food Trailer","og_description":"See various types of double decker food trailers we have customized for customers from the United States. UK, Canada etc. Get their price now!","og_url":"https:\/\/www.honlufoodtrailer.com\/pt\/product\/double-decker-food-trailer\/","og_site_name":"Honlu food trailer","article_modified_time":"2024-06-26T08:33:55+00:00","og_image":[{"width":720,"height":540,"url":"https:\/\/www.honlufoodtrailer.com\/wp-content\/uploads\/2022\/01\/Coffee-trailer-night-view.jpg","type":"image\/jpeg"}],"twitter_card":"summary_large_image","twitter_misc":{"Tempo estimado de leitura":"1 minuto"},"schema":{"@context":"https:\/\/schema.org","@graph":[{"@type":"WebPage","@id":"https:\/\/www.honlufoodtrailer.com\/product\/double-decker-food-trailer\/","url":"https:\/\/www.honlufoodtrailer.com\/product\/double-decker-food-trailer\/","name":"Reboque alimentar de dois andares da f\u00e1brica da China - Honlu Food Trailer","isPartOf":{"@id":"https:\/\/www.honlufoodtrailer.com\/#website"},"primaryImageOfPage":{"@id":"https:\/\/www.honlufoodtrailer.com\/product\/double-decker-food-trailer\/#primaryimage"},"image":{"@id":"https:\/\/www.honlufoodtrailer.com\/product\/double-decker-food-trailer\/#primaryimage"},"thumbnailUrl":"https:\/\/www.honlufoodtrailer.com\/wp-content\/uploads\/2022\/01\/Coffee-trailer-night-view.jpg","datePublished":"2022-01-12T08:35:36+00:00","dateModified":"2024-06-26T08:33:55+00:00","description":"Veja os v\u00e1rios tipos de reboques alimentares de dois andares que personaliz\u00e1mos para clientes dos Estados Unidos. Reino Unido, Canad\u00e1, etc. Obter o seu pre\u00e7o agora!","breadcrumb":{"@id":"https:\/\/www.honlufoodtrailer.com\/product\/double-decker-food-trailer\/#breadcrumb"},"inLanguage":"pt-PT","potentialAction":[{"@type":"ReadAction","target":["https:\/\/www.honlufoodtrailer.com\/product\/double-decker-food-trailer\/"]}]},{"@type":"ImageObject","inLanguage":"pt-PT","@id":"https:\/\/www.honlufoodtrailer.com\/product\/double-decker-food-trailer\/#primaryimage","url":"https:\/\/www.honlufoodtrailer.com\/wp-content\/uploads\/2022\/01\/Coffee-trailer-night-view.jpg","contentUrl":"https:\/\/www.honlufoodtrailer.com\/wp-content\/uploads\/2022\/01\/Coffee-trailer-night-view.jpg","width":720,"height":540,"caption":"Coffee trailer-night view"},{"@type":"BreadcrumbList","@id":"https:\/\/www.honlufoodtrailer.com\/product\/double-decker-food-trailer\/#breadcrumb","itemListElement":[{"@type":"ListItem","position":1,"name":"Home","item":"https:\/\/www.honlufoodtrailer.com\/"},{"@type":"ListItem","position":2,"name":"\u4ea7\u54c1","item":"https:\/\/www.honlufoodtrailer.com\/shop\/"},{"@type":"ListItem","position":3,"name":"Double Decker Food Trailer"}]},{"@type":"WebSite","@id":"https:\/\/www.honlufoodtrailer.com\/#website","url":"https:\/\/www.honlufoodtrailer.com\/","name":"Reboque de comida Honlu","description":"","publisher":{"@id":"https:\/\/www.honlufoodtrailer.com\/#organization"},"potentialAction":[{"@type":"SearchAction","target":{"@type":"EntryPoint","urlTemplate":"https:\/\/www.honlufoodtrailer.com\/?s={search_term_string}"},"query-input":{"@type":"PropertyValueSpecification","valueRequired":true,"valueName":"search_term_string"}}],"inLanguage":"pt-PT"},{"@type":"Organization","@id":"https:\/\/www.honlufoodtrailer.com\/#organization","name":"Reboque de comida Honlu","url":"https:\/\/www.honlufoodtrailer.com\/","logo":{"@type":"ImageObject","inLanguage":"pt-PT","@id":"https:\/\/www.honlufoodtrailer.com\/#\/schema\/logo\/image\/","url":"https:\/\/www.honlufoodtrailer.com\/wp-content\/uploads\/2021\/12\/2.gif","contentUrl":"https:\/\/www.honlufoodtrailer.com\/wp-content\/uploads\/2021\/12\/2.gif","width":350,"height":100,"caption":"Honlu food trailer"},"image":{"@id":"https:\/\/www.honlufoodtrailer.com\/#\/schema\/logo\/image\/"}}]}},"_links":{"self":[{"href":"https:\/\/www.honlufoodtrailer.com\/pt\/wp-json\/wp\/v2\/product\/2058","targetHints":{"allow":["GET"]}}],"collection":[{"href":"https:\/\/www.honlufoodtrailer.com\/pt\/wp-json\/wp\/v2\/product"}],"about":[{"href":"https:\/\/www.honlufoodtrailer.com\/pt\/wp-json\/wp\/v2\/types\/product"}],"version-history":[{"count":22,"href":"https:\/\/www.honlufoodtrailer.com\/pt\/wp-json\/wp\/v2\/product\/2058\/revisions"}],"predecessor-version":[{"id":7928,"href":"https:\/\/www.honlufoodtrailer.com\/pt\/wp-json\/wp\/v2\/product\/2058\/revisions\/7928"}],"wp:featuredmedia":[{"embeddable":true,"href":"https:\/\/www.honlufoodtrailer.com\/pt\/wp-json\/wp\/v2\/media\/1779"}],"wp:attachment":[{"href":"https:\/\/www.honlufoodtrailer.com\/pt\/wp-json\/wp\/v2\/media?parent=2058"}],"wp:term":[{"taxonomy":"product_brand","embeddable":true,"href":"https:\/\/www.honlufoodtrailer.com\/pt\/wp-json\/wp\/v2\/product_brand?post=2058"},{"taxonomy":"product_cat","embeddable":true,"href":"https:\/\/www.honlufoodtrailer.com\/pt\/wp-json\/wp\/v2\/product_cat?post=2058"},{"taxonomy":"product_tag","embeddable":true,"href":"https:\/\/www.honlufoodtrailer.com\/pt\/wp-json\/wp\/v2\/product_tag?post=2058"}],"curies":[{"name":"wp","href":"https:\/\/api.w.org\/{rel}","templated":true}]}}