{"id":2578,"date":"2022-02-23T14:59:55","date_gmt":"2022-02-23T06:59:55","guid":{"rendered":"https:\/\/www.honlufoodtrailer.com\/?post_type=product&#038;p=2578"},"modified":"2024-06-04T17:11:54","modified_gmt":"2024-06-04T09:11:54","slug":"arc-style-mini-food-trailer","status":"publish","type":"product","link":"https:\/\/www.honlufoodtrailer.com\/pt\/product\/arc-style-mini-food-trailer\/","title":{"rendered":"Mini-reboque de comida estilo arco"},"content":{"rendered":"<p data-spm-anchor-id=\"a2700.wholesale.0.i28.29e52808agqc7f\">Este \u00e9 um mini trailer de comida em formato de arco. Ele utiliza pl\u00e1stico refor\u00e7ado com fibra de vidro como material principal da superf\u00edcie externa, e a bancada interna \u00e9 feita de a\u00e7o inoxid\u00e1vel. De acordo com as necessidades do cliente, personalizamos adesivos em todas as laterais do trailer e adicionamos janelas deslizantes no lugar das janelas basculantes. O trailer \u00e9 compacto e f\u00e1cil de usar. Com seu tamanho reduzido, \u00e9 f\u00e1cil de transportar. Nosso cliente pode levar o trailer de comida para onde quiser e desenvolver seu neg\u00f3cio. Agora, vamos ver algumas fotos deste trailer de comida.<\/p>\n<p><img fetchpriority=\"high\" decoding=\"async\" class=\"size-full wp-image-2614 aligncenter\" src=\"https:\/\/www.honlufoodtrailer.com\/wp-content\/uploads\/2022\/01\/Arc-style-mini-food-trailer-4.jpg\" alt=\"Mini trailer de comida em formato de arco (4)\" width=\"720\" height=\"540\" srcset=\"https:\/\/www.honlufoodtrailer.com\/wp-content\/uploads\/2022\/01\/Arc-style-mini-food-trailer-4.jpg 720w, https:\/\/www.honlufoodtrailer.com\/wp-content\/uploads\/2022\/01\/Arc-style-mini-food-trailer-4-300x225.jpg 300w\" sizes=\"(max-width: 720px) 100vw, 720px\" \/><\/p>\n<p><img decoding=\"async\" class=\"size-full wp-image-2616 aligncenter\" src=\"https:\/\/www.honlufoodtrailer.com\/wp-content\/uploads\/2022\/01\/Arc-style-mini-food-trailer-6.jpg\" alt=\"Mini trailer de comida em formato de arco (6)\" width=\"720\" height=\"540\" srcset=\"https:\/\/www.honlufoodtrailer.com\/wp-content\/uploads\/2022\/01\/Arc-style-mini-food-trailer-6.jpg 720w, https:\/\/www.honlufoodtrailer.com\/wp-content\/uploads\/2022\/01\/Arc-style-mini-food-trailer-6-300x225.jpg 300w\" sizes=\"(max-width: 720px) 100vw, 720px\" \/><\/p>\n<p>Como podemos ver, este trailer de comida tem uma apar\u00eancia bonita. Os usu\u00e1rios tamb\u00e9m podem escolher a cor e o design que preferirem. A seguir, vamos ver os detalhes internos deste trailer de comida em formato de arco.<\/p>\n<h3>Detalhes internos deste trailer de comida em formato de arco<\/h3>\n<p>Conforme solicitado pelo cliente, equipamos este trailer de comida em formato de arco com pias, bancada de trabalho, ar condicionado, etc. Nosso cliente adicionar\u00e1 outros equipamentos de cozinha que precisar ap\u00f3s receber o trailer.<br \/>\n<img decoding=\"async\" class=\"aligncenter size-full wp-image-7740\" src=\"https:\/\/www.honlufoodtrailer.com\/wp-content\/uploads\/2022\/02\/Arc-style-mini-food-trailer-inner-details-1.jpg\" alt=\"Detalhes internos do mini trailer de comida em formato de arco\" width=\"800\" height=\"800\" srcset=\"https:\/\/www.honlufoodtrailer.com\/wp-content\/uploads\/2022\/02\/Arc-style-mini-food-trailer-inner-details-1.jpg 800w, https:\/\/www.honlufoodtrailer.com\/wp-content\/uploads\/2022\/02\/Arc-style-mini-food-trailer-inner-details-1-768x768.jpg 768w, https:\/\/www.honlufoodtrailer.com\/wp-content\/uploads\/2022\/02\/Arc-style-mini-food-trailer-inner-details-1-360x360.jpg 360w, https:\/\/www.honlufoodtrailer.com\/wp-content\/uploads\/2022\/02\/Arc-style-mini-food-trailer-inner-details-1-300x300.jpg 300w, https:\/\/www.honlufoodtrailer.com\/wp-content\/uploads\/2022\/02\/Arc-style-mini-food-trailer-inner-details-1-720x720.jpg 720w, https:\/\/www.honlufoodtrailer.com\/wp-content\/uploads\/2022\/02\/Arc-style-mini-food-trailer-inner-details-1-100x100.jpg 100w\" sizes=\"(max-width: 800px) 100vw, 800px\" \/><\/p>\n<h3>Mais detalhes sobre este trailer de comida em formato de arco.<\/h3>\n<p><img loading=\"lazy\" decoding=\"async\" class=\"aligncenter size-full wp-image-7739\" src=\"https:\/\/www.honlufoodtrailer.com\/wp-content\/uploads\/2022\/02\/Arc-style-mini-food-trailer-more-details-1.jpg\" alt=\"Mini trailer de comida em formato de arco - mais detalhes\" width=\"800\" height=\"533\" srcset=\"https:\/\/www.honlufoodtrailer.com\/wp-content\/uploads\/2022\/02\/Arc-style-mini-food-trailer-more-details-1.jpg 800w, https:\/\/www.honlufoodtrailer.com\/wp-content\/uploads\/2022\/02\/Arc-style-mini-food-trailer-more-details-1-768x512.jpg 768w, https:\/\/www.honlufoodtrailer.com\/wp-content\/uploads\/2022\/02\/Arc-style-mini-food-trailer-more-details-1-480x320.jpg 480w, https:\/\/www.honlufoodtrailer.com\/wp-content\/uploads\/2022\/02\/Arc-style-mini-food-trailer-more-details-1-300x200.jpg 300w, https:\/\/www.honlufoodtrailer.com\/wp-content\/uploads\/2022\/02\/Arc-style-mini-food-trailer-more-details-1-720x480.jpg 720w\" sizes=\"(max-width: 800px) 100vw, 800px\" \/><\/p>\n<h4 data-spm-anchor-id=\"a2700.wholesale.0.i28.29e52808agqc7f\">Janela deslizante personalizada<\/h4>\n<p><img loading=\"lazy\" decoding=\"async\" class=\"wp-image-2617 size-full\" src=\"https:\/\/www.honlufoodtrailer.com\/wp-content\/uploads\/2022\/01\/Arc-style-mini-food-trailer-7.jpg\" alt=\"Mini trailer de comida em formato de arco (7)\" width=\"720\" height=\"540\" srcset=\"https:\/\/www.honlufoodtrailer.com\/wp-content\/uploads\/2022\/01\/Arc-style-mini-food-trailer-7.jpg 720w, https:\/\/www.honlufoodtrailer.com\/wp-content\/uploads\/2022\/01\/Arc-style-mini-food-trailer-7-300x225.jpg 300w\" sizes=\"(max-width: 720px) 100vw, 720px\" \/><\/p>\n<p data-spm-anchor-id=\"a2700.wholesale.0.i28.29e52808agqc7f\">Nos Estados Unidos, segundo o Departamento de Sa\u00fade, as janelas deslizantes tornaram-se uma necessidade em alguns trailers de comida. Elas impedem a entrada de poeira e mant\u00eam a temperatura. Al\u00e9m disso, proporcionam uma experi\u00eancia melhor ao usar o ar-condicionado.<\/p>\n<h3 class=\"magic-6\" data-spm-anchor-id=\"a2700.wholesale.0.i28.29e52808agqc7f\">Principais carater\u00edsticas do atrelado alimentar m\u00f3vel<\/h3>\n<div class=\"magic-7\">\n<div class=\"magic-8\">\n<div class=\"magic-9\" data-id=\"paragraph0\">\n<ol>\n<li>Apar\u00eancia moderna, adesivos personalizados que chamam a aten\u00e7\u00e3o;<\/li>\n<li>Material em fibra de vidro, mais leve e mais resistente, com vantagens de resist\u00eancia \u00e0 corros\u00e3o, isolamento, preserva\u00e7\u00e3o do calor, isolamento ac\u00fastico, etc;<\/li>\n<li>Este carrinho de comida m\u00f3vel est\u00e1 equipado com acess\u00f3rios modernos e avan\u00e7ados;<\/li>\n<li>Pr\u00e1tico e f\u00e1cil de deslocar;<\/li>\n<li>Janelas de correr personalizadas de acordo com as necessidades do cliente;<\/li>\n<li>Temos todo o gosto em modific\u00e1-lo de acordo com as suas necessidades.<\/li>\n<\/ol>\n<h3>Fornecemos gratuitamente desenhos de plantas baixas 2D\/3D<\/h3>\n<p>Para clientes que encomendaram nosso food truck, oferecemos gratuitamente o servi\u00e7o de desenho 2D\/3D. Ap\u00f3s a confirma\u00e7\u00e3o das dimens\u00f5es do food truck e dos equipamentos internos da cozinha, podemos fornecer desenhos 3D sem custo adicional. Isso lhe dar\u00e1 uma ideia mais clara do seu projeto e do seu food truck. Ao confirmar a localiza\u00e7\u00e3o dos equipamentos da cozinha, podemos nos comunicar claramente com voc\u00ea por meio da planta baixa. Tamb\u00e9m podemos fornecer os documentos originais para facilitar o seu projeto e permitir ajustes.<\/p>\n<p><img loading=\"lazy\" decoding=\"async\" class=\"wp-image-2623 size-full\" src=\"https:\/\/www.honlufoodtrailer.com\/wp-content\/uploads\/2022\/01\/Free-2D-3D-floor-plan-drawing.jpg\" alt=\"Desenho de planta baixa 2D\/3D gratuito\" width=\"800\" height=\"400\" srcset=\"https:\/\/www.honlufoodtrailer.com\/wp-content\/uploads\/2022\/01\/Free-2D-3D-floor-plan-drawing.jpg 800w, https:\/\/www.honlufoodtrailer.com\/wp-content\/uploads\/2022\/01\/Free-2D-3D-floor-plan-drawing-300x150.jpg 300w, https:\/\/www.honlufoodtrailer.com\/wp-content\/uploads\/2022\/01\/Free-2D-3D-floor-plan-drawing-720x360.jpg 720w, https:\/\/www.honlufoodtrailer.com\/wp-content\/uploads\/2022\/01\/Free-2D-3D-floor-plan-drawing-768x384.jpg 768w\" sizes=\"(max-width: 800px) 100vw, 800px\" \/><\/p>\n<\/div>\n<\/div>\n<\/div>","protected":false},"excerpt":{"rendered":"<p>Este \u00e9 um mini trailer de comida em formato de arco. De acordo com as necessidades do cliente, personalizamos adesivos em todos os lados do trailer e adicionamos janelas deslizantes no lugar das janelas basculantes. \u00c9 uma \u00f3tima op\u00e7\u00e3o para quem quer come\u00e7ar um pequeno neg\u00f3cio de trailer de comida.<\/p>","protected":false},"featured_media":2610,"template":"","meta":{"_themeisle_gutenberg_block_has_review":false},"product_brand":[],"product_cat":[26],"product_tag":[43,33,44,38],"class_list":{"0":"post-2578","1":"product","2":"type-product","3":"status-publish","4":"has-post-thumbnail","6":"product_cat-product","7":"product_tag-arc-style-trailer","8":"product_tag-customized-trailer","9":"product_tag-mini-food-trailer","10":"product_tag-mobile-food-trailer","12":"first","13":"instock","14":"shipping-taxable","15":"product-type-simple"},"yoast_head":"<!-- This site is optimized with the Yoast SEO plugin v27.4 - https:\/\/yoast.com\/product\/yoast-seo-wordpress\/ -->\n<title>Arc style mini food trailer - Honlu food trailer<\/title>\n<meta name=\"description\" content=\"This is a mini arc-style food trailer. According to customer needs, we have customized stickers on all sides of this trailer and added sliding windows on the basis of the pull-up windows. It is the preferred model for starting fast-food businesses.\" \/>\n<meta name=\"robots\" content=\"index, follow, max-snippet:-1, max-image-preview:large, max-video-preview:-1\" \/>\n<link rel=\"canonical\" href=\"https:\/\/www.honlufoodtrailer.com\/pt\/product\/arc-style-mini-food-trailer\/\" \/>\n<meta property=\"og:locale\" content=\"pt_PT\" \/>\n<meta property=\"og:type\" content=\"article\" \/>\n<meta property=\"og:title\" content=\"Arc style mini food trailer - Honlu food trailer\" \/>\n<meta property=\"og:description\" content=\"This is a mini arc-style food trailer. According to customer needs, we have customized stickers on all sides of this trailer and added sliding windows on the basis of the pull-up windows. It is the preferred model for starting fast-food businesses.\" \/>\n<meta property=\"og:url\" content=\"https:\/\/www.honlufoodtrailer.com\/pt\/product\/arc-style-mini-food-trailer\/\" \/>\n<meta property=\"og:site_name\" content=\"Honlu food trailer\" \/>\n<meta property=\"article:modified_time\" content=\"2024-06-04T09:11:54+00:00\" \/>\n<meta property=\"og:image\" content=\"https:\/\/www.honlufoodtrailer.com\/wp-content\/uploads\/2022\/01\/Arc-style-mini-food-trailer.jpg\" \/>\n\t<meta property=\"og:image:width\" content=\"720\" \/>\n\t<meta property=\"og:image:height\" content=\"540\" \/>\n\t<meta property=\"og:image:type\" content=\"image\/jpeg\" \/>\n<meta name=\"twitter:card\" content=\"summary_large_image\" \/>\n<meta name=\"twitter:label1\" content=\"Tempo estimado de leitura\" \/>\n\t<meta name=\"twitter:data1\" content=\"2 minutos\" \/>\n<script type=\"application\/ld+json\" class=\"yoast-schema-graph\">{\"@context\":\"https:\\\/\\\/schema.org\",\"@graph\":[{\"@type\":\"WebPage\",\"@id\":\"https:\\\/\\\/www.honlufoodtrailer.com\\\/product\\\/arc-style-mini-food-trailer\\\/\",\"url\":\"https:\\\/\\\/www.honlufoodtrailer.com\\\/product\\\/arc-style-mini-food-trailer\\\/\",\"name\":\"Arc style mini food trailer - Honlu food trailer\",\"isPartOf\":{\"@id\":\"https:\\\/\\\/www.honlufoodtrailer.com\\\/#website\"},\"primaryImageOfPage\":{\"@id\":\"https:\\\/\\\/www.honlufoodtrailer.com\\\/product\\\/arc-style-mini-food-trailer\\\/#primaryimage\"},\"image\":{\"@id\":\"https:\\\/\\\/www.honlufoodtrailer.com\\\/product\\\/arc-style-mini-food-trailer\\\/#primaryimage\"},\"thumbnailUrl\":\"https:\\\/\\\/www.honlufoodtrailer.com\\\/wp-content\\\/uploads\\\/2022\\\/01\\\/Arc-style-mini-food-trailer.jpg\",\"datePublished\":\"2022-02-23T06:59:55+00:00\",\"dateModified\":\"2024-06-04T09:11:54+00:00\",\"description\":\"This is a mini arc-style food trailer. According to customer needs, we have customized stickers on all sides of this trailer and added sliding windows on the basis of the pull-up windows. It is the preferred model for starting fast-food businesses.\",\"breadcrumb\":{\"@id\":\"https:\\\/\\\/www.honlufoodtrailer.com\\\/product\\\/arc-style-mini-food-trailer\\\/#breadcrumb\"},\"inLanguage\":\"pt-PT\",\"potentialAction\":[{\"@type\":\"ReadAction\",\"target\":[\"https:\\\/\\\/www.honlufoodtrailer.com\\\/product\\\/arc-style-mini-food-trailer\\\/\"]}]},{\"@type\":\"ImageObject\",\"inLanguage\":\"pt-PT\",\"@id\":\"https:\\\/\\\/www.honlufoodtrailer.com\\\/product\\\/arc-style-mini-food-trailer\\\/#primaryimage\",\"url\":\"https:\\\/\\\/www.honlufoodtrailer.com\\\/wp-content\\\/uploads\\\/2022\\\/01\\\/Arc-style-mini-food-trailer.jpg\",\"contentUrl\":\"https:\\\/\\\/www.honlufoodtrailer.com\\\/wp-content\\\/uploads\\\/2022\\\/01\\\/Arc-style-mini-food-trailer.jpg\",\"width\":720,\"height\":540,\"caption\":\"Arc style mini food trailer\"},{\"@type\":\"BreadcrumbList\",\"@id\":\"https:\\\/\\\/www.honlufoodtrailer.com\\\/product\\\/arc-style-mini-food-trailer\\\/#breadcrumb\",\"itemListElement\":[{\"@type\":\"ListItem\",\"position\":1,\"name\":\"Home\",\"item\":\"https:\\\/\\\/www.honlufoodtrailer.com\\\/\"},{\"@type\":\"ListItem\",\"position\":2,\"name\":\"\u4ea7\u54c1\",\"item\":\"https:\\\/\\\/www.honlufoodtrailer.com\\\/shop\\\/\"},{\"@type\":\"ListItem\",\"position\":3,\"name\":\"Arc style mini food trailer\"}]},{\"@type\":\"WebSite\",\"@id\":\"https:\\\/\\\/www.honlufoodtrailer.com\\\/#website\",\"url\":\"https:\\\/\\\/www.honlufoodtrailer.com\\\/\",\"name\":\"Honlu food trailer\",\"description\":\"\",\"publisher\":{\"@id\":\"https:\\\/\\\/www.honlufoodtrailer.com\\\/#organization\"},\"potentialAction\":[{\"@type\":\"SearchAction\",\"target\":{\"@type\":\"EntryPoint\",\"urlTemplate\":\"https:\\\/\\\/www.honlufoodtrailer.com\\\/?s={search_term_string}\"},\"query-input\":{\"@type\":\"PropertyValueSpecification\",\"valueRequired\":true,\"valueName\":\"search_term_string\"}}],\"inLanguage\":\"pt-PT\"},{\"@type\":\"Organization\",\"@id\":\"https:\\\/\\\/www.honlufoodtrailer.com\\\/#organization\",\"name\":\"Honlu food trailer\",\"url\":\"https:\\\/\\\/www.honlufoodtrailer.com\\\/\",\"logo\":{\"@type\":\"ImageObject\",\"inLanguage\":\"pt-PT\",\"@id\":\"https:\\\/\\\/www.honlufoodtrailer.com\\\/#\\\/schema\\\/logo\\\/image\\\/\",\"url\":\"https:\\\/\\\/www.honlufoodtrailer.com\\\/wp-content\\\/uploads\\\/2021\\\/12\\\/2.gif\",\"contentUrl\":\"https:\\\/\\\/www.honlufoodtrailer.com\\\/wp-content\\\/uploads\\\/2021\\\/12\\\/2.gif\",\"width\":350,\"height\":100,\"caption\":\"Honlu food trailer\"},\"image\":{\"@id\":\"https:\\\/\\\/www.honlufoodtrailer.com\\\/#\\\/schema\\\/logo\\\/image\\\/\"}}]}<\/script>\n<!-- \/ Yoast SEO plugin. -->","yoast_head_json":{"title":"Mini trailer de comida em formato de arco - trailer de comida Honlu","description":"Este \u00e9 um mini trailer de comida em formato de arco. De acordo com as necessidades do cliente, personalizamos adesivos em todos os lados do trailer e adicionamos janelas deslizantes no lugar das janelas basculantes. \u00c9 o modelo ideal para quem est\u00e1 come\u00e7ando um neg\u00f3cio de fast-food.","robots":{"index":"index","follow":"follow","max-snippet":"max-snippet:-1","max-image-preview":"max-image-preview:large","max-video-preview":"max-video-preview:-1"},"canonical":"https:\/\/www.honlufoodtrailer.com\/pt\/product\/arc-style-mini-food-trailer\/","og_locale":"pt_PT","og_type":"article","og_title":"Arc style mini food trailer - Honlu food trailer","og_description":"This is a mini arc-style food trailer. According to customer needs, we have customized stickers on all sides of this trailer and added sliding windows on the basis of the pull-up windows. It is the preferred model for starting fast-food businesses.","og_url":"https:\/\/www.honlufoodtrailer.com\/pt\/product\/arc-style-mini-food-trailer\/","og_site_name":"Honlu food trailer","article_modified_time":"2024-06-04T09:11:54+00:00","og_image":[{"width":720,"height":540,"url":"https:\/\/www.honlufoodtrailer.com\/wp-content\/uploads\/2022\/01\/Arc-style-mini-food-trailer.jpg","type":"image\/jpeg"}],"twitter_card":"summary_large_image","twitter_misc":{"Tempo estimado de leitura":"2 minutos"},"schema":{"@context":"https:\/\/schema.org","@graph":[{"@type":"WebPage","@id":"https:\/\/www.honlufoodtrailer.com\/product\/arc-style-mini-food-trailer\/","url":"https:\/\/www.honlufoodtrailer.com\/product\/arc-style-mini-food-trailer\/","name":"Mini trailer de comida em formato de arco - trailer de comida Honlu","isPartOf":{"@id":"https:\/\/www.honlufoodtrailer.com\/#website"},"primaryImageOfPage":{"@id":"https:\/\/www.honlufoodtrailer.com\/product\/arc-style-mini-food-trailer\/#primaryimage"},"image":{"@id":"https:\/\/www.honlufoodtrailer.com\/product\/arc-style-mini-food-trailer\/#primaryimage"},"thumbnailUrl":"https:\/\/www.honlufoodtrailer.com\/wp-content\/uploads\/2022\/01\/Arc-style-mini-food-trailer.jpg","datePublished":"2022-02-23T06:59:55+00:00","dateModified":"2024-06-04T09:11:54+00:00","description":"Este \u00e9 um mini trailer de comida em formato de arco. De acordo com as necessidades do cliente, personalizamos adesivos em todos os lados do trailer e adicionamos janelas deslizantes no lugar das janelas basculantes. \u00c9 o modelo ideal para quem est\u00e1 come\u00e7ando um neg\u00f3cio de fast-food.","breadcrumb":{"@id":"https:\/\/www.honlufoodtrailer.com\/product\/arc-style-mini-food-trailer\/#breadcrumb"},"inLanguage":"pt-PT","potentialAction":[{"@type":"ReadAction","target":["https:\/\/www.honlufoodtrailer.com\/product\/arc-style-mini-food-trailer\/"]}]},{"@type":"ImageObject","inLanguage":"pt-PT","@id":"https:\/\/www.honlufoodtrailer.com\/product\/arc-style-mini-food-trailer\/#primaryimage","url":"https:\/\/www.honlufoodtrailer.com\/wp-content\/uploads\/2022\/01\/Arc-style-mini-food-trailer.jpg","contentUrl":"https:\/\/www.honlufoodtrailer.com\/wp-content\/uploads\/2022\/01\/Arc-style-mini-food-trailer.jpg","width":720,"height":540,"caption":"Arc style mini food trailer"},{"@type":"BreadcrumbList","@id":"https:\/\/www.honlufoodtrailer.com\/product\/arc-style-mini-food-trailer\/#breadcrumb","itemListElement":[{"@type":"ListItem","position":1,"name":"Home","item":"https:\/\/www.honlufoodtrailer.com\/"},{"@type":"ListItem","position":2,"name":"\u4ea7\u54c1","item":"https:\/\/www.honlufoodtrailer.com\/shop\/"},{"@type":"ListItem","position":3,"name":"Arc style mini food trailer"}]},{"@type":"WebSite","@id":"https:\/\/www.honlufoodtrailer.com\/#website","url":"https:\/\/www.honlufoodtrailer.com\/","name":"Reboque de comida Honlu","description":"","publisher":{"@id":"https:\/\/www.honlufoodtrailer.com\/#organization"},"potentialAction":[{"@type":"SearchAction","target":{"@type":"EntryPoint","urlTemplate":"https:\/\/www.honlufoodtrailer.com\/?s={search_term_string}"},"query-input":{"@type":"PropertyValueSpecification","valueRequired":true,"valueName":"search_term_string"}}],"inLanguage":"pt-PT"},{"@type":"Organization","@id":"https:\/\/www.honlufoodtrailer.com\/#organization","name":"Reboque de comida Honlu","url":"https:\/\/www.honlufoodtrailer.com\/","logo":{"@type":"ImageObject","inLanguage":"pt-PT","@id":"https:\/\/www.honlufoodtrailer.com\/#\/schema\/logo\/image\/","url":"https:\/\/www.honlufoodtrailer.com\/wp-content\/uploads\/2021\/12\/2.gif","contentUrl":"https:\/\/www.honlufoodtrailer.com\/wp-content\/uploads\/2021\/12\/2.gif","width":350,"height":100,"caption":"Honlu food trailer"},"image":{"@id":"https:\/\/www.honlufoodtrailer.com\/#\/schema\/logo\/image\/"}}]}},"_links":{"self":[{"href":"https:\/\/www.honlufoodtrailer.com\/pt\/wp-json\/wp\/v2\/product\/2578","targetHints":{"allow":["GET"]}}],"collection":[{"href":"https:\/\/www.honlufoodtrailer.com\/pt\/wp-json\/wp\/v2\/product"}],"about":[{"href":"https:\/\/www.honlufoodtrailer.com\/pt\/wp-json\/wp\/v2\/types\/product"}],"version-history":[{"count":6,"href":"https:\/\/www.honlufoodtrailer.com\/pt\/wp-json\/wp\/v2\/product\/2578\/revisions"}],"predecessor-version":[{"id":7783,"href":"https:\/\/www.honlufoodtrailer.com\/pt\/wp-json\/wp\/v2\/product\/2578\/revisions\/7783"}],"wp:featuredmedia":[{"embeddable":true,"href":"https:\/\/www.honlufoodtrailer.com\/pt\/wp-json\/wp\/v2\/media\/2610"}],"wp:attachment":[{"href":"https:\/\/www.honlufoodtrailer.com\/pt\/wp-json\/wp\/v2\/media?parent=2578"}],"wp:term":[{"taxonomy":"product_brand","embeddable":true,"href":"https:\/\/www.honlufoodtrailer.com\/pt\/wp-json\/wp\/v2\/product_brand?post=2578"},{"taxonomy":"product_cat","embeddable":true,"href":"https:\/\/www.honlufoodtrailer.com\/pt\/wp-json\/wp\/v2\/product_cat?post=2578"},{"taxonomy":"product_tag","embeddable":true,"href":"https:\/\/www.honlufoodtrailer.com\/pt\/wp-json\/wp\/v2\/product_tag?post=2578"}],"curies":[{"name":"wp","href":"https:\/\/api.w.org\/{rel}","templated":true}]}}