{"id":2678,"date":"2022-02-23T15:05:59","date_gmt":"2022-02-23T07:05:59","guid":{"rendered":"https:\/\/www.honlufoodtrailer.com\/?post_type=product&#038;p=2678"},"modified":"2024-02-17T11:41:31","modified_gmt":"2024-02-17T03:41:31","slug":"customized-small-arc-food-carts","status":"publish","type":"product","link":"https:\/\/www.honlufoodtrailer.com\/pt\/product\/customized-small-arc-food-carts\/","title":{"rendered":"Carrinhos de comida em arco pequenos personalizados"},"content":{"rendered":"<p data-spm-anchor-id=\"a2700.wholesale.0.i28.29e52808agqc7f\">Estes s\u00e3o quatro pequenos carrinhos de comida em arco personalizados pelos nossos clientes dos Estados Unidos. Este cliente comprou-nos uma vez um reboque alimentar quadrado personalizado. Ele ficou muito satisfeito com o nosso servi\u00e7o e a qualidade dos nossos produtos. A fim de expandir o seu neg\u00f3cio no mercado local, ele decidiu comprar mais quatro pequenos carrinhos de comida estilo arco para expandir o \u00e2mbito do neg\u00f3cio.<\/p>\n<p data-spm-anchor-id=\"a2700.wholesale.0.i28.29e52808agqc7f\">Os quatro carrinhos de comida em formato de arco s\u00e3o do mesmo estilo, equipados com uma janela lateral e a janela de atendimento frontal \u00e9 do tipo basculante. Todos os quatro carrinhos possuem cobertura. O interior dos carrinhos de comida conta com bancadas de a\u00e7o inoxid\u00e1vel, fog\u00f5es a g\u00e1s, tr\u00eas fritadeiras, coifas duplas, etc. Para atender \u00e0s necessidades dos clientes, convertemos as tr\u00eas pias originais em duas para obter uma superf\u00edcie de trabalho maior e fizemos o arm\u00e1rio inferior com estrutura aberta para facilitar o armazenamento de itens.<\/p>\n<p>O reboque \u00e9 compacto e f\u00e1cil de utilizar. \u00c9 o modelo preferido para iniciar neg\u00f3cios de comida r\u00e1pida, encomendas de compras a granel em centros comerciais, gest\u00e3o unificada de comida r\u00e1pida de rua e piqueniques familiares. Tamb\u00e9m pode ser aplicado para vender qualquer coisa, desde cachorros-quentes, opera\u00e7\u00f5es de retalho, opera\u00e7\u00f5es de flores, sandu\u00edches, caf\u00e9, gelados, etc. Temos certifica\u00e7\u00e3o CE para o ajudar a iniciar um neg\u00f3cio m\u00f3vel.<\/p>\n<h3 class=\"magic-6\" data-spm-anchor-id=\"a2700.wholesale.0.i28.29e52808agqc7f\">Principais caracter\u00edsticas do pequeno trailer de comida em arco<\/h3>\n<div class=\"magic-7\">\n<div class=\"magic-8\">\n<div class=\"magic-9\" data-id=\"paragraph0\">\n<ol>\n<li>A apar\u00eancia elegante pode ser personalizada;<\/li>\n<li>Corpo e estrutura interna do reboque em a\u00e7o inoxid\u00e1vel, boa resist\u00eancia ao calor, resist\u00eancia ao desgaste, resist\u00eancia \u00e0 corros\u00e3o;<\/li>\n<li>Acess\u00f3rios modernos e avan\u00e7ados equipados no reboque alimentar m\u00f3vel;<\/li>\n<li>Leve e f\u00e1cil de transportar;<\/li>\n<li>Temos todo o gosto em modific\u00e1-lo de acordo com as suas necessidades.<\/li>\n<\/ol>\n<h3>Desenho de planta baixa 2D\/3D gratuito<\/h3>\n<p>Depois de confirmarmos as dimens\u00f5es do atrelado de alimentos e o equipamento interno da cozinha, podemos fornecer-lhe desenhos 3D gratuitamente. Isto dar-lhe-\u00e1 uma ideia mais clara do seu design e do seu carrinho de alimentos. Ao confirmar a localiza\u00e7\u00e3o do equipamento de cozinha, podemos comunicar claramente consigo atrav\u00e9s da planta baixa. Tamb\u00e9m podemos fornecer-lhe documentos originais para facilitar o seu projeto e fazer ajustes.<\/p>\n<\/div>\n<\/div>\n<\/div>","protected":false},"excerpt":{"rendered":"<p data-spm-anchor-id=\"a2700.wholesale.0.i28.29e52808agqc7f\">Os quatro carrinhos de comida em formato de arco seguem o mesmo estilo, possuem janela lateral e a janela frontal de atendimento \u00e9 do tipo basculante. Para atender \u00e0s necessidades dos clientes, reduzimos as tr\u00eas pias originais para duas, a fim de obter uma superf\u00edcie de trabalho maior, e criamos um arm\u00e1rio inferior com estrutura aberta para facilitar o armazenamento de itens.<\/p>\n<p>&nbsp;<\/p>","protected":false},"featured_media":2687,"template":"","meta":{"_themeisle_gutenberg_block_has_review":false},"product_brand":[],"product_cat":[26],"product_tag":[43,33,41,45,38],"class_list":{"0":"post-2678","1":"product","2":"type-product","3":"status-publish","4":"has-post-thumbnail","6":"product_cat-product","7":"product_tag-arc-style-trailer","8":"product_tag-customized-trailer","9":"product_tag-galvanized-trailer","10":"product_tag-large-food-trailer","11":"product_tag-mobile-food-trailer","13":"first","14":"instock","15":"shipping-taxable","16":"product-type-simple"},"yoast_head":"<!-- This site is optimized with the Yoast SEO plugin v27.4 - https:\/\/yoast.com\/product\/yoast-seo-wordpress\/ -->\n<title>Customized small arc food carts - Honlu food trailer<\/title>\n<meta name=\"description\" content=\"The four arc-style food carts are of the same style, they are equipped with a side window, and the front service window is designed with a lift-up type. The interior of the food carts is equipped with stainless steel countertops, gas stoves, three fryers, side-by-side range hoods, etc. In order to meet the needs of customers, we converted the original three sinks into two sinks to obtain a larger work surface and made the cabinet below an open structure for easy storage of items.\" \/>\n<meta name=\"robots\" content=\"index, follow, max-snippet:-1, max-image-preview:large, max-video-preview:-1\" \/>\n<link rel=\"canonical\" href=\"https:\/\/www.honlufoodtrailer.com\/pt\/product\/customized-small-arc-food-carts\/\" \/>\n<meta property=\"og:locale\" content=\"pt_PT\" \/>\n<meta property=\"og:type\" content=\"article\" \/>\n<meta property=\"og:title\" content=\"Customized small arc food carts - Honlu food trailer\" \/>\n<meta property=\"og:description\" content=\"The four arc-style food carts are of the same style, they are equipped with a side window, and the front service window is designed with a lift-up type. The interior of the food carts is equipped with stainless steel countertops, gas stoves, three fryers, side-by-side range hoods, etc. In order to meet the needs of customers, we converted the original three sinks into two sinks to obtain a larger work surface and made the cabinet below an open structure for easy storage of items.\" \/>\n<meta property=\"og:url\" content=\"https:\/\/www.honlufoodtrailer.com\/pt\/product\/customized-small-arc-food-carts\/\" \/>\n<meta property=\"og:site_name\" content=\"Honlu food trailer\" \/>\n<meta property=\"article:modified_time\" content=\"2024-02-17T03:41:31+00:00\" \/>\n<meta property=\"og:image\" content=\"https:\/\/www.honlufoodtrailer.com\/wp-content\/uploads\/2022\/02\/Customized-small-arc-food-carts-21-8138-1.jpg\" \/>\n\t<meta property=\"og:image:width\" content=\"720\" \/>\n\t<meta property=\"og:image:height\" content=\"540\" \/>\n\t<meta property=\"og:image:type\" content=\"image\/jpeg\" \/>\n<meta name=\"twitter:card\" content=\"summary_large_image\" \/>\n<meta name=\"twitter:label1\" content=\"Tempo estimado de leitura\" \/>\n\t<meta name=\"twitter:data1\" content=\"2 minutos\" \/>\n<script type=\"application\/ld+json\" class=\"yoast-schema-graph\">{\"@context\":\"https:\\\/\\\/schema.org\",\"@graph\":[{\"@type\":\"WebPage\",\"@id\":\"https:\\\/\\\/www.honlufoodtrailer.com\\\/product\\\/customized-small-arc-food-carts\\\/\",\"url\":\"https:\\\/\\\/www.honlufoodtrailer.com\\\/product\\\/customized-small-arc-food-carts\\\/\",\"name\":\"Customized small arc food carts - Honlu food trailer\",\"isPartOf\":{\"@id\":\"https:\\\/\\\/www.honlufoodtrailer.com\\\/#website\"},\"primaryImageOfPage\":{\"@id\":\"https:\\\/\\\/www.honlufoodtrailer.com\\\/product\\\/customized-small-arc-food-carts\\\/#primaryimage\"},\"image\":{\"@id\":\"https:\\\/\\\/www.honlufoodtrailer.com\\\/product\\\/customized-small-arc-food-carts\\\/#primaryimage\"},\"thumbnailUrl\":\"https:\\\/\\\/www.honlufoodtrailer.com\\\/wp-content\\\/uploads\\\/2022\\\/02\\\/Customized-small-arc-food-carts-21-8138-1.jpg\",\"datePublished\":\"2022-02-23T07:05:59+00:00\",\"dateModified\":\"2024-02-17T03:41:31+00:00\",\"description\":\"The four arc-style food carts are of the same style, they are equipped with a side window, and the front service window is designed with a lift-up type. The interior of the food carts is equipped with stainless steel countertops, gas stoves, three fryers, side-by-side range hoods, etc. In order to meet the needs of customers, we converted the original three sinks into two sinks to obtain a larger work surface and made the cabinet below an open structure for easy storage of items.\",\"breadcrumb\":{\"@id\":\"https:\\\/\\\/www.honlufoodtrailer.com\\\/product\\\/customized-small-arc-food-carts\\\/#breadcrumb\"},\"inLanguage\":\"pt-PT\",\"potentialAction\":[{\"@type\":\"ReadAction\",\"target\":[\"https:\\\/\\\/www.honlufoodtrailer.com\\\/product\\\/customized-small-arc-food-carts\\\/\"]}]},{\"@type\":\"ImageObject\",\"inLanguage\":\"pt-PT\",\"@id\":\"https:\\\/\\\/www.honlufoodtrailer.com\\\/product\\\/customized-small-arc-food-carts\\\/#primaryimage\",\"url\":\"https:\\\/\\\/www.honlufoodtrailer.com\\\/wp-content\\\/uploads\\\/2022\\\/02\\\/Customized-small-arc-food-carts-21-8138-1.jpg\",\"contentUrl\":\"https:\\\/\\\/www.honlufoodtrailer.com\\\/wp-content\\\/uploads\\\/2022\\\/02\\\/Customized-small-arc-food-carts-21-8138-1.jpg\",\"width\":720,\"height\":540,\"caption\":\"Customized small arc food carts-21-8138 (1)\"},{\"@type\":\"BreadcrumbList\",\"@id\":\"https:\\\/\\\/www.honlufoodtrailer.com\\\/product\\\/customized-small-arc-food-carts\\\/#breadcrumb\",\"itemListElement\":[{\"@type\":\"ListItem\",\"position\":1,\"name\":\"Home\",\"item\":\"https:\\\/\\\/www.honlufoodtrailer.com\\\/\"},{\"@type\":\"ListItem\",\"position\":2,\"name\":\"\u4ea7\u54c1\",\"item\":\"https:\\\/\\\/www.honlufoodtrailer.com\\\/shop\\\/\"},{\"@type\":\"ListItem\",\"position\":3,\"name\":\"Customized small arc food carts\"}]},{\"@type\":\"WebSite\",\"@id\":\"https:\\\/\\\/www.honlufoodtrailer.com\\\/#website\",\"url\":\"https:\\\/\\\/www.honlufoodtrailer.com\\\/\",\"name\":\"Honlu food trailer\",\"description\":\"\",\"publisher\":{\"@id\":\"https:\\\/\\\/www.honlufoodtrailer.com\\\/#organization\"},\"potentialAction\":[{\"@type\":\"SearchAction\",\"target\":{\"@type\":\"EntryPoint\",\"urlTemplate\":\"https:\\\/\\\/www.honlufoodtrailer.com\\\/?s={search_term_string}\"},\"query-input\":{\"@type\":\"PropertyValueSpecification\",\"valueRequired\":true,\"valueName\":\"search_term_string\"}}],\"inLanguage\":\"pt-PT\"},{\"@type\":\"Organization\",\"@id\":\"https:\\\/\\\/www.honlufoodtrailer.com\\\/#organization\",\"name\":\"Honlu food trailer\",\"url\":\"https:\\\/\\\/www.honlufoodtrailer.com\\\/\",\"logo\":{\"@type\":\"ImageObject\",\"inLanguage\":\"pt-PT\",\"@id\":\"https:\\\/\\\/www.honlufoodtrailer.com\\\/#\\\/schema\\\/logo\\\/image\\\/\",\"url\":\"https:\\\/\\\/www.honlufoodtrailer.com\\\/wp-content\\\/uploads\\\/2021\\\/12\\\/2.gif\",\"contentUrl\":\"https:\\\/\\\/www.honlufoodtrailer.com\\\/wp-content\\\/uploads\\\/2021\\\/12\\\/2.gif\",\"width\":350,\"height\":100,\"caption\":\"Honlu food trailer\"},\"image\":{\"@id\":\"https:\\\/\\\/www.honlufoodtrailer.com\\\/#\\\/schema\\\/logo\\\/image\\\/\"}}]}<\/script>\n<!-- \/ Yoast SEO plugin. -->","yoast_head_json":{"title":"Carrinhos de comida personalizados em formato de arco pequeno - Reboque de comida Honlu","description":"Os quatro carrinhos de comida em formato de arco seguem o mesmo estilo, s\u00e3o equipados com uma janela lateral e a janela de atendimento frontal possui um sistema de abertura basculante. O interior dos carrinhos conta com bancadas de a\u00e7o inoxid\u00e1vel, fog\u00f5es a g\u00e1s, tr\u00eas fritadeiras, coifas duplas, etc. Para atender \u00e0s necessidades dos clientes, reduzimos as tr\u00eas pias originais para duas, a fim de obter uma superf\u00edcie de trabalho maior, e criamos um arm\u00e1rio inferior com estrutura aberta para facilitar o armazenamento de itens.","robots":{"index":"index","follow":"follow","max-snippet":"max-snippet:-1","max-image-preview":"max-image-preview:large","max-video-preview":"max-video-preview:-1"},"canonical":"https:\/\/www.honlufoodtrailer.com\/pt\/product\/customized-small-arc-food-carts\/","og_locale":"pt_PT","og_type":"article","og_title":"Customized small arc food carts - Honlu food trailer","og_description":"The four arc-style food carts are of the same style, they are equipped with a side window, and the front service window is designed with a lift-up type. The interior of the food carts is equipped with stainless steel countertops, gas stoves, three fryers, side-by-side range hoods, etc. In order to meet the needs of customers, we converted the original three sinks into two sinks to obtain a larger work surface and made the cabinet below an open structure for easy storage of items.","og_url":"https:\/\/www.honlufoodtrailer.com\/pt\/product\/customized-small-arc-food-carts\/","og_site_name":"Honlu food trailer","article_modified_time":"2024-02-17T03:41:31+00:00","og_image":[{"width":720,"height":540,"url":"https:\/\/www.honlufoodtrailer.com\/wp-content\/uploads\/2022\/02\/Customized-small-arc-food-carts-21-8138-1.jpg","type":"image\/jpeg"}],"twitter_card":"summary_large_image","twitter_misc":{"Tempo estimado de leitura":"2 minutos"},"schema":{"@context":"https:\/\/schema.org","@graph":[{"@type":"WebPage","@id":"https:\/\/www.honlufoodtrailer.com\/product\/customized-small-arc-food-carts\/","url":"https:\/\/www.honlufoodtrailer.com\/product\/customized-small-arc-food-carts\/","name":"Carrinhos de comida personalizados em formato de arco pequeno - Reboque de comida Honlu","isPartOf":{"@id":"https:\/\/www.honlufoodtrailer.com\/#website"},"primaryImageOfPage":{"@id":"https:\/\/www.honlufoodtrailer.com\/product\/customized-small-arc-food-carts\/#primaryimage"},"image":{"@id":"https:\/\/www.honlufoodtrailer.com\/product\/customized-small-arc-food-carts\/#primaryimage"},"thumbnailUrl":"https:\/\/www.honlufoodtrailer.com\/wp-content\/uploads\/2022\/02\/Customized-small-arc-food-carts-21-8138-1.jpg","datePublished":"2022-02-23T07:05:59+00:00","dateModified":"2024-02-17T03:41:31+00:00","description":"Os quatro carrinhos de comida em formato de arco seguem o mesmo estilo, s\u00e3o equipados com uma janela lateral e a janela de atendimento frontal possui um sistema de abertura basculante. O interior dos carrinhos conta com bancadas de a\u00e7o inoxid\u00e1vel, fog\u00f5es a g\u00e1s, tr\u00eas fritadeiras, coifas duplas, etc. Para atender \u00e0s necessidades dos clientes, reduzimos as tr\u00eas pias originais para duas, a fim de obter uma superf\u00edcie de trabalho maior, e criamos um arm\u00e1rio inferior com estrutura aberta para facilitar o armazenamento de itens.","breadcrumb":{"@id":"https:\/\/www.honlufoodtrailer.com\/product\/customized-small-arc-food-carts\/#breadcrumb"},"inLanguage":"pt-PT","potentialAction":[{"@type":"ReadAction","target":["https:\/\/www.honlufoodtrailer.com\/product\/customized-small-arc-food-carts\/"]}]},{"@type":"ImageObject","inLanguage":"pt-PT","@id":"https:\/\/www.honlufoodtrailer.com\/product\/customized-small-arc-food-carts\/#primaryimage","url":"https:\/\/www.honlufoodtrailer.com\/wp-content\/uploads\/2022\/02\/Customized-small-arc-food-carts-21-8138-1.jpg","contentUrl":"https:\/\/www.honlufoodtrailer.com\/wp-content\/uploads\/2022\/02\/Customized-small-arc-food-carts-21-8138-1.jpg","width":720,"height":540,"caption":"Customized small arc food carts-21-8138 (1)"},{"@type":"BreadcrumbList","@id":"https:\/\/www.honlufoodtrailer.com\/product\/customized-small-arc-food-carts\/#breadcrumb","itemListElement":[{"@type":"ListItem","position":1,"name":"Home","item":"https:\/\/www.honlufoodtrailer.com\/"},{"@type":"ListItem","position":2,"name":"\u4ea7\u54c1","item":"https:\/\/www.honlufoodtrailer.com\/shop\/"},{"@type":"ListItem","position":3,"name":"Customized small arc food carts"}]},{"@type":"WebSite","@id":"https:\/\/www.honlufoodtrailer.com\/#website","url":"https:\/\/www.honlufoodtrailer.com\/","name":"Reboque de comida Honlu","description":"","publisher":{"@id":"https:\/\/www.honlufoodtrailer.com\/#organization"},"potentialAction":[{"@type":"SearchAction","target":{"@type":"EntryPoint","urlTemplate":"https:\/\/www.honlufoodtrailer.com\/?s={search_term_string}"},"query-input":{"@type":"PropertyValueSpecification","valueRequired":true,"valueName":"search_term_string"}}],"inLanguage":"pt-PT"},{"@type":"Organization","@id":"https:\/\/www.honlufoodtrailer.com\/#organization","name":"Reboque de comida Honlu","url":"https:\/\/www.honlufoodtrailer.com\/","logo":{"@type":"ImageObject","inLanguage":"pt-PT","@id":"https:\/\/www.honlufoodtrailer.com\/#\/schema\/logo\/image\/","url":"https:\/\/www.honlufoodtrailer.com\/wp-content\/uploads\/2021\/12\/2.gif","contentUrl":"https:\/\/www.honlufoodtrailer.com\/wp-content\/uploads\/2021\/12\/2.gif","width":350,"height":100,"caption":"Honlu food trailer"},"image":{"@id":"https:\/\/www.honlufoodtrailer.com\/#\/schema\/logo\/image\/"}}]}},"_links":{"self":[{"href":"https:\/\/www.honlufoodtrailer.com\/pt\/wp-json\/wp\/v2\/product\/2678","targetHints":{"allow":["GET"]}}],"collection":[{"href":"https:\/\/www.honlufoodtrailer.com\/pt\/wp-json\/wp\/v2\/product"}],"about":[{"href":"https:\/\/www.honlufoodtrailer.com\/pt\/wp-json\/wp\/v2\/types\/product"}],"version-history":[{"count":2,"href":"https:\/\/www.honlufoodtrailer.com\/pt\/wp-json\/wp\/v2\/product\/2678\/revisions"}],"predecessor-version":[{"id":6789,"href":"https:\/\/www.honlufoodtrailer.com\/pt\/wp-json\/wp\/v2\/product\/2678\/revisions\/6789"}],"wp:featuredmedia":[{"embeddable":true,"href":"https:\/\/www.honlufoodtrailer.com\/pt\/wp-json\/wp\/v2\/media\/2687"}],"wp:attachment":[{"href":"https:\/\/www.honlufoodtrailer.com\/pt\/wp-json\/wp\/v2\/media?parent=2678"}],"wp:term":[{"taxonomy":"product_brand","embeddable":true,"href":"https:\/\/www.honlufoodtrailer.com\/pt\/wp-json\/wp\/v2\/product_brand?post=2678"},{"taxonomy":"product_cat","embeddable":true,"href":"https:\/\/www.honlufoodtrailer.com\/pt\/wp-json\/wp\/v2\/product_cat?post=2678"},{"taxonomy":"product_tag","embeddable":true,"href":"https:\/\/www.honlufoodtrailer.com\/pt\/wp-json\/wp\/v2\/product_tag?post=2678"}],"curies":[{"name":"wp","href":"https:\/\/api.w.org\/{rel}","templated":true}]}}