{"id":3163,"date":"2022-02-22T11:30:13","date_gmt":"2022-02-22T03:30:13","guid":{"rendered":"https:\/\/www.honlufoodtrailer.com\/?post_type=product&#038;p=3163"},"modified":"2022-02-24T16:49:09","modified_gmt":"2022-02-24T08:49:09","slug":"4-5m-two-color-square-food-trailer","status":"publish","type":"product","link":"https:\/\/www.honlufoodtrailer.com\/pt\/product\/4-5m-two-color-square-food-trailer\/","title":{"rendered":"Reboque de comida quadrado bicolor de 4,5 m"},"content":{"rendered":"<p data-spm-anchor-id=\"a2700.wholesale.0.i28.29e52808agqc7f\">Esta \u00e9 uma cozinha de rua personalizada de 4,5 metros. Todo o ve\u00edculo possui carroceria e mesa de opera\u00e7\u00e3o em a\u00e7o inoxid\u00e1vel. Acima do vag\u00e3o-restaurante, personalizamos o painel publicit\u00e1rio para atender \u00e0s necessidades do cliente. Pode ser utilizado para a venda de diversos produtos, como cachorro-quente, produtos diversos, flores, sandu\u00edches, caf\u00e9, sorvete, etc. Possu\u00edmos certifica\u00e7\u00e3o CE para auxiliar voc\u00ea a iniciar seu neg\u00f3cio m\u00f3vel.<\/p>\n<p data-spm-anchor-id=\"a2700.wholesale.0.i28.29e52808agqc7f\">A bancada e as paredes internas da carroceria s\u00e3o todas feitas de a\u00e7o inoxid\u00e1vel pr\u00f3prio para contato com alimentos. Al\u00e9m disso, de acordo com as necessidades do cliente, o ve\u00edculo \u00e9 equipado com fritadeiras, panela el\u00e9trica de arroz, tr\u00eas pias personalizadas, dispenser de sab\u00e3o, fog\u00f5es a g\u00e1s, coifas e outros equipamentos. Gostar\u00edamos de adquirir outros tipos de equipamentos conforme a necessidade do cliente.<\/p>\n<p data-spm-anchor-id=\"a2700.wholesale.0.i28.29e52808agqc7f\">Os reboques de alimentos tamb\u00e9m podem ser designados por carrinhos de alimentos, carrinhas de alimentos, cami\u00f5es de alimentos, etc. Ele pode ser usado para vender fast food, lanches, jornais, livros, e assim por diante. \u00c9 composto por chassis, corpo, piso, mesa de trabalho, sistema de \u00e1gua, sistema el\u00e9trico. Os utilizadores tamb\u00e9m podem escolher a cor que quiserem. Gostar\u00edamos de comprar outros tipos de equipamentos se os clientes quiserem.<\/p>\n<p>O reboque \u00e9 compacto e f\u00e1cil de utilizar. \u00c9 o modelo preferido para iniciar neg\u00f3cios de comida r\u00e1pida, encomendas de compras a granel em centros comerciais, gest\u00e3o unificada de comida r\u00e1pida de rua e piqueniques familiares. Tamb\u00e9m pode ser aplicado para vender qualquer coisa, desde cachorros-quentes, opera\u00e7\u00f5es de retalho, opera\u00e7\u00f5es de flores, sandu\u00edches, caf\u00e9, gelados, etc. Temos certifica\u00e7\u00e3o CE para o ajudar a iniciar um neg\u00f3cio m\u00f3vel.<\/p>\n<h3 class=\"magic-6\" data-spm-anchor-id=\"a2700.wholesale.0.i28.29e52808agqc7f\">Principais carater\u00edsticas do atrelado alimentar quadrado<\/h3>\n<div class=\"magic-7\">\n<div class=\"magic-8\">\n<div class=\"magic-9\" data-id=\"paragraph0\">\n<ol>\n<li>A apar\u00eancia elegante pode ser personalizada;<\/li>\n<li>Corpo e estrutura interna do reboque em a\u00e7o inoxid\u00e1vel, boa resist\u00eancia ao calor, resist\u00eancia ao desgaste, resist\u00eancia \u00e0 corros\u00e3o;<\/li>\n<li>Acess\u00f3rios modernos e avan\u00e7ados equipados no reboque alimentar m\u00f3vel;<\/li>\n<li>\u00c9 resistente ao choque e \u00e0 corros\u00e3o, a resist\u00eancia ao calor e a for\u00e7a \u00e9 elevada, a solidez da cor \u00e9 elevada, n\u00e3o h\u00e1 deforma\u00e7\u00e3o, \u00e9 imperme\u00e1vel e tem uma longa vida \u00fatil;<\/li>\n<li>Temos todo o gosto em modific\u00e1-lo de acordo com as suas necessidades.<\/li>\n<\/ol>\n<h3>Desenho de planta baixa 2D\/3D gratuito<\/h3>\n<p>Depois de confirmarmos as dimens\u00f5es do atrelado de alimentos e o equipamento interno da cozinha, podemos fornecer-lhe desenhos 3D gratuitamente. Isto dar-lhe-\u00e1 uma ideia mais clara do seu design e do seu carrinho de alimentos. Ao confirmar a localiza\u00e7\u00e3o do equipamento de cozinha, podemos comunicar claramente consigo atrav\u00e9s da planta baixa. Tamb\u00e9m podemos fornecer-lhe documentos originais para facilitar o seu projeto e fazer ajustes.<\/p>\n<\/div>\n<\/div>\n<\/div>","protected":false},"excerpt":{"rendered":"<p data-spm-anchor-id=\"a2700.wholesale.0.i28.29e52808agqc7f\">Esta \u00e9 uma cozinha de rua personalizada de 4,5 metros. Todo o ve\u00edculo possui carroceria e mesa de opera\u00e7\u00e3o em a\u00e7o inoxid\u00e1vel. Acima do vag\u00e3o-restaurante, personalizamos o painel publicit\u00e1rio para atender \u00e0s necessidades do cliente. Pode ser utilizado para a venda de diversos produtos, como cachorro-quente, produtos diversos, flores, sandu\u00edches, caf\u00e9, sorvete, etc. Possu\u00edmos certifica\u00e7\u00e3o CE para auxiliar voc\u00ea a iniciar seu neg\u00f3cio m\u00f3vel.<\/p>","protected":false},"featured_media":3164,"template":"","meta":{"_themeisle_gutenberg_block_has_review":false},"product_brand":[],"product_cat":[26],"product_tag":[53,33,41,38,52],"class_list":{"0":"post-3163","1":"product","2":"type-product","3":"status-publish","4":"has-post-thumbnail","6":"product_cat-product","7":"product_tag-customized-sinks","8":"product_tag-customized-trailer","9":"product_tag-galvanized-trailer","10":"product_tag-mobile-food-trailer","11":"product_tag-personalized-billboard","13":"first","14":"instock","15":"shipping-taxable","16":"product-type-simple"},"yoast_head":"<!-- This site is optimized with the Yoast SEO plugin v27.4 - https:\/\/yoast.com\/product\/yoast-seo-wordpress\/ -->\n<title>4.5M Two-color square food trailer - Honlu food trailer<\/title>\n<meta name=\"description\" content=\"This is a customized 4.5M street kitchen. The whole vehicle adopts stainless steel body and operating table. Above the dining car, we customized the personalized billboard to meet customer needs. It can be applied for selling anything from hot dogs, retail operations, flower operations, sandwiches, coffee, ice cream, etc. We have CE certified to help you to start a mobile business.\" \/>\n<meta name=\"robots\" content=\"index, follow, max-snippet:-1, max-image-preview:large, max-video-preview:-1\" \/>\n<link rel=\"canonical\" href=\"https:\/\/www.honlufoodtrailer.com\/pt\/product\/4-5m-two-color-square-food-trailer\/\" \/>\n<meta property=\"og:locale\" content=\"pt_PT\" \/>\n<meta property=\"og:type\" content=\"article\" \/>\n<meta property=\"og:title\" content=\"4.5M Two-color square food trailer - Honlu food trailer\" \/>\n<meta property=\"og:description\" content=\"This is a customized 4.5M street kitchen. The whole vehicle adopts stainless steel body and operating table. Above the dining car, we customized the personalized billboard to meet customer needs. It can be applied for selling anything from hot dogs, retail operations, flower operations, sandwiches, coffee, ice cream, etc. We have CE certified to help you to start a mobile business.\" \/>\n<meta property=\"og:url\" content=\"https:\/\/www.honlufoodtrailer.com\/pt\/product\/4-5m-two-color-square-food-trailer\/\" \/>\n<meta property=\"og:site_name\" content=\"Honlu food trailer\" \/>\n<meta property=\"article:modified_time\" content=\"2022-02-24T08:49:09+00:00\" \/>\n<meta property=\"og:image\" content=\"https:\/\/www.honlufoodtrailer.com\/wp-content\/uploads\/2022\/02\/4.5M-Two-color-square-food-trailer-1.jpg\" \/>\n\t<meta property=\"og:image:width\" content=\"720\" \/>\n\t<meta property=\"og:image:height\" content=\"540\" \/>\n\t<meta property=\"og:image:type\" content=\"image\/jpeg\" \/>\n<meta name=\"twitter:card\" content=\"summary_large_image\" \/>\n<meta name=\"twitter:label1\" content=\"Tempo estimado de leitura\" \/>\n\t<meta name=\"twitter:data1\" content=\"2 minutos\" \/>\n<script type=\"application\/ld+json\" class=\"yoast-schema-graph\">{\"@context\":\"https:\\\/\\\/schema.org\",\"@graph\":[{\"@type\":\"WebPage\",\"@id\":\"https:\\\/\\\/www.honlufoodtrailer.com\\\/product\\\/4-5m-two-color-square-food-trailer\\\/\",\"url\":\"https:\\\/\\\/www.honlufoodtrailer.com\\\/product\\\/4-5m-two-color-square-food-trailer\\\/\",\"name\":\"4.5M Two-color square food trailer - Honlu food trailer\",\"isPartOf\":{\"@id\":\"https:\\\/\\\/www.honlufoodtrailer.com\\\/#website\"},\"primaryImageOfPage\":{\"@id\":\"https:\\\/\\\/www.honlufoodtrailer.com\\\/product\\\/4-5m-two-color-square-food-trailer\\\/#primaryimage\"},\"image\":{\"@id\":\"https:\\\/\\\/www.honlufoodtrailer.com\\\/product\\\/4-5m-two-color-square-food-trailer\\\/#primaryimage\"},\"thumbnailUrl\":\"https:\\\/\\\/www.honlufoodtrailer.com\\\/wp-content\\\/uploads\\\/2022\\\/02\\\/4.5M-Two-color-square-food-trailer-1.jpg\",\"datePublished\":\"2022-02-22T03:30:13+00:00\",\"dateModified\":\"2022-02-24T08:49:09+00:00\",\"description\":\"This is a customized 4.5M street kitchen. The whole vehicle adopts stainless steel body and operating table. Above the dining car, we customized the personalized billboard to meet customer needs. It can be applied for selling anything from hot dogs, retail operations, flower operations, sandwiches, coffee, ice cream, etc. We have CE certified to help you to start a mobile business.\",\"breadcrumb\":{\"@id\":\"https:\\\/\\\/www.honlufoodtrailer.com\\\/product\\\/4-5m-two-color-square-food-trailer\\\/#breadcrumb\"},\"inLanguage\":\"pt-PT\",\"potentialAction\":[{\"@type\":\"ReadAction\",\"target\":[\"https:\\\/\\\/www.honlufoodtrailer.com\\\/product\\\/4-5m-two-color-square-food-trailer\\\/\"]}]},{\"@type\":\"ImageObject\",\"inLanguage\":\"pt-PT\",\"@id\":\"https:\\\/\\\/www.honlufoodtrailer.com\\\/product\\\/4-5m-two-color-square-food-trailer\\\/#primaryimage\",\"url\":\"https:\\\/\\\/www.honlufoodtrailer.com\\\/wp-content\\\/uploads\\\/2022\\\/02\\\/4.5M-Two-color-square-food-trailer-1.jpg\",\"contentUrl\":\"https:\\\/\\\/www.honlufoodtrailer.com\\\/wp-content\\\/uploads\\\/2022\\\/02\\\/4.5M-Two-color-square-food-trailer-1.jpg\",\"width\":720,\"height\":540,\"caption\":\"4.5M Two-color square food trailer (1)\"},{\"@type\":\"BreadcrumbList\",\"@id\":\"https:\\\/\\\/www.honlufoodtrailer.com\\\/product\\\/4-5m-two-color-square-food-trailer\\\/#breadcrumb\",\"itemListElement\":[{\"@type\":\"ListItem\",\"position\":1,\"name\":\"Home\",\"item\":\"https:\\\/\\\/www.honlufoodtrailer.com\\\/\"},{\"@type\":\"ListItem\",\"position\":2,\"name\":\"\u4ea7\u54c1\",\"item\":\"https:\\\/\\\/www.honlufoodtrailer.com\\\/shop\\\/\"},{\"@type\":\"ListItem\",\"position\":3,\"name\":\"4.5M Two-color square food trailer\"}]},{\"@type\":\"WebSite\",\"@id\":\"https:\\\/\\\/www.honlufoodtrailer.com\\\/#website\",\"url\":\"https:\\\/\\\/www.honlufoodtrailer.com\\\/\",\"name\":\"Honlu food trailer\",\"description\":\"\",\"publisher\":{\"@id\":\"https:\\\/\\\/www.honlufoodtrailer.com\\\/#organization\"},\"potentialAction\":[{\"@type\":\"SearchAction\",\"target\":{\"@type\":\"EntryPoint\",\"urlTemplate\":\"https:\\\/\\\/www.honlufoodtrailer.com\\\/?s={search_term_string}\"},\"query-input\":{\"@type\":\"PropertyValueSpecification\",\"valueRequired\":true,\"valueName\":\"search_term_string\"}}],\"inLanguage\":\"pt-PT\"},{\"@type\":\"Organization\",\"@id\":\"https:\\\/\\\/www.honlufoodtrailer.com\\\/#organization\",\"name\":\"Honlu food trailer\",\"url\":\"https:\\\/\\\/www.honlufoodtrailer.com\\\/\",\"logo\":{\"@type\":\"ImageObject\",\"inLanguage\":\"pt-PT\",\"@id\":\"https:\\\/\\\/www.honlufoodtrailer.com\\\/#\\\/schema\\\/logo\\\/image\\\/\",\"url\":\"https:\\\/\\\/www.honlufoodtrailer.com\\\/wp-content\\\/uploads\\\/2021\\\/12\\\/2.gif\",\"contentUrl\":\"https:\\\/\\\/www.honlufoodtrailer.com\\\/wp-content\\\/uploads\\\/2021\\\/12\\\/2.gif\",\"width\":350,\"height\":100,\"caption\":\"Honlu food trailer\"},\"image\":{\"@id\":\"https:\\\/\\\/www.honlufoodtrailer.com\\\/#\\\/schema\\\/logo\\\/image\\\/\"}}]}<\/script>\n<!-- \/ Yoast SEO plugin. -->","yoast_head_json":{"title":"Reboque de comida quadrado bicolor de 4,5 m - Reboque de comida Honlu","description":"Esta \u00e9 uma cozinha de rua personalizada de 4,5 metros. Todo o ve\u00edculo possui carroceria e mesa de opera\u00e7\u00e3o em a\u00e7o inoxid\u00e1vel. Acima do vag\u00e3o-restaurante, personalizamos o painel publicit\u00e1rio para atender \u00e0s necessidades do cliente. Pode ser utilizado para a venda de diversos produtos, como cachorro-quente, produtos diversos, flores, sandu\u00edches, caf\u00e9, sorvete, etc. Possu\u00edmos certifica\u00e7\u00e3o CE para auxiliar voc\u00ea a iniciar seu neg\u00f3cio m\u00f3vel.","robots":{"index":"index","follow":"follow","max-snippet":"max-snippet:-1","max-image-preview":"max-image-preview:large","max-video-preview":"max-video-preview:-1"},"canonical":"https:\/\/www.honlufoodtrailer.com\/pt\/product\/4-5m-two-color-square-food-trailer\/","og_locale":"pt_PT","og_type":"article","og_title":"4.5M Two-color square food trailer - Honlu food trailer","og_description":"This is a customized 4.5M street kitchen. The whole vehicle adopts stainless steel body and operating table. Above the dining car, we customized the personalized billboard to meet customer needs. It can be applied for selling anything from hot dogs, retail operations, flower operations, sandwiches, coffee, ice cream, etc. We have CE certified to help you to start a mobile business.","og_url":"https:\/\/www.honlufoodtrailer.com\/pt\/product\/4-5m-two-color-square-food-trailer\/","og_site_name":"Honlu food trailer","article_modified_time":"2022-02-24T08:49:09+00:00","og_image":[{"width":720,"height":540,"url":"https:\/\/www.honlufoodtrailer.com\/wp-content\/uploads\/2022\/02\/4.5M-Two-color-square-food-trailer-1.jpg","type":"image\/jpeg"}],"twitter_card":"summary_large_image","twitter_misc":{"Tempo estimado de leitura":"2 minutos"},"schema":{"@context":"https:\/\/schema.org","@graph":[{"@type":"WebPage","@id":"https:\/\/www.honlufoodtrailer.com\/product\/4-5m-two-color-square-food-trailer\/","url":"https:\/\/www.honlufoodtrailer.com\/product\/4-5m-two-color-square-food-trailer\/","name":"Reboque de comida quadrado bicolor de 4,5 m - Reboque de comida Honlu","isPartOf":{"@id":"https:\/\/www.honlufoodtrailer.com\/#website"},"primaryImageOfPage":{"@id":"https:\/\/www.honlufoodtrailer.com\/product\/4-5m-two-color-square-food-trailer\/#primaryimage"},"image":{"@id":"https:\/\/www.honlufoodtrailer.com\/product\/4-5m-two-color-square-food-trailer\/#primaryimage"},"thumbnailUrl":"https:\/\/www.honlufoodtrailer.com\/wp-content\/uploads\/2022\/02\/4.5M-Two-color-square-food-trailer-1.jpg","datePublished":"2022-02-22T03:30:13+00:00","dateModified":"2022-02-24T08:49:09+00:00","description":"Esta \u00e9 uma cozinha de rua personalizada de 4,5 metros. Todo o ve\u00edculo possui carroceria e mesa de opera\u00e7\u00e3o em a\u00e7o inoxid\u00e1vel. Acima do vag\u00e3o-restaurante, personalizamos o painel publicit\u00e1rio para atender \u00e0s necessidades do cliente. Pode ser utilizado para a venda de diversos produtos, como cachorro-quente, produtos diversos, flores, sandu\u00edches, caf\u00e9, sorvete, etc. Possu\u00edmos certifica\u00e7\u00e3o CE para auxiliar voc\u00ea a iniciar seu neg\u00f3cio m\u00f3vel.","breadcrumb":{"@id":"https:\/\/www.honlufoodtrailer.com\/product\/4-5m-two-color-square-food-trailer\/#breadcrumb"},"inLanguage":"pt-PT","potentialAction":[{"@type":"ReadAction","target":["https:\/\/www.honlufoodtrailer.com\/product\/4-5m-two-color-square-food-trailer\/"]}]},{"@type":"ImageObject","inLanguage":"pt-PT","@id":"https:\/\/www.honlufoodtrailer.com\/product\/4-5m-two-color-square-food-trailer\/#primaryimage","url":"https:\/\/www.honlufoodtrailer.com\/wp-content\/uploads\/2022\/02\/4.5M-Two-color-square-food-trailer-1.jpg","contentUrl":"https:\/\/www.honlufoodtrailer.com\/wp-content\/uploads\/2022\/02\/4.5M-Two-color-square-food-trailer-1.jpg","width":720,"height":540,"caption":"4.5M Two-color square food trailer (1)"},{"@type":"BreadcrumbList","@id":"https:\/\/www.honlufoodtrailer.com\/product\/4-5m-two-color-square-food-trailer\/#breadcrumb","itemListElement":[{"@type":"ListItem","position":1,"name":"Home","item":"https:\/\/www.honlufoodtrailer.com\/"},{"@type":"ListItem","position":2,"name":"\u4ea7\u54c1","item":"https:\/\/www.honlufoodtrailer.com\/shop\/"},{"@type":"ListItem","position":3,"name":"4.5M Two-color square food trailer"}]},{"@type":"WebSite","@id":"https:\/\/www.honlufoodtrailer.com\/#website","url":"https:\/\/www.honlufoodtrailer.com\/","name":"Reboque de comida Honlu","description":"","publisher":{"@id":"https:\/\/www.honlufoodtrailer.com\/#organization"},"potentialAction":[{"@type":"SearchAction","target":{"@type":"EntryPoint","urlTemplate":"https:\/\/www.honlufoodtrailer.com\/?s={search_term_string}"},"query-input":{"@type":"PropertyValueSpecification","valueRequired":true,"valueName":"search_term_string"}}],"inLanguage":"pt-PT"},{"@type":"Organization","@id":"https:\/\/www.honlufoodtrailer.com\/#organization","name":"Reboque de comida Honlu","url":"https:\/\/www.honlufoodtrailer.com\/","logo":{"@type":"ImageObject","inLanguage":"pt-PT","@id":"https:\/\/www.honlufoodtrailer.com\/#\/schema\/logo\/image\/","url":"https:\/\/www.honlufoodtrailer.com\/wp-content\/uploads\/2021\/12\/2.gif","contentUrl":"https:\/\/www.honlufoodtrailer.com\/wp-content\/uploads\/2021\/12\/2.gif","width":350,"height":100,"caption":"Honlu food trailer"},"image":{"@id":"https:\/\/www.honlufoodtrailer.com\/#\/schema\/logo\/image\/"}}]}},"_links":{"self":[{"href":"https:\/\/www.honlufoodtrailer.com\/pt\/wp-json\/wp\/v2\/product\/3163","targetHints":{"allow":["GET"]}}],"collection":[{"href":"https:\/\/www.honlufoodtrailer.com\/pt\/wp-json\/wp\/v2\/product"}],"about":[{"href":"https:\/\/www.honlufoodtrailer.com\/pt\/wp-json\/wp\/v2\/types\/product"}],"version-history":[{"count":0,"href":"https:\/\/www.honlufoodtrailer.com\/pt\/wp-json\/wp\/v2\/product\/3163\/revisions"}],"wp:featuredmedia":[{"embeddable":true,"href":"https:\/\/www.honlufoodtrailer.com\/pt\/wp-json\/wp\/v2\/media\/3164"}],"wp:attachment":[{"href":"https:\/\/www.honlufoodtrailer.com\/pt\/wp-json\/wp\/v2\/media?parent=3163"}],"wp:term":[{"taxonomy":"product_brand","embeddable":true,"href":"https:\/\/www.honlufoodtrailer.com\/pt\/wp-json\/wp\/v2\/product_brand?post=3163"},{"taxonomy":"product_cat","embeddable":true,"href":"https:\/\/www.honlufoodtrailer.com\/pt\/wp-json\/wp\/v2\/product_cat?post=3163"},{"taxonomy":"product_tag","embeddable":true,"href":"https:\/\/www.honlufoodtrailer.com\/pt\/wp-json\/wp\/v2\/product_tag?post=3163"}],"curies":[{"name":"wp","href":"https:\/\/api.w.org\/{rel}","templated":true}]}}