{"id":3254,"date":"2022-03-01T09:27:57","date_gmt":"2022-03-01T01:27:57","guid":{"rendered":"https:\/\/www.honlufoodtrailer.com\/?post_type=product&#038;p=3254"},"modified":"2022-03-21T17:46:33","modified_gmt":"2022-03-21T09:46:33","slug":"customized-5-7m-single-deck-coffee-trailer","status":"publish","type":"product","link":"https:\/\/www.honlufoodtrailer.com\/pt\/product\/customized-5-7m-single-deck-coffee-trailer\/","title":{"rendered":"Reboque de caf\u00e9 de um andar com 5,7 m"},"content":{"rendered":"<p>Este \u00e9 um trailer de caf\u00e9 personalizado de um s\u00f3 piso, com carroceria e interior em a\u00e7o inoxid\u00e1vel. As plataformas laterais podem ser abaixadas, permitindo a coloca\u00e7\u00e3o de mesas e cadeiras, placas de publicidade, expositores de alimentos, etc. Devido ao seu design especial, \u00e9 ideal para a venda de alimentos como caf\u00e9, hamb\u00fargueres, cachorros-quentes, sandu\u00edches, etc. O trailer \u00e9 compacto e f\u00e1cil de usar, sendo o modelo preferido para quem est\u00e1 come\u00e7ando um neg\u00f3cio de fast food.<\/p>\n<h2>A estrutura externa do trailer de caf\u00e9 de um andar<\/h2>\n<p>A principal caracter\u00edstica de todo o trailer \u00e9 a plataforma elevat\u00f3ria em ambos os lados, que pode ter diversas utilidades para diferentes tipos de neg\u00f3cios. Ela pode ser usada n\u00e3o apenas para acomodar mesas e cadeiras para que os clientes possam se sentar, mas tamb\u00e9m para exibir card\u00e1pios e pain\u00e9is de divulga\u00e7\u00e3o. Em alguns eventos, as duas plataformas elevat\u00f3rias podem ajudar a atrair mais clientes.<\/p>\n<figure id=\"attachment_3264\" aria-describedby=\"caption-attachment-3264\" style=\"width: 720px\" class=\"wp-caption aligncenter\"><img fetchpriority=\"high\" decoding=\"async\" class=\"size-full wp-image-3264\" src=\"https:\/\/www.honlufoodtrailer.com\/wp-content\/uploads\/2022\/03\/External-business-platforms-of-the-coffee-trailer.jpg\" alt=\"Plataformas de neg\u00f3cios externas do trailer de caf\u00e9\" width=\"720\" height=\"540\" srcset=\"https:\/\/www.honlufoodtrailer.com\/wp-content\/uploads\/2022\/03\/External-business-platforms-of-the-coffee-trailer.jpg 720w, https:\/\/www.honlufoodtrailer.com\/wp-content\/uploads\/2022\/03\/External-business-platforms-of-the-coffee-trailer-480x360.jpg 480w, https:\/\/www.honlufoodtrailer.com\/wp-content\/uploads\/2022\/03\/External-business-platforms-of-the-coffee-trailer-300x225.jpg 300w\" sizes=\"(max-width: 720px) 100vw, 720px\" \/><figcaption id=\"caption-attachment-3264\" class=\"wp-caption-text\">Plataformas de neg\u00f3cios externas do trailer de caf\u00e9<\/figcaption><\/figure>\n<p>Existe uma cobertura retr\u00e1til sobre as plataformas de atendimento, cercada por uma cerca composta por estacas e cordas, que \u00e9 muito f\u00e1cil de remover e instalar. A carroceria do reboque possui um adesivo com textura de madeira muito bonito e est\u00e1 equipada com macacos nos quatro cantos.<\/p>\n<figure id=\"attachment_3265\" aria-describedby=\"caption-attachment-3265\" style=\"width: 720px\" class=\"wp-caption aligncenter\"><img decoding=\"async\" class=\"size-full wp-image-3265\" src=\"https:\/\/www.honlufoodtrailer.com\/wp-content\/uploads\/2022\/03\/External-structure-of-the-coffee-trailer.jpg\" alt=\"Estrutura externa do trailer de caf\u00e9\" width=\"720\" height=\"540\" srcset=\"https:\/\/www.honlufoodtrailer.com\/wp-content\/uploads\/2022\/03\/External-structure-of-the-coffee-trailer.jpg 720w, https:\/\/www.honlufoodtrailer.com\/wp-content\/uploads\/2022\/03\/External-structure-of-the-coffee-trailer-480x360.jpg 480w, https:\/\/www.honlufoodtrailer.com\/wp-content\/uploads\/2022\/03\/External-structure-of-the-coffee-trailer-300x225.jpg 300w\" sizes=\"(max-width: 720px) 100vw, 720px\" \/><figcaption id=\"caption-attachment-3265\" class=\"wp-caption-text\">Estrutura externa do trailer de caf\u00e9<\/figcaption><\/figure>\n<h2>O interior do trailer de caf\u00e9 de um andar<\/h2>\n<p>A bancada, o compartimento de armazenamento e as pias s\u00e3o todos feitos de a\u00e7o inoxid\u00e1vel. O tampo \u00e9 equipado com ilumina\u00e7\u00e3o ambiente e spots deslizantes, proporcionando uma vista noturna muito bonita.<\/p>\n<figure id=\"attachment_3272\" aria-describedby=\"caption-attachment-3272\" style=\"width: 1440px\" class=\"wp-caption aligncenter\"><img decoding=\"async\" class=\"size-full wp-image-3272\" src=\"https:\/\/www.honlufoodtrailer.com\/wp-content\/uploads\/2022\/03\/Stainless-steel-countertopAmbient-and-sliding-spotlights-of-the-coffee-trailer.jpg\" alt=\"Bancada de a\u00e7o inoxid\u00e1vel e ilumina\u00e7\u00e3o ambiente com spots deslizantes no trailer de caf\u00e9.\" width=\"1440\" height=\"540\" srcset=\"https:\/\/www.honlufoodtrailer.com\/wp-content\/uploads\/2022\/03\/Stainless-steel-countertopAmbient-and-sliding-spotlights-of-the-coffee-trailer.jpg 1440w, https:\/\/www.honlufoodtrailer.com\/wp-content\/uploads\/2022\/03\/Stainless-steel-countertopAmbient-and-sliding-spotlights-of-the-coffee-trailer-768x288.jpg 768w, https:\/\/www.honlufoodtrailer.com\/wp-content\/uploads\/2022\/03\/Stainless-steel-countertopAmbient-and-sliding-spotlights-of-the-coffee-trailer-480x180.jpg 480w, https:\/\/www.honlufoodtrailer.com\/wp-content\/uploads\/2022\/03\/Stainless-steel-countertopAmbient-and-sliding-spotlights-of-the-coffee-trailer-300x113.jpg 300w, https:\/\/www.honlufoodtrailer.com\/wp-content\/uploads\/2022\/03\/Stainless-steel-countertopAmbient-and-sliding-spotlights-of-the-coffee-trailer-720x270.jpg 720w\" sizes=\"(max-width: 1440px) 100vw, 1440px\" \/><figcaption id=\"caption-attachment-3272\" class=\"wp-caption-text\">Bancada de a\u00e7o inoxid\u00e1vel e ilumina\u00e7\u00e3o ambiente com spots deslizantes no trailer de caf\u00e9.<\/figcaption><\/figure>\n<p>Conforme as exig\u00eancias do departamento local do cliente, as pias e os baldes s\u00e3o de um modelo com tr\u00eas pias: duas para lavar alimentos e uma para lavar as m\u00e3os. De acordo com as necessidades do cliente, a torneira possui aquecedor de \u00e1gua e dispenser de sab\u00e3o, e h\u00e1 dois baldes de grande capacidade sob a pia, um para \u00e1gua limpa e outro para res\u00edduos.<\/p>\n<figure id=\"attachment_3274\" aria-describedby=\"caption-attachment-3274\" style=\"width: 1440px\" class=\"wp-caption alignnone\"><img loading=\"lazy\" decoding=\"async\" class=\"size-full wp-image-3274\" src=\"https:\/\/www.honlufoodtrailer.com\/wp-content\/uploads\/2022\/03\/Customized-three-sinks-and-buckets.jpg\" alt=\"Tr\u00eas pias e baldes personalizados\" width=\"1440\" height=\"540\" srcset=\"https:\/\/www.honlufoodtrailer.com\/wp-content\/uploads\/2022\/03\/Customized-three-sinks-and-buckets.jpg 1440w, https:\/\/www.honlufoodtrailer.com\/wp-content\/uploads\/2022\/03\/Customized-three-sinks-and-buckets-768x288.jpg 768w, https:\/\/www.honlufoodtrailer.com\/wp-content\/uploads\/2022\/03\/Customized-three-sinks-and-buckets-480x180.jpg 480w, https:\/\/www.honlufoodtrailer.com\/wp-content\/uploads\/2022\/03\/Customized-three-sinks-and-buckets-300x113.jpg 300w, https:\/\/www.honlufoodtrailer.com\/wp-content\/uploads\/2022\/03\/Customized-three-sinks-and-buckets-720x270.jpg 720w\" sizes=\"(max-width: 1440px) 100vw, 1440px\" \/><figcaption id=\"caption-attachment-3274\" class=\"wp-caption-text\">Tr\u00eas pias e baldes personalizados<\/figcaption><\/figure>\n<p>Nossos clientes desejam iniciar um neg\u00f3cio de frituras futuramente. Portanto, de acordo com as necessidades deles, o local foi equipado com tubula\u00e7\u00f5es de g\u00e1s e coifas que atendem aos requisitos locais.<\/p>\n<figure id=\"attachment_3266\" aria-describedby=\"caption-attachment-3266\" style=\"width: 720px\" class=\"wp-caption aligncenter\"><img loading=\"lazy\" decoding=\"async\" class=\"size-full wp-image-3266\" src=\"https:\/\/www.honlufoodtrailer.com\/wp-content\/uploads\/2022\/03\/Gas-system-of-the-coffee-trailer.jpg\" alt=\"Sistema de g\u00e1s do reboque para caf\u00e9\" width=\"720\" height=\"540\" srcset=\"https:\/\/www.honlufoodtrailer.com\/wp-content\/uploads\/2022\/03\/Gas-system-of-the-coffee-trailer.jpg 720w, https:\/\/www.honlufoodtrailer.com\/wp-content\/uploads\/2022\/03\/Gas-system-of-the-coffee-trailer-480x360.jpg 480w, https:\/\/www.honlufoodtrailer.com\/wp-content\/uploads\/2022\/03\/Gas-system-of-the-coffee-trailer-300x225.jpg 300w\" sizes=\"(max-width: 720px) 100vw, 720px\" \/><figcaption id=\"caption-attachment-3266\" class=\"wp-caption-text\">Sistema de g\u00e1s do reboque para caf\u00e9<\/figcaption><\/figure>\n<p>Existem dois congeladores na parte mais interna do trailer de caf\u00e9 e, de acordo com as necessidades comerciais do cliente, personalizamos a m\u00e1quina de cerveja em a\u00e7o inoxid\u00e1vel de qualidade alimentar.<\/p>\n<figure id=\"attachment_3270\" aria-describedby=\"caption-attachment-3270\" style=\"width: 720px\" class=\"wp-caption aligncenter\"><img loading=\"lazy\" decoding=\"async\" class=\"size-full wp-image-3270\" src=\"https:\/\/www.honlufoodtrailer.com\/wp-content\/uploads\/2022\/03\/Customized-equipment-of-the-coffee-trailer.jpg\" alt=\"Equipamento personalizado do reboque de caf\u00e9\" width=\"720\" height=\"540\" srcset=\"https:\/\/www.honlufoodtrailer.com\/wp-content\/uploads\/2022\/03\/Customized-equipment-of-the-coffee-trailer.jpg 720w, https:\/\/www.honlufoodtrailer.com\/wp-content\/uploads\/2022\/03\/Customized-equipment-of-the-coffee-trailer-480x360.jpg 480w, https:\/\/www.honlufoodtrailer.com\/wp-content\/uploads\/2022\/03\/Customized-equipment-of-the-coffee-trailer-300x225.jpg 300w\" sizes=\"(max-width: 720px) 100vw, 720px\" \/><figcaption id=\"caption-attachment-3270\" class=\"wp-caption-text\">Equipamento personalizado do reboque de caf\u00e9<\/figcaption><\/figure>\n<h3><strong><b>Principais caracter\u00edsticas do <\/b><\/strong><strong><b>caf\u00e9 de um andar<\/b><\/strong><strong><b>\u00a0reboque<\/b><\/strong><\/h3>\n<ol>\n<li>A apar\u00eancia elegante pode ser personalizada;<\/li>\n<li>Plataformas elev\u00e1veis multifuncionais em ambos os lados;<\/li>\n<li>Corpo e estrutura interna do reboque em a\u00e7o inoxid\u00e1vel, boa resist\u00eancia ao calor, resist\u00eancia ao desgaste, resist\u00eancia \u00e0 corros\u00e3o;<\/li>\n<li>Acess\u00f3rios modernos e avan\u00e7ados est\u00e3o instalados no trailer de caf\u00e9;<\/li>\n<li>Temos o prazer de modificar todo o reboque de acordo com as necessidades do cliente.<\/li>\n<\/ol>\n<h3><strong><b>Desenho de planta baixa 2D\/3D gratuito<\/b><\/strong><\/h3>\n<p>Depois de confirmarmos as dimens\u00f5es do atrelado de alimentos e o equipamento interno da cozinha, podemos fornecer-lhe desenhos 3D gratuitamente. Isto dar-lhe-\u00e1 uma ideia mais clara do seu design e do seu carrinho de alimentos. Ao confirmar a localiza\u00e7\u00e3o do equipamento de cozinha, podemos comunicar claramente consigo atrav\u00e9s da planta baixa. Tamb\u00e9m podemos fornecer-lhe documentos originais para facilitar o seu projeto e fazer ajustes.<\/p>","protected":false},"excerpt":{"rendered":"<p data-spm-anchor-id=\"a2700.wholesale.0.i28.29e52808agqc7f\">Este \u00e9 um trailer de caf\u00e9 personalizado de um andar, com carroceria e interior em a\u00e7o inoxid\u00e1vel. As plataformas laterais podem ser abaixadas, permitindo a coloca\u00e7\u00e3o de mesas e cadeiras, pain\u00e9is publicit\u00e1rios, expositores de alimentos, etc. \u00c9 o modelo ideal para quem est\u00e1 come\u00e7ando um neg\u00f3cio de fast-food.<\/p>","protected":false},"featured_media":3255,"template":"","meta":{"_themeisle_gutenberg_block_has_review":false},"product_brand":[],"product_cat":[26],"product_tag":[34,33,45,38,51,50],"class_list":{"0":"post-3254","1":"product","2":"type-product","3":"status-publish","4":"has-post-thumbnail","6":"product_cat-product","7":"product_tag-coffee-trailer","8":"product_tag-customized-trailer","9":"product_tag-large-food-trailer","10":"product_tag-mobile-food-trailer","11":"product_tag-square-food-trailer","12":"product_tag-standard-configuration","14":"first","15":"instock","16":"shipping-taxable","17":"product-type-simple"},"yoast_head":"<!-- This site is optimized with the Yoast SEO plugin v27.4 - https:\/\/yoast.com\/product\/yoast-seo-wordpress\/ -->\n<title>5.7M single-deck coffee trailer - Honlu food trailer<\/title>\n<meta name=\"description\" content=\"This is a customized single-deck coffee trailer, the body and interior are made of stainless steel. The platforms on both sides can be lowered, which can be used to place some tables and chairs, publicity boards, food racks, etc. It is the preferred model for starting fast-food businesses.\" \/>\n<meta name=\"robots\" content=\"index, follow, max-snippet:-1, max-image-preview:large, max-video-preview:-1\" \/>\n<link rel=\"canonical\" href=\"https:\/\/www.honlufoodtrailer.com\/pt\/product\/customized-5-7m-single-deck-coffee-trailer\/\" \/>\n<meta property=\"og:locale\" content=\"pt_PT\" \/>\n<meta property=\"og:type\" content=\"article\" \/>\n<meta property=\"og:title\" content=\"5.7M single-deck coffee trailer - Honlu food trailer\" \/>\n<meta property=\"og:description\" content=\"This is a customized single-deck coffee trailer, the body and interior are made of stainless steel. The platforms on both sides can be lowered, which can be used to place some tables and chairs, publicity boards, food racks, etc. It is the preferred model for starting fast-food businesses.\" \/>\n<meta property=\"og:url\" content=\"https:\/\/www.honlufoodtrailer.com\/pt\/product\/customized-5-7m-single-deck-coffee-trailer\/\" \/>\n<meta property=\"og:site_name\" content=\"Honlu food trailer\" \/>\n<meta property=\"article:modified_time\" content=\"2022-03-21T09:46:33+00:00\" \/>\n<meta property=\"og:image\" content=\"https:\/\/www.honlufoodtrailer.com\/wp-content\/uploads\/2022\/03\/Customized-5.7M-single-deck-coffee-trailer-1.jpg\" \/>\n\t<meta property=\"og:image:width\" content=\"720\" \/>\n\t<meta property=\"og:image:height\" content=\"540\" \/>\n\t<meta property=\"og:image:type\" content=\"image\/jpeg\" \/>\n<meta name=\"twitter:card\" content=\"summary_large_image\" \/>\n<meta name=\"twitter:label1\" content=\"Tempo estimado de leitura\" \/>\n\t<meta name=\"twitter:data1\" content=\"4 minutos\" \/>\n<script type=\"application\/ld+json\" class=\"yoast-schema-graph\">{\"@context\":\"https:\\\/\\\/schema.org\",\"@graph\":[{\"@type\":\"WebPage\",\"@id\":\"https:\\\/\\\/www.honlufoodtrailer.com\\\/product\\\/customized-5-7m-single-deck-coffee-trailer\\\/\",\"url\":\"https:\\\/\\\/www.honlufoodtrailer.com\\\/product\\\/customized-5-7m-single-deck-coffee-trailer\\\/\",\"name\":\"5.7M single-deck coffee trailer - Honlu food trailer\",\"isPartOf\":{\"@id\":\"https:\\\/\\\/www.honlufoodtrailer.com\\\/#website\"},\"primaryImageOfPage\":{\"@id\":\"https:\\\/\\\/www.honlufoodtrailer.com\\\/product\\\/customized-5-7m-single-deck-coffee-trailer\\\/#primaryimage\"},\"image\":{\"@id\":\"https:\\\/\\\/www.honlufoodtrailer.com\\\/product\\\/customized-5-7m-single-deck-coffee-trailer\\\/#primaryimage\"},\"thumbnailUrl\":\"https:\\\/\\\/www.honlufoodtrailer.com\\\/wp-content\\\/uploads\\\/2022\\\/03\\\/Customized-5.7M-single-deck-coffee-trailer-1.jpg\",\"datePublished\":\"2022-03-01T01:27:57+00:00\",\"dateModified\":\"2022-03-21T09:46:33+00:00\",\"description\":\"This is a customized single-deck coffee trailer, the body and interior are made of stainless steel. The platforms on both sides can be lowered, which can be used to place some tables and chairs, publicity boards, food racks, etc. It is the preferred model for starting fast-food businesses.\",\"breadcrumb\":{\"@id\":\"https:\\\/\\\/www.honlufoodtrailer.com\\\/product\\\/customized-5-7m-single-deck-coffee-trailer\\\/#breadcrumb\"},\"inLanguage\":\"pt-PT\",\"potentialAction\":[{\"@type\":\"ReadAction\",\"target\":[\"https:\\\/\\\/www.honlufoodtrailer.com\\\/product\\\/customized-5-7m-single-deck-coffee-trailer\\\/\"]}]},{\"@type\":\"ImageObject\",\"inLanguage\":\"pt-PT\",\"@id\":\"https:\\\/\\\/www.honlufoodtrailer.com\\\/product\\\/customized-5-7m-single-deck-coffee-trailer\\\/#primaryimage\",\"url\":\"https:\\\/\\\/www.honlufoodtrailer.com\\\/wp-content\\\/uploads\\\/2022\\\/03\\\/Customized-5.7M-single-deck-coffee-trailer-1.jpg\",\"contentUrl\":\"https:\\\/\\\/www.honlufoodtrailer.com\\\/wp-content\\\/uploads\\\/2022\\\/03\\\/Customized-5.7M-single-deck-coffee-trailer-1.jpg\",\"width\":720,\"height\":540,\"caption\":\"Customized 5.7M single-deck coffee trailer (1)\"},{\"@type\":\"BreadcrumbList\",\"@id\":\"https:\\\/\\\/www.honlufoodtrailer.com\\\/product\\\/customized-5-7m-single-deck-coffee-trailer\\\/#breadcrumb\",\"itemListElement\":[{\"@type\":\"ListItem\",\"position\":1,\"name\":\"Home\",\"item\":\"https:\\\/\\\/www.honlufoodtrailer.com\\\/\"},{\"@type\":\"ListItem\",\"position\":2,\"name\":\"\u4ea7\u54c1\",\"item\":\"https:\\\/\\\/www.honlufoodtrailer.com\\\/shop\\\/\"},{\"@type\":\"ListItem\",\"position\":3,\"name\":\"5.7M single-deck coffee trailer\"}]},{\"@type\":\"WebSite\",\"@id\":\"https:\\\/\\\/www.honlufoodtrailer.com\\\/#website\",\"url\":\"https:\\\/\\\/www.honlufoodtrailer.com\\\/\",\"name\":\"Honlu food trailer\",\"description\":\"\",\"publisher\":{\"@id\":\"https:\\\/\\\/www.honlufoodtrailer.com\\\/#organization\"},\"potentialAction\":[{\"@type\":\"SearchAction\",\"target\":{\"@type\":\"EntryPoint\",\"urlTemplate\":\"https:\\\/\\\/www.honlufoodtrailer.com\\\/?s={search_term_string}\"},\"query-input\":{\"@type\":\"PropertyValueSpecification\",\"valueRequired\":true,\"valueName\":\"search_term_string\"}}],\"inLanguage\":\"pt-PT\"},{\"@type\":\"Organization\",\"@id\":\"https:\\\/\\\/www.honlufoodtrailer.com\\\/#organization\",\"name\":\"Honlu food trailer\",\"url\":\"https:\\\/\\\/www.honlufoodtrailer.com\\\/\",\"logo\":{\"@type\":\"ImageObject\",\"inLanguage\":\"pt-PT\",\"@id\":\"https:\\\/\\\/www.honlufoodtrailer.com\\\/#\\\/schema\\\/logo\\\/image\\\/\",\"url\":\"https:\\\/\\\/www.honlufoodtrailer.com\\\/wp-content\\\/uploads\\\/2021\\\/12\\\/2.gif\",\"contentUrl\":\"https:\\\/\\\/www.honlufoodtrailer.com\\\/wp-content\\\/uploads\\\/2021\\\/12\\\/2.gif\",\"width\":350,\"height\":100,\"caption\":\"Honlu food trailer\"},\"image\":{\"@id\":\"https:\\\/\\\/www.honlufoodtrailer.com\\\/#\\\/schema\\\/logo\\\/image\\\/\"}}]}<\/script>\n<!-- \/ Yoast SEO plugin. -->","yoast_head_json":{"title":"Reboque de caf\u00e9 de um andar com 5,7 m - Reboque de comida Honlu","description":"Este \u00e9 um trailer de caf\u00e9 personalizado de um andar, com carroceria e interior em a\u00e7o inoxid\u00e1vel. As plataformas laterais podem ser abaixadas, permitindo a coloca\u00e7\u00e3o de mesas e cadeiras, pain\u00e9is publicit\u00e1rios, expositores de alimentos, etc. \u00c9 o modelo ideal para quem est\u00e1 come\u00e7ando um neg\u00f3cio de fast-food.","robots":{"index":"index","follow":"follow","max-snippet":"max-snippet:-1","max-image-preview":"max-image-preview:large","max-video-preview":"max-video-preview:-1"},"canonical":"https:\/\/www.honlufoodtrailer.com\/pt\/product\/customized-5-7m-single-deck-coffee-trailer\/","og_locale":"pt_PT","og_type":"article","og_title":"5.7M single-deck coffee trailer - Honlu food trailer","og_description":"This is a customized single-deck coffee trailer, the body and interior are made of stainless steel. The platforms on both sides can be lowered, which can be used to place some tables and chairs, publicity boards, food racks, etc. It is the preferred model for starting fast-food businesses.","og_url":"https:\/\/www.honlufoodtrailer.com\/pt\/product\/customized-5-7m-single-deck-coffee-trailer\/","og_site_name":"Honlu food trailer","article_modified_time":"2022-03-21T09:46:33+00:00","og_image":[{"width":720,"height":540,"url":"https:\/\/www.honlufoodtrailer.com\/wp-content\/uploads\/2022\/03\/Customized-5.7M-single-deck-coffee-trailer-1.jpg","type":"image\/jpeg"}],"twitter_card":"summary_large_image","twitter_misc":{"Tempo estimado de leitura":"4 minutos"},"schema":{"@context":"https:\/\/schema.org","@graph":[{"@type":"WebPage","@id":"https:\/\/www.honlufoodtrailer.com\/product\/customized-5-7m-single-deck-coffee-trailer\/","url":"https:\/\/www.honlufoodtrailer.com\/product\/customized-5-7m-single-deck-coffee-trailer\/","name":"Reboque de caf\u00e9 de um andar com 5,7 m - Reboque de comida Honlu","isPartOf":{"@id":"https:\/\/www.honlufoodtrailer.com\/#website"},"primaryImageOfPage":{"@id":"https:\/\/www.honlufoodtrailer.com\/product\/customized-5-7m-single-deck-coffee-trailer\/#primaryimage"},"image":{"@id":"https:\/\/www.honlufoodtrailer.com\/product\/customized-5-7m-single-deck-coffee-trailer\/#primaryimage"},"thumbnailUrl":"https:\/\/www.honlufoodtrailer.com\/wp-content\/uploads\/2022\/03\/Customized-5.7M-single-deck-coffee-trailer-1.jpg","datePublished":"2022-03-01T01:27:57+00:00","dateModified":"2022-03-21T09:46:33+00:00","description":"Este \u00e9 um trailer de caf\u00e9 personalizado de um andar, com carroceria e interior em a\u00e7o inoxid\u00e1vel. As plataformas laterais podem ser abaixadas, permitindo a coloca\u00e7\u00e3o de mesas e cadeiras, pain\u00e9is publicit\u00e1rios, expositores de alimentos, etc. \u00c9 o modelo ideal para quem est\u00e1 come\u00e7ando um neg\u00f3cio de fast-food.","breadcrumb":{"@id":"https:\/\/www.honlufoodtrailer.com\/product\/customized-5-7m-single-deck-coffee-trailer\/#breadcrumb"},"inLanguage":"pt-PT","potentialAction":[{"@type":"ReadAction","target":["https:\/\/www.honlufoodtrailer.com\/product\/customized-5-7m-single-deck-coffee-trailer\/"]}]},{"@type":"ImageObject","inLanguage":"pt-PT","@id":"https:\/\/www.honlufoodtrailer.com\/product\/customized-5-7m-single-deck-coffee-trailer\/#primaryimage","url":"https:\/\/www.honlufoodtrailer.com\/wp-content\/uploads\/2022\/03\/Customized-5.7M-single-deck-coffee-trailer-1.jpg","contentUrl":"https:\/\/www.honlufoodtrailer.com\/wp-content\/uploads\/2022\/03\/Customized-5.7M-single-deck-coffee-trailer-1.jpg","width":720,"height":540,"caption":"Customized 5.7M single-deck coffee trailer (1)"},{"@type":"BreadcrumbList","@id":"https:\/\/www.honlufoodtrailer.com\/product\/customized-5-7m-single-deck-coffee-trailer\/#breadcrumb","itemListElement":[{"@type":"ListItem","position":1,"name":"Home","item":"https:\/\/www.honlufoodtrailer.com\/"},{"@type":"ListItem","position":2,"name":"\u4ea7\u54c1","item":"https:\/\/www.honlufoodtrailer.com\/shop\/"},{"@type":"ListItem","position":3,"name":"5.7M single-deck coffee trailer"}]},{"@type":"WebSite","@id":"https:\/\/www.honlufoodtrailer.com\/#website","url":"https:\/\/www.honlufoodtrailer.com\/","name":"Reboque de comida Honlu","description":"","publisher":{"@id":"https:\/\/www.honlufoodtrailer.com\/#organization"},"potentialAction":[{"@type":"SearchAction","target":{"@type":"EntryPoint","urlTemplate":"https:\/\/www.honlufoodtrailer.com\/?s={search_term_string}"},"query-input":{"@type":"PropertyValueSpecification","valueRequired":true,"valueName":"search_term_string"}}],"inLanguage":"pt-PT"},{"@type":"Organization","@id":"https:\/\/www.honlufoodtrailer.com\/#organization","name":"Reboque de comida Honlu","url":"https:\/\/www.honlufoodtrailer.com\/","logo":{"@type":"ImageObject","inLanguage":"pt-PT","@id":"https:\/\/www.honlufoodtrailer.com\/#\/schema\/logo\/image\/","url":"https:\/\/www.honlufoodtrailer.com\/wp-content\/uploads\/2021\/12\/2.gif","contentUrl":"https:\/\/www.honlufoodtrailer.com\/wp-content\/uploads\/2021\/12\/2.gif","width":350,"height":100,"caption":"Honlu food trailer"},"image":{"@id":"https:\/\/www.honlufoodtrailer.com\/#\/schema\/logo\/image\/"}}]}},"_links":{"self":[{"href":"https:\/\/www.honlufoodtrailer.com\/pt\/wp-json\/wp\/v2\/product\/3254","targetHints":{"allow":["GET"]}}],"collection":[{"href":"https:\/\/www.honlufoodtrailer.com\/pt\/wp-json\/wp\/v2\/product"}],"about":[{"href":"https:\/\/www.honlufoodtrailer.com\/pt\/wp-json\/wp\/v2\/types\/product"}],"version-history":[{"count":1,"href":"https:\/\/www.honlufoodtrailer.com\/pt\/wp-json\/wp\/v2\/product\/3254\/revisions"}],"predecessor-version":[{"id":3275,"href":"https:\/\/www.honlufoodtrailer.com\/pt\/wp-json\/wp\/v2\/product\/3254\/revisions\/3275"}],"wp:featuredmedia":[{"embeddable":true,"href":"https:\/\/www.honlufoodtrailer.com\/pt\/wp-json\/wp\/v2\/media\/3255"}],"wp:attachment":[{"href":"https:\/\/www.honlufoodtrailer.com\/pt\/wp-json\/wp\/v2\/media?parent=3254"}],"wp:term":[{"taxonomy":"product_brand","embeddable":true,"href":"https:\/\/www.honlufoodtrailer.com\/pt\/wp-json\/wp\/v2\/product_brand?post=3254"},{"taxonomy":"product_cat","embeddable":true,"href":"https:\/\/www.honlufoodtrailer.com\/pt\/wp-json\/wp\/v2\/product_cat?post=3254"},{"taxonomy":"product_tag","embeddable":true,"href":"https:\/\/www.honlufoodtrailer.com\/pt\/wp-json\/wp\/v2\/product_tag?post=3254"}],"curies":[{"name":"wp","href":"https:\/\/api.w.org\/{rel}","templated":true}]}}