{"id":3342,"date":"2022-03-08T14:47:37","date_gmt":"2022-03-08T06:47:37","guid":{"rendered":"https:\/\/www.honlufoodtrailer.com\/?post_type=product&#038;p=3342"},"modified":"2024-10-28T18:28:45","modified_gmt":"2024-10-28T10:28:45","slug":"3-5m-arc-style-food-trailer","status":"publish","type":"product","link":"https:\/\/www.honlufoodtrailer.com\/pt\/product\/3-5m-arc-style-food-trailer\/","title":{"rendered":"Reboque de comida em formato de arco de 3,5 m"},"content":{"rendered":"<p data-spm-anchor-id=\"a2700.wholesale.0.i28.29e52808agqc7f\">This is a mini 3.5m arc-style food trailer. It uses glass fiber reinforced plastic as the main material of the outer surface, and the internal workbench is made of stainless steel. According to customer needs, we have customized stickers on all sides of this trailer and added sliding windows on the basis of the pull-up windows.<\/p>\n<p>The whole food trailer is compact and easy to use. Besides, it has a competitive price. Therefore, it is a good choice for beginners to start fast food businesses.\u00a0 Also, we have CE-certified to help you to start a mobile food trailer business.<\/p>\n<p>This trailer consists of chassis, body, flooring, working table, water system, electric system. Users also can choose the color they want. We would like to purchase other types of equipment based on customers\u2019 needs.<\/p>\n<h3 class=\"magic-6\" data-spm-anchor-id=\"a2700.wholesale.0.i28.29e52808agqc7f\">Main Features of the 3.5M Arc Style Food Trailer<\/h3>\n<div class=\"magic-7\">\n<div class=\"magic-8\">\n<div class=\"magic-9\" data-id=\"paragraph0\">\n<ol>\n<li>Aspeto elegante, apar\u00eancia de autocolantes personalizados, que \u00e9 atraente;<\/li>\n<li>Material em fibra de vidro, mais leve e mais resistente, com vantagens de resist\u00eancia \u00e0 corros\u00e3o, isolamento, preserva\u00e7\u00e3o do calor, isolamento ac\u00fastico, etc;<\/li>\n<li>Acess\u00f3rios modernos e avan\u00e7ados equipados no carrinho de comida m\u00f3vel;<\/li>\n<li>Pr\u00e1tico e f\u00e1cil de deslocar;<\/li>\n<li>Janelas de correr personalizadas de acordo com as necessidades do cliente;<\/li>\n<li>Temos todo o gosto em modific\u00e1-lo de acordo com as suas necessidades.<\/li>\n<\/ol>\n<h3>Desenho de planta baixa 2D\/3D gratuito<\/h3>\n<p>Depois de confirmarmos as dimens\u00f5es do atrelado de alimentos e o equipamento interno da cozinha, podemos fornecer-lhe desenhos 3D gratuitamente. Isto dar-lhe-\u00e1 uma ideia mais clara do seu design e do seu carrinho de alimentos. Ao confirmar a localiza\u00e7\u00e3o do equipamento de cozinha, podemos comunicar claramente consigo atrav\u00e9s da planta baixa. Tamb\u00e9m podemos fornecer-lhe documentos originais para facilitar o seu projeto e fazer ajustes.<\/p>\n<\/div>\n<\/div>\n<\/div>","protected":false},"excerpt":{"rendered":"<p>This is one of our custom 3.5M round food trailers, the top of the front and rear are designed with a small arc. This one has the same style as the eight-meter galvanized food trailer, the customer chooses two different lengths to meet his needs. This 3.5m food trailer also equipped the top with a high-power exhaust fan, and a small window is also added at the front of the trailer.<\/p>","protected":false},"featured_media":3343,"template":"","meta":{"_themeisle_gutenberg_block_has_review":false},"product_brand":[],"product_cat":[26],"product_tag":[33,41,45,38],"class_list":{"0":"post-3342","1":"product","2":"type-product","3":"status-publish","4":"has-post-thumbnail","6":"product_cat-product","7":"product_tag-customized-trailer","8":"product_tag-galvanized-trailer","9":"product_tag-large-food-trailer","10":"product_tag-mobile-food-trailer","12":"first","13":"instock","14":"shipping-taxable","15":"product-type-simple"},"yoast_head":"<!-- This site is optimized with the Yoast SEO plugin v27.4 - https:\/\/yoast.com\/product\/yoast-seo-wordpress\/ -->\n<title>3.5M Arc Style Food Trailer - Henan Honlu Machinery Equipment Co., Ltd<\/title>\n<meta name=\"description\" content=\"This is one of our custom 3.5M arc style food trailers, the top of the front and rear are designed with a small arc. A good choice for beginners.\" \/>\n<meta name=\"robots\" content=\"index, follow, max-snippet:-1, max-image-preview:large, max-video-preview:-1\" \/>\n<link rel=\"canonical\" href=\"https:\/\/www.honlufoodtrailer.com\/pt\/product\/3-5m-arc-style-food-trailer\/\" \/>\n<meta property=\"og:locale\" content=\"pt_PT\" \/>\n<meta property=\"og:type\" content=\"article\" \/>\n<meta property=\"og:title\" content=\"3.5M Arc Style Food Trailer - Henan Honlu Machinery Equipment Co., Ltd\" \/>\n<meta property=\"og:description\" content=\"This is one of our custom 3.5M arc style food trailers, the top of the front and rear are designed with a small arc. A good choice for beginners.\" \/>\n<meta property=\"og:url\" content=\"https:\/\/www.honlufoodtrailer.com\/pt\/product\/3-5m-arc-style-food-trailer\/\" \/>\n<meta property=\"og:site_name\" content=\"Honlu food trailer\" \/>\n<meta property=\"article:modified_time\" content=\"2024-10-28T10:28:45+00:00\" \/>\n<meta property=\"og:image\" content=\"https:\/\/www.honlufoodtrailer.com\/wp-content\/uploads\/2022\/03\/3.5M-arc-style-food-trailer-1.jpg\" \/>\n\t<meta property=\"og:image:width\" content=\"720\" \/>\n\t<meta property=\"og:image:height\" content=\"540\" \/>\n\t<meta property=\"og:image:type\" content=\"image\/jpeg\" \/>\n<meta name=\"twitter:card\" content=\"summary_large_image\" \/>\n<meta name=\"twitter:label1\" content=\"Tempo estimado de leitura\" \/>\n\t<meta name=\"twitter:data1\" content=\"2 minutos\" \/>\n<script type=\"application\/ld+json\" class=\"yoast-schema-graph\">{\"@context\":\"https:\\\/\\\/schema.org\",\"@graph\":[{\"@type\":\"WebPage\",\"@id\":\"https:\\\/\\\/www.honlufoodtrailer.com\\\/product\\\/3-5m-arc-style-food-trailer\\\/\",\"url\":\"https:\\\/\\\/www.honlufoodtrailer.com\\\/product\\\/3-5m-arc-style-food-trailer\\\/\",\"name\":\"3.5M Arc Style Food Trailer - Henan Honlu Machinery Equipment Co., Ltd\",\"isPartOf\":{\"@id\":\"https:\\\/\\\/www.honlufoodtrailer.com\\\/#website\"},\"primaryImageOfPage\":{\"@id\":\"https:\\\/\\\/www.honlufoodtrailer.com\\\/product\\\/3-5m-arc-style-food-trailer\\\/#primaryimage\"},\"image\":{\"@id\":\"https:\\\/\\\/www.honlufoodtrailer.com\\\/product\\\/3-5m-arc-style-food-trailer\\\/#primaryimage\"},\"thumbnailUrl\":\"https:\\\/\\\/www.honlufoodtrailer.com\\\/wp-content\\\/uploads\\\/2022\\\/03\\\/3.5M-arc-style-food-trailer-1.jpg\",\"datePublished\":\"2022-03-08T06:47:37+00:00\",\"dateModified\":\"2024-10-28T10:28:45+00:00\",\"description\":\"This is one of our custom 3.5M arc style food trailers, the top of the front and rear are designed with a small arc. A good choice for beginners.\",\"breadcrumb\":{\"@id\":\"https:\\\/\\\/www.honlufoodtrailer.com\\\/product\\\/3-5m-arc-style-food-trailer\\\/#breadcrumb\"},\"inLanguage\":\"pt-PT\",\"potentialAction\":[{\"@type\":\"ReadAction\",\"target\":[\"https:\\\/\\\/www.honlufoodtrailer.com\\\/product\\\/3-5m-arc-style-food-trailer\\\/\"]}]},{\"@type\":\"ImageObject\",\"inLanguage\":\"pt-PT\",\"@id\":\"https:\\\/\\\/www.honlufoodtrailer.com\\\/product\\\/3-5m-arc-style-food-trailer\\\/#primaryimage\",\"url\":\"https:\\\/\\\/www.honlufoodtrailer.com\\\/wp-content\\\/uploads\\\/2022\\\/03\\\/3.5M-arc-style-food-trailer-1.jpg\",\"contentUrl\":\"https:\\\/\\\/www.honlufoodtrailer.com\\\/wp-content\\\/uploads\\\/2022\\\/03\\\/3.5M-arc-style-food-trailer-1.jpg\",\"width\":720,\"height\":540,\"caption\":\"3.5M arc style food trailer (1)\"},{\"@type\":\"BreadcrumbList\",\"@id\":\"https:\\\/\\\/www.honlufoodtrailer.com\\\/product\\\/3-5m-arc-style-food-trailer\\\/#breadcrumb\",\"itemListElement\":[{\"@type\":\"ListItem\",\"position\":1,\"name\":\"Home\",\"item\":\"https:\\\/\\\/www.honlufoodtrailer.com\\\/\"},{\"@type\":\"ListItem\",\"position\":2,\"name\":\"\u4ea7\u54c1\",\"item\":\"https:\\\/\\\/www.honlufoodtrailer.com\\\/shop\\\/\"},{\"@type\":\"ListItem\",\"position\":3,\"name\":\"3.5M Arc Style Food Trailer\"}]},{\"@type\":\"WebSite\",\"@id\":\"https:\\\/\\\/www.honlufoodtrailer.com\\\/#website\",\"url\":\"https:\\\/\\\/www.honlufoodtrailer.com\\\/\",\"name\":\"Honlu food trailer\",\"description\":\"\",\"publisher\":{\"@id\":\"https:\\\/\\\/www.honlufoodtrailer.com\\\/#organization\"},\"potentialAction\":[{\"@type\":\"SearchAction\",\"target\":{\"@type\":\"EntryPoint\",\"urlTemplate\":\"https:\\\/\\\/www.honlufoodtrailer.com\\\/?s={search_term_string}\"},\"query-input\":{\"@type\":\"PropertyValueSpecification\",\"valueRequired\":true,\"valueName\":\"search_term_string\"}}],\"inLanguage\":\"pt-PT\"},{\"@type\":\"Organization\",\"@id\":\"https:\\\/\\\/www.honlufoodtrailer.com\\\/#organization\",\"name\":\"Honlu food trailer\",\"url\":\"https:\\\/\\\/www.honlufoodtrailer.com\\\/\",\"logo\":{\"@type\":\"ImageObject\",\"inLanguage\":\"pt-PT\",\"@id\":\"https:\\\/\\\/www.honlufoodtrailer.com\\\/#\\\/schema\\\/logo\\\/image\\\/\",\"url\":\"https:\\\/\\\/www.honlufoodtrailer.com\\\/wp-content\\\/uploads\\\/2021\\\/12\\\/2.gif\",\"contentUrl\":\"https:\\\/\\\/www.honlufoodtrailer.com\\\/wp-content\\\/uploads\\\/2021\\\/12\\\/2.gif\",\"width\":350,\"height\":100,\"caption\":\"Honlu food trailer\"},\"image\":{\"@id\":\"https:\\\/\\\/www.honlufoodtrailer.com\\\/#\\\/schema\\\/logo\\\/image\\\/\"}}]}<\/script>\n<!-- \/ Yoast SEO plugin. -->","yoast_head_json":{"title":"3.5M Arc Style Food Trailer - Henan Honlu Machinery Equipment Co., Ltd","description":"This is one of our custom 3.5M arc style food trailers, the top of the front and rear are designed with a small arc. A good choice for beginners.","robots":{"index":"index","follow":"follow","max-snippet":"max-snippet:-1","max-image-preview":"max-image-preview:large","max-video-preview":"max-video-preview:-1"},"canonical":"https:\/\/www.honlufoodtrailer.com\/pt\/product\/3-5m-arc-style-food-trailer\/","og_locale":"pt_PT","og_type":"article","og_title":"3.5M Arc Style Food Trailer - Henan Honlu Machinery Equipment Co., Ltd","og_description":"This is one of our custom 3.5M arc style food trailers, the top of the front and rear are designed with a small arc. A good choice for beginners.","og_url":"https:\/\/www.honlufoodtrailer.com\/pt\/product\/3-5m-arc-style-food-trailer\/","og_site_name":"Honlu food trailer","article_modified_time":"2024-10-28T10:28:45+00:00","og_image":[{"width":720,"height":540,"url":"https:\/\/www.honlufoodtrailer.com\/wp-content\/uploads\/2022\/03\/3.5M-arc-style-food-trailer-1.jpg","type":"image\/jpeg"}],"twitter_card":"summary_large_image","twitter_misc":{"Tempo estimado de leitura":"2 minutos"},"schema":{"@context":"https:\/\/schema.org","@graph":[{"@type":"WebPage","@id":"https:\/\/www.honlufoodtrailer.com\/product\/3-5m-arc-style-food-trailer\/","url":"https:\/\/www.honlufoodtrailer.com\/product\/3-5m-arc-style-food-trailer\/","name":"3.5M Arc Style Food Trailer - Henan Honlu Machinery Equipment Co., Ltd","isPartOf":{"@id":"https:\/\/www.honlufoodtrailer.com\/#website"},"primaryImageOfPage":{"@id":"https:\/\/www.honlufoodtrailer.com\/product\/3-5m-arc-style-food-trailer\/#primaryimage"},"image":{"@id":"https:\/\/www.honlufoodtrailer.com\/product\/3-5m-arc-style-food-trailer\/#primaryimage"},"thumbnailUrl":"https:\/\/www.honlufoodtrailer.com\/wp-content\/uploads\/2022\/03\/3.5M-arc-style-food-trailer-1.jpg","datePublished":"2022-03-08T06:47:37+00:00","dateModified":"2024-10-28T10:28:45+00:00","description":"This is one of our custom 3.5M arc style food trailers, the top of the front and rear are designed with a small arc. A good choice for beginners.","breadcrumb":{"@id":"https:\/\/www.honlufoodtrailer.com\/product\/3-5m-arc-style-food-trailer\/#breadcrumb"},"inLanguage":"pt-PT","potentialAction":[{"@type":"ReadAction","target":["https:\/\/www.honlufoodtrailer.com\/product\/3-5m-arc-style-food-trailer\/"]}]},{"@type":"ImageObject","inLanguage":"pt-PT","@id":"https:\/\/www.honlufoodtrailer.com\/product\/3-5m-arc-style-food-trailer\/#primaryimage","url":"https:\/\/www.honlufoodtrailer.com\/wp-content\/uploads\/2022\/03\/3.5M-arc-style-food-trailer-1.jpg","contentUrl":"https:\/\/www.honlufoodtrailer.com\/wp-content\/uploads\/2022\/03\/3.5M-arc-style-food-trailer-1.jpg","width":720,"height":540,"caption":"3.5M arc style food trailer (1)"},{"@type":"BreadcrumbList","@id":"https:\/\/www.honlufoodtrailer.com\/product\/3-5m-arc-style-food-trailer\/#breadcrumb","itemListElement":[{"@type":"ListItem","position":1,"name":"Home","item":"https:\/\/www.honlufoodtrailer.com\/"},{"@type":"ListItem","position":2,"name":"\u4ea7\u54c1","item":"https:\/\/www.honlufoodtrailer.com\/shop\/"},{"@type":"ListItem","position":3,"name":"3.5M Arc Style Food Trailer"}]},{"@type":"WebSite","@id":"https:\/\/www.honlufoodtrailer.com\/#website","url":"https:\/\/www.honlufoodtrailer.com\/","name":"Reboque de comida Honlu","description":"","publisher":{"@id":"https:\/\/www.honlufoodtrailer.com\/#organization"},"potentialAction":[{"@type":"SearchAction","target":{"@type":"EntryPoint","urlTemplate":"https:\/\/www.honlufoodtrailer.com\/?s={search_term_string}"},"query-input":{"@type":"PropertyValueSpecification","valueRequired":true,"valueName":"search_term_string"}}],"inLanguage":"pt-PT"},{"@type":"Organization","@id":"https:\/\/www.honlufoodtrailer.com\/#organization","name":"Reboque de comida Honlu","url":"https:\/\/www.honlufoodtrailer.com\/","logo":{"@type":"ImageObject","inLanguage":"pt-PT","@id":"https:\/\/www.honlufoodtrailer.com\/#\/schema\/logo\/image\/","url":"https:\/\/www.honlufoodtrailer.com\/wp-content\/uploads\/2021\/12\/2.gif","contentUrl":"https:\/\/www.honlufoodtrailer.com\/wp-content\/uploads\/2021\/12\/2.gif","width":350,"height":100,"caption":"Honlu food trailer"},"image":{"@id":"https:\/\/www.honlufoodtrailer.com\/#\/schema\/logo\/image\/"}}]}},"_links":{"self":[{"href":"https:\/\/www.honlufoodtrailer.com\/pt\/wp-json\/wp\/v2\/product\/3342","targetHints":{"allow":["GET"]}}],"collection":[{"href":"https:\/\/www.honlufoodtrailer.com\/pt\/wp-json\/wp\/v2\/product"}],"about":[{"href":"https:\/\/www.honlufoodtrailer.com\/pt\/wp-json\/wp\/v2\/types\/product"}],"version-history":[{"count":3,"href":"https:\/\/www.honlufoodtrailer.com\/pt\/wp-json\/wp\/v2\/product\/3342\/revisions"}],"predecessor-version":[{"id":7943,"href":"https:\/\/www.honlufoodtrailer.com\/pt\/wp-json\/wp\/v2\/product\/3342\/revisions\/7943"}],"wp:featuredmedia":[{"embeddable":true,"href":"https:\/\/www.honlufoodtrailer.com\/pt\/wp-json\/wp\/v2\/media\/3343"}],"wp:attachment":[{"href":"https:\/\/www.honlufoodtrailer.com\/pt\/wp-json\/wp\/v2\/media?parent=3342"}],"wp:term":[{"taxonomy":"product_brand","embeddable":true,"href":"https:\/\/www.honlufoodtrailer.com\/pt\/wp-json\/wp\/v2\/product_brand?post=3342"},{"taxonomy":"product_cat","embeddable":true,"href":"https:\/\/www.honlufoodtrailer.com\/pt\/wp-json\/wp\/v2\/product_cat?post=3342"},{"taxonomy":"product_tag","embeddable":true,"href":"https:\/\/www.honlufoodtrailer.com\/pt\/wp-json\/wp\/v2\/product_tag?post=3342"}],"curies":[{"name":"wp","href":"https:\/\/api.w.org\/{rel}","templated":true}]}}