{"id":3413,"date":"2022-03-12T16:59:52","date_gmt":"2022-03-12T08:59:52","guid":{"rendered":"https:\/\/www.honlufoodtrailer.com\/?post_type=product&#038;p=3413"},"modified":"2023-11-04T11:29:46","modified_gmt":"2023-11-04T03:29:46","slug":"customized-7m-square-food-trailer","status":"publish","type":"product","link":"https:\/\/www.honlufoodtrailer.com\/pt\/product\/customized-7m-square-food-trailer\/","title":{"rendered":"Reboque alimentar quadrado personalizado de 7M"},"content":{"rendered":"<p data-spm-anchor-id=\"a2700.wholesale.0.i28.29e52808agqc7f\">Este \u00e9 um dos nossos reboques de alimentos personalizados de sete metros quadrados. Devido ao corpo de sete metros de comprimento, n\u00f3s personalizamos muitos equipamentos de cozinha dentro do trailer de alimentos. De acordo com as necessidades do cliente, n\u00f3s abrimos uma porta na parte traseira e traseira do trailer de alimentos.<\/p>\n<p data-spm-anchor-id=\"a2700.wholesale.0.i28.29e52808agqc7f\">A bancada de trabalho e a parede interior da carro\u00e7aria s\u00e3o todas feitas de a\u00e7o inoxid\u00e1vel de qualidade alimentar. E, de acordo com as necessidades do cliente, est\u00e1 equipada com congeladores, expositores de isolamento de alimentos, quatro lava-loi\u00e7as personalizados, fog\u00f5es a g\u00e1s, exaustores de cozinha e outros equipamentos. Gostar\u00edamos de adquirir outros tipos de equipamento com base nas necessidades dos clientes.<\/p>\n<figure id=\"attachment_3414\" aria-describedby=\"caption-attachment-3414\" style=\"width: 720px\" class=\"wp-caption aligncenter\"><img fetchpriority=\"high\" decoding=\"async\" class=\"size-full wp-image-3414\" src=\"https:\/\/www.honlufoodtrailer.com\/wp-content\/uploads\/2022\/03\/Customized-7M-square-food-trailer-1.jpg\" alt=\"Reboque alimentar quadrado personalizado de 7M (1)\" width=\"720\" height=\"540\" srcset=\"https:\/\/www.honlufoodtrailer.com\/wp-content\/uploads\/2022\/03\/Customized-7M-square-food-trailer-1.jpg 720w, https:\/\/www.honlufoodtrailer.com\/wp-content\/uploads\/2022\/03\/Customized-7M-square-food-trailer-1-480x360.jpg 480w, https:\/\/www.honlufoodtrailer.com\/wp-content\/uploads\/2022\/03\/Customized-7M-square-food-trailer-1-300x225.jpg 300w\" sizes=\"(max-width: 720px) 100vw, 720px\" \/><figcaption id=\"caption-attachment-3414\" class=\"wp-caption-text\">Reboque alimentar quadrado personalizado de 7M (1)<\/figcaption><\/figure>\n<p data-spm-anchor-id=\"a2700.wholesale.0.i28.29e52808agqc7f\">A cor de todo o ve\u00edculo \u00e9 preta, e os nossos clientes querem acrescentar algumas lanternas, pain\u00e9is publicit\u00e1rios e outros ornamentos \u00e0 volta, pelo que tamb\u00e9m acrescentamos ganchos em algumas partes para facilitar a sua utiliza\u00e7\u00e3o. Tamb\u00e9m utilizamos o design \u00e0 prova de chuva nas janelas e portas, todos estes pequenos designs s\u00e3o para que os clientes tenham uma melhor experi\u00eancia.<\/p>\n<p>O reboque \u00e9 compacto e f\u00e1cil de utilizar. \u00c9 o modelo preferido para iniciar neg\u00f3cios de comida r\u00e1pida, encomendas de compras a granel em centros comerciais, gest\u00e3o unificada de comida r\u00e1pida de rua e piqueniques familiares. Tamb\u00e9m pode ser aplicado para vender qualquer coisa, desde cachorros-quentes, opera\u00e7\u00f5es de retalho, opera\u00e7\u00f5es de flores, sandu\u00edches, caf\u00e9, gelados, etc. Temos certifica\u00e7\u00e3o CE para o ajudar a iniciar um neg\u00f3cio m\u00f3vel.<\/p>\n<figure id=\"attachment_3415\" aria-describedby=\"caption-attachment-3415\" style=\"width: 720px\" class=\"wp-caption aligncenter\"><img decoding=\"async\" class=\"size-full wp-image-3415\" src=\"https:\/\/www.honlufoodtrailer.com\/wp-content\/uploads\/2022\/03\/Customized-7M-square-food-trailer-2.jpg\" alt=\"Reboque alimentar quadrado personalizado de 7M (2)\" width=\"720\" height=\"540\" srcset=\"https:\/\/www.honlufoodtrailer.com\/wp-content\/uploads\/2022\/03\/Customized-7M-square-food-trailer-2.jpg 720w, https:\/\/www.honlufoodtrailer.com\/wp-content\/uploads\/2022\/03\/Customized-7M-square-food-trailer-2-480x360.jpg 480w, https:\/\/www.honlufoodtrailer.com\/wp-content\/uploads\/2022\/03\/Customized-7M-square-food-trailer-2-300x225.jpg 300w\" sizes=\"(max-width: 720px) 100vw, 720px\" \/><figcaption id=\"caption-attachment-3415\" class=\"wp-caption-text\">Reboque alimentar quadrado personalizado de 7M (2)<\/figcaption><\/figure>\n<h3 class=\"magic-6\" data-spm-anchor-id=\"a2700.wholesale.0.i28.29e52808agqc7f\">Principais carater\u00edsticas do reboque galvanizado para alimentos<\/h3>\n<div class=\"magic-7\">\n<div class=\"magic-8\">\n<div class=\"magic-9\" data-id=\"paragraph0\">\n<ol>\n<li>A carro\u00e7aria super-longa tem um espa\u00e7o interior maior e pode acomodar mais equipamento para satisfazer as v\u00e1rias necessidades dos clientes;<\/li>\n<li>Material em chapa galvanizada com excelente resist\u00eancia \u00e0 corros\u00e3o e ao calor;<\/li>\n<li>Acess\u00f3rios modernos e avan\u00e7ados equipados no reboque alimentar m\u00f3vel;<\/li>\n<li>Pr\u00e1tico e f\u00e1cil de deslocar;<\/li>\n<li>Temos todo o gosto em modific\u00e1-lo de acordo com as suas necessidades.<\/li>\n<\/ol>\n<h3>Desenho de planta baixa 2D\/3D gratuito<\/h3>\n<p>Depois de confirmarmos as dimens\u00f5es do atrelado de alimentos e o equipamento interno da cozinha, podemos fornecer-lhe desenhos 3D gratuitamente. Isto dar-lhe-\u00e1 uma ideia mais clara do seu design e do seu carrinho de alimentos. Ao confirmar a localiza\u00e7\u00e3o do equipamento de cozinha, podemos comunicar claramente consigo atrav\u00e9s da planta baixa. Tamb\u00e9m podemos fornecer-lhe documentos originais para facilitar o seu projeto e fazer ajustes.<\/p>\n<\/div>\n<\/div>\n<\/div>","protected":false},"excerpt":{"rendered":"<p>Este \u00e9 um dos nossos reboques de alimentos personalizados de sete metros quadrados. Devido ao corpo de sete metros de comprimento, n\u00f3s personalizamos muitos equipamentos de cozinha dentro do trailer de alimentos. De acordo com as necessidades do cliente, n\u00f3s abrimos uma porta na parte traseira e traseira do carro de jantar.<\/p>","protected":false},"featured_media":3414,"template":"","meta":{"_themeisle_gutenberg_block_has_review":false},"product_brand":[],"product_cat":[26],"product_tag":[33,41,45,38],"class_list":{"0":"post-3413","1":"product","2":"type-product","3":"status-publish","4":"has-post-thumbnail","6":"product_cat-product","7":"product_tag-customized-trailer","8":"product_tag-galvanized-trailer","9":"product_tag-large-food-trailer","10":"product_tag-mobile-food-trailer","12":"first","13":"instock","14":"shipping-taxable","15":"product-type-simple"},"yoast_head":"<!-- This site is optimized with the Yoast SEO plugin v27.4 - https:\/\/yoast.com\/product\/yoast-seo-wordpress\/ -->\n<title>Customized 7M square food trailer - Honlu food trailer<\/title>\n<meta name=\"description\" content=\"This is one of our custom seven-meter square food trailers. Due to the seven-meter-long body, we customized many kitchen equipments inside the food trailer. According to customer needs, we have opened a door at the back and rear of the dining car.\" \/>\n<meta name=\"robots\" content=\"index, follow, max-snippet:-1, max-image-preview:large, max-video-preview:-1\" \/>\n<link rel=\"canonical\" href=\"https:\/\/www.honlufoodtrailer.com\/pt\/product\/customized-7m-square-food-trailer\/\" \/>\n<meta property=\"og:locale\" content=\"pt_PT\" \/>\n<meta property=\"og:type\" content=\"article\" \/>\n<meta property=\"og:title\" content=\"Customized 7M square food trailer - Honlu food trailer\" \/>\n<meta property=\"og:description\" content=\"This is one of our custom seven-meter square food trailers. Due to the seven-meter-long body, we customized many kitchen equipments inside the food trailer. According to customer needs, we have opened a door at the back and rear of the dining car.\" \/>\n<meta property=\"og:url\" content=\"https:\/\/www.honlufoodtrailer.com\/pt\/product\/customized-7m-square-food-trailer\/\" \/>\n<meta property=\"og:site_name\" content=\"Honlu food trailer\" \/>\n<meta property=\"article:modified_time\" content=\"2023-11-04T03:29:46+00:00\" \/>\n<meta property=\"og:image\" content=\"https:\/\/www.honlufoodtrailer.com\/wp-content\/uploads\/2022\/03\/Customized-7M-square-food-trailer-1.jpg\" \/>\n\t<meta property=\"og:image:width\" content=\"720\" \/>\n\t<meta property=\"og:image:height\" content=\"540\" \/>\n\t<meta property=\"og:image:type\" content=\"image\/jpeg\" \/>\n<meta name=\"twitter:card\" content=\"summary_large_image\" \/>\n<meta name=\"twitter:label1\" content=\"Tempo estimado de leitura\" \/>\n\t<meta name=\"twitter:data1\" content=\"2 minutos\" \/>\n<script type=\"application\/ld+json\" class=\"yoast-schema-graph\">{\"@context\":\"https:\\\/\\\/schema.org\",\"@graph\":[{\"@type\":\"WebPage\",\"@id\":\"https:\\\/\\\/www.honlufoodtrailer.com\\\/product\\\/customized-7m-square-food-trailer\\\/\",\"url\":\"https:\\\/\\\/www.honlufoodtrailer.com\\\/product\\\/customized-7m-square-food-trailer\\\/\",\"name\":\"Customized 7M square food trailer - Honlu food trailer\",\"isPartOf\":{\"@id\":\"https:\\\/\\\/www.honlufoodtrailer.com\\\/#website\"},\"primaryImageOfPage\":{\"@id\":\"https:\\\/\\\/www.honlufoodtrailer.com\\\/product\\\/customized-7m-square-food-trailer\\\/#primaryimage\"},\"image\":{\"@id\":\"https:\\\/\\\/www.honlufoodtrailer.com\\\/product\\\/customized-7m-square-food-trailer\\\/#primaryimage\"},\"thumbnailUrl\":\"https:\\\/\\\/www.honlufoodtrailer.com\\\/wp-content\\\/uploads\\\/2022\\\/03\\\/Customized-7M-square-food-trailer-1.jpg\",\"datePublished\":\"2022-03-12T08:59:52+00:00\",\"dateModified\":\"2023-11-04T03:29:46+00:00\",\"description\":\"This is one of our custom seven-meter square food trailers. Due to the seven-meter-long body, we customized many kitchen equipments inside the food trailer. According to customer needs, we have opened a door at the back and rear of the dining car.\",\"breadcrumb\":{\"@id\":\"https:\\\/\\\/www.honlufoodtrailer.com\\\/product\\\/customized-7m-square-food-trailer\\\/#breadcrumb\"},\"inLanguage\":\"pt-PT\",\"potentialAction\":[{\"@type\":\"ReadAction\",\"target\":[\"https:\\\/\\\/www.honlufoodtrailer.com\\\/product\\\/customized-7m-square-food-trailer\\\/\"]}]},{\"@type\":\"ImageObject\",\"inLanguage\":\"pt-PT\",\"@id\":\"https:\\\/\\\/www.honlufoodtrailer.com\\\/product\\\/customized-7m-square-food-trailer\\\/#primaryimage\",\"url\":\"https:\\\/\\\/www.honlufoodtrailer.com\\\/wp-content\\\/uploads\\\/2022\\\/03\\\/Customized-7M-square-food-trailer-1.jpg\",\"contentUrl\":\"https:\\\/\\\/www.honlufoodtrailer.com\\\/wp-content\\\/uploads\\\/2022\\\/03\\\/Customized-7M-square-food-trailer-1.jpg\",\"width\":720,\"height\":540,\"caption\":\"Customized 7M square food trailer (1)\"},{\"@type\":\"BreadcrumbList\",\"@id\":\"https:\\\/\\\/www.honlufoodtrailer.com\\\/product\\\/customized-7m-square-food-trailer\\\/#breadcrumb\",\"itemListElement\":[{\"@type\":\"ListItem\",\"position\":1,\"name\":\"Home\",\"item\":\"https:\\\/\\\/www.honlufoodtrailer.com\\\/\"},{\"@type\":\"ListItem\",\"position\":2,\"name\":\"\u4ea7\u54c1\",\"item\":\"https:\\\/\\\/www.honlufoodtrailer.com\\\/shop\\\/\"},{\"@type\":\"ListItem\",\"position\":3,\"name\":\"Customized 7M square food trailer\"}]},{\"@type\":\"WebSite\",\"@id\":\"https:\\\/\\\/www.honlufoodtrailer.com\\\/#website\",\"url\":\"https:\\\/\\\/www.honlufoodtrailer.com\\\/\",\"name\":\"Honlu food trailer\",\"description\":\"\",\"publisher\":{\"@id\":\"https:\\\/\\\/www.honlufoodtrailer.com\\\/#organization\"},\"potentialAction\":[{\"@type\":\"SearchAction\",\"target\":{\"@type\":\"EntryPoint\",\"urlTemplate\":\"https:\\\/\\\/www.honlufoodtrailer.com\\\/?s={search_term_string}\"},\"query-input\":{\"@type\":\"PropertyValueSpecification\",\"valueRequired\":true,\"valueName\":\"search_term_string\"}}],\"inLanguage\":\"pt-PT\"},{\"@type\":\"Organization\",\"@id\":\"https:\\\/\\\/www.honlufoodtrailer.com\\\/#organization\",\"name\":\"Honlu food trailer\",\"url\":\"https:\\\/\\\/www.honlufoodtrailer.com\\\/\",\"logo\":{\"@type\":\"ImageObject\",\"inLanguage\":\"pt-PT\",\"@id\":\"https:\\\/\\\/www.honlufoodtrailer.com\\\/#\\\/schema\\\/logo\\\/image\\\/\",\"url\":\"https:\\\/\\\/www.honlufoodtrailer.com\\\/wp-content\\\/uploads\\\/2021\\\/12\\\/2.gif\",\"contentUrl\":\"https:\\\/\\\/www.honlufoodtrailer.com\\\/wp-content\\\/uploads\\\/2021\\\/12\\\/2.gif\",\"width\":350,\"height\":100,\"caption\":\"Honlu food trailer\"},\"image\":{\"@id\":\"https:\\\/\\\/www.honlufoodtrailer.com\\\/#\\\/schema\\\/logo\\\/image\\\/\"}}]}<\/script>\n<!-- \/ Yoast SEO plugin. -->","yoast_head_json":{"title":"Reboque alimentar quadrado 7M personalizado - Reboque alimentar Honlu","description":"Este \u00e9 um dos nossos reboques de alimentos personalizados de sete metros quadrados. Devido ao corpo de sete metros de comprimento, n\u00f3s personalizamos muitos equipamentos de cozinha dentro do trailer de alimentos. De acordo com as necessidades do cliente, n\u00f3s abrimos uma porta na parte traseira e traseira do carro de jantar.","robots":{"index":"index","follow":"follow","max-snippet":"max-snippet:-1","max-image-preview":"max-image-preview:large","max-video-preview":"max-video-preview:-1"},"canonical":"https:\/\/www.honlufoodtrailer.com\/pt\/product\/customized-7m-square-food-trailer\/","og_locale":"pt_PT","og_type":"article","og_title":"Customized 7M square food trailer - Honlu food trailer","og_description":"This is one of our custom seven-meter square food trailers. Due to the seven-meter-long body, we customized many kitchen equipments inside the food trailer. According to customer needs, we have opened a door at the back and rear of the dining car.","og_url":"https:\/\/www.honlufoodtrailer.com\/pt\/product\/customized-7m-square-food-trailer\/","og_site_name":"Honlu food trailer","article_modified_time":"2023-11-04T03:29:46+00:00","og_image":[{"width":720,"height":540,"url":"https:\/\/www.honlufoodtrailer.com\/wp-content\/uploads\/2022\/03\/Customized-7M-square-food-trailer-1.jpg","type":"image\/jpeg"}],"twitter_card":"summary_large_image","twitter_misc":{"Tempo estimado de leitura":"2 minutos"},"schema":{"@context":"https:\/\/schema.org","@graph":[{"@type":"WebPage","@id":"https:\/\/www.honlufoodtrailer.com\/product\/customized-7m-square-food-trailer\/","url":"https:\/\/www.honlufoodtrailer.com\/product\/customized-7m-square-food-trailer\/","name":"Reboque alimentar quadrado 7M personalizado - Reboque alimentar Honlu","isPartOf":{"@id":"https:\/\/www.honlufoodtrailer.com\/#website"},"primaryImageOfPage":{"@id":"https:\/\/www.honlufoodtrailer.com\/product\/customized-7m-square-food-trailer\/#primaryimage"},"image":{"@id":"https:\/\/www.honlufoodtrailer.com\/product\/customized-7m-square-food-trailer\/#primaryimage"},"thumbnailUrl":"https:\/\/www.honlufoodtrailer.com\/wp-content\/uploads\/2022\/03\/Customized-7M-square-food-trailer-1.jpg","datePublished":"2022-03-12T08:59:52+00:00","dateModified":"2023-11-04T03:29:46+00:00","description":"Este \u00e9 um dos nossos reboques de alimentos personalizados de sete metros quadrados. Devido ao corpo de sete metros de comprimento, n\u00f3s personalizamos muitos equipamentos de cozinha dentro do trailer de alimentos. De acordo com as necessidades do cliente, n\u00f3s abrimos uma porta na parte traseira e traseira do carro de jantar.","breadcrumb":{"@id":"https:\/\/www.honlufoodtrailer.com\/product\/customized-7m-square-food-trailer\/#breadcrumb"},"inLanguage":"pt-PT","potentialAction":[{"@type":"ReadAction","target":["https:\/\/www.honlufoodtrailer.com\/product\/customized-7m-square-food-trailer\/"]}]},{"@type":"ImageObject","inLanguage":"pt-PT","@id":"https:\/\/www.honlufoodtrailer.com\/product\/customized-7m-square-food-trailer\/#primaryimage","url":"https:\/\/www.honlufoodtrailer.com\/wp-content\/uploads\/2022\/03\/Customized-7M-square-food-trailer-1.jpg","contentUrl":"https:\/\/www.honlufoodtrailer.com\/wp-content\/uploads\/2022\/03\/Customized-7M-square-food-trailer-1.jpg","width":720,"height":540,"caption":"Customized 7M square food trailer (1)"},{"@type":"BreadcrumbList","@id":"https:\/\/www.honlufoodtrailer.com\/product\/customized-7m-square-food-trailer\/#breadcrumb","itemListElement":[{"@type":"ListItem","position":1,"name":"Home","item":"https:\/\/www.honlufoodtrailer.com\/"},{"@type":"ListItem","position":2,"name":"\u4ea7\u54c1","item":"https:\/\/www.honlufoodtrailer.com\/shop\/"},{"@type":"ListItem","position":3,"name":"Customized 7M square food trailer"}]},{"@type":"WebSite","@id":"https:\/\/www.honlufoodtrailer.com\/#website","url":"https:\/\/www.honlufoodtrailer.com\/","name":"Reboque de comida Honlu","description":"","publisher":{"@id":"https:\/\/www.honlufoodtrailer.com\/#organization"},"potentialAction":[{"@type":"SearchAction","target":{"@type":"EntryPoint","urlTemplate":"https:\/\/www.honlufoodtrailer.com\/?s={search_term_string}"},"query-input":{"@type":"PropertyValueSpecification","valueRequired":true,"valueName":"search_term_string"}}],"inLanguage":"pt-PT"},{"@type":"Organization","@id":"https:\/\/www.honlufoodtrailer.com\/#organization","name":"Reboque de comida Honlu","url":"https:\/\/www.honlufoodtrailer.com\/","logo":{"@type":"ImageObject","inLanguage":"pt-PT","@id":"https:\/\/www.honlufoodtrailer.com\/#\/schema\/logo\/image\/","url":"https:\/\/www.honlufoodtrailer.com\/wp-content\/uploads\/2021\/12\/2.gif","contentUrl":"https:\/\/www.honlufoodtrailer.com\/wp-content\/uploads\/2021\/12\/2.gif","width":350,"height":100,"caption":"Honlu food trailer"},"image":{"@id":"https:\/\/www.honlufoodtrailer.com\/#\/schema\/logo\/image\/"}}]}},"_links":{"self":[{"href":"https:\/\/www.honlufoodtrailer.com\/pt\/wp-json\/wp\/v2\/product\/3413","targetHints":{"allow":["GET"]}}],"collection":[{"href":"https:\/\/www.honlufoodtrailer.com\/pt\/wp-json\/wp\/v2\/product"}],"about":[{"href":"https:\/\/www.honlufoodtrailer.com\/pt\/wp-json\/wp\/v2\/types\/product"}],"version-history":[{"count":3,"href":"https:\/\/www.honlufoodtrailer.com\/pt\/wp-json\/wp\/v2\/product\/3413\/revisions"}],"predecessor-version":[{"id":5724,"href":"https:\/\/www.honlufoodtrailer.com\/pt\/wp-json\/wp\/v2\/product\/3413\/revisions\/5724"}],"wp:featuredmedia":[{"embeddable":true,"href":"https:\/\/www.honlufoodtrailer.com\/pt\/wp-json\/wp\/v2\/media\/3414"}],"wp:attachment":[{"href":"https:\/\/www.honlufoodtrailer.com\/pt\/wp-json\/wp\/v2\/media?parent=3413"}],"wp:term":[{"taxonomy":"product_brand","embeddable":true,"href":"https:\/\/www.honlufoodtrailer.com\/pt\/wp-json\/wp\/v2\/product_brand?post=3413"},{"taxonomy":"product_cat","embeddable":true,"href":"https:\/\/www.honlufoodtrailer.com\/pt\/wp-json\/wp\/v2\/product_cat?post=3413"},{"taxonomy":"product_tag","embeddable":true,"href":"https:\/\/www.honlufoodtrailer.com\/pt\/wp-json\/wp\/v2\/product_tag?post=3413"}],"curies":[{"name":"wp","href":"https:\/\/api.w.org\/{rel}","templated":true}]}}