{"id":5386,"date":"2023-01-06T16:24:31","date_gmt":"2023-01-06T08:24:31","guid":{"rendered":"https:\/\/www.honlufoodtrailer.com\/?post_type=product&#038;p=5386"},"modified":"2023-01-07T17:03:24","modified_gmt":"2023-01-07T09:03:24","slug":"street-concession-food-van-trailer-cart-airstream-food-trailer-used-food-trailers-for-sale-by-owner","status":"publish","type":"product","link":"https:\/\/www.honlufoodtrailer.com\/pt\/product\/street-concession-food-van-trailer-cart-airstream-food-trailer-used-food-trailers-for-sale-by-owner\/","title":{"rendered":"Food truck de rua, trailer de comida, trailer de comida Airstream, trailers de comida usados \u00e0 venda pelo propriet\u00e1rio."},"content":{"rendered":"<p>Airstream food trailer with custom fast food machines.<br \/>\nTamanho personalizado: 3m a 11m de comprimento, 9.8ft 13ft 16ft 20ft 40ft trailer de alimentos.<\/p>\n<p>The food trailer in the picture is 4500*2000*2100mm, 14ft*6.56ft*6.88ft,L*W*H, or customized as your request.<\/p>\n<p>Basta dizer-nos quantas pessoas v\u00e3o trabalhar na caravana, est\u00e1 bem?.<\/p>\n<p><img fetchpriority=\"high\" decoding=\"async\" class=\"alignnone size-full wp-image-5393\" src=\"https:\/\/www.honlufoodtrailer.com\/wp-content\/uploads\/2023\/01\/720\u00d7540-5-3.jpg\" alt=\"\" width=\"720\" height=\"540\" srcset=\"https:\/\/www.honlufoodtrailer.com\/wp-content\/uploads\/2023\/01\/720\u00d7540-5-3.jpg 720w, https:\/\/www.honlufoodtrailer.com\/wp-content\/uploads\/2023\/01\/720\u00d7540-5-3-480x360.jpg 480w, https:\/\/www.honlufoodtrailer.com\/wp-content\/uploads\/2023\/01\/720\u00d7540-5-3-300x225.jpg 300w\" sizes=\"(max-width: 720px) 100vw, 720px\" \/><\/p>\n<p><b data-spm-anchor-id=\"a2700.details.0.i9.1018c40b3cIxOh\">NOTA\uff1a<\/b><\/p>\n<p>1. O tamanho do corpo n\u00e3o \u00e9 fixo, voc\u00ea pode ter seu pr\u00f3prio tamanho e design. A personaliza\u00e7\u00e3o est\u00e1 dispon\u00edvel\uff1b<\/p>\n<p>2. Qualquer projeto de trailer incerto, n\u00e3o hesite em falar conosco\uff1b<\/p>\n<p>3. n\u00f3s podemos fornecer desenhos 3D para que voc\u00ea possa visualizar o seu personalizado dentro de reboques de alimentos.<\/p>\n<p><img decoding=\"async\" class=\"alignnone size-full wp-image-5397\" src=\"https:\/\/www.honlufoodtrailer.com\/wp-content\/uploads\/2023\/01\/720\u00d7540-4-4.jpg\" alt=\"\" width=\"720\" height=\"540\" srcset=\"https:\/\/www.honlufoodtrailer.com\/wp-content\/uploads\/2023\/01\/720\u00d7540-4-4.jpg 720w, https:\/\/www.honlufoodtrailer.com\/wp-content\/uploads\/2023\/01\/720\u00d7540-4-4-480x360.jpg 480w, https:\/\/www.honlufoodtrailer.com\/wp-content\/uploads\/2023\/01\/720\u00d7540-4-4-300x225.jpg 300w\" sizes=\"(max-width: 720px) 100vw, 720px\" \/><\/p>\n<p>Straight window design\u2014\u2014Sliding windows with screens\u00a0also can be customized as your requirements.<\/p>\n<p><img decoding=\"async\" class=\"alignnone size-full wp-image-5399\" src=\"https:\/\/www.honlufoodtrailer.com\/wp-content\/uploads\/2023\/01\/720\u00d7540-11-2.jpg\" alt=\"\" width=\"720\" height=\"540\" srcset=\"https:\/\/www.honlufoodtrailer.com\/wp-content\/uploads\/2023\/01\/720\u00d7540-11-2.jpg 720w, https:\/\/www.honlufoodtrailer.com\/wp-content\/uploads\/2023\/01\/720\u00d7540-11-2-480x360.jpg 480w, https:\/\/www.honlufoodtrailer.com\/wp-content\/uploads\/2023\/01\/720\u00d7540-11-2-300x225.jpg 300w\" sizes=\"(max-width: 720px) 100vw, 720px\" \/><\/p>\n<p>Este respiradouro \u00e9 de s\u00e9rie, e o respiradouro de teto comercial tamb\u00e9m pode ser personalizado,<br \/>\npodemos personalizar de acordo com as necessidades do cliente.<\/p>\n<p><img loading=\"lazy\" decoding=\"async\" class=\"alignnone size-full wp-image-5396\" src=\"https:\/\/www.honlufoodtrailer.com\/wp-content\/uploads\/2023\/01\/720\u00d7540-7-2.jpg\" alt=\"\" width=\"720\" height=\"540\" srcset=\"https:\/\/www.honlufoodtrailer.com\/wp-content\/uploads\/2023\/01\/720\u00d7540-7-2.jpg 720w, https:\/\/www.honlufoodtrailer.com\/wp-content\/uploads\/2023\/01\/720\u00d7540-7-2-480x360.jpg 480w, https:\/\/www.honlufoodtrailer.com\/wp-content\/uploads\/2023\/01\/720\u00d7540-7-2-300x225.jpg 300w\" sizes=\"(max-width: 720px) 100vw, 720px\" \/><\/p>\n<p>&nbsp;<\/p>\n<h3 class=\"magic-6\" data-spm-anchor-id=\"a2700.wholesale.0.i28.29e52808agqc7f\">Principais carater\u00edsticas do atrelado alimentar quadrado<\/h3>\n<div class=\"magic-7\">\n<div class=\"magic-8\">\n<div class=\"magic-9\" data-id=\"paragraph0\">\n<ol>\n<li>A apar\u00eancia elegante pode ser personalizada;<\/li>\n<li>Corpo e estrutura interna do reboque em a\u00e7o inoxid\u00e1vel, boa resist\u00eancia ao calor, resist\u00eancia ao desgaste, resist\u00eancia \u00e0 corros\u00e3o;<\/li>\n<li>Acess\u00f3rios modernos e avan\u00e7ados equipados no reboque alimentar m\u00f3vel;<\/li>\n<li>\u00c9 resistente ao choque e \u00e0 corros\u00e3o, a resist\u00eancia ao calor e a for\u00e7a \u00e9 elevada, a solidez da cor \u00e9 elevada, n\u00e3o h\u00e1 deforma\u00e7\u00e3o, \u00e9 imperme\u00e1vel e tem uma longa vida \u00fatil;<\/li>\n<li>Temos todo o gosto em modific\u00e1-lo de acordo com as suas necessidades.<\/li>\n<\/ol>\n<h3>Desenho de planta baixa 2D\/3D gratuito<\/h3>\n<p>Depois de confirmarmos as dimens\u00f5es do atrelado de alimentos e o equipamento interno da cozinha, podemos fornecer-lhe desenhos 3D gratuitamente. Isto dar-lhe-\u00e1 uma ideia mais clara do seu design e do seu carrinho de alimentos. Ao confirmar a localiza\u00e7\u00e3o do equipamento de cozinha, podemos comunicar claramente consigo atrav\u00e9s da planta baixa. Tamb\u00e9m podemos fornecer-lhe documentos originais para facilitar o seu projeto e fazer ajustes.<\/p>\n<\/div>\n<\/div>\n<\/div>","protected":false},"excerpt":{"rendered":"<p data-spm-anchor-id=\"a2700.wholesale.0.i28.29e52808agqc7f\">Este \u00e9 um dos nossos reboques alimentares de cinco metros, feitos por medida, com cozinha completa. A parte da frente do ve\u00edculo foi concebida com uma grande janela, equipada com um abrigo integrado e uma mesa de servi\u00e7o. De acordo com as necessidades do cliente, todo o reboque \u00e9 compacto e f\u00e1cil de utilizar. \u00c9 o modelo preferido para iniciar o neg\u00f3cio de restaura\u00e7\u00e3o m\u00f3vel.<\/p>","protected":false},"featured_media":5387,"template":"","meta":{"_themeisle_gutenberg_block_has_review":false},"product_brand":[],"product_cat":[26],"product_tag":[53,33,41,38,52],"class_list":{"0":"post-5386","1":"product","2":"type-product","3":"status-publish","4":"has-post-thumbnail","6":"product_cat-product","7":"product_tag-customized-sinks","8":"product_tag-customized-trailer","9":"product_tag-galvanized-trailer","10":"product_tag-mobile-food-trailer","11":"product_tag-personalized-billboard","13":"first","14":"instock","15":"shipping-taxable","16":"product-type-simple"},"yoast_head":"<!-- This site is optimized with the Yoast SEO plugin v27.4 - https:\/\/yoast.com\/product\/yoast-seo-wordpress\/ -->\n<title>Street Concession Food Van Trailer Cart Airstream Food Trailer Used Food Trailers for Sale by Owner - Honlu food trailer<\/title>\n<meta name=\"description\" content=\"This is one of our custom-made six-meter food trailers with full kitchen. The front of the trailer is designed with straight open window, equipped with an integrated shelter and service table. According to customer needs, the whole trailer is compact and easy to use. It is the preferred model for starting the mobile food business.\" \/>\n<meta name=\"robots\" content=\"index, follow, max-snippet:-1, max-image-preview:large, max-video-preview:-1\" \/>\n<link rel=\"canonical\" href=\"https:\/\/www.honlufoodtrailer.com\/pt\/product\/street-concession-food-van-trailer-cart-airstream-food-trailer-used-food-trailers-for-sale-by-owner\/\" \/>\n<meta property=\"og:locale\" content=\"pt_PT\" \/>\n<meta property=\"og:type\" content=\"article\" \/>\n<meta property=\"og:title\" content=\"Street Concession Food Van Trailer Cart Airstream Food Trailer Used Food Trailers for Sale by Owner - Honlu food trailer\" \/>\n<meta property=\"og:description\" content=\"This is one of our custom-made six-meter food trailers with full kitchen. The front of the trailer is designed with straight open window, equipped with an integrated shelter and service table. According to customer needs, the whole trailer is compact and easy to use. It is the preferred model for starting the mobile food business.\" \/>\n<meta property=\"og:url\" content=\"https:\/\/www.honlufoodtrailer.com\/pt\/product\/street-concession-food-van-trailer-cart-airstream-food-trailer-used-food-trailers-for-sale-by-owner\/\" \/>\n<meta property=\"og:site_name\" content=\"Honlu food trailer\" \/>\n<meta property=\"article:modified_time\" content=\"2023-01-07T09:03:24+00:00\" \/>\n<meta property=\"og:image\" content=\"https:\/\/www.honlufoodtrailer.com\/wp-content\/uploads\/2023\/01\/720\u00d7540-14.jpg\" \/>\n\t<meta property=\"og:image:width\" content=\"720\" \/>\n\t<meta property=\"og:image:height\" content=\"540\" \/>\n\t<meta property=\"og:image:type\" content=\"image\/jpeg\" \/>\n<meta name=\"twitter:card\" content=\"summary_large_image\" \/>\n<meta name=\"twitter:label1\" content=\"Tempo estimado de leitura\" \/>\n\t<meta name=\"twitter:data1\" content=\"3 minutos\" \/>\n<script type=\"application\/ld+json\" class=\"yoast-schema-graph\">{\"@context\":\"https:\\\/\\\/schema.org\",\"@graph\":[{\"@type\":\"WebPage\",\"@id\":\"https:\\\/\\\/www.honlufoodtrailer.com\\\/product\\\/street-concession-food-van-trailer-cart-airstream-food-trailer-used-food-trailers-for-sale-by-owner\\\/\",\"url\":\"https:\\\/\\\/www.honlufoodtrailer.com\\\/product\\\/street-concession-food-van-trailer-cart-airstream-food-trailer-used-food-trailers-for-sale-by-owner\\\/\",\"name\":\"Street Concession Food Van Trailer Cart Airstream Food Trailer Used Food Trailers for Sale by Owner - Honlu food trailer\",\"isPartOf\":{\"@id\":\"https:\\\/\\\/www.honlufoodtrailer.com\\\/#website\"},\"primaryImageOfPage\":{\"@id\":\"https:\\\/\\\/www.honlufoodtrailer.com\\\/product\\\/street-concession-food-van-trailer-cart-airstream-food-trailer-used-food-trailers-for-sale-by-owner\\\/#primaryimage\"},\"image\":{\"@id\":\"https:\\\/\\\/www.honlufoodtrailer.com\\\/product\\\/street-concession-food-van-trailer-cart-airstream-food-trailer-used-food-trailers-for-sale-by-owner\\\/#primaryimage\"},\"thumbnailUrl\":\"https:\\\/\\\/www.honlufoodtrailer.com\\\/wp-content\\\/uploads\\\/2023\\\/01\\\/720\u00d7540-14.jpg\",\"datePublished\":\"2023-01-06T08:24:31+00:00\",\"dateModified\":\"2023-01-07T09:03:24+00:00\",\"description\":\"This is one of our custom-made six-meter food trailers with full kitchen. The front of the trailer is designed with straight open window, equipped with an integrated shelter and service table. According to customer needs, the whole trailer is compact and easy to use. It is the preferred model for starting the mobile food business.\",\"breadcrumb\":{\"@id\":\"https:\\\/\\\/www.honlufoodtrailer.com\\\/product\\\/street-concession-food-van-trailer-cart-airstream-food-trailer-used-food-trailers-for-sale-by-owner\\\/#breadcrumb\"},\"inLanguage\":\"pt-PT\",\"potentialAction\":[{\"@type\":\"ReadAction\",\"target\":[\"https:\\\/\\\/www.honlufoodtrailer.com\\\/product\\\/street-concession-food-van-trailer-cart-airstream-food-trailer-used-food-trailers-for-sale-by-owner\\\/\"]}]},{\"@type\":\"ImageObject\",\"inLanguage\":\"pt-PT\",\"@id\":\"https:\\\/\\\/www.honlufoodtrailer.com\\\/product\\\/street-concession-food-van-trailer-cart-airstream-food-trailer-used-food-trailers-for-sale-by-owner\\\/#primaryimage\",\"url\":\"https:\\\/\\\/www.honlufoodtrailer.com\\\/wp-content\\\/uploads\\\/2023\\\/01\\\/720\u00d7540-14.jpg\",\"contentUrl\":\"https:\\\/\\\/www.honlufoodtrailer.com\\\/wp-content\\\/uploads\\\/2023\\\/01\\\/720\u00d7540-14.jpg\",\"width\":720,\"height\":540},{\"@type\":\"BreadcrumbList\",\"@id\":\"https:\\\/\\\/www.honlufoodtrailer.com\\\/product\\\/street-concession-food-van-trailer-cart-airstream-food-trailer-used-food-trailers-for-sale-by-owner\\\/#breadcrumb\",\"itemListElement\":[{\"@type\":\"ListItem\",\"position\":1,\"name\":\"Home\",\"item\":\"https:\\\/\\\/www.honlufoodtrailer.com\\\/\"},{\"@type\":\"ListItem\",\"position\":2,\"name\":\"\u4ea7\u54c1\",\"item\":\"https:\\\/\\\/www.honlufoodtrailer.com\\\/shop\\\/\"},{\"@type\":\"ListItem\",\"position\":3,\"name\":\"Street Concession Food Van Trailer Cart Airstream Food Trailer Used Food Trailers for Sale by Owner\"}]},{\"@type\":\"WebSite\",\"@id\":\"https:\\\/\\\/www.honlufoodtrailer.com\\\/#website\",\"url\":\"https:\\\/\\\/www.honlufoodtrailer.com\\\/\",\"name\":\"Honlu food trailer\",\"description\":\"\",\"publisher\":{\"@id\":\"https:\\\/\\\/www.honlufoodtrailer.com\\\/#organization\"},\"potentialAction\":[{\"@type\":\"SearchAction\",\"target\":{\"@type\":\"EntryPoint\",\"urlTemplate\":\"https:\\\/\\\/www.honlufoodtrailer.com\\\/?s={search_term_string}\"},\"query-input\":{\"@type\":\"PropertyValueSpecification\",\"valueRequired\":true,\"valueName\":\"search_term_string\"}}],\"inLanguage\":\"pt-PT\"},{\"@type\":\"Organization\",\"@id\":\"https:\\\/\\\/www.honlufoodtrailer.com\\\/#organization\",\"name\":\"Honlu food trailer\",\"url\":\"https:\\\/\\\/www.honlufoodtrailer.com\\\/\",\"logo\":{\"@type\":\"ImageObject\",\"inLanguage\":\"pt-PT\",\"@id\":\"https:\\\/\\\/www.honlufoodtrailer.com\\\/#\\\/schema\\\/logo\\\/image\\\/\",\"url\":\"https:\\\/\\\/www.honlufoodtrailer.com\\\/wp-content\\\/uploads\\\/2021\\\/12\\\/2.gif\",\"contentUrl\":\"https:\\\/\\\/www.honlufoodtrailer.com\\\/wp-content\\\/uploads\\\/2021\\\/12\\\/2.gif\",\"width\":350,\"height\":100,\"caption\":\"Honlu food trailer\"},\"image\":{\"@id\":\"https:\\\/\\\/www.honlufoodtrailer.com\\\/#\\\/schema\\\/logo\\\/image\\\/\"}}]}<\/script>\n<!-- \/ Yoast SEO plugin. -->","yoast_head_json":{"title":"Street Concession Food Van Trailer Cart Airstream Food Trailer Used Food Trailers for Sale by Owner - Honlu food trailer","description":"Este \u00e9 um dos nossos reboques para alimentos de seis metros feitos \u00e0 medida com cozinha completa. A parte da frente do reboque foi concebida com uma janela aberta a direito, equipada com um abrigo integrado e uma mesa de servi\u00e7o. De acordo com as necessidades do cliente, todo o reboque \u00e9 compacto e f\u00e1cil de usar. \u00c9 o modelo preferido para iniciar o neg\u00f3cio de comida m\u00f3vel.","robots":{"index":"index","follow":"follow","max-snippet":"max-snippet:-1","max-image-preview":"max-image-preview:large","max-video-preview":"max-video-preview:-1"},"canonical":"https:\/\/www.honlufoodtrailer.com\/pt\/product\/street-concession-food-van-trailer-cart-airstream-food-trailer-used-food-trailers-for-sale-by-owner\/","og_locale":"pt_PT","og_type":"article","og_title":"Street Concession Food Van Trailer Cart Airstream Food Trailer Used Food Trailers for Sale by Owner - Honlu food trailer","og_description":"This is one of our custom-made six-meter food trailers with full kitchen. The front of the trailer is designed with straight open window, equipped with an integrated shelter and service table. According to customer needs, the whole trailer is compact and easy to use. It is the preferred model for starting the mobile food business.","og_url":"https:\/\/www.honlufoodtrailer.com\/pt\/product\/street-concession-food-van-trailer-cart-airstream-food-trailer-used-food-trailers-for-sale-by-owner\/","og_site_name":"Honlu food trailer","article_modified_time":"2023-01-07T09:03:24+00:00","og_image":[{"width":720,"height":540,"url":"https:\/\/www.honlufoodtrailer.com\/wp-content\/uploads\/2023\/01\/720\u00d7540-14.jpg","type":"image\/jpeg"}],"twitter_card":"summary_large_image","twitter_misc":{"Tempo estimado de leitura":"3 minutos"},"schema":{"@context":"https:\/\/schema.org","@graph":[{"@type":"WebPage","@id":"https:\/\/www.honlufoodtrailer.com\/product\/street-concession-food-van-trailer-cart-airstream-food-trailer-used-food-trailers-for-sale-by-owner\/","url":"https:\/\/www.honlufoodtrailer.com\/product\/street-concession-food-van-trailer-cart-airstream-food-trailer-used-food-trailers-for-sale-by-owner\/","name":"Street Concession Food Van Trailer Cart Airstream Food Trailer Used Food Trailers for Sale by Owner - Honlu food trailer","isPartOf":{"@id":"https:\/\/www.honlufoodtrailer.com\/#website"},"primaryImageOfPage":{"@id":"https:\/\/www.honlufoodtrailer.com\/product\/street-concession-food-van-trailer-cart-airstream-food-trailer-used-food-trailers-for-sale-by-owner\/#primaryimage"},"image":{"@id":"https:\/\/www.honlufoodtrailer.com\/product\/street-concession-food-van-trailer-cart-airstream-food-trailer-used-food-trailers-for-sale-by-owner\/#primaryimage"},"thumbnailUrl":"https:\/\/www.honlufoodtrailer.com\/wp-content\/uploads\/2023\/01\/720\u00d7540-14.jpg","datePublished":"2023-01-06T08:24:31+00:00","dateModified":"2023-01-07T09:03:24+00:00","description":"Este \u00e9 um dos nossos reboques para alimentos de seis metros feitos \u00e0 medida com cozinha completa. A parte da frente do reboque foi concebida com uma janela aberta a direito, equipada com um abrigo integrado e uma mesa de servi\u00e7o. De acordo com as necessidades do cliente, todo o reboque \u00e9 compacto e f\u00e1cil de usar. \u00c9 o modelo preferido para iniciar o neg\u00f3cio de comida m\u00f3vel.","breadcrumb":{"@id":"https:\/\/www.honlufoodtrailer.com\/product\/street-concession-food-van-trailer-cart-airstream-food-trailer-used-food-trailers-for-sale-by-owner\/#breadcrumb"},"inLanguage":"pt-PT","potentialAction":[{"@type":"ReadAction","target":["https:\/\/www.honlufoodtrailer.com\/product\/street-concession-food-van-trailer-cart-airstream-food-trailer-used-food-trailers-for-sale-by-owner\/"]}]},{"@type":"ImageObject","inLanguage":"pt-PT","@id":"https:\/\/www.honlufoodtrailer.com\/product\/street-concession-food-van-trailer-cart-airstream-food-trailer-used-food-trailers-for-sale-by-owner\/#primaryimage","url":"https:\/\/www.honlufoodtrailer.com\/wp-content\/uploads\/2023\/01\/720\u00d7540-14.jpg","contentUrl":"https:\/\/www.honlufoodtrailer.com\/wp-content\/uploads\/2023\/01\/720\u00d7540-14.jpg","width":720,"height":540},{"@type":"BreadcrumbList","@id":"https:\/\/www.honlufoodtrailer.com\/product\/street-concession-food-van-trailer-cart-airstream-food-trailer-used-food-trailers-for-sale-by-owner\/#breadcrumb","itemListElement":[{"@type":"ListItem","position":1,"name":"Home","item":"https:\/\/www.honlufoodtrailer.com\/"},{"@type":"ListItem","position":2,"name":"\u4ea7\u54c1","item":"https:\/\/www.honlufoodtrailer.com\/shop\/"},{"@type":"ListItem","position":3,"name":"Street Concession Food Van Trailer Cart Airstream Food Trailer Used Food Trailers for Sale by Owner"}]},{"@type":"WebSite","@id":"https:\/\/www.honlufoodtrailer.com\/#website","url":"https:\/\/www.honlufoodtrailer.com\/","name":"Reboque de comida Honlu","description":"","publisher":{"@id":"https:\/\/www.honlufoodtrailer.com\/#organization"},"potentialAction":[{"@type":"SearchAction","target":{"@type":"EntryPoint","urlTemplate":"https:\/\/www.honlufoodtrailer.com\/?s={search_term_string}"},"query-input":{"@type":"PropertyValueSpecification","valueRequired":true,"valueName":"search_term_string"}}],"inLanguage":"pt-PT"},{"@type":"Organization","@id":"https:\/\/www.honlufoodtrailer.com\/#organization","name":"Reboque de comida Honlu","url":"https:\/\/www.honlufoodtrailer.com\/","logo":{"@type":"ImageObject","inLanguage":"pt-PT","@id":"https:\/\/www.honlufoodtrailer.com\/#\/schema\/logo\/image\/","url":"https:\/\/www.honlufoodtrailer.com\/wp-content\/uploads\/2021\/12\/2.gif","contentUrl":"https:\/\/www.honlufoodtrailer.com\/wp-content\/uploads\/2021\/12\/2.gif","width":350,"height":100,"caption":"Honlu food trailer"},"image":{"@id":"https:\/\/www.honlufoodtrailer.com\/#\/schema\/logo\/image\/"}}]}},"_links":{"self":[{"href":"https:\/\/www.honlufoodtrailer.com\/pt\/wp-json\/wp\/v2\/product\/5386","targetHints":{"allow":["GET"]}}],"collection":[{"href":"https:\/\/www.honlufoodtrailer.com\/pt\/wp-json\/wp\/v2\/product"}],"about":[{"href":"https:\/\/www.honlufoodtrailer.com\/pt\/wp-json\/wp\/v2\/types\/product"}],"version-history":[{"count":2,"href":"https:\/\/www.honlufoodtrailer.com\/pt\/wp-json\/wp\/v2\/product\/5386\/revisions"}],"predecessor-version":[{"id":5401,"href":"https:\/\/www.honlufoodtrailer.com\/pt\/wp-json\/wp\/v2\/product\/5386\/revisions\/5401"}],"wp:featuredmedia":[{"embeddable":true,"href":"https:\/\/www.honlufoodtrailer.com\/pt\/wp-json\/wp\/v2\/media\/5387"}],"wp:attachment":[{"href":"https:\/\/www.honlufoodtrailer.com\/pt\/wp-json\/wp\/v2\/media?parent=5386"}],"wp:term":[{"taxonomy":"product_brand","embeddable":true,"href":"https:\/\/www.honlufoodtrailer.com\/pt\/wp-json\/wp\/v2\/product_brand?post=5386"},{"taxonomy":"product_cat","embeddable":true,"href":"https:\/\/www.honlufoodtrailer.com\/pt\/wp-json\/wp\/v2\/product_cat?post=5386"},{"taxonomy":"product_tag","embeddable":true,"href":"https:\/\/www.honlufoodtrailer.com\/pt\/wp-json\/wp\/v2\/product_tag?post=5386"}],"curies":[{"name":"wp","href":"https:\/\/api.w.org\/{rel}","templated":true}]}}