{"id":5618,"date":"2023-11-03T15:58:02","date_gmt":"2023-11-03T07:58:02","guid":{"rendered":"https:\/\/www.honlufoodtrailer.com\/?post_type=product&#038;p=5618"},"modified":"2024-11-01T14:30:29","modified_gmt":"2024-11-01T06:30:29","slug":"36ft-mobile-food-kitchen-trailer-in-pink-color","status":"publish","type":"product","link":"https:\/\/www.honlufoodtrailer.com\/pt\/product\/36ft-mobile-food-kitchen-trailer-in-pink-color\/","title":{"rendered":"Reboque cozinha m\u00f3vel de 36 p\u00e9s na cor rosa"},"content":{"rendered":"<p data-spm-anchor-id=\"a2700.wholesale.0.i28.29e52808agqc7f\">Este \u00e9 um trailer de cozinha m\u00f3vel personalizado de 11 metros (36 p\u00e9s) na cor rosa. Acima da carroceria do trailer, personalizamos a sinaliza\u00e7\u00e3o para atender \u00e0s necessidades do cliente. Ele pode ser usado para vender desde cachorro-quente, produtos diversos, flores, sandu\u00edches, caf\u00e9, sorvete, etc. Possu\u00edmos certifica\u00e7\u00e3o CE para ajudar voc\u00ea a iniciar seu neg\u00f3cio m\u00f3vel.<\/p>\n<p data-spm-anchor-id=\"a2700.wholesale.0.i28.29e52808agqc7f\"><img fetchpriority=\"high\" decoding=\"async\" class=\"size-full wp-image-5623 aligncenter\" src=\"https:\/\/www.honlufoodtrailer.com\/wp-content\/uploads\/2023\/10\/36ft-Mobile-Food-Trailer.jpg\" alt=\"Reboque m\u00f3vel de comida de 36 p\u00e9s\" width=\"720\" height=\"540\" srcset=\"https:\/\/www.honlufoodtrailer.com\/wp-content\/uploads\/2023\/10\/36ft-Mobile-Food-Trailer.jpg 720w, https:\/\/www.honlufoodtrailer.com\/wp-content\/uploads\/2023\/10\/36ft-Mobile-Food-Trailer-480x360.jpg 480w, https:\/\/www.honlufoodtrailer.com\/wp-content\/uploads\/2023\/10\/36ft-Mobile-Food-Trailer-300x225.jpg 300w\" sizes=\"(max-width: 720px) 100vw, 720px\" \/><\/p>\n<p data-spm-anchor-id=\"a2700.wholesale.0.i28.29e52808agqc7f\">A bancada e as paredes internas do trailer de cozinha m\u00f3vel s\u00e3o todas de a\u00e7o inoxid\u00e1vel pr\u00f3prio para contato com alimentos. De acordo com as necessidades do cliente, ele \u00e9 equipado com fritadeiras, tr\u00eas pias personalizadas, um dispensador de sab\u00e3o, fog\u00f5es a g\u00e1s, coifas e outros equipamentos. Adquiriremos outros tipos de equipamentos conforme a necessidade do cliente.<\/p>\n<p data-spm-anchor-id=\"a2700.wholesale.0.i28.29e52808agqc7f\"><img decoding=\"async\" class=\"size-full wp-image-5621 aligncenter\" src=\"https:\/\/www.honlufoodtrailer.com\/wp-content\/uploads\/2023\/10\/36ft-Mobile-Food-Kitchen-Trailer.jpg\" alt=\"Reboque de cozinha m\u00f3vel de 36 p\u00e9s\" width=\"720\" height=\"540\" srcset=\"https:\/\/www.honlufoodtrailer.com\/wp-content\/uploads\/2023\/10\/36ft-Mobile-Food-Kitchen-Trailer.jpg 720w, https:\/\/www.honlufoodtrailer.com\/wp-content\/uploads\/2023\/10\/36ft-Mobile-Food-Kitchen-Trailer-480x360.jpg 480w, https:\/\/www.honlufoodtrailer.com\/wp-content\/uploads\/2023\/10\/36ft-Mobile-Food-Kitchen-Trailer-300x225.jpg 300w\" sizes=\"(max-width: 720px) 100vw, 720px\" \/><\/p>\n<p data-spm-anchor-id=\"a2700.wholesale.0.i28.29e52808agqc7f\">Os trailers de comida, tamb\u00e9m chamados de carrinhos de comida, vans de comida, food trucks, etc., podem ser usados para vender fast food, lanches, jornais, livros e outros produtos. S\u00e3o compostos por chassi, carroceria, piso, balc\u00e3o de trabalho, sistema de \u00e1gua e sistema el\u00e9trico. Os usu\u00e1rios tamb\u00e9m podem escolher a cor desejada. Caso haja interesse, podemos adquirir outros tipos de equipamentos.<\/p>\n<h3>Mais detalhes sobre o trailer de cozinha m\u00f3vel<\/h3>\n<p>Veja mais detalhes deste trailer de cozinha m\u00f3vel de 11 metros.<br \/>\n<img decoding=\"async\" class=\"aligncenter size-full wp-image-8901\" src=\"https:\/\/www.honlufoodtrailer.com\/wp-content\/uploads\/2023\/11\/36ft-Mobile-Food-Kitchen-Trailer-more-details.jpg\" alt=\"Reboque Cozinha M\u00f3vel de 36 p\u00e9s (11 metros) - mais detalhes\" width=\"800\" height=\"800\" srcset=\"https:\/\/www.honlufoodtrailer.com\/wp-content\/uploads\/2023\/11\/36ft-Mobile-Food-Kitchen-Trailer-more-details.jpg 800w, https:\/\/www.honlufoodtrailer.com\/wp-content\/uploads\/2023\/11\/36ft-Mobile-Food-Kitchen-Trailer-more-details-768x768.jpg 768w, https:\/\/www.honlufoodtrailer.com\/wp-content\/uploads\/2023\/11\/36ft-Mobile-Food-Kitchen-Trailer-more-details-360x360.jpg 360w, https:\/\/www.honlufoodtrailer.com\/wp-content\/uploads\/2023\/11\/36ft-Mobile-Food-Kitchen-Trailer-more-details-300x300.jpg 300w, https:\/\/www.honlufoodtrailer.com\/wp-content\/uploads\/2023\/11\/36ft-Mobile-Food-Kitchen-Trailer-more-details-720x720.jpg 720w, https:\/\/www.honlufoodtrailer.com\/wp-content\/uploads\/2023\/11\/36ft-Mobile-Food-Kitchen-Trailer-more-details-100x100.jpg 100w\" sizes=\"(max-width: 800px) 100vw, 800px\" \/><\/p>\n<h3 class=\"magic-6\" data-spm-anchor-id=\"a2700.wholesale.0.i28.29e52808agqc7f\">Principais caracter\u00edsticas do trailer de cozinha m\u00f3vel<\/h3>\n<div class=\"magic-7\">\n<div class=\"magic-8\">\n<div class=\"magic-9\" data-id=\"paragraph0\">\n<ol>\n<li>A apar\u00eancia elegante pode ser personalizada;<\/li>\n<li>Corpo do reboque de chapa galvanizada e estrutura interna, boa resist\u00eancia ao calor, resist\u00eancia ao desgaste, resist\u00eancia \u00e0 corros\u00e3o;<\/li>\n<li>Acess\u00f3rios modernos e avan\u00e7ados equipados na cozinha m\u00f3vel de alimentos;<\/li>\n<li>\u00c9 resistente a choques e \u00e0 corros\u00e3o, resistente ao calor, possui alta resist\u00eancia mec\u00e2nica, alta solidez da cor, n\u00e3o deforma, \u00e9 imperme\u00e1vel e tem longa vida \u00fatil;<\/li>\n<li>Temos todo o gosto em modific\u00e1-lo de acordo com as suas necessidades.<\/li>\n<\/ol>\n<h3><img loading=\"lazy\" decoding=\"async\" class=\"size-full wp-image-5622 aligncenter\" src=\"https:\/\/www.honlufoodtrailer.com\/wp-content\/uploads\/2023\/10\/36ft-Mobile-Food-Kitchen.jpg\" alt=\"Cozinha m\u00f3vel de 11 metros (36 p\u00e9s)\" width=\"720\" height=\"540\" srcset=\"https:\/\/www.honlufoodtrailer.com\/wp-content\/uploads\/2023\/10\/36ft-Mobile-Food-Kitchen.jpg 720w, https:\/\/www.honlufoodtrailer.com\/wp-content\/uploads\/2023\/10\/36ft-Mobile-Food-Kitchen-480x360.jpg 480w, https:\/\/www.honlufoodtrailer.com\/wp-content\/uploads\/2023\/10\/36ft-Mobile-Food-Kitchen-300x225.jpg 300w\" sizes=\"(max-width: 720px) 100vw, 720px\" \/>Desenho de planta baixa 2D\/3D gratuito<\/h3>\n<p>Depois de confirmar as dimens\u00f5es do <a href=\"https:\/\/www.honlufoodtrailer.com\/pt\/product\/\" target=\"_blank\" rel=\"noopener\">reboque alimentar<\/a> e o equipamento interno da cozinha, podemos fornecer-lhe desenhos 3D gratuitamente. Isto dar-lhe-\u00e1 uma ideia mais clara do seu design e do seu carrinho de comida. Ao confirmar a localiza\u00e7\u00e3o do equipamento de cozinha, podemos comunicar claramente consigo atrav\u00e9s da planta. Podemos tamb\u00e9m fornecer-lhe documentos originais para facilitar o seu projeto e fazer ajustes.<\/p>\n<\/div>\n<\/div>\n<\/div>","protected":false},"excerpt":{"rendered":"<p data-spm-anchor-id=\"a2700.wholesale.0.i28.29e52808agqc7f\">Este \u00e9 um trailer de cozinha m\u00f3vel personalizado de 11 metros na cor rosa. Claro, podemos fabricar um trailer de comida semelhante a este ou personalizar um para voc\u00ea. A cor da carroceria, os adesivos, a sinaliza\u00e7\u00e3o e os equipamentos de cozinha do trailer de comida podem ser personalizados. N\u00e3o hesite em nos contatar para obter um or\u00e7amento agora mesmo!<\/p>","protected":false},"featured_media":5621,"template":"","meta":{"_themeisle_gutenberg_block_has_review":false},"product_brand":[],"product_cat":[26],"product_tag":[53,33,41,45,57,38,52],"class_list":{"0":"post-5618","1":"product","2":"type-product","3":"status-publish","4":"has-post-thumbnail","6":"product_cat-product","7":"product_tag-customized-sinks","8":"product_tag-customized-trailer","9":"product_tag-galvanized-trailer","10":"product_tag-large-food-trailer","11":"product_tag-mobile-food-kitchen","12":"product_tag-mobile-food-trailer","13":"product_tag-personalized-billboard","15":"first","16":"instock","17":"shipping-taxable","18":"product-type-simple"},"yoast_head":"<!-- This site is optimized with the Yoast SEO plugin v27.4 - https:\/\/yoast.com\/product\/yoast-seo-wordpress\/ -->\n<title>36ft Mobile Food Kitchen Trailer in Pink Color - Honlu food trailer<\/title>\n<meta name=\"description\" content=\"This is a customized 36ft mobile food kitchen trailer in pink color. High quality and certified to help you start a mobile business. Get the price now!\" \/>\n<meta name=\"robots\" content=\"index, follow, max-snippet:-1, max-image-preview:large, max-video-preview:-1\" \/>\n<link rel=\"canonical\" href=\"https:\/\/www.honlufoodtrailer.com\/pt\/product\/36ft-mobile-food-kitchen-trailer-in-pink-color\/\" \/>\n<meta property=\"og:locale\" content=\"pt_PT\" \/>\n<meta property=\"og:type\" content=\"article\" \/>\n<meta property=\"og:title\" content=\"36ft Mobile Food Kitchen Trailer in Pink Color - Honlu food trailer\" \/>\n<meta property=\"og:description\" content=\"This is a customized 36ft mobile food kitchen trailer in pink color. High quality and certified to help you start a mobile business. Get the price now!\" \/>\n<meta property=\"og:url\" content=\"https:\/\/www.honlufoodtrailer.com\/pt\/product\/36ft-mobile-food-kitchen-trailer-in-pink-color\/\" \/>\n<meta property=\"og:site_name\" content=\"Honlu food trailer\" \/>\n<meta property=\"article:modified_time\" content=\"2024-11-01T06:30:29+00:00\" \/>\n<meta property=\"og:image\" content=\"https:\/\/www.honlufoodtrailer.com\/wp-content\/uploads\/2023\/10\/36ft-Mobile-Food-Kitchen-Trailer.jpg\" \/>\n\t<meta property=\"og:image:width\" content=\"720\" \/>\n\t<meta property=\"og:image:height\" content=\"540\" \/>\n\t<meta property=\"og:image:type\" content=\"image\/jpeg\" \/>\n<meta name=\"twitter:card\" content=\"summary_large_image\" \/>\n<meta name=\"twitter:label1\" content=\"Tempo estimado de leitura\" \/>\n\t<meta name=\"twitter:data1\" content=\"2 minutos\" \/>\n<script type=\"application\/ld+json\" class=\"yoast-schema-graph\">{\"@context\":\"https:\\\/\\\/schema.org\",\"@graph\":[{\"@type\":\"WebPage\",\"@id\":\"https:\\\/\\\/www.honlufoodtrailer.com\\\/product\\\/36ft-mobile-food-kitchen-trailer-in-pink-color\\\/\",\"url\":\"https:\\\/\\\/www.honlufoodtrailer.com\\\/product\\\/36ft-mobile-food-kitchen-trailer-in-pink-color\\\/\",\"name\":\"36ft Mobile Food Kitchen Trailer in Pink Color - Honlu food trailer\",\"isPartOf\":{\"@id\":\"https:\\\/\\\/www.honlufoodtrailer.com\\\/#website\"},\"primaryImageOfPage\":{\"@id\":\"https:\\\/\\\/www.honlufoodtrailer.com\\\/product\\\/36ft-mobile-food-kitchen-trailer-in-pink-color\\\/#primaryimage\"},\"image\":{\"@id\":\"https:\\\/\\\/www.honlufoodtrailer.com\\\/product\\\/36ft-mobile-food-kitchen-trailer-in-pink-color\\\/#primaryimage\"},\"thumbnailUrl\":\"https:\\\/\\\/www.honlufoodtrailer.com\\\/wp-content\\\/uploads\\\/2023\\\/10\\\/36ft-Mobile-Food-Kitchen-Trailer.jpg\",\"datePublished\":\"2023-11-03T07:58:02+00:00\",\"dateModified\":\"2024-11-01T06:30:29+00:00\",\"description\":\"This is a customized 36ft mobile food kitchen trailer in pink color. High quality and certified to help you start a mobile business. Get the price now!\",\"breadcrumb\":{\"@id\":\"https:\\\/\\\/www.honlufoodtrailer.com\\\/product\\\/36ft-mobile-food-kitchen-trailer-in-pink-color\\\/#breadcrumb\"},\"inLanguage\":\"pt-PT\",\"potentialAction\":[{\"@type\":\"ReadAction\",\"target\":[\"https:\\\/\\\/www.honlufoodtrailer.com\\\/product\\\/36ft-mobile-food-kitchen-trailer-in-pink-color\\\/\"]}]},{\"@type\":\"ImageObject\",\"inLanguage\":\"pt-PT\",\"@id\":\"https:\\\/\\\/www.honlufoodtrailer.com\\\/product\\\/36ft-mobile-food-kitchen-trailer-in-pink-color\\\/#primaryimage\",\"url\":\"https:\\\/\\\/www.honlufoodtrailer.com\\\/wp-content\\\/uploads\\\/2023\\\/10\\\/36ft-Mobile-Food-Kitchen-Trailer.jpg\",\"contentUrl\":\"https:\\\/\\\/www.honlufoodtrailer.com\\\/wp-content\\\/uploads\\\/2023\\\/10\\\/36ft-Mobile-Food-Kitchen-Trailer.jpg\",\"width\":720,\"height\":540,\"caption\":\"36ft Mobile Food Kitchen Trailer\"},{\"@type\":\"BreadcrumbList\",\"@id\":\"https:\\\/\\\/www.honlufoodtrailer.com\\\/product\\\/36ft-mobile-food-kitchen-trailer-in-pink-color\\\/#breadcrumb\",\"itemListElement\":[{\"@type\":\"ListItem\",\"position\":1,\"name\":\"Home\",\"item\":\"https:\\\/\\\/www.honlufoodtrailer.com\\\/\"},{\"@type\":\"ListItem\",\"position\":2,\"name\":\"\u4ea7\u54c1\",\"item\":\"https:\\\/\\\/www.honlufoodtrailer.com\\\/shop\\\/\"},{\"@type\":\"ListItem\",\"position\":3,\"name\":\"36ft Mobile Food Kitchen Trailer in Pink Color\"}]},{\"@type\":\"WebSite\",\"@id\":\"https:\\\/\\\/www.honlufoodtrailer.com\\\/#website\",\"url\":\"https:\\\/\\\/www.honlufoodtrailer.com\\\/\",\"name\":\"Honlu food trailer\",\"description\":\"\",\"publisher\":{\"@id\":\"https:\\\/\\\/www.honlufoodtrailer.com\\\/#organization\"},\"potentialAction\":[{\"@type\":\"SearchAction\",\"target\":{\"@type\":\"EntryPoint\",\"urlTemplate\":\"https:\\\/\\\/www.honlufoodtrailer.com\\\/?s={search_term_string}\"},\"query-input\":{\"@type\":\"PropertyValueSpecification\",\"valueRequired\":true,\"valueName\":\"search_term_string\"}}],\"inLanguage\":\"pt-PT\"},{\"@type\":\"Organization\",\"@id\":\"https:\\\/\\\/www.honlufoodtrailer.com\\\/#organization\",\"name\":\"Honlu food trailer\",\"url\":\"https:\\\/\\\/www.honlufoodtrailer.com\\\/\",\"logo\":{\"@type\":\"ImageObject\",\"inLanguage\":\"pt-PT\",\"@id\":\"https:\\\/\\\/www.honlufoodtrailer.com\\\/#\\\/schema\\\/logo\\\/image\\\/\",\"url\":\"https:\\\/\\\/www.honlufoodtrailer.com\\\/wp-content\\\/uploads\\\/2021\\\/12\\\/2.gif\",\"contentUrl\":\"https:\\\/\\\/www.honlufoodtrailer.com\\\/wp-content\\\/uploads\\\/2021\\\/12\\\/2.gif\",\"width\":350,\"height\":100,\"caption\":\"Honlu food trailer\"},\"image\":{\"@id\":\"https:\\\/\\\/www.honlufoodtrailer.com\\\/#\\\/schema\\\/logo\\\/image\\\/\"}}]}<\/script>\n<!-- \/ Yoast SEO plugin. -->","yoast_head_json":{"title":"Reboque de cozinha m\u00f3vel de 11 metros (36 p\u00e9s) na cor rosa - Reboque de comida Honlu","description":"Este \u00e9 um trailer de cozinha m\u00f3vel personalizado de 11 metros (36 p\u00e9s) na cor rosa. Alta qualidade e certificado para ajudar voc\u00ea a iniciar um neg\u00f3cio m\u00f3vel. Solicite um or\u00e7amento agora!","robots":{"index":"index","follow":"follow","max-snippet":"max-snippet:-1","max-image-preview":"max-image-preview:large","max-video-preview":"max-video-preview:-1"},"canonical":"https:\/\/www.honlufoodtrailer.com\/pt\/product\/36ft-mobile-food-kitchen-trailer-in-pink-color\/","og_locale":"pt_PT","og_type":"article","og_title":"36ft Mobile Food Kitchen Trailer in Pink Color - Honlu food trailer","og_description":"This is a customized 36ft mobile food kitchen trailer in pink color. High quality and certified to help you start a mobile business. Get the price now!","og_url":"https:\/\/www.honlufoodtrailer.com\/pt\/product\/36ft-mobile-food-kitchen-trailer-in-pink-color\/","og_site_name":"Honlu food trailer","article_modified_time":"2024-11-01T06:30:29+00:00","og_image":[{"width":720,"height":540,"url":"https:\/\/www.honlufoodtrailer.com\/wp-content\/uploads\/2023\/10\/36ft-Mobile-Food-Kitchen-Trailer.jpg","type":"image\/jpeg"}],"twitter_card":"summary_large_image","twitter_misc":{"Tempo estimado de leitura":"2 minutos"},"schema":{"@context":"https:\/\/schema.org","@graph":[{"@type":"WebPage","@id":"https:\/\/www.honlufoodtrailer.com\/product\/36ft-mobile-food-kitchen-trailer-in-pink-color\/","url":"https:\/\/www.honlufoodtrailer.com\/product\/36ft-mobile-food-kitchen-trailer-in-pink-color\/","name":"Reboque de cozinha m\u00f3vel de 11 metros (36 p\u00e9s) na cor rosa - Reboque de comida Honlu","isPartOf":{"@id":"https:\/\/www.honlufoodtrailer.com\/#website"},"primaryImageOfPage":{"@id":"https:\/\/www.honlufoodtrailer.com\/product\/36ft-mobile-food-kitchen-trailer-in-pink-color\/#primaryimage"},"image":{"@id":"https:\/\/www.honlufoodtrailer.com\/product\/36ft-mobile-food-kitchen-trailer-in-pink-color\/#primaryimage"},"thumbnailUrl":"https:\/\/www.honlufoodtrailer.com\/wp-content\/uploads\/2023\/10\/36ft-Mobile-Food-Kitchen-Trailer.jpg","datePublished":"2023-11-03T07:58:02+00:00","dateModified":"2024-11-01T06:30:29+00:00","description":"Este \u00e9 um trailer de cozinha m\u00f3vel personalizado de 11 metros (36 p\u00e9s) na cor rosa. Alta qualidade e certificado para ajudar voc\u00ea a iniciar um neg\u00f3cio m\u00f3vel. Solicite um or\u00e7amento agora!","breadcrumb":{"@id":"https:\/\/www.honlufoodtrailer.com\/product\/36ft-mobile-food-kitchen-trailer-in-pink-color\/#breadcrumb"},"inLanguage":"pt-PT","potentialAction":[{"@type":"ReadAction","target":["https:\/\/www.honlufoodtrailer.com\/product\/36ft-mobile-food-kitchen-trailer-in-pink-color\/"]}]},{"@type":"ImageObject","inLanguage":"pt-PT","@id":"https:\/\/www.honlufoodtrailer.com\/product\/36ft-mobile-food-kitchen-trailer-in-pink-color\/#primaryimage","url":"https:\/\/www.honlufoodtrailer.com\/wp-content\/uploads\/2023\/10\/36ft-Mobile-Food-Kitchen-Trailer.jpg","contentUrl":"https:\/\/www.honlufoodtrailer.com\/wp-content\/uploads\/2023\/10\/36ft-Mobile-Food-Kitchen-Trailer.jpg","width":720,"height":540,"caption":"36ft Mobile Food Kitchen Trailer"},{"@type":"BreadcrumbList","@id":"https:\/\/www.honlufoodtrailer.com\/product\/36ft-mobile-food-kitchen-trailer-in-pink-color\/#breadcrumb","itemListElement":[{"@type":"ListItem","position":1,"name":"Home","item":"https:\/\/www.honlufoodtrailer.com\/"},{"@type":"ListItem","position":2,"name":"\u4ea7\u54c1","item":"https:\/\/www.honlufoodtrailer.com\/shop\/"},{"@type":"ListItem","position":3,"name":"36ft Mobile Food Kitchen Trailer in Pink Color"}]},{"@type":"WebSite","@id":"https:\/\/www.honlufoodtrailer.com\/#website","url":"https:\/\/www.honlufoodtrailer.com\/","name":"Reboque de comida Honlu","description":"","publisher":{"@id":"https:\/\/www.honlufoodtrailer.com\/#organization"},"potentialAction":[{"@type":"SearchAction","target":{"@type":"EntryPoint","urlTemplate":"https:\/\/www.honlufoodtrailer.com\/?s={search_term_string}"},"query-input":{"@type":"PropertyValueSpecification","valueRequired":true,"valueName":"search_term_string"}}],"inLanguage":"pt-PT"},{"@type":"Organization","@id":"https:\/\/www.honlufoodtrailer.com\/#organization","name":"Reboque de comida Honlu","url":"https:\/\/www.honlufoodtrailer.com\/","logo":{"@type":"ImageObject","inLanguage":"pt-PT","@id":"https:\/\/www.honlufoodtrailer.com\/#\/schema\/logo\/image\/","url":"https:\/\/www.honlufoodtrailer.com\/wp-content\/uploads\/2021\/12\/2.gif","contentUrl":"https:\/\/www.honlufoodtrailer.com\/wp-content\/uploads\/2021\/12\/2.gif","width":350,"height":100,"caption":"Honlu food trailer"},"image":{"@id":"https:\/\/www.honlufoodtrailer.com\/#\/schema\/logo\/image\/"}}]}},"_links":{"self":[{"href":"https:\/\/www.honlufoodtrailer.com\/pt\/wp-json\/wp\/v2\/product\/5618","targetHints":{"allow":["GET"]}}],"collection":[{"href":"https:\/\/www.honlufoodtrailer.com\/pt\/wp-json\/wp\/v2\/product"}],"about":[{"href":"https:\/\/www.honlufoodtrailer.com\/pt\/wp-json\/wp\/v2\/types\/product"}],"version-history":[{"count":5,"href":"https:\/\/www.honlufoodtrailer.com\/pt\/wp-json\/wp\/v2\/product\/5618\/revisions"}],"predecessor-version":[{"id":8902,"href":"https:\/\/www.honlufoodtrailer.com\/pt\/wp-json\/wp\/v2\/product\/5618\/revisions\/8902"}],"wp:featuredmedia":[{"embeddable":true,"href":"https:\/\/www.honlufoodtrailer.com\/pt\/wp-json\/wp\/v2\/media\/5621"}],"wp:attachment":[{"href":"https:\/\/www.honlufoodtrailer.com\/pt\/wp-json\/wp\/v2\/media?parent=5618"}],"wp:term":[{"taxonomy":"product_brand","embeddable":true,"href":"https:\/\/www.honlufoodtrailer.com\/pt\/wp-json\/wp\/v2\/product_brand?post=5618"},{"taxonomy":"product_cat","embeddable":true,"href":"https:\/\/www.honlufoodtrailer.com\/pt\/wp-json\/wp\/v2\/product_cat?post=5618"},{"taxonomy":"product_tag","embeddable":true,"href":"https:\/\/www.honlufoodtrailer.com\/pt\/wp-json\/wp\/v2\/product_tag?post=5618"}],"curies":[{"name":"wp","href":"https:\/\/api.w.org\/{rel}","templated":true}]}}