{"id":5643,"date":"2023-11-12T16:53:24","date_gmt":"2023-11-12T08:53:24","guid":{"rendered":"https:\/\/www.honlufoodtrailer.com\/?post_type=product&#038;p=5643"},"modified":"2025-02-14T16:07:07","modified_gmt":"2025-02-14T08:07:07","slug":"11m-barbecue-grill-trailers-for-sale","status":"publish","type":"product","link":"https:\/\/www.honlufoodtrailer.com\/pt\/product\/11m-barbecue-grill-trailers-for-sale\/","title":{"rendered":"Reboques para grelhadores de churrasco 11m \u00e0 venda"},"content":{"rendered":"<p data-spm-anchor-id=\"a2700.wholesale.0.i28.29e52808agqc7f\">Este \u00e9 um reboque para grelhadores de churrasco 11M personalizado. Acima do corpo do trailer, personalizamos as palavras do outdoor para atender \u00e0s necessidades do cliente. Pode ser utilizado para vender uma variedade de alimentos grelhados, incluindo hamb\u00fargueres, cachorros-quentes, salsichas, espetos de frango, kebabs, legumes grelhados, espiga de milho, sandu\u00edches de queijo grelhado, costelas de churrasco, sandu\u00edches de carne de porco e frutos do mar grelhados, como camar\u00e3o ou peixe. Al\u00e9m disso, alguns reboques de grelhados podem oferecer produtos especiais, como hamb\u00fargueres gourmet, op\u00e7\u00f5es de tofu ou vegan, ou molhos e marinadas exclusivos. Temos certifica\u00e7\u00f5es CE e outras certifica\u00e7\u00f5es para o ajudar a iniciar um neg\u00f3cio m\u00f3vel. Leia mais para ver o que pode obter de n\u00f3s.<\/p>\n<p data-spm-anchor-id=\"a2700.wholesale.0.i28.29e52808agqc7f\"><img fetchpriority=\"high\" decoding=\"async\" class=\"size-full wp-image-5648 aligncenter\" src=\"https:\/\/www.honlufoodtrailer.com\/wp-content\/uploads\/2023\/10\/11m-grill-trailer.jpg\" alt=\"Reboque para grelhadores de 11m\" width=\"720\" height=\"540\" srcset=\"https:\/\/www.honlufoodtrailer.com\/wp-content\/uploads\/2023\/10\/11m-grill-trailer.jpg 720w, https:\/\/www.honlufoodtrailer.com\/wp-content\/uploads\/2023\/10\/11m-grill-trailer-480x360.jpg 480w, https:\/\/www.honlufoodtrailer.com\/wp-content\/uploads\/2023\/10\/11m-grill-trailer-300x225.jpg 300w\" sizes=\"(max-width: 720px) 100vw, 720px\" \/><\/p>\n<h3>Detalhes do interior do Grill Trailer de 11m<\/h3>\n<p>Vamos ver os detalhes internos deste Trailer para churrasqueira de 11m. A bancada de trabalho e a parede interna dentro do trailer da churrasqueira s\u00e3o todas de a\u00e7o inoxid\u00e1vel de qualidade alimentar. De acordo com as necessidades do cliente, \u00e9 equipado com fritadeiras, tr\u00eas pias personalizadas, um dispensador de sab\u00e3o, fog\u00f5es a g\u00e1s, exaustores e outros equipamentos. Adquiriremos outros tipos de equipamento com base nas necessidades dos clientes.<br \/>\n<img decoding=\"async\" class=\"aligncenter size-full wp-image-8379\" src=\"https:\/\/www.honlufoodtrailer.com\/wp-content\/uploads\/2023\/11\/11m-Barbecue-Grill-Trailer-inner-view.jpg\" alt=\"Reboque para grelhadores de 11m Vista interior\" width=\"800\" height=\"800\" srcset=\"https:\/\/www.honlufoodtrailer.com\/wp-content\/uploads\/2023\/11\/11m-Barbecue-Grill-Trailer-inner-view.jpg 800w, https:\/\/www.honlufoodtrailer.com\/wp-content\/uploads\/2023\/11\/11m-Barbecue-Grill-Trailer-inner-view-768x768.jpg 768w, https:\/\/www.honlufoodtrailer.com\/wp-content\/uploads\/2023\/11\/11m-Barbecue-Grill-Trailer-inner-view-360x360.jpg 360w, https:\/\/www.honlufoodtrailer.com\/wp-content\/uploads\/2023\/11\/11m-Barbecue-Grill-Trailer-inner-view-300x300.jpg 300w, https:\/\/www.honlufoodtrailer.com\/wp-content\/uploads\/2023\/11\/11m-Barbecue-Grill-Trailer-inner-view-720x720.jpg 720w, https:\/\/www.honlufoodtrailer.com\/wp-content\/uploads\/2023\/11\/11m-Barbecue-Grill-Trailer-inner-view-100x100.jpg 100w\" sizes=\"(max-width: 800px) 100vw, 800px\" \/><\/p>\n<h3>Mais pormenores sobre o atrelado para grelhadores de churrasco de 11 m<\/h3>\n<p data-spm-anchor-id=\"a2700.wholesale.0.i28.29e52808agqc7f\">Ver mais pormenores do exterior deste atrelado com grelhador de 11m. Todos eles s\u00e3o feitos de acordo com as exig\u00eancias locais. Como um fabricante e exportador de trailer de alimentos com mais de 10 anos de experi\u00eancia, podemos ajud\u00e1-lo a projetar e fabricar seu trailer de alimentos de acordo com os padr\u00f5es locais. O tamanho, cor do corpo, adesivos, sinaliza\u00e7\u00e3o e equipamentos de cozinha do trailer de alimentos podem ser personalizados. N\u00e3o hesite em contactar-nos e dizer-nos os seus requisitos detalhados!<\/p>\n<p data-spm-anchor-id=\"a2700.wholesale.0.i28.29e52808agqc7f\"><img decoding=\"async\" class=\"aligncenter size-full wp-image-8380\" src=\"https:\/\/www.honlufoodtrailer.com\/wp-content\/uploads\/2023\/11\/11m-Barbecue-Grill-Trailer-more-details.jpg\" alt=\"Reboque para grelhador de 11m mais detalhes\" width=\"800\" height=\"800\" srcset=\"https:\/\/www.honlufoodtrailer.com\/wp-content\/uploads\/2023\/11\/11m-Barbecue-Grill-Trailer-more-details.jpg 800w, https:\/\/www.honlufoodtrailer.com\/wp-content\/uploads\/2023\/11\/11m-Barbecue-Grill-Trailer-more-details-768x768.jpg 768w, https:\/\/www.honlufoodtrailer.com\/wp-content\/uploads\/2023\/11\/11m-Barbecue-Grill-Trailer-more-details-360x360.jpg 360w, https:\/\/www.honlufoodtrailer.com\/wp-content\/uploads\/2023\/11\/11m-Barbecue-Grill-Trailer-more-details-300x300.jpg 300w, https:\/\/www.honlufoodtrailer.com\/wp-content\/uploads\/2023\/11\/11m-Barbecue-Grill-Trailer-more-details-720x720.jpg 720w, https:\/\/www.honlufoodtrailer.com\/wp-content\/uploads\/2023\/11\/11m-Barbecue-Grill-Trailer-more-details-100x100.jpg 100w\" sizes=\"(max-width: 800px) 100vw, 800px\" \/><\/p>\n<p data-spm-anchor-id=\"a2700.wholesale.0.i28.29e52808agqc7f\">Os reboques de alimentos tamb\u00e9m podem ser designados por carrinhos de alimentos, carrinhas de alimentos, cami\u00f5es de alimentos, etc. Pode ser utilizado para vender comida r\u00e1pida, snacks, jornais, livros, etc. \u00c9 composto por chassis, corpo, piso, mesa de trabalho, sistema de \u00e1gua, sistema el\u00e9trico. Os utilizadores tamb\u00e9m podem escolher a cor que quiserem. Gostar\u00edamos de comprar outros tipos de equipamentos se os clientes quiserem.<\/p>\n<h3 class=\"magic-6\" data-spm-anchor-id=\"a2700.wholesale.0.i28.29e52808agqc7f\"><img loading=\"lazy\" decoding=\"async\" class=\"size-full wp-image-5647 aligncenter\" src=\"https:\/\/www.honlufoodtrailer.com\/wp-content\/uploads\/2023\/10\/11m-grill-trailer-side-view.jpg\" alt=\"Vista lateral do reboque do grelhador 11m\" width=\"720\" height=\"540\" srcset=\"https:\/\/www.honlufoodtrailer.com\/wp-content\/uploads\/2023\/10\/11m-grill-trailer-side-view.jpg 720w, https:\/\/www.honlufoodtrailer.com\/wp-content\/uploads\/2023\/10\/11m-grill-trailer-side-view-480x360.jpg 480w, https:\/\/www.honlufoodtrailer.com\/wp-content\/uploads\/2023\/10\/11m-grill-trailer-side-view-300x225.jpg 300w\" sizes=\"(max-width: 720px) 100vw, 720px\" \/>Principais carater\u00edsticas dos reboques para grelhadores de churrasco para venda<\/h3>\n<div class=\"magic-7\">\n<div class=\"magic-8\">\n<div class=\"magic-9\" data-id=\"paragraph0\">\n<ol>\n<li>A apar\u00eancia elegante pode ser personalizada;<\/li>\n<li>Corpo do reboque de chapa galvanizada e estrutura interna, boa resist\u00eancia ao calor, resist\u00eancia ao desgaste, resist\u00eancia \u00e0 corros\u00e3o;<\/li>\n<li>Acess\u00f3rios modernos e avan\u00e7ados equipados no atrelado para grelhadores de churrasco;<\/li>\n<li>\u00c9 resistente ao choque e \u00e0 corros\u00e3o, resistente ao calor e a sua for\u00e7a \u00e9 elevada, com elevada solidez da cor, sem deforma\u00e7\u00e3o, \u00e0 prova de \u00e1gua e com uma longa vida \u00fatil;<\/li>\n<li>Temos todo o gosto em modific\u00e1-lo de acordo com as suas necessidades.<\/li>\n<\/ol>\n<p><img loading=\"lazy\" decoding=\"async\" class=\"size-full wp-image-5646 aligncenter\" src=\"https:\/\/www.honlufoodtrailer.com\/wp-content\/uploads\/2023\/10\/11m-grill-trailer-inner-overview.jpg\" alt=\"Vista geral do interior do reboque para grelhadores 11m\" width=\"720\" height=\"479\" srcset=\"https:\/\/www.honlufoodtrailer.com\/wp-content\/uploads\/2023\/10\/11m-grill-trailer-inner-overview.jpg 720w, https:\/\/www.honlufoodtrailer.com\/wp-content\/uploads\/2023\/10\/11m-grill-trailer-inner-overview-480x319.jpg 480w, https:\/\/www.honlufoodtrailer.com\/wp-content\/uploads\/2023\/10\/11m-grill-trailer-inner-overview-300x200.jpg 300w\" sizes=\"(max-width: 720px) 100vw, 720px\" \/><\/p>\n<h3>Desenho de planta baixa 2D\/3D gratuito<\/h3>\n<p>Depois de confirmar as dimens\u00f5es do <a href=\"https:\/\/www.honlufoodtrailer.com\/pt\/product\/\" target=\"_blank\" rel=\"noopener\">reboque alimentar<\/a> e o equipamento interno da cozinha, podemos fornecer-lhe desenhos 3D gratuitamente. Isto dar-lhe-\u00e1 uma ideia mais clara do seu design e do seu carrinho de comida. Ao confirmar a localiza\u00e7\u00e3o do equipamento de cozinha, podemos comunicar claramente consigo atrav\u00e9s da planta. Podemos tamb\u00e9m fornecer-lhe documentos originais para facilitar o seu projeto e fazer ajustes.<\/p>\n<h3>Relacionadas 11m Food Truck<\/h3>\n<p><a href=\"https:\/\/www.honlufoodtrailer.com\/pt\/product\/shawarma-food-truck-for-sale\/\" target=\"_blank\" rel=\"noopener\">11m Shawarma Food Truck para venda<\/a><\/p>\n<p><a href=\"https:\/\/www.honlufoodtrailer.com\/pt\/product\/shawarma-food-truck-for-sale\/\"><img loading=\"lazy\" decoding=\"async\" class=\"aligncenter wp-image-6483 size-full\" src=\"https:\/\/www.honlufoodtrailer.com\/wp-content\/uploads\/2024\/01\/11m-Shawarma-Food-Truck-for-sale.jpg\" alt=\"11m Shawarma Food Truck para venda\" width=\"720\" height=\"540\" srcset=\"https:\/\/www.honlufoodtrailer.com\/wp-content\/uploads\/2024\/01\/11m-Shawarma-Food-Truck-for-sale.jpg 720w, https:\/\/www.honlufoodtrailer.com\/wp-content\/uploads\/2024\/01\/11m-Shawarma-Food-Truck-for-sale-480x360.jpg 480w, https:\/\/www.honlufoodtrailer.com\/wp-content\/uploads\/2024\/01\/11m-Shawarma-Food-Truck-for-sale-300x225.jpg 300w\" sizes=\"(max-width: 720px) 100vw, 720px\" \/><\/a><\/p>\n<\/div>\n<\/div>\n<\/div>","protected":false},"excerpt":{"rendered":"<p data-spm-anchor-id=\"a2700.wholesale.0.i28.29e52808agqc7f\">Este \u00e9 um trailer de churrasqueira 11M personalizado. Acima do trailer churrasqueira, temos personalizado as palavras outdoor para atender \u00e0s necessidades do cliente. Pode ser aplicado para vender qualquer coisa de churrasco, cachorros-quentes, sandu\u00edches, caf\u00e9, sorvete, ou opera\u00e7\u00f5es de varejo etc. Temos certificado CE para ajud\u00e1-lo a iniciar um neg\u00f3cio de trailer de comida m\u00f3vel sem preocupa\u00e7\u00f5es.<\/p>","protected":false},"featured_media":5648,"template":"","meta":{"_themeisle_gutenberg_block_has_review":false},"product_brand":[],"product_cat":[26],"product_tag":[105,53,33,41,133,45,38,52],"class_list":{"0":"post-5643","1":"product","2":"type-product","3":"status-publish","4":"has-post-thumbnail","6":"product_cat-product","7":"product_tag-36ft-food-trailer","8":"product_tag-customized-sinks","9":"product_tag-customized-trailer","10":"product_tag-galvanized-trailer","11":"product_tag-grill-trailer","12":"product_tag-large-food-trailer","13":"product_tag-mobile-food-trailer","14":"product_tag-personalized-billboard","16":"first","17":"instock","18":"featured","19":"shipping-taxable","20":"product-type-simple"},"yoast_head":"<!-- This site is optimized with the Yoast SEO plugin v27.4 - https:\/\/yoast.com\/product\/yoast-seo-wordpress\/ -->\n<title>11m Barbecue Grill Trailers For Sale from China - Honlu Food Trailer<\/title>\n<meta name=\"description\" content=\"This is a customized 11M barbecue grill trailer for sale. We have related certifications to help you to start a mobile business. Get the price now!\" \/>\n<meta name=\"robots\" content=\"index, follow, max-snippet:-1, max-image-preview:large, max-video-preview:-1\" \/>\n<link rel=\"canonical\" href=\"https:\/\/www.honlufoodtrailer.com\/pt\/product\/11m-barbecue-grill-trailers-for-sale\/\" \/>\n<meta property=\"og:locale\" content=\"pt_PT\" \/>\n<meta property=\"og:type\" content=\"article\" \/>\n<meta property=\"og:title\" content=\"11m Barbecue Grill Trailers For Sale from China - Honlu Food Trailer\" \/>\n<meta property=\"og:description\" content=\"This is a customized 11M barbecue grill trailer for sale. We have related certifications to help you to start a mobile business. Get the price now!\" \/>\n<meta property=\"og:url\" content=\"https:\/\/www.honlufoodtrailer.com\/pt\/product\/11m-barbecue-grill-trailers-for-sale\/\" \/>\n<meta property=\"og:site_name\" content=\"Honlu food trailer\" \/>\n<meta property=\"article:modified_time\" content=\"2025-02-14T08:07:07+00:00\" \/>\n<meta property=\"og:image\" content=\"https:\/\/www.honlufoodtrailer.com\/wp-content\/uploads\/2023\/10\/11m-grill-trailer.jpg\" \/>\n\t<meta property=\"og:image:width\" content=\"720\" \/>\n\t<meta property=\"og:image:height\" content=\"540\" \/>\n\t<meta property=\"og:image:type\" content=\"image\/jpeg\" \/>\n<meta name=\"twitter:card\" content=\"summary_large_image\" \/>\n<meta name=\"twitter:label1\" content=\"Tempo estimado de leitura\" \/>\n\t<meta name=\"twitter:data1\" content=\"2 minutos\" \/>\n<script type=\"application\/ld+json\" class=\"yoast-schema-graph\">{\"@context\":\"https:\\\/\\\/schema.org\",\"@graph\":[{\"@type\":\"WebPage\",\"@id\":\"https:\\\/\\\/www.honlufoodtrailer.com\\\/product\\\/11m-barbecue-grill-trailers-for-sale\\\/\",\"url\":\"https:\\\/\\\/www.honlufoodtrailer.com\\\/product\\\/11m-barbecue-grill-trailers-for-sale\\\/\",\"name\":\"11m Barbecue Grill Trailers For Sale from China - Honlu Food Trailer\",\"isPartOf\":{\"@id\":\"https:\\\/\\\/www.honlufoodtrailer.com\\\/#website\"},\"primaryImageOfPage\":{\"@id\":\"https:\\\/\\\/www.honlufoodtrailer.com\\\/product\\\/11m-barbecue-grill-trailers-for-sale\\\/#primaryimage\"},\"image\":{\"@id\":\"https:\\\/\\\/www.honlufoodtrailer.com\\\/product\\\/11m-barbecue-grill-trailers-for-sale\\\/#primaryimage\"},\"thumbnailUrl\":\"https:\\\/\\\/www.honlufoodtrailer.com\\\/wp-content\\\/uploads\\\/2023\\\/10\\\/11m-grill-trailer.jpg\",\"datePublished\":\"2023-11-12T08:53:24+00:00\",\"dateModified\":\"2025-02-14T08:07:07+00:00\",\"description\":\"This is a customized 11M barbecue grill trailer for sale. We have related certifications to help you to start a mobile business. Get the price now!\",\"breadcrumb\":{\"@id\":\"https:\\\/\\\/www.honlufoodtrailer.com\\\/product\\\/11m-barbecue-grill-trailers-for-sale\\\/#breadcrumb\"},\"inLanguage\":\"pt-PT\",\"potentialAction\":[{\"@type\":\"ReadAction\",\"target\":[\"https:\\\/\\\/www.honlufoodtrailer.com\\\/product\\\/11m-barbecue-grill-trailers-for-sale\\\/\"]}]},{\"@type\":\"ImageObject\",\"inLanguage\":\"pt-PT\",\"@id\":\"https:\\\/\\\/www.honlufoodtrailer.com\\\/product\\\/11m-barbecue-grill-trailers-for-sale\\\/#primaryimage\",\"url\":\"https:\\\/\\\/www.honlufoodtrailer.com\\\/wp-content\\\/uploads\\\/2023\\\/10\\\/11m-grill-trailer.jpg\",\"contentUrl\":\"https:\\\/\\\/www.honlufoodtrailer.com\\\/wp-content\\\/uploads\\\/2023\\\/10\\\/11m-grill-trailer.jpg\",\"width\":720,\"height\":540,\"caption\":\"11m grill trailer\"},{\"@type\":\"BreadcrumbList\",\"@id\":\"https:\\\/\\\/www.honlufoodtrailer.com\\\/product\\\/11m-barbecue-grill-trailers-for-sale\\\/#breadcrumb\",\"itemListElement\":[{\"@type\":\"ListItem\",\"position\":1,\"name\":\"Home\",\"item\":\"https:\\\/\\\/www.honlufoodtrailer.com\\\/\"},{\"@type\":\"ListItem\",\"position\":2,\"name\":\"\u4ea7\u54c1\",\"item\":\"https:\\\/\\\/www.honlufoodtrailer.com\\\/shop\\\/\"},{\"@type\":\"ListItem\",\"position\":3,\"name\":\"11m Barbecue Grill Trailers For Sale\"}]},{\"@type\":\"WebSite\",\"@id\":\"https:\\\/\\\/www.honlufoodtrailer.com\\\/#website\",\"url\":\"https:\\\/\\\/www.honlufoodtrailer.com\\\/\",\"name\":\"Honlu food trailer\",\"description\":\"\",\"publisher\":{\"@id\":\"https:\\\/\\\/www.honlufoodtrailer.com\\\/#organization\"},\"potentialAction\":[{\"@type\":\"SearchAction\",\"target\":{\"@type\":\"EntryPoint\",\"urlTemplate\":\"https:\\\/\\\/www.honlufoodtrailer.com\\\/?s={search_term_string}\"},\"query-input\":{\"@type\":\"PropertyValueSpecification\",\"valueRequired\":true,\"valueName\":\"search_term_string\"}}],\"inLanguage\":\"pt-PT\"},{\"@type\":\"Organization\",\"@id\":\"https:\\\/\\\/www.honlufoodtrailer.com\\\/#organization\",\"name\":\"Honlu food trailer\",\"url\":\"https:\\\/\\\/www.honlufoodtrailer.com\\\/\",\"logo\":{\"@type\":\"ImageObject\",\"inLanguage\":\"pt-PT\",\"@id\":\"https:\\\/\\\/www.honlufoodtrailer.com\\\/#\\\/schema\\\/logo\\\/image\\\/\",\"url\":\"https:\\\/\\\/www.honlufoodtrailer.com\\\/wp-content\\\/uploads\\\/2021\\\/12\\\/2.gif\",\"contentUrl\":\"https:\\\/\\\/www.honlufoodtrailer.com\\\/wp-content\\\/uploads\\\/2021\\\/12\\\/2.gif\",\"width\":350,\"height\":100,\"caption\":\"Honlu food trailer\"},\"image\":{\"@id\":\"https:\\\/\\\/www.honlufoodtrailer.com\\\/#\\\/schema\\\/logo\\\/image\\\/\"}}]}<\/script>\n<!-- \/ Yoast SEO plugin. -->","yoast_head_json":{"title":"Reboques de grelha de churrasco de 11m para venda da China - Honlu Food Trailer","description":"Este \u00e9 um trailer de churrasqueira 11M personalizado para venda. Temos certifica\u00e7\u00f5es relacionadas para o ajudar a iniciar um neg\u00f3cio m\u00f3vel. Obtenha o pre\u00e7o agora!","robots":{"index":"index","follow":"follow","max-snippet":"max-snippet:-1","max-image-preview":"max-image-preview:large","max-video-preview":"max-video-preview:-1"},"canonical":"https:\/\/www.honlufoodtrailer.com\/pt\/product\/11m-barbecue-grill-trailers-for-sale\/","og_locale":"pt_PT","og_type":"article","og_title":"11m Barbecue Grill Trailers For Sale from China - Honlu Food Trailer","og_description":"This is a customized 11M barbecue grill trailer for sale. We have related certifications to help you to start a mobile business. Get the price now!","og_url":"https:\/\/www.honlufoodtrailer.com\/pt\/product\/11m-barbecue-grill-trailers-for-sale\/","og_site_name":"Honlu food trailer","article_modified_time":"2025-02-14T08:07:07+00:00","og_image":[{"width":720,"height":540,"url":"https:\/\/www.honlufoodtrailer.com\/wp-content\/uploads\/2023\/10\/11m-grill-trailer.jpg","type":"image\/jpeg"}],"twitter_card":"summary_large_image","twitter_misc":{"Tempo estimado de leitura":"2 minutos"},"schema":{"@context":"https:\/\/schema.org","@graph":[{"@type":"WebPage","@id":"https:\/\/www.honlufoodtrailer.com\/product\/11m-barbecue-grill-trailers-for-sale\/","url":"https:\/\/www.honlufoodtrailer.com\/product\/11m-barbecue-grill-trailers-for-sale\/","name":"Reboques de grelha de churrasco de 11m para venda da China - Honlu Food Trailer","isPartOf":{"@id":"https:\/\/www.honlufoodtrailer.com\/#website"},"primaryImageOfPage":{"@id":"https:\/\/www.honlufoodtrailer.com\/product\/11m-barbecue-grill-trailers-for-sale\/#primaryimage"},"image":{"@id":"https:\/\/www.honlufoodtrailer.com\/product\/11m-barbecue-grill-trailers-for-sale\/#primaryimage"},"thumbnailUrl":"https:\/\/www.honlufoodtrailer.com\/wp-content\/uploads\/2023\/10\/11m-grill-trailer.jpg","datePublished":"2023-11-12T08:53:24+00:00","dateModified":"2025-02-14T08:07:07+00:00","description":"Este \u00e9 um trailer de churrasqueira 11M personalizado para venda. Temos certifica\u00e7\u00f5es relacionadas para o ajudar a iniciar um neg\u00f3cio m\u00f3vel. Obtenha o pre\u00e7o agora!","breadcrumb":{"@id":"https:\/\/www.honlufoodtrailer.com\/product\/11m-barbecue-grill-trailers-for-sale\/#breadcrumb"},"inLanguage":"pt-PT","potentialAction":[{"@type":"ReadAction","target":["https:\/\/www.honlufoodtrailer.com\/product\/11m-barbecue-grill-trailers-for-sale\/"]}]},{"@type":"ImageObject","inLanguage":"pt-PT","@id":"https:\/\/www.honlufoodtrailer.com\/product\/11m-barbecue-grill-trailers-for-sale\/#primaryimage","url":"https:\/\/www.honlufoodtrailer.com\/wp-content\/uploads\/2023\/10\/11m-grill-trailer.jpg","contentUrl":"https:\/\/www.honlufoodtrailer.com\/wp-content\/uploads\/2023\/10\/11m-grill-trailer.jpg","width":720,"height":540,"caption":"11m grill trailer"},{"@type":"BreadcrumbList","@id":"https:\/\/www.honlufoodtrailer.com\/product\/11m-barbecue-grill-trailers-for-sale\/#breadcrumb","itemListElement":[{"@type":"ListItem","position":1,"name":"Home","item":"https:\/\/www.honlufoodtrailer.com\/"},{"@type":"ListItem","position":2,"name":"\u4ea7\u54c1","item":"https:\/\/www.honlufoodtrailer.com\/shop\/"},{"@type":"ListItem","position":3,"name":"11m Barbecue Grill Trailers For Sale"}]},{"@type":"WebSite","@id":"https:\/\/www.honlufoodtrailer.com\/#website","url":"https:\/\/www.honlufoodtrailer.com\/","name":"Reboque de comida Honlu","description":"","publisher":{"@id":"https:\/\/www.honlufoodtrailer.com\/#organization"},"potentialAction":[{"@type":"SearchAction","target":{"@type":"EntryPoint","urlTemplate":"https:\/\/www.honlufoodtrailer.com\/?s={search_term_string}"},"query-input":{"@type":"PropertyValueSpecification","valueRequired":true,"valueName":"search_term_string"}}],"inLanguage":"pt-PT"},{"@type":"Organization","@id":"https:\/\/www.honlufoodtrailer.com\/#organization","name":"Reboque de comida Honlu","url":"https:\/\/www.honlufoodtrailer.com\/","logo":{"@type":"ImageObject","inLanguage":"pt-PT","@id":"https:\/\/www.honlufoodtrailer.com\/#\/schema\/logo\/image\/","url":"https:\/\/www.honlufoodtrailer.com\/wp-content\/uploads\/2021\/12\/2.gif","contentUrl":"https:\/\/www.honlufoodtrailer.com\/wp-content\/uploads\/2021\/12\/2.gif","width":350,"height":100,"caption":"Honlu food trailer"},"image":{"@id":"https:\/\/www.honlufoodtrailer.com\/#\/schema\/logo\/image\/"}}]}},"_links":{"self":[{"href":"https:\/\/www.honlufoodtrailer.com\/pt\/wp-json\/wp\/v2\/product\/5643","targetHints":{"allow":["GET"]}}],"collection":[{"href":"https:\/\/www.honlufoodtrailer.com\/pt\/wp-json\/wp\/v2\/product"}],"about":[{"href":"https:\/\/www.honlufoodtrailer.com\/pt\/wp-json\/wp\/v2\/types\/product"}],"version-history":[{"count":8,"href":"https:\/\/www.honlufoodtrailer.com\/pt\/wp-json\/wp\/v2\/product\/5643\/revisions"}],"predecessor-version":[{"id":8382,"href":"https:\/\/www.honlufoodtrailer.com\/pt\/wp-json\/wp\/v2\/product\/5643\/revisions\/8382"}],"wp:featuredmedia":[{"embeddable":true,"href":"https:\/\/www.honlufoodtrailer.com\/pt\/wp-json\/wp\/v2\/media\/5648"}],"wp:attachment":[{"href":"https:\/\/www.honlufoodtrailer.com\/pt\/wp-json\/wp\/v2\/media?parent=5643"}],"wp:term":[{"taxonomy":"product_brand","embeddable":true,"href":"https:\/\/www.honlufoodtrailer.com\/pt\/wp-json\/wp\/v2\/product_brand?post=5643"},{"taxonomy":"product_cat","embeddable":true,"href":"https:\/\/www.honlufoodtrailer.com\/pt\/wp-json\/wp\/v2\/product_cat?post=5643"},{"taxonomy":"product_tag","embeddable":true,"href":"https:\/\/www.honlufoodtrailer.com\/pt\/wp-json\/wp\/v2\/product_tag?post=5643"}],"curies":[{"name":"wp","href":"https:\/\/api.w.org\/{rel}","templated":true}]}}