{"id":5705,"date":"2023-11-03T17:32:52","date_gmt":"2023-11-03T09:32:52","guid":{"rendered":"https:\/\/www.honlufoodtrailer.com\/?post_type=product&#038;p=5705"},"modified":"2024-10-28T17:12:23","modified_gmt":"2024-10-28T09:12:23","slug":"18ft-food-trailer-with-awning","status":"publish","type":"product","link":"https:\/\/www.honlufoodtrailer.com\/pt\/product\/18ft-food-trailer-with-awning\/","title":{"rendered":"18ft Food Trailer com toldo"},"content":{"rendered":"<p data-spm-anchor-id=\"a2700.wholesale.0.i28.29e52808agqc7f\">Este \u00e9 um trailer de comida personalizado de 18 p\u00e9s com toldo. A janela de servi\u00e7o na frente adopta uma janela deslizante, e o equipamento interno \u00e9 feito de a\u00e7o inoxid\u00e1vel. Este trailer de alimentos pode ser usado para vender churrasco, forno de pizza, churrasco ao ar livre, etc.<\/p>\n<p data-spm-anchor-id=\"a2700.wholesale.0.i28.29e52808agqc7f\"><img fetchpriority=\"high\" decoding=\"async\" class=\"size-full wp-image-5711 aligncenter\" src=\"https:\/\/www.honlufoodtrailer.com\/wp-content\/uploads\/2023\/11\/18ft-food-trailer-with-awning-side-view.jpg\" alt=\"Reboque para alimentos de 18 p\u00e9s com toldo vista lateral\" width=\"720\" height=\"540\" srcset=\"https:\/\/www.honlufoodtrailer.com\/wp-content\/uploads\/2023\/11\/18ft-food-trailer-with-awning-side-view.jpg 720w, https:\/\/www.honlufoodtrailer.com\/wp-content\/uploads\/2023\/11\/18ft-food-trailer-with-awning-side-view-480x360.jpg 480w, https:\/\/www.honlufoodtrailer.com\/wp-content\/uploads\/2023\/11\/18ft-food-trailer-with-awning-side-view-300x225.jpg 300w\" sizes=\"(max-width: 720px) 100vw, 720px\" \/><\/p>\n<p>As bancadas de trabalho, o equipamento de cozinha e os quatro lava-loi\u00e7as personalizados na carro\u00e7aria s\u00e3o todos feitos de a\u00e7o inoxid\u00e1vel.<\/p>\n<p><img decoding=\"async\" class=\"size-full wp-image-5681 aligncenter\" src=\"https:\/\/www.honlufoodtrailer.com\/wp-content\/uploads\/2023\/11\/food-trailer-with-porch-inner-details.jpg\" alt=\"reboque para alimentos com pormenores interiores de alpendre\" width=\"700\" height=\"700\" srcset=\"https:\/\/www.honlufoodtrailer.com\/wp-content\/uploads\/2023\/11\/food-trailer-with-porch-inner-details.jpg 700w, https:\/\/www.honlufoodtrailer.com\/wp-content\/uploads\/2023\/11\/food-trailer-with-porch-inner-details-360x360.jpg 360w, https:\/\/www.honlufoodtrailer.com\/wp-content\/uploads\/2023\/11\/food-trailer-with-porch-inner-details-300x300.jpg 300w, https:\/\/www.honlufoodtrailer.com\/wp-content\/uploads\/2023\/11\/food-trailer-with-porch-inner-details-100x100.jpg 100w\" sizes=\"(max-width: 700px) 100vw, 700px\" \/><\/p>\n<p data-spm-anchor-id=\"a2700.wholesale.0.i28.29e52808agqc7f\">Este modelo de atrelado de comida \u00e9 o modelo preferido para iniciar neg\u00f3cios de fast food, encomendas de compras a granel em centros comerciais, gest\u00e3o unificada de fast food de rua e piqueniques familiares.<\/p>\n<h3 class=\"magic-6\" data-spm-anchor-id=\"a2700.wholesale.0.i28.29e52808agqc7f\">Principais carater\u00edsticas do reboque alimentar com toldo<\/h3>\n<div class=\"magic-7\">\n<div class=\"magic-8\">\n<div class=\"magic-9\" data-id=\"paragraph0\">\n<ol>\n<li>A apar\u00eancia elegante pode ser personalizada;<\/li>\n<li>Corpo e estrutura interna do reboque em a\u00e7o inoxid\u00e1vel, boa resist\u00eancia ao calor, resist\u00eancia ao desgaste, resist\u00eancia \u00e0 corros\u00e3o;<\/li>\n<li>\u00c9 resistente ao choque e \u00e0 corros\u00e3o, resistente ao calor e a for\u00e7a \u00e9 elevada, a solidez da cor \u00e9 elevada, n\u00e3o deforma, \u00e9 imperme\u00e1vel e tem uma longa vida \u00fatil;<\/li>\n<li>A localiza\u00e7\u00e3o do equipamento de cozinha e das condutas de g\u00e1s \u00e9 reservada aos clientes;<\/li>\n<li>Temos todo o gosto em modific\u00e1-lo de acordo com as suas necessidades.<\/li>\n<\/ol>\n<h3>Desenho de planta baixa 2D\/3D gratuito<\/h3>\n<p>Depois de confirmar as dimens\u00f5es do <a href=\"https:\/\/www.honlufoodtrailer.com\/pt\/product\/\" target=\"_blank\" rel=\"noopener\">reboque alimentar<\/a> e o equipamento interno da cozinha, podemos fornecer-lhe desenhos 3D gratuitamente. Isto dar-lhe-\u00e1 uma ideia mais clara do seu design e do seu carrinho de comida. Ao confirmar a localiza\u00e7\u00e3o do equipamento de cozinha, podemos comunicar claramente consigo atrav\u00e9s da planta. Podemos tamb\u00e9m fornecer-lhe documentos originais para facilitar o seu projeto e fazer ajustes.<\/p>\n<\/div>\n<\/div>\n<\/div>","protected":false},"excerpt":{"rendered":"<p data-spm-anchor-id=\"a2700.wholesale.0.i28.29e52808agqc7f\">Este \u00e9 um dos nossos reboque de alimentos de 18 p\u00e9s feito sob medida com toldo na cor vermelha. Na verdade, podemos fabricar um trailer de alimentos semelhante a este, ou personalizar um para voc\u00ea. A cor do corpo, adesivos, sinaliza\u00e7\u00e3o, equipamento de cozinha do trailer de alimentos pode ser personalizado.  \u00c9 o modelo preferido para iniciar o neg\u00f3cio de comida m\u00f3vel. N\u00e3o hesite em contactar-nos e obter o pre\u00e7o!<\/p>","protected":false},"featured_media":5716,"template":"","meta":{"_themeisle_gutenberg_block_has_review":false},"product_brand":[],"product_cat":[26],"product_tag":[53,33,41,38,52],"class_list":{"0":"post-5705","1":"product","2":"type-product","3":"status-publish","4":"has-post-thumbnail","6":"product_cat-product","7":"product_tag-customized-sinks","8":"product_tag-customized-trailer","9":"product_tag-galvanized-trailer","10":"product_tag-mobile-food-trailer","11":"product_tag-personalized-billboard","13":"first","14":"instock","15":"shipping-taxable","16":"product-type-simple"},"yoast_head":"<!-- This site is optimized with the Yoast SEO plugin v27.4 - https:\/\/yoast.com\/product\/yoast-seo-wordpress\/ -->\n<title>18ft Food Trailer with Awning - Honlu food trailer<\/title>\n<meta name=\"description\" content=\"This is one of our custom-made 18ft food trailer with awning. The trailer can draw more attention of customers. See details!\" \/>\n<meta name=\"robots\" content=\"index, follow, max-snippet:-1, max-image-preview:large, max-video-preview:-1\" \/>\n<link rel=\"canonical\" href=\"https:\/\/www.honlufoodtrailer.com\/pt\/product\/18ft-food-trailer-with-awning\/\" \/>\n<meta property=\"og:locale\" content=\"pt_PT\" \/>\n<meta property=\"og:type\" content=\"article\" \/>\n<meta property=\"og:title\" content=\"18ft Food Trailer with Awning - Honlu food trailer\" \/>\n<meta property=\"og:description\" content=\"This is one of our custom-made 18ft food trailer with awning. The trailer can draw more attention of customers. See details!\" \/>\n<meta property=\"og:url\" content=\"https:\/\/www.honlufoodtrailer.com\/pt\/product\/18ft-food-trailer-with-awning\/\" \/>\n<meta property=\"og:site_name\" content=\"Honlu food trailer\" \/>\n<meta property=\"article:modified_time\" content=\"2024-10-28T09:12:23+00:00\" \/>\n<meta property=\"og:image\" content=\"https:\/\/www.honlufoodtrailer.com\/wp-content\/uploads\/2023\/11\/5.7m-food-trailer-with-awning.jpg\" \/>\n\t<meta property=\"og:image:width\" content=\"720\" \/>\n\t<meta property=\"og:image:height\" content=\"540\" \/>\n\t<meta property=\"og:image:type\" content=\"image\/jpeg\" \/>\n<meta name=\"twitter:card\" content=\"summary_large_image\" \/>\n<meta name=\"twitter:label1\" content=\"Tempo estimado de leitura\" \/>\n\t<meta name=\"twitter:data1\" content=\"3 minutos\" \/>\n<script type=\"application\/ld+json\" class=\"yoast-schema-graph\">{\"@context\":\"https:\\\/\\\/schema.org\",\"@graph\":[{\"@type\":\"WebPage\",\"@id\":\"https:\\\/\\\/www.honlufoodtrailer.com\\\/product\\\/18ft-food-trailer-with-awning\\\/\",\"url\":\"https:\\\/\\\/www.honlufoodtrailer.com\\\/product\\\/18ft-food-trailer-with-awning\\\/\",\"name\":\"18ft Food Trailer with Awning - Honlu food trailer\",\"isPartOf\":{\"@id\":\"https:\\\/\\\/www.honlufoodtrailer.com\\\/#website\"},\"primaryImageOfPage\":{\"@id\":\"https:\\\/\\\/www.honlufoodtrailer.com\\\/product\\\/18ft-food-trailer-with-awning\\\/#primaryimage\"},\"image\":{\"@id\":\"https:\\\/\\\/www.honlufoodtrailer.com\\\/product\\\/18ft-food-trailer-with-awning\\\/#primaryimage\"},\"thumbnailUrl\":\"https:\\\/\\\/www.honlufoodtrailer.com\\\/wp-content\\\/uploads\\\/2023\\\/11\\\/5.7m-food-trailer-with-awning.jpg\",\"datePublished\":\"2023-11-03T09:32:52+00:00\",\"dateModified\":\"2024-10-28T09:12:23+00:00\",\"description\":\"This is one of our custom-made 18ft food trailer with awning. The trailer can draw more attention of customers. See details!\",\"breadcrumb\":{\"@id\":\"https:\\\/\\\/www.honlufoodtrailer.com\\\/product\\\/18ft-food-trailer-with-awning\\\/#breadcrumb\"},\"inLanguage\":\"pt-PT\",\"potentialAction\":[{\"@type\":\"ReadAction\",\"target\":[\"https:\\\/\\\/www.honlufoodtrailer.com\\\/product\\\/18ft-food-trailer-with-awning\\\/\"]}]},{\"@type\":\"ImageObject\",\"inLanguage\":\"pt-PT\",\"@id\":\"https:\\\/\\\/www.honlufoodtrailer.com\\\/product\\\/18ft-food-trailer-with-awning\\\/#primaryimage\",\"url\":\"https:\\\/\\\/www.honlufoodtrailer.com\\\/wp-content\\\/uploads\\\/2023\\\/11\\\/5.7m-food-trailer-with-awning.jpg\",\"contentUrl\":\"https:\\\/\\\/www.honlufoodtrailer.com\\\/wp-content\\\/uploads\\\/2023\\\/11\\\/5.7m-food-trailer-with-awning.jpg\",\"width\":720,\"height\":540,\"caption\":\"5.7m food trailer with awning\"},{\"@type\":\"BreadcrumbList\",\"@id\":\"https:\\\/\\\/www.honlufoodtrailer.com\\\/product\\\/18ft-food-trailer-with-awning\\\/#breadcrumb\",\"itemListElement\":[{\"@type\":\"ListItem\",\"position\":1,\"name\":\"Home\",\"item\":\"https:\\\/\\\/www.honlufoodtrailer.com\\\/\"},{\"@type\":\"ListItem\",\"position\":2,\"name\":\"\u4ea7\u54c1\",\"item\":\"https:\\\/\\\/www.honlufoodtrailer.com\\\/shop\\\/\"},{\"@type\":\"ListItem\",\"position\":3,\"name\":\"18ft Food Trailer with Awning\"}]},{\"@type\":\"WebSite\",\"@id\":\"https:\\\/\\\/www.honlufoodtrailer.com\\\/#website\",\"url\":\"https:\\\/\\\/www.honlufoodtrailer.com\\\/\",\"name\":\"Honlu food trailer\",\"description\":\"\",\"publisher\":{\"@id\":\"https:\\\/\\\/www.honlufoodtrailer.com\\\/#organization\"},\"potentialAction\":[{\"@type\":\"SearchAction\",\"target\":{\"@type\":\"EntryPoint\",\"urlTemplate\":\"https:\\\/\\\/www.honlufoodtrailer.com\\\/?s={search_term_string}\"},\"query-input\":{\"@type\":\"PropertyValueSpecification\",\"valueRequired\":true,\"valueName\":\"search_term_string\"}}],\"inLanguage\":\"pt-PT\"},{\"@type\":\"Organization\",\"@id\":\"https:\\\/\\\/www.honlufoodtrailer.com\\\/#organization\",\"name\":\"Honlu food trailer\",\"url\":\"https:\\\/\\\/www.honlufoodtrailer.com\\\/\",\"logo\":{\"@type\":\"ImageObject\",\"inLanguage\":\"pt-PT\",\"@id\":\"https:\\\/\\\/www.honlufoodtrailer.com\\\/#\\\/schema\\\/logo\\\/image\\\/\",\"url\":\"https:\\\/\\\/www.honlufoodtrailer.com\\\/wp-content\\\/uploads\\\/2021\\\/12\\\/2.gif\",\"contentUrl\":\"https:\\\/\\\/www.honlufoodtrailer.com\\\/wp-content\\\/uploads\\\/2021\\\/12\\\/2.gif\",\"width\":350,\"height\":100,\"caption\":\"Honlu food trailer\"},\"image\":{\"@id\":\"https:\\\/\\\/www.honlufoodtrailer.com\\\/#\\\/schema\\\/logo\\\/image\\\/\"}}]}<\/script>\n<!-- \/ Yoast SEO plugin. -->","yoast_head_json":{"title":"18ft Food Trailer com Toldo - Honlu food trailer","description":"Este \u00e9 um dos nossos reboques de alimentos de 18 p\u00e9s feitos sob medida com toldo. O trailer pode atrair mais aten\u00e7\u00e3o dos clientes. Ver pormenores!","robots":{"index":"index","follow":"follow","max-snippet":"max-snippet:-1","max-image-preview":"max-image-preview:large","max-video-preview":"max-video-preview:-1"},"canonical":"https:\/\/www.honlufoodtrailer.com\/pt\/product\/18ft-food-trailer-with-awning\/","og_locale":"pt_PT","og_type":"article","og_title":"18ft Food Trailer with Awning - Honlu food trailer","og_description":"This is one of our custom-made 18ft food trailer with awning. The trailer can draw more attention of customers. See details!","og_url":"https:\/\/www.honlufoodtrailer.com\/pt\/product\/18ft-food-trailer-with-awning\/","og_site_name":"Honlu food trailer","article_modified_time":"2024-10-28T09:12:23+00:00","og_image":[{"width":720,"height":540,"url":"https:\/\/www.honlufoodtrailer.com\/wp-content\/uploads\/2023\/11\/5.7m-food-trailer-with-awning.jpg","type":"image\/jpeg"}],"twitter_card":"summary_large_image","twitter_misc":{"Tempo estimado de leitura":"3 minutos"},"schema":{"@context":"https:\/\/schema.org","@graph":[{"@type":"WebPage","@id":"https:\/\/www.honlufoodtrailer.com\/product\/18ft-food-trailer-with-awning\/","url":"https:\/\/www.honlufoodtrailer.com\/product\/18ft-food-trailer-with-awning\/","name":"18ft Food Trailer com Toldo - Honlu food trailer","isPartOf":{"@id":"https:\/\/www.honlufoodtrailer.com\/#website"},"primaryImageOfPage":{"@id":"https:\/\/www.honlufoodtrailer.com\/product\/18ft-food-trailer-with-awning\/#primaryimage"},"image":{"@id":"https:\/\/www.honlufoodtrailer.com\/product\/18ft-food-trailer-with-awning\/#primaryimage"},"thumbnailUrl":"https:\/\/www.honlufoodtrailer.com\/wp-content\/uploads\/2023\/11\/5.7m-food-trailer-with-awning.jpg","datePublished":"2023-11-03T09:32:52+00:00","dateModified":"2024-10-28T09:12:23+00:00","description":"Este \u00e9 um dos nossos reboques de alimentos de 18 p\u00e9s feitos sob medida com toldo. O trailer pode atrair mais aten\u00e7\u00e3o dos clientes. Ver pormenores!","breadcrumb":{"@id":"https:\/\/www.honlufoodtrailer.com\/product\/18ft-food-trailer-with-awning\/#breadcrumb"},"inLanguage":"pt-PT","potentialAction":[{"@type":"ReadAction","target":["https:\/\/www.honlufoodtrailer.com\/product\/18ft-food-trailer-with-awning\/"]}]},{"@type":"ImageObject","inLanguage":"pt-PT","@id":"https:\/\/www.honlufoodtrailer.com\/product\/18ft-food-trailer-with-awning\/#primaryimage","url":"https:\/\/www.honlufoodtrailer.com\/wp-content\/uploads\/2023\/11\/5.7m-food-trailer-with-awning.jpg","contentUrl":"https:\/\/www.honlufoodtrailer.com\/wp-content\/uploads\/2023\/11\/5.7m-food-trailer-with-awning.jpg","width":720,"height":540,"caption":"5.7m food trailer with awning"},{"@type":"BreadcrumbList","@id":"https:\/\/www.honlufoodtrailer.com\/product\/18ft-food-trailer-with-awning\/#breadcrumb","itemListElement":[{"@type":"ListItem","position":1,"name":"Home","item":"https:\/\/www.honlufoodtrailer.com\/"},{"@type":"ListItem","position":2,"name":"\u4ea7\u54c1","item":"https:\/\/www.honlufoodtrailer.com\/shop\/"},{"@type":"ListItem","position":3,"name":"18ft Food Trailer with Awning"}]},{"@type":"WebSite","@id":"https:\/\/www.honlufoodtrailer.com\/#website","url":"https:\/\/www.honlufoodtrailer.com\/","name":"Reboque de comida Honlu","description":"","publisher":{"@id":"https:\/\/www.honlufoodtrailer.com\/#organization"},"potentialAction":[{"@type":"SearchAction","target":{"@type":"EntryPoint","urlTemplate":"https:\/\/www.honlufoodtrailer.com\/?s={search_term_string}"},"query-input":{"@type":"PropertyValueSpecification","valueRequired":true,"valueName":"search_term_string"}}],"inLanguage":"pt-PT"},{"@type":"Organization","@id":"https:\/\/www.honlufoodtrailer.com\/#organization","name":"Reboque de comida Honlu","url":"https:\/\/www.honlufoodtrailer.com\/","logo":{"@type":"ImageObject","inLanguage":"pt-PT","@id":"https:\/\/www.honlufoodtrailer.com\/#\/schema\/logo\/image\/","url":"https:\/\/www.honlufoodtrailer.com\/wp-content\/uploads\/2021\/12\/2.gif","contentUrl":"https:\/\/www.honlufoodtrailer.com\/wp-content\/uploads\/2021\/12\/2.gif","width":350,"height":100,"caption":"Honlu food trailer"},"image":{"@id":"https:\/\/www.honlufoodtrailer.com\/#\/schema\/logo\/image\/"}}]}},"_links":{"self":[{"href":"https:\/\/www.honlufoodtrailer.com\/pt\/wp-json\/wp\/v2\/product\/5705","targetHints":{"allow":["GET"]}}],"collection":[{"href":"https:\/\/www.honlufoodtrailer.com\/pt\/wp-json\/wp\/v2\/product"}],"about":[{"href":"https:\/\/www.honlufoodtrailer.com\/pt\/wp-json\/wp\/v2\/types\/product"}],"version-history":[{"count":6,"href":"https:\/\/www.honlufoodtrailer.com\/pt\/wp-json\/wp\/v2\/product\/5705\/revisions"}],"predecessor-version":[{"id":5951,"href":"https:\/\/www.honlufoodtrailer.com\/pt\/wp-json\/wp\/v2\/product\/5705\/revisions\/5951"}],"wp:featuredmedia":[{"embeddable":true,"href":"https:\/\/www.honlufoodtrailer.com\/pt\/wp-json\/wp\/v2\/media\/5716"}],"wp:attachment":[{"href":"https:\/\/www.honlufoodtrailer.com\/pt\/wp-json\/wp\/v2\/media?parent=5705"}],"wp:term":[{"taxonomy":"product_brand","embeddable":true,"href":"https:\/\/www.honlufoodtrailer.com\/pt\/wp-json\/wp\/v2\/product_brand?post=5705"},{"taxonomy":"product_cat","embeddable":true,"href":"https:\/\/www.honlufoodtrailer.com\/pt\/wp-json\/wp\/v2\/product_cat?post=5705"},{"taxonomy":"product_tag","embeddable":true,"href":"https:\/\/www.honlufoodtrailer.com\/pt\/wp-json\/wp\/v2\/product_tag?post=5705"}],"curies":[{"name":"wp","href":"https:\/\/api.w.org\/{rel}","templated":true}]}}