{"id":6631,"date":"2023-11-08T18:00:18","date_gmt":"2023-11-08T10:00:18","guid":{"rendered":"https:\/\/www.honlufoodtrailer.com\/?post_type=product&#038;p=6631"},"modified":"2025-02-14T16:07:30","modified_gmt":"2025-02-14T08:07:30","slug":"13ft-ice-cream-trailer-for-sale","status":"publish","type":"product","link":"https:\/\/www.honlufoodtrailer.com\/pt\/product\/13ft-ice-cream-trailer-for-sale\/","title":{"rendered":"13ft Ice Cream Trailer For Sale"},"content":{"rendered":"<p>Are you searching for an ice cream trailer for sale? See this cost-effective ice cream trailer here!\u00a0 This is a customized 4m small ice cream concession trailer we have manufactured for one of our customers. We can manufacture a similar ice cream concession trailer like this one, or customize one for you. The body color, stickers, signage, and kitchen equipment of the ice cream trailers can be customized. Just contact us and tell us your detailed requirements.<\/p>\n<p><img fetchpriority=\"high\" decoding=\"async\" class=\"aligncenter size-full wp-image-6633\" src=\"https:\/\/www.honlufoodtrailer.com\/wp-content\/uploads\/2024\/01\/ice-cream-concession-trailer-for-sale-front-view.jpg\" alt=\"ice cream concession trailer for sale front view\" width=\"720\" height=\"540\" srcset=\"https:\/\/www.honlufoodtrailer.com\/wp-content\/uploads\/2024\/01\/ice-cream-concession-trailer-for-sale-front-view.jpg 720w, https:\/\/www.honlufoodtrailer.com\/wp-content\/uploads\/2024\/01\/ice-cream-concession-trailer-for-sale-front-view-480x360.jpg 480w, https:\/\/www.honlufoodtrailer.com\/wp-content\/uploads\/2024\/01\/ice-cream-concession-trailer-for-sale-front-view-300x225.jpg 300w\" sizes=\"(max-width: 720px) 100vw, 720px\" \/><\/p>\n<p>Are you looking to start your own mobile food trailer business? Do you want to provide ice creams on the go? Then, consider investing in this small mobile ice cream trailer for sale. This type of food trailer can help drive your business to success. Now, let me show you more details of this ice cream concession trailer.<\/p>\n<p><img decoding=\"async\" class=\"aligncenter size-full wp-image-6640\" src=\"https:\/\/www.honlufoodtrailer.com\/wp-content\/uploads\/2024\/01\/ice-cream-trailer-details.jpg\" alt=\"ice cream trailer details\" width=\"800\" height=\"800\" srcset=\"https:\/\/www.honlufoodtrailer.com\/wp-content\/uploads\/2024\/01\/ice-cream-trailer-details.jpg 800w, https:\/\/www.honlufoodtrailer.com\/wp-content\/uploads\/2024\/01\/ice-cream-trailer-details-768x768.jpg 768w, https:\/\/www.honlufoodtrailer.com\/wp-content\/uploads\/2024\/01\/ice-cream-trailer-details-360x360.jpg 360w, https:\/\/www.honlufoodtrailer.com\/wp-content\/uploads\/2024\/01\/ice-cream-trailer-details-300x300.jpg 300w, https:\/\/www.honlufoodtrailer.com\/wp-content\/uploads\/2024\/01\/ice-cream-trailer-details-720x720.jpg 720w, https:\/\/www.honlufoodtrailer.com\/wp-content\/uploads\/2024\/01\/ice-cream-trailer-details-100x100.jpg 100w\" sizes=\"(max-width: 800px) 100vw, 800px\" \/><\/p>\n<p>As we can see from the picture above, We have equipped the 4m ice cream food trailer with some basic kitchen equipment. there is mainly kitchen equipment such as sinks, work table and shelves etc. Our customer will add some other spare parts he needs.<\/p>\n<p>Food trailers also can be called food carts, food vans, food trucks, and so on. It can be used to sell fast food, snacks, newspapers, books, and so on. It consists of chassis, body, flooring, working table, water system, and electric system. Users also can choose the color they want. We would like to purchase other types of equipment if customers wish to.<\/p>\n<p><img decoding=\"async\" class=\"aligncenter size-full wp-image-6634\" src=\"https:\/\/www.honlufoodtrailer.com\/wp-content\/uploads\/2024\/01\/ice-cream-trailer-for-sale-back-view.jpg\" alt=\"ice cream trailer for sale back view\" width=\"720\" height=\"540\" srcset=\"https:\/\/www.honlufoodtrailer.com\/wp-content\/uploads\/2024\/01\/ice-cream-trailer-for-sale-back-view.jpg 720w, https:\/\/www.honlufoodtrailer.com\/wp-content\/uploads\/2024\/01\/ice-cream-trailer-for-sale-back-view-480x360.jpg 480w, https:\/\/www.honlufoodtrailer.com\/wp-content\/uploads\/2024\/01\/ice-cream-trailer-for-sale-back-view-300x225.jpg 300w\" sizes=\"(max-width: 720px) 100vw, 720px\" \/><\/p>\n<h2><b class=\"magic-22\"><span class=\"magic-11\">Main Features Of The Customized Ice Cream Trailer<\/span><\/b><\/h2>\n<div class=\"magic-2\">\n<div class=\"magic-3\">\n<div class=\"magic-4\">\n<p class=\"magic-5\" data-spm-anchor-id=\"a2700.details.0.i22.54e5117dtl16iL\"><span style=\"font-family: Tahoma;\">1<span class=\"magic-12\" data-spm-anchor-id=\"a2700.details.0.i21.54e5117dtl16iL\">. De baixo custo e ambientalmente sem fumo e ru\u00eddo, f\u00e1cil de mover em qualquer lugar<\/span><\/span><\/p>\n<p>2. Pode ser utilizado durante muitos anos e n\u00e3o acumula lixo, o que \u00e9 muito adequado para a vida moderna.<\/p>\n<p>3. \u00c9 c\u00f3modo e simples de carregar e transportar porque o design \u00e9 \u00fanico e individual.<\/p>\n<p>4. O material principal \u00e9 o a\u00e7o inoxid\u00e1vel, e a plataforma (mesa) n\u00e3o enferruja.<\/p>\n<p>5. Tem resist\u00eancia ao calor e a for\u00e7a \u00e9 elevada, elevada solidez da cor, sem deforma\u00e7\u00e3o, \u00e0 prova de \u00e1gua e longa vida \u00fatil.<\/p>\n<\/div>\n<\/div>\n<\/div>\n<h2><b class=\"magic-22\"><span class=\"magic-11\">Vantagem principal:<\/span><\/b><\/h2>\n<p><span class=\"magic-12\">1. Baixo custo e prote\u00e7\u00e3o do ambiente;<br \/>\n2. F\u00e1cil de deslocar para qualquer local (a sua atividade n\u00e3o est\u00e1 condicionada);<br \/>\n3. Forma \u00fanica (invis\u00edvel para atrair mais clientes);<br \/>\n4. Longa vida \u00fatil (resistente \u00e0 corros\u00e3o, ao calor, \u00e0 prova de \u00e1gua, sem deforma\u00e7\u00e3o).<\/span><\/p>","protected":false},"excerpt":{"rendered":"<p>This is one of our custom-made 13ft ice cream trailer for sale. Usually, it is the preferred model for starting a mobile food trailer business. Of course, we can manufacture a similar ice cream trailer like this one, or customize one for you. The body color, stickers, signage, and inner equipment of the food trailer can be customized. Just don&#8217;t hesitate to contact us!<\/p>","protected":false},"featured_media":6635,"template":"","meta":{"_themeisle_gutenberg_block_has_review":false},"product_brand":[],"product_cat":[26],"product_tag":[82,33,60,61,111,38],"class_list":{"0":"post-6631","1":"product","2":"type-product","3":"status-publish","4":"has-post-thumbnail","6":"product_cat-product","7":"product_tag-13ft-food-trailer","8":"product_tag-customized-trailer","9":"product_tag-fast-food-trailer","10":"product_tag-fast-food-trailer-for-sale","11":"product_tag-ice-cream-trailer","12":"product_tag-mobile-food-trailer","14":"first","15":"instock","16":"shipping-taxable","17":"product-type-simple"},"yoast_head":"<!-- This site is optimized with the Yoast SEO plugin v27.4 - https:\/\/yoast.com\/product\/yoast-seo-wordpress\/ -->\n<title>Factory Price Ice Cream Trailer For Sale - Honlu Food Trailer<\/title>\n<meta name=\"description\" content=\"Looking for a mobile ice cream trailer for sale? Get a similar or customized ice cream concession trailer from food trailer manufacturer Honlu now!\" \/>\n<meta name=\"robots\" content=\"index, follow, max-snippet:-1, max-image-preview:large, max-video-preview:-1\" \/>\n<link rel=\"canonical\" href=\"https:\/\/www.honlufoodtrailer.com\/pt\/product\/13ft-ice-cream-trailer-for-sale\/\" \/>\n<meta property=\"og:locale\" content=\"pt_PT\" \/>\n<meta property=\"og:type\" content=\"article\" \/>\n<meta property=\"og:title\" content=\"Factory Price Ice Cream Trailer For Sale - Honlu Food Trailer\" \/>\n<meta property=\"og:description\" content=\"Looking for a mobile ice cream trailer for sale? Get a similar or customized ice cream concession trailer from food trailer manufacturer Honlu now!\" \/>\n<meta property=\"og:url\" content=\"https:\/\/www.honlufoodtrailer.com\/pt\/product\/13ft-ice-cream-trailer-for-sale\/\" \/>\n<meta property=\"og:site_name\" content=\"Honlu food trailer\" \/>\n<meta property=\"article:modified_time\" content=\"2025-02-14T08:07:30+00:00\" \/>\n<meta property=\"og:image\" content=\"https:\/\/www.honlufoodtrailer.com\/wp-content\/uploads\/2024\/01\/ice-cream-trailer-for-sale-front-view.jpg\" \/>\n\t<meta property=\"og:image:width\" content=\"720\" \/>\n\t<meta property=\"og:image:height\" content=\"540\" \/>\n\t<meta property=\"og:image:type\" content=\"image\/jpeg\" \/>\n<meta name=\"twitter:card\" content=\"summary_large_image\" \/>\n<meta name=\"twitter:label1\" content=\"Tempo estimado de leitura\" \/>\n\t<meta name=\"twitter:data1\" content=\"1 minuto\" \/>\n<script type=\"application\/ld+json\" class=\"yoast-schema-graph\">{\"@context\":\"https:\\\/\\\/schema.org\",\"@graph\":[{\"@type\":\"WebPage\",\"@id\":\"https:\\\/\\\/www.honlufoodtrailer.com\\\/product\\\/13ft-ice-cream-trailer-for-sale\\\/\",\"url\":\"https:\\\/\\\/www.honlufoodtrailer.com\\\/product\\\/13ft-ice-cream-trailer-for-sale\\\/\",\"name\":\"Factory Price Ice Cream Trailer For Sale - Honlu Food Trailer\",\"isPartOf\":{\"@id\":\"https:\\\/\\\/www.honlufoodtrailer.com\\\/#website\"},\"primaryImageOfPage\":{\"@id\":\"https:\\\/\\\/www.honlufoodtrailer.com\\\/product\\\/13ft-ice-cream-trailer-for-sale\\\/#primaryimage\"},\"image\":{\"@id\":\"https:\\\/\\\/www.honlufoodtrailer.com\\\/product\\\/13ft-ice-cream-trailer-for-sale\\\/#primaryimage\"},\"thumbnailUrl\":\"https:\\\/\\\/www.honlufoodtrailer.com\\\/wp-content\\\/uploads\\\/2024\\\/01\\\/ice-cream-trailer-for-sale-front-view.jpg\",\"datePublished\":\"2023-11-08T10:00:18+00:00\",\"dateModified\":\"2025-02-14T08:07:30+00:00\",\"description\":\"Looking for a mobile ice cream trailer for sale? Get a similar or customized ice cream concession trailer from food trailer manufacturer Honlu now!\",\"breadcrumb\":{\"@id\":\"https:\\\/\\\/www.honlufoodtrailer.com\\\/product\\\/13ft-ice-cream-trailer-for-sale\\\/#breadcrumb\"},\"inLanguage\":\"pt-PT\",\"potentialAction\":[{\"@type\":\"ReadAction\",\"target\":[\"https:\\\/\\\/www.honlufoodtrailer.com\\\/product\\\/13ft-ice-cream-trailer-for-sale\\\/\"]}]},{\"@type\":\"ImageObject\",\"inLanguage\":\"pt-PT\",\"@id\":\"https:\\\/\\\/www.honlufoodtrailer.com\\\/product\\\/13ft-ice-cream-trailer-for-sale\\\/#primaryimage\",\"url\":\"https:\\\/\\\/www.honlufoodtrailer.com\\\/wp-content\\\/uploads\\\/2024\\\/01\\\/ice-cream-trailer-for-sale-front-view.jpg\",\"contentUrl\":\"https:\\\/\\\/www.honlufoodtrailer.com\\\/wp-content\\\/uploads\\\/2024\\\/01\\\/ice-cream-trailer-for-sale-front-view.jpg\",\"width\":720,\"height\":540,\"caption\":\"ice cream trailer for sale front view\"},{\"@type\":\"BreadcrumbList\",\"@id\":\"https:\\\/\\\/www.honlufoodtrailer.com\\\/product\\\/13ft-ice-cream-trailer-for-sale\\\/#breadcrumb\",\"itemListElement\":[{\"@type\":\"ListItem\",\"position\":1,\"name\":\"Home\",\"item\":\"https:\\\/\\\/www.honlufoodtrailer.com\\\/\"},{\"@type\":\"ListItem\",\"position\":2,\"name\":\"\u4ea7\u54c1\",\"item\":\"https:\\\/\\\/www.honlufoodtrailer.com\\\/shop\\\/\"},{\"@type\":\"ListItem\",\"position\":3,\"name\":\"13ft Ice Cream Trailer For Sale\"}]},{\"@type\":\"WebSite\",\"@id\":\"https:\\\/\\\/www.honlufoodtrailer.com\\\/#website\",\"url\":\"https:\\\/\\\/www.honlufoodtrailer.com\\\/\",\"name\":\"Honlu food trailer\",\"description\":\"\",\"publisher\":{\"@id\":\"https:\\\/\\\/www.honlufoodtrailer.com\\\/#organization\"},\"potentialAction\":[{\"@type\":\"SearchAction\",\"target\":{\"@type\":\"EntryPoint\",\"urlTemplate\":\"https:\\\/\\\/www.honlufoodtrailer.com\\\/?s={search_term_string}\"},\"query-input\":{\"@type\":\"PropertyValueSpecification\",\"valueRequired\":true,\"valueName\":\"search_term_string\"}}],\"inLanguage\":\"pt-PT\"},{\"@type\":\"Organization\",\"@id\":\"https:\\\/\\\/www.honlufoodtrailer.com\\\/#organization\",\"name\":\"Honlu food trailer\",\"url\":\"https:\\\/\\\/www.honlufoodtrailer.com\\\/\",\"logo\":{\"@type\":\"ImageObject\",\"inLanguage\":\"pt-PT\",\"@id\":\"https:\\\/\\\/www.honlufoodtrailer.com\\\/#\\\/schema\\\/logo\\\/image\\\/\",\"url\":\"https:\\\/\\\/www.honlufoodtrailer.com\\\/wp-content\\\/uploads\\\/2021\\\/12\\\/2.gif\",\"contentUrl\":\"https:\\\/\\\/www.honlufoodtrailer.com\\\/wp-content\\\/uploads\\\/2021\\\/12\\\/2.gif\",\"width\":350,\"height\":100,\"caption\":\"Honlu food trailer\"},\"image\":{\"@id\":\"https:\\\/\\\/www.honlufoodtrailer.com\\\/#\\\/schema\\\/logo\\\/image\\\/\"}}]}<\/script>\n<!-- \/ Yoast SEO plugin. -->","yoast_head_json":{"title":"Factory Price Ice Cream Trailer For Sale - Honlu Food Trailer","description":"Looking for a mobile ice cream trailer for sale? Get a similar or customized ice cream concession trailer from food trailer manufacturer Honlu now!","robots":{"index":"index","follow":"follow","max-snippet":"max-snippet:-1","max-image-preview":"max-image-preview:large","max-video-preview":"max-video-preview:-1"},"canonical":"https:\/\/www.honlufoodtrailer.com\/pt\/product\/13ft-ice-cream-trailer-for-sale\/","og_locale":"pt_PT","og_type":"article","og_title":"Factory Price Ice Cream Trailer For Sale - Honlu Food Trailer","og_description":"Looking for a mobile ice cream trailer for sale? Get a similar or customized ice cream concession trailer from food trailer manufacturer Honlu now!","og_url":"https:\/\/www.honlufoodtrailer.com\/pt\/product\/13ft-ice-cream-trailer-for-sale\/","og_site_name":"Honlu food trailer","article_modified_time":"2025-02-14T08:07:30+00:00","og_image":[{"width":720,"height":540,"url":"https:\/\/www.honlufoodtrailer.com\/wp-content\/uploads\/2024\/01\/ice-cream-trailer-for-sale-front-view.jpg","type":"image\/jpeg"}],"twitter_card":"summary_large_image","twitter_misc":{"Tempo estimado de leitura":"1 minuto"},"schema":{"@context":"https:\/\/schema.org","@graph":[{"@type":"WebPage","@id":"https:\/\/www.honlufoodtrailer.com\/product\/13ft-ice-cream-trailer-for-sale\/","url":"https:\/\/www.honlufoodtrailer.com\/product\/13ft-ice-cream-trailer-for-sale\/","name":"Factory Price Ice Cream Trailer For Sale - Honlu Food Trailer","isPartOf":{"@id":"https:\/\/www.honlufoodtrailer.com\/#website"},"primaryImageOfPage":{"@id":"https:\/\/www.honlufoodtrailer.com\/product\/13ft-ice-cream-trailer-for-sale\/#primaryimage"},"image":{"@id":"https:\/\/www.honlufoodtrailer.com\/product\/13ft-ice-cream-trailer-for-sale\/#primaryimage"},"thumbnailUrl":"https:\/\/www.honlufoodtrailer.com\/wp-content\/uploads\/2024\/01\/ice-cream-trailer-for-sale-front-view.jpg","datePublished":"2023-11-08T10:00:18+00:00","dateModified":"2025-02-14T08:07:30+00:00","description":"Looking for a mobile ice cream trailer for sale? Get a similar or customized ice cream concession trailer from food trailer manufacturer Honlu now!","breadcrumb":{"@id":"https:\/\/www.honlufoodtrailer.com\/product\/13ft-ice-cream-trailer-for-sale\/#breadcrumb"},"inLanguage":"pt-PT","potentialAction":[{"@type":"ReadAction","target":["https:\/\/www.honlufoodtrailer.com\/product\/13ft-ice-cream-trailer-for-sale\/"]}]},{"@type":"ImageObject","inLanguage":"pt-PT","@id":"https:\/\/www.honlufoodtrailer.com\/product\/13ft-ice-cream-trailer-for-sale\/#primaryimage","url":"https:\/\/www.honlufoodtrailer.com\/wp-content\/uploads\/2024\/01\/ice-cream-trailer-for-sale-front-view.jpg","contentUrl":"https:\/\/www.honlufoodtrailer.com\/wp-content\/uploads\/2024\/01\/ice-cream-trailer-for-sale-front-view.jpg","width":720,"height":540,"caption":"ice cream trailer for sale front view"},{"@type":"BreadcrumbList","@id":"https:\/\/www.honlufoodtrailer.com\/product\/13ft-ice-cream-trailer-for-sale\/#breadcrumb","itemListElement":[{"@type":"ListItem","position":1,"name":"Home","item":"https:\/\/www.honlufoodtrailer.com\/"},{"@type":"ListItem","position":2,"name":"\u4ea7\u54c1","item":"https:\/\/www.honlufoodtrailer.com\/shop\/"},{"@type":"ListItem","position":3,"name":"13ft Ice Cream Trailer For Sale"}]},{"@type":"WebSite","@id":"https:\/\/www.honlufoodtrailer.com\/#website","url":"https:\/\/www.honlufoodtrailer.com\/","name":"Reboque de comida Honlu","description":"","publisher":{"@id":"https:\/\/www.honlufoodtrailer.com\/#organization"},"potentialAction":[{"@type":"SearchAction","target":{"@type":"EntryPoint","urlTemplate":"https:\/\/www.honlufoodtrailer.com\/?s={search_term_string}"},"query-input":{"@type":"PropertyValueSpecification","valueRequired":true,"valueName":"search_term_string"}}],"inLanguage":"pt-PT"},{"@type":"Organization","@id":"https:\/\/www.honlufoodtrailer.com\/#organization","name":"Reboque de comida Honlu","url":"https:\/\/www.honlufoodtrailer.com\/","logo":{"@type":"ImageObject","inLanguage":"pt-PT","@id":"https:\/\/www.honlufoodtrailer.com\/#\/schema\/logo\/image\/","url":"https:\/\/www.honlufoodtrailer.com\/wp-content\/uploads\/2021\/12\/2.gif","contentUrl":"https:\/\/www.honlufoodtrailer.com\/wp-content\/uploads\/2021\/12\/2.gif","width":350,"height":100,"caption":"Honlu food trailer"},"image":{"@id":"https:\/\/www.honlufoodtrailer.com\/#\/schema\/logo\/image\/"}}]}},"_links":{"self":[{"href":"https:\/\/www.honlufoodtrailer.com\/pt\/wp-json\/wp\/v2\/product\/6631","targetHints":{"allow":["GET"]}}],"collection":[{"href":"https:\/\/www.honlufoodtrailer.com\/pt\/wp-json\/wp\/v2\/product"}],"about":[{"href":"https:\/\/www.honlufoodtrailer.com\/pt\/wp-json\/wp\/v2\/types\/product"}],"version-history":[{"count":4,"href":"https:\/\/www.honlufoodtrailer.com\/pt\/wp-json\/wp\/v2\/product\/6631\/revisions"}],"predecessor-version":[{"id":8213,"href":"https:\/\/www.honlufoodtrailer.com\/pt\/wp-json\/wp\/v2\/product\/6631\/revisions\/8213"}],"wp:featuredmedia":[{"embeddable":true,"href":"https:\/\/www.honlufoodtrailer.com\/pt\/wp-json\/wp\/v2\/media\/6635"}],"wp:attachment":[{"href":"https:\/\/www.honlufoodtrailer.com\/pt\/wp-json\/wp\/v2\/media?parent=6631"}],"wp:term":[{"taxonomy":"product_brand","embeddable":true,"href":"https:\/\/www.honlufoodtrailer.com\/pt\/wp-json\/wp\/v2\/product_brand?post=6631"},{"taxonomy":"product_cat","embeddable":true,"href":"https:\/\/www.honlufoodtrailer.com\/pt\/wp-json\/wp\/v2\/product_cat?post=6631"},{"taxonomy":"product_tag","embeddable":true,"href":"https:\/\/www.honlufoodtrailer.com\/pt\/wp-json\/wp\/v2\/product_tag?post=6631"}],"curies":[{"name":"wp","href":"https:\/\/api.w.org\/{rel}","templated":true}]}}