{"id":6946,"date":"2024-03-04T17:10:32","date_gmt":"2024-03-04T09:10:32","guid":{"rendered":"https:\/\/www.honlufoodtrailer.com\/?post_type=product&#038;p=6946"},"modified":"2025-02-14T15:26:47","modified_gmt":"2025-02-14T07:26:47","slug":"customized-4m-donut-trailer-for-sale","status":"publish","type":"product","link":"https:\/\/www.honlufoodtrailer.com\/pt\/product\/customized-4m-donut-trailer-for-sale\/","title":{"rendered":"Reboque personalizado para donuts de 4 metros \u00e0 venda"},"content":{"rendered":"<p>Est\u00e1 procurando um trailer de donuts \u00e0 venda? Veja este trailer de donuts de 4 metros! Este \u00e9 um trailer de donuts personalizado de 4 metros que fabricamos para um cliente da Austr\u00e1lia. Podemos fabricar um trailer de donuts semelhante a este ou personalizar um para voc\u00ea. A cor da carroceria, os adesivos, a sinaliza\u00e7\u00e3o e os equipamentos de cozinha do trailer de donuts podem ser personalizados. Basta entrar em contato conosco e nos informar suas necessidades espec\u00edficas.<br \/>\n<img fetchpriority=\"high\" decoding=\"async\" class=\"aligncenter size-full wp-image-6947\" src=\"https:\/\/www.honlufoodtrailer.com\/wp-content\/uploads\/2024\/03\/4m-donut-concession-trailer-for-sale.jpg\" alt=\"Reboque de 4m para concess\u00e3o de donuts \u00e0 venda\" width=\"720\" height=\"540\" srcset=\"https:\/\/www.honlufoodtrailer.com\/wp-content\/uploads\/2024\/03\/4m-donut-concession-trailer-for-sale.jpg 720w, https:\/\/www.honlufoodtrailer.com\/wp-content\/uploads\/2024\/03\/4m-donut-concession-trailer-for-sale-480x360.jpg 480w, https:\/\/www.honlufoodtrailer.com\/wp-content\/uploads\/2024\/03\/4m-donut-concession-trailer-for-sale-300x225.jpg 300w\" sizes=\"(max-width: 720px) 100vw, 720px\" \/><\/p>\n<p>Est\u00e1 pensando em abrir seu pr\u00f3prio neg\u00f3cio de food truck? Quer oferecer comida para viagem? Ent\u00e3o considere investir neste trailer de donuts de 4 metros. Este tipo de trailer pode impulsionar o seu neg\u00f3cio para o sucesso. Agora, deixe-me mostrar mais detalhes sobre este trailer de donuts.<\/p>\n<p><img decoding=\"async\" class=\"aligncenter size-full wp-image-6949\" src=\"https:\/\/www.honlufoodtrailer.com\/wp-content\/uploads\/2024\/03\/4m-donut-food-trailer-inner-view.jpg\" alt=\"vista interna do trailer de comida de donuts de 4 metros\" width=\"720\" height=\"540\" srcset=\"https:\/\/www.honlufoodtrailer.com\/wp-content\/uploads\/2024\/03\/4m-donut-food-trailer-inner-view.jpg 720w, https:\/\/www.honlufoodtrailer.com\/wp-content\/uploads\/2024\/03\/4m-donut-food-trailer-inner-view-480x360.jpg 480w, https:\/\/www.honlufoodtrailer.com\/wp-content\/uploads\/2024\/03\/4m-donut-food-trailer-inner-view-300x225.jpg 300w\" sizes=\"(max-width: 720px) 100vw, 720px\" \/><img decoding=\"async\" class=\"aligncenter size-full wp-image-6955\" src=\"https:\/\/www.honlufoodtrailer.com\/wp-content\/uploads\/2024\/03\/4m-donut-trailer-details.jpg\" alt=\"Detalhes do reboque de donuts de 4 metros\" width=\"800\" height=\"800\" srcset=\"https:\/\/www.honlufoodtrailer.com\/wp-content\/uploads\/2024\/03\/4m-donut-trailer-details.jpg 800w, https:\/\/www.honlufoodtrailer.com\/wp-content\/uploads\/2024\/03\/4m-donut-trailer-details-768x768.jpg 768w, https:\/\/www.honlufoodtrailer.com\/wp-content\/uploads\/2024\/03\/4m-donut-trailer-details-360x360.jpg 360w, https:\/\/www.honlufoodtrailer.com\/wp-content\/uploads\/2024\/03\/4m-donut-trailer-details-300x300.jpg 300w, https:\/\/www.honlufoodtrailer.com\/wp-content\/uploads\/2024\/03\/4m-donut-trailer-details-720x720.jpg 720w, https:\/\/www.honlufoodtrailer.com\/wp-content\/uploads\/2024\/03\/4m-donut-trailer-details-100x100.jpg 100w\" sizes=\"(max-width: 800px) 100vw, 800px\" \/><\/p>\n<p>Como podemos ver na imagem acima, equipamos este trailer de venda de donuts de 4 metros com alguns equipamentos b\u00e1sicos de cozinha. Os principais itens inclu\u00eddos s\u00e3o pia, bancada, geladeira, etc. Nosso cliente adicionar\u00e1 outras pe\u00e7as sobressalentes conforme necess\u00e1rio.<\/p>\n<p>Os reboques de alimentos tamb\u00e9m podem ser designados por carrinhos de alimentos, carrinhas de alimentos, cami\u00f5es de alimentos, etc. Ele pode ser usado para vender fast food, lanches, jornais, livros, e assim por diante. \u00c9 composto por chassis, corpo, piso, mesa de trabalho, sistema de \u00e1gua e sistema el\u00e9trico. Os utilizadores tamb\u00e9m podem escolher a cor que quiserem. Gostar\u00edamos de comprar outros tipos de equipamentos se os clientes quiserem.<\/p>\n<p><img loading=\"lazy\" decoding=\"async\" class=\"aligncenter size-full wp-image-6954\" src=\"https:\/\/www.honlufoodtrailer.com\/wp-content\/uploads\/2024\/03\/doughnut-trailer-for-sale.jpg\" alt=\"reboque para venda de donuts\" width=\"720\" height=\"540\" srcset=\"https:\/\/www.honlufoodtrailer.com\/wp-content\/uploads\/2024\/03\/doughnut-trailer-for-sale.jpg 720w, https:\/\/www.honlufoodtrailer.com\/wp-content\/uploads\/2024\/03\/doughnut-trailer-for-sale-480x360.jpg 480w, https:\/\/www.honlufoodtrailer.com\/wp-content\/uploads\/2024\/03\/doughnut-trailer-for-sale-300x225.jpg 300w\" sizes=\"(max-width: 720px) 100vw, 720px\" \/><\/p>\n<h2><b class=\"magic-22\"><span class=\"magic-11\">Principais caracter\u00edsticas do trailer de donuts personalizado \u00e0 venda<\/span><\/b><\/h2>\n<div class=\"magic-2\">\n<div class=\"magic-3\">\n<div class=\"magic-4\">\n<p class=\"magic-5\" data-spm-anchor-id=\"a2700.details.0.i22.54e5117dtl16iL\"><span style=\"font-family: Tahoma;\">1<span class=\"magic-12\" data-spm-anchor-id=\"a2700.details.0.i21.54e5117dtl16iL\">. De baixo custo e ambientalmente sem fumo e ru\u00eddo, f\u00e1cil de mover em qualquer lugar<\/span><\/span><\/p>\n<p>2. Pode ser utilizado durante muitos anos e n\u00e3o acumula lixo, o que \u00e9 muito adequado para a vida moderna.<\/p>\n<p>3. \u00c9 c\u00f3modo e simples de carregar e transportar porque o design \u00e9 \u00fanico e individual.<\/p>\n<p>4. O material principal \u00e9 o a\u00e7o inoxid\u00e1vel, e a plataforma (mesa) n\u00e3o enferruja.<\/p>\n<p>5. Tem resist\u00eancia ao calor e a for\u00e7a \u00e9 elevada, elevada solidez da cor, sem deforma\u00e7\u00e3o, \u00e0 prova de \u00e1gua e longa vida \u00fatil.<img loading=\"lazy\" decoding=\"async\" class=\"aligncenter size-full wp-image-6953\" src=\"https:\/\/www.honlufoodtrailer.com\/wp-content\/uploads\/2024\/03\/donut-vending-trailer.jpg\" alt=\"trailer de venda de donuts\" width=\"720\" height=\"540\" srcset=\"https:\/\/www.honlufoodtrailer.com\/wp-content\/uploads\/2024\/03\/donut-vending-trailer.jpg 720w, https:\/\/www.honlufoodtrailer.com\/wp-content\/uploads\/2024\/03\/donut-vending-trailer-480x360.jpg 480w, https:\/\/www.honlufoodtrailer.com\/wp-content\/uploads\/2024\/03\/donut-vending-trailer-300x225.jpg 300w\" sizes=\"(max-width: 720px) 100vw, 720px\" \/><\/p>\n<\/div>\n<\/div>\n<\/div>\n<h2><b class=\"magic-22\"><span class=\"magic-11\">Vantagem principal:<\/span><\/b><\/h2>\n<p><span class=\"magic-12\">1. Baixo custo e prote\u00e7\u00e3o do ambiente;<br \/>\n2. F\u00e1cil de deslocar para qualquer local (a sua atividade n\u00e3o est\u00e1 condicionada);<br \/>\n3. Forma \u00fanica (invis\u00edvel para atrair mais clientes);<br \/>\n4. Longa vida \u00fatil (resistente \u00e0 corros\u00e3o, resistente ao calor, \u00e0 prova de \u00e1gua, sem deforma\u00e7\u00e3o).<\/span><\/p>","protected":false},"excerpt":{"rendered":"<p>Este \u00e9 um dos nossos trailers de comida para donuts de 4 metros, feitos sob medida, \u00e0 venda. Geralmente, este \u00e9 o modelo preferido para quem est\u00e1 come\u00e7ando um neg\u00f3cio de food truck. Claro, podemos fabricar um trailer de comida para donuts semelhante a este ou personalizar um para voc\u00ea. Entre em contato conosco e nos conte suas necessidades espec\u00edficas. N\u00e3o hesite em nos contatar!<\/p>","protected":false},"featured_media":6953,"template":"","meta":{"_themeisle_gutenberg_block_has_review":false},"product_brand":[],"product_cat":[26],"product_tag":[82,33,127,60,61,38],"class_list":{"0":"post-6946","1":"product","2":"type-product","3":"status-publish","4":"has-post-thumbnail","6":"product_cat-product","7":"product_tag-13ft-food-trailer","8":"product_tag-customized-trailer","9":"product_tag-donut-trailer","10":"product_tag-fast-food-trailer","11":"product_tag-fast-food-trailer-for-sale","12":"product_tag-mobile-food-trailer","14":"first","15":"instock","16":"shipping-taxable","17":"product-type-simple"},"yoast_head":"<!-- This site is optimized with the Yoast SEO plugin v27.4 - https:\/\/yoast.com\/product\/yoast-seo-wordpress\/ -->\n<title>Factory Price Donut Food Trailer For Sale - Honlu Food Trailer<\/title>\n<meta name=\"description\" content=\"Looking for a donut concession trailer? Get a similar or customized one at a reasonable price now! Click to see what you can get from us!\" \/>\n<meta name=\"robots\" content=\"index, follow, max-snippet:-1, max-image-preview:large, max-video-preview:-1\" \/>\n<link rel=\"canonical\" href=\"https:\/\/www.honlufoodtrailer.com\/pt\/product\/customized-4m-donut-trailer-for-sale\/\" \/>\n<meta property=\"og:locale\" content=\"pt_PT\" \/>\n<meta property=\"og:type\" content=\"article\" \/>\n<meta property=\"og:title\" content=\"Factory Price Donut Food Trailer For Sale - Honlu Food Trailer\" \/>\n<meta property=\"og:description\" content=\"Looking for a donut concession trailer? Get a similar or customized one at a reasonable price now! Click to see what you can get from us!\" \/>\n<meta property=\"og:url\" content=\"https:\/\/www.honlufoodtrailer.com\/pt\/product\/customized-4m-donut-trailer-for-sale\/\" \/>\n<meta property=\"og:site_name\" content=\"Honlu food trailer\" \/>\n<meta property=\"article:modified_time\" content=\"2025-02-14T07:26:47+00:00\" \/>\n<meta property=\"og:image\" content=\"https:\/\/www.honlufoodtrailer.com\/wp-content\/uploads\/2024\/03\/donut-vending-trailer.jpg\" \/>\n\t<meta property=\"og:image:width\" content=\"720\" \/>\n\t<meta property=\"og:image:height\" content=\"540\" \/>\n\t<meta property=\"og:image:type\" content=\"image\/jpeg\" \/>\n<meta name=\"twitter:card\" content=\"summary_large_image\" \/>\n<meta name=\"twitter:label1\" content=\"Tempo estimado de leitura\" \/>\n\t<meta name=\"twitter:data1\" content=\"1 minuto\" \/>\n<script type=\"application\/ld+json\" class=\"yoast-schema-graph\">{\"@context\":\"https:\\\/\\\/schema.org\",\"@graph\":[{\"@type\":\"WebPage\",\"@id\":\"https:\\\/\\\/www.honlufoodtrailer.com\\\/product\\\/customized-4m-donut-trailer-for-sale\\\/\",\"url\":\"https:\\\/\\\/www.honlufoodtrailer.com\\\/product\\\/customized-4m-donut-trailer-for-sale\\\/\",\"name\":\"Factory Price Donut Food Trailer For Sale - Honlu Food Trailer\",\"isPartOf\":{\"@id\":\"https:\\\/\\\/www.honlufoodtrailer.com\\\/#website\"},\"primaryImageOfPage\":{\"@id\":\"https:\\\/\\\/www.honlufoodtrailer.com\\\/product\\\/customized-4m-donut-trailer-for-sale\\\/#primaryimage\"},\"image\":{\"@id\":\"https:\\\/\\\/www.honlufoodtrailer.com\\\/product\\\/customized-4m-donut-trailer-for-sale\\\/#primaryimage\"},\"thumbnailUrl\":\"https:\\\/\\\/www.honlufoodtrailer.com\\\/wp-content\\\/uploads\\\/2024\\\/03\\\/donut-vending-trailer.jpg\",\"datePublished\":\"2024-03-04T09:10:32+00:00\",\"dateModified\":\"2025-02-14T07:26:47+00:00\",\"description\":\"Looking for a donut concession trailer? Get a similar or customized one at a reasonable price now! Click to see what you can get from us!\",\"breadcrumb\":{\"@id\":\"https:\\\/\\\/www.honlufoodtrailer.com\\\/product\\\/customized-4m-donut-trailer-for-sale\\\/#breadcrumb\"},\"inLanguage\":\"pt-PT\",\"potentialAction\":[{\"@type\":\"ReadAction\",\"target\":[\"https:\\\/\\\/www.honlufoodtrailer.com\\\/product\\\/customized-4m-donut-trailer-for-sale\\\/\"]}]},{\"@type\":\"ImageObject\",\"inLanguage\":\"pt-PT\",\"@id\":\"https:\\\/\\\/www.honlufoodtrailer.com\\\/product\\\/customized-4m-donut-trailer-for-sale\\\/#primaryimage\",\"url\":\"https:\\\/\\\/www.honlufoodtrailer.com\\\/wp-content\\\/uploads\\\/2024\\\/03\\\/donut-vending-trailer.jpg\",\"contentUrl\":\"https:\\\/\\\/www.honlufoodtrailer.com\\\/wp-content\\\/uploads\\\/2024\\\/03\\\/donut-vending-trailer.jpg\",\"width\":720,\"height\":540,\"caption\":\"donut vending trailer\"},{\"@type\":\"BreadcrumbList\",\"@id\":\"https:\\\/\\\/www.honlufoodtrailer.com\\\/product\\\/customized-4m-donut-trailer-for-sale\\\/#breadcrumb\",\"itemListElement\":[{\"@type\":\"ListItem\",\"position\":1,\"name\":\"Home\",\"item\":\"https:\\\/\\\/www.honlufoodtrailer.com\\\/\"},{\"@type\":\"ListItem\",\"position\":2,\"name\":\"\u4ea7\u54c1\",\"item\":\"https:\\\/\\\/www.honlufoodtrailer.com\\\/shop\\\/\"},{\"@type\":\"ListItem\",\"position\":3,\"name\":\"Customized 4m Donut Trailer for Sale\"}]},{\"@type\":\"WebSite\",\"@id\":\"https:\\\/\\\/www.honlufoodtrailer.com\\\/#website\",\"url\":\"https:\\\/\\\/www.honlufoodtrailer.com\\\/\",\"name\":\"Honlu food trailer\",\"description\":\"\",\"publisher\":{\"@id\":\"https:\\\/\\\/www.honlufoodtrailer.com\\\/#organization\"},\"potentialAction\":[{\"@type\":\"SearchAction\",\"target\":{\"@type\":\"EntryPoint\",\"urlTemplate\":\"https:\\\/\\\/www.honlufoodtrailer.com\\\/?s={search_term_string}\"},\"query-input\":{\"@type\":\"PropertyValueSpecification\",\"valueRequired\":true,\"valueName\":\"search_term_string\"}}],\"inLanguage\":\"pt-PT\"},{\"@type\":\"Organization\",\"@id\":\"https:\\\/\\\/www.honlufoodtrailer.com\\\/#organization\",\"name\":\"Honlu food trailer\",\"url\":\"https:\\\/\\\/www.honlufoodtrailer.com\\\/\",\"logo\":{\"@type\":\"ImageObject\",\"inLanguage\":\"pt-PT\",\"@id\":\"https:\\\/\\\/www.honlufoodtrailer.com\\\/#\\\/schema\\\/logo\\\/image\\\/\",\"url\":\"https:\\\/\\\/www.honlufoodtrailer.com\\\/wp-content\\\/uploads\\\/2021\\\/12\\\/2.gif\",\"contentUrl\":\"https:\\\/\\\/www.honlufoodtrailer.com\\\/wp-content\\\/uploads\\\/2021\\\/12\\\/2.gif\",\"width\":350,\"height\":100,\"caption\":\"Honlu food trailer\"},\"image\":{\"@id\":\"https:\\\/\\\/www.honlufoodtrailer.com\\\/#\\\/schema\\\/logo\\\/image\\\/\"}}]}<\/script>\n<!-- \/ Yoast SEO plugin. -->","yoast_head_json":{"title":"Trailer de comida de donuts \u00e0 venda a pre\u00e7o de f\u00e1brica - Honlu Food Trailer","description":"Procurando um trailer para venda de donuts? Encontre um similar ou personalizado a um pre\u00e7o acess\u00edvel agora mesmo! Clique para ver as op\u00e7\u00f5es dispon\u00edveis!","robots":{"index":"index","follow":"follow","max-snippet":"max-snippet:-1","max-image-preview":"max-image-preview:large","max-video-preview":"max-video-preview:-1"},"canonical":"https:\/\/www.honlufoodtrailer.com\/pt\/product\/customized-4m-donut-trailer-for-sale\/","og_locale":"pt_PT","og_type":"article","og_title":"Factory Price Donut Food Trailer For Sale - Honlu Food Trailer","og_description":"Looking for a donut concession trailer? Get a similar or customized one at a reasonable price now! Click to see what you can get from us!","og_url":"https:\/\/www.honlufoodtrailer.com\/pt\/product\/customized-4m-donut-trailer-for-sale\/","og_site_name":"Honlu food trailer","article_modified_time":"2025-02-14T07:26:47+00:00","og_image":[{"width":720,"height":540,"url":"https:\/\/www.honlufoodtrailer.com\/wp-content\/uploads\/2024\/03\/donut-vending-trailer.jpg","type":"image\/jpeg"}],"twitter_card":"summary_large_image","twitter_misc":{"Tempo estimado de leitura":"1 minuto"},"schema":{"@context":"https:\/\/schema.org","@graph":[{"@type":"WebPage","@id":"https:\/\/www.honlufoodtrailer.com\/product\/customized-4m-donut-trailer-for-sale\/","url":"https:\/\/www.honlufoodtrailer.com\/product\/customized-4m-donut-trailer-for-sale\/","name":"Trailer de comida de donuts \u00e0 venda a pre\u00e7o de f\u00e1brica - Honlu Food Trailer","isPartOf":{"@id":"https:\/\/www.honlufoodtrailer.com\/#website"},"primaryImageOfPage":{"@id":"https:\/\/www.honlufoodtrailer.com\/product\/customized-4m-donut-trailer-for-sale\/#primaryimage"},"image":{"@id":"https:\/\/www.honlufoodtrailer.com\/product\/customized-4m-donut-trailer-for-sale\/#primaryimage"},"thumbnailUrl":"https:\/\/www.honlufoodtrailer.com\/wp-content\/uploads\/2024\/03\/donut-vending-trailer.jpg","datePublished":"2024-03-04T09:10:32+00:00","dateModified":"2025-02-14T07:26:47+00:00","description":"Procurando um trailer para venda de donuts? Encontre um similar ou personalizado a um pre\u00e7o acess\u00edvel agora mesmo! Clique para ver as op\u00e7\u00f5es dispon\u00edveis!","breadcrumb":{"@id":"https:\/\/www.honlufoodtrailer.com\/product\/customized-4m-donut-trailer-for-sale\/#breadcrumb"},"inLanguage":"pt-PT","potentialAction":[{"@type":"ReadAction","target":["https:\/\/www.honlufoodtrailer.com\/product\/customized-4m-donut-trailer-for-sale\/"]}]},{"@type":"ImageObject","inLanguage":"pt-PT","@id":"https:\/\/www.honlufoodtrailer.com\/product\/customized-4m-donut-trailer-for-sale\/#primaryimage","url":"https:\/\/www.honlufoodtrailer.com\/wp-content\/uploads\/2024\/03\/donut-vending-trailer.jpg","contentUrl":"https:\/\/www.honlufoodtrailer.com\/wp-content\/uploads\/2024\/03\/donut-vending-trailer.jpg","width":720,"height":540,"caption":"donut vending trailer"},{"@type":"BreadcrumbList","@id":"https:\/\/www.honlufoodtrailer.com\/product\/customized-4m-donut-trailer-for-sale\/#breadcrumb","itemListElement":[{"@type":"ListItem","position":1,"name":"Home","item":"https:\/\/www.honlufoodtrailer.com\/"},{"@type":"ListItem","position":2,"name":"\u4ea7\u54c1","item":"https:\/\/www.honlufoodtrailer.com\/shop\/"},{"@type":"ListItem","position":3,"name":"Customized 4m Donut Trailer for Sale"}]},{"@type":"WebSite","@id":"https:\/\/www.honlufoodtrailer.com\/#website","url":"https:\/\/www.honlufoodtrailer.com\/","name":"Reboque de comida Honlu","description":"","publisher":{"@id":"https:\/\/www.honlufoodtrailer.com\/#organization"},"potentialAction":[{"@type":"SearchAction","target":{"@type":"EntryPoint","urlTemplate":"https:\/\/www.honlufoodtrailer.com\/?s={search_term_string}"},"query-input":{"@type":"PropertyValueSpecification","valueRequired":true,"valueName":"search_term_string"}}],"inLanguage":"pt-PT"},{"@type":"Organization","@id":"https:\/\/www.honlufoodtrailer.com\/#organization","name":"Reboque de comida Honlu","url":"https:\/\/www.honlufoodtrailer.com\/","logo":{"@type":"ImageObject","inLanguage":"pt-PT","@id":"https:\/\/www.honlufoodtrailer.com\/#\/schema\/logo\/image\/","url":"https:\/\/www.honlufoodtrailer.com\/wp-content\/uploads\/2021\/12\/2.gif","contentUrl":"https:\/\/www.honlufoodtrailer.com\/wp-content\/uploads\/2021\/12\/2.gif","width":350,"height":100,"caption":"Honlu food trailer"},"image":{"@id":"https:\/\/www.honlufoodtrailer.com\/#\/schema\/logo\/image\/"}}]}},"_links":{"self":[{"href":"https:\/\/www.honlufoodtrailer.com\/pt\/wp-json\/wp\/v2\/product\/6946","targetHints":{"allow":["GET"]}}],"collection":[{"href":"https:\/\/www.honlufoodtrailer.com\/pt\/wp-json\/wp\/v2\/product"}],"about":[{"href":"https:\/\/www.honlufoodtrailer.com\/pt\/wp-json\/wp\/v2\/types\/product"}],"version-history":[{"count":2,"href":"https:\/\/www.honlufoodtrailer.com\/pt\/wp-json\/wp\/v2\/product\/6946\/revisions"}],"predecessor-version":[{"id":6957,"href":"https:\/\/www.honlufoodtrailer.com\/pt\/wp-json\/wp\/v2\/product\/6946\/revisions\/6957"}],"wp:featuredmedia":[{"embeddable":true,"href":"https:\/\/www.honlufoodtrailer.com\/pt\/wp-json\/wp\/v2\/media\/6953"}],"wp:attachment":[{"href":"https:\/\/www.honlufoodtrailer.com\/pt\/wp-json\/wp\/v2\/media?parent=6946"}],"wp:term":[{"taxonomy":"product_brand","embeddable":true,"href":"https:\/\/www.honlufoodtrailer.com\/pt\/wp-json\/wp\/v2\/product_brand?post=6946"},{"taxonomy":"product_cat","embeddable":true,"href":"https:\/\/www.honlufoodtrailer.com\/pt\/wp-json\/wp\/v2\/product_cat?post=6946"},{"taxonomy":"product_tag","embeddable":true,"href":"https:\/\/www.honlufoodtrailer.com\/pt\/wp-json\/wp\/v2\/product_tag?post=6946"}],"curies":[{"name":"wp","href":"https:\/\/api.w.org\/{rel}","templated":true}]}}