{"id":7162,"date":"2024-03-18T17:20:44","date_gmt":"2024-03-18T09:20:44","guid":{"rendered":"https:\/\/www.honlufoodtrailer.com\/?post_type=product&#038;p=7162"},"modified":"2025-02-14T15:22:26","modified_gmt":"2025-02-14T07:22:26","slug":"venda-de-pequenos-reboques-para-bebidas","status":"publish","type":"product","link":"https:\/\/www.honlufoodtrailer.com\/pt\/product\/small-beverage-trailer-for-sale\/","title":{"rendered":"Pequeno reboque de bebidas para venda"},"content":{"rendered":"<p>Est\u00e1 \u00e0 procura de um pequeno reboque de bebidas para venda? Veja este trailer de concess\u00e3o de bebidas com boa rela\u00e7\u00e3o custo-benef\u00edcio aqui!  Este \u00e9 um trailer de concess\u00e3o de bebidas personalizado de 3,5 m que fabricamos para um de nossos clientes dos Estados Unidos. \u00c9 uma boa escolha para clientes que desejam iniciar um neg\u00f3cio de trailer de alimentos de pequeno porte com pequeno investimento. Agora, vamos ver algumas fotos deste trailer de bebidas primeiro!<\/p>\n<p><img fetchpriority=\"high\" decoding=\"async\" class=\"aligncenter size-full wp-image-7168\" src=\"https:\/\/www.honlufoodtrailer.com\/wp-content\/uploads\/2024\/03\/beverage-concession-trailer.jpg\" alt=\"reboque de concess\u00e3o de bebidas\" width=\"720\" height=\"540\" srcset=\"https:\/\/www.honlufoodtrailer.com\/wp-content\/uploads\/2024\/03\/beverage-concession-trailer.jpg 720w, https:\/\/www.honlufoodtrailer.com\/wp-content\/uploads\/2024\/03\/beverage-concession-trailer-480x360.jpg 480w, https:\/\/www.honlufoodtrailer.com\/wp-content\/uploads\/2024\/03\/beverage-concession-trailer-300x225.jpg 300w\" sizes=\"(max-width: 720px) 100vw, 720px\" \/><br \/>\n<img decoding=\"async\" class=\"aligncenter size-full wp-image-7166\" src=\"https:\/\/www.honlufoodtrailer.com\/wp-content\/uploads\/2024\/03\/beverage-cart-trailer-for-sale.jpg\" alt=\"venda de reboque para carrinho de bebidas\" width=\"720\" height=\"540\" srcset=\"https:\/\/www.honlufoodtrailer.com\/wp-content\/uploads\/2024\/03\/beverage-cart-trailer-for-sale.jpg 720w, https:\/\/www.honlufoodtrailer.com\/wp-content\/uploads\/2024\/03\/beverage-cart-trailer-for-sale-480x360.jpg 480w, https:\/\/www.honlufoodtrailer.com\/wp-content\/uploads\/2024\/03\/beverage-cart-trailer-for-sale-300x225.jpg 300w\" sizes=\"(max-width: 720px) 100vw, 720px\" \/><\/p>\n<h3>Vantagens de investir num pequeno reboque para bebidas<\/h3>\n<p>Com um pequeno atrelado de bebidas, pode oferecer uma variedade de bebidas refrescantes em viagem a baixo custo.  Para os clientes que t\u00eam o seu pr\u00f3prio restaurante, podem tamb\u00e9m utilizar este pequeno atrelado como complemento do seu restaurante.<\/p>\n<ol>\n<li>Desde batidos a sumos acabados de espremer, um atrelado de bebidas permite-lhe satisfazer uma maior base de clientes.<\/li>\n<li>Com um tamanho compacto, pode deslocar ou estacionar facilmente o atrelado em \u00e1reas com muita gente.<\/li>\n<li>Uma vez que se trata de um reboque para bebidas de pequenas dimens\u00f5es, o seu custo \u00e9 inferior ao dos reboques maiores. Isto significa que pode come\u00e7ar um neg\u00f3cio de atrelados de comida com menos dinheiro.<\/li>\n<\/ol>\n<p><img decoding=\"async\" class=\"aligncenter size-full wp-image-7171\" src=\"https:\/\/www.honlufoodtrailer.com\/wp-content\/uploads\/2024\/03\/beverage-trailer-for-sale.jpg\" alt=\"venda de reboque para bebidas\" width=\"720\" height=\"540\" srcset=\"https:\/\/www.honlufoodtrailer.com\/wp-content\/uploads\/2024\/03\/beverage-trailer-for-sale.jpg 720w, https:\/\/www.honlufoodtrailer.com\/wp-content\/uploads\/2024\/03\/beverage-trailer-for-sale-480x360.jpg 480w, https:\/\/www.honlufoodtrailer.com\/wp-content\/uploads\/2024\/03\/beverage-trailer-for-sale-300x225.jpg 300w\" sizes=\"(max-width: 720px) 100vw, 720px\" \/><\/p>\n<h3>Detalhes do interior deste pequeno reboque para bebidas<\/h3>\n<p>Vejamos agora a estrutura interna deste pequeno atrelado para bebidas atrav\u00e9s da imagem seguinte.<br \/>\n<img loading=\"lazy\" decoding=\"async\" class=\"aligncenter size-full wp-image-7173\" src=\"https:\/\/www.honlufoodtrailer.com\/wp-content\/uploads\/2024\/03\/beverage-trailer-for-sale-details.jpg\" alt=\"detalhes do reboque de bebidas para venda\" width=\"800\" height=\"802\" srcset=\"https:\/\/www.honlufoodtrailer.com\/wp-content\/uploads\/2024\/03\/beverage-trailer-for-sale-details.jpg 800w, https:\/\/www.honlufoodtrailer.com\/wp-content\/uploads\/2024\/03\/beverage-trailer-for-sale-details-768x770.jpg 768w, https:\/\/www.honlufoodtrailer.com\/wp-content\/uploads\/2024\/03\/beverage-trailer-for-sale-details-359x360.jpg 359w, https:\/\/www.honlufoodtrailer.com\/wp-content\/uploads\/2024\/03\/beverage-trailer-for-sale-details-300x301.jpg 300w, https:\/\/www.honlufoodtrailer.com\/wp-content\/uploads\/2024\/03\/beverage-trailer-for-sale-details-720x722.jpg 720w, https:\/\/www.honlufoodtrailer.com\/wp-content\/uploads\/2024\/03\/beverage-trailer-for-sale-details-100x100.jpg 100w\" sizes=\"(max-width: 800px) 100vw, 800px\" \/><\/p>\n<p>Como podemos ver na imagem acima, equip\u00e1mos o atrelado para bebidas de 3,5 m com algum equipamento b\u00e1sico de cozinha. Existe principalmente equipamento de cozinha, como lava-loi\u00e7as, mesa de trabalho e prateleiras, etc. O nosso cliente adicionar\u00e1 outras pe\u00e7as sobressalentes de que necessita.<\/p>\n<p>Os reboques de alimentos tamb\u00e9m podem ser designados por carrinhos de alimentos, carrinhas de alimentos, cami\u00f5es de alimentos, etc. Ele pode ser usado para vender fast food, lanches, jornais, livros, e assim por diante. \u00c9 composto por chassis, corpo, piso, mesa de trabalho, sistema de \u00e1gua e sistema el\u00e9trico. Os utilizadores tamb\u00e9m podem escolher a cor que quiserem. Gostar\u00edamos de comprar outros tipos de equipamentos se os clientes quiserem.<\/p>\n<p><img decoding=\"async\" class=\"aligncenter size-full wp-image-7166\" src=\"https:\/\/www.honlufoodtrailer.com\/wp-content\/uploads\/2024\/03\/beverage-cart-trailer-for-sale.jpg\" alt=\"venda de reboque para carrinho de bebidas\" width=\"720\" height=\"540\" srcset=\"https:\/\/www.honlufoodtrailer.com\/wp-content\/uploads\/2024\/03\/beverage-cart-trailer-for-sale.jpg 720w, https:\/\/www.honlufoodtrailer.com\/wp-content\/uploads\/2024\/03\/beverage-cart-trailer-for-sale-480x360.jpg 480w, https:\/\/www.honlufoodtrailer.com\/wp-content\/uploads\/2024\/03\/beverage-cart-trailer-for-sale-300x225.jpg 300w\" sizes=\"(max-width: 720px) 100vw, 720px\" \/><\/p>\n<h3><b class=\"magic-22\"><span class=\"magic-11\">Principais carater\u00edsticas do reboque personalizado para bebidas<\/span><\/b><\/h3>\n<div class=\"magic-2\">\n<div class=\"magic-3\">\n<div class=\"magic-4\">\n<p class=\"magic-5\" data-spm-anchor-id=\"a2700.details.0.i22.54e5117dtl16iL\"><span style=\"font-family: Tahoma;\">1<span class=\"magic-12\" data-spm-anchor-id=\"a2700.details.0.i21.54e5117dtl16iL\">. De baixo custo e ambientalmente sem fumo e ru\u00eddo, f\u00e1cil de mover em qualquer lugar<\/span><\/span><\/p>\n<p>2. Pode ser utilizado durante muitos anos e n\u00e3o acumula lixo, o que \u00e9 muito adequado para a vida moderna.<\/p>\n<p>3. \u00c9 c\u00f3modo e simples de carregar e transportar porque o design \u00e9 \u00fanico e individual.<\/p>\n<p>4. O material principal \u00e9 o a\u00e7o inoxid\u00e1vel, e a plataforma (mesa) n\u00e3o enferruja.<\/p>\n<p>5. Tem resist\u00eancia ao calor e a for\u00e7a \u00e9 elevada, elevada solidez da cor, sem deforma\u00e7\u00e3o, \u00e0 prova de \u00e1gua e longa vida \u00fatil.<\/p>\n<\/div>\n<\/div>\n<\/div>\n<h3><b class=\"magic-22\"><span class=\"magic-11\">Vantagem principal:<\/span><\/b><\/h3>\n<p><span class=\"magic-12\">1. Baixo custo e prote\u00e7\u00e3o do ambiente;<br \/>\n2. F\u00e1cil de deslocar para qualquer local (a sua atividade n\u00e3o est\u00e1 condicionada);<br \/>\n3. Forma \u00fanica (invis\u00edvel para atrair mais clientes);<br \/>\n4. Longa vida \u00fatil (resistente \u00e0 corros\u00e3o, ao calor, \u00e0 prova de \u00e1gua, sem deforma\u00e7\u00e3o).<\/span><\/p>","protected":false},"excerpt":{"rendered":"<p>Este \u00e9 um dos nossos reboques de bebidas de 3,5 m feitos sob medida para venda. Normalmente, \u00e9 o modelo preferido para iniciar um pequeno neg\u00f3cio de trailer de comida m\u00f3vel. <strong>Clique nos separadores abaixo para ver mais detalhes sobre este atrelado para bebidas de 3,5 m<\/strong>. Claro, podemos fabricar um trailer de bebidas semelhante a este, ou personalizar um para voc\u00ea. A cor do corpo, adesivos, sinaliza\u00e7\u00e3o, equipamento de cozinha do trailer de alimentos pode ser personalizado. N\u00e3o hesite em contactar-nos!<\/p>","protected":false},"featured_media":7171,"template":"","meta":{"_themeisle_gutenberg_block_has_review":false},"product_brand":[],"product_cat":[26],"product_tag":[124,33,60,61,38],"class_list":{"0":"post-7162","1":"product","2":"type-product","3":"status-publish","4":"has-post-thumbnail","6":"product_cat-product","7":"product_tag-beverage-trailer","8":"product_tag-customized-trailer","9":"product_tag-fast-food-trailer","10":"product_tag-fast-food-trailer-for-sale","11":"product_tag-mobile-food-trailer","13":"first","14":"instock","15":"shipping-taxable","16":"product-type-simple"},"yoast_head":"<!-- This site is optimized with the Yoast SEO plugin v27.5 - https:\/\/yoast.com\/product\/yoast-seo-wordpress\/ -->\n<title>Small Beverage Trailer For Sale from China - Honlu Food Trailer<\/title>\n<meta name=\"description\" content=\"Looking for a small beverage trailer for sale? Get a similar or customized beverage concession trailer from China manufacturer Honlu now!\" \/>\n<meta name=\"robots\" content=\"index, follow, max-snippet:-1, max-image-preview:large, max-video-preview:-1\" \/>\n<link rel=\"canonical\" href=\"https:\/\/www.honlufoodtrailer.com\/pt\/product\/venda-de-pequenos-reboques-para-bebidas\/\" \/>\n<meta property=\"og:locale\" content=\"pt_PT\" \/>\n<meta property=\"og:type\" content=\"article\" \/>\n<meta property=\"og:title\" content=\"Small Beverage Trailer For Sale from China - Honlu Food Trailer\" \/>\n<meta property=\"og:description\" content=\"Looking for a small beverage trailer for sale? Get a similar or customized beverage concession trailer from China manufacturer Honlu now!\" \/>\n<meta property=\"og:url\" content=\"https:\/\/www.honlufoodtrailer.com\/pt\/product\/venda-de-pequenos-reboques-para-bebidas\/\" \/>\n<meta property=\"og:site_name\" content=\"Honlu food trailer\" \/>\n<meta property=\"article:modified_time\" content=\"2025-02-14T07:22:26+00:00\" \/>\n<meta property=\"og:image\" content=\"https:\/\/www.honlufoodtrailer.com\/wp-content\/uploads\/2024\/03\/beverage-trailer-for-sale.jpg\" \/>\n\t<meta property=\"og:image:width\" content=\"720\" \/>\n\t<meta property=\"og:image:height\" content=\"540\" \/>\n\t<meta property=\"og:image:type\" content=\"image\/jpeg\" \/>\n<meta name=\"twitter:card\" content=\"summary_large_image\" \/>\n<meta name=\"twitter:label1\" content=\"Tempo estimado de leitura\" \/>\n\t<meta name=\"twitter:data1\" content=\"1 minuto\" \/>\n<script type=\"application\/ld+json\" class=\"yoast-schema-graph\">{\"@context\":\"https:\\\/\\\/schema.org\",\"@graph\":[{\"@type\":\"WebPage\",\"@id\":\"https:\\\/\\\/www.honlufoodtrailer.com\\\/product\\\/small-beverage-trailer-for-sale\\\/\",\"url\":\"https:\\\/\\\/www.honlufoodtrailer.com\\\/product\\\/small-beverage-trailer-for-sale\\\/\",\"name\":\"Small Beverage Trailer For Sale from China - Honlu Food Trailer\",\"isPartOf\":{\"@id\":\"https:\\\/\\\/www.honlufoodtrailer.com\\\/#website\"},\"primaryImageOfPage\":{\"@id\":\"https:\\\/\\\/www.honlufoodtrailer.com\\\/product\\\/small-beverage-trailer-for-sale\\\/#primaryimage\"},\"image\":{\"@id\":\"https:\\\/\\\/www.honlufoodtrailer.com\\\/product\\\/small-beverage-trailer-for-sale\\\/#primaryimage\"},\"thumbnailUrl\":\"https:\\\/\\\/www.honlufoodtrailer.com\\\/wp-content\\\/uploads\\\/2024\\\/03\\\/beverage-trailer-for-sale.jpg\",\"datePublished\":\"2024-03-18T09:20:44+00:00\",\"dateModified\":\"2025-02-14T07:22:26+00:00\",\"description\":\"Looking for a small beverage trailer for sale? Get a similar or customized beverage concession trailer from China manufacturer Honlu now!\",\"breadcrumb\":{\"@id\":\"https:\\\/\\\/www.honlufoodtrailer.com\\\/product\\\/small-beverage-trailer-for-sale\\\/#breadcrumb\"},\"inLanguage\":\"pt-PT\",\"potentialAction\":[{\"@type\":\"ReadAction\",\"target\":[\"https:\\\/\\\/www.honlufoodtrailer.com\\\/product\\\/small-beverage-trailer-for-sale\\\/\"]}]},{\"@type\":\"ImageObject\",\"inLanguage\":\"pt-PT\",\"@id\":\"https:\\\/\\\/www.honlufoodtrailer.com\\\/product\\\/small-beverage-trailer-for-sale\\\/#primaryimage\",\"url\":\"https:\\\/\\\/www.honlufoodtrailer.com\\\/wp-content\\\/uploads\\\/2024\\\/03\\\/beverage-trailer-for-sale.jpg\",\"contentUrl\":\"https:\\\/\\\/www.honlufoodtrailer.com\\\/wp-content\\\/uploads\\\/2024\\\/03\\\/beverage-trailer-for-sale.jpg\",\"width\":720,\"height\":540,\"caption\":\"beverage trailer for sale\"},{\"@type\":\"BreadcrumbList\",\"@id\":\"https:\\\/\\\/www.honlufoodtrailer.com\\\/product\\\/small-beverage-trailer-for-sale\\\/#breadcrumb\",\"itemListElement\":[{\"@type\":\"ListItem\",\"position\":1,\"name\":\"Home\",\"item\":\"https:\\\/\\\/www.honlufoodtrailer.com\\\/\"},{\"@type\":\"ListItem\",\"position\":2,\"name\":\"\u4ea7\u54c1\",\"item\":\"https:\\\/\\\/www.honlufoodtrailer.com\\\/shop\\\/\"},{\"@type\":\"ListItem\",\"position\":3,\"name\":\"Small Beverage Trailer For Sale\"}]},{\"@type\":\"WebSite\",\"@id\":\"https:\\\/\\\/www.honlufoodtrailer.com\\\/#website\",\"url\":\"https:\\\/\\\/www.honlufoodtrailer.com\\\/\",\"name\":\"Honlu food trailer\",\"description\":\"\",\"publisher\":{\"@id\":\"https:\\\/\\\/www.honlufoodtrailer.com\\\/#organization\"},\"potentialAction\":[{\"@type\":\"SearchAction\",\"target\":{\"@type\":\"EntryPoint\",\"urlTemplate\":\"https:\\\/\\\/www.honlufoodtrailer.com\\\/?s={search_term_string}\"},\"query-input\":{\"@type\":\"PropertyValueSpecification\",\"valueRequired\":true,\"valueName\":\"search_term_string\"}}],\"inLanguage\":\"pt-PT\"},{\"@type\":\"Organization\",\"@id\":\"https:\\\/\\\/www.honlufoodtrailer.com\\\/#organization\",\"name\":\"Honlu food trailer\",\"url\":\"https:\\\/\\\/www.honlufoodtrailer.com\\\/\",\"logo\":{\"@type\":\"ImageObject\",\"inLanguage\":\"pt-PT\",\"@id\":\"https:\\\/\\\/www.honlufoodtrailer.com\\\/#\\\/schema\\\/logo\\\/image\\\/\",\"url\":\"https:\\\/\\\/www.honlufoodtrailer.com\\\/wp-content\\\/uploads\\\/2021\\\/12\\\/2.gif\",\"contentUrl\":\"https:\\\/\\\/www.honlufoodtrailer.com\\\/wp-content\\\/uploads\\\/2021\\\/12\\\/2.gif\",\"width\":350,\"height\":100,\"caption\":\"Honlu food trailer\"},\"image\":{\"@id\":\"https:\\\/\\\/www.honlufoodtrailer.com\\\/#\\\/schema\\\/logo\\\/image\\\/\"}}]}<\/script>\n<!-- \/ Yoast SEO plugin. -->","yoast_head_json":{"title":"Reboque de bebidas pequeno para venda da China - Honlu Food Trailer","description":"Procurando por um pequeno trailer de bebidas para venda? Obtenha um trailer de concess\u00e3o de bebidas semelhante ou personalizado do fabricante chin\u00eas Honlu agora!","robots":{"index":"index","follow":"follow","max-snippet":"max-snippet:-1","max-image-preview":"max-image-preview:large","max-video-preview":"max-video-preview:-1"},"canonical":"https:\/\/www.honlufoodtrailer.com\/pt\/product\/venda-de-pequenos-reboques-para-bebidas\/","og_locale":"pt_PT","og_type":"article","og_title":"Small Beverage Trailer For Sale from China - Honlu Food Trailer","og_description":"Looking for a small beverage trailer for sale? Get a similar or customized beverage concession trailer from China manufacturer Honlu now!","og_url":"https:\/\/www.honlufoodtrailer.com\/pt\/product\/venda-de-pequenos-reboques-para-bebidas\/","og_site_name":"Honlu food trailer","article_modified_time":"2025-02-14T07:22:26+00:00","og_image":[{"width":720,"height":540,"url":"https:\/\/www.honlufoodtrailer.com\/wp-content\/uploads\/2024\/03\/beverage-trailer-for-sale.jpg","type":"image\/jpeg"}],"twitter_card":"summary_large_image","twitter_misc":{"Tempo estimado de leitura":"1 minuto"},"schema":{"@context":"https:\/\/schema.org","@graph":[{"@type":"WebPage","@id":"https:\/\/www.honlufoodtrailer.com\/product\/small-beverage-trailer-for-sale\/","url":"https:\/\/www.honlufoodtrailer.com\/product\/small-beverage-trailer-for-sale\/","name":"Reboque de bebidas pequeno para venda da China - Honlu Food Trailer","isPartOf":{"@id":"https:\/\/www.honlufoodtrailer.com\/#website"},"primaryImageOfPage":{"@id":"https:\/\/www.honlufoodtrailer.com\/product\/small-beverage-trailer-for-sale\/#primaryimage"},"image":{"@id":"https:\/\/www.honlufoodtrailer.com\/product\/small-beverage-trailer-for-sale\/#primaryimage"},"thumbnailUrl":"https:\/\/www.honlufoodtrailer.com\/wp-content\/uploads\/2024\/03\/beverage-trailer-for-sale.jpg","datePublished":"2024-03-18T09:20:44+00:00","dateModified":"2025-02-14T07:22:26+00:00","description":"Procurando por um pequeno trailer de bebidas para venda? Obtenha um trailer de concess\u00e3o de bebidas semelhante ou personalizado do fabricante chin\u00eas Honlu agora!","breadcrumb":{"@id":"https:\/\/www.honlufoodtrailer.com\/product\/small-beverage-trailer-for-sale\/#breadcrumb"},"inLanguage":"pt-PT","potentialAction":[{"@type":"ReadAction","target":["https:\/\/www.honlufoodtrailer.com\/product\/small-beverage-trailer-for-sale\/"]}]},{"@type":"ImageObject","inLanguage":"pt-PT","@id":"https:\/\/www.honlufoodtrailer.com\/product\/small-beverage-trailer-for-sale\/#primaryimage","url":"https:\/\/www.honlufoodtrailer.com\/wp-content\/uploads\/2024\/03\/beverage-trailer-for-sale.jpg","contentUrl":"https:\/\/www.honlufoodtrailer.com\/wp-content\/uploads\/2024\/03\/beverage-trailer-for-sale.jpg","width":720,"height":540,"caption":"beverage trailer for sale"},{"@type":"BreadcrumbList","@id":"https:\/\/www.honlufoodtrailer.com\/product\/small-beverage-trailer-for-sale\/#breadcrumb","itemListElement":[{"@type":"ListItem","position":1,"name":"Home","item":"https:\/\/www.honlufoodtrailer.com\/"},{"@type":"ListItem","position":2,"name":"\u4ea7\u54c1","item":"https:\/\/www.honlufoodtrailer.com\/shop\/"},{"@type":"ListItem","position":3,"name":"Small Beverage Trailer For Sale"}]},{"@type":"WebSite","@id":"https:\/\/www.honlufoodtrailer.com\/#website","url":"https:\/\/www.honlufoodtrailer.com\/","name":"Reboque de comida Honlu","description":"","publisher":{"@id":"https:\/\/www.honlufoodtrailer.com\/#organization"},"potentialAction":[{"@type":"SearchAction","target":{"@type":"EntryPoint","urlTemplate":"https:\/\/www.honlufoodtrailer.com\/?s={search_term_string}"},"query-input":{"@type":"PropertyValueSpecification","valueRequired":true,"valueName":"search_term_string"}}],"inLanguage":"pt-PT"},{"@type":"Organization","@id":"https:\/\/www.honlufoodtrailer.com\/#organization","name":"Reboque de comida Honlu","url":"https:\/\/www.honlufoodtrailer.com\/","logo":{"@type":"ImageObject","inLanguage":"pt-PT","@id":"https:\/\/www.honlufoodtrailer.com\/#\/schema\/logo\/image\/","url":"https:\/\/www.honlufoodtrailer.com\/wp-content\/uploads\/2021\/12\/2.gif","contentUrl":"https:\/\/www.honlufoodtrailer.com\/wp-content\/uploads\/2021\/12\/2.gif","width":350,"height":100,"caption":"Honlu food trailer"},"image":{"@id":"https:\/\/www.honlufoodtrailer.com\/#\/schema\/logo\/image\/"}}]}},"_links":{"self":[{"href":"https:\/\/www.honlufoodtrailer.com\/pt\/wp-json\/wp\/v2\/product\/7162","targetHints":{"allow":["GET"]}}],"collection":[{"href":"https:\/\/www.honlufoodtrailer.com\/pt\/wp-json\/wp\/v2\/product"}],"about":[{"href":"https:\/\/www.honlufoodtrailer.com\/pt\/wp-json\/wp\/v2\/types\/product"}],"version-history":[{"count":0,"href":"https:\/\/www.honlufoodtrailer.com\/pt\/wp-json\/wp\/v2\/product\/7162\/revisions"}],"wp:featuredmedia":[{"embeddable":true,"href":"https:\/\/www.honlufoodtrailer.com\/pt\/wp-json\/wp\/v2\/media\/7171"}],"wp:attachment":[{"href":"https:\/\/www.honlufoodtrailer.com\/pt\/wp-json\/wp\/v2\/media?parent=7162"}],"wp:term":[{"taxonomy":"product_brand","embeddable":true,"href":"https:\/\/www.honlufoodtrailer.com\/pt\/wp-json\/wp\/v2\/product_brand?post=7162"},{"taxonomy":"product_cat","embeddable":true,"href":"https:\/\/www.honlufoodtrailer.com\/pt\/wp-json\/wp\/v2\/product_cat?post=7162"},{"taxonomy":"product_tag","embeddable":true,"href":"https:\/\/www.honlufoodtrailer.com\/pt\/wp-json\/wp\/v2\/product_tag?post=7162"}],"curies":[{"name":"wp","href":"https:\/\/api.w.org\/{rel}","templated":true}]}}