{"id":7381,"date":"2024-04-07T17:39:27","date_gmt":"2024-04-07T09:39:27","guid":{"rendered":"https:\/\/www.honlufoodtrailer.com\/?post_type=product&#038;p=7381"},"modified":"2025-02-14T15:17:22","modified_gmt":"2025-02-14T07:17:22","slug":"18ft-airstream-food-trailer","status":"publish","type":"product","link":"https:\/\/www.honlufoodtrailer.com\/pt\/product\/18ft-airstream-food-trailer\/","title":{"rendered":"Airstream Food Trailer de 18 p\u00e9s"},"content":{"rendered":"<p>Do you want to start your mobile food trailer business with an airstream food trailer? See this 18ft airstream food trailer here!\u00a0 This is a customized 5.5m airstream food trailer we have manufactured for one of our customers. We can manufacture a similar airstream concession trailer like this one, or customize one for you. The body color, stickers, signage, and kitchen equipment of the food trailer can be customized. Just contact us and tell us your detailed requirements.<\/p>\n<p><img fetchpriority=\"high\" decoding=\"async\" class=\"aligncenter size-full wp-image-7385\" src=\"https:\/\/www.honlufoodtrailer.com\/wp-content\/uploads\/2024\/04\/5.5m-stainless-steel-food-trailer-front-view.jpg\" alt=\"5.5m stainless steel food trailer front view\" width=\"720\" height=\"540\" srcset=\"https:\/\/www.honlufoodtrailer.com\/wp-content\/uploads\/2024\/04\/5.5m-stainless-steel-food-trailer-front-view.jpg 720w, https:\/\/www.honlufoodtrailer.com\/wp-content\/uploads\/2024\/04\/5.5m-stainless-steel-food-trailer-front-view-480x360.jpg 480w, https:\/\/www.honlufoodtrailer.com\/wp-content\/uploads\/2024\/04\/5.5m-stainless-steel-food-trailer-front-view-300x225.jpg 300w\" sizes=\"(max-width: 720px) 100vw, 720px\" \/><\/p>\n<p>Now, let me show you more details of this airstream concession trailer.<\/p>\n<p><img decoding=\"async\" class=\"aligncenter size-full wp-image-7382\" src=\"https:\/\/www.honlufoodtrailer.com\/wp-content\/uploads\/2024\/04\/5.5m-stainless-steel-food-trailer-inner-view.jpg\" alt=\"5.5m stainless steel food trailer inner view\" width=\"720\" height=\"540\" srcset=\"https:\/\/www.honlufoodtrailer.com\/wp-content\/uploads\/2024\/04\/5.5m-stainless-steel-food-trailer-inner-view.jpg 720w, https:\/\/www.honlufoodtrailer.com\/wp-content\/uploads\/2024\/04\/5.5m-stainless-steel-food-trailer-inner-view-480x360.jpg 480w, https:\/\/www.honlufoodtrailer.com\/wp-content\/uploads\/2024\/04\/5.5m-stainless-steel-food-trailer-inner-view-300x225.jpg 300w\" sizes=\"(max-width: 720px) 100vw, 720px\" \/><img decoding=\"async\" class=\"aligncenter size-full wp-image-7390\" src=\"https:\/\/www.honlufoodtrailer.com\/wp-content\/uploads\/2024\/04\/5.5m-stainless-steel-food-trailer-more-details.jpg\" alt=\"5.5m stainless steel food trailer more details\" width=\"800\" height=\"800\" srcset=\"https:\/\/www.honlufoodtrailer.com\/wp-content\/uploads\/2024\/04\/5.5m-stainless-steel-food-trailer-more-details.jpg 800w, https:\/\/www.honlufoodtrailer.com\/wp-content\/uploads\/2024\/04\/5.5m-stainless-steel-food-trailer-more-details-768x768.jpg 768w, https:\/\/www.honlufoodtrailer.com\/wp-content\/uploads\/2024\/04\/5.5m-stainless-steel-food-trailer-more-details-360x360.jpg 360w, https:\/\/www.honlufoodtrailer.com\/wp-content\/uploads\/2024\/04\/5.5m-stainless-steel-food-trailer-more-details-300x300.jpg 300w, https:\/\/www.honlufoodtrailer.com\/wp-content\/uploads\/2024\/04\/5.5m-stainless-steel-food-trailer-more-details-720x720.jpg 720w, https:\/\/www.honlufoodtrailer.com\/wp-content\/uploads\/2024\/04\/5.5m-stainless-steel-food-trailer-more-details-100x100.jpg 100w\" sizes=\"(max-width: 800px) 100vw, 800px\" \/><\/p>\n<p>As we can see from the picture above, we have equipped this 18ft airstream concession trailer with some basic kitchen equipment. There is mainly kitchen equipment such as sinks, work table, range hood, etc. Our customer will add some other spare parts he needs.<\/p>\n<p>Os reboques de alimentos tamb\u00e9m podem ser designados por carrinhos de alimentos, carrinhas de alimentos, cami\u00f5es de alimentos, etc. Ele pode ser usado para vender fast food, lanches, jornais, livros, e assim por diante. \u00c9 composto por chassis, corpo, piso, mesa de trabalho, sistema de \u00e1gua e sistema el\u00e9trico. Os utilizadores tamb\u00e9m podem escolher a cor que quiserem. Gostar\u00edamos de comprar outros tipos de equipamentos se os clientes quiserem.<\/p>\n<p><img loading=\"lazy\" decoding=\"async\" class=\"aligncenter size-full wp-image-6908\" src=\"https:\/\/www.honlufoodtrailer.com\/wp-content\/uploads\/2024\/02\/5m-stainless-steel-food-trailer-back-view.jpg\" alt=\"Reboque de comida de a\u00e7o inoxid\u00e1vel de 5 m, vista traseira.\" width=\"720\" height=\"540\" srcset=\"https:\/\/www.honlufoodtrailer.com\/wp-content\/uploads\/2024\/02\/5m-stainless-steel-food-trailer-back-view.jpg 720w, https:\/\/www.honlufoodtrailer.com\/wp-content\/uploads\/2024\/02\/5m-stainless-steel-food-trailer-back-view-480x360.jpg 480w, https:\/\/www.honlufoodtrailer.com\/wp-content\/uploads\/2024\/02\/5m-stainless-steel-food-trailer-back-view-300x225.jpg 300w\" sizes=\"(max-width: 720px) 100vw, 720px\" \/><\/p>\n<h2><b class=\"magic-22\"><span class=\"magic-11\">Main Features Of The Customized Airstream Food Trailer For Sale<\/span><\/b><\/h2>\n<div class=\"magic-2\">\n<div class=\"magic-3\">\n<div class=\"magic-4\">\n<p class=\"magic-5\" data-spm-anchor-id=\"a2700.details.0.i22.54e5117dtl16iL\"><span style=\"font-family: Tahoma;\">1<span class=\"magic-12\" data-spm-anchor-id=\"a2700.details.0.i21.54e5117dtl16iL\">. De baixo custo e ambientalmente sem fumo e ru\u00eddo, f\u00e1cil de mover em qualquer lugar<\/span><\/span><\/p>\n<p>2. Pode ser utilizado durante muitos anos e n\u00e3o acumula lixo, o que \u00e9 muito adequado para a vida moderna.<\/p>\n<p>3. \u00c9 c\u00f3modo e simples de carregar e transportar porque o design \u00e9 \u00fanico e individual.<\/p>\n<p>4. O material principal \u00e9 o a\u00e7o inoxid\u00e1vel, e a plataforma (mesa) n\u00e3o enferruja.<\/p>\n<p>5. Tem resist\u00eancia ao calor e a for\u00e7a \u00e9 elevada, elevada solidez da cor, sem deforma\u00e7\u00e3o, \u00e0 prova de \u00e1gua e longa vida \u00fatil.<img loading=\"lazy\" decoding=\"async\" class=\"aligncenter size-full wp-image-6911\" src=\"https:\/\/www.honlufoodtrailer.com\/wp-content\/uploads\/2024\/02\/5m-stainless-steel-food-trailer-front-view.jpg\" alt=\"Reboque de comida de a\u00e7o inoxid\u00e1vel de 5 m, vista frontal\" width=\"720\" height=\"540\" srcset=\"https:\/\/www.honlufoodtrailer.com\/wp-content\/uploads\/2024\/02\/5m-stainless-steel-food-trailer-front-view.jpg 720w, https:\/\/www.honlufoodtrailer.com\/wp-content\/uploads\/2024\/02\/5m-stainless-steel-food-trailer-front-view-480x360.jpg 480w, https:\/\/www.honlufoodtrailer.com\/wp-content\/uploads\/2024\/02\/5m-stainless-steel-food-trailer-front-view-300x225.jpg 300w\" sizes=\"(max-width: 720px) 100vw, 720px\" \/><\/p>\n<\/div>\n<\/div>\n<\/div>\n<h2><b class=\"magic-22\"><span class=\"magic-11\">Vantagem principal:<\/span><\/b><\/h2>\n<p><span class=\"magic-12\">1. Baixo custo e prote\u00e7\u00e3o do ambiente;<br \/>\n2. F\u00e1cil de deslocar para qualquer local (a sua atividade n\u00e3o est\u00e1 condicionada);<br \/>\n3. Forma \u00fanica (invis\u00edvel para atrair mais clientes);<br \/>\n4. Longa vida \u00fatil (resistente \u00e0 corros\u00e3o, resistente ao calor, \u00e0 prova de \u00e1gua, sem deforma\u00e7\u00e3o).<\/span><\/p>","protected":false},"excerpt":{"rendered":"<p>This is one of our custom-made 5.5m airstream food trailerfor sale. Usually, it is a preferred model for starting a mobile catering trailer business. We can manufacture a similar airstream catering trailer for sale like this one, or customize one for you. Please contact us and tell us your detailed requirements. Just don&#8217;t hesitate to contact us!<\/p>","protected":false},"featured_media":7383,"template":"","meta":{"_themeisle_gutenberg_block_has_review":false},"product_brand":[],"product_cat":[26],"product_tag":[83,123,33,60,61,38],"class_list":{"0":"post-7381","1":"product","2":"type-product","3":"status-publish","4":"has-post-thumbnail","6":"product_cat-product","7":"product_tag-18ft-food-trailer","8":"product_tag-airstream-trailer","9":"product_tag-customized-trailer","10":"product_tag-fast-food-trailer","11":"product_tag-fast-food-trailer-for-sale","12":"product_tag-mobile-food-trailer","14":"first","15":"instock","16":"shipping-taxable","17":"product-type-simple"},"yoast_head":"<!-- This site is optimized with the Yoast SEO plugin v27.4 - https:\/\/yoast.com\/product\/yoast-seo-wordpress\/ -->\n<title>Factory Price Airstream Food Trailer For Sale - Honlu Food Trailer<\/title>\n<meta name=\"description\" content=\"Looking for a mobile airstream food trailer? Get a similar or customized one at a reasonable price now! Click to see your options!\" \/>\n<meta name=\"robots\" content=\"index, follow, max-snippet:-1, max-image-preview:large, max-video-preview:-1\" \/>\n<link rel=\"canonical\" href=\"https:\/\/www.honlufoodtrailer.com\/pt\/product\/18ft-airstream-food-trailer\/\" \/>\n<meta property=\"og:locale\" content=\"pt_PT\" \/>\n<meta property=\"og:type\" content=\"article\" \/>\n<meta property=\"og:title\" content=\"Factory Price Airstream Food Trailer For Sale - Honlu Food Trailer\" \/>\n<meta property=\"og:description\" content=\"Looking for a mobile airstream food trailer? Get a similar or customized one at a reasonable price now! Click to see your options!\" \/>\n<meta property=\"og:url\" content=\"https:\/\/www.honlufoodtrailer.com\/pt\/product\/18ft-airstream-food-trailer\/\" \/>\n<meta property=\"og:site_name\" content=\"Honlu food trailer\" \/>\n<meta property=\"article:modified_time\" content=\"2025-02-14T07:17:22+00:00\" \/>\n<meta property=\"og:image\" content=\"https:\/\/www.honlufoodtrailer.com\/wp-content\/uploads\/2024\/04\/5.5m-stainless-steel-food-trailer-back-view.jpg\" \/>\n\t<meta property=\"og:image:width\" content=\"720\" \/>\n\t<meta property=\"og:image:height\" content=\"540\" \/>\n\t<meta property=\"og:image:type\" content=\"image\/jpeg\" \/>\n<meta name=\"twitter:card\" content=\"summary_large_image\" \/>\n<meta name=\"twitter:label1\" content=\"Tempo estimado de leitura\" \/>\n\t<meta name=\"twitter:data1\" content=\"1 minuto\" \/>\n<script type=\"application\/ld+json\" class=\"yoast-schema-graph\">{\"@context\":\"https:\\\/\\\/schema.org\",\"@graph\":[{\"@type\":\"WebPage\",\"@id\":\"https:\\\/\\\/www.honlufoodtrailer.com\\\/product\\\/18ft-airstream-food-trailer\\\/\",\"url\":\"https:\\\/\\\/www.honlufoodtrailer.com\\\/product\\\/18ft-airstream-food-trailer\\\/\",\"name\":\"Factory Price Airstream Food Trailer For Sale - Honlu Food Trailer\",\"isPartOf\":{\"@id\":\"https:\\\/\\\/www.honlufoodtrailer.com\\\/#website\"},\"primaryImageOfPage\":{\"@id\":\"https:\\\/\\\/www.honlufoodtrailer.com\\\/product\\\/18ft-airstream-food-trailer\\\/#primaryimage\"},\"image\":{\"@id\":\"https:\\\/\\\/www.honlufoodtrailer.com\\\/product\\\/18ft-airstream-food-trailer\\\/#primaryimage\"},\"thumbnailUrl\":\"https:\\\/\\\/www.honlufoodtrailer.com\\\/wp-content\\\/uploads\\\/2024\\\/04\\\/5.5m-stainless-steel-food-trailer-back-view.jpg\",\"datePublished\":\"2024-04-07T09:39:27+00:00\",\"dateModified\":\"2025-02-14T07:17:22+00:00\",\"description\":\"Looking for a mobile airstream food trailer? Get a similar or customized one at a reasonable price now! Click to see your options!\",\"breadcrumb\":{\"@id\":\"https:\\\/\\\/www.honlufoodtrailer.com\\\/product\\\/18ft-airstream-food-trailer\\\/#breadcrumb\"},\"inLanguage\":\"pt-PT\",\"potentialAction\":[{\"@type\":\"ReadAction\",\"target\":[\"https:\\\/\\\/www.honlufoodtrailer.com\\\/product\\\/18ft-airstream-food-trailer\\\/\"]}]},{\"@type\":\"ImageObject\",\"inLanguage\":\"pt-PT\",\"@id\":\"https:\\\/\\\/www.honlufoodtrailer.com\\\/product\\\/18ft-airstream-food-trailer\\\/#primaryimage\",\"url\":\"https:\\\/\\\/www.honlufoodtrailer.com\\\/wp-content\\\/uploads\\\/2024\\\/04\\\/5.5m-stainless-steel-food-trailer-back-view.jpg\",\"contentUrl\":\"https:\\\/\\\/www.honlufoodtrailer.com\\\/wp-content\\\/uploads\\\/2024\\\/04\\\/5.5m-stainless-steel-food-trailer-back-view.jpg\",\"width\":720,\"height\":540,\"caption\":\"5.5m stainless steel food trailer back view\"},{\"@type\":\"BreadcrumbList\",\"@id\":\"https:\\\/\\\/www.honlufoodtrailer.com\\\/product\\\/18ft-airstream-food-trailer\\\/#breadcrumb\",\"itemListElement\":[{\"@type\":\"ListItem\",\"position\":1,\"name\":\"Home\",\"item\":\"https:\\\/\\\/www.honlufoodtrailer.com\\\/\"},{\"@type\":\"ListItem\",\"position\":2,\"name\":\"\u4ea7\u54c1\",\"item\":\"https:\\\/\\\/www.honlufoodtrailer.com\\\/shop\\\/\"},{\"@type\":\"ListItem\",\"position\":3,\"name\":\"18ft Airstream Food Trailer\"}]},{\"@type\":\"WebSite\",\"@id\":\"https:\\\/\\\/www.honlufoodtrailer.com\\\/#website\",\"url\":\"https:\\\/\\\/www.honlufoodtrailer.com\\\/\",\"name\":\"Honlu food trailer\",\"description\":\"\",\"publisher\":{\"@id\":\"https:\\\/\\\/www.honlufoodtrailer.com\\\/#organization\"},\"potentialAction\":[{\"@type\":\"SearchAction\",\"target\":{\"@type\":\"EntryPoint\",\"urlTemplate\":\"https:\\\/\\\/www.honlufoodtrailer.com\\\/?s={search_term_string}\"},\"query-input\":{\"@type\":\"PropertyValueSpecification\",\"valueRequired\":true,\"valueName\":\"search_term_string\"}}],\"inLanguage\":\"pt-PT\"},{\"@type\":\"Organization\",\"@id\":\"https:\\\/\\\/www.honlufoodtrailer.com\\\/#organization\",\"name\":\"Honlu food trailer\",\"url\":\"https:\\\/\\\/www.honlufoodtrailer.com\\\/\",\"logo\":{\"@type\":\"ImageObject\",\"inLanguage\":\"pt-PT\",\"@id\":\"https:\\\/\\\/www.honlufoodtrailer.com\\\/#\\\/schema\\\/logo\\\/image\\\/\",\"url\":\"https:\\\/\\\/www.honlufoodtrailer.com\\\/wp-content\\\/uploads\\\/2021\\\/12\\\/2.gif\",\"contentUrl\":\"https:\\\/\\\/www.honlufoodtrailer.com\\\/wp-content\\\/uploads\\\/2021\\\/12\\\/2.gif\",\"width\":350,\"height\":100,\"caption\":\"Honlu food trailer\"},\"image\":{\"@id\":\"https:\\\/\\\/www.honlufoodtrailer.com\\\/#\\\/schema\\\/logo\\\/image\\\/\"}}]}<\/script>\n<!-- \/ Yoast SEO plugin. -->","yoast_head_json":{"title":"Factory Price Airstream Food Trailer For Sale - Honlu Food Trailer","description":"Looking for a mobile airstream food trailer? Get a similar or customized one at a reasonable price now! Click to see your options!","robots":{"index":"index","follow":"follow","max-snippet":"max-snippet:-1","max-image-preview":"max-image-preview:large","max-video-preview":"max-video-preview:-1"},"canonical":"https:\/\/www.honlufoodtrailer.com\/pt\/product\/18ft-airstream-food-trailer\/","og_locale":"pt_PT","og_type":"article","og_title":"Factory Price Airstream Food Trailer For Sale - Honlu Food Trailer","og_description":"Looking for a mobile airstream food trailer? Get a similar or customized one at a reasonable price now! Click to see your options!","og_url":"https:\/\/www.honlufoodtrailer.com\/pt\/product\/18ft-airstream-food-trailer\/","og_site_name":"Honlu food trailer","article_modified_time":"2025-02-14T07:17:22+00:00","og_image":[{"width":720,"height":540,"url":"https:\/\/www.honlufoodtrailer.com\/wp-content\/uploads\/2024\/04\/5.5m-stainless-steel-food-trailer-back-view.jpg","type":"image\/jpeg"}],"twitter_card":"summary_large_image","twitter_misc":{"Tempo estimado de leitura":"1 minuto"},"schema":{"@context":"https:\/\/schema.org","@graph":[{"@type":"WebPage","@id":"https:\/\/www.honlufoodtrailer.com\/product\/18ft-airstream-food-trailer\/","url":"https:\/\/www.honlufoodtrailer.com\/product\/18ft-airstream-food-trailer\/","name":"Factory Price Airstream Food Trailer For Sale - Honlu Food Trailer","isPartOf":{"@id":"https:\/\/www.honlufoodtrailer.com\/#website"},"primaryImageOfPage":{"@id":"https:\/\/www.honlufoodtrailer.com\/product\/18ft-airstream-food-trailer\/#primaryimage"},"image":{"@id":"https:\/\/www.honlufoodtrailer.com\/product\/18ft-airstream-food-trailer\/#primaryimage"},"thumbnailUrl":"https:\/\/www.honlufoodtrailer.com\/wp-content\/uploads\/2024\/04\/5.5m-stainless-steel-food-trailer-back-view.jpg","datePublished":"2024-04-07T09:39:27+00:00","dateModified":"2025-02-14T07:17:22+00:00","description":"Looking for a mobile airstream food trailer? Get a similar or customized one at a reasonable price now! Click to see your options!","breadcrumb":{"@id":"https:\/\/www.honlufoodtrailer.com\/product\/18ft-airstream-food-trailer\/#breadcrumb"},"inLanguage":"pt-PT","potentialAction":[{"@type":"ReadAction","target":["https:\/\/www.honlufoodtrailer.com\/product\/18ft-airstream-food-trailer\/"]}]},{"@type":"ImageObject","inLanguage":"pt-PT","@id":"https:\/\/www.honlufoodtrailer.com\/product\/18ft-airstream-food-trailer\/#primaryimage","url":"https:\/\/www.honlufoodtrailer.com\/wp-content\/uploads\/2024\/04\/5.5m-stainless-steel-food-trailer-back-view.jpg","contentUrl":"https:\/\/www.honlufoodtrailer.com\/wp-content\/uploads\/2024\/04\/5.5m-stainless-steel-food-trailer-back-view.jpg","width":720,"height":540,"caption":"5.5m stainless steel food trailer back view"},{"@type":"BreadcrumbList","@id":"https:\/\/www.honlufoodtrailer.com\/product\/18ft-airstream-food-trailer\/#breadcrumb","itemListElement":[{"@type":"ListItem","position":1,"name":"Home","item":"https:\/\/www.honlufoodtrailer.com\/"},{"@type":"ListItem","position":2,"name":"\u4ea7\u54c1","item":"https:\/\/www.honlufoodtrailer.com\/shop\/"},{"@type":"ListItem","position":3,"name":"18ft Airstream Food Trailer"}]},{"@type":"WebSite","@id":"https:\/\/www.honlufoodtrailer.com\/#website","url":"https:\/\/www.honlufoodtrailer.com\/","name":"Reboque de comida Honlu","description":"","publisher":{"@id":"https:\/\/www.honlufoodtrailer.com\/#organization"},"potentialAction":[{"@type":"SearchAction","target":{"@type":"EntryPoint","urlTemplate":"https:\/\/www.honlufoodtrailer.com\/?s={search_term_string}"},"query-input":{"@type":"PropertyValueSpecification","valueRequired":true,"valueName":"search_term_string"}}],"inLanguage":"pt-PT"},{"@type":"Organization","@id":"https:\/\/www.honlufoodtrailer.com\/#organization","name":"Reboque de comida Honlu","url":"https:\/\/www.honlufoodtrailer.com\/","logo":{"@type":"ImageObject","inLanguage":"pt-PT","@id":"https:\/\/www.honlufoodtrailer.com\/#\/schema\/logo\/image\/","url":"https:\/\/www.honlufoodtrailer.com\/wp-content\/uploads\/2021\/12\/2.gif","contentUrl":"https:\/\/www.honlufoodtrailer.com\/wp-content\/uploads\/2021\/12\/2.gif","width":350,"height":100,"caption":"Honlu food trailer"},"image":{"@id":"https:\/\/www.honlufoodtrailer.com\/#\/schema\/logo\/image\/"}}]}},"_links":{"self":[{"href":"https:\/\/www.honlufoodtrailer.com\/pt\/wp-json\/wp\/v2\/product\/7381","targetHints":{"allow":["GET"]}}],"collection":[{"href":"https:\/\/www.honlufoodtrailer.com\/pt\/wp-json\/wp\/v2\/product"}],"about":[{"href":"https:\/\/www.honlufoodtrailer.com\/pt\/wp-json\/wp\/v2\/types\/product"}],"version-history":[{"count":1,"href":"https:\/\/www.honlufoodtrailer.com\/pt\/wp-json\/wp\/v2\/product\/7381\/revisions"}],"predecessor-version":[{"id":7391,"href":"https:\/\/www.honlufoodtrailer.com\/pt\/wp-json\/wp\/v2\/product\/7381\/revisions\/7391"}],"wp:featuredmedia":[{"embeddable":true,"href":"https:\/\/www.honlufoodtrailer.com\/pt\/wp-json\/wp\/v2\/media\/7383"}],"wp:attachment":[{"href":"https:\/\/www.honlufoodtrailer.com\/pt\/wp-json\/wp\/v2\/media?parent=7381"}],"wp:term":[{"taxonomy":"product_brand","embeddable":true,"href":"https:\/\/www.honlufoodtrailer.com\/pt\/wp-json\/wp\/v2\/product_brand?post=7381"},{"taxonomy":"product_cat","embeddable":true,"href":"https:\/\/www.honlufoodtrailer.com\/pt\/wp-json\/wp\/v2\/product_cat?post=7381"},{"taxonomy":"product_tag","embeddable":true,"href":"https:\/\/www.honlufoodtrailer.com\/pt\/wp-json\/wp\/v2\/product_tag?post=7381"}],"curies":[{"name":"wp","href":"https:\/\/api.w.org\/{rel}","templated":true}]}}