{"id":7525,"date":"2024-04-24T16:52:50","date_gmt":"2024-04-24T08:52:50","guid":{"rendered":"https:\/\/www.honlufoodtrailer.com\/?post_type=product&#038;p=7525"},"modified":"2025-02-14T15:00:19","modified_gmt":"2025-02-14T07:00:19","slug":"4m-round-food-trailer","status":"publish","type":"product","link":"https:\/\/www.honlufoodtrailer.com\/pt\/product\/4m-round-food-trailer\/","title":{"rendered":"Reboque alimentar redondo de 4 m"},"content":{"rendered":"<p>Quer comprar um atrelado de comida redondo especial que seja apelativo para a multid\u00e3o? Veja este abaixo! Este \u00e9 um reboque de comida redondo de 4 m que personaliz\u00e1mos para um dos nossos clientes de Espanha. Podemos fazer um reboque de concess\u00e3o redondo semelhante ou personalizar um para si. O tamanho, a cor da carro\u00e7aria, os autocolantes, a sinaliza\u00e7\u00e3o e o equipamento de cozinha do atrelado de comida podem ser personalizados. Basta dizer-nos os seus requisitos detalhados! Primeiro, vamos ver algumas fotos deste trailer redondo de alimentos.<img fetchpriority=\"high\" decoding=\"async\" class=\"aligncenter size-full wp-image-7532\" src=\"https:\/\/www.honlufoodtrailer.com\/wp-content\/uploads\/2024\/04\/4m-round-food-trailer.jpg\" alt=\"Reboque alimentar redondo de 4 m\" width=\"720\" height=\"540\" srcset=\"https:\/\/www.honlufoodtrailer.com\/wp-content\/uploads\/2024\/04\/4m-round-food-trailer.jpg 720w, https:\/\/www.honlufoodtrailer.com\/wp-content\/uploads\/2024\/04\/4m-round-food-trailer-480x360.jpg 480w, https:\/\/www.honlufoodtrailer.com\/wp-content\/uploads\/2024\/04\/4m-round-food-trailer-300x225.jpg 300w\" sizes=\"(max-width: 720px) 100vw, 720px\" \/> <img decoding=\"async\" class=\"aligncenter size-full wp-image-7530\" src=\"https:\/\/www.honlufoodtrailer.com\/wp-content\/uploads\/2024\/04\/4m-round-food-trailer-for-sale.jpg\" alt=\"Reboque alimentar redondo de 4 m para venda\" width=\"720\" height=\"540\" srcset=\"https:\/\/www.honlufoodtrailer.com\/wp-content\/uploads\/2024\/04\/4m-round-food-trailer-for-sale.jpg 720w, https:\/\/www.honlufoodtrailer.com\/wp-content\/uploads\/2024\/04\/4m-round-food-trailer-for-sale-480x360.jpg 480w, https:\/\/www.honlufoodtrailer.com\/wp-content\/uploads\/2024\/04\/4m-round-food-trailer-for-sale-300x225.jpg 300w\" sizes=\"(max-width: 720px) 100vw, 720px\" \/><\/p>\n<p>&nbsp;<\/p>\n<h2>Vista interior do atrelado alimentar redondo de 4 m<\/h2>\n<p><img decoding=\"async\" class=\"aligncenter size-full wp-image-7531\" src=\"https:\/\/www.honlufoodtrailer.com\/wp-content\/uploads\/2024\/04\/4m-round-food-trailer-inner-view.jpg\" alt=\"Vista interior do reboque alimentar redondo de 4 m\" width=\"720\" height=\"540\" srcset=\"https:\/\/www.honlufoodtrailer.com\/wp-content\/uploads\/2024\/04\/4m-round-food-trailer-inner-view.jpg 720w, https:\/\/www.honlufoodtrailer.com\/wp-content\/uploads\/2024\/04\/4m-round-food-trailer-inner-view-480x360.jpg 480w, https:\/\/www.honlufoodtrailer.com\/wp-content\/uploads\/2024\/04\/4m-round-food-trailer-inner-view-300x225.jpg 300w\" sizes=\"(max-width: 720px) 100vw, 720px\" \/><img loading=\"lazy\" decoding=\"async\" class=\"aligncenter size-full wp-image-7526\" src=\"https:\/\/www.honlufoodtrailer.com\/wp-content\/uploads\/2024\/04\/4m-round-food-trailer-inner-details.jpg\" alt=\"Detalhes do interior do reboque alimentar redondo de 4 m\" width=\"800\" height=\"800\" srcset=\"https:\/\/www.honlufoodtrailer.com\/wp-content\/uploads\/2024\/04\/4m-round-food-trailer-inner-details.jpg 800w, https:\/\/www.honlufoodtrailer.com\/wp-content\/uploads\/2024\/04\/4m-round-food-trailer-inner-details-768x768.jpg 768w, https:\/\/www.honlufoodtrailer.com\/wp-content\/uploads\/2024\/04\/4m-round-food-trailer-inner-details-360x360.jpg 360w, https:\/\/www.honlufoodtrailer.com\/wp-content\/uploads\/2024\/04\/4m-round-food-trailer-inner-details-300x300.jpg 300w, https:\/\/www.honlufoodtrailer.com\/wp-content\/uploads\/2024\/04\/4m-round-food-trailer-inner-details-720x720.jpg 720w, https:\/\/www.honlufoodtrailer.com\/wp-content\/uploads\/2024\/04\/4m-round-food-trailer-inner-details-100x100.jpg 100w\" sizes=\"(max-width: 800px) 100vw, 800px\" \/><\/p>\n<h2>Mais pormenores sobre o atrelado para alimentos redondo de 4 m<\/h2>\n<p><img loading=\"lazy\" decoding=\"async\" class=\"aligncenter size-full wp-image-7527\" src=\"https:\/\/www.honlufoodtrailer.com\/wp-content\/uploads\/2024\/04\/4m-round-food-trailer-details.jpg\" alt=\"Detalhes do reboque alimentar redondo de 4 m\" width=\"800\" height=\"800\" srcset=\"https:\/\/www.honlufoodtrailer.com\/wp-content\/uploads\/2024\/04\/4m-round-food-trailer-details.jpg 800w, https:\/\/www.honlufoodtrailer.com\/wp-content\/uploads\/2024\/04\/4m-round-food-trailer-details-768x768.jpg 768w, https:\/\/www.honlufoodtrailer.com\/wp-content\/uploads\/2024\/04\/4m-round-food-trailer-details-360x360.jpg 360w, https:\/\/www.honlufoodtrailer.com\/wp-content\/uploads\/2024\/04\/4m-round-food-trailer-details-300x300.jpg 300w, https:\/\/www.honlufoodtrailer.com\/wp-content\/uploads\/2024\/04\/4m-round-food-trailer-details-720x720.jpg 720w, https:\/\/www.honlufoodtrailer.com\/wp-content\/uploads\/2024\/04\/4m-round-food-trailer-details-100x100.jpg 100w\" sizes=\"(max-width: 800px) 100vw, 800px\" \/><\/p>\n<h3 class=\"magic-6\" data-spm-anchor-id=\"a2700.wholesale.0.i28.29e52808agqc7f\">Principais carater\u00edsticas do Trailer redondo personalizado para alimentos<\/h3>\n<div class=\"magic-7\">\n<div class=\"magic-8\">\n<div class=\"magic-9\" data-id=\"paragraph0\">\n<ol>\n<li>A apar\u00eancia elegante pode ser personalizada;<\/li>\n<li>Corpo e estrutura interna do reboque em a\u00e7o inoxid\u00e1vel, boa resist\u00eancia ao calor, resist\u00eancia ao desgaste, resist\u00eancia \u00e0 corros\u00e3o;<\/li>\n<li>Acess\u00f3rios modernos e avan\u00e7ados equipados no reboque alimentar m\u00f3vel;<\/li>\n<li>Temos todo o gosto em modific\u00e1-lo de acordo com as suas necessidades.<img loading=\"lazy\" decoding=\"async\" class=\"aligncenter size-full wp-image-7528\" src=\"https:\/\/www.honlufoodtrailer.com\/wp-content\/uploads\/2024\/04\/4m-round-concession-trailer.jpg\" alt=\"Reboque de concess\u00e3o redondo de 4 m\" width=\"720\" height=\"540\" srcset=\"https:\/\/www.honlufoodtrailer.com\/wp-content\/uploads\/2024\/04\/4m-round-concession-trailer.jpg 720w, https:\/\/www.honlufoodtrailer.com\/wp-content\/uploads\/2024\/04\/4m-round-concession-trailer-480x360.jpg 480w, https:\/\/www.honlufoodtrailer.com\/wp-content\/uploads\/2024\/04\/4m-round-concession-trailer-300x225.jpg 300w\" sizes=\"(max-width: 720px) 100vw, 720px\" \/><\/li>\n<\/ol>\n<h3>Desenho de planta baixa 2D\/3D gratuito<\/h3>\n<p>Depois de confirmarmos as dimens\u00f5es do reboque redondo para alimentos e o equipamento interno da cozinha, podemos fornecer-lhe desenhos 3D gratuitamente. Isto dar-lhe-\u00e1 uma ideia mais clara do seu design e do seu carrinho de alimentos. Ao confirmar a localiza\u00e7\u00e3o do equipamento de cozinha, podemos comunicar claramente consigo atrav\u00e9s da planta baixa. Podemos tamb\u00e9m fornecer-lhe documentos originais para facilitar o seu projeto e fazer ajustes.<\/p>\n<\/div>\n<\/div>\n<\/div>","protected":false},"excerpt":{"rendered":"<p>Este \u00e9 um reboque alimentar redondo de 4m personalizado. Todo o ve\u00edculo adopta a\u00e7o inoxid\u00e1vel. Pode ser aplicado para vender qualquer coisa, desde cachorros-quentes, opera\u00e7\u00f5es de retalho, opera\u00e7\u00f5es de flores, sandu\u00edches, caf\u00e9, gelados, etc. Al\u00e9m disso, temos certificados para o ajudar a iniciar um neg\u00f3cio m\u00f3vel sem problemas.<\/p>","protected":false},"featured_media":7532,"template":"","meta":{"_themeisle_gutenberg_block_has_review":false},"product_brand":[],"product_cat":[26],"product_tag":[82,33,45,38,116,51,50],"class_list":{"0":"post-7525","1":"product","2":"type-product","3":"status-publish","4":"has-post-thumbnail","6":"product_cat-product","7":"product_tag-13ft-food-trailer","8":"product_tag-customized-trailer","9":"product_tag-large-food-trailer","10":"product_tag-mobile-food-trailer","11":"product_tag-round-food-trailer","12":"product_tag-square-food-trailer","13":"product_tag-standard-configuration","15":"first","16":"instock","17":"shipping-taxable","18":"product-type-simple"},"yoast_head":"<!-- This site is optimized with the Yoast SEO plugin v27.4 - https:\/\/yoast.com\/product\/yoast-seo-wordpress\/ -->\n<title>4m Round Food Trailer - Honlu food trailer<\/title>\n<meta name=\"description\" content=\"This is a customized 4m round food trailer from China food trailer manufacturer. A good choice for mobile food trailer business. Get its price now!\" \/>\n<meta name=\"robots\" content=\"index, follow, max-snippet:-1, max-image-preview:large, max-video-preview:-1\" \/>\n<link rel=\"canonical\" href=\"https:\/\/www.honlufoodtrailer.com\/pt\/product\/4m-round-food-trailer\/\" \/>\n<meta property=\"og:locale\" content=\"pt_PT\" \/>\n<meta property=\"og:type\" content=\"article\" \/>\n<meta property=\"og:title\" content=\"4m Round Food Trailer - Honlu food trailer\" \/>\n<meta property=\"og:description\" content=\"This is a customized 4m round food trailer from China food trailer manufacturer. A good choice for mobile food trailer business. Get its price now!\" \/>\n<meta property=\"og:url\" content=\"https:\/\/www.honlufoodtrailer.com\/pt\/product\/4m-round-food-trailer\/\" \/>\n<meta property=\"og:site_name\" content=\"Honlu food trailer\" \/>\n<meta property=\"article:modified_time\" content=\"2025-02-14T07:00:19+00:00\" \/>\n<meta property=\"og:image\" content=\"https:\/\/www.honlufoodtrailer.com\/wp-content\/uploads\/2024\/04\/4m-round-food-trailer.jpg\" \/>\n\t<meta property=\"og:image:width\" content=\"720\" \/>\n\t<meta property=\"og:image:height\" content=\"540\" \/>\n\t<meta property=\"og:image:type\" content=\"image\/jpeg\" \/>\n<meta name=\"twitter:card\" content=\"summary_large_image\" \/>\n<meta name=\"twitter:label1\" content=\"Tempo estimado de leitura\" \/>\n\t<meta name=\"twitter:data1\" content=\"2 minutos\" \/>\n<script type=\"application\/ld+json\" class=\"yoast-schema-graph\">{\"@context\":\"https:\\\/\\\/schema.org\",\"@graph\":[{\"@type\":\"WebPage\",\"@id\":\"https:\\\/\\\/www.honlufoodtrailer.com\\\/product\\\/4m-round-food-trailer\\\/\",\"url\":\"https:\\\/\\\/www.honlufoodtrailer.com\\\/product\\\/4m-round-food-trailer\\\/\",\"name\":\"4m Round Food Trailer - Honlu food trailer\",\"isPartOf\":{\"@id\":\"https:\\\/\\\/www.honlufoodtrailer.com\\\/#website\"},\"primaryImageOfPage\":{\"@id\":\"https:\\\/\\\/www.honlufoodtrailer.com\\\/product\\\/4m-round-food-trailer\\\/#primaryimage\"},\"image\":{\"@id\":\"https:\\\/\\\/www.honlufoodtrailer.com\\\/product\\\/4m-round-food-trailer\\\/#primaryimage\"},\"thumbnailUrl\":\"https:\\\/\\\/www.honlufoodtrailer.com\\\/wp-content\\\/uploads\\\/2024\\\/04\\\/4m-round-food-trailer.jpg\",\"datePublished\":\"2024-04-24T08:52:50+00:00\",\"dateModified\":\"2025-02-14T07:00:19+00:00\",\"description\":\"This is a customized 4m round food trailer from China food trailer manufacturer. A good choice for mobile food trailer business. Get its price now!\",\"breadcrumb\":{\"@id\":\"https:\\\/\\\/www.honlufoodtrailer.com\\\/product\\\/4m-round-food-trailer\\\/#breadcrumb\"},\"inLanguage\":\"pt-PT\",\"potentialAction\":[{\"@type\":\"ReadAction\",\"target\":[\"https:\\\/\\\/www.honlufoodtrailer.com\\\/product\\\/4m-round-food-trailer\\\/\"]}]},{\"@type\":\"ImageObject\",\"inLanguage\":\"pt-PT\",\"@id\":\"https:\\\/\\\/www.honlufoodtrailer.com\\\/product\\\/4m-round-food-trailer\\\/#primaryimage\",\"url\":\"https:\\\/\\\/www.honlufoodtrailer.com\\\/wp-content\\\/uploads\\\/2024\\\/04\\\/4m-round-food-trailer.jpg\",\"contentUrl\":\"https:\\\/\\\/www.honlufoodtrailer.com\\\/wp-content\\\/uploads\\\/2024\\\/04\\\/4m-round-food-trailer.jpg\",\"width\":720,\"height\":540,\"caption\":\"4m round food trailer\"},{\"@type\":\"BreadcrumbList\",\"@id\":\"https:\\\/\\\/www.honlufoodtrailer.com\\\/product\\\/4m-round-food-trailer\\\/#breadcrumb\",\"itemListElement\":[{\"@type\":\"ListItem\",\"position\":1,\"name\":\"Home\",\"item\":\"https:\\\/\\\/www.honlufoodtrailer.com\\\/\"},{\"@type\":\"ListItem\",\"position\":2,\"name\":\"\u4ea7\u54c1\",\"item\":\"https:\\\/\\\/www.honlufoodtrailer.com\\\/shop\\\/\"},{\"@type\":\"ListItem\",\"position\":3,\"name\":\"4m Round Food Trailer\"}]},{\"@type\":\"WebSite\",\"@id\":\"https:\\\/\\\/www.honlufoodtrailer.com\\\/#website\",\"url\":\"https:\\\/\\\/www.honlufoodtrailer.com\\\/\",\"name\":\"Honlu food trailer\",\"description\":\"\",\"publisher\":{\"@id\":\"https:\\\/\\\/www.honlufoodtrailer.com\\\/#organization\"},\"potentialAction\":[{\"@type\":\"SearchAction\",\"target\":{\"@type\":\"EntryPoint\",\"urlTemplate\":\"https:\\\/\\\/www.honlufoodtrailer.com\\\/?s={search_term_string}\"},\"query-input\":{\"@type\":\"PropertyValueSpecification\",\"valueRequired\":true,\"valueName\":\"search_term_string\"}}],\"inLanguage\":\"pt-PT\"},{\"@type\":\"Organization\",\"@id\":\"https:\\\/\\\/www.honlufoodtrailer.com\\\/#organization\",\"name\":\"Honlu food trailer\",\"url\":\"https:\\\/\\\/www.honlufoodtrailer.com\\\/\",\"logo\":{\"@type\":\"ImageObject\",\"inLanguage\":\"pt-PT\",\"@id\":\"https:\\\/\\\/www.honlufoodtrailer.com\\\/#\\\/schema\\\/logo\\\/image\\\/\",\"url\":\"https:\\\/\\\/www.honlufoodtrailer.com\\\/wp-content\\\/uploads\\\/2021\\\/12\\\/2.gif\",\"contentUrl\":\"https:\\\/\\\/www.honlufoodtrailer.com\\\/wp-content\\\/uploads\\\/2021\\\/12\\\/2.gif\",\"width\":350,\"height\":100,\"caption\":\"Honlu food trailer\"},\"image\":{\"@id\":\"https:\\\/\\\/www.honlufoodtrailer.com\\\/#\\\/schema\\\/logo\\\/image\\\/\"}}]}<\/script>\n<!-- \/ Yoast SEO plugin. -->","yoast_head_json":{"title":"4m Round Food Trailer - Reboque alimentar Honlu","description":"Este \u00e9 um trailer de alimentos redondo de 4m personalizado do fabricante de trailer de alimentos da China. Uma boa escolha para o neg\u00f3cio de trailer de comida m\u00f3vel. Obter o seu pre\u00e7o agora!","robots":{"index":"index","follow":"follow","max-snippet":"max-snippet:-1","max-image-preview":"max-image-preview:large","max-video-preview":"max-video-preview:-1"},"canonical":"https:\/\/www.honlufoodtrailer.com\/pt\/product\/4m-round-food-trailer\/","og_locale":"pt_PT","og_type":"article","og_title":"4m Round Food Trailer - Honlu food trailer","og_description":"This is a customized 4m round food trailer from China food trailer manufacturer. A good choice for mobile food trailer business. Get its price now!","og_url":"https:\/\/www.honlufoodtrailer.com\/pt\/product\/4m-round-food-trailer\/","og_site_name":"Honlu food trailer","article_modified_time":"2025-02-14T07:00:19+00:00","og_image":[{"width":720,"height":540,"url":"https:\/\/www.honlufoodtrailer.com\/wp-content\/uploads\/2024\/04\/4m-round-food-trailer.jpg","type":"image\/jpeg"}],"twitter_card":"summary_large_image","twitter_misc":{"Tempo estimado de leitura":"2 minutos"},"schema":{"@context":"https:\/\/schema.org","@graph":[{"@type":"WebPage","@id":"https:\/\/www.honlufoodtrailer.com\/product\/4m-round-food-trailer\/","url":"https:\/\/www.honlufoodtrailer.com\/product\/4m-round-food-trailer\/","name":"4m Round Food Trailer - Reboque alimentar Honlu","isPartOf":{"@id":"https:\/\/www.honlufoodtrailer.com\/#website"},"primaryImageOfPage":{"@id":"https:\/\/www.honlufoodtrailer.com\/product\/4m-round-food-trailer\/#primaryimage"},"image":{"@id":"https:\/\/www.honlufoodtrailer.com\/product\/4m-round-food-trailer\/#primaryimage"},"thumbnailUrl":"https:\/\/www.honlufoodtrailer.com\/wp-content\/uploads\/2024\/04\/4m-round-food-trailer.jpg","datePublished":"2024-04-24T08:52:50+00:00","dateModified":"2025-02-14T07:00:19+00:00","description":"Este \u00e9 um trailer de alimentos redondo de 4m personalizado do fabricante de trailer de alimentos da China. Uma boa escolha para o neg\u00f3cio de trailer de comida m\u00f3vel. Obter o seu pre\u00e7o agora!","breadcrumb":{"@id":"https:\/\/www.honlufoodtrailer.com\/product\/4m-round-food-trailer\/#breadcrumb"},"inLanguage":"pt-PT","potentialAction":[{"@type":"ReadAction","target":["https:\/\/www.honlufoodtrailer.com\/product\/4m-round-food-trailer\/"]}]},{"@type":"ImageObject","inLanguage":"pt-PT","@id":"https:\/\/www.honlufoodtrailer.com\/product\/4m-round-food-trailer\/#primaryimage","url":"https:\/\/www.honlufoodtrailer.com\/wp-content\/uploads\/2024\/04\/4m-round-food-trailer.jpg","contentUrl":"https:\/\/www.honlufoodtrailer.com\/wp-content\/uploads\/2024\/04\/4m-round-food-trailer.jpg","width":720,"height":540,"caption":"4m round food trailer"},{"@type":"BreadcrumbList","@id":"https:\/\/www.honlufoodtrailer.com\/product\/4m-round-food-trailer\/#breadcrumb","itemListElement":[{"@type":"ListItem","position":1,"name":"Home","item":"https:\/\/www.honlufoodtrailer.com\/"},{"@type":"ListItem","position":2,"name":"\u4ea7\u54c1","item":"https:\/\/www.honlufoodtrailer.com\/shop\/"},{"@type":"ListItem","position":3,"name":"4m Round Food Trailer"}]},{"@type":"WebSite","@id":"https:\/\/www.honlufoodtrailer.com\/#website","url":"https:\/\/www.honlufoodtrailer.com\/","name":"Reboque de comida Honlu","description":"","publisher":{"@id":"https:\/\/www.honlufoodtrailer.com\/#organization"},"potentialAction":[{"@type":"SearchAction","target":{"@type":"EntryPoint","urlTemplate":"https:\/\/www.honlufoodtrailer.com\/?s={search_term_string}"},"query-input":{"@type":"PropertyValueSpecification","valueRequired":true,"valueName":"search_term_string"}}],"inLanguage":"pt-PT"},{"@type":"Organization","@id":"https:\/\/www.honlufoodtrailer.com\/#organization","name":"Reboque de comida Honlu","url":"https:\/\/www.honlufoodtrailer.com\/","logo":{"@type":"ImageObject","inLanguage":"pt-PT","@id":"https:\/\/www.honlufoodtrailer.com\/#\/schema\/logo\/image\/","url":"https:\/\/www.honlufoodtrailer.com\/wp-content\/uploads\/2021\/12\/2.gif","contentUrl":"https:\/\/www.honlufoodtrailer.com\/wp-content\/uploads\/2021\/12\/2.gif","width":350,"height":100,"caption":"Honlu food trailer"},"image":{"@id":"https:\/\/www.honlufoodtrailer.com\/#\/schema\/logo\/image\/"}}]}},"_links":{"self":[{"href":"https:\/\/www.honlufoodtrailer.com\/pt\/wp-json\/wp\/v2\/product\/7525","targetHints":{"allow":["GET"]}}],"collection":[{"href":"https:\/\/www.honlufoodtrailer.com\/pt\/wp-json\/wp\/v2\/product"}],"about":[{"href":"https:\/\/www.honlufoodtrailer.com\/pt\/wp-json\/wp\/v2\/types\/product"}],"version-history":[{"count":3,"href":"https:\/\/www.honlufoodtrailer.com\/pt\/wp-json\/wp\/v2\/product\/7525\/revisions"}],"predecessor-version":[{"id":8052,"href":"https:\/\/www.honlufoodtrailer.com\/pt\/wp-json\/wp\/v2\/product\/7525\/revisions\/8052"}],"wp:featuredmedia":[{"embeddable":true,"href":"https:\/\/www.honlufoodtrailer.com\/pt\/wp-json\/wp\/v2\/media\/7532"}],"wp:attachment":[{"href":"https:\/\/www.honlufoodtrailer.com\/pt\/wp-json\/wp\/v2\/media?parent=7525"}],"wp:term":[{"taxonomy":"product_brand","embeddable":true,"href":"https:\/\/www.honlufoodtrailer.com\/pt\/wp-json\/wp\/v2\/product_brand?post=7525"},{"taxonomy":"product_cat","embeddable":true,"href":"https:\/\/www.honlufoodtrailer.com\/pt\/wp-json\/wp\/v2\/product_cat?post=7525"},{"taxonomy":"product_tag","embeddable":true,"href":"https:\/\/www.honlufoodtrailer.com\/pt\/wp-json\/wp\/v2\/product_tag?post=7525"}],"curies":[{"name":"wp","href":"https:\/\/api.w.org\/{rel}","templated":true}]}}