{"id":7656,"date":"2024-05-15T15:01:54","date_gmt":"2024-05-15T07:01:54","guid":{"rendered":"https:\/\/www.honlufoodtrailer.com\/?post_type=product&#038;p=7656"},"modified":"2025-02-14T14:52:09","modified_gmt":"2025-02-14T06:52:09","slug":"12ft-rolled-ice-cream-trailer","status":"publish","type":"product","link":"https:\/\/www.honlufoodtrailer.com\/pt\/product\/12ft-rolled-ice-cream-trailer\/","title":{"rendered":"Reboque de sorvete enrolado de 12 p\u00e9s"},"content":{"rendered":"<p>Voc\u00ea tem interesse em come\u00e7ar a vender sorvetes em carrinhos sobre rodas nos dias de ver\u00e3o? Veja este carrinho de sorvete de 3,6 metros (12 p\u00e9s) aqui! \u00c9 um carrinho de sorvete de 3,6 metros que fabricamos para um de nossos clientes. Com uma estrutura compacta e pre\u00e7o acess\u00edvel, este carrinho de sorvete de 3,6 metros \u00e9 uma \u00f3tima op\u00e7\u00e3o para iniciantes. Agora, vamos dar uma olhada neste carrinho de sorvete!<\/p>\n<p><img fetchpriority=\"high\" decoding=\"async\" class=\"aligncenter size-full wp-image-7663\" src=\"https:\/\/www.honlufoodtrailer.com\/wp-content\/uploads\/2024\/05\/12ft-rolled-ice-cream-trailer.jpg\" alt=\"Reboque de sorvete de 12 p\u00e9s\" width=\"720\" height=\"540\" srcset=\"https:\/\/www.honlufoodtrailer.com\/wp-content\/uploads\/2024\/05\/12ft-rolled-ice-cream-trailer.jpg 720w, https:\/\/www.honlufoodtrailer.com\/wp-content\/uploads\/2024\/05\/12ft-rolled-ice-cream-trailer-480x360.jpg 480w, https:\/\/www.honlufoodtrailer.com\/wp-content\/uploads\/2024\/05\/12ft-rolled-ice-cream-trailer-300x225.jpg 300w\" sizes=\"(max-width: 720px) 100vw, 720px\" \/><\/p>\n<p>Como podemos ver nas imagens acima, este trailer de sorvetes sobre rodas tem um design simples. Na parte frontal do trailer, instalamos uma grande janela de acordo com as solicita\u00e7\u00f5es da cliente. Ap\u00f3s receber o trailer, nossa cliente poder\u00e1 decor\u00e1-lo como desejar.<\/p>\n<h3>Detalhe interno deste reboque de sorvete de 3,65 metros (12 p\u00e9s)<\/h3>\n<p>Como pode ver na imagem abaixo, equipamos este trailer de comida com uma mesa de trabalho, duas pias, um exaustor, uma m\u00e1quina de sorvete na chapa, etc. A estrutura interna de todo o trailer de sorvete frito \u00e9 funcional e compacta. Com este equipamento, o nosso cliente poder\u00e1 fornecer sorvete na chapa nos dias de ver\u00e3o.<\/p>\n<p><img decoding=\"async\" class=\"aligncenter size-full wp-image-7661\" src=\"https:\/\/www.honlufoodtrailer.com\/wp-content\/uploads\/2024\/05\/12ft-rolled-ice-cream-trailer-inner-view.jpg\" alt=\"vista interna de um reboque de sorvete de 3,65 metros (12 p\u00e9s)\" width=\"720\" height=\"540\" srcset=\"https:\/\/www.honlufoodtrailer.com\/wp-content\/uploads\/2024\/05\/12ft-rolled-ice-cream-trailer-inner-view.jpg 720w, https:\/\/www.honlufoodtrailer.com\/wp-content\/uploads\/2024\/05\/12ft-rolled-ice-cream-trailer-inner-view-480x360.jpg 480w, https:\/\/www.honlufoodtrailer.com\/wp-content\/uploads\/2024\/05\/12ft-rolled-ice-cream-trailer-inner-view-300x225.jpg 300w\" sizes=\"(max-width: 720px) 100vw, 720px\" \/> <img decoding=\"async\" class=\"aligncenter size-full wp-image-7664\" src=\"https:\/\/www.honlufoodtrailer.com\/wp-content\/uploads\/2024\/05\/rolled-ice-cream-machine.jpg\" alt=\"m\u00e1quina de sorvete enrolado\" width=\"720\" height=\"540\" srcset=\"https:\/\/www.honlufoodtrailer.com\/wp-content\/uploads\/2024\/05\/rolled-ice-cream-machine.jpg 720w, https:\/\/www.honlufoodtrailer.com\/wp-content\/uploads\/2024\/05\/rolled-ice-cream-machine-480x360.jpg 480w, https:\/\/www.honlufoodtrailer.com\/wp-content\/uploads\/2024\/05\/rolled-ice-cream-machine-300x225.jpg 300w\" sizes=\"(max-width: 720px) 100vw, 720px\" \/><\/p>\n<h3>Mais detalhes sobre este reboque de sorvete de 3,65 metros (12 p\u00e9s)<\/h3>\n<p>Veja mais detalhes deste reboque de gelo enrolado de 3,65 metros (12 p\u00e9s). Podemos personalizar um reboque de sorvete de acordo com as exig\u00eancias do seu pa\u00eds.<img loading=\"lazy\" decoding=\"async\" class=\"aligncenter size-full wp-image-7666\" src=\"https:\/\/www.honlufoodtrailer.com\/wp-content\/uploads\/2024\/05\/12ft-rolled-ice-cream-trailer-details.jpg\" alt=\"Detalhes do reboque de sorvete de 12 p\u00e9s\" width=\"800\" height=\"800\" srcset=\"https:\/\/www.honlufoodtrailer.com\/wp-content\/uploads\/2024\/05\/12ft-rolled-ice-cream-trailer-details.jpg 800w, https:\/\/www.honlufoodtrailer.com\/wp-content\/uploads\/2024\/05\/12ft-rolled-ice-cream-trailer-details-768x768.jpg 768w, https:\/\/www.honlufoodtrailer.com\/wp-content\/uploads\/2024\/05\/12ft-rolled-ice-cream-trailer-details-360x360.jpg 360w, https:\/\/www.honlufoodtrailer.com\/wp-content\/uploads\/2024\/05\/12ft-rolled-ice-cream-trailer-details-300x300.jpg 300w, https:\/\/www.honlufoodtrailer.com\/wp-content\/uploads\/2024\/05\/12ft-rolled-ice-cream-trailer-details-720x720.jpg 720w, https:\/\/www.honlufoodtrailer.com\/wp-content\/uploads\/2024\/05\/12ft-rolled-ice-cream-trailer-details-100x100.jpg 100w\" sizes=\"(max-width: 800px) 100vw, 800px\" \/><\/p>\n<h3>O que pode obter de n\u00f3s<\/h3>\n<p>Podemos fabricar um reboque para sorvete semelhante a este para venda, ou personalizar um especialmente para voc\u00ea. A cor da carroceria, os adesivos, a sinaliza\u00e7\u00e3o e os equipamentos de cozinha do reboque podem ser personalizados. Basta entrar em contato conosco e nos informar suas necessidades espec\u00edficas.<\/p>\n<p>Os carrinhos de sorvete s\u00e3o muito populares nos dias de ver\u00e3o, pois muitas pessoas gostam de tomar bebidas geladas nesses dias. Se voc\u00ea quer come\u00e7ar um pequeno neg\u00f3cio de food truck sem gastar muito, este carrinho de sorvete de 3,6 metros (12 p\u00e9s) \u00e9 uma \u00f3tima op\u00e7\u00e3o.<\/p>\n<h3><b class=\"magic-22\"><span class=\"magic-11\">\u00a0Principais caracter\u00edsticas do nosso reboque para sorvete na chapa \u00e0 venda<\/span><\/b><\/h3>\n<div class=\"magic-2\">\n<div class=\"magic-3\">\n<div class=\"magic-4\">1. De baixo custo e ecol\u00f3gico, sem fuma\u00e7a e ru\u00eddo, f\u00e1cil de transportar para qualquer lugar.<br \/>\n2. Possui resist\u00eancia ao calor, alta solidez da cor, n\u00e3o deforma, \u00e9 \u00e0 prova d&#039;\u00e1gua e tem longa vida \u00fatil.<br \/>\n3. O material principal \u00e9 a\u00e7o inoxid\u00e1vel, e a plataforma (mesa) n\u00e3o enferrujar\u00e1.<\/div>\n<\/div>\n<\/div>","protected":false},"excerpt":{"rendered":"<p>Este \u00e9 um trailer de sorvete personalizado de 3,65 metros (12 p\u00e9s) \u00e0 venda. Como todos sabemos, bebidas geladas s\u00e3o muito populares nos dias de ver\u00e3o. Portanto, \u00e9 uma \u00f3tima op\u00e7\u00e3o para quem quer come\u00e7ar um neg\u00f3cio de trailer de sorvete durante o ver\u00e3o. Podemos fabricar um similar a este ou personalizar um para voc\u00ea. Basta entrar em contato e nos contar suas necessidades espec\u00edficas!<\/p>","protected":false},"featured_media":7664,"template":"","meta":{"_themeisle_gutenberg_block_has_review":false},"product_brand":[],"product_cat":[26],"product_tag":[110,33,60,61,111,38],"class_list":{"0":"post-7656","1":"product","2":"type-product","3":"status-publish","4":"has-post-thumbnail","6":"product_cat-product","7":"product_tag-12ft-food-trailer","8":"product_tag-customized-trailer","9":"product_tag-fast-food-trailer","10":"product_tag-fast-food-trailer-for-sale","11":"product_tag-ice-cream-trailer","12":"product_tag-mobile-food-trailer","14":"first","15":"instock","16":"shipping-taxable","17":"product-type-simple"},"yoast_head":"<!-- This site is optimized with the Yoast SEO plugin v27.4 - https:\/\/yoast.com\/product\/yoast-seo-wordpress\/ -->\n<title>Rolled Ice Cream Trailer From China - Honlu Food Trailer<\/title>\n<meta name=\"description\" content=\"Want to start a rolled ice cream trailer in summer days? see this 12ft fried ice cream trailer at a competitive price now! Click to see!\" \/>\n<meta name=\"robots\" content=\"index, follow, max-snippet:-1, max-image-preview:large, max-video-preview:-1\" \/>\n<link rel=\"canonical\" href=\"https:\/\/www.honlufoodtrailer.com\/pt\/product\/12ft-rolled-ice-cream-trailer\/\" \/>\n<meta property=\"og:locale\" content=\"pt_PT\" \/>\n<meta property=\"og:type\" content=\"article\" \/>\n<meta property=\"og:title\" content=\"Rolled Ice Cream Trailer From China - Honlu Food Trailer\" \/>\n<meta property=\"og:description\" content=\"Want to start a rolled ice cream trailer in summer days? see this 12ft fried ice cream trailer at a competitive price now! Click to see!\" \/>\n<meta property=\"og:url\" content=\"https:\/\/www.honlufoodtrailer.com\/pt\/product\/12ft-rolled-ice-cream-trailer\/\" \/>\n<meta property=\"og:site_name\" content=\"Honlu food trailer\" \/>\n<meta property=\"article:modified_time\" content=\"2025-02-14T06:52:09+00:00\" \/>\n<meta property=\"og:image\" content=\"https:\/\/www.honlufoodtrailer.com\/wp-content\/uploads\/2024\/05\/rolled-ice-cream-machine.jpg\" \/>\n\t<meta property=\"og:image:width\" content=\"720\" \/>\n\t<meta property=\"og:image:height\" content=\"540\" \/>\n\t<meta property=\"og:image:type\" content=\"image\/jpeg\" \/>\n<meta name=\"twitter:card\" content=\"summary_large_image\" \/>\n<meta name=\"twitter:label1\" content=\"Tempo estimado de leitura\" \/>\n\t<meta name=\"twitter:data1\" content=\"1 minuto\" \/>\n<script type=\"application\/ld+json\" class=\"yoast-schema-graph\">{\"@context\":\"https:\\\/\\\/schema.org\",\"@graph\":[{\"@type\":\"WebPage\",\"@id\":\"https:\\\/\\\/www.honlufoodtrailer.com\\\/product\\\/12ft-rolled-ice-cream-trailer\\\/\",\"url\":\"https:\\\/\\\/www.honlufoodtrailer.com\\\/product\\\/12ft-rolled-ice-cream-trailer\\\/\",\"name\":\"Rolled Ice Cream Trailer From China - Honlu Food Trailer\",\"isPartOf\":{\"@id\":\"https:\\\/\\\/www.honlufoodtrailer.com\\\/#website\"},\"primaryImageOfPage\":{\"@id\":\"https:\\\/\\\/www.honlufoodtrailer.com\\\/product\\\/12ft-rolled-ice-cream-trailer\\\/#primaryimage\"},\"image\":{\"@id\":\"https:\\\/\\\/www.honlufoodtrailer.com\\\/product\\\/12ft-rolled-ice-cream-trailer\\\/#primaryimage\"},\"thumbnailUrl\":\"https:\\\/\\\/www.honlufoodtrailer.com\\\/wp-content\\\/uploads\\\/2024\\\/05\\\/rolled-ice-cream-machine.jpg\",\"datePublished\":\"2024-05-15T07:01:54+00:00\",\"dateModified\":\"2025-02-14T06:52:09+00:00\",\"description\":\"Want to start a rolled ice cream trailer in summer days? see this 12ft fried ice cream trailer at a competitive price now! Click to see!\",\"breadcrumb\":{\"@id\":\"https:\\\/\\\/www.honlufoodtrailer.com\\\/product\\\/12ft-rolled-ice-cream-trailer\\\/#breadcrumb\"},\"inLanguage\":\"pt-PT\",\"potentialAction\":[{\"@type\":\"ReadAction\",\"target\":[\"https:\\\/\\\/www.honlufoodtrailer.com\\\/product\\\/12ft-rolled-ice-cream-trailer\\\/\"]}]},{\"@type\":\"ImageObject\",\"inLanguage\":\"pt-PT\",\"@id\":\"https:\\\/\\\/www.honlufoodtrailer.com\\\/product\\\/12ft-rolled-ice-cream-trailer\\\/#primaryimage\",\"url\":\"https:\\\/\\\/www.honlufoodtrailer.com\\\/wp-content\\\/uploads\\\/2024\\\/05\\\/rolled-ice-cream-machine.jpg\",\"contentUrl\":\"https:\\\/\\\/www.honlufoodtrailer.com\\\/wp-content\\\/uploads\\\/2024\\\/05\\\/rolled-ice-cream-machine.jpg\",\"width\":720,\"height\":540,\"caption\":\"rolled ice cream machine\"},{\"@type\":\"BreadcrumbList\",\"@id\":\"https:\\\/\\\/www.honlufoodtrailer.com\\\/product\\\/12ft-rolled-ice-cream-trailer\\\/#breadcrumb\",\"itemListElement\":[{\"@type\":\"ListItem\",\"position\":1,\"name\":\"Home\",\"item\":\"https:\\\/\\\/www.honlufoodtrailer.com\\\/\"},{\"@type\":\"ListItem\",\"position\":2,\"name\":\"\u4ea7\u54c1\",\"item\":\"https:\\\/\\\/www.honlufoodtrailer.com\\\/shop\\\/\"},{\"@type\":\"ListItem\",\"position\":3,\"name\":\"12ft Rolled Ice Cream Trailer\"}]},{\"@type\":\"WebSite\",\"@id\":\"https:\\\/\\\/www.honlufoodtrailer.com\\\/#website\",\"url\":\"https:\\\/\\\/www.honlufoodtrailer.com\\\/\",\"name\":\"Honlu food trailer\",\"description\":\"\",\"publisher\":{\"@id\":\"https:\\\/\\\/www.honlufoodtrailer.com\\\/#organization\"},\"potentialAction\":[{\"@type\":\"SearchAction\",\"target\":{\"@type\":\"EntryPoint\",\"urlTemplate\":\"https:\\\/\\\/www.honlufoodtrailer.com\\\/?s={search_term_string}\"},\"query-input\":{\"@type\":\"PropertyValueSpecification\",\"valueRequired\":true,\"valueName\":\"search_term_string\"}}],\"inLanguage\":\"pt-PT\"},{\"@type\":\"Organization\",\"@id\":\"https:\\\/\\\/www.honlufoodtrailer.com\\\/#organization\",\"name\":\"Honlu food trailer\",\"url\":\"https:\\\/\\\/www.honlufoodtrailer.com\\\/\",\"logo\":{\"@type\":\"ImageObject\",\"inLanguage\":\"pt-PT\",\"@id\":\"https:\\\/\\\/www.honlufoodtrailer.com\\\/#\\\/schema\\\/logo\\\/image\\\/\",\"url\":\"https:\\\/\\\/www.honlufoodtrailer.com\\\/wp-content\\\/uploads\\\/2021\\\/12\\\/2.gif\",\"contentUrl\":\"https:\\\/\\\/www.honlufoodtrailer.com\\\/wp-content\\\/uploads\\\/2021\\\/12\\\/2.gif\",\"width\":350,\"height\":100,\"caption\":\"Honlu food trailer\"},\"image\":{\"@id\":\"https:\\\/\\\/www.honlufoodtrailer.com\\\/#\\\/schema\\\/logo\\\/image\\\/\"}}]}<\/script>\n<!-- \/ Yoast SEO plugin. -->","yoast_head_json":{"title":"Trailer de sorvete enrolado da China - Honlu Food Trailer","description":"Quer come\u00e7ar a vender sorvete enrolado em um trailer durante o ver\u00e3o? Veja este trailer de sorvete frito de 3,6 metros por um pre\u00e7o competitivo! Clique para ver!","robots":{"index":"index","follow":"follow","max-snippet":"max-snippet:-1","max-image-preview":"max-image-preview:large","max-video-preview":"max-video-preview:-1"},"canonical":"https:\/\/www.honlufoodtrailer.com\/pt\/product\/12ft-rolled-ice-cream-trailer\/","og_locale":"pt_PT","og_type":"article","og_title":"Rolled Ice Cream Trailer From China - Honlu Food Trailer","og_description":"Want to start a rolled ice cream trailer in summer days? see this 12ft fried ice cream trailer at a competitive price now! Click to see!","og_url":"https:\/\/www.honlufoodtrailer.com\/pt\/product\/12ft-rolled-ice-cream-trailer\/","og_site_name":"Honlu food trailer","article_modified_time":"2025-02-14T06:52:09+00:00","og_image":[{"width":720,"height":540,"url":"https:\/\/www.honlufoodtrailer.com\/wp-content\/uploads\/2024\/05\/rolled-ice-cream-machine.jpg","type":"image\/jpeg"}],"twitter_card":"summary_large_image","twitter_misc":{"Tempo estimado de leitura":"1 minuto"},"schema":{"@context":"https:\/\/schema.org","@graph":[{"@type":"WebPage","@id":"https:\/\/www.honlufoodtrailer.com\/product\/12ft-rolled-ice-cream-trailer\/","url":"https:\/\/www.honlufoodtrailer.com\/product\/12ft-rolled-ice-cream-trailer\/","name":"Trailer de sorvete enrolado da China - Honlu Food Trailer","isPartOf":{"@id":"https:\/\/www.honlufoodtrailer.com\/#website"},"primaryImageOfPage":{"@id":"https:\/\/www.honlufoodtrailer.com\/product\/12ft-rolled-ice-cream-trailer\/#primaryimage"},"image":{"@id":"https:\/\/www.honlufoodtrailer.com\/product\/12ft-rolled-ice-cream-trailer\/#primaryimage"},"thumbnailUrl":"https:\/\/www.honlufoodtrailer.com\/wp-content\/uploads\/2024\/05\/rolled-ice-cream-machine.jpg","datePublished":"2024-05-15T07:01:54+00:00","dateModified":"2025-02-14T06:52:09+00:00","description":"Quer come\u00e7ar a vender sorvete enrolado em um trailer durante o ver\u00e3o? Veja este trailer de sorvete frito de 3,6 metros por um pre\u00e7o competitivo! Clique para ver!","breadcrumb":{"@id":"https:\/\/www.honlufoodtrailer.com\/product\/12ft-rolled-ice-cream-trailer\/#breadcrumb"},"inLanguage":"pt-PT","potentialAction":[{"@type":"ReadAction","target":["https:\/\/www.honlufoodtrailer.com\/product\/12ft-rolled-ice-cream-trailer\/"]}]},{"@type":"ImageObject","inLanguage":"pt-PT","@id":"https:\/\/www.honlufoodtrailer.com\/product\/12ft-rolled-ice-cream-trailer\/#primaryimage","url":"https:\/\/www.honlufoodtrailer.com\/wp-content\/uploads\/2024\/05\/rolled-ice-cream-machine.jpg","contentUrl":"https:\/\/www.honlufoodtrailer.com\/wp-content\/uploads\/2024\/05\/rolled-ice-cream-machine.jpg","width":720,"height":540,"caption":"rolled ice cream machine"},{"@type":"BreadcrumbList","@id":"https:\/\/www.honlufoodtrailer.com\/product\/12ft-rolled-ice-cream-trailer\/#breadcrumb","itemListElement":[{"@type":"ListItem","position":1,"name":"Home","item":"https:\/\/www.honlufoodtrailer.com\/"},{"@type":"ListItem","position":2,"name":"\u4ea7\u54c1","item":"https:\/\/www.honlufoodtrailer.com\/shop\/"},{"@type":"ListItem","position":3,"name":"12ft Rolled Ice Cream Trailer"}]},{"@type":"WebSite","@id":"https:\/\/www.honlufoodtrailer.com\/#website","url":"https:\/\/www.honlufoodtrailer.com\/","name":"Reboque de comida Honlu","description":"","publisher":{"@id":"https:\/\/www.honlufoodtrailer.com\/#organization"},"potentialAction":[{"@type":"SearchAction","target":{"@type":"EntryPoint","urlTemplate":"https:\/\/www.honlufoodtrailer.com\/?s={search_term_string}"},"query-input":{"@type":"PropertyValueSpecification","valueRequired":true,"valueName":"search_term_string"}}],"inLanguage":"pt-PT"},{"@type":"Organization","@id":"https:\/\/www.honlufoodtrailer.com\/#organization","name":"Reboque de comida Honlu","url":"https:\/\/www.honlufoodtrailer.com\/","logo":{"@type":"ImageObject","inLanguage":"pt-PT","@id":"https:\/\/www.honlufoodtrailer.com\/#\/schema\/logo\/image\/","url":"https:\/\/www.honlufoodtrailer.com\/wp-content\/uploads\/2021\/12\/2.gif","contentUrl":"https:\/\/www.honlufoodtrailer.com\/wp-content\/uploads\/2021\/12\/2.gif","width":350,"height":100,"caption":"Honlu food trailer"},"image":{"@id":"https:\/\/www.honlufoodtrailer.com\/#\/schema\/logo\/image\/"}}]}},"_links":{"self":[{"href":"https:\/\/www.honlufoodtrailer.com\/pt\/wp-json\/wp\/v2\/product\/7656","targetHints":{"allow":["GET"]}}],"collection":[{"href":"https:\/\/www.honlufoodtrailer.com\/pt\/wp-json\/wp\/v2\/product"}],"about":[{"href":"https:\/\/www.honlufoodtrailer.com\/pt\/wp-json\/wp\/v2\/types\/product"}],"version-history":[{"count":3,"href":"https:\/\/www.honlufoodtrailer.com\/pt\/wp-json\/wp\/v2\/product\/7656\/revisions"}],"predecessor-version":[{"id":7668,"href":"https:\/\/www.honlufoodtrailer.com\/pt\/wp-json\/wp\/v2\/product\/7656\/revisions\/7668"}],"wp:featuredmedia":[{"embeddable":true,"href":"https:\/\/www.honlufoodtrailer.com\/pt\/wp-json\/wp\/v2\/media\/7664"}],"wp:attachment":[{"href":"https:\/\/www.honlufoodtrailer.com\/pt\/wp-json\/wp\/v2\/media?parent=7656"}],"wp:term":[{"taxonomy":"product_brand","embeddable":true,"href":"https:\/\/www.honlufoodtrailer.com\/pt\/wp-json\/wp\/v2\/product_brand?post=7656"},{"taxonomy":"product_cat","embeddable":true,"href":"https:\/\/www.honlufoodtrailer.com\/pt\/wp-json\/wp\/v2\/product_cat?post=7656"},{"taxonomy":"product_tag","embeddable":true,"href":"https:\/\/www.honlufoodtrailer.com\/pt\/wp-json\/wp\/v2\/product_tag?post=7656"}],"curies":[{"name":"wp","href":"https:\/\/api.w.org\/{rel}","templated":true}]}}