{"id":7762,"date":"2024-06-01T15:28:37","date_gmt":"2024-06-01T07:28:37","guid":{"rendered":"https:\/\/www.honlufoodtrailer.com\/?post_type=product&#038;p=7762"},"modified":"2025-02-14T14:51:25","modified_gmt":"2025-02-14T06:51:25","slug":"5-7m-mexican-food-trailer","status":"publish","type":"product","link":"https:\/\/www.honlufoodtrailer.com\/pt\/product\/5-7m-mexican-food-trailer\/","title":{"rendered":"Reboque de comida mexicana de 5,7 m"},"content":{"rendered":"<p>Procurando um trailer de comida mexicana? Veja este trailer de 5,7m! \u00c9 um trailer que personalizamos para um cliente da Austr\u00e1lia. Como voc\u00ea pode ver nas fotos abaixo, ele tem a frente e a traseira pretas, e as laterais brancas. Al\u00e9m disso, a carroceria apresenta diversos padr\u00f5es. Agora, vamos ver algumas fotos deste trailer de comida mexicana!<\/p>\n<p><img fetchpriority=\"high\" decoding=\"async\" class=\"aligncenter size-full wp-image-7768\" src=\"https:\/\/www.honlufoodtrailer.com\/wp-content\/uploads\/2024\/06\/5.7m-Mexican-food-trailer-front-view.jpg\" alt=\"vista frontal de um reboque de comida mexicana de 5,7 m\" width=\"720\" height=\"540\" srcset=\"https:\/\/www.honlufoodtrailer.com\/wp-content\/uploads\/2024\/06\/5.7m-Mexican-food-trailer-front-view.jpg 720w, https:\/\/www.honlufoodtrailer.com\/wp-content\/uploads\/2024\/06\/5.7m-Mexican-food-trailer-front-view-480x360.jpg 480w, https:\/\/www.honlufoodtrailer.com\/wp-content\/uploads\/2024\/06\/5.7m-Mexican-food-trailer-front-view-300x225.jpg 300w\" sizes=\"(max-width: 720px) 100vw, 720px\" \/> <img decoding=\"async\" class=\"aligncenter size-full wp-image-7774\" src=\"https:\/\/www.honlufoodtrailer.com\/wp-content\/uploads\/2024\/06\/5.7m-Mexican-food-trailer.jpg\" alt=\"Reboque de comida mexicana de 5,7 m\" width=\"720\" height=\"540\" srcset=\"https:\/\/www.honlufoodtrailer.com\/wp-content\/uploads\/2024\/06\/5.7m-Mexican-food-trailer.jpg 720w, https:\/\/www.honlufoodtrailer.com\/wp-content\/uploads\/2024\/06\/5.7m-Mexican-food-trailer-480x360.jpg 480w, https:\/\/www.honlufoodtrailer.com\/wp-content\/uploads\/2024\/06\/5.7m-Mexican-food-trailer-300x225.jpg 300w\" sizes=\"(max-width: 720px) 100vw, 720px\" \/><\/p>\n<p>Como podemos ver nas fotos acima, este trailer de comida mexicana tem uma apar\u00eancia bonita e atraente. N\u00f3s o personalizamos para atender aos padr\u00f5es australianos. Na parte frontal do trailer, instalamos duas grandes janelas de acordo com as exig\u00eancias do cliente. A seguir, vamos ver os detalhes internos deste trailer de comida mexicana de 5,7 metros.<\/p>\n<h3>Detalhes internos deste trailer de comida mexicana de 5,7 m<\/h3>\n<p>Conforme solicitado pelo cliente, equipamos este trailer de comida mexicana de 5,7 m com uma mesa de trabalho, tr\u00eas pias, um exaustor, um fog\u00e3o a g\u00e1s, uma fritadeira, uma chapa, um ar-condicionado, um refrigerador, etc. Com esses equipamentos, nosso cliente pode fornecer diversos tipos de comida mexicana.<\/p>\n<p><img decoding=\"async\" class=\"aligncenter size-full wp-image-7769\" src=\"https:\/\/www.honlufoodtrailer.com\/wp-content\/uploads\/2024\/06\/5.7m-Mexican-food-trailer-inner-details.jpg\" alt=\"Detalhes internos de um trailer de comida mexicana de 5,7 m\" width=\"720\" height=\"540\" srcset=\"https:\/\/www.honlufoodtrailer.com\/wp-content\/uploads\/2024\/06\/5.7m-Mexican-food-trailer-inner-details.jpg 720w, https:\/\/www.honlufoodtrailer.com\/wp-content\/uploads\/2024\/06\/5.7m-Mexican-food-trailer-inner-details-480x360.jpg 480w, https:\/\/www.honlufoodtrailer.com\/wp-content\/uploads\/2024\/06\/5.7m-Mexican-food-trailer-inner-details-300x225.jpg 300w\" sizes=\"(max-width: 720px) 100vw, 720px\" \/><img loading=\"lazy\" decoding=\"async\" class=\"aligncenter size-full wp-image-7777\" src=\"https:\/\/www.honlufoodtrailer.com\/wp-content\/uploads\/2024\/06\/5.7m-Mexican-food-trailer-more-details.jpg\" alt=\"Reboque de comida mexicana de 5,7 m - mais detalhes\" width=\"800\" height=\"800\" srcset=\"https:\/\/www.honlufoodtrailer.com\/wp-content\/uploads\/2024\/06\/5.7m-Mexican-food-trailer-more-details.jpg 800w, https:\/\/www.honlufoodtrailer.com\/wp-content\/uploads\/2024\/06\/5.7m-Mexican-food-trailer-more-details-768x768.jpg 768w, https:\/\/www.honlufoodtrailer.com\/wp-content\/uploads\/2024\/06\/5.7m-Mexican-food-trailer-more-details-360x360.jpg 360w, https:\/\/www.honlufoodtrailer.com\/wp-content\/uploads\/2024\/06\/5.7m-Mexican-food-trailer-more-details-300x300.jpg 300w, https:\/\/www.honlufoodtrailer.com\/wp-content\/uploads\/2024\/06\/5.7m-Mexican-food-trailer-more-details-720x720.jpg 720w, https:\/\/www.honlufoodtrailer.com\/wp-content\/uploads\/2024\/06\/5.7m-Mexican-food-trailer-more-details-100x100.jpg 100w\" sizes=\"(max-width: 800px) 100vw, 800px\" \/><\/p>\n<h3>Mais detalhes sobre este trailer de comida mexicana de 5,7 m.<\/h3>\n<p>Veja mais detalhes deste trailer de comida mexicana de 5,7 m. Podemos personalizar um trailer de comida de acordo com as exig\u00eancias do seu pa\u00eds.<img loading=\"lazy\" decoding=\"async\" class=\"aligncenter size-full wp-image-7779\" src=\"https:\/\/www.honlufoodtrailer.com\/wp-content\/uploads\/2024\/06\/5.7m-Mexican-food-trailer-details-1.jpg\" alt=\"Detalhes do trailer de comida mexicana de 5,7 m\" width=\"800\" height=\"800\" srcset=\"https:\/\/www.honlufoodtrailer.com\/wp-content\/uploads\/2024\/06\/5.7m-Mexican-food-trailer-details-1.jpg 800w, https:\/\/www.honlufoodtrailer.com\/wp-content\/uploads\/2024\/06\/5.7m-Mexican-food-trailer-details-1-768x768.jpg 768w, https:\/\/www.honlufoodtrailer.com\/wp-content\/uploads\/2024\/06\/5.7m-Mexican-food-trailer-details-1-360x360.jpg 360w, https:\/\/www.honlufoodtrailer.com\/wp-content\/uploads\/2024\/06\/5.7m-Mexican-food-trailer-details-1-300x300.jpg 300w, https:\/\/www.honlufoodtrailer.com\/wp-content\/uploads\/2024\/06\/5.7m-Mexican-food-trailer-details-1-720x720.jpg 720w, https:\/\/www.honlufoodtrailer.com\/wp-content\/uploads\/2024\/06\/5.7m-Mexican-food-trailer-details-1-100x100.jpg 100w\" sizes=\"(max-width: 800px) 100vw, 800px\" \/><\/p>\n<h3>O que pode obter de n\u00f3s<\/h3>\n<p>Podemos fabricar um trailer de comida mexicana semelhante a este para venda, ou personalizar um especialmente para voc\u00ea. A cor da carroceria, os adesivos, a sinaliza\u00e7\u00e3o e os equipamentos de cozinha do trailer podem ser personalizados. Basta entrar em contato conosco e nos informar suas necessidades espec\u00edficas.<\/p>\n<p>A comida mexicana \u00e9 muito popular, e muitas pessoas gostam de comer pratos como tacos, quesadillas, fajitas, chilaquiles, tostadas, etc. Se voc\u00ea quer come\u00e7ar um neg\u00f3cio de food truck de comida mexicana, este trailer de 5,7 m ser\u00e1 uma \u00f3tima op\u00e7\u00e3o.<\/p>\n<h3><b class=\"magic-22\"><span class=\"magic-11\">\u00a0Principais caracter\u00edsticas dos nossos produtos personalizados <\/span><\/b>Trailer de comida mexicana<\/h3>\n<div class=\"magic-2\">\n<div class=\"magic-3\">\n<div class=\"magic-4\">1. \u00c9 feito de a\u00e7o inoxid\u00e1vel de alta qualidade, que \u00e9 resistente \u00e0 corros\u00e3o e dur\u00e1vel.<br \/>\n2. Possui caracter\u00edsticas como resist\u00eancia ao calor, alta solidez da cor, impermeabilidade e longa vida \u00fatil.<br \/>\n3. O exterior e o interior do food truck podem ser personalizados.<\/div>\n<\/div>\n<\/div>","protected":false},"excerpt":{"rendered":"<p>Este \u00e9 um trailer de comida mexicana personalizado de 5,7 m. \u00c9 uma \u00f3tima op\u00e7\u00e3o para clientes que desejam iniciar um neg\u00f3cio de comida m\u00f3vel. Podemos fabricar um similar a este ou personalizar um para voc\u00ea. N\u00e3o hesite em nos contatar e nos informar suas necessidades espec\u00edficas!<\/p>","protected":false},"featured_media":7767,"template":"","meta":{"_themeisle_gutenberg_block_has_review":false},"product_brand":[],"product_cat":[26],"product_tag":[86,33,60,61,109,38],"class_list":{"0":"post-7762","1":"product","2":"type-product","3":"status-publish","4":"has-post-thumbnail","6":"product_cat-product","7":"product_tag-18-7ft-food-trailer","8":"product_tag-customized-trailer","9":"product_tag-fast-food-trailer","10":"product_tag-fast-food-trailer-for-sale","11":"product_tag-mexican-food-trailer","12":"product_tag-mobile-food-trailer","14":"first","15":"instock","16":"shipping-taxable","17":"product-type-simple"},"yoast_head":"<!-- This site is optimized with the Yoast SEO plugin v27.4 - https:\/\/yoast.com\/product\/yoast-seo-wordpress\/ -->\n<title>5.7m Mexican Food Trailer From China - Honlu Food Trailer<\/title>\n<meta name=\"description\" content=\"Want to start a Mexican food trailer business? see this 5.7m Mexican food trailer at a competitive price now! Click to see its quality!\" \/>\n<meta name=\"robots\" content=\"index, follow, max-snippet:-1, max-image-preview:large, max-video-preview:-1\" \/>\n<link rel=\"canonical\" href=\"https:\/\/www.honlufoodtrailer.com\/pt\/product\/5-7m-mexican-food-trailer\/\" \/>\n<meta property=\"og:locale\" content=\"pt_PT\" \/>\n<meta property=\"og:type\" content=\"article\" \/>\n<meta property=\"og:title\" content=\"5.7m Mexican Food Trailer From China - Honlu Food Trailer\" \/>\n<meta property=\"og:description\" content=\"Want to start a Mexican food trailer business? see this 5.7m Mexican food trailer at a competitive price now! Click to see its quality!\" \/>\n<meta property=\"og:url\" content=\"https:\/\/www.honlufoodtrailer.com\/pt\/product\/5-7m-mexican-food-trailer\/\" \/>\n<meta property=\"og:site_name\" content=\"Honlu food trailer\" \/>\n<meta property=\"article:modified_time\" content=\"2025-02-14T06:51:25+00:00\" \/>\n<meta property=\"og:image\" content=\"https:\/\/www.honlufoodtrailer.com\/wp-content\/uploads\/2024\/06\/5.7m-mexican-food-trailer-for-sale.jpg\" \/>\n\t<meta property=\"og:image:width\" content=\"720\" \/>\n\t<meta property=\"og:image:height\" content=\"540\" \/>\n\t<meta property=\"og:image:type\" content=\"image\/jpeg\" \/>\n<meta name=\"twitter:card\" content=\"summary_large_image\" \/>\n<meta name=\"twitter:label1\" content=\"Tempo estimado de leitura\" \/>\n\t<meta name=\"twitter:data1\" content=\"1 minuto\" \/>\n<script type=\"application\/ld+json\" class=\"yoast-schema-graph\">{\"@context\":\"https:\\\/\\\/schema.org\",\"@graph\":[{\"@type\":\"WebPage\",\"@id\":\"https:\\\/\\\/www.honlufoodtrailer.com\\\/product\\\/5-7m-mexican-food-trailer\\\/\",\"url\":\"https:\\\/\\\/www.honlufoodtrailer.com\\\/product\\\/5-7m-mexican-food-trailer\\\/\",\"name\":\"5.7m Mexican Food Trailer From China - Honlu Food Trailer\",\"isPartOf\":{\"@id\":\"https:\\\/\\\/www.honlufoodtrailer.com\\\/#website\"},\"primaryImageOfPage\":{\"@id\":\"https:\\\/\\\/www.honlufoodtrailer.com\\\/product\\\/5-7m-mexican-food-trailer\\\/#primaryimage\"},\"image\":{\"@id\":\"https:\\\/\\\/www.honlufoodtrailer.com\\\/product\\\/5-7m-mexican-food-trailer\\\/#primaryimage\"},\"thumbnailUrl\":\"https:\\\/\\\/www.honlufoodtrailer.com\\\/wp-content\\\/uploads\\\/2024\\\/06\\\/5.7m-mexican-food-trailer-for-sale.jpg\",\"datePublished\":\"2024-06-01T07:28:37+00:00\",\"dateModified\":\"2025-02-14T06:51:25+00:00\",\"description\":\"Want to start a Mexican food trailer business? see this 5.7m Mexican food trailer at a competitive price now! Click to see its quality!\",\"breadcrumb\":{\"@id\":\"https:\\\/\\\/www.honlufoodtrailer.com\\\/product\\\/5-7m-mexican-food-trailer\\\/#breadcrumb\"},\"inLanguage\":\"pt-PT\",\"potentialAction\":[{\"@type\":\"ReadAction\",\"target\":[\"https:\\\/\\\/www.honlufoodtrailer.com\\\/product\\\/5-7m-mexican-food-trailer\\\/\"]}]},{\"@type\":\"ImageObject\",\"inLanguage\":\"pt-PT\",\"@id\":\"https:\\\/\\\/www.honlufoodtrailer.com\\\/product\\\/5-7m-mexican-food-trailer\\\/#primaryimage\",\"url\":\"https:\\\/\\\/www.honlufoodtrailer.com\\\/wp-content\\\/uploads\\\/2024\\\/06\\\/5.7m-mexican-food-trailer-for-sale.jpg\",\"contentUrl\":\"https:\\\/\\\/www.honlufoodtrailer.com\\\/wp-content\\\/uploads\\\/2024\\\/06\\\/5.7m-mexican-food-trailer-for-sale.jpg\",\"width\":720,\"height\":540,\"caption\":\"5.7m mexican food trailer for sale\"},{\"@type\":\"BreadcrumbList\",\"@id\":\"https:\\\/\\\/www.honlufoodtrailer.com\\\/product\\\/5-7m-mexican-food-trailer\\\/#breadcrumb\",\"itemListElement\":[{\"@type\":\"ListItem\",\"position\":1,\"name\":\"Home\",\"item\":\"https:\\\/\\\/www.honlufoodtrailer.com\\\/\"},{\"@type\":\"ListItem\",\"position\":2,\"name\":\"\u4ea7\u54c1\",\"item\":\"https:\\\/\\\/www.honlufoodtrailer.com\\\/shop\\\/\"},{\"@type\":\"ListItem\",\"position\":3,\"name\":\"5.7m Mexican Food Trailer\"}]},{\"@type\":\"WebSite\",\"@id\":\"https:\\\/\\\/www.honlufoodtrailer.com\\\/#website\",\"url\":\"https:\\\/\\\/www.honlufoodtrailer.com\\\/\",\"name\":\"Honlu food trailer\",\"description\":\"\",\"publisher\":{\"@id\":\"https:\\\/\\\/www.honlufoodtrailer.com\\\/#organization\"},\"potentialAction\":[{\"@type\":\"SearchAction\",\"target\":{\"@type\":\"EntryPoint\",\"urlTemplate\":\"https:\\\/\\\/www.honlufoodtrailer.com\\\/?s={search_term_string}\"},\"query-input\":{\"@type\":\"PropertyValueSpecification\",\"valueRequired\":true,\"valueName\":\"search_term_string\"}}],\"inLanguage\":\"pt-PT\"},{\"@type\":\"Organization\",\"@id\":\"https:\\\/\\\/www.honlufoodtrailer.com\\\/#organization\",\"name\":\"Honlu food trailer\",\"url\":\"https:\\\/\\\/www.honlufoodtrailer.com\\\/\",\"logo\":{\"@type\":\"ImageObject\",\"inLanguage\":\"pt-PT\",\"@id\":\"https:\\\/\\\/www.honlufoodtrailer.com\\\/#\\\/schema\\\/logo\\\/image\\\/\",\"url\":\"https:\\\/\\\/www.honlufoodtrailer.com\\\/wp-content\\\/uploads\\\/2021\\\/12\\\/2.gif\",\"contentUrl\":\"https:\\\/\\\/www.honlufoodtrailer.com\\\/wp-content\\\/uploads\\\/2021\\\/12\\\/2.gif\",\"width\":350,\"height\":100,\"caption\":\"Honlu food trailer\"},\"image\":{\"@id\":\"https:\\\/\\\/www.honlufoodtrailer.com\\\/#\\\/schema\\\/logo\\\/image\\\/\"}}]}<\/script>\n<!-- \/ Yoast SEO plugin. -->","yoast_head_json":{"title":"Reboque de comida mexicana de 5,7 m da China - Honlu Food Trailer","description":"Quer abrir um food truck de comida mexicana? Veja este food truck de 5,7 m com pre\u00e7o competitivo! Clique para conferir a qualidade!","robots":{"index":"index","follow":"follow","max-snippet":"max-snippet:-1","max-image-preview":"max-image-preview:large","max-video-preview":"max-video-preview:-1"},"canonical":"https:\/\/www.honlufoodtrailer.com\/pt\/product\/5-7m-mexican-food-trailer\/","og_locale":"pt_PT","og_type":"article","og_title":"5.7m Mexican Food Trailer From China - Honlu Food Trailer","og_description":"Want to start a Mexican food trailer business? see this 5.7m Mexican food trailer at a competitive price now! Click to see its quality!","og_url":"https:\/\/www.honlufoodtrailer.com\/pt\/product\/5-7m-mexican-food-trailer\/","og_site_name":"Honlu food trailer","article_modified_time":"2025-02-14T06:51:25+00:00","og_image":[{"width":720,"height":540,"url":"https:\/\/www.honlufoodtrailer.com\/wp-content\/uploads\/2024\/06\/5.7m-mexican-food-trailer-for-sale.jpg","type":"image\/jpeg"}],"twitter_card":"summary_large_image","twitter_misc":{"Tempo estimado de leitura":"1 minuto"},"schema":{"@context":"https:\/\/schema.org","@graph":[{"@type":"WebPage","@id":"https:\/\/www.honlufoodtrailer.com\/product\/5-7m-mexican-food-trailer\/","url":"https:\/\/www.honlufoodtrailer.com\/product\/5-7m-mexican-food-trailer\/","name":"Reboque de comida mexicana de 5,7 m da China - Honlu Food Trailer","isPartOf":{"@id":"https:\/\/www.honlufoodtrailer.com\/#website"},"primaryImageOfPage":{"@id":"https:\/\/www.honlufoodtrailer.com\/product\/5-7m-mexican-food-trailer\/#primaryimage"},"image":{"@id":"https:\/\/www.honlufoodtrailer.com\/product\/5-7m-mexican-food-trailer\/#primaryimage"},"thumbnailUrl":"https:\/\/www.honlufoodtrailer.com\/wp-content\/uploads\/2024\/06\/5.7m-mexican-food-trailer-for-sale.jpg","datePublished":"2024-06-01T07:28:37+00:00","dateModified":"2025-02-14T06:51:25+00:00","description":"Quer abrir um food truck de comida mexicana? Veja este food truck de 5,7 m com pre\u00e7o competitivo! Clique para conferir a qualidade!","breadcrumb":{"@id":"https:\/\/www.honlufoodtrailer.com\/product\/5-7m-mexican-food-trailer\/#breadcrumb"},"inLanguage":"pt-PT","potentialAction":[{"@type":"ReadAction","target":["https:\/\/www.honlufoodtrailer.com\/product\/5-7m-mexican-food-trailer\/"]}]},{"@type":"ImageObject","inLanguage":"pt-PT","@id":"https:\/\/www.honlufoodtrailer.com\/product\/5-7m-mexican-food-trailer\/#primaryimage","url":"https:\/\/www.honlufoodtrailer.com\/wp-content\/uploads\/2024\/06\/5.7m-mexican-food-trailer-for-sale.jpg","contentUrl":"https:\/\/www.honlufoodtrailer.com\/wp-content\/uploads\/2024\/06\/5.7m-mexican-food-trailer-for-sale.jpg","width":720,"height":540,"caption":"5.7m mexican food trailer for sale"},{"@type":"BreadcrumbList","@id":"https:\/\/www.honlufoodtrailer.com\/product\/5-7m-mexican-food-trailer\/#breadcrumb","itemListElement":[{"@type":"ListItem","position":1,"name":"Home","item":"https:\/\/www.honlufoodtrailer.com\/"},{"@type":"ListItem","position":2,"name":"\u4ea7\u54c1","item":"https:\/\/www.honlufoodtrailer.com\/shop\/"},{"@type":"ListItem","position":3,"name":"5.7m Mexican Food Trailer"}]},{"@type":"WebSite","@id":"https:\/\/www.honlufoodtrailer.com\/#website","url":"https:\/\/www.honlufoodtrailer.com\/","name":"Reboque de comida Honlu","description":"","publisher":{"@id":"https:\/\/www.honlufoodtrailer.com\/#organization"},"potentialAction":[{"@type":"SearchAction","target":{"@type":"EntryPoint","urlTemplate":"https:\/\/www.honlufoodtrailer.com\/?s={search_term_string}"},"query-input":{"@type":"PropertyValueSpecification","valueRequired":true,"valueName":"search_term_string"}}],"inLanguage":"pt-PT"},{"@type":"Organization","@id":"https:\/\/www.honlufoodtrailer.com\/#organization","name":"Reboque de comida Honlu","url":"https:\/\/www.honlufoodtrailer.com\/","logo":{"@type":"ImageObject","inLanguage":"pt-PT","@id":"https:\/\/www.honlufoodtrailer.com\/#\/schema\/logo\/image\/","url":"https:\/\/www.honlufoodtrailer.com\/wp-content\/uploads\/2021\/12\/2.gif","contentUrl":"https:\/\/www.honlufoodtrailer.com\/wp-content\/uploads\/2021\/12\/2.gif","width":350,"height":100,"caption":"Honlu food trailer"},"image":{"@id":"https:\/\/www.honlufoodtrailer.com\/#\/schema\/logo\/image\/"}}]}},"_links":{"self":[{"href":"https:\/\/www.honlufoodtrailer.com\/pt\/wp-json\/wp\/v2\/product\/7762","targetHints":{"allow":["GET"]}}],"collection":[{"href":"https:\/\/www.honlufoodtrailer.com\/pt\/wp-json\/wp\/v2\/product"}],"about":[{"href":"https:\/\/www.honlufoodtrailer.com\/pt\/wp-json\/wp\/v2\/types\/product"}],"version-history":[{"count":3,"href":"https:\/\/www.honlufoodtrailer.com\/pt\/wp-json\/wp\/v2\/product\/7762\/revisions"}],"predecessor-version":[{"id":8802,"href":"https:\/\/www.honlufoodtrailer.com\/pt\/wp-json\/wp\/v2\/product\/7762\/revisions\/8802"}],"wp:featuredmedia":[{"embeddable":true,"href":"https:\/\/www.honlufoodtrailer.com\/pt\/wp-json\/wp\/v2\/media\/7767"}],"wp:attachment":[{"href":"https:\/\/www.honlufoodtrailer.com\/pt\/wp-json\/wp\/v2\/media?parent=7762"}],"wp:term":[{"taxonomy":"product_brand","embeddable":true,"href":"https:\/\/www.honlufoodtrailer.com\/pt\/wp-json\/wp\/v2\/product_brand?post=7762"},{"taxonomy":"product_cat","embeddable":true,"href":"https:\/\/www.honlufoodtrailer.com\/pt\/wp-json\/wp\/v2\/product_cat?post=7762"},{"taxonomy":"product_tag","embeddable":true,"href":"https:\/\/www.honlufoodtrailer.com\/pt\/wp-json\/wp\/v2\/product_tag?post=7762"}],"curies":[{"name":"wp","href":"https:\/\/api.w.org\/{rel}","templated":true}]}}