{"id":7991,"date":"2024-07-09T11:44:58","date_gmt":"2024-07-09T03:44:58","guid":{"rendered":"https:\/\/www.honlufoodtrailer.com\/?post_type=product&#038;p=7991"},"modified":"2025-02-14T14:46:58","modified_gmt":"2025-02-14T06:46:58","slug":"5-7m-food-trailer-container-in-turquoise-color","status":"publish","type":"product","link":"https:\/\/www.honlufoodtrailer.com\/pt\/product\/5-7m-food-trailer-container-in-turquoise-color\/","title":{"rendered":"Contentor de 5,7 m para reboque de alimentos Maldivas"},"content":{"rendered":"<p>\u00c0 procura de um contentor para reboque de alimentos? Veja este contentor para reboque de alimentos de 5,7 m que personaliz\u00e1mos para um dos nossos clientes das Maldivas.  Como podemos ver, este contentor para reboque de alimentos tem uma bela cor turquesa. Voc\u00ea pode imaginar que este trailer de comida ser\u00e1 muito atraente para a multid\u00e3o. Agora, vamos ver mais detalhes deste contentor de reboque de alimentos!<\/p>\n<p><img fetchpriority=\"high\" decoding=\"async\" class=\"aligncenter size-full wp-image-8001\" src=\"https:\/\/www.honlufoodtrailer.com\/wp-content\/uploads\/2024\/07\/5.7M-food-trailer-container.jpg\" alt=\"Contentor para reboque de alimentos de 5,7 milh\u00f5es de euros\" width=\"720\" height=\"540\" srcset=\"https:\/\/www.honlufoodtrailer.com\/wp-content\/uploads\/2024\/07\/5.7M-food-trailer-container.jpg 720w, https:\/\/www.honlufoodtrailer.com\/wp-content\/uploads\/2024\/07\/5.7M-food-trailer-container-480x360.jpg 480w, https:\/\/www.honlufoodtrailer.com\/wp-content\/uploads\/2024\/07\/5.7M-food-trailer-container-300x225.jpg 300w\" sizes=\"(max-width: 720px) 100vw, 720px\" \/> <img decoding=\"async\" class=\"aligncenter size-full wp-image-7999\" src=\"https:\/\/www.honlufoodtrailer.com\/wp-content\/uploads\/2024\/07\/5.7M-food-trailer-container-on-sale.jpg\" alt=\"Venda de um contentor para reboque de alimentos no valor de 5,7 milh\u00f5es de euros\" width=\"720\" height=\"540\" srcset=\"https:\/\/www.honlufoodtrailer.com\/wp-content\/uploads\/2024\/07\/5.7M-food-trailer-container-on-sale.jpg 720w, https:\/\/www.honlufoodtrailer.com\/wp-content\/uploads\/2024\/07\/5.7M-food-trailer-container-on-sale-480x360.jpg 480w, https:\/\/www.honlufoodtrailer.com\/wp-content\/uploads\/2024\/07\/5.7M-food-trailer-container-on-sale-300x225.jpg 300w\" sizes=\"(max-width: 720px) 100vw, 720px\" \/><br \/>\nComo podemos ver na imagem acima, este contentor para reboque de alimentos tem uma janela de tamanho m\u00e9dio na parte da frente. Tamb\u00e9m se pode ver algum equipamento de cozinha no interior do contentor. <a href=\"https:\/\/www.honlufoodtrailer.com\/pt\/container-trailer\/\" target=\"_blank\" rel=\"noopener\">reboque contentor<\/a>. No lado esquerdo do reboque de alimentos, existe uma porta para o pessoal entrar e sair do reboque de alimentos. De seguida, vamos ver a estrutura interna deste contentor de reboque de alimentos!<\/p>\n<h3>Detalhes do interior deste contentor para reboque alimentar de 5,7 m Maldivas<\/h3>\n<p>Ver mais pormenores da estrutura interior deste reboque contentor para alimentos. Como pode ver na imagem abaixo, equip\u00e1mos este <a href=\"https:\/\/www.honlufoodtrailer.com\/pt\/product\/\" target=\"_blank\" rel=\"noopener\">reboque alimentar<\/a> com equipamento b\u00e1sico de cozinha, como mesa de trabalho, dois lavat\u00f3rios, congelador de gelados, assador, bar de saladas e exaustor, etc. Al\u00e9m disso, n\u00f3s equipamos este trailer de alimentos com um ar condicionado de acordo com a exig\u00eancia do cliente. Com este contentor de reboque de comida, o nosso cliente ser\u00e1 capaz de fornecer comida r\u00e1pida para os clientes.<\/p>\n<p>&nbsp;<\/p>\n<p><img decoding=\"async\" class=\"aligncenter size-full wp-image-7997\" src=\"https:\/\/www.honlufoodtrailer.com\/wp-content\/uploads\/2024\/07\/5.7m-food-trailer-container-inner-view.jpg\" alt=\"Vista interior do contentor do reboque alimentar de 5,7 m\" width=\"720\" height=\"540\" srcset=\"https:\/\/www.honlufoodtrailer.com\/wp-content\/uploads\/2024\/07\/5.7m-food-trailer-container-inner-view.jpg 720w, https:\/\/www.honlufoodtrailer.com\/wp-content\/uploads\/2024\/07\/5.7m-food-trailer-container-inner-view-480x360.jpg 480w, https:\/\/www.honlufoodtrailer.com\/wp-content\/uploads\/2024\/07\/5.7m-food-trailer-container-inner-view-300x225.jpg 300w\" sizes=\"(max-width: 720px) 100vw, 720px\" \/> <img loading=\"lazy\" decoding=\"async\" class=\"aligncenter size-full wp-image-7998\" src=\"https:\/\/www.honlufoodtrailer.com\/wp-content\/uploads\/2024\/07\/5.7M-food-trailer-container-more-details.jpg\" alt=\"Contentor para reboque de alimentos de 5,7 milh\u00f5es de euros mais pormenores\" width=\"800\" height=\"800\" srcset=\"https:\/\/www.honlufoodtrailer.com\/wp-content\/uploads\/2024\/07\/5.7M-food-trailer-container-more-details.jpg 800w, https:\/\/www.honlufoodtrailer.com\/wp-content\/uploads\/2024\/07\/5.7M-food-trailer-container-more-details-768x768.jpg 768w, https:\/\/www.honlufoodtrailer.com\/wp-content\/uploads\/2024\/07\/5.7M-food-trailer-container-more-details-360x360.jpg 360w, https:\/\/www.honlufoodtrailer.com\/wp-content\/uploads\/2024\/07\/5.7M-food-trailer-container-more-details-300x300.jpg 300w, https:\/\/www.honlufoodtrailer.com\/wp-content\/uploads\/2024\/07\/5.7M-food-trailer-container-more-details-720x720.jpg 720w, https:\/\/www.honlufoodtrailer.com\/wp-content\/uploads\/2024\/07\/5.7M-food-trailer-container-more-details-100x100.jpg 100w\" sizes=\"(max-width: 800px) 100vw, 800px\" \/>Como um fabricante e exportador de reboque de alimentos com mais de 10 anos de experi\u00eancia, a nossa empresa pode fornecer aos clientes todos os tipos de reboques de alimentos. N\u00e3o importa o que voc\u00ea quer um padr\u00e3o ou um personalizado, n\u00f3s podemos fabric\u00e1-lo para voc\u00ea. N\u00f3s n\u00e3o s\u00f3 podemos fornecer reboques personalizados para a venda de alimentos, mas tamb\u00e9m reboques com muitas outras fun\u00e7\u00f5es. Por exemplo, venda de flores, roupas, servi\u00e7o de animais de estima\u00e7\u00e3o, servi\u00e7o de corte de cabelo, etc. Basta dizer-nos os seus requisitos detalhados, n\u00f3s fornecer-lhe-emos o reboque certo que deseja. Basta deixar uma mensagem no formul\u00e1rio abaixo ou whatsapp-nos diretamente para uma resposta r\u00e1pida!<\/p>","protected":false},"excerpt":{"rendered":"<p>Este \u00e9 um dos nossos contentores para reboques de alimentos de 5,7 m feitos por medida. Constru\u00edmo-lo para um cliente das Maldivas. Tem uma cor bonita e uma estrutura razo\u00e1vel. <strong>Clique nos separadores seguintes para obter mais informa\u00e7\u00f5es sobre este contentor-reboque para alimentos<\/strong>. Podemos fabricar um contentor para reboque de alimentos semelhante a este, ou personalizar um para si. Por favor contacte-nos e diga-nos os seus requisitos detalhados. N\u00e3o hesite em contactar-nos agora!<\/p>","protected":false},"featured_media":7994,"template":"","meta":{"_themeisle_gutenberg_block_has_review":false},"product_brand":[],"product_cat":[26],"product_tag":[86,71,33,60,61,38],"class_list":{"0":"post-7991","1":"product","2":"type-product","3":"status-publish","4":"has-post-thumbnail","6":"product_cat-product","7":"product_tag-18-7ft-food-trailer","8":"product_tag-container-trailer","9":"product_tag-customized-trailer","10":"product_tag-fast-food-trailer","11":"product_tag-fast-food-trailer-for-sale","12":"product_tag-mobile-food-trailer","14":"first","15":"instock","16":"shipping-taxable","17":"product-type-simple"},"yoast_head":"<!-- This site is optimized with the Yoast SEO plugin v27.4 - https:\/\/yoast.com\/product\/yoast-seo-wordpress\/ -->\n<title>5.7m Food Trailer Container from China - Honlu Food Trailer<\/title>\n<meta name=\"description\" content=\"Looking for a food trailer container for sale? see this 5.7m food trailer container here! Get a similar or customized one at a reasonable price now!\" \/>\n<meta name=\"robots\" content=\"index, follow, max-snippet:-1, max-image-preview:large, max-video-preview:-1\" \/>\n<link rel=\"canonical\" href=\"https:\/\/www.honlufoodtrailer.com\/pt\/product\/5-7m-food-trailer-container-in-turquoise-color\/\" \/>\n<meta property=\"og:locale\" content=\"pt_PT\" \/>\n<meta property=\"og:type\" content=\"article\" \/>\n<meta property=\"og:title\" content=\"5.7m Food Trailer Container from China - Honlu Food Trailer\" \/>\n<meta property=\"og:description\" content=\"Looking for a food trailer container for sale? see this 5.7m food trailer container here! Get a similar or customized one at a reasonable price now!\" \/>\n<meta property=\"og:url\" content=\"https:\/\/www.honlufoodtrailer.com\/pt\/product\/5-7m-food-trailer-container-in-turquoise-color\/\" \/>\n<meta property=\"og:site_name\" content=\"Honlu food trailer\" \/>\n<meta property=\"article:modified_time\" content=\"2025-02-14T06:46:58+00:00\" \/>\n<meta property=\"og:image\" content=\"https:\/\/www.honlufoodtrailer.com\/wp-content\/uploads\/2024\/07\/5.7M-container-food-trailer.jpg\" \/>\n\t<meta property=\"og:image:width\" content=\"720\" \/>\n\t<meta property=\"og:image:height\" content=\"540\" \/>\n\t<meta property=\"og:image:type\" content=\"image\/jpeg\" \/>\n<meta name=\"twitter:card\" content=\"summary_large_image\" \/>\n<meta name=\"twitter:label1\" content=\"Tempo estimado de leitura\" \/>\n\t<meta name=\"twitter:data1\" content=\"1 minuto\" \/>\n<script type=\"application\/ld+json\" class=\"yoast-schema-graph\">{\"@context\":\"https:\\\/\\\/schema.org\",\"@graph\":[{\"@type\":\"WebPage\",\"@id\":\"https:\\\/\\\/www.honlufoodtrailer.com\\\/product\\\/5-7m-food-trailer-container-in-turquoise-color\\\/\",\"url\":\"https:\\\/\\\/www.honlufoodtrailer.com\\\/product\\\/5-7m-food-trailer-container-in-turquoise-color\\\/\",\"name\":\"5.7m Food Trailer Container from China - Honlu Food Trailer\",\"isPartOf\":{\"@id\":\"https:\\\/\\\/www.honlufoodtrailer.com\\\/#website\"},\"primaryImageOfPage\":{\"@id\":\"https:\\\/\\\/www.honlufoodtrailer.com\\\/product\\\/5-7m-food-trailer-container-in-turquoise-color\\\/#primaryimage\"},\"image\":{\"@id\":\"https:\\\/\\\/www.honlufoodtrailer.com\\\/product\\\/5-7m-food-trailer-container-in-turquoise-color\\\/#primaryimage\"},\"thumbnailUrl\":\"https:\\\/\\\/www.honlufoodtrailer.com\\\/wp-content\\\/uploads\\\/2024\\\/07\\\/5.7M-container-food-trailer.jpg\",\"datePublished\":\"2024-07-09T03:44:58+00:00\",\"dateModified\":\"2025-02-14T06:46:58+00:00\",\"description\":\"Looking for a food trailer container for sale? see this 5.7m food trailer container here! Get a similar or customized one at a reasonable price now!\",\"breadcrumb\":{\"@id\":\"https:\\\/\\\/www.honlufoodtrailer.com\\\/product\\\/5-7m-food-trailer-container-in-turquoise-color\\\/#breadcrumb\"},\"inLanguage\":\"pt-PT\",\"potentialAction\":[{\"@type\":\"ReadAction\",\"target\":[\"https:\\\/\\\/www.honlufoodtrailer.com\\\/product\\\/5-7m-food-trailer-container-in-turquoise-color\\\/\"]}]},{\"@type\":\"ImageObject\",\"inLanguage\":\"pt-PT\",\"@id\":\"https:\\\/\\\/www.honlufoodtrailer.com\\\/product\\\/5-7m-food-trailer-container-in-turquoise-color\\\/#primaryimage\",\"url\":\"https:\\\/\\\/www.honlufoodtrailer.com\\\/wp-content\\\/uploads\\\/2024\\\/07\\\/5.7M-container-food-trailer.jpg\",\"contentUrl\":\"https:\\\/\\\/www.honlufoodtrailer.com\\\/wp-content\\\/uploads\\\/2024\\\/07\\\/5.7M-container-food-trailer.jpg\",\"width\":720,\"height\":540,\"caption\":\"5.7M container food trailer\"},{\"@type\":\"BreadcrumbList\",\"@id\":\"https:\\\/\\\/www.honlufoodtrailer.com\\\/product\\\/5-7m-food-trailer-container-in-turquoise-color\\\/#breadcrumb\",\"itemListElement\":[{\"@type\":\"ListItem\",\"position\":1,\"name\":\"Home\",\"item\":\"https:\\\/\\\/www.honlufoodtrailer.com\\\/\"},{\"@type\":\"ListItem\",\"position\":2,\"name\":\"\u4ea7\u54c1\",\"item\":\"https:\\\/\\\/www.honlufoodtrailer.com\\\/shop\\\/\"},{\"@type\":\"ListItem\",\"position\":3,\"name\":\"5.7m Food Trailer Container Maldives\"}]},{\"@type\":\"WebSite\",\"@id\":\"https:\\\/\\\/www.honlufoodtrailer.com\\\/#website\",\"url\":\"https:\\\/\\\/www.honlufoodtrailer.com\\\/\",\"name\":\"Honlu food trailer\",\"description\":\"\",\"publisher\":{\"@id\":\"https:\\\/\\\/www.honlufoodtrailer.com\\\/#organization\"},\"potentialAction\":[{\"@type\":\"SearchAction\",\"target\":{\"@type\":\"EntryPoint\",\"urlTemplate\":\"https:\\\/\\\/www.honlufoodtrailer.com\\\/?s={search_term_string}\"},\"query-input\":{\"@type\":\"PropertyValueSpecification\",\"valueRequired\":true,\"valueName\":\"search_term_string\"}}],\"inLanguage\":\"pt-PT\"},{\"@type\":\"Organization\",\"@id\":\"https:\\\/\\\/www.honlufoodtrailer.com\\\/#organization\",\"name\":\"Honlu food trailer\",\"url\":\"https:\\\/\\\/www.honlufoodtrailer.com\\\/\",\"logo\":{\"@type\":\"ImageObject\",\"inLanguage\":\"pt-PT\",\"@id\":\"https:\\\/\\\/www.honlufoodtrailer.com\\\/#\\\/schema\\\/logo\\\/image\\\/\",\"url\":\"https:\\\/\\\/www.honlufoodtrailer.com\\\/wp-content\\\/uploads\\\/2021\\\/12\\\/2.gif\",\"contentUrl\":\"https:\\\/\\\/www.honlufoodtrailer.com\\\/wp-content\\\/uploads\\\/2021\\\/12\\\/2.gif\",\"width\":350,\"height\":100,\"caption\":\"Honlu food trailer\"},\"image\":{\"@id\":\"https:\\\/\\\/www.honlufoodtrailer.com\\\/#\\\/schema\\\/logo\\\/image\\\/\"}}]}<\/script>\n<!-- \/ Yoast SEO plugin. -->","yoast_head_json":{"title":"Contentor para reboque alimentar de 5,7 m da China - Honlu Food Trailer","description":"Procurando um contentor para reboque de alimentos para venda? veja este contentor para reboque de alimentos de 5,7 m aqui! Obtenha um semelhante ou personalizado a um pre\u00e7o razo\u00e1vel agora!","robots":{"index":"index","follow":"follow","max-snippet":"max-snippet:-1","max-image-preview":"max-image-preview:large","max-video-preview":"max-video-preview:-1"},"canonical":"https:\/\/www.honlufoodtrailer.com\/pt\/product\/5-7m-food-trailer-container-in-turquoise-color\/","og_locale":"pt_PT","og_type":"article","og_title":"5.7m Food Trailer Container from China - Honlu Food Trailer","og_description":"Looking for a food trailer container for sale? see this 5.7m food trailer container here! Get a similar or customized one at a reasonable price now!","og_url":"https:\/\/www.honlufoodtrailer.com\/pt\/product\/5-7m-food-trailer-container-in-turquoise-color\/","og_site_name":"Honlu food trailer","article_modified_time":"2025-02-14T06:46:58+00:00","og_image":[{"width":720,"height":540,"url":"https:\/\/www.honlufoodtrailer.com\/wp-content\/uploads\/2024\/07\/5.7M-container-food-trailer.jpg","type":"image\/jpeg"}],"twitter_card":"summary_large_image","twitter_misc":{"Tempo estimado de leitura":"1 minuto"},"schema":{"@context":"https:\/\/schema.org","@graph":[{"@type":"WebPage","@id":"https:\/\/www.honlufoodtrailer.com\/product\/5-7m-food-trailer-container-in-turquoise-color\/","url":"https:\/\/www.honlufoodtrailer.com\/product\/5-7m-food-trailer-container-in-turquoise-color\/","name":"Contentor para reboque alimentar de 5,7 m da China - Honlu Food Trailer","isPartOf":{"@id":"https:\/\/www.honlufoodtrailer.com\/#website"},"primaryImageOfPage":{"@id":"https:\/\/www.honlufoodtrailer.com\/product\/5-7m-food-trailer-container-in-turquoise-color\/#primaryimage"},"image":{"@id":"https:\/\/www.honlufoodtrailer.com\/product\/5-7m-food-trailer-container-in-turquoise-color\/#primaryimage"},"thumbnailUrl":"https:\/\/www.honlufoodtrailer.com\/wp-content\/uploads\/2024\/07\/5.7M-container-food-trailer.jpg","datePublished":"2024-07-09T03:44:58+00:00","dateModified":"2025-02-14T06:46:58+00:00","description":"Procurando um contentor para reboque de alimentos para venda? veja este contentor para reboque de alimentos de 5,7 m aqui! Obtenha um semelhante ou personalizado a um pre\u00e7o razo\u00e1vel agora!","breadcrumb":{"@id":"https:\/\/www.honlufoodtrailer.com\/product\/5-7m-food-trailer-container-in-turquoise-color\/#breadcrumb"},"inLanguage":"pt-PT","potentialAction":[{"@type":"ReadAction","target":["https:\/\/www.honlufoodtrailer.com\/product\/5-7m-food-trailer-container-in-turquoise-color\/"]}]},{"@type":"ImageObject","inLanguage":"pt-PT","@id":"https:\/\/www.honlufoodtrailer.com\/product\/5-7m-food-trailer-container-in-turquoise-color\/#primaryimage","url":"https:\/\/www.honlufoodtrailer.com\/wp-content\/uploads\/2024\/07\/5.7M-container-food-trailer.jpg","contentUrl":"https:\/\/www.honlufoodtrailer.com\/wp-content\/uploads\/2024\/07\/5.7M-container-food-trailer.jpg","width":720,"height":540,"caption":"5.7M container food trailer"},{"@type":"BreadcrumbList","@id":"https:\/\/www.honlufoodtrailer.com\/product\/5-7m-food-trailer-container-in-turquoise-color\/#breadcrumb","itemListElement":[{"@type":"ListItem","position":1,"name":"Home","item":"https:\/\/www.honlufoodtrailer.com\/"},{"@type":"ListItem","position":2,"name":"\u4ea7\u54c1","item":"https:\/\/www.honlufoodtrailer.com\/shop\/"},{"@type":"ListItem","position":3,"name":"5.7m Food Trailer Container Maldives"}]},{"@type":"WebSite","@id":"https:\/\/www.honlufoodtrailer.com\/#website","url":"https:\/\/www.honlufoodtrailer.com\/","name":"Reboque de comida Honlu","description":"","publisher":{"@id":"https:\/\/www.honlufoodtrailer.com\/#organization"},"potentialAction":[{"@type":"SearchAction","target":{"@type":"EntryPoint","urlTemplate":"https:\/\/www.honlufoodtrailer.com\/?s={search_term_string}"},"query-input":{"@type":"PropertyValueSpecification","valueRequired":true,"valueName":"search_term_string"}}],"inLanguage":"pt-PT"},{"@type":"Organization","@id":"https:\/\/www.honlufoodtrailer.com\/#organization","name":"Reboque de comida Honlu","url":"https:\/\/www.honlufoodtrailer.com\/","logo":{"@type":"ImageObject","inLanguage":"pt-PT","@id":"https:\/\/www.honlufoodtrailer.com\/#\/schema\/logo\/image\/","url":"https:\/\/www.honlufoodtrailer.com\/wp-content\/uploads\/2021\/12\/2.gif","contentUrl":"https:\/\/www.honlufoodtrailer.com\/wp-content\/uploads\/2021\/12\/2.gif","width":350,"height":100,"caption":"Honlu food trailer"},"image":{"@id":"https:\/\/www.honlufoodtrailer.com\/#\/schema\/logo\/image\/"}}]}},"_links":{"self":[{"href":"https:\/\/www.honlufoodtrailer.com\/pt\/wp-json\/wp\/v2\/product\/7991","targetHints":{"allow":["GET"]}}],"collection":[{"href":"https:\/\/www.honlufoodtrailer.com\/pt\/wp-json\/wp\/v2\/product"}],"about":[{"href":"https:\/\/www.honlufoodtrailer.com\/pt\/wp-json\/wp\/v2\/types\/product"}],"version-history":[{"count":6,"href":"https:\/\/www.honlufoodtrailer.com\/pt\/wp-json\/wp\/v2\/product\/7991\/revisions"}],"predecessor-version":[{"id":9512,"href":"https:\/\/www.honlufoodtrailer.com\/pt\/wp-json\/wp\/v2\/product\/7991\/revisions\/9512"}],"wp:featuredmedia":[{"embeddable":true,"href":"https:\/\/www.honlufoodtrailer.com\/pt\/wp-json\/wp\/v2\/media\/7994"}],"wp:attachment":[{"href":"https:\/\/www.honlufoodtrailer.com\/pt\/wp-json\/wp\/v2\/media?parent=7991"}],"wp:term":[{"taxonomy":"product_brand","embeddable":true,"href":"https:\/\/www.honlufoodtrailer.com\/pt\/wp-json\/wp\/v2\/product_brand?post=7991"},{"taxonomy":"product_cat","embeddable":true,"href":"https:\/\/www.honlufoodtrailer.com\/pt\/wp-json\/wp\/v2\/product_cat?post=7991"},{"taxonomy":"product_tag","embeddable":true,"href":"https:\/\/www.honlufoodtrailer.com\/pt\/wp-json\/wp\/v2\/product_tag?post=7991"}],"curies":[{"name":"wp","href":"https:\/\/api.w.org\/{rel}","templated":true}]}}