{"id":8169,"date":"2024-08-07T18:34:18","date_gmt":"2024-08-07T10:34:18","guid":{"rendered":"https:\/\/www.honlufoodtrailer.com\/?post_type=product&#038;p=8169"},"modified":"2025-02-14T14:20:03","modified_gmt":"2025-02-14T06:20:03","slug":"reboque-para-burrito-de-4m-padrao-alemao","status":"publish","type":"product","link":"https:\/\/www.honlufoodtrailer.com\/pt\/product\/4m-burrito-trailer-trailer-german-standard\/","title":{"rendered":"Reboque para Burrito de 4m, Padr\u00e3o Alem\u00e3o"},"content":{"rendered":"<p>Quer come\u00e7ar um neg\u00f3cio de food truck de burritos? Veja este food truck de 4 metros! \u00c9 um food truck de 4 metros que personalizamos para um cliente da Alemanha. Nosso cliente j\u00e1 possui equipamentos de cozinha para fazer burritos. Ent\u00e3o, n\u00f3s o ajudamos a projetar o exterior do food truck e instalamos alguns equipamentos b\u00e1sicos no interior. Agora, vamos ver algumas fotos deste food truck!<\/p>\n<p><img fetchpriority=\"high\" decoding=\"async\" class=\"aligncenter size-full wp-image-8175\" src=\"https:\/\/www.honlufoodtrailer.com\/wp-content\/uploads\/2024\/08\/4m-burrito-food-trailer.jpg\" alt=\"Reboque de comida burrito 4m\" width=\"720\" height=\"540\" srcset=\"https:\/\/www.honlufoodtrailer.com\/wp-content\/uploads\/2024\/08\/4m-burrito-food-trailer.jpg 720w, https:\/\/www.honlufoodtrailer.com\/wp-content\/uploads\/2024\/08\/4m-burrito-food-trailer-480x360.jpg 480w, https:\/\/www.honlufoodtrailer.com\/wp-content\/uploads\/2024\/08\/4m-burrito-food-trailer-300x225.jpg 300w\" sizes=\"(max-width: 720px) 100vw, 720px\" \/> <img decoding=\"async\" class=\"aligncenter size-full wp-image-8173\" src=\"https:\/\/www.honlufoodtrailer.com\/wp-content\/uploads\/2024\/08\/4m-burrito-trailer.jpg\" alt=\"Reboque de burrito de 4m\" width=\"720\" height=\"540\" srcset=\"https:\/\/www.honlufoodtrailer.com\/wp-content\/uploads\/2024\/08\/4m-burrito-trailer.jpg 720w, https:\/\/www.honlufoodtrailer.com\/wp-content\/uploads\/2024\/08\/4m-burrito-trailer-480x360.jpg 480w, https:\/\/www.honlufoodtrailer.com\/wp-content\/uploads\/2024\/08\/4m-burrito-trailer-300x225.jpg 300w\" sizes=\"(max-width: 720px) 100vw, 720px\" \/><\/p>\n<p>Como podemos ver nas imagens acima, este trailer de venda de burritos tem uma apar\u00eancia bonita e atraente. N\u00f3s o personalizamos para atender aos padr\u00f5es alem\u00e3es. Na frente do trailer, instalamos uma grande janela deslizante conforme solicitado pelo cliente. Na parte superior do trailer, personalizamos a placa de acordo com as necessidades do cliente. Na lateral direita do trailer, aplicamos belos adesivos decorativos. A seguir, vamos ver os detalhes internos deste trailer de venda de burritos de 4 metros.<\/p>\n<h3>Detalhe interno deste reboque de burrito de 4 metros<\/h3>\n<p>Conforme solicitado pelo cliente, equipamos este trailer de comida para burritos de 4 metros com uma mesa de trabalho, tr\u00eas pias, um exaustor, um refrigerador, etc. Com esses equipamentos e o equipamento de churrasco fornecido pelo cliente, ele poder\u00e1 oferecer diversos tipos de comida mexicana.<\/p>\n<p><img decoding=\"async\" class=\"aligncenter size-full wp-image-8179\" src=\"https:\/\/www.honlufoodtrailer.com\/wp-content\/uploads\/2024\/08\/4m-burrito-trailer-inner-view.jpg\" alt=\"vista interna do reboque de burritos de 4 metros\" width=\"720\" height=\"540\" srcset=\"https:\/\/www.honlufoodtrailer.com\/wp-content\/uploads\/2024\/08\/4m-burrito-trailer-inner-view.jpg 720w, https:\/\/www.honlufoodtrailer.com\/wp-content\/uploads\/2024\/08\/4m-burrito-trailer-inner-view-480x360.jpg 480w, https:\/\/www.honlufoodtrailer.com\/wp-content\/uploads\/2024\/08\/4m-burrito-trailer-inner-view-300x225.jpg 300w\" sizes=\"(max-width: 720px) 100vw, 720px\" \/> <img loading=\"lazy\" decoding=\"async\" class=\"aligncenter size-full wp-image-8177\" src=\"https:\/\/www.honlufoodtrailer.com\/wp-content\/uploads\/2024\/08\/4m-burrito-trailer-detail-view.jpg\" alt=\"vista detalhada do reboque de burrito de 4 metros\" width=\"800\" height=\"800\" srcset=\"https:\/\/www.honlufoodtrailer.com\/wp-content\/uploads\/2024\/08\/4m-burrito-trailer-detail-view.jpg 800w, https:\/\/www.honlufoodtrailer.com\/wp-content\/uploads\/2024\/08\/4m-burrito-trailer-detail-view-768x768.jpg 768w, https:\/\/www.honlufoodtrailer.com\/wp-content\/uploads\/2024\/08\/4m-burrito-trailer-detail-view-360x360.jpg 360w, https:\/\/www.honlufoodtrailer.com\/wp-content\/uploads\/2024\/08\/4m-burrito-trailer-detail-view-300x300.jpg 300w, https:\/\/www.honlufoodtrailer.com\/wp-content\/uploads\/2024\/08\/4m-burrito-trailer-detail-view-720x720.jpg 720w, https:\/\/www.honlufoodtrailer.com\/wp-content\/uploads\/2024\/08\/4m-burrito-trailer-detail-view-100x100.jpg 100w\" sizes=\"(max-width: 800px) 100vw, 800px\" \/><\/p>\n<h3>Mais detalhes sobre este trailer de comida para burritos de 4 metros.<\/h3>\n<p>Veja mais detalhes deste trailer de 4 metros para venda de burritos. Podemos personalizar um trailer de comida de acordo com as exig\u00eancias do seu pa\u00eds.<\/p>\n<p><img loading=\"lazy\" decoding=\"async\" class=\"aligncenter size-full wp-image-8170\" src=\"https:\/\/www.honlufoodtrailer.com\/wp-content\/uploads\/2024\/08\/4m-burrito-trailer-more-details.jpg\" alt=\"Reboque para burrito de 4m - mais detalhes\" width=\"800\" height=\"800\" srcset=\"https:\/\/www.honlufoodtrailer.com\/wp-content\/uploads\/2024\/08\/4m-burrito-trailer-more-details.jpg 800w, https:\/\/www.honlufoodtrailer.com\/wp-content\/uploads\/2024\/08\/4m-burrito-trailer-more-details-768x768.jpg 768w, https:\/\/www.honlufoodtrailer.com\/wp-content\/uploads\/2024\/08\/4m-burrito-trailer-more-details-360x360.jpg 360w, https:\/\/www.honlufoodtrailer.com\/wp-content\/uploads\/2024\/08\/4m-burrito-trailer-more-details-300x300.jpg 300w, https:\/\/www.honlufoodtrailer.com\/wp-content\/uploads\/2024\/08\/4m-burrito-trailer-more-details-720x720.jpg 720w, https:\/\/www.honlufoodtrailer.com\/wp-content\/uploads\/2024\/08\/4m-burrito-trailer-more-details-100x100.jpg 100w\" sizes=\"(max-width: 800px) 100vw, 800px\" \/><\/p>\n<h3>O que pode obter de n\u00f3s<\/h3>\n<p>Podemos fabricar um trailer de comida para burritos semelhante a este para venda, ou personalizar um especialmente para voc\u00ea. A cor da carroceria, os adesivos, a sinaliza\u00e7\u00e3o e os equipamentos de cozinha do trailer podem ser personalizados. Basta entrar em contato conosco e nos informar suas necessidades espec\u00edficas.<\/p>\n<p>A comida mexicana \u00e9 muito popular, e muitas pessoas gostam de comer pratos como burrito, taco, quesadilla, fajitas, chilaquiles, tostadas, etc. Se voc\u00ea quer come\u00e7ar um neg\u00f3cio de food truck de comida mexicana, este trailer de 4 metros ser\u00e1 uma \u00f3tima op\u00e7\u00e3o.<\/p>\n<h3><b class=\"magic-22\"><span class=\"magic-11\">\u00a0Principais caracter\u00edsticas dos nossos produtos personalizados <\/span><\/b>Trailer de comida mexicana<\/h3>\n<div class=\"magic-2\">\n<div class=\"magic-3\">\n<div class=\"magic-4\">1. \u00c9 feito de a\u00e7o inoxid\u00e1vel de alta qualidade, que \u00e9 resistente \u00e0 corros\u00e3o e dur\u00e1vel.<br \/>\n2. Possui caracter\u00edsticas como resist\u00eancia ao calor, alta solidez da cor, impermeabilidade e longa vida \u00fatil.<br \/>\n3. O exterior e o interior do food truck podem ser personalizados.<\/div>\n<\/div>\n<\/div>","protected":false},"excerpt":{"rendered":"<p>Este \u00e9 um trailer de comida mexicana personalizado de 4 metros. \u00c9 uma \u00f3tima op\u00e7\u00e3o para clientes que desejam iniciar um neg\u00f3cio de comida m\u00f3vel. Podemos fabricar um similar a este ou personalizar um para voc\u00ea. N\u00e3o hesite em nos contatar e nos informar suas necessidades espec\u00edficas!<\/p>","protected":false},"featured_media":8175,"template":"","meta":{"_themeisle_gutenberg_block_has_review":false},"product_brand":[],"product_cat":[26],"product_tag":[82,33,103,45,38,51],"class_list":{"0":"post-8169","1":"product","2":"type-product","3":"status-publish","4":"has-post-thumbnail","6":"product_cat-product","7":"product_tag-13ft-food-trailer","8":"product_tag-customized-trailer","9":"product_tag-food-trailer-german-standard","10":"product_tag-large-food-trailer","11":"product_tag-mobile-food-trailer","12":"product_tag-square-food-trailer","14":"first","15":"instock","16":"shipping-taxable","17":"product-type-simple"},"yoast_head":"<!-- This site is optimized with the Yoast SEO plugin v27.5 - https:\/\/yoast.com\/product\/yoast-seo-wordpress\/ -->\n<title>4m Burrito Food Trailer From China - Honlu Food Trailer<\/title>\n<meta name=\"description\" content=\"Want to start a burrito food trailer business? see this 4m Mexican food trailer at a competitive price now! Click to see its quality!\" \/>\n<meta name=\"robots\" content=\"index, follow, max-snippet:-1, max-image-preview:large, max-video-preview:-1\" \/>\n<link rel=\"canonical\" href=\"https:\/\/www.honlufoodtrailer.com\/pt\/product\/reboque-para-burrito-de-4m-padrao-alemao\/\" \/>\n<meta property=\"og:locale\" content=\"pt_PT\" \/>\n<meta property=\"og:type\" content=\"article\" \/>\n<meta property=\"og:title\" content=\"4m Burrito Food Trailer From China - Honlu Food Trailer\" \/>\n<meta property=\"og:description\" content=\"Want to start a burrito food trailer business? see this 4m Mexican food trailer at a competitive price now! Click to see its quality!\" \/>\n<meta property=\"og:url\" content=\"https:\/\/www.honlufoodtrailer.com\/pt\/product\/reboque-para-burrito-de-4m-padrao-alemao\/\" \/>\n<meta property=\"og:site_name\" content=\"Honlu food trailer\" \/>\n<meta property=\"article:modified_time\" content=\"2025-02-14T06:20:03+00:00\" \/>\n<meta property=\"og:image\" content=\"https:\/\/www.honlufoodtrailer.com\/wp-content\/uploads\/2024\/08\/4m-burrito-food-trailer.jpg\" \/>\n\t<meta property=\"og:image:width\" content=\"720\" \/>\n\t<meta property=\"og:image:height\" content=\"540\" \/>\n\t<meta property=\"og:image:type\" content=\"image\/jpeg\" \/>\n<meta name=\"twitter:card\" content=\"summary_large_image\" \/>\n<meta name=\"twitter:label1\" content=\"Tempo estimado de leitura\" \/>\n\t<meta name=\"twitter:data1\" content=\"1 minuto\" \/>\n<script type=\"application\/ld+json\" class=\"yoast-schema-graph\">{\"@context\":\"https:\\\/\\\/schema.org\",\"@graph\":[{\"@type\":\"WebPage\",\"@id\":\"https:\\\/\\\/www.honlufoodtrailer.com\\\/product\\\/4m-burrito-trailer-trailer-german-standard\\\/\",\"url\":\"https:\\\/\\\/www.honlufoodtrailer.com\\\/product\\\/4m-burrito-trailer-trailer-german-standard\\\/\",\"name\":\"4m Burrito Food Trailer From China - Honlu Food Trailer\",\"isPartOf\":{\"@id\":\"https:\\\/\\\/www.honlufoodtrailer.com\\\/#website\"},\"primaryImageOfPage\":{\"@id\":\"https:\\\/\\\/www.honlufoodtrailer.com\\\/product\\\/4m-burrito-trailer-trailer-german-standard\\\/#primaryimage\"},\"image\":{\"@id\":\"https:\\\/\\\/www.honlufoodtrailer.com\\\/product\\\/4m-burrito-trailer-trailer-german-standard\\\/#primaryimage\"},\"thumbnailUrl\":\"https:\\\/\\\/www.honlufoodtrailer.com\\\/wp-content\\\/uploads\\\/2024\\\/08\\\/4m-burrito-food-trailer.jpg\",\"datePublished\":\"2024-08-07T10:34:18+00:00\",\"dateModified\":\"2025-02-14T06:20:03+00:00\",\"description\":\"Want to start a burrito food trailer business? see this 4m Mexican food trailer at a competitive price now! Click to see its quality!\",\"breadcrumb\":{\"@id\":\"https:\\\/\\\/www.honlufoodtrailer.com\\\/product\\\/4m-burrito-trailer-trailer-german-standard\\\/#breadcrumb\"},\"inLanguage\":\"pt-PT\",\"potentialAction\":[{\"@type\":\"ReadAction\",\"target\":[\"https:\\\/\\\/www.honlufoodtrailer.com\\\/product\\\/4m-burrito-trailer-trailer-german-standard\\\/\"]}]},{\"@type\":\"ImageObject\",\"inLanguage\":\"pt-PT\",\"@id\":\"https:\\\/\\\/www.honlufoodtrailer.com\\\/product\\\/4m-burrito-trailer-trailer-german-standard\\\/#primaryimage\",\"url\":\"https:\\\/\\\/www.honlufoodtrailer.com\\\/wp-content\\\/uploads\\\/2024\\\/08\\\/4m-burrito-food-trailer.jpg\",\"contentUrl\":\"https:\\\/\\\/www.honlufoodtrailer.com\\\/wp-content\\\/uploads\\\/2024\\\/08\\\/4m-burrito-food-trailer.jpg\",\"width\":720,\"height\":540,\"caption\":\"4m burrito food trailer\"},{\"@type\":\"BreadcrumbList\",\"@id\":\"https:\\\/\\\/www.honlufoodtrailer.com\\\/product\\\/4m-burrito-trailer-trailer-german-standard\\\/#breadcrumb\",\"itemListElement\":[{\"@type\":\"ListItem\",\"position\":1,\"name\":\"Home\",\"item\":\"https:\\\/\\\/www.honlufoodtrailer.com\\\/\"},{\"@type\":\"ListItem\",\"position\":2,\"name\":\"\u4ea7\u54c1\",\"item\":\"https:\\\/\\\/www.honlufoodtrailer.com\\\/shop\\\/\"},{\"@type\":\"ListItem\",\"position\":3,\"name\":\"4m Burrito Trailer German Standard\"}]},{\"@type\":\"WebSite\",\"@id\":\"https:\\\/\\\/www.honlufoodtrailer.com\\\/#website\",\"url\":\"https:\\\/\\\/www.honlufoodtrailer.com\\\/\",\"name\":\"Honlu food trailer\",\"description\":\"\",\"publisher\":{\"@id\":\"https:\\\/\\\/www.honlufoodtrailer.com\\\/#organization\"},\"potentialAction\":[{\"@type\":\"SearchAction\",\"target\":{\"@type\":\"EntryPoint\",\"urlTemplate\":\"https:\\\/\\\/www.honlufoodtrailer.com\\\/?s={search_term_string}\"},\"query-input\":{\"@type\":\"PropertyValueSpecification\",\"valueRequired\":true,\"valueName\":\"search_term_string\"}}],\"inLanguage\":\"pt-PT\"},{\"@type\":\"Organization\",\"@id\":\"https:\\\/\\\/www.honlufoodtrailer.com\\\/#organization\",\"name\":\"Honlu food trailer\",\"url\":\"https:\\\/\\\/www.honlufoodtrailer.com\\\/\",\"logo\":{\"@type\":\"ImageObject\",\"inLanguage\":\"pt-PT\",\"@id\":\"https:\\\/\\\/www.honlufoodtrailer.com\\\/#\\\/schema\\\/logo\\\/image\\\/\",\"url\":\"https:\\\/\\\/www.honlufoodtrailer.com\\\/wp-content\\\/uploads\\\/2021\\\/12\\\/2.gif\",\"contentUrl\":\"https:\\\/\\\/www.honlufoodtrailer.com\\\/wp-content\\\/uploads\\\/2021\\\/12\\\/2.gif\",\"width\":350,\"height\":100,\"caption\":\"Honlu food trailer\"},\"image\":{\"@id\":\"https:\\\/\\\/www.honlufoodtrailer.com\\\/#\\\/schema\\\/logo\\\/image\\\/\"}}]}<\/script>\n<!-- \/ Yoast SEO plugin. -->","yoast_head_json":{"title":"Reboque de comida para burritos de 4 metros da China - Honlu Food Trailer","description":"Quer abrir um food truck de burritos? Veja este trailer de comida mexicana de 4 metros com um pre\u00e7o competitivo! Clique para ver a qualidade!","robots":{"index":"index","follow":"follow","max-snippet":"max-snippet:-1","max-image-preview":"max-image-preview:large","max-video-preview":"max-video-preview:-1"},"canonical":"https:\/\/www.honlufoodtrailer.com\/pt\/product\/reboque-para-burrito-de-4m-padrao-alemao\/","og_locale":"pt_PT","og_type":"article","og_title":"4m Burrito Food Trailer From China - Honlu Food Trailer","og_description":"Want to start a burrito food trailer business? see this 4m Mexican food trailer at a competitive price now! Click to see its quality!","og_url":"https:\/\/www.honlufoodtrailer.com\/pt\/product\/reboque-para-burrito-de-4m-padrao-alemao\/","og_site_name":"Honlu food trailer","article_modified_time":"2025-02-14T06:20:03+00:00","og_image":[{"width":720,"height":540,"url":"https:\/\/www.honlufoodtrailer.com\/wp-content\/uploads\/2024\/08\/4m-burrito-food-trailer.jpg","type":"image\/jpeg"}],"twitter_card":"summary_large_image","twitter_misc":{"Tempo estimado de leitura":"1 minuto"},"schema":{"@context":"https:\/\/schema.org","@graph":[{"@type":"WebPage","@id":"https:\/\/www.honlufoodtrailer.com\/product\/4m-burrito-trailer-trailer-german-standard\/","url":"https:\/\/www.honlufoodtrailer.com\/product\/4m-burrito-trailer-trailer-german-standard\/","name":"Reboque de comida para burritos de 4 metros da China - Honlu Food Trailer","isPartOf":{"@id":"https:\/\/www.honlufoodtrailer.com\/#website"},"primaryImageOfPage":{"@id":"https:\/\/www.honlufoodtrailer.com\/product\/4m-burrito-trailer-trailer-german-standard\/#primaryimage"},"image":{"@id":"https:\/\/www.honlufoodtrailer.com\/product\/4m-burrito-trailer-trailer-german-standard\/#primaryimage"},"thumbnailUrl":"https:\/\/www.honlufoodtrailer.com\/wp-content\/uploads\/2024\/08\/4m-burrito-food-trailer.jpg","datePublished":"2024-08-07T10:34:18+00:00","dateModified":"2025-02-14T06:20:03+00:00","description":"Quer abrir um food truck de burritos? Veja este trailer de comida mexicana de 4 metros com um pre\u00e7o competitivo! Clique para ver a qualidade!","breadcrumb":{"@id":"https:\/\/www.honlufoodtrailer.com\/product\/4m-burrito-trailer-trailer-german-standard\/#breadcrumb"},"inLanguage":"pt-PT","potentialAction":[{"@type":"ReadAction","target":["https:\/\/www.honlufoodtrailer.com\/product\/4m-burrito-trailer-trailer-german-standard\/"]}]},{"@type":"ImageObject","inLanguage":"pt-PT","@id":"https:\/\/www.honlufoodtrailer.com\/product\/4m-burrito-trailer-trailer-german-standard\/#primaryimage","url":"https:\/\/www.honlufoodtrailer.com\/wp-content\/uploads\/2024\/08\/4m-burrito-food-trailer.jpg","contentUrl":"https:\/\/www.honlufoodtrailer.com\/wp-content\/uploads\/2024\/08\/4m-burrito-food-trailer.jpg","width":720,"height":540,"caption":"4m burrito food trailer"},{"@type":"BreadcrumbList","@id":"https:\/\/www.honlufoodtrailer.com\/product\/4m-burrito-trailer-trailer-german-standard\/#breadcrumb","itemListElement":[{"@type":"ListItem","position":1,"name":"Home","item":"https:\/\/www.honlufoodtrailer.com\/"},{"@type":"ListItem","position":2,"name":"\u4ea7\u54c1","item":"https:\/\/www.honlufoodtrailer.com\/shop\/"},{"@type":"ListItem","position":3,"name":"4m Burrito Trailer German Standard"}]},{"@type":"WebSite","@id":"https:\/\/www.honlufoodtrailer.com\/#website","url":"https:\/\/www.honlufoodtrailer.com\/","name":"Reboque de comida Honlu","description":"","publisher":{"@id":"https:\/\/www.honlufoodtrailer.com\/#organization"},"potentialAction":[{"@type":"SearchAction","target":{"@type":"EntryPoint","urlTemplate":"https:\/\/www.honlufoodtrailer.com\/?s={search_term_string}"},"query-input":{"@type":"PropertyValueSpecification","valueRequired":true,"valueName":"search_term_string"}}],"inLanguage":"pt-PT"},{"@type":"Organization","@id":"https:\/\/www.honlufoodtrailer.com\/#organization","name":"Reboque de comida Honlu","url":"https:\/\/www.honlufoodtrailer.com\/","logo":{"@type":"ImageObject","inLanguage":"pt-PT","@id":"https:\/\/www.honlufoodtrailer.com\/#\/schema\/logo\/image\/","url":"https:\/\/www.honlufoodtrailer.com\/wp-content\/uploads\/2021\/12\/2.gif","contentUrl":"https:\/\/www.honlufoodtrailer.com\/wp-content\/uploads\/2021\/12\/2.gif","width":350,"height":100,"caption":"Honlu food trailer"},"image":{"@id":"https:\/\/www.honlufoodtrailer.com\/#\/schema\/logo\/image\/"}}]}},"_links":{"self":[{"href":"https:\/\/www.honlufoodtrailer.com\/pt\/wp-json\/wp\/v2\/product\/8169","targetHints":{"allow":["GET"]}}],"collection":[{"href":"https:\/\/www.honlufoodtrailer.com\/pt\/wp-json\/wp\/v2\/product"}],"about":[{"href":"https:\/\/www.honlufoodtrailer.com\/pt\/wp-json\/wp\/v2\/types\/product"}],"version-history":[{"count":0,"href":"https:\/\/www.honlufoodtrailer.com\/pt\/wp-json\/wp\/v2\/product\/8169\/revisions"}],"wp:featuredmedia":[{"embeddable":true,"href":"https:\/\/www.honlufoodtrailer.com\/pt\/wp-json\/wp\/v2\/media\/8175"}],"wp:attachment":[{"href":"https:\/\/www.honlufoodtrailer.com\/pt\/wp-json\/wp\/v2\/media?parent=8169"}],"wp:term":[{"taxonomy":"product_brand","embeddable":true,"href":"https:\/\/www.honlufoodtrailer.com\/pt\/wp-json\/wp\/v2\/product_brand?post=8169"},{"taxonomy":"product_cat","embeddable":true,"href":"https:\/\/www.honlufoodtrailer.com\/pt\/wp-json\/wp\/v2\/product_cat?post=8169"},{"taxonomy":"product_tag","embeddable":true,"href":"https:\/\/www.honlufoodtrailer.com\/pt\/wp-json\/wp\/v2\/product_tag?post=8169"}],"curies":[{"name":"wp","href":"https:\/\/api.w.org\/{rel}","templated":true}]}}