{"id":8268,"date":"2024-08-27T14:25:12","date_gmt":"2024-08-27T06:25:12","guid":{"rendered":"https:\/\/www.honlufoodtrailer.com\/?post_type=product&#038;p=8268"},"modified":"2025-02-14T14:10:20","modified_gmt":"2025-02-14T06:10:20","slug":"26ft-food-trailer-with-bathroom-and-toilet","status":"publish","type":"product","link":"https:\/\/www.honlufoodtrailer.com\/pt\/product\/26ft-food-trailer-with-bathroom-and-toilet\/","title":{"rendered":"26ft Food Trailer com casa de banho e sanita"},"content":{"rendered":"<p>Procura um food truck com banheiro? Veja aqui! Apresentamos um food truck de 7,9 metros com banheiro, lavabo e quarto. Este food truck n\u00e3o serve apenas para vender comida, mas tamb\u00e9m possui uma \u00e1rea de descanso. Quando estiver cansado do trabalho, quando n\u00e3o houver clientes ou \u00e0 noite, voc\u00ea pode ir para a \u00e1rea de descanso e relaxar na cama! Al\u00e9m disso, o food truck est\u00e1 equipado com um banheiro com chuveiro. No calor do ver\u00e3o ou quando estiver fazendo uma pausa, voc\u00ea pode tomar um banho para aliviar o cansa\u00e7o do trabalho. Personalizamos este food truck de acordo com as necessidades de um cliente da Alemanha. Agora, vamos ver algumas fotos deste food truck!<\/p>\n<p><img fetchpriority=\"high\" decoding=\"async\" class=\"aligncenter size-full wp-image-8277\" src=\"https:\/\/www.honlufoodtrailer.com\/wp-content\/uploads\/2024\/08\/26ft-food-trailer-with-toilet.jpg\" alt=\"Reboque alimentar de 26 p\u00e9s com casa de banho\" width=\"720\" height=\"540\" srcset=\"https:\/\/www.honlufoodtrailer.com\/wp-content\/uploads\/2024\/08\/26ft-food-trailer-with-toilet.jpg 720w, https:\/\/www.honlufoodtrailer.com\/wp-content\/uploads\/2024\/08\/26ft-food-trailer-with-toilet-480x360.jpg 480w, https:\/\/www.honlufoodtrailer.com\/wp-content\/uploads\/2024\/08\/26ft-food-trailer-with-toilet-300x225.jpg 300w\" sizes=\"(max-width: 720px) 100vw, 720px\" \/> <img decoding=\"async\" class=\"aligncenter size-full wp-image-8272\" src=\"https:\/\/www.honlufoodtrailer.com\/wp-content\/uploads\/2024\/08\/26ft-food-trailer-with-bathroom-back-view.jpg\" alt=\"Reboque de alimentos de 26 p\u00e9s com casa de banho vista traseira\" width=\"720\" height=\"540\" srcset=\"https:\/\/www.honlufoodtrailer.com\/wp-content\/uploads\/2024\/08\/26ft-food-trailer-with-bathroom-back-view.jpg 720w, https:\/\/www.honlufoodtrailer.com\/wp-content\/uploads\/2024\/08\/26ft-food-trailer-with-bathroom-back-view-480x360.jpg 480w, https:\/\/www.honlufoodtrailer.com\/wp-content\/uploads\/2024\/08\/26ft-food-trailer-with-bathroom-back-view-300x225.jpg 300w\" sizes=\"(max-width: 720px) 100vw, 720px\" \/><br \/>\nComo podemos ver nas imagens acima, este trailer de comida de 7,9 metros com banheiro \u00e9 na cl\u00e1ssica cor preta. Na parte frontal, projetamos duas janelas, uma grande e uma pequena, que facilitam o pedido e a retirada dos pedidos. Com 8 metros de comprimento, este trailer de comida possui um amplo espa\u00e7o interno, podendo atender um grande n\u00famero de pessoas. Na parte traseira, h\u00e1 duas portas para entrada e sa\u00edda da equipe. Al\u00e9m disso, instalamos lanternas traseiras e laterais de acordo com as necessidades do cliente. A seguir, vamos conhecer o uso e os detalhes internos deste trailer de comida de 7,9 metros com banheiro.<\/p>\n<h3>Utiliza\u00e7\u00e3o deste trailer de comida de 26 p\u00e9s com banheiro<\/h3>\n<p>Nosso cliente utiliza principalmente este food truck para vender comida r\u00e1pida, como hamb\u00fargueres, batatas fritas, cachorros-quentes, frango frito, bebidas, etc.<\/p>\n<h3>\u00c1rea da cozinha deste trailer de comida<\/h3>\n<p>Como podemos ver nas imagens abaixo, instalamos principalmente duas pias, duas bancadas compridas de a\u00e7o inoxid\u00e1vel com espa\u00e7o para armazenamento, v\u00e1rias torneiras, duas fritadeiras a g\u00e1s, uma chapa a g\u00e1s, um fog\u00e3o a g\u00e1s de 4 bocas com forno, uma coifa, um ar-condicionado e uma geladeira, etc.<\/p>\n<p><img decoding=\"async\" class=\"aligncenter size-full wp-image-8274\" src=\"https:\/\/www.honlufoodtrailer.com\/wp-content\/uploads\/2024\/08\/26ft-food-trailer-with-bathroom-inner-view.jpg\" alt=\"Reboque de alimentos de 26 p\u00e9s com casa de banho vista interior\" width=\"720\" height=\"540\" srcset=\"https:\/\/www.honlufoodtrailer.com\/wp-content\/uploads\/2024\/08\/26ft-food-trailer-with-bathroom-inner-view.jpg 720w, https:\/\/www.honlufoodtrailer.com\/wp-content\/uploads\/2024\/08\/26ft-food-trailer-with-bathroom-inner-view-480x360.jpg 480w, https:\/\/www.honlufoodtrailer.com\/wp-content\/uploads\/2024\/08\/26ft-food-trailer-with-bathroom-inner-view-300x225.jpg 300w\" sizes=\"(max-width: 720px) 100vw, 720px\" \/> <img loading=\"lazy\" decoding=\"async\" class=\"aligncenter size-full wp-image-8279\" src=\"https:\/\/www.honlufoodtrailer.com\/wp-content\/uploads\/2024\/08\/kitchen-equipment-of-food-trailer-with-bathroom.jpg\" alt=\"Equipamento de cozinha para trailer de comida com banheiro\" width=\"800\" height=\"800\" srcset=\"https:\/\/www.honlufoodtrailer.com\/wp-content\/uploads\/2024\/08\/kitchen-equipment-of-food-trailer-with-bathroom.jpg 800w, https:\/\/www.honlufoodtrailer.com\/wp-content\/uploads\/2024\/08\/kitchen-equipment-of-food-trailer-with-bathroom-768x768.jpg 768w, https:\/\/www.honlufoodtrailer.com\/wp-content\/uploads\/2024\/08\/kitchen-equipment-of-food-trailer-with-bathroom-360x360.jpg 360w, https:\/\/www.honlufoodtrailer.com\/wp-content\/uploads\/2024\/08\/kitchen-equipment-of-food-trailer-with-bathroom-300x300.jpg 300w, https:\/\/www.honlufoodtrailer.com\/wp-content\/uploads\/2024\/08\/kitchen-equipment-of-food-trailer-with-bathroom-720x720.jpg 720w, https:\/\/www.honlufoodtrailer.com\/wp-content\/uploads\/2024\/08\/kitchen-equipment-of-food-trailer-with-bathroom-100x100.jpg 100w\" sizes=\"(max-width: 800px) 100vw, 800px\" \/><\/p>\n<h3>\u00c1rea de descanso deste trailer de comida:<\/h3>\n<p>A seguir, apresentamos a \u00e1rea de descanso deste trailer de comida de 7,9 metros (26 p\u00e9s) com banheiro. Como podemos ver na imagem, h\u00e1 uma pia, um espelho com espa\u00e7o para guardar objetos, um vaso sanit\u00e1rio, uma cama, um chuveiro, um aquecedor de \u00e1gua e um espelho para se vestir. Voc\u00ea pode assistir ao v\u00eddeo detalhado nas abas a seguir.<br \/>\n<img loading=\"lazy\" decoding=\"async\" class=\"aligncenter size-full wp-image-8278\" src=\"https:\/\/www.honlufoodtrailer.com\/wp-content\/uploads\/2024\/08\/bathroom-and-bedroom-of-food-trailer-with-bathroom.jpg\" alt=\"banheiro e quarto do trailer de comida com banheiro\" width=\"800\" height=\"800\" srcset=\"https:\/\/www.honlufoodtrailer.com\/wp-content\/uploads\/2024\/08\/bathroom-and-bedroom-of-food-trailer-with-bathroom.jpg 800w, https:\/\/www.honlufoodtrailer.com\/wp-content\/uploads\/2024\/08\/bathroom-and-bedroom-of-food-trailer-with-bathroom-768x768.jpg 768w, https:\/\/www.honlufoodtrailer.com\/wp-content\/uploads\/2024\/08\/bathroom-and-bedroom-of-food-trailer-with-bathroom-360x360.jpg 360w, https:\/\/www.honlufoodtrailer.com\/wp-content\/uploads\/2024\/08\/bathroom-and-bedroom-of-food-trailer-with-bathroom-300x300.jpg 300w, https:\/\/www.honlufoodtrailer.com\/wp-content\/uploads\/2024\/08\/bathroom-and-bedroom-of-food-trailer-with-bathroom-720x720.jpg 720w, https:\/\/www.honlufoodtrailer.com\/wp-content\/uploads\/2024\/08\/bathroom-and-bedroom-of-food-trailer-with-bathroom-100x100.jpg 100w\" sizes=\"(max-width: 800px) 100vw, 800px\" \/><\/p>\n<h3 class=\"magic-6\" data-spm-anchor-id=\"a2700.wholesale.0.i28.29e52808agqc7f\">Detalhes principais<\/h3>\n<p>Veja mais detalhes deste food truck com banheiro. Todos os acess\u00f3rios atendem aos padr\u00f5es alem\u00e3es. Como fabricante e exportador profissional de food trucks com mais de 10 anos de experi\u00eancia, conhecemos as normas e exig\u00eancias de diversos pa\u00edses e podemos fornecer food trucks que atendam aos requisitos do seu pa\u00eds. Entre em contato conosco para personalizar o seu food truck!<\/p>\n<p><img loading=\"lazy\" decoding=\"async\" class=\"aligncenter size-full wp-image-8281\" src=\"https:\/\/www.honlufoodtrailer.com\/wp-content\/uploads\/2024\/08\/more-details-of-26ft-food-trailer-with-bathroom.jpg\" alt=\"Mais detalhes sobre o trailer de comida de 26 p\u00e9s com banheiro.\" width=\"800\" height=\"800\" srcset=\"https:\/\/www.honlufoodtrailer.com\/wp-content\/uploads\/2024\/08\/more-details-of-26ft-food-trailer-with-bathroom.jpg 800w, https:\/\/www.honlufoodtrailer.com\/wp-content\/uploads\/2024\/08\/more-details-of-26ft-food-trailer-with-bathroom-768x768.jpg 768w, https:\/\/www.honlufoodtrailer.com\/wp-content\/uploads\/2024\/08\/more-details-of-26ft-food-trailer-with-bathroom-360x360.jpg 360w, https:\/\/www.honlufoodtrailer.com\/wp-content\/uploads\/2024\/08\/more-details-of-26ft-food-trailer-with-bathroom-300x300.jpg 300w, https:\/\/www.honlufoodtrailer.com\/wp-content\/uploads\/2024\/08\/more-details-of-26ft-food-trailer-with-bathroom-720x720.jpg 720w, https:\/\/www.honlufoodtrailer.com\/wp-content\/uploads\/2024\/08\/more-details-of-26ft-food-trailer-with-bathroom-100x100.jpg 100w\" sizes=\"(max-width: 800px) 100vw, 800px\" \/><\/p>\n<h3 class=\"magic-6\" data-spm-anchor-id=\"a2700.wholesale.0.i28.29e52808agqc7f\">Principais caracter\u00edsticas do Food Trailer com Banheiro<\/h3>\n<div class=\"magic-7\">\n<div class=\"magic-8\">\n<div class=\"magic-9\" data-id=\"paragraph0\">\n<ol>\n<li>Atender aos padr\u00f5es alem\u00e3es;<\/li>\n<li>O interior espa\u00e7oso n\u00e3o serve apenas para vender comida, mas tamb\u00e9m para banho e descanso.<\/li>\n<li>Tr\u00eas eixos, mais robustos e dur\u00e1veis.<\/li>\n<\/ol>\n<h3>Desenho de planta baixa 2D\/3D gratuito<\/h3>\n<p>Depois de confirmarmos as dimens\u00f5es do atrelado de alimentos e o equipamento interno da cozinha, podemos fornecer-lhe desenhos 3D gratuitamente. Isto dar-lhe-\u00e1 uma ideia mais clara do seu design e do seu carrinho de alimentos. Ao confirmar a localiza\u00e7\u00e3o do equipamento de cozinha, podemos comunicar claramente consigo atrav\u00e9s da planta baixa. Tamb\u00e9m podemos fornecer-lhe documentos originais para facilitar o seu projeto e fazer ajustes.<\/p>\n<p>Veja outro <a href=\"https:\/\/www.honlufoodtrailer.com\/pt\/product\/customized-square-food-trailer-with-toilet\/\" target=\"_blank\" rel=\"noopener\">Reboque de comida de 5m com banheiro<\/a> Fabricamos para um cliente aqui: <a href=\"https:\/\/www.honlufoodtrailer.com\/pt\/product\/customized-square-food-trailer-with-toilet\/\" target=\"_blank\" rel=\"noopener\">https:\/\/www.honlufoodtrailer.com\/product\/customized-square-food-trailer-with-toilet\/<\/a>.<\/p>\n<p><a href=\"https:\/\/www.honlufoodtrailer.com\/pt\/product\/customized-square-food-trailer-with-toilet\/\"><img loading=\"lazy\" decoding=\"async\" class=\"aligncenter wp-image-4531\" src=\"https:\/\/www.honlufoodtrailer.com\/wp-content\/uploads\/2022\/04\/Toilet-at-back-door.jpg\" alt=\"Reboque de comida de 5m com banheiro\" width=\"772\" height=\"579\" srcset=\"https:\/\/www.honlufoodtrailer.com\/wp-content\/uploads\/2022\/04\/Toilet-at-back-door.jpg 1440w, https:\/\/www.honlufoodtrailer.com\/wp-content\/uploads\/2022\/04\/Toilet-at-back-door-768x576.jpg 768w, https:\/\/www.honlufoodtrailer.com\/wp-content\/uploads\/2022\/04\/Toilet-at-back-door-480x360.jpg 480w, https:\/\/www.honlufoodtrailer.com\/wp-content\/uploads\/2022\/04\/Toilet-at-back-door-300x225.jpg 300w, https:\/\/www.honlufoodtrailer.com\/wp-content\/uploads\/2022\/04\/Toilet-at-back-door-720x540.jpg 720w\" sizes=\"(max-width: 772px) 100vw, 772px\" \/><\/a><br \/>\nSe voc\u00ea estiver interessado em um trailer de comida semelhante, n\u00e3o hesite em nos contatar, enviando uma mensagem com suas necessidades detalhadas. Ou, se preferir, entre em contato conosco pelo WhatsApp para uma resposta mais r\u00e1pida!<\/p>\n<\/div>\n<\/div>\n<\/div>","protected":false},"excerpt":{"rendered":"<p>Este \u00e9 um trailer de comida personalizado de 7,9 metros (26 p\u00e9s) com banheiro, lavabo e quarto. Todo o ve\u00edculo \u00e9 feito de a\u00e7o inoxid\u00e1vel e chapa de a\u00e7o galvanizado. Ele pode ser usado n\u00e3o apenas para vender comida e bebidas r\u00e1pidas, mas tamb\u00e9m oferece espa\u00e7o para banho e descanso. <strong>Por favor, clique nas abas a seguir para ver mais detalhes sobre este food truck.<\/strong>. Podemos fabricar um trailer de comida semelhante a este, com banheiro, ou personalizar um para voc\u00ea. O tamanho, a cor da carroceria, os adesivos, a sinaliza\u00e7\u00e3o e os equipamentos internos do trailer podem ser personalizados. Al\u00e9m disso, todos os acess\u00f3rios atender\u00e3o \u00e0s necessidades dos clientes. N\u00e3o hesite em nos contatar e nos informar suas necessidades espec\u00edficas!<\/p>","protected":false},"featured_media":8277,"template":"","meta":{"_themeisle_gutenberg_block_has_review":false},"product_brand":[],"product_cat":[26],"product_tag":[33,101,45,38,51],"class_list":{"0":"post-8268","1":"product","2":"type-product","3":"status-publish","4":"has-post-thumbnail","6":"product_cat-product","7":"product_tag-customized-trailer","8":"product_tag-food-trailer-with-toilet","9":"product_tag-large-food-trailer","10":"product_tag-mobile-food-trailer","11":"product_tag-square-food-trailer","13":"first","14":"instock","15":"shipping-taxable","16":"product-type-simple"},"yoast_head":"<!-- This site is optimized with the Yoast SEO plugin v27.4 - https:\/\/yoast.com\/product\/yoast-seo-wordpress\/ -->\n<title>26ft Food Trailer with Bathroom and Toilet - Honlu Food Trailer<\/title>\n<meta name=\"description\" content=\"This is a customized 26ft food trailer with bathroom, toilet and bedroom. High quality, get its price here direct from China factory!\" \/>\n<meta name=\"robots\" content=\"index, follow, max-snippet:-1, max-image-preview:large, max-video-preview:-1\" \/>\n<link rel=\"canonical\" href=\"https:\/\/www.honlufoodtrailer.com\/pt\/product\/26ft-food-trailer-with-bathroom-and-toilet\/\" \/>\n<meta property=\"og:locale\" content=\"pt_PT\" \/>\n<meta property=\"og:type\" content=\"article\" \/>\n<meta property=\"og:title\" content=\"26ft Food Trailer with Bathroom and Toilet - Honlu Food Trailer\" \/>\n<meta property=\"og:description\" content=\"This is a customized 26ft food trailer with bathroom, toilet and bedroom. High quality, get its price here direct from China factory!\" \/>\n<meta property=\"og:url\" content=\"https:\/\/www.honlufoodtrailer.com\/pt\/product\/26ft-food-trailer-with-bathroom-and-toilet\/\" \/>\n<meta property=\"og:site_name\" content=\"Honlu food trailer\" \/>\n<meta property=\"article:modified_time\" content=\"2025-02-14T06:10:20+00:00\" \/>\n<meta property=\"og:image\" content=\"https:\/\/www.honlufoodtrailer.com\/wp-content\/uploads\/2024\/08\/26ft-food-trailer-with-toilet.jpg\" \/>\n\t<meta property=\"og:image:width\" content=\"720\" \/>\n\t<meta property=\"og:image:height\" content=\"540\" \/>\n\t<meta property=\"og:image:type\" content=\"image\/jpeg\" \/>\n<meta name=\"twitter:card\" content=\"summary_large_image\" \/>\n<meta name=\"twitter:label1\" content=\"Tempo estimado de leitura\" \/>\n\t<meta name=\"twitter:data1\" content=\"2 minutos\" \/>\n<script type=\"application\/ld+json\" class=\"yoast-schema-graph\">{\"@context\":\"https:\\\/\\\/schema.org\",\"@graph\":[{\"@type\":\"WebPage\",\"@id\":\"https:\\\/\\\/www.honlufoodtrailer.com\\\/product\\\/26ft-food-trailer-with-bathroom-and-toilet\\\/\",\"url\":\"https:\\\/\\\/www.honlufoodtrailer.com\\\/product\\\/26ft-food-trailer-with-bathroom-and-toilet\\\/\",\"name\":\"26ft Food Trailer with Bathroom and Toilet - Honlu Food Trailer\",\"isPartOf\":{\"@id\":\"https:\\\/\\\/www.honlufoodtrailer.com\\\/#website\"},\"primaryImageOfPage\":{\"@id\":\"https:\\\/\\\/www.honlufoodtrailer.com\\\/product\\\/26ft-food-trailer-with-bathroom-and-toilet\\\/#primaryimage\"},\"image\":{\"@id\":\"https:\\\/\\\/www.honlufoodtrailer.com\\\/product\\\/26ft-food-trailer-with-bathroom-and-toilet\\\/#primaryimage\"},\"thumbnailUrl\":\"https:\\\/\\\/www.honlufoodtrailer.com\\\/wp-content\\\/uploads\\\/2024\\\/08\\\/26ft-food-trailer-with-toilet.jpg\",\"datePublished\":\"2024-08-27T06:25:12+00:00\",\"dateModified\":\"2025-02-14T06:10:20+00:00\",\"description\":\"This is a customized 26ft food trailer with bathroom, toilet and bedroom. High quality, get its price here direct from China factory!\",\"breadcrumb\":{\"@id\":\"https:\\\/\\\/www.honlufoodtrailer.com\\\/product\\\/26ft-food-trailer-with-bathroom-and-toilet\\\/#breadcrumb\"},\"inLanguage\":\"pt-PT\",\"potentialAction\":[{\"@type\":\"ReadAction\",\"target\":[\"https:\\\/\\\/www.honlufoodtrailer.com\\\/product\\\/26ft-food-trailer-with-bathroom-and-toilet\\\/\"]}]},{\"@type\":\"ImageObject\",\"inLanguage\":\"pt-PT\",\"@id\":\"https:\\\/\\\/www.honlufoodtrailer.com\\\/product\\\/26ft-food-trailer-with-bathroom-and-toilet\\\/#primaryimage\",\"url\":\"https:\\\/\\\/www.honlufoodtrailer.com\\\/wp-content\\\/uploads\\\/2024\\\/08\\\/26ft-food-trailer-with-toilet.jpg\",\"contentUrl\":\"https:\\\/\\\/www.honlufoodtrailer.com\\\/wp-content\\\/uploads\\\/2024\\\/08\\\/26ft-food-trailer-with-toilet.jpg\",\"width\":720,\"height\":540,\"caption\":\"26ft food trailer with toilet\"},{\"@type\":\"BreadcrumbList\",\"@id\":\"https:\\\/\\\/www.honlufoodtrailer.com\\\/product\\\/26ft-food-trailer-with-bathroom-and-toilet\\\/#breadcrumb\",\"itemListElement\":[{\"@type\":\"ListItem\",\"position\":1,\"name\":\"Home\",\"item\":\"https:\\\/\\\/www.honlufoodtrailer.com\\\/\"},{\"@type\":\"ListItem\",\"position\":2,\"name\":\"\u4ea7\u54c1\",\"item\":\"https:\\\/\\\/www.honlufoodtrailer.com\\\/shop\\\/\"},{\"@type\":\"ListItem\",\"position\":3,\"name\":\"26ft Food Trailer with Bathroom and Toilet\"}]},{\"@type\":\"WebSite\",\"@id\":\"https:\\\/\\\/www.honlufoodtrailer.com\\\/#website\",\"url\":\"https:\\\/\\\/www.honlufoodtrailer.com\\\/\",\"name\":\"Honlu food trailer\",\"description\":\"\",\"publisher\":{\"@id\":\"https:\\\/\\\/www.honlufoodtrailer.com\\\/#organization\"},\"potentialAction\":[{\"@type\":\"SearchAction\",\"target\":{\"@type\":\"EntryPoint\",\"urlTemplate\":\"https:\\\/\\\/www.honlufoodtrailer.com\\\/?s={search_term_string}\"},\"query-input\":{\"@type\":\"PropertyValueSpecification\",\"valueRequired\":true,\"valueName\":\"search_term_string\"}}],\"inLanguage\":\"pt-PT\"},{\"@type\":\"Organization\",\"@id\":\"https:\\\/\\\/www.honlufoodtrailer.com\\\/#organization\",\"name\":\"Honlu food trailer\",\"url\":\"https:\\\/\\\/www.honlufoodtrailer.com\\\/\",\"logo\":{\"@type\":\"ImageObject\",\"inLanguage\":\"pt-PT\",\"@id\":\"https:\\\/\\\/www.honlufoodtrailer.com\\\/#\\\/schema\\\/logo\\\/image\\\/\",\"url\":\"https:\\\/\\\/www.honlufoodtrailer.com\\\/wp-content\\\/uploads\\\/2021\\\/12\\\/2.gif\",\"contentUrl\":\"https:\\\/\\\/www.honlufoodtrailer.com\\\/wp-content\\\/uploads\\\/2021\\\/12\\\/2.gif\",\"width\":350,\"height\":100,\"caption\":\"Honlu food trailer\"},\"image\":{\"@id\":\"https:\\\/\\\/www.honlufoodtrailer.com\\\/#\\\/schema\\\/logo\\\/image\\\/\"}}]}<\/script>\n<!-- \/ Yoast SEO plugin. -->","yoast_head_json":{"title":"Reboque de comida de 26 p\u00e9s com banheiro e lavabo - Honlu Food Trailer","description":"Este \u00e9 um trailer de comida personalizado de 7,9 metros (26 p\u00e9s) com banheiro, lavabo e quarto. Alta qualidade, confira o pre\u00e7o aqui direto da f\u00e1brica na China!","robots":{"index":"index","follow":"follow","max-snippet":"max-snippet:-1","max-image-preview":"max-image-preview:large","max-video-preview":"max-video-preview:-1"},"canonical":"https:\/\/www.honlufoodtrailer.com\/pt\/product\/26ft-food-trailer-with-bathroom-and-toilet\/","og_locale":"pt_PT","og_type":"article","og_title":"26ft Food Trailer with Bathroom and Toilet - Honlu Food Trailer","og_description":"This is a customized 26ft food trailer with bathroom, toilet and bedroom. High quality, get its price here direct from China factory!","og_url":"https:\/\/www.honlufoodtrailer.com\/pt\/product\/26ft-food-trailer-with-bathroom-and-toilet\/","og_site_name":"Honlu food trailer","article_modified_time":"2025-02-14T06:10:20+00:00","og_image":[{"width":720,"height":540,"url":"https:\/\/www.honlufoodtrailer.com\/wp-content\/uploads\/2024\/08\/26ft-food-trailer-with-toilet.jpg","type":"image\/jpeg"}],"twitter_card":"summary_large_image","twitter_misc":{"Tempo estimado de leitura":"2 minutos"},"schema":{"@context":"https:\/\/schema.org","@graph":[{"@type":"WebPage","@id":"https:\/\/www.honlufoodtrailer.com\/product\/26ft-food-trailer-with-bathroom-and-toilet\/","url":"https:\/\/www.honlufoodtrailer.com\/product\/26ft-food-trailer-with-bathroom-and-toilet\/","name":"Reboque de comida de 26 p\u00e9s com banheiro e lavabo - Honlu Food Trailer","isPartOf":{"@id":"https:\/\/www.honlufoodtrailer.com\/#website"},"primaryImageOfPage":{"@id":"https:\/\/www.honlufoodtrailer.com\/product\/26ft-food-trailer-with-bathroom-and-toilet\/#primaryimage"},"image":{"@id":"https:\/\/www.honlufoodtrailer.com\/product\/26ft-food-trailer-with-bathroom-and-toilet\/#primaryimage"},"thumbnailUrl":"https:\/\/www.honlufoodtrailer.com\/wp-content\/uploads\/2024\/08\/26ft-food-trailer-with-toilet.jpg","datePublished":"2024-08-27T06:25:12+00:00","dateModified":"2025-02-14T06:10:20+00:00","description":"Este \u00e9 um trailer de comida personalizado de 7,9 metros (26 p\u00e9s) com banheiro, lavabo e quarto. Alta qualidade, confira o pre\u00e7o aqui direto da f\u00e1brica na China!","breadcrumb":{"@id":"https:\/\/www.honlufoodtrailer.com\/product\/26ft-food-trailer-with-bathroom-and-toilet\/#breadcrumb"},"inLanguage":"pt-PT","potentialAction":[{"@type":"ReadAction","target":["https:\/\/www.honlufoodtrailer.com\/product\/26ft-food-trailer-with-bathroom-and-toilet\/"]}]},{"@type":"ImageObject","inLanguage":"pt-PT","@id":"https:\/\/www.honlufoodtrailer.com\/product\/26ft-food-trailer-with-bathroom-and-toilet\/#primaryimage","url":"https:\/\/www.honlufoodtrailer.com\/wp-content\/uploads\/2024\/08\/26ft-food-trailer-with-toilet.jpg","contentUrl":"https:\/\/www.honlufoodtrailer.com\/wp-content\/uploads\/2024\/08\/26ft-food-trailer-with-toilet.jpg","width":720,"height":540,"caption":"26ft food trailer with toilet"},{"@type":"BreadcrumbList","@id":"https:\/\/www.honlufoodtrailer.com\/product\/26ft-food-trailer-with-bathroom-and-toilet\/#breadcrumb","itemListElement":[{"@type":"ListItem","position":1,"name":"Home","item":"https:\/\/www.honlufoodtrailer.com\/"},{"@type":"ListItem","position":2,"name":"\u4ea7\u54c1","item":"https:\/\/www.honlufoodtrailer.com\/shop\/"},{"@type":"ListItem","position":3,"name":"26ft Food Trailer with Bathroom and Toilet"}]},{"@type":"WebSite","@id":"https:\/\/www.honlufoodtrailer.com\/#website","url":"https:\/\/www.honlufoodtrailer.com\/","name":"Reboque de comida Honlu","description":"","publisher":{"@id":"https:\/\/www.honlufoodtrailer.com\/#organization"},"potentialAction":[{"@type":"SearchAction","target":{"@type":"EntryPoint","urlTemplate":"https:\/\/www.honlufoodtrailer.com\/?s={search_term_string}"},"query-input":{"@type":"PropertyValueSpecification","valueRequired":true,"valueName":"search_term_string"}}],"inLanguage":"pt-PT"},{"@type":"Organization","@id":"https:\/\/www.honlufoodtrailer.com\/#organization","name":"Reboque de comida Honlu","url":"https:\/\/www.honlufoodtrailer.com\/","logo":{"@type":"ImageObject","inLanguage":"pt-PT","@id":"https:\/\/www.honlufoodtrailer.com\/#\/schema\/logo\/image\/","url":"https:\/\/www.honlufoodtrailer.com\/wp-content\/uploads\/2021\/12\/2.gif","contentUrl":"https:\/\/www.honlufoodtrailer.com\/wp-content\/uploads\/2021\/12\/2.gif","width":350,"height":100,"caption":"Honlu food trailer"},"image":{"@id":"https:\/\/www.honlufoodtrailer.com\/#\/schema\/logo\/image\/"}}]}},"_links":{"self":[{"href":"https:\/\/www.honlufoodtrailer.com\/pt\/wp-json\/wp\/v2\/product\/8268","targetHints":{"allow":["GET"]}}],"collection":[{"href":"https:\/\/www.honlufoodtrailer.com\/pt\/wp-json\/wp\/v2\/product"}],"about":[{"href":"https:\/\/www.honlufoodtrailer.com\/pt\/wp-json\/wp\/v2\/types\/product"}],"version-history":[{"count":5,"href":"https:\/\/www.honlufoodtrailer.com\/pt\/wp-json\/wp\/v2\/product\/8268\/revisions"}],"predecessor-version":[{"id":9568,"href":"https:\/\/www.honlufoodtrailer.com\/pt\/wp-json\/wp\/v2\/product\/8268\/revisions\/9568"}],"wp:featuredmedia":[{"embeddable":true,"href":"https:\/\/www.honlufoodtrailer.com\/pt\/wp-json\/wp\/v2\/media\/8277"}],"wp:attachment":[{"href":"https:\/\/www.honlufoodtrailer.com\/pt\/wp-json\/wp\/v2\/media?parent=8268"}],"wp:term":[{"taxonomy":"product_brand","embeddable":true,"href":"https:\/\/www.honlufoodtrailer.com\/pt\/wp-json\/wp\/v2\/product_brand?post=8268"},{"taxonomy":"product_cat","embeddable":true,"href":"https:\/\/www.honlufoodtrailer.com\/pt\/wp-json\/wp\/v2\/product_cat?post=8268"},{"taxonomy":"product_tag","embeddable":true,"href":"https:\/\/www.honlufoodtrailer.com\/pt\/wp-json\/wp\/v2\/product_tag?post=8268"}],"curies":[{"name":"wp","href":"https:\/\/api.w.org\/{rel}","templated":true}]}}