{"id":8306,"date":"2024-09-04T18:36:18","date_gmt":"2024-09-04T10:36:18","guid":{"rendered":"https:\/\/www.honlufoodtrailer.com\/?post_type=product&#038;p=8306"},"modified":"2025-06-12T18:37:27","modified_gmt":"2025-06-12T10:37:27","slug":"18ft-pickle-food-truck-for-sale-usa","status":"publish","type":"product","link":"https:\/\/www.honlufoodtrailer.com\/pt\/product\/18ft-pickle-food-truck-for-sale-usa\/","title":{"rendered":"Food Truck de Picles de 5,7 m (18 p\u00e9s) \u00e0 Venda nos EUA"},"content":{"rendered":"<p>Voc\u00ea est\u00e1 procurando um food truck de picles? A Honlu acaba de entregar um personalizado. <a href=\"https:\/\/www.honlufoodtrailer.com\/pt\/product\/18ft-pickle-food-truck\/\"><strong>reboque de comida em conserva de 18,7 p\u00e9s<\/strong><\/a> Para um cliente americano, com exterior branco impec\u00e1vel e envelopamento completo com adesivos. Uma janela frontal deslizante agiliza a manuten\u00e7\u00e3o. Cada detalhe \u00e9 pensado para unir estilo e funcionalidade.<\/p>\n<p><strong>Agora, vamos ver esse food truck de picles em detalhes!<\/strong><\/p>\n<figure id=\"attachment_8313\" aria-describedby=\"caption-attachment-8313\" style=\"width: 720px\" class=\"wp-caption aligncenter\"><img fetchpriority=\"high\" decoding=\"async\" class=\"wp-image-8313 size-full\" title=\"Frente de food truck de picles de 18,7 p\u00e9s\" src=\"https:\/\/www.honlufoodtrailer.com\/wp-content\/uploads\/2024\/09\/18.7ft-Pickles-And-Burger-Trailer.jpg\" alt=\"Frente de food truck de picles de 18,7 p\u00e9s\" width=\"720\" height=\"540\" srcset=\"https:\/\/www.honlufoodtrailer.com\/wp-content\/uploads\/2024\/09\/18.7ft-Pickles-And-Burger-Trailer.jpg 720w, https:\/\/www.honlufoodtrailer.com\/wp-content\/uploads\/2024\/09\/18.7ft-Pickles-And-Burger-Trailer-480x360.jpg 480w, https:\/\/www.honlufoodtrailer.com\/wp-content\/uploads\/2024\/09\/18.7ft-Pickles-And-Burger-Trailer-300x225.jpg 300w\" sizes=\"(max-width: 720px) 100vw, 720px\" \/><figcaption id=\"caption-attachment-8313\" class=\"wp-caption-text\">Food truck de picles de 5,7 metros<\/figcaption><\/figure>\n<figure id=\"attachment_8312\" aria-describedby=\"caption-attachment-8312\" style=\"width: 720px\" class=\"wp-caption aligncenter\"><img decoding=\"async\" class=\"wp-image-8312 size-full\" title=\"vista lateral do food truck de picles de 18,7 p\u00e9s\" src=\"https:\/\/www.honlufoodtrailer.com\/wp-content\/uploads\/2024\/09\/18.7ft-Pickles-And-Burger-Trailer-view.jpg\" alt=\"vista lateral do food truck de picles de 18,7 p\u00e9s\" width=\"720\" height=\"540\" srcset=\"https:\/\/www.honlufoodtrailer.com\/wp-content\/uploads\/2024\/09\/18.7ft-Pickles-And-Burger-Trailer-view.jpg 720w, https:\/\/www.honlufoodtrailer.com\/wp-content\/uploads\/2024\/09\/18.7ft-Pickles-And-Burger-Trailer-view-480x360.jpg 480w, https:\/\/www.honlufoodtrailer.com\/wp-content\/uploads\/2024\/09\/18.7ft-Pickles-And-Burger-Trailer-view-300x225.jpg 300w\" sizes=\"(max-width: 720px) 100vw, 720px\" \/><figcaption id=\"caption-attachment-8312\" class=\"wp-caption-text\">Food truck de picles de 18,7 p\u00e9s<\/figcaption><\/figure>\n<h3>Interior do food truck de picles de 5,5 metros (18 p\u00e9s) para o mercado americano:<\/h3>\n<p data-start=\"77\" data-end=\"238\">Seu trailer de comida de 18 p\u00e9s (aproximadamente 5,7 m) vem totalmente equipado com eletrodom\u00e9sticos essenciais de cozinha, incluindo:<\/p>\n<ul data-start=\"239\" data-end=\"520\">\n<li data-start=\"239\" data-end=\"282\">\n<p data-start=\"241\" data-end=\"282\">Caixa de controle de refrigera\u00e7\u00e3o por microcomputador<\/p>\n<\/li>\n<li data-start=\"283\" data-end=\"312\">\n<p data-start=\"285\" data-end=\"312\">bancada de trabalho em a\u00e7o inoxid\u00e1vel<\/p>\n<\/li>\n<li data-start=\"313\" data-end=\"337\">\n<p data-start=\"315\" data-end=\"337\">Fog\u00e3o a g\u00e1s de duas bocas<\/p>\n<\/li>\n<li data-start=\"338\" data-end=\"357\">\n<p data-start=\"340\" data-end=\"357\">chapa a g\u00e1s de 36 polegadas<\/p>\n<\/li>\n<li data-start=\"358\" data-end=\"383\">\n<p data-start=\"360\" data-end=\"383\">fritadeira comercial<\/p>\n<\/li>\n<li data-start=\"384\" data-end=\"409\">\n<p data-start=\"386\" data-end=\"409\">Coifa de alta resist\u00eancia<\/p>\n<\/li>\n<li data-start=\"410\" data-end=\"462\">\n<p data-start=\"412\" data-end=\"462\">Pia de 3 compartimentos com 1 pia para lavar as m\u00e3os (3+1)<\/p>\n<\/li>\n<li data-start=\"463\" data-end=\"491\">\n<p data-start=\"465\" data-end=\"491\">Ar condicionado embutido<\/p>\n<\/li>\n<li data-start=\"492\" data-end=\"520\">\n<p data-start=\"494\" data-end=\"520\">Arm\u00e1rio de armazenamento suspenso<\/p>\n<\/li>\n<\/ul>\n<p data-start=\"522\" data-end=\"648\" data-is-last-node=\"\" data-is-only-node=\"\">Tudo foi projetado para atender aos padr\u00f5es dos EUA para opera\u00e7\u00f5es de alimenta\u00e7\u00e3o m\u00f3vel, garantindo um in\u00edcio tranquilo para o seu neg\u00f3cio de food truck.<\/p>\n<p><img decoding=\"async\" class=\"aligncenter wp-image-8308 size-full\" title=\"A estrutura interna do food truck de picles\" src=\"https:\/\/www.honlufoodtrailer.com\/wp-content\/uploads\/2024\/09\/5.7m-Pickles-And-Burger-Trailer-inner-view.jpg\" alt=\"Vista interna do trailer de 5,7 m da Pickles And Burger\" width=\"720\" height=\"540\" srcset=\"https:\/\/www.honlufoodtrailer.com\/wp-content\/uploads\/2024\/09\/5.7m-Pickles-And-Burger-Trailer-inner-view.jpg 720w, https:\/\/www.honlufoodtrailer.com\/wp-content\/uploads\/2024\/09\/5.7m-Pickles-And-Burger-Trailer-inner-view-480x360.jpg 480w, https:\/\/www.honlufoodtrailer.com\/wp-content\/uploads\/2024\/09\/5.7m-Pickles-And-Burger-Trailer-inner-view-300x225.jpg 300w\" sizes=\"(max-width: 720px) 100vw, 720px\" \/><img loading=\"lazy\" decoding=\"async\" class=\"aligncenter wp-image-8317 size-full\" title=\"Detalhes internos do food truck de picles de 18 p\u00e9s\" src=\"https:\/\/www.honlufoodtrailer.com\/wp-content\/uploads\/2024\/09\/inner-details-of-18ft-pickle-food-truck.jpg\" alt=\"Detalhes internos do food truck de picles de 18 p\u00e9s\" width=\"800\" height=\"800\" srcset=\"https:\/\/www.honlufoodtrailer.com\/wp-content\/uploads\/2024\/09\/inner-details-of-18ft-pickle-food-truck.jpg 800w, https:\/\/www.honlufoodtrailer.com\/wp-content\/uploads\/2024\/09\/inner-details-of-18ft-pickle-food-truck-768x768.jpg 768w, https:\/\/www.honlufoodtrailer.com\/wp-content\/uploads\/2024\/09\/inner-details-of-18ft-pickle-food-truck-360x360.jpg 360w, https:\/\/www.honlufoodtrailer.com\/wp-content\/uploads\/2024\/09\/inner-details-of-18ft-pickle-food-truck-300x300.jpg 300w, https:\/\/www.honlufoodtrailer.com\/wp-content\/uploads\/2024\/09\/inner-details-of-18ft-pickle-food-truck-720x720.jpg 720w, https:\/\/www.honlufoodtrailer.com\/wp-content\/uploads\/2024\/09\/inner-details-of-18ft-pickle-food-truck-100x100.jpg 100w\" sizes=\"(max-width: 800px) 100vw, 800px\" \/><\/p>\n<h3>O food truck de picles de 5,5 metros (18 p\u00e9s) \u00e9 externo:<\/h3>\n<p data-start=\"153\" data-end=\"285\">Al\u00e9m dos utens\u00edlios de cozinha, isto <strong data-start=\"196\" data-end=\"222\">Food Truck de Picles de 5,5 metros<\/strong> Inclui caracter\u00edsticas essenciais do exterior e da estrutura, tais como:<\/p>\n<ul data-start=\"286\" data-end=\"438\">\n<li data-start=\"286\" data-end=\"314\">\n<p data-start=\"288\" data-end=\"314\">Caixa de armazenamento de cilindro de g\u00e1s<\/p>\n<\/li>\n<li data-start=\"315\" data-end=\"353\">\n<p data-start=\"317\" data-end=\"353\">Sistema de fia\u00e7\u00e3o e cabos da lanterna traseira<\/p>\n<\/li>\n<li data-start=\"354\" data-end=\"374\">\n<p data-start=\"356\" data-end=\"374\">Eixos refor\u00e7ados<\/p>\n<\/li>\n<li data-start=\"375\" data-end=\"402\">\n<p data-start=\"377\" data-end=\"402\">Janelas de servi\u00e7o deslizantes<\/p>\n<\/li>\n<li data-start=\"403\" data-end=\"438\">\n<p data-start=\"405\" data-end=\"438\">Portas de conex\u00e3o de energia externa<\/p>\n<\/li>\n<\/ul>\n<p data-start=\"440\" data-end=\"862\" data-is-last-node=\"\" data-is-only-node=\"\">Conforme solicitado pelo cliente, a Honlu personalizou este trailer de comida para que estivesse em total conformidade com os padr\u00f5es americanos para trailers de comida.<\/p>\n<p><img loading=\"lazy\" decoding=\"async\" class=\"aligncenter wp-image-8318 size-full\" title=\"Imagem detalhada do food truck de picles de 18 p\u00e9s\" src=\"https:\/\/www.honlufoodtrailer.com\/wp-content\/uploads\/2024\/09\/more-details-of-18ft-pickle-food-truck.jpg\" alt=\"Mais detalhes sobre o food truck de picles de 18 p\u00e9s\" width=\"800\" height=\"800\" srcset=\"https:\/\/www.honlufoodtrailer.com\/wp-content\/uploads\/2024\/09\/more-details-of-18ft-pickle-food-truck.jpg 800w, https:\/\/www.honlufoodtrailer.com\/wp-content\/uploads\/2024\/09\/more-details-of-18ft-pickle-food-truck-768x768.jpg 768w, https:\/\/www.honlufoodtrailer.com\/wp-content\/uploads\/2024\/09\/more-details-of-18ft-pickle-food-truck-360x360.jpg 360w, https:\/\/www.honlufoodtrailer.com\/wp-content\/uploads\/2024\/09\/more-details-of-18ft-pickle-food-truck-300x300.jpg 300w, https:\/\/www.honlufoodtrailer.com\/wp-content\/uploads\/2024\/09\/more-details-of-18ft-pickle-food-truck-720x720.jpg 720w, https:\/\/www.honlufoodtrailer.com\/wp-content\/uploads\/2024\/09\/more-details-of-18ft-pickle-food-truck-100x100.jpg 100w\" sizes=\"(max-width: 800px) 100vw, 800px\" \/><\/p>\n<h3>Principais caracter\u00edsticas deste food truck de tacos:<\/h3>\n<ol>\n<li>7 metros de comprimento, interior espa\u00e7oso;<\/li>\n<li>F\u00e1cil de deslocar para qualquer local (a sua atividade n\u00e3o est\u00e1 limitada);<\/li>\n<li>Apar\u00eancia atraente (invis\u00edvel para atrair mais clientes);<\/li>\n<li>Longa vida \u00fatil (resistente \u00e0 corros\u00e3o, resistente ao calor, \u00e0 prova d&#039;\u00e1gua, sem deforma\u00e7\u00e3o).<\/li>\n<li>H\u00e1 um refrigerador para manter os alimentos frescos.<\/li>\n<\/ol>\n<h3>Desenho gratuito de planta baixa em 2D\/3D e suporte p\u00f3s-venda.<\/h3>\n<p>Antes do in\u00edcio da produ\u00e7\u00e3o, fornecemos um desenho de layout 2D\/3D gratuito baseado nas dimens\u00f5es do seu trailer e nas suas necessidades de equipamentos de cozinha. Este layout visual ajudar\u00e1 voc\u00ea a ter uma compreens\u00e3o clara do design do seu food truck de picles de 5,5 metros e a confirmar facilmente a localiza\u00e7\u00e3o de cada equipamento. Tamb\u00e9m fornecemos arquivos de origem edit\u00e1veis para que voc\u00ea possa fazer ajustes.<\/p>\n<p>Al\u00e9m disso, oferecemos suporte p\u00f3s-venda completo, incluindo orienta\u00e7\u00e3o t\u00e9cnica, fornecimento de pe\u00e7as de reposi\u00e7\u00e3o e assist\u00eancia na utiliza\u00e7\u00e3o do equipamento. Mesmo ap\u00f3s a entrega, nossa equipe experiente est\u00e1 sempre \u00e0 disposi\u00e7\u00e3o para ajudar a garantir que seu food truck funcione perfeitamente desde o primeiro dia.<\/p>\n<h3>Pronto para come\u00e7ar seu neg\u00f3cio de food truck de picles?<\/h3>\n<p>Se voc\u00ea est\u00e1 entrando no mercado americano de comida de rua, este food truck de picles de 5,5 metros de comprimento \u00e9 uma escolha inteligente, seja voc\u00ea um empreendedor iniciante ou um vendedor de comida experiente. Seja servindo um picles de endro cl\u00e1ssico ou algo criativo como um picles defumado, este food truck m\u00f3vel ajudar\u00e1 sua marca a se destacar e atrair clientes rapidamente.<\/p>\n<p>Com mais de 10 anos de experi\u00eancia global na fabrica\u00e7\u00e3o e exporta\u00e7\u00e3o de food trucks, compreendemos plenamente as regulamenta\u00e7\u00f5es de diferentes pa\u00edses. Seja nos Estados Unidos ou em qualquer outro pa\u00eds, podemos personalizar um food truck para atender \u00e0s necessidades do seu neg\u00f3cio.<br \/>\nContacto <a href=\"https:\/\/www.honlufoodtrailer.com\/pt\/\">honlu<\/a> Personalize hoje mesmo seu pr\u00f3prio food truck de picles de 5,5 metros!<\/p>","protected":false},"excerpt":{"rendered":"<p>Este \u00e9 um dos nossos food trucks de picles personalizados de 5,7 metros (18,7 p\u00e9s). <strong>Por favor, clique nas abas a seguir para ver mais detalhes sobre este food truck.<\/strong>. Podemos fabricar um trailer de comida semelhante a este ou personalizar um para voc\u00ea. O tamanho, a cor da carroceria, os adesivos, a sinaliza\u00e7\u00e3o e os equipamentos de cozinha do trailer de comida podem ser personalizados. N\u00e3o hesite em nos contatar e nos contar suas necessidades agora mesmo!<\/p>","protected":false},"featured_media":8309,"template":"","meta":{"_themeisle_gutenberg_block_has_review":false},"product_brand":[],"product_cat":[26],"product_tag":[83,33,60,61,38],"class_list":{"0":"post-8306","1":"product","2":"type-product","3":"status-publish","4":"has-post-thumbnail","6":"product_cat-product","7":"product_tag-18ft-food-trailer","8":"product_tag-customized-trailer","9":"product_tag-fast-food-trailer","10":"product_tag-fast-food-trailer-for-sale","11":"product_tag-mobile-food-trailer","13":"first","14":"instock","15":"shipping-taxable","16":"product-type-simple"},"yoast_head":"<!-- This site is optimized with the Yoast SEO plugin v27.4 - https:\/\/yoast.com\/product\/yoast-seo-wordpress\/ -->\n<title>18ft Pickle Food Truck for Sale USA - honlu Food Trailer<\/title>\n<meta name=\"description\" content=\"Looking for a pickle food truck for sale in the USA? Check out this 18ft pickle food trailer with full kitchen, custom design, and US-standard features.\" \/>\n<meta name=\"robots\" content=\"index, follow, max-snippet:-1, max-image-preview:large, max-video-preview:-1\" \/>\n<link rel=\"canonical\" href=\"https:\/\/www.honlufoodtrailer.com\/pt\/product\/18ft-pickle-food-truck-for-sale-usa\/\" \/>\n<meta property=\"og:locale\" content=\"pt_PT\" \/>\n<meta property=\"og:type\" content=\"article\" \/>\n<meta property=\"og:title\" content=\"18ft Pickle Food Truck for Sale USA - honlu Food Trailer\" \/>\n<meta property=\"og:description\" content=\"Looking for a pickle food truck for sale in the USA? Check out this 18ft pickle food trailer with full kitchen, custom design, and US-standard features.\" \/>\n<meta property=\"og:url\" content=\"https:\/\/www.honlufoodtrailer.com\/pt\/product\/18ft-pickle-food-truck-for-sale-usa\/\" \/>\n<meta property=\"og:site_name\" content=\"Honlu food trailer\" \/>\n<meta property=\"article:modified_time\" content=\"2025-06-12T10:37:27+00:00\" \/>\n<meta property=\"og:image\" content=\"https:\/\/www.honlufoodtrailer.com\/wp-content\/uploads\/2024\/09\/5.7m-Pickles-And-Burger-Trailer.jpg\" \/>\n\t<meta property=\"og:image:width\" content=\"720\" \/>\n\t<meta property=\"og:image:height\" content=\"540\" \/>\n\t<meta property=\"og:image:type\" content=\"image\/jpeg\" \/>\n<meta name=\"twitter:card\" content=\"summary_large_image\" \/>\n<meta name=\"twitter:label1\" content=\"Tempo estimado de leitura\" \/>\n\t<meta name=\"twitter:data1\" content=\"1 minuto\" \/>\n<script type=\"application\/ld+json\" class=\"yoast-schema-graph\">{\"@context\":\"https:\\\/\\\/schema.org\",\"@graph\":[{\"@type\":\"WebPage\",\"@id\":\"https:\\\/\\\/www.honlufoodtrailer.com\\\/product\\\/18ft-pickle-food-truck-for-sale-usa\\\/\",\"url\":\"https:\\\/\\\/www.honlufoodtrailer.com\\\/product\\\/18ft-pickle-food-truck-for-sale-usa\\\/\",\"name\":\"18ft Pickle Food Truck for Sale USA - honlu Food Trailer\",\"isPartOf\":{\"@id\":\"https:\\\/\\\/www.honlufoodtrailer.com\\\/#website\"},\"primaryImageOfPage\":{\"@id\":\"https:\\\/\\\/www.honlufoodtrailer.com\\\/product\\\/18ft-pickle-food-truck-for-sale-usa\\\/#primaryimage\"},\"image\":{\"@id\":\"https:\\\/\\\/www.honlufoodtrailer.com\\\/product\\\/18ft-pickle-food-truck-for-sale-usa\\\/#primaryimage\"},\"thumbnailUrl\":\"https:\\\/\\\/www.honlufoodtrailer.com\\\/wp-content\\\/uploads\\\/2024\\\/09\\\/5.7m-Pickles-And-Burger-Trailer.jpg\",\"datePublished\":\"2024-09-04T10:36:18+00:00\",\"dateModified\":\"2025-06-12T10:37:27+00:00\",\"description\":\"Looking for a pickle food truck for sale in the USA? Check out this 18ft pickle food trailer with full kitchen, custom design, and US-standard features.\",\"breadcrumb\":{\"@id\":\"https:\\\/\\\/www.honlufoodtrailer.com\\\/product\\\/18ft-pickle-food-truck-for-sale-usa\\\/#breadcrumb\"},\"inLanguage\":\"pt-PT\",\"potentialAction\":[{\"@type\":\"ReadAction\",\"target\":[\"https:\\\/\\\/www.honlufoodtrailer.com\\\/product\\\/18ft-pickle-food-truck-for-sale-usa\\\/\"]}]},{\"@type\":\"ImageObject\",\"inLanguage\":\"pt-PT\",\"@id\":\"https:\\\/\\\/www.honlufoodtrailer.com\\\/product\\\/18ft-pickle-food-truck-for-sale-usa\\\/#primaryimage\",\"url\":\"https:\\\/\\\/www.honlufoodtrailer.com\\\/wp-content\\\/uploads\\\/2024\\\/09\\\/5.7m-Pickles-And-Burger-Trailer.jpg\",\"contentUrl\":\"https:\\\/\\\/www.honlufoodtrailer.com\\\/wp-content\\\/uploads\\\/2024\\\/09\\\/5.7m-Pickles-And-Burger-Trailer.jpg\",\"width\":720,\"height\":540,\"caption\":\"5.7m Pickles And Burger Trailer\"},{\"@type\":\"BreadcrumbList\",\"@id\":\"https:\\\/\\\/www.honlufoodtrailer.com\\\/product\\\/18ft-pickle-food-truck-for-sale-usa\\\/#breadcrumb\",\"itemListElement\":[{\"@type\":\"ListItem\",\"position\":1,\"name\":\"Home\",\"item\":\"https:\\\/\\\/www.honlufoodtrailer.com\\\/\"},{\"@type\":\"ListItem\",\"position\":2,\"name\":\"\u4ea7\u54c1\",\"item\":\"https:\\\/\\\/www.honlufoodtrailer.com\\\/shop\\\/\"},{\"@type\":\"ListItem\",\"position\":3,\"name\":\"18ft ( 5.7m) Pickle Food Truck for Sale USA\"}]},{\"@type\":\"WebSite\",\"@id\":\"https:\\\/\\\/www.honlufoodtrailer.com\\\/#website\",\"url\":\"https:\\\/\\\/www.honlufoodtrailer.com\\\/\",\"name\":\"Honlu food trailer\",\"description\":\"\",\"publisher\":{\"@id\":\"https:\\\/\\\/www.honlufoodtrailer.com\\\/#organization\"},\"potentialAction\":[{\"@type\":\"SearchAction\",\"target\":{\"@type\":\"EntryPoint\",\"urlTemplate\":\"https:\\\/\\\/www.honlufoodtrailer.com\\\/?s={search_term_string}\"},\"query-input\":{\"@type\":\"PropertyValueSpecification\",\"valueRequired\":true,\"valueName\":\"search_term_string\"}}],\"inLanguage\":\"pt-PT\"},{\"@type\":\"Organization\",\"@id\":\"https:\\\/\\\/www.honlufoodtrailer.com\\\/#organization\",\"name\":\"Honlu food trailer\",\"url\":\"https:\\\/\\\/www.honlufoodtrailer.com\\\/\",\"logo\":{\"@type\":\"ImageObject\",\"inLanguage\":\"pt-PT\",\"@id\":\"https:\\\/\\\/www.honlufoodtrailer.com\\\/#\\\/schema\\\/logo\\\/image\\\/\",\"url\":\"https:\\\/\\\/www.honlufoodtrailer.com\\\/wp-content\\\/uploads\\\/2021\\\/12\\\/2.gif\",\"contentUrl\":\"https:\\\/\\\/www.honlufoodtrailer.com\\\/wp-content\\\/uploads\\\/2021\\\/12\\\/2.gif\",\"width\":350,\"height\":100,\"caption\":\"Honlu food trailer\"},\"image\":{\"@id\":\"https:\\\/\\\/www.honlufoodtrailer.com\\\/#\\\/schema\\\/logo\\\/image\\\/\"}}]}<\/script>\n<!-- \/ Yoast SEO plugin. -->","yoast_head_json":{"title":"Food Truck de 18 p\u00e9s em formato de picles \u00e0 venda nos EUA - honlu Food Trailer","description":"Procurando um food truck de picles \u00e0 venda nos EUA? Confira este trailer de 5,5 metros (18 p\u00e9s) com cozinha completa, design personalizado e recursos padr\u00e3o americanos.","robots":{"index":"index","follow":"follow","max-snippet":"max-snippet:-1","max-image-preview":"max-image-preview:large","max-video-preview":"max-video-preview:-1"},"canonical":"https:\/\/www.honlufoodtrailer.com\/pt\/product\/18ft-pickle-food-truck-for-sale-usa\/","og_locale":"pt_PT","og_type":"article","og_title":"18ft Pickle Food Truck for Sale USA - honlu Food Trailer","og_description":"Looking for a pickle food truck for sale in the USA? Check out this 18ft pickle food trailer with full kitchen, custom design, and US-standard features.","og_url":"https:\/\/www.honlufoodtrailer.com\/pt\/product\/18ft-pickle-food-truck-for-sale-usa\/","og_site_name":"Honlu food trailer","article_modified_time":"2025-06-12T10:37:27+00:00","og_image":[{"width":720,"height":540,"url":"https:\/\/www.honlufoodtrailer.com\/wp-content\/uploads\/2024\/09\/5.7m-Pickles-And-Burger-Trailer.jpg","type":"image\/jpeg"}],"twitter_card":"summary_large_image","twitter_misc":{"Tempo estimado de leitura":"1 minuto"},"schema":{"@context":"https:\/\/schema.org","@graph":[{"@type":"WebPage","@id":"https:\/\/www.honlufoodtrailer.com\/product\/18ft-pickle-food-truck-for-sale-usa\/","url":"https:\/\/www.honlufoodtrailer.com\/product\/18ft-pickle-food-truck-for-sale-usa\/","name":"Food Truck de 18 p\u00e9s em formato de picles \u00e0 venda nos EUA - honlu Food Trailer","isPartOf":{"@id":"https:\/\/www.honlufoodtrailer.com\/#website"},"primaryImageOfPage":{"@id":"https:\/\/www.honlufoodtrailer.com\/product\/18ft-pickle-food-truck-for-sale-usa\/#primaryimage"},"image":{"@id":"https:\/\/www.honlufoodtrailer.com\/product\/18ft-pickle-food-truck-for-sale-usa\/#primaryimage"},"thumbnailUrl":"https:\/\/www.honlufoodtrailer.com\/wp-content\/uploads\/2024\/09\/5.7m-Pickles-And-Burger-Trailer.jpg","datePublished":"2024-09-04T10:36:18+00:00","dateModified":"2025-06-12T10:37:27+00:00","description":"Procurando um food truck de picles \u00e0 venda nos EUA? Confira este trailer de 5,5 metros (18 p\u00e9s) com cozinha completa, design personalizado e recursos padr\u00e3o americanos.","breadcrumb":{"@id":"https:\/\/www.honlufoodtrailer.com\/product\/18ft-pickle-food-truck-for-sale-usa\/#breadcrumb"},"inLanguage":"pt-PT","potentialAction":[{"@type":"ReadAction","target":["https:\/\/www.honlufoodtrailer.com\/product\/18ft-pickle-food-truck-for-sale-usa\/"]}]},{"@type":"ImageObject","inLanguage":"pt-PT","@id":"https:\/\/www.honlufoodtrailer.com\/product\/18ft-pickle-food-truck-for-sale-usa\/#primaryimage","url":"https:\/\/www.honlufoodtrailer.com\/wp-content\/uploads\/2024\/09\/5.7m-Pickles-And-Burger-Trailer.jpg","contentUrl":"https:\/\/www.honlufoodtrailer.com\/wp-content\/uploads\/2024\/09\/5.7m-Pickles-And-Burger-Trailer.jpg","width":720,"height":540,"caption":"5.7m Pickles And Burger Trailer"},{"@type":"BreadcrumbList","@id":"https:\/\/www.honlufoodtrailer.com\/product\/18ft-pickle-food-truck-for-sale-usa\/#breadcrumb","itemListElement":[{"@type":"ListItem","position":1,"name":"Home","item":"https:\/\/www.honlufoodtrailer.com\/"},{"@type":"ListItem","position":2,"name":"\u4ea7\u54c1","item":"https:\/\/www.honlufoodtrailer.com\/shop\/"},{"@type":"ListItem","position":3,"name":"18ft ( 5.7m) Pickle Food Truck for Sale USA"}]},{"@type":"WebSite","@id":"https:\/\/www.honlufoodtrailer.com\/#website","url":"https:\/\/www.honlufoodtrailer.com\/","name":"Reboque de comida Honlu","description":"","publisher":{"@id":"https:\/\/www.honlufoodtrailer.com\/#organization"},"potentialAction":[{"@type":"SearchAction","target":{"@type":"EntryPoint","urlTemplate":"https:\/\/www.honlufoodtrailer.com\/?s={search_term_string}"},"query-input":{"@type":"PropertyValueSpecification","valueRequired":true,"valueName":"search_term_string"}}],"inLanguage":"pt-PT"},{"@type":"Organization","@id":"https:\/\/www.honlufoodtrailer.com\/#organization","name":"Reboque de comida Honlu","url":"https:\/\/www.honlufoodtrailer.com\/","logo":{"@type":"ImageObject","inLanguage":"pt-PT","@id":"https:\/\/www.honlufoodtrailer.com\/#\/schema\/logo\/image\/","url":"https:\/\/www.honlufoodtrailer.com\/wp-content\/uploads\/2021\/12\/2.gif","contentUrl":"https:\/\/www.honlufoodtrailer.com\/wp-content\/uploads\/2021\/12\/2.gif","width":350,"height":100,"caption":"Honlu food trailer"},"image":{"@id":"https:\/\/www.honlufoodtrailer.com\/#\/schema\/logo\/image\/"}}]}},"_links":{"self":[{"href":"https:\/\/www.honlufoodtrailer.com\/pt\/wp-json\/wp\/v2\/product\/8306","targetHints":{"allow":["GET"]}}],"collection":[{"href":"https:\/\/www.honlufoodtrailer.com\/pt\/wp-json\/wp\/v2\/product"}],"about":[{"href":"https:\/\/www.honlufoodtrailer.com\/pt\/wp-json\/wp\/v2\/types\/product"}],"version-history":[{"count":4,"href":"https:\/\/www.honlufoodtrailer.com\/pt\/wp-json\/wp\/v2\/product\/8306\/revisions"}],"predecessor-version":[{"id":11318,"href":"https:\/\/www.honlufoodtrailer.com\/pt\/wp-json\/wp\/v2\/product\/8306\/revisions\/11318"}],"wp:featuredmedia":[{"embeddable":true,"href":"https:\/\/www.honlufoodtrailer.com\/pt\/wp-json\/wp\/v2\/media\/8309"}],"wp:attachment":[{"href":"https:\/\/www.honlufoodtrailer.com\/pt\/wp-json\/wp\/v2\/media?parent=8306"}],"wp:term":[{"taxonomy":"product_brand","embeddable":true,"href":"https:\/\/www.honlufoodtrailer.com\/pt\/wp-json\/wp\/v2\/product_brand?post=8306"},{"taxonomy":"product_cat","embeddable":true,"href":"https:\/\/www.honlufoodtrailer.com\/pt\/wp-json\/wp\/v2\/product_cat?post=8306"},{"taxonomy":"product_tag","embeddable":true,"href":"https:\/\/www.honlufoodtrailer.com\/pt\/wp-json\/wp\/v2\/product_tag?post=8306"}],"curies":[{"name":"wp","href":"https:\/\/api.w.org\/{rel}","templated":true}]}}