{"id":8668,"date":"2024-10-22T18:09:44","date_gmt":"2024-10-22T10:09:44","guid":{"rendered":"https:\/\/www.honlufoodtrailer.com\/?post_type=product&#038;p=8668"},"modified":"2025-02-14T13:56:00","modified_gmt":"2025-02-14T05:56:00","slug":"18ft-fully-loaded-concession-trailer","status":"publish","type":"product","link":"https:\/\/www.honlufoodtrailer.com\/pt\/product\/18ft-fully-loaded-concession-trailer\/","title":{"rendered":"Reboque de concess\u00e3o totalmente equipado com 18 p\u00e9s"},"content":{"rendered":"<p>Est\u00e1 procurando um trailer de concess\u00e3o totalmente equipado para o seu neg\u00f3cio de comida m\u00f3vel? Veja este aqui! Abaixo, voc\u00ea encontra um trailer de concess\u00e3o personalizado de 5,5 metros (18 p\u00e9s), totalmente equipado. Personalizamos este trailer para um cliente. Todo o ve\u00edculo \u00e9 feito de a\u00e7o inoxid\u00e1vel e chapa de a\u00e7o galvanizado. \u00c9 uma \u00f3tima op\u00e7\u00e3o para quem quer montar um neg\u00f3cio de comida m\u00f3vel. Agora, vamos ver algumas fotos deste trailer de concess\u00e3o!<\/p>\n<p><img fetchpriority=\"high\" decoding=\"async\" class=\"aligncenter size-full wp-image-8675\" src=\"https:\/\/www.honlufoodtrailer.com\/wp-content\/uploads\/2024\/10\/18ft-fully-loaded-concession-trailer-front-view.jpg\" alt=\"vista frontal de um trailer de concess\u00e3o de 18 p\u00e9s totalmente carregado\" width=\"720\" height=\"540\" srcset=\"https:\/\/www.honlufoodtrailer.com\/wp-content\/uploads\/2024\/10\/18ft-fully-loaded-concession-trailer-front-view.jpg 720w, https:\/\/www.honlufoodtrailer.com\/wp-content\/uploads\/2024\/10\/18ft-fully-loaded-concession-trailer-front-view-480x360.jpg 480w, https:\/\/www.honlufoodtrailer.com\/wp-content\/uploads\/2024\/10\/18ft-fully-loaded-concession-trailer-front-view-300x225.jpg 300w\" sizes=\"(max-width: 720px) 100vw, 720px\" \/> <img decoding=\"async\" class=\"aligncenter size-full wp-image-8674\" src=\"https:\/\/www.honlufoodtrailer.com\/wp-content\/uploads\/2024\/10\/18ft-fully-loaded-concession-trailer-back-view.jpg\" alt=\"vista traseira de um trailer de concess\u00e3o de 18 p\u00e9s totalmente carregado\" width=\"720\" height=\"540\" srcset=\"https:\/\/www.honlufoodtrailer.com\/wp-content\/uploads\/2024\/10\/18ft-fully-loaded-concession-trailer-back-view.jpg 720w, https:\/\/www.honlufoodtrailer.com\/wp-content\/uploads\/2024\/10\/18ft-fully-loaded-concession-trailer-back-view-480x360.jpg 480w, https:\/\/www.honlufoodtrailer.com\/wp-content\/uploads\/2024\/10\/18ft-fully-loaded-concession-trailer-back-view-300x225.jpg 300w\" sizes=\"(max-width: 720px) 100vw, 720px\" \/><br \/>\nComo podemos ver nas imagens acima, este food truck com cozinha completa possui adesivos por toda a carroceria e \u00e9 muito atraente para o p\u00fablico. Na frente do trailer de concess\u00e3o, instalamos uma grande janela. Isso facilita muito para os clientes fazerem seus pedidos e retirarem suas refei\u00e7\u00f5es. Nas laterais da parte superior, instalamos refletores de LED externos para os clientes. A seguir, vamos ver o uso e os detalhes internos deste food truck de 5,5 metros com cozinha completa.<\/p>\n<h3>Utiliza\u00e7\u00e3o deste reboque de concess\u00e3o totalmente equipado com 18 p\u00e9s<\/h3>\n<p>Nosso cliente utiliza esse food truck principalmente para vender comida r\u00e1pida, como hamb\u00fargueres, batatas fritas, bebidas, etc.<\/p>\n<h3>Estrutura interna deste trailer de concess\u00e3o de alimentos<\/h3>\n<p>Como podemos ver nas imagens abaixo, instal\u00e1mos principalmente quatro lava-loi\u00e7as, duas longas bancadas de trabalho em a\u00e7o inoxid\u00e1vel com arruma\u00e7\u00e3o, v\u00e1rias torneiras de \u00e1gua, uma fritadeira a g\u00e1s, uma chapa a g\u00e1s, um fog\u00e3o a g\u00e1s de 4 bicos com forno, um banho-maria a g\u00e1s, um frigor\u00edfico para saladas, um frigor\u00edfico para bebidas, etc.<\/p>\n<p><img decoding=\"async\" class=\"aligncenter size-full wp-image-8670\" src=\"https:\/\/www.honlufoodtrailer.com\/wp-content\/uploads\/2024\/10\/18ft-fully-equipped-concession-trailer-inner-view.jpg\" alt=\"Reboque de concess\u00e3o totalmente equipado de 18 p\u00e9s (5,5 m) - vista interna\" width=\"720\" height=\"540\" srcset=\"https:\/\/www.honlufoodtrailer.com\/wp-content\/uploads\/2024\/10\/18ft-fully-equipped-concession-trailer-inner-view.jpg 720w, https:\/\/www.honlufoodtrailer.com\/wp-content\/uploads\/2024\/10\/18ft-fully-equipped-concession-trailer-inner-view-480x360.jpg 480w, https:\/\/www.honlufoodtrailer.com\/wp-content\/uploads\/2024\/10\/18ft-fully-equipped-concession-trailer-inner-view-300x225.jpg 300w\" sizes=\"(max-width: 720px) 100vw, 720px\" \/><img loading=\"lazy\" decoding=\"async\" class=\"aligncenter size-full wp-image-8714\" src=\"https:\/\/www.honlufoodtrailer.com\/wp-content\/uploads\/2024\/10\/18ft-Fully-Loaded-Concession-Trailer-inner-details.jpg\" alt=\"Detalhes internos do reboque de concess\u00e3o totalmente equipado de 18 p\u00e9s\" width=\"800\" height=\"800\" srcset=\"https:\/\/www.honlufoodtrailer.com\/wp-content\/uploads\/2024\/10\/18ft-Fully-Loaded-Concession-Trailer-inner-details.jpg 800w, https:\/\/www.honlufoodtrailer.com\/wp-content\/uploads\/2024\/10\/18ft-Fully-Loaded-Concession-Trailer-inner-details-768x768.jpg 768w, https:\/\/www.honlufoodtrailer.com\/wp-content\/uploads\/2024\/10\/18ft-Fully-Loaded-Concession-Trailer-inner-details-360x360.jpg 360w, https:\/\/www.honlufoodtrailer.com\/wp-content\/uploads\/2024\/10\/18ft-Fully-Loaded-Concession-Trailer-inner-details-300x300.jpg 300w, https:\/\/www.honlufoodtrailer.com\/wp-content\/uploads\/2024\/10\/18ft-Fully-Loaded-Concession-Trailer-inner-details-720x720.jpg 720w, https:\/\/www.honlufoodtrailer.com\/wp-content\/uploads\/2024\/10\/18ft-Fully-Loaded-Concession-Trailer-inner-details-100x100.jpg 100w\" sizes=\"(max-width: 800px) 100vw, 800px\" \/><\/p>\n<h3>Mais pormenores:<\/h3>\n<p>Veja mais detalhes deste food truck totalmente equipado. Como voc\u00ea pode ver, todos os acess\u00f3rios est\u00e3o de acordo com as normas locais do cliente. Como fabricante e exportador profissional de food trucks com mais de 10 anos de experi\u00eancia, conhecemos bem as regulamenta\u00e7\u00f5es e exig\u00eancias de diversos pa\u00edses e forneceremos food trucks que atendam aos requisitos do seu pa\u00eds. Entre em contato conosco para personalizar o seu food truck!<\/p>\n<p><img loading=\"lazy\" decoding=\"async\" class=\"aligncenter size-full wp-image-8715\" src=\"https:\/\/www.honlufoodtrailer.com\/wp-content\/uploads\/2024\/10\/18ft-Fully-Loaded-Concession-Trailer-more-details.jpg\" alt=\"Reboque de concess\u00e3o totalmente equipado de 18 p\u00e9s (5,5 m) - mais detalhes\" width=\"800\" height=\"800\" srcset=\"https:\/\/www.honlufoodtrailer.com\/wp-content\/uploads\/2024\/10\/18ft-Fully-Loaded-Concession-Trailer-more-details.jpg 800w, https:\/\/www.honlufoodtrailer.com\/wp-content\/uploads\/2024\/10\/18ft-Fully-Loaded-Concession-Trailer-more-details-768x768.jpg 768w, https:\/\/www.honlufoodtrailer.com\/wp-content\/uploads\/2024\/10\/18ft-Fully-Loaded-Concession-Trailer-more-details-360x360.jpg 360w, https:\/\/www.honlufoodtrailer.com\/wp-content\/uploads\/2024\/10\/18ft-Fully-Loaded-Concession-Trailer-more-details-300x300.jpg 300w, https:\/\/www.honlufoodtrailer.com\/wp-content\/uploads\/2024\/10\/18ft-Fully-Loaded-Concession-Trailer-more-details-720x720.jpg 720w, https:\/\/www.honlufoodtrailer.com\/wp-content\/uploads\/2024\/10\/18ft-Fully-Loaded-Concession-Trailer-more-details-100x100.jpg 100w\" sizes=\"(max-width: 800px) 100vw, 800px\" \/><\/p>\n<h3 class=\"magic-6\" data-spm-anchor-id=\"a2700.wholesale.0.i28.29e52808agqc7f\">Principais caracter\u00edsticas do trailer de concess\u00e3o<\/h3>\n<div class=\"magic-7\">\n<div class=\"magic-8\">\n<div class=\"magic-9\" data-id=\"paragraph0\">\n<ol>\n<li>Atender \u00e0s normas locais;<\/li>\n<li>Estrutura compacta e disposi\u00e7\u00e3o razo\u00e1vel.<\/li>\n<li>Qualidade robusta, a um pre\u00e7o razo\u00e1vel.<\/li>\n<\/ol>\n<h3>Desenho de planta baixa 2D\/3D gratuito<\/h3>\n<p>Depois de confirmarmos as dimens\u00f5es do atrelado de alimentos e o equipamento interno da cozinha, podemos fornecer-lhe desenhos 3D gratuitamente. Isto dar-lhe-\u00e1 uma ideia mais clara do seu design e do seu carrinho de alimentos. Ao confirmar a localiza\u00e7\u00e3o do equipamento de cozinha, podemos comunicar claramente consigo atrav\u00e9s da planta baixa. Tamb\u00e9m podemos fornecer-lhe documentos originais para facilitar o seu projeto e fazer ajustes.<\/p>\n<\/div>\n<\/div>\n<\/div>","protected":false},"excerpt":{"rendered":"<p data-spm-anchor-id=\"a2700.wholesale.0.i28.29e52808agqc7f\">Este \u00e9 um trailer de concess\u00e3o personalizado de 5,5 metros (18 p\u00e9s) totalmente equipado. Todo o ve\u00edculo \u00e9 feito de a\u00e7o inoxid\u00e1vel e chapa de a\u00e7o galvanizado. Pode ser utilizado para a venda de fast food, bebidas, etc. Podemos fabricar um trailer de comida semelhante a este ou personalizar um para voc\u00ea. O tamanho, a cor da carroceria, os adesivos, a sinaliza\u00e7\u00e3o e os equipamentos de cozinha do trailer de comida podem ser personalizados. Al\u00e9m disso, todos os acess\u00f3rios atender\u00e3o \u00e0s necessidades dos clientes. N\u00e3o hesite em nos contatar e nos informar suas necessidades detalhadas!<\/p>","protected":false},"featured_media":8679,"template":"","meta":{"_themeisle_gutenberg_block_has_review":false},"product_brand":[],"product_cat":[26],"product_tag":[83],"class_list":{"0":"post-8668","1":"product","2":"type-product","3":"status-publish","4":"has-post-thumbnail","6":"product_cat-product","7":"product_tag-18ft-food-trailer","9":"first","10":"instock","11":"shipping-taxable","12":"product-type-simple"},"yoast_head":"<!-- This site is optimized with the Yoast SEO plugin v27.4 - https:\/\/yoast.com\/product\/yoast-seo-wordpress\/ -->\n<title>18ft Fully Loaded Concession Trailer Fom China Factory - Honlu<\/title>\n<meta name=\"description\" content=\"This is a customized 18ft fully loaded concession trailer. High quality and appealing appearance, get its price here direct from China factory!\" \/>\n<meta name=\"robots\" content=\"index, follow, max-snippet:-1, max-image-preview:large, max-video-preview:-1\" \/>\n<link rel=\"canonical\" href=\"https:\/\/www.honlufoodtrailer.com\/pt\/product\/18ft-fully-loaded-concession-trailer\/\" \/>\n<meta property=\"og:locale\" content=\"pt_PT\" \/>\n<meta property=\"og:type\" content=\"article\" \/>\n<meta property=\"og:title\" content=\"18ft Fully Loaded Concession Trailer Fom China Factory - Honlu\" \/>\n<meta property=\"og:description\" content=\"This is a customized 18ft fully loaded concession trailer. High quality and appealing appearance, get its price here direct from China factory!\" \/>\n<meta property=\"og:url\" content=\"https:\/\/www.honlufoodtrailer.com\/pt\/product\/18ft-fully-loaded-concession-trailer\/\" \/>\n<meta property=\"og:site_name\" content=\"Honlu food trailer\" \/>\n<meta property=\"article:modified_time\" content=\"2025-02-14T05:56:00+00:00\" \/>\n<meta property=\"og:image\" content=\"https:\/\/www.honlufoodtrailer.com\/wp-content\/uploads\/2024\/10\/fully-loaded-concession-trailer-for-sale.jpg\" \/>\n\t<meta property=\"og:image:width\" content=\"720\" \/>\n\t<meta property=\"og:image:height\" content=\"540\" \/>\n\t<meta property=\"og:image:type\" content=\"image\/jpeg\" \/>\n<meta name=\"twitter:card\" content=\"summary_large_image\" \/>\n<meta name=\"twitter:label1\" content=\"Tempo estimado de leitura\" \/>\n\t<meta name=\"twitter:data1\" content=\"2 minutos\" \/>\n<script type=\"application\/ld+json\" class=\"yoast-schema-graph\">{\"@context\":\"https:\\\/\\\/schema.org\",\"@graph\":[{\"@type\":\"WebPage\",\"@id\":\"https:\\\/\\\/www.honlufoodtrailer.com\\\/product\\\/18ft-fully-loaded-concession-trailer\\\/\",\"url\":\"https:\\\/\\\/www.honlufoodtrailer.com\\\/product\\\/18ft-fully-loaded-concession-trailer\\\/\",\"name\":\"18ft Fully Loaded Concession Trailer Fom China Factory - Honlu\",\"isPartOf\":{\"@id\":\"https:\\\/\\\/www.honlufoodtrailer.com\\\/#website\"},\"primaryImageOfPage\":{\"@id\":\"https:\\\/\\\/www.honlufoodtrailer.com\\\/product\\\/18ft-fully-loaded-concession-trailer\\\/#primaryimage\"},\"image\":{\"@id\":\"https:\\\/\\\/www.honlufoodtrailer.com\\\/product\\\/18ft-fully-loaded-concession-trailer\\\/#primaryimage\"},\"thumbnailUrl\":\"https:\\\/\\\/www.honlufoodtrailer.com\\\/wp-content\\\/uploads\\\/2024\\\/10\\\/fully-loaded-concession-trailer-for-sale.jpg\",\"datePublished\":\"2024-10-22T10:09:44+00:00\",\"dateModified\":\"2025-02-14T05:56:00+00:00\",\"description\":\"This is a customized 18ft fully loaded concession trailer. High quality and appealing appearance, get its price here direct from China factory!\",\"breadcrumb\":{\"@id\":\"https:\\\/\\\/www.honlufoodtrailer.com\\\/product\\\/18ft-fully-loaded-concession-trailer\\\/#breadcrumb\"},\"inLanguage\":\"pt-PT\",\"potentialAction\":[{\"@type\":\"ReadAction\",\"target\":[\"https:\\\/\\\/www.honlufoodtrailer.com\\\/product\\\/18ft-fully-loaded-concession-trailer\\\/\"]}]},{\"@type\":\"ImageObject\",\"inLanguage\":\"pt-PT\",\"@id\":\"https:\\\/\\\/www.honlufoodtrailer.com\\\/product\\\/18ft-fully-loaded-concession-trailer\\\/#primaryimage\",\"url\":\"https:\\\/\\\/www.honlufoodtrailer.com\\\/wp-content\\\/uploads\\\/2024\\\/10\\\/fully-loaded-concession-trailer-for-sale.jpg\",\"contentUrl\":\"https:\\\/\\\/www.honlufoodtrailer.com\\\/wp-content\\\/uploads\\\/2024\\\/10\\\/fully-loaded-concession-trailer-for-sale.jpg\",\"width\":720,\"height\":540,\"caption\":\"fully loaded concession trailer for sale\"},{\"@type\":\"BreadcrumbList\",\"@id\":\"https:\\\/\\\/www.honlufoodtrailer.com\\\/product\\\/18ft-fully-loaded-concession-trailer\\\/#breadcrumb\",\"itemListElement\":[{\"@type\":\"ListItem\",\"position\":1,\"name\":\"Home\",\"item\":\"https:\\\/\\\/www.honlufoodtrailer.com\\\/\"},{\"@type\":\"ListItem\",\"position\":2,\"name\":\"\u4ea7\u54c1\",\"item\":\"https:\\\/\\\/www.honlufoodtrailer.com\\\/shop\\\/\"},{\"@type\":\"ListItem\",\"position\":3,\"name\":\"18ft Fully Loaded Concession Trailer\"}]},{\"@type\":\"WebSite\",\"@id\":\"https:\\\/\\\/www.honlufoodtrailer.com\\\/#website\",\"url\":\"https:\\\/\\\/www.honlufoodtrailer.com\\\/\",\"name\":\"Honlu food trailer\",\"description\":\"\",\"publisher\":{\"@id\":\"https:\\\/\\\/www.honlufoodtrailer.com\\\/#organization\"},\"potentialAction\":[{\"@type\":\"SearchAction\",\"target\":{\"@type\":\"EntryPoint\",\"urlTemplate\":\"https:\\\/\\\/www.honlufoodtrailer.com\\\/?s={search_term_string}\"},\"query-input\":{\"@type\":\"PropertyValueSpecification\",\"valueRequired\":true,\"valueName\":\"search_term_string\"}}],\"inLanguage\":\"pt-PT\"},{\"@type\":\"Organization\",\"@id\":\"https:\\\/\\\/www.honlufoodtrailer.com\\\/#organization\",\"name\":\"Honlu food trailer\",\"url\":\"https:\\\/\\\/www.honlufoodtrailer.com\\\/\",\"logo\":{\"@type\":\"ImageObject\",\"inLanguage\":\"pt-PT\",\"@id\":\"https:\\\/\\\/www.honlufoodtrailer.com\\\/#\\\/schema\\\/logo\\\/image\\\/\",\"url\":\"https:\\\/\\\/www.honlufoodtrailer.com\\\/wp-content\\\/uploads\\\/2021\\\/12\\\/2.gif\",\"contentUrl\":\"https:\\\/\\\/www.honlufoodtrailer.com\\\/wp-content\\\/uploads\\\/2021\\\/12\\\/2.gif\",\"width\":350,\"height\":100,\"caption\":\"Honlu food trailer\"},\"image\":{\"@id\":\"https:\\\/\\\/www.honlufoodtrailer.com\\\/#\\\/schema\\\/logo\\\/image\\\/\"}}]}<\/script>\n<!-- \/ Yoast SEO plugin. -->","yoast_head_json":{"title":"Reboque de concess\u00e3o totalmente equipado de 18 p\u00e9s, fabricado na China - Honlu","description":"Este \u00e9 um trailer de concess\u00e3o personalizado de 18 p\u00e9s (aproximadamente 5,5 metros) totalmente equipado. Alta qualidade e apar\u00eancia atraente. Obtenha o pre\u00e7o aqui diretamente da f\u00e1brica na China!","robots":{"index":"index","follow":"follow","max-snippet":"max-snippet:-1","max-image-preview":"max-image-preview:large","max-video-preview":"max-video-preview:-1"},"canonical":"https:\/\/www.honlufoodtrailer.com\/pt\/product\/18ft-fully-loaded-concession-trailer\/","og_locale":"pt_PT","og_type":"article","og_title":"18ft Fully Loaded Concession Trailer Fom China Factory - Honlu","og_description":"This is a customized 18ft fully loaded concession trailer. High quality and appealing appearance, get its price here direct from China factory!","og_url":"https:\/\/www.honlufoodtrailer.com\/pt\/product\/18ft-fully-loaded-concession-trailer\/","og_site_name":"Honlu food trailer","article_modified_time":"2025-02-14T05:56:00+00:00","og_image":[{"width":720,"height":540,"url":"https:\/\/www.honlufoodtrailer.com\/wp-content\/uploads\/2024\/10\/fully-loaded-concession-trailer-for-sale.jpg","type":"image\/jpeg"}],"twitter_card":"summary_large_image","twitter_misc":{"Tempo estimado de leitura":"2 minutos"},"schema":{"@context":"https:\/\/schema.org","@graph":[{"@type":"WebPage","@id":"https:\/\/www.honlufoodtrailer.com\/product\/18ft-fully-loaded-concession-trailer\/","url":"https:\/\/www.honlufoodtrailer.com\/product\/18ft-fully-loaded-concession-trailer\/","name":"Reboque de concess\u00e3o totalmente equipado de 18 p\u00e9s, fabricado na China - Honlu","isPartOf":{"@id":"https:\/\/www.honlufoodtrailer.com\/#website"},"primaryImageOfPage":{"@id":"https:\/\/www.honlufoodtrailer.com\/product\/18ft-fully-loaded-concession-trailer\/#primaryimage"},"image":{"@id":"https:\/\/www.honlufoodtrailer.com\/product\/18ft-fully-loaded-concession-trailer\/#primaryimage"},"thumbnailUrl":"https:\/\/www.honlufoodtrailer.com\/wp-content\/uploads\/2024\/10\/fully-loaded-concession-trailer-for-sale.jpg","datePublished":"2024-10-22T10:09:44+00:00","dateModified":"2025-02-14T05:56:00+00:00","description":"Este \u00e9 um trailer de concess\u00e3o personalizado de 18 p\u00e9s (aproximadamente 5,5 metros) totalmente equipado. Alta qualidade e apar\u00eancia atraente. Obtenha o pre\u00e7o aqui diretamente da f\u00e1brica na China!","breadcrumb":{"@id":"https:\/\/www.honlufoodtrailer.com\/product\/18ft-fully-loaded-concession-trailer\/#breadcrumb"},"inLanguage":"pt-PT","potentialAction":[{"@type":"ReadAction","target":["https:\/\/www.honlufoodtrailer.com\/product\/18ft-fully-loaded-concession-trailer\/"]}]},{"@type":"ImageObject","inLanguage":"pt-PT","@id":"https:\/\/www.honlufoodtrailer.com\/product\/18ft-fully-loaded-concession-trailer\/#primaryimage","url":"https:\/\/www.honlufoodtrailer.com\/wp-content\/uploads\/2024\/10\/fully-loaded-concession-trailer-for-sale.jpg","contentUrl":"https:\/\/www.honlufoodtrailer.com\/wp-content\/uploads\/2024\/10\/fully-loaded-concession-trailer-for-sale.jpg","width":720,"height":540,"caption":"fully loaded concession trailer for sale"},{"@type":"BreadcrumbList","@id":"https:\/\/www.honlufoodtrailer.com\/product\/18ft-fully-loaded-concession-trailer\/#breadcrumb","itemListElement":[{"@type":"ListItem","position":1,"name":"Home","item":"https:\/\/www.honlufoodtrailer.com\/"},{"@type":"ListItem","position":2,"name":"\u4ea7\u54c1","item":"https:\/\/www.honlufoodtrailer.com\/shop\/"},{"@type":"ListItem","position":3,"name":"18ft Fully Loaded Concession Trailer"}]},{"@type":"WebSite","@id":"https:\/\/www.honlufoodtrailer.com\/#website","url":"https:\/\/www.honlufoodtrailer.com\/","name":"Reboque de comida Honlu","description":"","publisher":{"@id":"https:\/\/www.honlufoodtrailer.com\/#organization"},"potentialAction":[{"@type":"SearchAction","target":{"@type":"EntryPoint","urlTemplate":"https:\/\/www.honlufoodtrailer.com\/?s={search_term_string}"},"query-input":{"@type":"PropertyValueSpecification","valueRequired":true,"valueName":"search_term_string"}}],"inLanguage":"pt-PT"},{"@type":"Organization","@id":"https:\/\/www.honlufoodtrailer.com\/#organization","name":"Reboque de comida Honlu","url":"https:\/\/www.honlufoodtrailer.com\/","logo":{"@type":"ImageObject","inLanguage":"pt-PT","@id":"https:\/\/www.honlufoodtrailer.com\/#\/schema\/logo\/image\/","url":"https:\/\/www.honlufoodtrailer.com\/wp-content\/uploads\/2021\/12\/2.gif","contentUrl":"https:\/\/www.honlufoodtrailer.com\/wp-content\/uploads\/2021\/12\/2.gif","width":350,"height":100,"caption":"Honlu food trailer"},"image":{"@id":"https:\/\/www.honlufoodtrailer.com\/#\/schema\/logo\/image\/"}}]}},"_links":{"self":[{"href":"https:\/\/www.honlufoodtrailer.com\/pt\/wp-json\/wp\/v2\/product\/8668","targetHints":{"allow":["GET"]}}],"collection":[{"href":"https:\/\/www.honlufoodtrailer.com\/pt\/wp-json\/wp\/v2\/product"}],"about":[{"href":"https:\/\/www.honlufoodtrailer.com\/pt\/wp-json\/wp\/v2\/types\/product"}],"version-history":[{"count":5,"href":"https:\/\/www.honlufoodtrailer.com\/pt\/wp-json\/wp\/v2\/product\/8668\/revisions"}],"predecessor-version":[{"id":8716,"href":"https:\/\/www.honlufoodtrailer.com\/pt\/wp-json\/wp\/v2\/product\/8668\/revisions\/8716"}],"wp:featuredmedia":[{"embeddable":true,"href":"https:\/\/www.honlufoodtrailer.com\/pt\/wp-json\/wp\/v2\/media\/8679"}],"wp:attachment":[{"href":"https:\/\/www.honlufoodtrailer.com\/pt\/wp-json\/wp\/v2\/media?parent=8668"}],"wp:term":[{"taxonomy":"product_brand","embeddable":true,"href":"https:\/\/www.honlufoodtrailer.com\/pt\/wp-json\/wp\/v2\/product_brand?post=8668"},{"taxonomy":"product_cat","embeddable":true,"href":"https:\/\/www.honlufoodtrailer.com\/pt\/wp-json\/wp\/v2\/product_cat?post=8668"},{"taxonomy":"product_tag","embeddable":true,"href":"https:\/\/www.honlufoodtrailer.com\/pt\/wp-json\/wp\/v2\/product_tag?post=8668"}],"curies":[{"name":"wp","href":"https:\/\/api.w.org\/{rel}","templated":true}]}}