{"id":9004,"date":"2024-12-03T17:51:16","date_gmt":"2024-12-03T09:51:16","guid":{"rendered":"https:\/\/www.honlufoodtrailer.com\/?post_type=product&#038;p=9004"},"modified":"2025-02-14T11:41:46","modified_gmt":"2025-02-14T03:41:46","slug":"18ft-shipping-container-toilets-for-sale-seychelles","status":"publish","type":"product","link":"https:\/\/www.honlufoodtrailer.com\/pt\/product\/18ft-shipping-container-toilets-for-sale-seychelles\/","title":{"rendered":"18.7ft Sanit\u00e1rios de contentores de transporte para venda Seychelles"},"content":{"rendered":"<p data-spm-anchor-id=\"a2700.wholesale.0.i28.29e52808agqc7f\">Est\u00e1 \u00e0 procura de casas de banho de contentores mar\u00edtimos para venda? Veja esta casa de banho m\u00f3vel de contentor mar\u00edtimo de 18,7 p\u00e9s que personaliz\u00e1mos para um cliente das Seychelles! \u00c9 um dos reboques que personaliz\u00e1mos para os nossos clientes. Agora, vamos ver mais detalhes sobre ele!<\/p>\n<p data-spm-anchor-id=\"a2700.wholesale.0.i28.29e52808agqc7f\"><img fetchpriority=\"high\" decoding=\"async\" class=\"aligncenter size-full wp-image-9009\" src=\"https:\/\/www.honlufoodtrailer.com\/wp-content\/uploads\/2024\/12\/container-washroom.jpg\" alt=\"casa de banho em contentor\" width=\"720\" height=\"540\" srcset=\"https:\/\/www.honlufoodtrailer.com\/wp-content\/uploads\/2024\/12\/container-washroom.jpg 720w, https:\/\/www.honlufoodtrailer.com\/wp-content\/uploads\/2024\/12\/container-washroom-480x360.jpg 480w, https:\/\/www.honlufoodtrailer.com\/wp-content\/uploads\/2024\/12\/container-washroom-300x225.jpg 300w\" sizes=\"(max-width: 720px) 100vw, 720px\" \/> <img decoding=\"async\" class=\"aligncenter size-full wp-image-9012\" src=\"https:\/\/www.honlufoodtrailer.com\/wp-content\/uploads\/2024\/12\/portable-toilet-container.jpg\" alt=\"contentor para sanita port\u00e1til\" width=\"720\" height=\"540\" srcset=\"https:\/\/www.honlufoodtrailer.com\/wp-content\/uploads\/2024\/12\/portable-toilet-container.jpg 720w, https:\/\/www.honlufoodtrailer.com\/wp-content\/uploads\/2024\/12\/portable-toilet-container-480x360.jpg 480w, https:\/\/www.honlufoodtrailer.com\/wp-content\/uploads\/2024\/12\/portable-toilet-container-300x225.jpg 300w\" sizes=\"(max-width: 720px) 100vw, 720px\" \/><\/p>\n<p data-spm-anchor-id=\"a2700.wholesale.0.i28.29e52808agqc7f\">Como podemos ver nas imagens acima, esta casa de banho em contentor est\u00e1 dividida em tr\u00eas divis\u00f5es. Todo o corpo deste contentor sanit\u00e1rio \u00e9 azul pav\u00e3o. Na parte da frente deste contentor, h\u00e1 tr\u00eas portas para entrar e sair. Na parte de tr\u00e1s do contentor, h\u00e1 duas janelas e tr\u00eas exaustores. A seguir, vamos ver os detalhes interiores desta casa de banho m\u00f3vel em contentor.<\/p>\n<h3>Detalhes internos do trailer para o cliente das Seychelles<\/h3>\n<p data-spm-anchor-id=\"a2700.wholesale.0.i28.29e52808agqc7f\">Como podemos ver nas imagens abaixo, equip\u00e1mos a casa de banho do contentor com alguns equipamentos b\u00e1sicos de acordo com as necessidades do cliente. Em cada uma das tr\u00eas divis\u00f5es, existe um exaustor, um lavat\u00f3rio, um dispensador de sab\u00e3o com m\u00e9todo de prensagem montado na parede, uma caixa de armazenamento de len\u00e7os de papel montada na parede, uma sanita e uma janela. Podemos personalizar o equipamento interno de acordo com as suas necessidades espec\u00edficas. Se tiver outras necessidades, n\u00e3o hesite em contactar-nos!<\/p>\n<p data-spm-anchor-id=\"a2700.wholesale.0.i28.29e52808agqc7f\"><img decoding=\"async\" class=\"aligncenter size-full wp-image-9015\" src=\"https:\/\/www.honlufoodtrailer.com\/wp-content\/uploads\/2024\/12\/Shipping-Container-Toilets-For-Sale-inner-details.jpg\" alt=\"Sanitas de contentores de transporte para venda detalhes interiores\" width=\"800\" height=\"800\" srcset=\"https:\/\/www.honlufoodtrailer.com\/wp-content\/uploads\/2024\/12\/Shipping-Container-Toilets-For-Sale-inner-details.jpg 800w, https:\/\/www.honlufoodtrailer.com\/wp-content\/uploads\/2024\/12\/Shipping-Container-Toilets-For-Sale-inner-details-768x768.jpg 768w, https:\/\/www.honlufoodtrailer.com\/wp-content\/uploads\/2024\/12\/Shipping-Container-Toilets-For-Sale-inner-details-360x360.jpg 360w, https:\/\/www.honlufoodtrailer.com\/wp-content\/uploads\/2024\/12\/Shipping-Container-Toilets-For-Sale-inner-details-300x300.jpg 300w, https:\/\/www.honlufoodtrailer.com\/wp-content\/uploads\/2024\/12\/Shipping-Container-Toilets-For-Sale-inner-details-720x720.jpg 720w, https:\/\/www.honlufoodtrailer.com\/wp-content\/uploads\/2024\/12\/Shipping-Container-Toilets-For-Sale-inner-details-100x100.jpg 100w\" sizes=\"(max-width: 800px) 100vw, 800px\" \/><\/p>\n<h3>Carater\u00edsticas principais<\/h3>\n<div class=\"magic-7\">\n<div class=\"magic-8\">\n<div class=\"magic-9\" data-id=\"paragraph0\">\n<ol>\n<li>Aspeto elegante, design \u00fanico, econ\u00f3mico e pr\u00e1tico;<\/li>\n<li>\u00c9 feito de material de a\u00e7o inoxid\u00e1vel, dur\u00e1vel e resistente \u00e0 corros\u00e3o;<\/li>\n<li>O reboque est\u00e1 equipado com acess\u00f3rios modernos e avan\u00e7ados;<\/li>\n<li>Pr\u00e1tico e f\u00e1cil de deslocar;<\/li>\n<li>Instala\u00e7\u00f5es sanit\u00e1rias, de lavagem e de duche<\/li>\n<li>Ventila\u00e7\u00e3o e isolamento<\/li>\n<li>\u00c0 prova de vento e \u00e0 prova de \u00e1gua<\/li>\n<\/ol>\n<h3><img loading=\"lazy\" decoding=\"async\" class=\"aligncenter size-full wp-image-9011\" src=\"https:\/\/www.honlufoodtrailer.com\/wp-content\/uploads\/2024\/12\/mobile-toilet-container.jpg\" alt=\"contentor sanit\u00e1rio m\u00f3vel\" width=\"720\" height=\"540\" srcset=\"https:\/\/www.honlufoodtrailer.com\/wp-content\/uploads\/2024\/12\/mobile-toilet-container.jpg 720w, https:\/\/www.honlufoodtrailer.com\/wp-content\/uploads\/2024\/12\/mobile-toilet-container-480x360.jpg 480w, https:\/\/www.honlufoodtrailer.com\/wp-content\/uploads\/2024\/12\/mobile-toilet-container-300x225.jpg 300w\" sizes=\"(max-width: 720px) 100vw, 720px\" \/>O que pode obter de n\u00f3s<\/h3>\n<p>Como um fabricante profissional de reboque e exportador com mais de 10 anos de experi\u00eancia, n\u00f3s podemos beneficiar os clientes nos seguintes aspectos.<\/p>\n<ol>\n<li>Podemos personalizar o estilo de sanita contentora que pretende, de acordo com as suas necessidades espec\u00edficas. Por exemplo, pode escolher a disposi\u00e7\u00e3o, o n\u00famero de cub\u00edculos e lavat\u00f3rios, e at\u00e9 adicionar chuveiros e vesti\u00e1rios.<\/li>\n<li>Instalaremos acess\u00f3rios de qualidade e duradouros, o pavimento e o revestimento ser\u00e3o duradouros e imperme\u00e1veis, o espa\u00e7o ser\u00e1 bem ventilado e f\u00e1cil de limpar.<\/li>\n<li>Quer necessite de uma deslocaliza\u00e7\u00e3o regular ou de uma solu\u00e7\u00e3o tempor\u00e1ria, quer pretenda criar uma casa de banho exterior permanente para os seus empregados e clientes, as nossas casas de banho em contentores s\u00e3o uma excelente escolha.<\/li>\n<\/ol>\n<p><img loading=\"lazy\" decoding=\"async\" class=\"aligncenter size-full wp-image-9010\" src=\"https:\/\/www.honlufoodtrailer.com\/wp-content\/uploads\/2024\/12\/container-with-toilet.jpg\" alt=\"contentor com sanita\" width=\"720\" height=\"540\" srcset=\"https:\/\/www.honlufoodtrailer.com\/wp-content\/uploads\/2024\/12\/container-with-toilet.jpg 720w, https:\/\/www.honlufoodtrailer.com\/wp-content\/uploads\/2024\/12\/container-with-toilet-480x360.jpg 480w, https:\/\/www.honlufoodtrailer.com\/wp-content\/uploads\/2024\/12\/container-with-toilet-300x225.jpg 300w\" sizes=\"(max-width: 720px) 100vw, 720px\" \/>As modernas casas de banho em contentores s\u00e3o uma solu\u00e7\u00e3o eficiente e sustent\u00e1vel. Higi\u00e9nicos e f\u00e1ceis de limpar, os nossos contentores sanit\u00e1rios port\u00e1teis s\u00e3o uma solu\u00e7\u00e3o fi\u00e1vel, tempor\u00e1ria ou permanente, para uma variedade de locais e ambientes, incluindo festivais, parques de campismo, estaleiros de constru\u00e7\u00e3o, etc.<\/p>\n<h3>Personaliza\u00e7\u00f5es dispon\u00edveis:<\/h3>\n<ol>\n<li>Instala\u00e7\u00e3o el\u00e9ctrica, de aquecimento e de ilumina\u00e7\u00e3o<\/li>\n<li>Adicionar a marca da sua empresa<\/li>\n<li>Portas, janelas e clarab\u00f3ias<\/li>\n<li>Acabamentos e cores<\/li>\n<li>Qualquer fabrico por medida necess\u00e1rio<\/li>\n<\/ol>\n<h3>Desenho de planta baixa 2D\/3D gratuito<\/h3>\n<p>Para os clientes que encomendaram o nosso atrelado, depois de confirmarmos as dimens\u00f5es do atrelado e o equipamento interno da cozinha, podemos fornecer-lhe desenhos 3D gratuitamente. Isto permitir-lhe-\u00e1 ter uma ideia mais clara do seu design e do seu reboque.<\/p>\n<\/div>\n<\/div>\n<\/div>","protected":false},"excerpt":{"rendered":"<p>Esta \u00e9 uma das nossas casas de banho de contentor mar\u00edtimo de 5,7 m feitas \u00e0 medida, \u00e0 venda para um cliente das Seychelles. <strong>Clique nos separadores seguintes para ver mais detalhes sobre este atrelado de WC<\/strong>. Podemos fabricar um contentor sanit\u00e1rio m\u00f3vel semelhante a este ou personalizar um para si. Por favor, contacte-nos e diga-nos os seus requisitos detalhados. N\u00e3o hesite em contactar-nos!<\/p>","protected":false},"featured_media":9008,"template":"","meta":{"_themeisle_gutenberg_block_has_review":false},"product_brand":[],"product_cat":[26],"product_tag":[93,68],"class_list":{"0":"post-9004","1":"product","2":"type-product","3":"status-publish","4":"has-post-thumbnail","6":"product_cat-product","7":"product_tag-seychelles","8":"product_tag-toilet-trailer","10":"first","11":"instock","12":"featured","13":"shipping-taxable","14":"product-type-simple"},"yoast_head":"<!-- This site is optimized with the Yoast SEO plugin v27.4 - https:\/\/yoast.com\/product\/yoast-seo-wordpress\/ -->\n<title>18.7ft Shipping Container Toilets For Sale from China - Honlu<\/title>\n<meta name=\"description\" content=\"18.7ft mobile toilet made from shipping container, high quality with certificates, China factory price, click to get a quote now!\" \/>\n<meta name=\"robots\" content=\"index, follow, max-snippet:-1, max-image-preview:large, max-video-preview:-1\" \/>\n<link rel=\"canonical\" href=\"https:\/\/www.honlufoodtrailer.com\/pt\/product\/18ft-shipping-container-toilets-for-sale-seychelles\/\" \/>\n<meta property=\"og:locale\" content=\"pt_PT\" \/>\n<meta property=\"og:type\" content=\"article\" \/>\n<meta property=\"og:title\" content=\"18.7ft Shipping Container Toilets For Sale from China - Honlu\" \/>\n<meta property=\"og:description\" content=\"18.7ft mobile toilet made from shipping container, high quality with certificates, China factory price, click to get a quote now!\" \/>\n<meta property=\"og:url\" content=\"https:\/\/www.honlufoodtrailer.com\/pt\/product\/18ft-shipping-container-toilets-for-sale-seychelles\/\" \/>\n<meta property=\"og:site_name\" content=\"Honlu food trailer\" \/>\n<meta property=\"article:modified_time\" content=\"2025-02-14T03:41:46+00:00\" \/>\n<meta property=\"og:image\" content=\"https:\/\/www.honlufoodtrailer.com\/wp-content\/uploads\/2024\/12\/container-toilets-for-sale.jpg\" \/>\n\t<meta property=\"og:image:width\" content=\"720\" \/>\n\t<meta property=\"og:image:height\" content=\"540\" \/>\n\t<meta property=\"og:image:type\" content=\"image\/jpeg\" \/>\n<meta name=\"twitter:card\" content=\"summary_large_image\" \/>\n<meta name=\"twitter:label1\" content=\"Tempo estimado de leitura\" \/>\n\t<meta name=\"twitter:data1\" content=\"1 minuto\" \/>\n<script type=\"application\/ld+json\" class=\"yoast-schema-graph\">{\"@context\":\"https:\\\/\\\/schema.org\",\"@graph\":[{\"@type\":\"WebPage\",\"@id\":\"https:\\\/\\\/www.honlufoodtrailer.com\\\/product\\\/18ft-shipping-container-toilets-for-sale-seychelles\\\/\",\"url\":\"https:\\\/\\\/www.honlufoodtrailer.com\\\/product\\\/18ft-shipping-container-toilets-for-sale-seychelles\\\/\",\"name\":\"18.7ft Shipping Container Toilets For Sale from China - Honlu\",\"isPartOf\":{\"@id\":\"https:\\\/\\\/www.honlufoodtrailer.com\\\/#website\"},\"primaryImageOfPage\":{\"@id\":\"https:\\\/\\\/www.honlufoodtrailer.com\\\/product\\\/18ft-shipping-container-toilets-for-sale-seychelles\\\/#primaryimage\"},\"image\":{\"@id\":\"https:\\\/\\\/www.honlufoodtrailer.com\\\/product\\\/18ft-shipping-container-toilets-for-sale-seychelles\\\/#primaryimage\"},\"thumbnailUrl\":\"https:\\\/\\\/www.honlufoodtrailer.com\\\/wp-content\\\/uploads\\\/2024\\\/12\\\/container-toilets-for-sale.jpg\",\"datePublished\":\"2024-12-03T09:51:16+00:00\",\"dateModified\":\"2025-02-14T03:41:46+00:00\",\"description\":\"18.7ft mobile toilet made from shipping container, high quality with certificates, China factory price, click to get a quote now!\",\"breadcrumb\":{\"@id\":\"https:\\\/\\\/www.honlufoodtrailer.com\\\/product\\\/18ft-shipping-container-toilets-for-sale-seychelles\\\/#breadcrumb\"},\"inLanguage\":\"pt-PT\",\"potentialAction\":[{\"@type\":\"ReadAction\",\"target\":[\"https:\\\/\\\/www.honlufoodtrailer.com\\\/product\\\/18ft-shipping-container-toilets-for-sale-seychelles\\\/\"]}]},{\"@type\":\"ImageObject\",\"inLanguage\":\"pt-PT\",\"@id\":\"https:\\\/\\\/www.honlufoodtrailer.com\\\/product\\\/18ft-shipping-container-toilets-for-sale-seychelles\\\/#primaryimage\",\"url\":\"https:\\\/\\\/www.honlufoodtrailer.com\\\/wp-content\\\/uploads\\\/2024\\\/12\\\/container-toilets-for-sale.jpg\",\"contentUrl\":\"https:\\\/\\\/www.honlufoodtrailer.com\\\/wp-content\\\/uploads\\\/2024\\\/12\\\/container-toilets-for-sale.jpg\",\"width\":720,\"height\":540,\"caption\":\"container toilets for sale\"},{\"@type\":\"BreadcrumbList\",\"@id\":\"https:\\\/\\\/www.honlufoodtrailer.com\\\/product\\\/18ft-shipping-container-toilets-for-sale-seychelles\\\/#breadcrumb\",\"itemListElement\":[{\"@type\":\"ListItem\",\"position\":1,\"name\":\"Home\",\"item\":\"https:\\\/\\\/www.honlufoodtrailer.com\\\/\"},{\"@type\":\"ListItem\",\"position\":2,\"name\":\"\u4ea7\u54c1\",\"item\":\"https:\\\/\\\/www.honlufoodtrailer.com\\\/shop\\\/\"},{\"@type\":\"ListItem\",\"position\":3,\"name\":\"18.7ft Shipping Container Toilets For Sale Seychelles\"}]},{\"@type\":\"WebSite\",\"@id\":\"https:\\\/\\\/www.honlufoodtrailer.com\\\/#website\",\"url\":\"https:\\\/\\\/www.honlufoodtrailer.com\\\/\",\"name\":\"Honlu food trailer\",\"description\":\"\",\"publisher\":{\"@id\":\"https:\\\/\\\/www.honlufoodtrailer.com\\\/#organization\"},\"potentialAction\":[{\"@type\":\"SearchAction\",\"target\":{\"@type\":\"EntryPoint\",\"urlTemplate\":\"https:\\\/\\\/www.honlufoodtrailer.com\\\/?s={search_term_string}\"},\"query-input\":{\"@type\":\"PropertyValueSpecification\",\"valueRequired\":true,\"valueName\":\"search_term_string\"}}],\"inLanguage\":\"pt-PT\"},{\"@type\":\"Organization\",\"@id\":\"https:\\\/\\\/www.honlufoodtrailer.com\\\/#organization\",\"name\":\"Honlu food trailer\",\"url\":\"https:\\\/\\\/www.honlufoodtrailer.com\\\/\",\"logo\":{\"@type\":\"ImageObject\",\"inLanguage\":\"pt-PT\",\"@id\":\"https:\\\/\\\/www.honlufoodtrailer.com\\\/#\\\/schema\\\/logo\\\/image\\\/\",\"url\":\"https:\\\/\\\/www.honlufoodtrailer.com\\\/wp-content\\\/uploads\\\/2021\\\/12\\\/2.gif\",\"contentUrl\":\"https:\\\/\\\/www.honlufoodtrailer.com\\\/wp-content\\\/uploads\\\/2021\\\/12\\\/2.gif\",\"width\":350,\"height\":100,\"caption\":\"Honlu food trailer\"},\"image\":{\"@id\":\"https:\\\/\\\/www.honlufoodtrailer.com\\\/#\\\/schema\\\/logo\\\/image\\\/\"}}]}<\/script>\n<!-- \/ Yoast SEO plugin. -->","yoast_head_json":{"title":"Sanit\u00e1rios de contentores de transporte de 18,7 p\u00e9s para venda da China - Honlu","description":"Casa de banho m\u00f3vel de 18,7 p\u00e9s feita de contentor de transporte, alta qualidade com certificados, pre\u00e7o de f\u00e1brica na China, clique para obter uma cota\u00e7\u00e3o agora!","robots":{"index":"index","follow":"follow","max-snippet":"max-snippet:-1","max-image-preview":"max-image-preview:large","max-video-preview":"max-video-preview:-1"},"canonical":"https:\/\/www.honlufoodtrailer.com\/pt\/product\/18ft-shipping-container-toilets-for-sale-seychelles\/","og_locale":"pt_PT","og_type":"article","og_title":"18.7ft Shipping Container Toilets For Sale from China - Honlu","og_description":"18.7ft mobile toilet made from shipping container, high quality with certificates, China factory price, click to get a quote now!","og_url":"https:\/\/www.honlufoodtrailer.com\/pt\/product\/18ft-shipping-container-toilets-for-sale-seychelles\/","og_site_name":"Honlu food trailer","article_modified_time":"2025-02-14T03:41:46+00:00","og_image":[{"width":720,"height":540,"url":"https:\/\/www.honlufoodtrailer.com\/wp-content\/uploads\/2024\/12\/container-toilets-for-sale.jpg","type":"image\/jpeg"}],"twitter_card":"summary_large_image","twitter_misc":{"Tempo estimado de leitura":"1 minuto"},"schema":{"@context":"https:\/\/schema.org","@graph":[{"@type":"WebPage","@id":"https:\/\/www.honlufoodtrailer.com\/product\/18ft-shipping-container-toilets-for-sale-seychelles\/","url":"https:\/\/www.honlufoodtrailer.com\/product\/18ft-shipping-container-toilets-for-sale-seychelles\/","name":"Sanit\u00e1rios de contentores de transporte de 18,7 p\u00e9s para venda da China - Honlu","isPartOf":{"@id":"https:\/\/www.honlufoodtrailer.com\/#website"},"primaryImageOfPage":{"@id":"https:\/\/www.honlufoodtrailer.com\/product\/18ft-shipping-container-toilets-for-sale-seychelles\/#primaryimage"},"image":{"@id":"https:\/\/www.honlufoodtrailer.com\/product\/18ft-shipping-container-toilets-for-sale-seychelles\/#primaryimage"},"thumbnailUrl":"https:\/\/www.honlufoodtrailer.com\/wp-content\/uploads\/2024\/12\/container-toilets-for-sale.jpg","datePublished":"2024-12-03T09:51:16+00:00","dateModified":"2025-02-14T03:41:46+00:00","description":"Casa de banho m\u00f3vel de 18,7 p\u00e9s feita de contentor de transporte, alta qualidade com certificados, pre\u00e7o de f\u00e1brica na China, clique para obter uma cota\u00e7\u00e3o agora!","breadcrumb":{"@id":"https:\/\/www.honlufoodtrailer.com\/product\/18ft-shipping-container-toilets-for-sale-seychelles\/#breadcrumb"},"inLanguage":"pt-PT","potentialAction":[{"@type":"ReadAction","target":["https:\/\/www.honlufoodtrailer.com\/product\/18ft-shipping-container-toilets-for-sale-seychelles\/"]}]},{"@type":"ImageObject","inLanguage":"pt-PT","@id":"https:\/\/www.honlufoodtrailer.com\/product\/18ft-shipping-container-toilets-for-sale-seychelles\/#primaryimage","url":"https:\/\/www.honlufoodtrailer.com\/wp-content\/uploads\/2024\/12\/container-toilets-for-sale.jpg","contentUrl":"https:\/\/www.honlufoodtrailer.com\/wp-content\/uploads\/2024\/12\/container-toilets-for-sale.jpg","width":720,"height":540,"caption":"container toilets for sale"},{"@type":"BreadcrumbList","@id":"https:\/\/www.honlufoodtrailer.com\/product\/18ft-shipping-container-toilets-for-sale-seychelles\/#breadcrumb","itemListElement":[{"@type":"ListItem","position":1,"name":"Home","item":"https:\/\/www.honlufoodtrailer.com\/"},{"@type":"ListItem","position":2,"name":"\u4ea7\u54c1","item":"https:\/\/www.honlufoodtrailer.com\/shop\/"},{"@type":"ListItem","position":3,"name":"18.7ft Shipping Container Toilets For Sale Seychelles"}]},{"@type":"WebSite","@id":"https:\/\/www.honlufoodtrailer.com\/#website","url":"https:\/\/www.honlufoodtrailer.com\/","name":"Reboque de comida Honlu","description":"","publisher":{"@id":"https:\/\/www.honlufoodtrailer.com\/#organization"},"potentialAction":[{"@type":"SearchAction","target":{"@type":"EntryPoint","urlTemplate":"https:\/\/www.honlufoodtrailer.com\/?s={search_term_string}"},"query-input":{"@type":"PropertyValueSpecification","valueRequired":true,"valueName":"search_term_string"}}],"inLanguage":"pt-PT"},{"@type":"Organization","@id":"https:\/\/www.honlufoodtrailer.com\/#organization","name":"Reboque de comida Honlu","url":"https:\/\/www.honlufoodtrailer.com\/","logo":{"@type":"ImageObject","inLanguage":"pt-PT","@id":"https:\/\/www.honlufoodtrailer.com\/#\/schema\/logo\/image\/","url":"https:\/\/www.honlufoodtrailer.com\/wp-content\/uploads\/2021\/12\/2.gif","contentUrl":"https:\/\/www.honlufoodtrailer.com\/wp-content\/uploads\/2021\/12\/2.gif","width":350,"height":100,"caption":"Honlu food trailer"},"image":{"@id":"https:\/\/www.honlufoodtrailer.com\/#\/schema\/logo\/image\/"}}]}},"_links":{"self":[{"href":"https:\/\/www.honlufoodtrailer.com\/pt\/wp-json\/wp\/v2\/product\/9004","targetHints":{"allow":["GET"]}}],"collection":[{"href":"https:\/\/www.honlufoodtrailer.com\/pt\/wp-json\/wp\/v2\/product"}],"about":[{"href":"https:\/\/www.honlufoodtrailer.com\/pt\/wp-json\/wp\/v2\/types\/product"}],"version-history":[{"count":6,"href":"https:\/\/www.honlufoodtrailer.com\/pt\/wp-json\/wp\/v2\/product\/9004\/revisions"}],"predecessor-version":[{"id":9476,"href":"https:\/\/www.honlufoodtrailer.com\/pt\/wp-json\/wp\/v2\/product\/9004\/revisions\/9476"}],"wp:featuredmedia":[{"embeddable":true,"href":"https:\/\/www.honlufoodtrailer.com\/pt\/wp-json\/wp\/v2\/media\/9008"}],"wp:attachment":[{"href":"https:\/\/www.honlufoodtrailer.com\/pt\/wp-json\/wp\/v2\/media?parent=9004"}],"wp:term":[{"taxonomy":"product_brand","embeddable":true,"href":"https:\/\/www.honlufoodtrailer.com\/pt\/wp-json\/wp\/v2\/product_brand?post=9004"},{"taxonomy":"product_cat","embeddable":true,"href":"https:\/\/www.honlufoodtrailer.com\/pt\/wp-json\/wp\/v2\/product_cat?post=9004"},{"taxonomy":"product_tag","embeddable":true,"href":"https:\/\/www.honlufoodtrailer.com\/pt\/wp-json\/wp\/v2\/product_tag?post=9004"}],"curies":[{"name":"wp","href":"https:\/\/api.w.org\/{rel}","templated":true}]}}