{"id":2650,"date":"2022-02-23T15:15:51","date_gmt":"2022-02-23T07:15:51","guid":{"rendered":"https:\/\/www.honlufoodtrailer.com\/?post_type=product&#038;p=2650"},"modified":"2024-05-24T10:29:53","modified_gmt":"2024-05-24T02:29:53","slug":"eight-meters-galvanized-food-trailer","status":"publish","type":"product","link":"https:\/\/www.honlufoodtrailer.com\/sl\/product\/eight-meters-galvanized-food-trailer\/","title":{"rendered":"Osem metrov pocinkana prikolica za hrano"},"content":{"rendered":"<p data-spm-anchor-id=\"a2700.wholesale.0.i28.29e52808agqc7f\">This is an 8m galvanized food trailer we have customized for one of our customers from the United States. As you can see from the pictures below, it has 3 axles, which is more sturdy and durable. In addition to the two large windows on the front, we also made a small window on the side. Now, let&#8217;s see some pictures of this food trailer.<\/p>\n<figure id=\"attachment_2657\" aria-describedby=\"caption-attachment-2657\" style=\"width: 720px\" class=\"wp-caption aligncenter\"><img fetchpriority=\"high\" decoding=\"async\" class=\"size-full wp-image-2657\" src=\"https:\/\/www.honlufoodtrailer.com\/wp-content\/uploads\/2022\/01\/7-Eight-meters-galvanized-sheet-material-food-trailer.jpg\" alt=\"Osem metrov pocinkane plo\u010devine material hrane prikolica\" width=\"720\" height=\"540\" srcset=\"https:\/\/www.honlufoodtrailer.com\/wp-content\/uploads\/2022\/01\/7-Eight-meters-galvanized-sheet-material-food-trailer.jpg 720w, https:\/\/www.honlufoodtrailer.com\/wp-content\/uploads\/2022\/01\/7-Eight-meters-galvanized-sheet-material-food-trailer-300x225.jpg 300w\" sizes=\"(max-width: 720px) 100vw, 720px\" \/><figcaption id=\"caption-attachment-2657\" class=\"wp-caption-text\">Osem metrov pocinkane plo\u010devine material hrane prikolica<\/figcaption><\/figure>\n<figure id=\"attachment_2653\" aria-describedby=\"caption-attachment-2653\" style=\"width: 720px\" class=\"wp-caption aligncenter\"><img decoding=\"async\" class=\"size-full wp-image-2653\" src=\"https:\/\/www.honlufoodtrailer.com\/wp-content\/uploads\/2022\/01\/3-Eight-meters-galvanized-sheet-material-food-trailer.jpg\" alt=\"Osem metrov pocinkane plo\u010devine material hrane prikolica\" width=\"720\" height=\"540\" \/><figcaption id=\"caption-attachment-2653\" class=\"wp-caption-text\">Osem metrov pocinkane plo\u010devine material hrane prikolica<\/figcaption><\/figure>\n<p>Barva celotnega vozila je \u010drna, na\u0161e stranke pa \u017eelijo dodati nekaj lu\u010di, oglasnih panojev in drugih okraskov, zato na nekatere dele dodamo tudi kljuke, da strankam olaj\u0161amo uporabo. Uporabljamo tudi vodoodporno zasnovo na oknih in vratih, vse te majhne zasnove pa so namenjene bolj\u0161o uporabni izku\u0161njo strank.<\/p>\n<h3>Inner Details of the 8m Galvanized Food Trailer<\/h3>\n<p data-spm-anchor-id=\"a2700.wholesale.0.i28.29e52808agqc7f\">Delovna miza in notranja stena v karoseriji sta izdelani iz nerjave\u010dega jekla, primernega za \u017eivila. Po \u017eelji strank je opremljena z zamrzovalniki, vitrinami za izolacijo \u017eivil, \u0161tirimi pomivalnimi koriti po meri, plinskimi \u0161tedilniki, kuhinjskimi napami in drugo opremo. Glede na potrebe strank bi radi kupili tudi druge vrste opreme.<\/p>\n<p data-spm-anchor-id=\"a2700.wholesale.0.i28.29e52808agqc7f\"><img decoding=\"async\" class=\"aligncenter size-full wp-image-7689\" src=\"https:\/\/www.honlufoodtrailer.com\/wp-content\/uploads\/2022\/02\/inner-View-of-eight-meters-galvanized-food-trailer.jpg\" alt=\"inner View of eight meters galvanized food trailer\" width=\"800\" height=\"534\" srcset=\"https:\/\/www.honlufoodtrailer.com\/wp-content\/uploads\/2022\/02\/inner-View-of-eight-meters-galvanized-food-trailer.jpg 800w, https:\/\/www.honlufoodtrailer.com\/wp-content\/uploads\/2022\/02\/inner-View-of-eight-meters-galvanized-food-trailer-768x513.jpg 768w, https:\/\/www.honlufoodtrailer.com\/wp-content\/uploads\/2022\/02\/inner-View-of-eight-meters-galvanized-food-trailer-480x320.jpg 480w, https:\/\/www.honlufoodtrailer.com\/wp-content\/uploads\/2022\/02\/inner-View-of-eight-meters-galvanized-food-trailer-300x200.jpg 300w, https:\/\/www.honlufoodtrailer.com\/wp-content\/uploads\/2022\/02\/inner-View-of-eight-meters-galvanized-food-trailer-720x481.jpg 720w\" sizes=\"(max-width: 800px) 100vw, 800px\" \/><\/p>\n<p>Celotna prikolica je kompaktna in enostavna za uporabo. To je najprimernej\u0161i model za zagon podjetij s hitro prehrano, naro\u010dila v trgovskih centrih, enotno upravljanje uli\u010dne hitre prehrane in dru\u017einske piknike. Uporablja se lahko tudi za prodajo \u010desar koli, od hot-dogov, maloprodajnih dejavnosti, cvetli\u010dnih dejavnosti, sendvi\u010dev, kave, sladoleda itd. Imamo certifikat CE, ki vam bo pomagal pri zagonu mobilnega podjetja.<\/p>\n<h3 class=\"magic-6\" data-spm-anchor-id=\"a2700.wholesale.0.i28.29e52808agqc7f\">Main Features of the 8m Galvanized Food Trailer<\/h3>\n<div class=\"magic-7\">\n<div class=\"magic-8\">\n<div class=\"magic-9\" data-id=\"paragraph0\">\n<ol>\n<li>The super-long food trailer has a large internal space and can accommodate more equipment to meet the various needs of customers;<\/li>\n<li>Pocinkana plo\u010devina z odli\u010dno odpornostjo proti koroziji in toploti;<\/li>\n<li>Sodobna in napredna oprema, s katero je opremljena mobilna prikolica za hrano;<\/li>\n<li>Priro\u010dno in enostavno za premikanje;<\/li>\n<li>Z veseljem ga bomo spremenili v skladu z va\u0161imi zahtevami.<\/li>\n<\/ol>\n<h3>Brezpla\u010dno 2D\/3D risanje tlorisa<\/h3>\n<p>Za stranke, ki so naro\u010dile na\u0161e prikolice za hrano, nudimo brezpla\u010dno 2D\/3D na\u010drtovanje in risbo. To pomeni, da vam lahko po potrditvi dimenzij prikolice za hrano in notranje kuhinjske opreme brezpla\u010dno zagotovimo 3D risbe. Tako boste dobili jasnej\u0161o predstavo o va\u0161i zasnovi in va\u0161i vozi\u010dku za hrano. Pri potrditvi lokacije kuhinjske opreme lahko z vami jasno komuniciramo prek tlorisa. Zagotavljamo vam lahko tudi originalne dokumente, ki vam bodo olaj\u0161ali na\u010drtovanje in prilagoditve.<\/p>\n<\/div>\n<\/div>\n<\/div>","protected":false},"excerpt":{"rendered":"<p>This is one of our custom eight-meter food trailers, the top of the front and rear is designed with a small arc. Due to the eight-meter-long body, we customized two oversized service windows for our customers. The workbench and inner wall inside the food trailer body are all made of food-grade stainless steel. We would like to purchase other types of equipment based on customers&#8217; needs.<\/p>","protected":false},"featured_media":0,"template":"","meta":{"_themeisle_gutenberg_block_has_review":false},"product_brand":[],"product_cat":[26],"product_tag":[33,41,45,38],"class_list":{"0":"post-2650","1":"product","2":"type-product","3":"status-publish","5":"product_cat-product","6":"product_tag-customized-trailer","7":"product_tag-galvanized-trailer","8":"product_tag-large-food-trailer","9":"product_tag-mobile-food-trailer","11":"first","12":"instock","13":"shipping-taxable","14":"product-type-simple"},"yoast_head":"<!-- This site is optimized with the Yoast SEO plugin v27.5 - https:\/\/yoast.com\/product\/yoast-seo-wordpress\/ -->\n<title>Eight Meters Galvanized Food Trailer From China - Honlu Food Trailer<\/title>\n<meta name=\"description\" content=\"This is one of our custom eight-meter food trailers, the top of the front and rear are designed with a small arc. Due to the eight-meter-long body, we customized two oversized service windows for our customers. The workbench and inner wall inside the car body are all made of food-grade stainless steel. We would like to purchase other types of equipment based on customers&#039; needs.\" \/>\n<meta name=\"robots\" content=\"index, follow, max-snippet:-1, max-image-preview:large, max-video-preview:-1\" \/>\n<link rel=\"canonical\" href=\"https:\/\/www.honlufoodtrailer.com\/sl\/product\/eight-meters-galvanized-food-trailer\/\" \/>\n<meta property=\"og:locale\" content=\"sl_SI\" \/>\n<meta property=\"og:type\" content=\"article\" \/>\n<meta property=\"og:title\" content=\"Eight Meters Galvanized Food Trailer From China - Honlu Food Trailer\" \/>\n<meta property=\"og:description\" content=\"This is one of our custom eight-meter food trailers, the top of the front and rear are designed with a small arc. Due to the eight-meter-long body, we customized two oversized service windows for our customers. The workbench and inner wall inside the car body are all made of food-grade stainless steel. We would like to purchase other types of equipment based on customers&#039; needs.\" \/>\n<meta property=\"og:url\" content=\"https:\/\/www.honlufoodtrailer.com\/sl\/product\/eight-meters-galvanized-food-trailer\/\" \/>\n<meta property=\"og:site_name\" content=\"Honlu food trailer\" \/>\n<meta property=\"article:modified_time\" content=\"2024-05-24T02:29:53+00:00\" \/>\n<meta property=\"og:image\" content=\"https:\/\/www.honlufoodtrailer.com\/wp-content\/uploads\/2022\/01\/1-Eight-meters-galvanized-sheet-material-food-trailer.jpg\" \/>\n\t<meta property=\"og:image:width\" content=\"720\" \/>\n\t<meta property=\"og:image:height\" content=\"540\" \/>\n\t<meta property=\"og:image:type\" content=\"image\/jpeg\" \/>\n<meta name=\"twitter:card\" content=\"summary_large_image\" \/>\n<meta name=\"twitter:label1\" content=\"Est. reading time\" \/>\n\t<meta name=\"twitter:data1\" content=\"2 minuti\" \/>\n<script type=\"application\/ld+json\" class=\"yoast-schema-graph\">{\"@context\":\"https:\\\/\\\/schema.org\",\"@graph\":[{\"@type\":\"WebPage\",\"@id\":\"https:\\\/\\\/www.honlufoodtrailer.com\\\/product\\\/eight-meters-galvanized-food-trailer\\\/\",\"url\":\"https:\\\/\\\/www.honlufoodtrailer.com\\\/product\\\/eight-meters-galvanized-food-trailer\\\/\",\"name\":\"Eight Meters Galvanized Food Trailer From China - Honlu Food Trailer\",\"isPartOf\":{\"@id\":\"https:\\\/\\\/www.honlufoodtrailer.com\\\/#website\"},\"primaryImageOfPage\":{\"@id\":\"https:\\\/\\\/www.honlufoodtrailer.com\\\/product\\\/eight-meters-galvanized-food-trailer\\\/#primaryimage\"},\"image\":{\"@id\":\"https:\\\/\\\/www.honlufoodtrailer.com\\\/product\\\/eight-meters-galvanized-food-trailer\\\/#primaryimage\"},\"thumbnailUrl\":\"https:\\\/\\\/www.honlufoodtrailer.com\\\/wp-content\\\/uploads\\\/2022\\\/01\\\/7-Eight-meters-galvanized-sheet-material-food-trailer.jpg\",\"datePublished\":\"2022-02-23T07:15:51+00:00\",\"dateModified\":\"2024-05-24T02:29:53+00:00\",\"description\":\"This is one of our custom eight-meter food trailers, the top of the front and rear are designed with a small arc. Due to the eight-meter-long body, we customized two oversized service windows for our customers. The workbench and inner wall inside the car body are all made of food-grade stainless steel. We would like to purchase other types of equipment based on customers' needs.\",\"breadcrumb\":{\"@id\":\"https:\\\/\\\/www.honlufoodtrailer.com\\\/product\\\/eight-meters-galvanized-food-trailer\\\/#breadcrumb\"},\"inLanguage\":\"sl-SI\",\"potentialAction\":[{\"@type\":\"ReadAction\",\"target\":[\"https:\\\/\\\/www.honlufoodtrailer.com\\\/product\\\/eight-meters-galvanized-food-trailer\\\/\"]}]},{\"@type\":\"ImageObject\",\"inLanguage\":\"sl-SI\",\"@id\":\"https:\\\/\\\/www.honlufoodtrailer.com\\\/product\\\/eight-meters-galvanized-food-trailer\\\/#primaryimage\",\"url\":\"https:\\\/\\\/www.honlufoodtrailer.com\\\/wp-content\\\/uploads\\\/2022\\\/01\\\/7-Eight-meters-galvanized-sheet-material-food-trailer.jpg\",\"contentUrl\":\"https:\\\/\\\/www.honlufoodtrailer.com\\\/wp-content\\\/uploads\\\/2022\\\/01\\\/7-Eight-meters-galvanized-sheet-material-food-trailer.jpg\"},{\"@type\":\"BreadcrumbList\",\"@id\":\"https:\\\/\\\/www.honlufoodtrailer.com\\\/product\\\/eight-meters-galvanized-food-trailer\\\/#breadcrumb\",\"itemListElement\":[{\"@type\":\"ListItem\",\"position\":1,\"name\":\"Home\",\"item\":\"https:\\\/\\\/www.honlufoodtrailer.com\\\/\"},{\"@type\":\"ListItem\",\"position\":2,\"name\":\"\u4ea7\u54c1\",\"item\":\"https:\\\/\\\/www.honlufoodtrailer.com\\\/shop\\\/\"},{\"@type\":\"ListItem\",\"position\":3,\"name\":\"Eight Meters Galvanized Food Trailer\"}]},{\"@type\":\"WebSite\",\"@id\":\"https:\\\/\\\/www.honlufoodtrailer.com\\\/#website\",\"url\":\"https:\\\/\\\/www.honlufoodtrailer.com\\\/\",\"name\":\"Honlu food trailer\",\"description\":\"\",\"publisher\":{\"@id\":\"https:\\\/\\\/www.honlufoodtrailer.com\\\/#organization\"},\"potentialAction\":[{\"@type\":\"SearchAction\",\"target\":{\"@type\":\"EntryPoint\",\"urlTemplate\":\"https:\\\/\\\/www.honlufoodtrailer.com\\\/?s={search_term_string}\"},\"query-input\":{\"@type\":\"PropertyValueSpecification\",\"valueRequired\":true,\"valueName\":\"search_term_string\"}}],\"inLanguage\":\"sl-SI\"},{\"@type\":\"Organization\",\"@id\":\"https:\\\/\\\/www.honlufoodtrailer.com\\\/#organization\",\"name\":\"Honlu food trailer\",\"url\":\"https:\\\/\\\/www.honlufoodtrailer.com\\\/\",\"logo\":{\"@type\":\"ImageObject\",\"inLanguage\":\"sl-SI\",\"@id\":\"https:\\\/\\\/www.honlufoodtrailer.com\\\/#\\\/schema\\\/logo\\\/image\\\/\",\"url\":\"https:\\\/\\\/www.honlufoodtrailer.com\\\/wp-content\\\/uploads\\\/2021\\\/12\\\/2.gif\",\"contentUrl\":\"https:\\\/\\\/www.honlufoodtrailer.com\\\/wp-content\\\/uploads\\\/2021\\\/12\\\/2.gif\",\"width\":350,\"height\":100,\"caption\":\"Honlu food trailer\"},\"image\":{\"@id\":\"https:\\\/\\\/www.honlufoodtrailer.com\\\/#\\\/schema\\\/logo\\\/image\\\/\"}}]}<\/script>\n<!-- \/ Yoast SEO plugin. -->","yoast_head_json":{"title":"Eight Meters Galvanized Food Trailer From China - Honlu Food Trailer","description":"This is one of our custom eight-meter food trailers, the top of the front and rear are designed with a small arc. Due to the eight-meter-long body, we customized two oversized service windows for our customers. The workbench and inner wall inside the car body are all made of food-grade stainless steel. We would like to purchase other types of equipment based on customers' needs.","robots":{"index":"index","follow":"follow","max-snippet":"max-snippet:-1","max-image-preview":"max-image-preview:large","max-video-preview":"max-video-preview:-1"},"canonical":"https:\/\/www.honlufoodtrailer.com\/sl\/product\/eight-meters-galvanized-food-trailer\/","og_locale":"sl_SI","og_type":"article","og_title":"Eight Meters Galvanized Food Trailer From China - Honlu Food Trailer","og_description":"This is one of our custom eight-meter food trailers, the top of the front and rear are designed with a small arc. Due to the eight-meter-long body, we customized two oversized service windows for our customers. The workbench and inner wall inside the car body are all made of food-grade stainless steel. We would like to purchase other types of equipment based on customers' needs.","og_url":"https:\/\/www.honlufoodtrailer.com\/sl\/product\/eight-meters-galvanized-food-trailer\/","og_site_name":"Honlu food trailer","article_modified_time":"2024-05-24T02:29:53+00:00","og_image":[{"width":720,"height":540,"url":"https:\/\/www.honlufoodtrailer.com\/wp-content\/uploads\/2022\/01\/1-Eight-meters-galvanized-sheet-material-food-trailer.jpg","type":"image\/jpeg"}],"twitter_card":"summary_large_image","twitter_misc":{"Est. reading time":"2 minuti"},"schema":{"@context":"https:\/\/schema.org","@graph":[{"@type":"WebPage","@id":"https:\/\/www.honlufoodtrailer.com\/product\/eight-meters-galvanized-food-trailer\/","url":"https:\/\/www.honlufoodtrailer.com\/product\/eight-meters-galvanized-food-trailer\/","name":"Eight Meters Galvanized Food Trailer From China - Honlu Food Trailer","isPartOf":{"@id":"https:\/\/www.honlufoodtrailer.com\/#website"},"primaryImageOfPage":{"@id":"https:\/\/www.honlufoodtrailer.com\/product\/eight-meters-galvanized-food-trailer\/#primaryimage"},"image":{"@id":"https:\/\/www.honlufoodtrailer.com\/product\/eight-meters-galvanized-food-trailer\/#primaryimage"},"thumbnailUrl":"https:\/\/www.honlufoodtrailer.com\/wp-content\/uploads\/2022\/01\/7-Eight-meters-galvanized-sheet-material-food-trailer.jpg","datePublished":"2022-02-23T07:15:51+00:00","dateModified":"2024-05-24T02:29:53+00:00","description":"This is one of our custom eight-meter food trailers, the top of the front and rear are designed with a small arc. Due to the eight-meter-long body, we customized two oversized service windows for our customers. The workbench and inner wall inside the car body are all made of food-grade stainless steel. We would like to purchase other types of equipment based on customers' needs.","breadcrumb":{"@id":"https:\/\/www.honlufoodtrailer.com\/product\/eight-meters-galvanized-food-trailer\/#breadcrumb"},"inLanguage":"sl-SI","potentialAction":[{"@type":"ReadAction","target":["https:\/\/www.honlufoodtrailer.com\/product\/eight-meters-galvanized-food-trailer\/"]}]},{"@type":"ImageObject","inLanguage":"sl-SI","@id":"https:\/\/www.honlufoodtrailer.com\/product\/eight-meters-galvanized-food-trailer\/#primaryimage","url":"https:\/\/www.honlufoodtrailer.com\/wp-content\/uploads\/2022\/01\/7-Eight-meters-galvanized-sheet-material-food-trailer.jpg","contentUrl":"https:\/\/www.honlufoodtrailer.com\/wp-content\/uploads\/2022\/01\/7-Eight-meters-galvanized-sheet-material-food-trailer.jpg"},{"@type":"BreadcrumbList","@id":"https:\/\/www.honlufoodtrailer.com\/product\/eight-meters-galvanized-food-trailer\/#breadcrumb","itemListElement":[{"@type":"ListItem","position":1,"name":"Home","item":"https:\/\/www.honlufoodtrailer.com\/"},{"@type":"ListItem","position":2,"name":"\u4ea7\u54c1","item":"https:\/\/www.honlufoodtrailer.com\/shop\/"},{"@type":"ListItem","position":3,"name":"Eight Meters Galvanized Food Trailer"}]},{"@type":"WebSite","@id":"https:\/\/www.honlufoodtrailer.com\/#website","url":"https:\/\/www.honlufoodtrailer.com\/","name":"Prikolica za hrano Honlu","description":"","publisher":{"@id":"https:\/\/www.honlufoodtrailer.com\/#organization"},"potentialAction":[{"@type":"SearchAction","target":{"@type":"EntryPoint","urlTemplate":"https:\/\/www.honlufoodtrailer.com\/?s={search_term_string}"},"query-input":{"@type":"PropertyValueSpecification","valueRequired":true,"valueName":"search_term_string"}}],"inLanguage":"sl-SI"},{"@type":"Organization","@id":"https:\/\/www.honlufoodtrailer.com\/#organization","name":"Prikolica za hrano Honlu","url":"https:\/\/www.honlufoodtrailer.com\/","logo":{"@type":"ImageObject","inLanguage":"sl-SI","@id":"https:\/\/www.honlufoodtrailer.com\/#\/schema\/logo\/image\/","url":"https:\/\/www.honlufoodtrailer.com\/wp-content\/uploads\/2021\/12\/2.gif","contentUrl":"https:\/\/www.honlufoodtrailer.com\/wp-content\/uploads\/2021\/12\/2.gif","width":350,"height":100,"caption":"Honlu food trailer"},"image":{"@id":"https:\/\/www.honlufoodtrailer.com\/#\/schema\/logo\/image\/"}}]}},"_links":{"self":[{"href":"https:\/\/www.honlufoodtrailer.com\/sl\/wp-json\/wp\/v2\/product\/2650","targetHints":{"allow":["GET"]}}],"collection":[{"href":"https:\/\/www.honlufoodtrailer.com\/sl\/wp-json\/wp\/v2\/product"}],"about":[{"href":"https:\/\/www.honlufoodtrailer.com\/sl\/wp-json\/wp\/v2\/types\/product"}],"version-history":[{"count":0,"href":"https:\/\/www.honlufoodtrailer.com\/sl\/wp-json\/wp\/v2\/product\/2650\/revisions"}],"wp:attachment":[{"href":"https:\/\/www.honlufoodtrailer.com\/sl\/wp-json\/wp\/v2\/media?parent=2650"}],"wp:term":[{"taxonomy":"product_brand","embeddable":true,"href":"https:\/\/www.honlufoodtrailer.com\/sl\/wp-json\/wp\/v2\/product_brand?post=2650"},{"taxonomy":"product_cat","embeddable":true,"href":"https:\/\/www.honlufoodtrailer.com\/sl\/wp-json\/wp\/v2\/product_cat?post=2650"},{"taxonomy":"product_tag","embeddable":true,"href":"https:\/\/www.honlufoodtrailer.com\/sl\/wp-json\/wp\/v2\/product_tag?post=2650"}],"curies":[{"name":"wp","href":"https:\/\/api.w.org\/{rel}","templated":true}]}}