{"id":2883,"date":"2022-02-12T17:05:30","date_gmt":"2022-02-12T09:05:30","guid":{"rendered":"https:\/\/www.honlufoodtrailer.com\/?post_type=product&#038;p=2883"},"modified":"2024-06-06T14:54:34","modified_gmt":"2024-06-06T06:54:34","slug":"blue-square-food-trailer-with-double-lift-window","status":"publish","type":"product","link":"https:\/\/www.honlufoodtrailer.com\/sl\/product\/blue-square-food-trailer-with-double-lift-window\/","title":{"rendered":"4m Blue square food trailer with double lift window"},"content":{"rendered":"<p data-spm-anchor-id=\"a2700.wholesale.0.i28.29e52808agqc7f\">To je prilagojena 5M \u010drna kvadratna prikolica. Celotno vozilo ima karoserijo in operacijsko mizo iz nerjave\u010dega jekla. Uporablja se lahko za prodajo hrenovk, trgovin na drobno, cvetja, sendvi\u010dev, kave, sladoleda itd. Imamo certifikat CE, ki vam pomaga pri zagonu mobilnega poslovanja.<\/p>\n<p data-spm-anchor-id=\"a2700.wholesale.0.i28.29e52808agqc7f\"><img fetchpriority=\"high\" decoding=\"async\" class=\"aligncenter size-full wp-image-2938\" src=\"https:\/\/www.honlufoodtrailer.com\/wp-content\/uploads\/2022\/02\/1-Customized-5.7M-blue-square-food-trailer-21-8145-1.jpg\" alt=\"Prilagojena modra kvadratna prikolica za hrano 5,7M-21-8145 (1)\" width=\"720\" height=\"540\" srcset=\"https:\/\/www.honlufoodtrailer.com\/wp-content\/uploads\/2022\/02\/1-Customized-5.7M-blue-square-food-trailer-21-8145-1.jpg 720w, https:\/\/www.honlufoodtrailer.com\/wp-content\/uploads\/2022\/02\/1-Customized-5.7M-blue-square-food-trailer-21-8145-1-300x225.jpg 300w, https:\/\/www.honlufoodtrailer.com\/wp-content\/uploads\/2022\/02\/1-Customized-5.7M-blue-square-food-trailer-21-8145-1-480x360.jpg 480w\" sizes=\"(max-width: 720px) 100vw, 720px\" \/> <img decoding=\"async\" class=\"aligncenter size-full wp-image-2890\" src=\"https:\/\/www.honlufoodtrailer.com\/wp-content\/uploads\/2022\/02\/Blue-square-food-trailer-with-double-lift-window-21-8135-7.jpg\" alt=\"Blue square food trailer with double lift window-21-8135 (7)\" width=\"720\" height=\"540\" srcset=\"https:\/\/www.honlufoodtrailer.com\/wp-content\/uploads\/2022\/02\/Blue-square-food-trailer-with-double-lift-window-21-8135-7.jpg 720w, https:\/\/www.honlufoodtrailer.com\/wp-content\/uploads\/2022\/02\/Blue-square-food-trailer-with-double-lift-window-21-8135-7-300x225.jpg 300w\" sizes=\"(max-width: 720px) 100vw, 720px\" \/><\/p>\n<p data-spm-anchor-id=\"a2700.wholesale.0.i28.29e52808agqc7f\">Prikolice za hrano lahko imenujemo tudi vozi\u010dki za hrano, kombiji za hrano, tovornjaki s hrano in tako naprej. Uporabljajo se lahko za prodajo hitre hrane, prigrizkov, \u010dasopisov, knjig in tako naprej. Sestavljene so iz \u0161asije, karoserije, tal, delovne mize, vodnega sistema, elektri\u010dnega sistema. Uporabniki lahko izberejo tudi barvo, ki jo \u017eelijo. Po \u017eelji strank bi radi kupili tudi druge vrste opreme.<\/p>\n<p>Celotna prikolica je kompaktna in enostavna za uporabo. To je najprimernej\u0161i model za zagon podjetij s hitro prehrano, naro\u010dila v trgovskih centrih, enotno upravljanje uli\u010dne hitre prehrane in dru\u017einske piknike. Uporablja se lahko tudi za prodajo \u010desar koli, od hot-dogov, maloprodajnih dejavnosti, cvetli\u010dnih dejavnosti, sendvi\u010dev, kave, sladoleda itd. Imamo certifikat CE, ki vam bo pomagal pri zagonu mobilnega podjetja.<\/p>\n<p><img decoding=\"async\" class=\"aligncenter size-full wp-image-2887\" src=\"https:\/\/www.honlufoodtrailer.com\/wp-content\/uploads\/2022\/02\/Blue-square-food-trailer-with-double-lift-window-21-8135-4.jpg\" alt=\"Blue square food trailer with double lift window-21-8135 (4)\" width=\"720\" height=\"540\" srcset=\"https:\/\/www.honlufoodtrailer.com\/wp-content\/uploads\/2022\/02\/Blue-square-food-trailer-with-double-lift-window-21-8135-4.jpg 720w, https:\/\/www.honlufoodtrailer.com\/wp-content\/uploads\/2022\/02\/Blue-square-food-trailer-with-double-lift-window-21-8135-4-300x225.jpg 300w\" sizes=\"(max-width: 720px) 100vw, 720px\" \/> <img loading=\"lazy\" decoding=\"async\" class=\"aligncenter size-full wp-image-2885\" src=\"https:\/\/www.honlufoodtrailer.com\/wp-content\/uploads\/2022\/02\/Blue-square-food-trailer-with-double-lift-window-21-8135-2.jpg\" alt=\"Blue square food trailer with double lift window-21-8135 (2)\" width=\"720\" height=\"540\" srcset=\"https:\/\/www.honlufoodtrailer.com\/wp-content\/uploads\/2022\/02\/Blue-square-food-trailer-with-double-lift-window-21-8135-2.jpg 720w, https:\/\/www.honlufoodtrailer.com\/wp-content\/uploads\/2022\/02\/Blue-square-food-trailer-with-double-lift-window-21-8135-2-300x225.jpg 300w\" sizes=\"(max-width: 720px) 100vw, 720px\" \/><\/p>\n<h3 class=\"magic-6\" data-spm-anchor-id=\"a2700.wholesale.0.i28.29e52808agqc7f\">Glavne zna\u010dilnosti kvadratne prikolice za hrano<\/h3>\n<div class=\"magic-7\">\n<div class=\"magic-8\">\n<div class=\"magic-9\" data-id=\"paragraph0\">\n<ol>\n<li>Modni videz je mogo\u010de prilagoditi;<\/li>\n<li>Telo prikolice iz nerjave\u010dega jekla in notranja struktura, dobra toplotna odpornost, odpornost proti obrabi, odpornost proti koroziji;<\/li>\n<li>Sodobna in napredna oprema, s katero je opremljena mobilna prikolica za hrano;<\/li>\n<li>To je \u0161ok in te\u017eko korozijo, toplotna odpornost in mo\u010d je visoka, visoka barvna obstojnost, brez deformacije, vodoodporen, in dolgo \u017eivljenjsko dobo;<\/li>\n<li>Z veseljem ga spremenimo v skladu z va\u0161imi zahtevami.<\/li>\n<\/ol>\n<h3>Brezpla\u010dno 2D\/3D risanje tlorisa<\/h3>\n<p>Po potrditvi dimenzij prikolice za hrano in notranje kuhinjske opreme vam lahko brezpla\u010dno zagotovimo 3D risbe. To vam bo omogo\u010dilo jasnej\u0161o predstavo o va\u0161i zasnovi in va\u0161em vozi\u010dku za hrano. Pri potrditvi lokacije kuhinjske opreme vam lahko s pomo\u010djo tlorisa jasno sporo\u010dimo, kje se bo nahajala. Prav tako vam lahko zagotovimo izvirne dokumente za la\u017eje oblikovanje in prilagoditve.<\/p>\n<\/div>\n<\/div>\n<\/div>","protected":false},"excerpt":{"rendered":"<p data-spm-anchor-id=\"a2700.wholesale.0.i28.29e52808agqc7f\">To je prilagojena 5M \u010drna kvadratna prikolica. Celotno vozilo ima karoserijo in operacijsko mizo iz nerjave\u010dega jekla. Uporablja se lahko za prodajo hrenovk, trgovin na drobno, cvetja, sendvi\u010dev, kave, sladoleda itd. Imamo certifikat CE, ki vam pomaga pri zagonu mobilnega poslovanja.<\/p>","protected":false},"featured_media":2884,"template":"","meta":{"_themeisle_gutenberg_block_has_review":false},"product_brand":[],"product_cat":[26],"product_tag":[33,45,38,51,50],"class_list":{"0":"post-2883","1":"product","2":"type-product","3":"status-publish","4":"has-post-thumbnail","6":"product_cat-product","7":"product_tag-customized-trailer","8":"product_tag-large-food-trailer","9":"product_tag-mobile-food-trailer","10":"product_tag-square-food-trailer","11":"product_tag-standard-configuration","13":"first","14":"instock","15":"shipping-taxable","16":"product-type-simple"},"yoast_head":"<!-- This site is optimized with the Yoast SEO plugin v27.5 - https:\/\/yoast.com\/product\/yoast-seo-wordpress\/ -->\n<title>4m Blue square food trailer with double lift window - Honlu food trailer<\/title>\n<meta name=\"description\" content=\"This is a standard black square food trailer. The whole vehicle adopts stainless steel body and operating table. It can be applied for selling anything from hot dogs, retail operations, flower operations, sandwiches, coffee, ice cream, etc. We have CE certified to help you to start a mobile business.\" \/>\n<meta name=\"robots\" content=\"index, follow, max-snippet:-1, max-image-preview:large, max-video-preview:-1\" \/>\n<link rel=\"canonical\" href=\"https:\/\/www.honlufoodtrailer.com\/sl\/product\/blue-square-food-trailer-with-double-lift-window\/\" \/>\n<meta property=\"og:locale\" content=\"sl_SI\" \/>\n<meta property=\"og:type\" content=\"article\" \/>\n<meta property=\"og:title\" content=\"4m Blue square food trailer with double lift window - Honlu food trailer\" \/>\n<meta property=\"og:description\" content=\"This is a standard black square food trailer. The whole vehicle adopts stainless steel body and operating table. It can be applied for selling anything from hot dogs, retail operations, flower operations, sandwiches, coffee, ice cream, etc. We have CE certified to help you to start a mobile business.\" \/>\n<meta property=\"og:url\" content=\"https:\/\/www.honlufoodtrailer.com\/sl\/product\/blue-square-food-trailer-with-double-lift-window\/\" \/>\n<meta property=\"og:site_name\" content=\"Honlu food trailer\" \/>\n<meta property=\"article:modified_time\" content=\"2024-06-06T06:54:34+00:00\" \/>\n<meta property=\"og:image\" content=\"https:\/\/www.honlufoodtrailer.com\/wp-content\/uploads\/2022\/02\/Blue-square-food-trailer-with-double-lift-window-21-8135-1.jpg\" \/>\n\t<meta property=\"og:image:width\" content=\"720\" \/>\n\t<meta property=\"og:image:height\" content=\"540\" \/>\n\t<meta property=\"og:image:type\" content=\"image\/jpeg\" \/>\n<meta name=\"twitter:card\" content=\"summary_large_image\" \/>\n<meta name=\"twitter:label1\" content=\"Est. reading time\" \/>\n\t<meta name=\"twitter:data1\" content=\"2 minuti\" \/>\n<script type=\"application\/ld+json\" class=\"yoast-schema-graph\">{\"@context\":\"https:\\\/\\\/schema.org\",\"@graph\":[{\"@type\":\"WebPage\",\"@id\":\"https:\\\/\\\/www.honlufoodtrailer.com\\\/product\\\/blue-square-food-trailer-with-double-lift-window\\\/\",\"url\":\"https:\\\/\\\/www.honlufoodtrailer.com\\\/product\\\/blue-square-food-trailer-with-double-lift-window\\\/\",\"name\":\"4m Blue square food trailer with double lift window - Honlu food trailer\",\"isPartOf\":{\"@id\":\"https:\\\/\\\/www.honlufoodtrailer.com\\\/#website\"},\"primaryImageOfPage\":{\"@id\":\"https:\\\/\\\/www.honlufoodtrailer.com\\\/product\\\/blue-square-food-trailer-with-double-lift-window\\\/#primaryimage\"},\"image\":{\"@id\":\"https:\\\/\\\/www.honlufoodtrailer.com\\\/product\\\/blue-square-food-trailer-with-double-lift-window\\\/#primaryimage\"},\"thumbnailUrl\":\"https:\\\/\\\/www.honlufoodtrailer.com\\\/wp-content\\\/uploads\\\/2022\\\/02\\\/Blue-square-food-trailer-with-double-lift-window-21-8135-1.jpg\",\"datePublished\":\"2022-02-12T09:05:30+00:00\",\"dateModified\":\"2024-06-06T06:54:34+00:00\",\"description\":\"This is a standard black square food trailer. The whole vehicle adopts stainless steel body and operating table. It can be applied for selling anything from hot dogs, retail operations, flower operations, sandwiches, coffee, ice cream, etc. We have CE certified to help you to start a mobile business.\",\"breadcrumb\":{\"@id\":\"https:\\\/\\\/www.honlufoodtrailer.com\\\/product\\\/blue-square-food-trailer-with-double-lift-window\\\/#breadcrumb\"},\"inLanguage\":\"sl-SI\",\"potentialAction\":[{\"@type\":\"ReadAction\",\"target\":[\"https:\\\/\\\/www.honlufoodtrailer.com\\\/product\\\/blue-square-food-trailer-with-double-lift-window\\\/\"]}]},{\"@type\":\"ImageObject\",\"inLanguage\":\"sl-SI\",\"@id\":\"https:\\\/\\\/www.honlufoodtrailer.com\\\/product\\\/blue-square-food-trailer-with-double-lift-window\\\/#primaryimage\",\"url\":\"https:\\\/\\\/www.honlufoodtrailer.com\\\/wp-content\\\/uploads\\\/2022\\\/02\\\/Blue-square-food-trailer-with-double-lift-window-21-8135-1.jpg\",\"contentUrl\":\"https:\\\/\\\/www.honlufoodtrailer.com\\\/wp-content\\\/uploads\\\/2022\\\/02\\\/Blue-square-food-trailer-with-double-lift-window-21-8135-1.jpg\",\"width\":720,\"height\":540,\"caption\":\"Blue square food trailer with double lift window-21-8135 (1)\"},{\"@type\":\"BreadcrumbList\",\"@id\":\"https:\\\/\\\/www.honlufoodtrailer.com\\\/product\\\/blue-square-food-trailer-with-double-lift-window\\\/#breadcrumb\",\"itemListElement\":[{\"@type\":\"ListItem\",\"position\":1,\"name\":\"Home\",\"item\":\"https:\\\/\\\/www.honlufoodtrailer.com\\\/\"},{\"@type\":\"ListItem\",\"position\":2,\"name\":\"\u4ea7\u54c1\",\"item\":\"https:\\\/\\\/www.honlufoodtrailer.com\\\/shop\\\/\"},{\"@type\":\"ListItem\",\"position\":3,\"name\":\"4m Blue square food trailer with double lift window\"}]},{\"@type\":\"WebSite\",\"@id\":\"https:\\\/\\\/www.honlufoodtrailer.com\\\/#website\",\"url\":\"https:\\\/\\\/www.honlufoodtrailer.com\\\/\",\"name\":\"Honlu food trailer\",\"description\":\"\",\"publisher\":{\"@id\":\"https:\\\/\\\/www.honlufoodtrailer.com\\\/#organization\"},\"potentialAction\":[{\"@type\":\"SearchAction\",\"target\":{\"@type\":\"EntryPoint\",\"urlTemplate\":\"https:\\\/\\\/www.honlufoodtrailer.com\\\/?s={search_term_string}\"},\"query-input\":{\"@type\":\"PropertyValueSpecification\",\"valueRequired\":true,\"valueName\":\"search_term_string\"}}],\"inLanguage\":\"sl-SI\"},{\"@type\":\"Organization\",\"@id\":\"https:\\\/\\\/www.honlufoodtrailer.com\\\/#organization\",\"name\":\"Honlu food trailer\",\"url\":\"https:\\\/\\\/www.honlufoodtrailer.com\\\/\",\"logo\":{\"@type\":\"ImageObject\",\"inLanguage\":\"sl-SI\",\"@id\":\"https:\\\/\\\/www.honlufoodtrailer.com\\\/#\\\/schema\\\/logo\\\/image\\\/\",\"url\":\"https:\\\/\\\/www.honlufoodtrailer.com\\\/wp-content\\\/uploads\\\/2021\\\/12\\\/2.gif\",\"contentUrl\":\"https:\\\/\\\/www.honlufoodtrailer.com\\\/wp-content\\\/uploads\\\/2021\\\/12\\\/2.gif\",\"width\":350,\"height\":100,\"caption\":\"Honlu food trailer\"},\"image\":{\"@id\":\"https:\\\/\\\/www.honlufoodtrailer.com\\\/#\\\/schema\\\/logo\\\/image\\\/\"}}]}<\/script>\n<!-- \/ Yoast SEO plugin. -->","yoast_head_json":{"title":"4m Blue square food trailer with double lift window - Honlu food trailer","description":"To je standardna \u010drna kvadratna prikolica za hrano. Celotno vozilo ima karoserijo in operacijsko mizo iz nerjave\u010dega jekla. Uporablja se lahko za prodajo vsega, od hot-dogov, maloprodaje, cvetja, sendvi\u010dev, kave, sladoleda itd. Imamo certifikat CE, ki vam bo pomagal pri zagonu mobilnega podjetja.","robots":{"index":"index","follow":"follow","max-snippet":"max-snippet:-1","max-image-preview":"max-image-preview:large","max-video-preview":"max-video-preview:-1"},"canonical":"https:\/\/www.honlufoodtrailer.com\/sl\/product\/blue-square-food-trailer-with-double-lift-window\/","og_locale":"sl_SI","og_type":"article","og_title":"4m Blue square food trailer with double lift window - Honlu food trailer","og_description":"This is a standard black square food trailer. The whole vehicle adopts stainless steel body and operating table. It can be applied for selling anything from hot dogs, retail operations, flower operations, sandwiches, coffee, ice cream, etc. We have CE certified to help you to start a mobile business.","og_url":"https:\/\/www.honlufoodtrailer.com\/sl\/product\/blue-square-food-trailer-with-double-lift-window\/","og_site_name":"Honlu food trailer","article_modified_time":"2024-06-06T06:54:34+00:00","og_image":[{"width":720,"height":540,"url":"https:\/\/www.honlufoodtrailer.com\/wp-content\/uploads\/2022\/02\/Blue-square-food-trailer-with-double-lift-window-21-8135-1.jpg","type":"image\/jpeg"}],"twitter_card":"summary_large_image","twitter_misc":{"Est. reading time":"2 minuti"},"schema":{"@context":"https:\/\/schema.org","@graph":[{"@type":"WebPage","@id":"https:\/\/www.honlufoodtrailer.com\/product\/blue-square-food-trailer-with-double-lift-window\/","url":"https:\/\/www.honlufoodtrailer.com\/product\/blue-square-food-trailer-with-double-lift-window\/","name":"4m Blue square food trailer with double lift window - Honlu food trailer","isPartOf":{"@id":"https:\/\/www.honlufoodtrailer.com\/#website"},"primaryImageOfPage":{"@id":"https:\/\/www.honlufoodtrailer.com\/product\/blue-square-food-trailer-with-double-lift-window\/#primaryimage"},"image":{"@id":"https:\/\/www.honlufoodtrailer.com\/product\/blue-square-food-trailer-with-double-lift-window\/#primaryimage"},"thumbnailUrl":"https:\/\/www.honlufoodtrailer.com\/wp-content\/uploads\/2022\/02\/Blue-square-food-trailer-with-double-lift-window-21-8135-1.jpg","datePublished":"2022-02-12T09:05:30+00:00","dateModified":"2024-06-06T06:54:34+00:00","description":"To je standardna \u010drna kvadratna prikolica za hrano. Celotno vozilo ima karoserijo in operacijsko mizo iz nerjave\u010dega jekla. Uporablja se lahko za prodajo vsega, od hot-dogov, maloprodaje, cvetja, sendvi\u010dev, kave, sladoleda itd. Imamo certifikat CE, ki vam bo pomagal pri zagonu mobilnega podjetja.","breadcrumb":{"@id":"https:\/\/www.honlufoodtrailer.com\/product\/blue-square-food-trailer-with-double-lift-window\/#breadcrumb"},"inLanguage":"sl-SI","potentialAction":[{"@type":"ReadAction","target":["https:\/\/www.honlufoodtrailer.com\/product\/blue-square-food-trailer-with-double-lift-window\/"]}]},{"@type":"ImageObject","inLanguage":"sl-SI","@id":"https:\/\/www.honlufoodtrailer.com\/product\/blue-square-food-trailer-with-double-lift-window\/#primaryimage","url":"https:\/\/www.honlufoodtrailer.com\/wp-content\/uploads\/2022\/02\/Blue-square-food-trailer-with-double-lift-window-21-8135-1.jpg","contentUrl":"https:\/\/www.honlufoodtrailer.com\/wp-content\/uploads\/2022\/02\/Blue-square-food-trailer-with-double-lift-window-21-8135-1.jpg","width":720,"height":540,"caption":"Blue square food trailer with double lift window-21-8135 (1)"},{"@type":"BreadcrumbList","@id":"https:\/\/www.honlufoodtrailer.com\/product\/blue-square-food-trailer-with-double-lift-window\/#breadcrumb","itemListElement":[{"@type":"ListItem","position":1,"name":"Home","item":"https:\/\/www.honlufoodtrailer.com\/"},{"@type":"ListItem","position":2,"name":"\u4ea7\u54c1","item":"https:\/\/www.honlufoodtrailer.com\/shop\/"},{"@type":"ListItem","position":3,"name":"4m Blue square food trailer with double lift window"}]},{"@type":"WebSite","@id":"https:\/\/www.honlufoodtrailer.com\/#website","url":"https:\/\/www.honlufoodtrailer.com\/","name":"Prikolica za hrano Honlu","description":"","publisher":{"@id":"https:\/\/www.honlufoodtrailer.com\/#organization"},"potentialAction":[{"@type":"SearchAction","target":{"@type":"EntryPoint","urlTemplate":"https:\/\/www.honlufoodtrailer.com\/?s={search_term_string}"},"query-input":{"@type":"PropertyValueSpecification","valueRequired":true,"valueName":"search_term_string"}}],"inLanguage":"sl-SI"},{"@type":"Organization","@id":"https:\/\/www.honlufoodtrailer.com\/#organization","name":"Prikolica za hrano Honlu","url":"https:\/\/www.honlufoodtrailer.com\/","logo":{"@type":"ImageObject","inLanguage":"sl-SI","@id":"https:\/\/www.honlufoodtrailer.com\/#\/schema\/logo\/image\/","url":"https:\/\/www.honlufoodtrailer.com\/wp-content\/uploads\/2021\/12\/2.gif","contentUrl":"https:\/\/www.honlufoodtrailer.com\/wp-content\/uploads\/2021\/12\/2.gif","width":350,"height":100,"caption":"Honlu food trailer"},"image":{"@id":"https:\/\/www.honlufoodtrailer.com\/#\/schema\/logo\/image\/"}}]}},"_links":{"self":[{"href":"https:\/\/www.honlufoodtrailer.com\/sl\/wp-json\/wp\/v2\/product\/2883","targetHints":{"allow":["GET"]}}],"collection":[{"href":"https:\/\/www.honlufoodtrailer.com\/sl\/wp-json\/wp\/v2\/product"}],"about":[{"href":"https:\/\/www.honlufoodtrailer.com\/sl\/wp-json\/wp\/v2\/types\/product"}],"version-history":[{"count":0,"href":"https:\/\/www.honlufoodtrailer.com\/sl\/wp-json\/wp\/v2\/product\/2883\/revisions"}],"wp:featuredmedia":[{"embeddable":true,"href":"https:\/\/www.honlufoodtrailer.com\/sl\/wp-json\/wp\/v2\/media\/2884"}],"wp:attachment":[{"href":"https:\/\/www.honlufoodtrailer.com\/sl\/wp-json\/wp\/v2\/media?parent=2883"}],"wp:term":[{"taxonomy":"product_brand","embeddable":true,"href":"https:\/\/www.honlufoodtrailer.com\/sl\/wp-json\/wp\/v2\/product_brand?post=2883"},{"taxonomy":"product_cat","embeddable":true,"href":"https:\/\/www.honlufoodtrailer.com\/sl\/wp-json\/wp\/v2\/product_cat?post=2883"},{"taxonomy":"product_tag","embeddable":true,"href":"https:\/\/www.honlufoodtrailer.com\/sl\/wp-json\/wp\/v2\/product_tag?post=2883"}],"curies":[{"name":"wp","href":"https:\/\/api.w.org\/{rel}","templated":true}]}}