{"id":3059,"date":"2022-02-23T15:22:58","date_gmt":"2022-02-23T07:22:58","guid":{"rendered":"https:\/\/www.honlufoodtrailer.com\/?post_type=product&#038;p=3059"},"modified":"2024-10-28T10:45:57","modified_gmt":"2024-10-28T02:45:57","slug":"seven-meters-galvanized-square-food-trailer","status":"publish","type":"product","link":"https:\/\/www.honlufoodtrailer.com\/sl\/product\/seven-meters-galvanized-square-food-trailer\/","title":{"rendered":"Sedem metrov pocinkana kvadratna prikolica za hrano"},"content":{"rendered":"<p data-spm-anchor-id=\"a2700.wholesale.0.i28.29e52808agqc7f\">This is one of our custom seven-meter square food trailers. Due to the seven-meter-long body, we customized many kitchen equipments inside the food trailer. According to customer needs, we have opened a door at the back and rear of the food trailer.<\/p>\n<p data-spm-anchor-id=\"a2700.wholesale.0.i28.29e52808agqc7f\">Delovna miza in notranja stena v karoseriji sta izdelani iz nerjave\u010dega jekla, primernega za \u017eivila. Po \u017eelji strank je opremljena z zamrzovalniki, vitrinami za izolacijo \u017eivil, \u0161tirimi pomivalnimi koriti po meri, plinskimi \u0161tedilniki, kuhinjskimi napami in drugo opremo. Glede na potrebe strank bi radi kupili tudi druge vrste opreme.<\/p>\n<p data-spm-anchor-id=\"a2700.wholesale.0.i28.29e52808agqc7f\">Barva celotnega vozila je \u010drna, na\u0161e stranke pa \u017eelijo dodati nekaj lu\u010di, oglasnih panojev in drugih okraskov, zato na nekatere dele dodamo tudi kljuke, da strankam olaj\u0161amo uporabo. Uporabljamo tudi vodoodporno zasnovo na oknih in vratih, vse te majhne zasnove pa so namenjene bolj\u0161o uporabni izku\u0161njo strank.<\/p>\n<p>Celotna prikolica je kompaktna in enostavna za uporabo. To je najprimernej\u0161i model za zagon podjetij s hitro prehrano, naro\u010dila v trgovskih centrih, enotno upravljanje uli\u010dne hitre prehrane in dru\u017einske piknike. Uporablja se lahko tudi za prodajo \u010desar koli, od hot-dogov, maloprodajnih dejavnosti, cvetli\u010dnih dejavnosti, sendvi\u010dev, kave, sladoleda itd. Imamo certifikat CE, ki vam bo pomagal pri zagonu mobilnega podjetja.<\/p>\n<h3 class=\"magic-6\" data-spm-anchor-id=\"a2700.wholesale.0.i28.29e52808agqc7f\">Glavne zna\u010dilnosti pocinkane prikolice za hrano<\/h3>\n<div class=\"magic-7\">\n<div class=\"magic-8\">\n<div class=\"magic-9\" data-id=\"paragraph0\">\n<ol>\n<li>Super dolga karoserija avtomobila ima ve\u010dji notranji prostor in lahko sprejme ve\u010d opreme, da zadosti razli\u010dnim potrebam strank;<\/li>\n<li>Pocinkana plo\u010devina z odli\u010dno odpornostjo proti koroziji in toploti;<\/li>\n<li>Sodobna in napredna oprema, s katero je opremljena mobilna prikolica za hrano;<\/li>\n<li>Priro\u010dno in enostavno za premikanje;<\/li>\n<li>Z veseljem ga spremenimo v skladu z va\u0161imi zahtevami.<\/li>\n<\/ol>\n<h3>Brezpla\u010dno 2D\/3D risanje tlorisa<\/h3>\n<p>Po potrditvi dimenzij prikolice za hrano in notranje kuhinjske opreme vam lahko brezpla\u010dno zagotovimo 3D risbe. To vam bo omogo\u010dilo jasnej\u0161o predstavo o va\u0161i zasnovi in va\u0161em vozi\u010dku za hrano. Pri potrditvi lokacije kuhinjske opreme vam lahko s pomo\u010djo tlorisa jasno sporo\u010dimo, kje se bo nahajala. Prav tako vam lahko zagotovimo izvirne dokumente za la\u017eje oblikovanje in prilagoditve.<\/p>\n<\/div>\n<\/div>\n<\/div>","protected":false},"excerpt":{"rendered":"<p>This is one of our custom seven-meter square food trailers. Due to the seven-meter-long body, we customized many kitchen equipments inside the food trailer. According to customer needs, we have opened a door at the back and rear of the dining car.<\/p>","protected":false},"featured_media":3060,"template":"","meta":{"_themeisle_gutenberg_block_has_review":false},"product_brand":[],"product_cat":[26],"product_tag":[33,41,45,38],"class_list":{"0":"post-3059","1":"product","2":"type-product","3":"status-publish","4":"has-post-thumbnail","6":"product_cat-product","7":"product_tag-customized-trailer","8":"product_tag-galvanized-trailer","9":"product_tag-large-food-trailer","10":"product_tag-mobile-food-trailer","12":"first","13":"instock","14":"shipping-taxable","15":"product-type-simple"},"yoast_head":"<!-- This site is optimized with the Yoast SEO plugin v27.5 - https:\/\/yoast.com\/product\/yoast-seo-wordpress\/ -->\n<title>Seven Meters Galvanized Square Food Trailer From China<\/title>\n<meta name=\"description\" content=\"This is one of our custom seven-meter square food trailers. Due to the seven-meter-long body, we customized many kitchen equipments inside the food trailer. According to customer needs, we have opened a door at the back and rear of the food trailer.\" \/>\n<meta name=\"robots\" content=\"index, follow, max-snippet:-1, max-image-preview:large, max-video-preview:-1\" \/>\n<link rel=\"canonical\" href=\"https:\/\/www.honlufoodtrailer.com\/sl\/product\/seven-meters-galvanized-square-food-trailer\/\" \/>\n<meta property=\"og:locale\" content=\"sl_SI\" \/>\n<meta property=\"og:type\" content=\"article\" \/>\n<meta property=\"og:title\" content=\"Seven Meters Galvanized Square Food Trailer From China\" \/>\n<meta property=\"og:description\" content=\"This is one of our custom seven-meter square food trailers. Due to the seven-meter-long body, we customized many kitchen equipments inside the food trailer. According to customer needs, we have opened a door at the back and rear of the food trailer.\" \/>\n<meta property=\"og:url\" content=\"https:\/\/www.honlufoodtrailer.com\/sl\/product\/seven-meters-galvanized-square-food-trailer\/\" \/>\n<meta property=\"og:site_name\" content=\"Honlu food trailer\" \/>\n<meta property=\"article:modified_time\" content=\"2024-10-28T02:45:57+00:00\" \/>\n<meta property=\"og:image\" content=\"https:\/\/www.honlufoodtrailer.com\/wp-content\/uploads\/2022\/02\/Seven-meters-galvanized-square-food-trailer-1.jpg\" \/>\n\t<meta property=\"og:image:width\" content=\"720\" \/>\n\t<meta property=\"og:image:height\" content=\"540\" \/>\n\t<meta property=\"og:image:type\" content=\"image\/jpeg\" \/>\n<meta name=\"twitter:card\" content=\"summary_large_image\" \/>\n<meta name=\"twitter:label1\" content=\"Est. reading time\" \/>\n\t<meta name=\"twitter:data1\" content=\"2 minuti\" \/>\n<script type=\"application\/ld+json\" class=\"yoast-schema-graph\">{\"@context\":\"https:\\\/\\\/schema.org\",\"@graph\":[{\"@type\":\"WebPage\",\"@id\":\"https:\\\/\\\/www.honlufoodtrailer.com\\\/product\\\/seven-meters-galvanized-square-food-trailer\\\/\",\"url\":\"https:\\\/\\\/www.honlufoodtrailer.com\\\/product\\\/seven-meters-galvanized-square-food-trailer\\\/\",\"name\":\"Seven Meters Galvanized Square Food Trailer From China\",\"isPartOf\":{\"@id\":\"https:\\\/\\\/www.honlufoodtrailer.com\\\/#website\"},\"primaryImageOfPage\":{\"@id\":\"https:\\\/\\\/www.honlufoodtrailer.com\\\/product\\\/seven-meters-galvanized-square-food-trailer\\\/#primaryimage\"},\"image\":{\"@id\":\"https:\\\/\\\/www.honlufoodtrailer.com\\\/product\\\/seven-meters-galvanized-square-food-trailer\\\/#primaryimage\"},\"thumbnailUrl\":\"https:\\\/\\\/www.honlufoodtrailer.com\\\/wp-content\\\/uploads\\\/2022\\\/02\\\/Seven-meters-galvanized-square-food-trailer-1.jpg\",\"datePublished\":\"2022-02-23T07:22:58+00:00\",\"dateModified\":\"2024-10-28T02:45:57+00:00\",\"description\":\"This is one of our custom seven-meter square food trailers. Due to the seven-meter-long body, we customized many kitchen equipments inside the food trailer. According to customer needs, we have opened a door at the back and rear of the food trailer.\",\"breadcrumb\":{\"@id\":\"https:\\\/\\\/www.honlufoodtrailer.com\\\/product\\\/seven-meters-galvanized-square-food-trailer\\\/#breadcrumb\"},\"inLanguage\":\"sl-SI\",\"potentialAction\":[{\"@type\":\"ReadAction\",\"target\":[\"https:\\\/\\\/www.honlufoodtrailer.com\\\/product\\\/seven-meters-galvanized-square-food-trailer\\\/\"]}]},{\"@type\":\"ImageObject\",\"inLanguage\":\"sl-SI\",\"@id\":\"https:\\\/\\\/www.honlufoodtrailer.com\\\/product\\\/seven-meters-galvanized-square-food-trailer\\\/#primaryimage\",\"url\":\"https:\\\/\\\/www.honlufoodtrailer.com\\\/wp-content\\\/uploads\\\/2022\\\/02\\\/Seven-meters-galvanized-square-food-trailer-1.jpg\",\"contentUrl\":\"https:\\\/\\\/www.honlufoodtrailer.com\\\/wp-content\\\/uploads\\\/2022\\\/02\\\/Seven-meters-galvanized-square-food-trailer-1.jpg\",\"width\":720,\"height\":540,\"caption\":\"Seven meters galvanized square food trailer (1)\"},{\"@type\":\"BreadcrumbList\",\"@id\":\"https:\\\/\\\/www.honlufoodtrailer.com\\\/product\\\/seven-meters-galvanized-square-food-trailer\\\/#breadcrumb\",\"itemListElement\":[{\"@type\":\"ListItem\",\"position\":1,\"name\":\"Home\",\"item\":\"https:\\\/\\\/www.honlufoodtrailer.com\\\/\"},{\"@type\":\"ListItem\",\"position\":2,\"name\":\"\u4ea7\u54c1\",\"item\":\"https:\\\/\\\/www.honlufoodtrailer.com\\\/shop\\\/\"},{\"@type\":\"ListItem\",\"position\":3,\"name\":\"Seven meters galvanized square food trailer\"}]},{\"@type\":\"WebSite\",\"@id\":\"https:\\\/\\\/www.honlufoodtrailer.com\\\/#website\",\"url\":\"https:\\\/\\\/www.honlufoodtrailer.com\\\/\",\"name\":\"Honlu food trailer\",\"description\":\"\",\"publisher\":{\"@id\":\"https:\\\/\\\/www.honlufoodtrailer.com\\\/#organization\"},\"potentialAction\":[{\"@type\":\"SearchAction\",\"target\":{\"@type\":\"EntryPoint\",\"urlTemplate\":\"https:\\\/\\\/www.honlufoodtrailer.com\\\/?s={search_term_string}\"},\"query-input\":{\"@type\":\"PropertyValueSpecification\",\"valueRequired\":true,\"valueName\":\"search_term_string\"}}],\"inLanguage\":\"sl-SI\"},{\"@type\":\"Organization\",\"@id\":\"https:\\\/\\\/www.honlufoodtrailer.com\\\/#organization\",\"name\":\"Honlu food trailer\",\"url\":\"https:\\\/\\\/www.honlufoodtrailer.com\\\/\",\"logo\":{\"@type\":\"ImageObject\",\"inLanguage\":\"sl-SI\",\"@id\":\"https:\\\/\\\/www.honlufoodtrailer.com\\\/#\\\/schema\\\/logo\\\/image\\\/\",\"url\":\"https:\\\/\\\/www.honlufoodtrailer.com\\\/wp-content\\\/uploads\\\/2021\\\/12\\\/2.gif\",\"contentUrl\":\"https:\\\/\\\/www.honlufoodtrailer.com\\\/wp-content\\\/uploads\\\/2021\\\/12\\\/2.gif\",\"width\":350,\"height\":100,\"caption\":\"Honlu food trailer\"},\"image\":{\"@id\":\"https:\\\/\\\/www.honlufoodtrailer.com\\\/#\\\/schema\\\/logo\\\/image\\\/\"}}]}<\/script>\n<!-- \/ Yoast SEO plugin. -->","yoast_head_json":{"title":"Seven Meters Galvanized Square Food Trailer From China","description":"This is one of our custom seven-meter square food trailers. Due to the seven-meter-long body, we customized many kitchen equipments inside the food trailer. According to customer needs, we have opened a door at the back and rear of the food trailer.","robots":{"index":"index","follow":"follow","max-snippet":"max-snippet:-1","max-image-preview":"max-image-preview:large","max-video-preview":"max-video-preview:-1"},"canonical":"https:\/\/www.honlufoodtrailer.com\/sl\/product\/seven-meters-galvanized-square-food-trailer\/","og_locale":"sl_SI","og_type":"article","og_title":"Seven Meters Galvanized Square Food Trailer From China","og_description":"This is one of our custom seven-meter square food trailers. Due to the seven-meter-long body, we customized many kitchen equipments inside the food trailer. According to customer needs, we have opened a door at the back and rear of the food trailer.","og_url":"https:\/\/www.honlufoodtrailer.com\/sl\/product\/seven-meters-galvanized-square-food-trailer\/","og_site_name":"Honlu food trailer","article_modified_time":"2024-10-28T02:45:57+00:00","og_image":[{"width":720,"height":540,"url":"https:\/\/www.honlufoodtrailer.com\/wp-content\/uploads\/2022\/02\/Seven-meters-galvanized-square-food-trailer-1.jpg","type":"image\/jpeg"}],"twitter_card":"summary_large_image","twitter_misc":{"Est. reading time":"2 minuti"},"schema":{"@context":"https:\/\/schema.org","@graph":[{"@type":"WebPage","@id":"https:\/\/www.honlufoodtrailer.com\/product\/seven-meters-galvanized-square-food-trailer\/","url":"https:\/\/www.honlufoodtrailer.com\/product\/seven-meters-galvanized-square-food-trailer\/","name":"Seven Meters Galvanized Square Food Trailer From China","isPartOf":{"@id":"https:\/\/www.honlufoodtrailer.com\/#website"},"primaryImageOfPage":{"@id":"https:\/\/www.honlufoodtrailer.com\/product\/seven-meters-galvanized-square-food-trailer\/#primaryimage"},"image":{"@id":"https:\/\/www.honlufoodtrailer.com\/product\/seven-meters-galvanized-square-food-trailer\/#primaryimage"},"thumbnailUrl":"https:\/\/www.honlufoodtrailer.com\/wp-content\/uploads\/2022\/02\/Seven-meters-galvanized-square-food-trailer-1.jpg","datePublished":"2022-02-23T07:22:58+00:00","dateModified":"2024-10-28T02:45:57+00:00","description":"This is one of our custom seven-meter square food trailers. Due to the seven-meter-long body, we customized many kitchen equipments inside the food trailer. According to customer needs, we have opened a door at the back and rear of the food trailer.","breadcrumb":{"@id":"https:\/\/www.honlufoodtrailer.com\/product\/seven-meters-galvanized-square-food-trailer\/#breadcrumb"},"inLanguage":"sl-SI","potentialAction":[{"@type":"ReadAction","target":["https:\/\/www.honlufoodtrailer.com\/product\/seven-meters-galvanized-square-food-trailer\/"]}]},{"@type":"ImageObject","inLanguage":"sl-SI","@id":"https:\/\/www.honlufoodtrailer.com\/product\/seven-meters-galvanized-square-food-trailer\/#primaryimage","url":"https:\/\/www.honlufoodtrailer.com\/wp-content\/uploads\/2022\/02\/Seven-meters-galvanized-square-food-trailer-1.jpg","contentUrl":"https:\/\/www.honlufoodtrailer.com\/wp-content\/uploads\/2022\/02\/Seven-meters-galvanized-square-food-trailer-1.jpg","width":720,"height":540,"caption":"Seven meters galvanized square food trailer (1)"},{"@type":"BreadcrumbList","@id":"https:\/\/www.honlufoodtrailer.com\/product\/seven-meters-galvanized-square-food-trailer\/#breadcrumb","itemListElement":[{"@type":"ListItem","position":1,"name":"Home","item":"https:\/\/www.honlufoodtrailer.com\/"},{"@type":"ListItem","position":2,"name":"\u4ea7\u54c1","item":"https:\/\/www.honlufoodtrailer.com\/shop\/"},{"@type":"ListItem","position":3,"name":"Seven meters galvanized square food trailer"}]},{"@type":"WebSite","@id":"https:\/\/www.honlufoodtrailer.com\/#website","url":"https:\/\/www.honlufoodtrailer.com\/","name":"Prikolica za hrano Honlu","description":"","publisher":{"@id":"https:\/\/www.honlufoodtrailer.com\/#organization"},"potentialAction":[{"@type":"SearchAction","target":{"@type":"EntryPoint","urlTemplate":"https:\/\/www.honlufoodtrailer.com\/?s={search_term_string}"},"query-input":{"@type":"PropertyValueSpecification","valueRequired":true,"valueName":"search_term_string"}}],"inLanguage":"sl-SI"},{"@type":"Organization","@id":"https:\/\/www.honlufoodtrailer.com\/#organization","name":"Prikolica za hrano Honlu","url":"https:\/\/www.honlufoodtrailer.com\/","logo":{"@type":"ImageObject","inLanguage":"sl-SI","@id":"https:\/\/www.honlufoodtrailer.com\/#\/schema\/logo\/image\/","url":"https:\/\/www.honlufoodtrailer.com\/wp-content\/uploads\/2021\/12\/2.gif","contentUrl":"https:\/\/www.honlufoodtrailer.com\/wp-content\/uploads\/2021\/12\/2.gif","width":350,"height":100,"caption":"Honlu food trailer"},"image":{"@id":"https:\/\/www.honlufoodtrailer.com\/#\/schema\/logo\/image\/"}}]}},"_links":{"self":[{"href":"https:\/\/www.honlufoodtrailer.com\/sl\/wp-json\/wp\/v2\/product\/3059","targetHints":{"allow":["GET"]}}],"collection":[{"href":"https:\/\/www.honlufoodtrailer.com\/sl\/wp-json\/wp\/v2\/product"}],"about":[{"href":"https:\/\/www.honlufoodtrailer.com\/sl\/wp-json\/wp\/v2\/types\/product"}],"version-history":[{"count":0,"href":"https:\/\/www.honlufoodtrailer.com\/sl\/wp-json\/wp\/v2\/product\/3059\/revisions"}],"wp:featuredmedia":[{"embeddable":true,"href":"https:\/\/www.honlufoodtrailer.com\/sl\/wp-json\/wp\/v2\/media\/3060"}],"wp:attachment":[{"href":"https:\/\/www.honlufoodtrailer.com\/sl\/wp-json\/wp\/v2\/media?parent=3059"}],"wp:term":[{"taxonomy":"product_brand","embeddable":true,"href":"https:\/\/www.honlufoodtrailer.com\/sl\/wp-json\/wp\/v2\/product_brand?post=3059"},{"taxonomy":"product_cat","embeddable":true,"href":"https:\/\/www.honlufoodtrailer.com\/sl\/wp-json\/wp\/v2\/product_cat?post=3059"},{"taxonomy":"product_tag","embeddable":true,"href":"https:\/\/www.honlufoodtrailer.com\/sl\/wp-json\/wp\/v2\/product_tag?post=3059"}],"curies":[{"name":"wp","href":"https:\/\/api.w.org\/{rel}","templated":true}]}}