{"id":3254,"date":"2022-03-01T09:27:57","date_gmt":"2022-03-01T01:27:57","guid":{"rendered":"https:\/\/www.honlufoodtrailer.com\/?post_type=product&#038;p=3254"},"modified":"2022-03-21T17:46:33","modified_gmt":"2022-03-21T09:46:33","slug":"customized-5-7m-single-deck-coffee-trailer","status":"publish","type":"product","link":"https:\/\/www.honlufoodtrailer.com\/sl\/product\/customized-5-7m-single-deck-coffee-trailer\/","title":{"rendered":"5,7 milijona enonivojska prikolica za kavo"},"content":{"rendered":"<p>To je prilagojena enonadstropna prikolica za kavo, katere karoserija in notranjost sta izdelani iz nerjave\u010dega jekla. Plo\u0161\u010dadi na obeh straneh se lahko spustijo, kar omogo\u010da postavitev miz in stolov, reklamnih panojev, stojal za hrano itd. Zaradi posebne zasnove je zelo primerna za prodajo hrane, kot so kava, burgerji, hrenovke, sendvi\u010di itd. Celotna prikolica je kompaktna in enostavna za uporabo. Je najprimernej\u0161i model za zagon podjetij s hitro prehrano.<\/p>\n<h2>Zunanja struktura enonadstropnega kavnega priklopnika<\/h2>\n<p>Najve\u010dja zna\u010dilnost celotne prikolice je dvi\u017ena poslovna plo\u0161\u010dad na obeh straneh, ki se lahko uporablja za razli\u010dna podjetja. Uporablja se lahko ne le za postavitev miz in stolov, da se stranke la\u017eje usedejo, temve\u010d tudi za postavitev stojal z jedilniki in promocijskih panojev za podjetja. Na nekaterih dogodkih lahko dvojna dvi\u017ena plo\u0161\u010dad pomaga pritegniti ve\u010d strank.<\/p>\n<figure id=\"attachment_3264\" aria-describedby=\"caption-attachment-3264\" style=\"width: 720px\" class=\"wp-caption aligncenter\"><img fetchpriority=\"high\" decoding=\"async\" class=\"size-full wp-image-3264\" src=\"https:\/\/www.honlufoodtrailer.com\/wp-content\/uploads\/2022\/03\/External-business-platforms-of-the-coffee-trailer.jpg\" alt=\"Zunanje poslovne platforme kavne prikolice\" width=\"720\" height=\"540\" srcset=\"https:\/\/www.honlufoodtrailer.com\/wp-content\/uploads\/2022\/03\/External-business-platforms-of-the-coffee-trailer.jpg 720w, https:\/\/www.honlufoodtrailer.com\/wp-content\/uploads\/2022\/03\/External-business-platforms-of-the-coffee-trailer-480x360.jpg 480w, https:\/\/www.honlufoodtrailer.com\/wp-content\/uploads\/2022\/03\/External-business-platforms-of-the-coffee-trailer-300x225.jpg 300w\" sizes=\"(max-width: 720px) 100vw, 720px\" \/><figcaption id=\"caption-attachment-3264\" class=\"wp-caption-text\">Zunanje poslovne platforme kavne prikolice<\/figcaption><\/figure>\n<p>Nad poslovnimi plo\u0161\u010dadmi je zlo\u017eljiva nadstre\u0161nica, obdana z ograjo iz kolov in vrvi, ki jo je zelo enostavno odstraniti in namestiti. Karoserija prikolice ima zelo lepo nalepko z lesnimi vzorci, prikolica pa je na vseh \u0161tirih vogalih opremljena z dvigalkami.<\/p>\n<figure id=\"attachment_3265\" aria-describedby=\"caption-attachment-3265\" style=\"width: 720px\" class=\"wp-caption aligncenter\"><img decoding=\"async\" class=\"size-full wp-image-3265\" src=\"https:\/\/www.honlufoodtrailer.com\/wp-content\/uploads\/2022\/03\/External-structure-of-the-coffee-trailer.jpg\" alt=\"Zunanja struktura prikolice za kavo\" width=\"720\" height=\"540\" srcset=\"https:\/\/www.honlufoodtrailer.com\/wp-content\/uploads\/2022\/03\/External-structure-of-the-coffee-trailer.jpg 720w, https:\/\/www.honlufoodtrailer.com\/wp-content\/uploads\/2022\/03\/External-structure-of-the-coffee-trailer-480x360.jpg 480w, https:\/\/www.honlufoodtrailer.com\/wp-content\/uploads\/2022\/03\/External-structure-of-the-coffee-trailer-300x225.jpg 300w\" sizes=\"(max-width: 720px) 100vw, 720px\" \/><figcaption id=\"caption-attachment-3265\" class=\"wp-caption-text\">Zunanja struktura prikolice za kavo<\/figcaption><\/figure>\n<h2>Notranjost enonadstropne prikolice za kavo<\/h2>\n<p>Delovna povr\u0161ina, predal za shranjevanje in pomivalna korita so izdelani iz nerjave\u010dega jekla. Zgornja plo\u0161\u010da je opremljena z atmosferskimi lu\u010dmi in drsnimi reflektorji ter ponuja zelo lep no\u010dni razgled.<\/p>\n<figure id=\"attachment_3272\" aria-describedby=\"caption-attachment-3272\" style=\"width: 1440px\" class=\"wp-caption aligncenter\"><img decoding=\"async\" class=\"size-full wp-image-3272\" src=\"https:\/\/www.honlufoodtrailer.com\/wp-content\/uploads\/2022\/03\/Stainless-steel-countertopAmbient-and-sliding-spotlights-of-the-coffee-trailer.jpg\" alt=\"Pult iz nerjave\u010dega jekla in ambientne ter drsne reflektorje kavne prikolice\" width=\"1440\" height=\"540\" srcset=\"https:\/\/www.honlufoodtrailer.com\/wp-content\/uploads\/2022\/03\/Stainless-steel-countertopAmbient-and-sliding-spotlights-of-the-coffee-trailer.jpg 1440w, https:\/\/www.honlufoodtrailer.com\/wp-content\/uploads\/2022\/03\/Stainless-steel-countertopAmbient-and-sliding-spotlights-of-the-coffee-trailer-768x288.jpg 768w, https:\/\/www.honlufoodtrailer.com\/wp-content\/uploads\/2022\/03\/Stainless-steel-countertopAmbient-and-sliding-spotlights-of-the-coffee-trailer-480x180.jpg 480w, https:\/\/www.honlufoodtrailer.com\/wp-content\/uploads\/2022\/03\/Stainless-steel-countertopAmbient-and-sliding-spotlights-of-the-coffee-trailer-300x113.jpg 300w, https:\/\/www.honlufoodtrailer.com\/wp-content\/uploads\/2022\/03\/Stainless-steel-countertopAmbient-and-sliding-spotlights-of-the-coffee-trailer-720x270.jpg 720w\" sizes=\"(max-width: 1440px) 100vw, 1440px\" \/><figcaption id=\"caption-attachment-3272\" class=\"wp-caption-text\">Pult iz nerjave\u010dega jekla in ambientne ter drsne reflektorje kavne prikolice<\/figcaption><\/figure>\n<p>V skladu z zahtevami lokalnega oddelka stranke so pomivalna korita in vedra zasnovana s tremi pomivalnimi koriti - dvema za pomivanje hrane in enim za umivanje rok. V skladu s potrebami stranke je pipa opremljena z grelnikom vode in dozirnikom mila, pod pomivalnim koritom pa sta dve vedri z veliko prostornino, eno za \u010disto vodo in eno za odpadke.<\/p>\n<figure id=\"attachment_3274\" aria-describedby=\"caption-attachment-3274\" style=\"width: 1440px\" class=\"wp-caption alignnone\"><img loading=\"lazy\" decoding=\"async\" class=\"size-full wp-image-3274\" src=\"https:\/\/www.honlufoodtrailer.com\/wp-content\/uploads\/2022\/03\/Customized-three-sinks-and-buckets.jpg\" alt=\"Prilagojena tri korita in vedra\" width=\"1440\" height=\"540\" srcset=\"https:\/\/www.honlufoodtrailer.com\/wp-content\/uploads\/2022\/03\/Customized-three-sinks-and-buckets.jpg 1440w, https:\/\/www.honlufoodtrailer.com\/wp-content\/uploads\/2022\/03\/Customized-three-sinks-and-buckets-768x288.jpg 768w, https:\/\/www.honlufoodtrailer.com\/wp-content\/uploads\/2022\/03\/Customized-three-sinks-and-buckets-480x180.jpg 480w, https:\/\/www.honlufoodtrailer.com\/wp-content\/uploads\/2022\/03\/Customized-three-sinks-and-buckets-300x113.jpg 300w, https:\/\/www.honlufoodtrailer.com\/wp-content\/uploads\/2022\/03\/Customized-three-sinks-and-buckets-720x270.jpg 720w\" sizes=\"(max-width: 1440px) 100vw, 1440px\" \/><figcaption id=\"caption-attachment-3274\" class=\"wp-caption-text\">Prilagojena tri korita in vedra<\/figcaption><\/figure>\n<p>Na\u0161e stranke \u017eelijo kasneje poslovati z ocvrto hrano, zato je v skladu s potrebami strank opremljeno s plinovodi in kuhinjskimi napami, ki ustrezajo lokalnim zahtevam.<\/p>\n<figure id=\"attachment_3266\" aria-describedby=\"caption-attachment-3266\" style=\"width: 720px\" class=\"wp-caption aligncenter\"><img loading=\"lazy\" decoding=\"async\" class=\"size-full wp-image-3266\" src=\"https:\/\/www.honlufoodtrailer.com\/wp-content\/uploads\/2022\/03\/Gas-system-of-the-coffee-trailer.jpg\" alt=\"Plinski sistem prikolice za kavo\" width=\"720\" height=\"540\" srcset=\"https:\/\/www.honlufoodtrailer.com\/wp-content\/uploads\/2022\/03\/Gas-system-of-the-coffee-trailer.jpg 720w, https:\/\/www.honlufoodtrailer.com\/wp-content\/uploads\/2022\/03\/Gas-system-of-the-coffee-trailer-480x360.jpg 480w, https:\/\/www.honlufoodtrailer.com\/wp-content\/uploads\/2022\/03\/Gas-system-of-the-coffee-trailer-300x225.jpg 300w\" sizes=\"(max-width: 720px) 100vw, 720px\" \/><figcaption id=\"caption-attachment-3266\" class=\"wp-caption-text\">Plinski sistem prikolice za kavo<\/figcaption><\/figure>\n<p>V najglobljem delu kavne prikolice sta dva zamrzovalnika, glede na poslovne potrebe stranke pa prilagodimo stroj za pivo iz nerjave\u010dega jekla za \u017eivila.<\/p>\n<figure id=\"attachment_3270\" aria-describedby=\"caption-attachment-3270\" style=\"width: 720px\" class=\"wp-caption aligncenter\"><img loading=\"lazy\" decoding=\"async\" class=\"size-full wp-image-3270\" src=\"https:\/\/www.honlufoodtrailer.com\/wp-content\/uploads\/2022\/03\/Customized-equipment-of-the-coffee-trailer.jpg\" alt=\"Prilagojena oprema kavne prikolice\" width=\"720\" height=\"540\" srcset=\"https:\/\/www.honlufoodtrailer.com\/wp-content\/uploads\/2022\/03\/Customized-equipment-of-the-coffee-trailer.jpg 720w, https:\/\/www.honlufoodtrailer.com\/wp-content\/uploads\/2022\/03\/Customized-equipment-of-the-coffee-trailer-480x360.jpg 480w, https:\/\/www.honlufoodtrailer.com\/wp-content\/uploads\/2022\/03\/Customized-equipment-of-the-coffee-trailer-300x225.jpg 300w\" sizes=\"(max-width: 720px) 100vw, 720px\" \/><figcaption id=\"caption-attachment-3270\" class=\"wp-caption-text\">Prilagojena oprema kavne prikolice<\/figcaption><\/figure>\n<h3><strong><b>Glavne zna\u010dilnosti <\/b><\/strong><strong><b>enonadstropna kava<\/b><\/strong><strong><b>\u00a0prikolica<\/b><\/strong><\/h3>\n<ol>\n<li>Modni videz je mogo\u010de prilagoditi;<\/li>\n<li>Ve\u010dnamenske dvi\u017ene plo\u0161\u010dadi na obeh straneh;<\/li>\n<li>Telo prikolice iz nerjave\u010dega jekla in notranja struktura, dobra toplotna odpornost, odpornost proti obrabi, odpornost proti koroziji;<\/li>\n<li>Sodobna in napredna dodatna oprema, opremljena v prikolici za kavo;<\/li>\n<li>Z veseljem bomo celotno prikolico prilagodili zahtevam stranke.<\/li>\n<\/ol>\n<h3><strong><b>Brezpla\u010dno 2D\/3D risanje tlorisa<\/b><\/strong><\/h3>\n<p>Po potrditvi dimenzij prikolice za hrano in notranje kuhinjske opreme vam lahko brezpla\u010dno zagotovimo 3D risbe. To vam bo omogo\u010dilo jasnej\u0161o predstavo o va\u0161i zasnovi in va\u0161em vozi\u010dku za hrano. Pri potrditvi lokacije kuhinjske opreme vam lahko s pomo\u010djo tlorisa jasno sporo\u010dimo, kje se bo nahajala. Prav tako vam lahko zagotovimo izvirne dokumente za la\u017eje oblikovanje in prilagoditve.<\/p>","protected":false},"excerpt":{"rendered":"<p data-spm-anchor-id=\"a2700.wholesale.0.i28.29e52808agqc7f\">To je prilagojena enonadstropna prikolica za kavo, katere karoserija in notranjost sta izdelani iz nerjave\u010dega jekla. Platforme na obeh straneh se lahko spustijo, kar omogo\u010da postavitev miz in stolov, reklamnih panojev, stojal za hrano itd. Je najprimernej\u0161i model za zagon podjetij s hitro prehrano.<\/p>","protected":false},"featured_media":3255,"template":"","meta":{"_themeisle_gutenberg_block_has_review":false},"product_brand":[],"product_cat":[26],"product_tag":[34,33,45,38,51,50],"class_list":{"0":"post-3254","1":"product","2":"type-product","3":"status-publish","4":"has-post-thumbnail","6":"product_cat-product","7":"product_tag-coffee-trailer","8":"product_tag-customized-trailer","9":"product_tag-large-food-trailer","10":"product_tag-mobile-food-trailer","11":"product_tag-square-food-trailer","12":"product_tag-standard-configuration","14":"first","15":"instock","16":"shipping-taxable","17":"product-type-simple"},"yoast_head":"<!-- This site is optimized with the Yoast SEO plugin v27.5 - https:\/\/yoast.com\/product\/yoast-seo-wordpress\/ -->\n<title>5.7M single-deck coffee trailer - Honlu food trailer<\/title>\n<meta name=\"description\" content=\"This is a customized single-deck coffee trailer, the body and interior are made of stainless steel. The platforms on both sides can be lowered, which can be used to place some tables and chairs, publicity boards, food racks, etc. It is the preferred model for starting fast-food businesses.\" \/>\n<meta name=\"robots\" content=\"index, follow, max-snippet:-1, max-image-preview:large, max-video-preview:-1\" \/>\n<link rel=\"canonical\" href=\"https:\/\/www.honlufoodtrailer.com\/sl\/product\/customized-5-7m-single-deck-coffee-trailer\/\" \/>\n<meta property=\"og:locale\" content=\"sl_SI\" \/>\n<meta property=\"og:type\" content=\"article\" \/>\n<meta property=\"og:title\" content=\"5.7M single-deck coffee trailer - Honlu food trailer\" \/>\n<meta property=\"og:description\" content=\"This is a customized single-deck coffee trailer, the body and interior are made of stainless steel. The platforms on both sides can be lowered, which can be used to place some tables and chairs, publicity boards, food racks, etc. It is the preferred model for starting fast-food businesses.\" \/>\n<meta property=\"og:url\" content=\"https:\/\/www.honlufoodtrailer.com\/sl\/product\/customized-5-7m-single-deck-coffee-trailer\/\" \/>\n<meta property=\"og:site_name\" content=\"Honlu food trailer\" \/>\n<meta property=\"article:modified_time\" content=\"2022-03-21T09:46:33+00:00\" \/>\n<meta property=\"og:image\" content=\"https:\/\/www.honlufoodtrailer.com\/wp-content\/uploads\/2022\/03\/Customized-5.7M-single-deck-coffee-trailer-1.jpg\" \/>\n\t<meta property=\"og:image:width\" content=\"720\" \/>\n\t<meta property=\"og:image:height\" content=\"540\" \/>\n\t<meta property=\"og:image:type\" content=\"image\/jpeg\" \/>\n<meta name=\"twitter:card\" content=\"summary_large_image\" \/>\n<meta name=\"twitter:label1\" content=\"Est. reading time\" \/>\n\t<meta name=\"twitter:data1\" content=\"4 minute\" \/>\n<script type=\"application\/ld+json\" class=\"yoast-schema-graph\">{\"@context\":\"https:\\\/\\\/schema.org\",\"@graph\":[{\"@type\":\"WebPage\",\"@id\":\"https:\\\/\\\/www.honlufoodtrailer.com\\\/product\\\/customized-5-7m-single-deck-coffee-trailer\\\/\",\"url\":\"https:\\\/\\\/www.honlufoodtrailer.com\\\/product\\\/customized-5-7m-single-deck-coffee-trailer\\\/\",\"name\":\"5.7M single-deck coffee trailer - Honlu food trailer\",\"isPartOf\":{\"@id\":\"https:\\\/\\\/www.honlufoodtrailer.com\\\/#website\"},\"primaryImageOfPage\":{\"@id\":\"https:\\\/\\\/www.honlufoodtrailer.com\\\/product\\\/customized-5-7m-single-deck-coffee-trailer\\\/#primaryimage\"},\"image\":{\"@id\":\"https:\\\/\\\/www.honlufoodtrailer.com\\\/product\\\/customized-5-7m-single-deck-coffee-trailer\\\/#primaryimage\"},\"thumbnailUrl\":\"https:\\\/\\\/www.honlufoodtrailer.com\\\/wp-content\\\/uploads\\\/2022\\\/03\\\/Customized-5.7M-single-deck-coffee-trailer-1.jpg\",\"datePublished\":\"2022-03-01T01:27:57+00:00\",\"dateModified\":\"2022-03-21T09:46:33+00:00\",\"description\":\"This is a customized single-deck coffee trailer, the body and interior are made of stainless steel. The platforms on both sides can be lowered, which can be used to place some tables and chairs, publicity boards, food racks, etc. It is the preferred model for starting fast-food businesses.\",\"breadcrumb\":{\"@id\":\"https:\\\/\\\/www.honlufoodtrailer.com\\\/product\\\/customized-5-7m-single-deck-coffee-trailer\\\/#breadcrumb\"},\"inLanguage\":\"sl-SI\",\"potentialAction\":[{\"@type\":\"ReadAction\",\"target\":[\"https:\\\/\\\/www.honlufoodtrailer.com\\\/product\\\/customized-5-7m-single-deck-coffee-trailer\\\/\"]}]},{\"@type\":\"ImageObject\",\"inLanguage\":\"sl-SI\",\"@id\":\"https:\\\/\\\/www.honlufoodtrailer.com\\\/product\\\/customized-5-7m-single-deck-coffee-trailer\\\/#primaryimage\",\"url\":\"https:\\\/\\\/www.honlufoodtrailer.com\\\/wp-content\\\/uploads\\\/2022\\\/03\\\/Customized-5.7M-single-deck-coffee-trailer-1.jpg\",\"contentUrl\":\"https:\\\/\\\/www.honlufoodtrailer.com\\\/wp-content\\\/uploads\\\/2022\\\/03\\\/Customized-5.7M-single-deck-coffee-trailer-1.jpg\",\"width\":720,\"height\":540,\"caption\":\"Customized 5.7M single-deck coffee trailer (1)\"},{\"@type\":\"BreadcrumbList\",\"@id\":\"https:\\\/\\\/www.honlufoodtrailer.com\\\/product\\\/customized-5-7m-single-deck-coffee-trailer\\\/#breadcrumb\",\"itemListElement\":[{\"@type\":\"ListItem\",\"position\":1,\"name\":\"Home\",\"item\":\"https:\\\/\\\/www.honlufoodtrailer.com\\\/\"},{\"@type\":\"ListItem\",\"position\":2,\"name\":\"\u4ea7\u54c1\",\"item\":\"https:\\\/\\\/www.honlufoodtrailer.com\\\/shop\\\/\"},{\"@type\":\"ListItem\",\"position\":3,\"name\":\"5.7M single-deck coffee trailer\"}]},{\"@type\":\"WebSite\",\"@id\":\"https:\\\/\\\/www.honlufoodtrailer.com\\\/#website\",\"url\":\"https:\\\/\\\/www.honlufoodtrailer.com\\\/\",\"name\":\"Honlu food trailer\",\"description\":\"\",\"publisher\":{\"@id\":\"https:\\\/\\\/www.honlufoodtrailer.com\\\/#organization\"},\"potentialAction\":[{\"@type\":\"SearchAction\",\"target\":{\"@type\":\"EntryPoint\",\"urlTemplate\":\"https:\\\/\\\/www.honlufoodtrailer.com\\\/?s={search_term_string}\"},\"query-input\":{\"@type\":\"PropertyValueSpecification\",\"valueRequired\":true,\"valueName\":\"search_term_string\"}}],\"inLanguage\":\"sl-SI\"},{\"@type\":\"Organization\",\"@id\":\"https:\\\/\\\/www.honlufoodtrailer.com\\\/#organization\",\"name\":\"Honlu food trailer\",\"url\":\"https:\\\/\\\/www.honlufoodtrailer.com\\\/\",\"logo\":{\"@type\":\"ImageObject\",\"inLanguage\":\"sl-SI\",\"@id\":\"https:\\\/\\\/www.honlufoodtrailer.com\\\/#\\\/schema\\\/logo\\\/image\\\/\",\"url\":\"https:\\\/\\\/www.honlufoodtrailer.com\\\/wp-content\\\/uploads\\\/2021\\\/12\\\/2.gif\",\"contentUrl\":\"https:\\\/\\\/www.honlufoodtrailer.com\\\/wp-content\\\/uploads\\\/2021\\\/12\\\/2.gif\",\"width\":350,\"height\":100,\"caption\":\"Honlu food trailer\"},\"image\":{\"@id\":\"https:\\\/\\\/www.honlufoodtrailer.com\\\/#\\\/schema\\\/logo\\\/image\\\/\"}}]}<\/script>\n<!-- \/ Yoast SEO plugin. -->","yoast_head_json":{"title":"5,7-metrska enonadstropna prikolica za kavo - prikolica za hrano Honlu","description":"To je prilagojena enonadstropna prikolica za kavo, katere karoserija in notranjost sta izdelani iz nerjave\u010dega jekla. Platforme na obeh straneh se lahko spustijo, kar omogo\u010da postavitev miz in stolov, reklamnih panojev, stojal za hrano itd. Je najprimernej\u0161i model za zagon podjetij s hitro prehrano.","robots":{"index":"index","follow":"follow","max-snippet":"max-snippet:-1","max-image-preview":"max-image-preview:large","max-video-preview":"max-video-preview:-1"},"canonical":"https:\/\/www.honlufoodtrailer.com\/sl\/product\/customized-5-7m-single-deck-coffee-trailer\/","og_locale":"sl_SI","og_type":"article","og_title":"5.7M single-deck coffee trailer - Honlu food trailer","og_description":"This is a customized single-deck coffee trailer, the body and interior are made of stainless steel. The platforms on both sides can be lowered, which can be used to place some tables and chairs, publicity boards, food racks, etc. It is the preferred model for starting fast-food businesses.","og_url":"https:\/\/www.honlufoodtrailer.com\/sl\/product\/customized-5-7m-single-deck-coffee-trailer\/","og_site_name":"Honlu food trailer","article_modified_time":"2022-03-21T09:46:33+00:00","og_image":[{"width":720,"height":540,"url":"https:\/\/www.honlufoodtrailer.com\/wp-content\/uploads\/2022\/03\/Customized-5.7M-single-deck-coffee-trailer-1.jpg","type":"image\/jpeg"}],"twitter_card":"summary_large_image","twitter_misc":{"Est. reading time":"4 minute"},"schema":{"@context":"https:\/\/schema.org","@graph":[{"@type":"WebPage","@id":"https:\/\/www.honlufoodtrailer.com\/product\/customized-5-7m-single-deck-coffee-trailer\/","url":"https:\/\/www.honlufoodtrailer.com\/product\/customized-5-7m-single-deck-coffee-trailer\/","name":"5,7-metrska enonadstropna prikolica za kavo - prikolica za hrano Honlu","isPartOf":{"@id":"https:\/\/www.honlufoodtrailer.com\/#website"},"primaryImageOfPage":{"@id":"https:\/\/www.honlufoodtrailer.com\/product\/customized-5-7m-single-deck-coffee-trailer\/#primaryimage"},"image":{"@id":"https:\/\/www.honlufoodtrailer.com\/product\/customized-5-7m-single-deck-coffee-trailer\/#primaryimage"},"thumbnailUrl":"https:\/\/www.honlufoodtrailer.com\/wp-content\/uploads\/2022\/03\/Customized-5.7M-single-deck-coffee-trailer-1.jpg","datePublished":"2022-03-01T01:27:57+00:00","dateModified":"2022-03-21T09:46:33+00:00","description":"To je prilagojena enonadstropna prikolica za kavo, katere karoserija in notranjost sta izdelani iz nerjave\u010dega jekla. Platforme na obeh straneh se lahko spustijo, kar omogo\u010da postavitev miz in stolov, reklamnih panojev, stojal za hrano itd. Je najprimernej\u0161i model za zagon podjetij s hitro prehrano.","breadcrumb":{"@id":"https:\/\/www.honlufoodtrailer.com\/product\/customized-5-7m-single-deck-coffee-trailer\/#breadcrumb"},"inLanguage":"sl-SI","potentialAction":[{"@type":"ReadAction","target":["https:\/\/www.honlufoodtrailer.com\/product\/customized-5-7m-single-deck-coffee-trailer\/"]}]},{"@type":"ImageObject","inLanguage":"sl-SI","@id":"https:\/\/www.honlufoodtrailer.com\/product\/customized-5-7m-single-deck-coffee-trailer\/#primaryimage","url":"https:\/\/www.honlufoodtrailer.com\/wp-content\/uploads\/2022\/03\/Customized-5.7M-single-deck-coffee-trailer-1.jpg","contentUrl":"https:\/\/www.honlufoodtrailer.com\/wp-content\/uploads\/2022\/03\/Customized-5.7M-single-deck-coffee-trailer-1.jpg","width":720,"height":540,"caption":"Customized 5.7M single-deck coffee trailer (1)"},{"@type":"BreadcrumbList","@id":"https:\/\/www.honlufoodtrailer.com\/product\/customized-5-7m-single-deck-coffee-trailer\/#breadcrumb","itemListElement":[{"@type":"ListItem","position":1,"name":"Home","item":"https:\/\/www.honlufoodtrailer.com\/"},{"@type":"ListItem","position":2,"name":"\u4ea7\u54c1","item":"https:\/\/www.honlufoodtrailer.com\/shop\/"},{"@type":"ListItem","position":3,"name":"5.7M single-deck coffee trailer"}]},{"@type":"WebSite","@id":"https:\/\/www.honlufoodtrailer.com\/#website","url":"https:\/\/www.honlufoodtrailer.com\/","name":"Prikolica za hrano Honlu","description":"","publisher":{"@id":"https:\/\/www.honlufoodtrailer.com\/#organization"},"potentialAction":[{"@type":"SearchAction","target":{"@type":"EntryPoint","urlTemplate":"https:\/\/www.honlufoodtrailer.com\/?s={search_term_string}"},"query-input":{"@type":"PropertyValueSpecification","valueRequired":true,"valueName":"search_term_string"}}],"inLanguage":"sl-SI"},{"@type":"Organization","@id":"https:\/\/www.honlufoodtrailer.com\/#organization","name":"Prikolica za hrano Honlu","url":"https:\/\/www.honlufoodtrailer.com\/","logo":{"@type":"ImageObject","inLanguage":"sl-SI","@id":"https:\/\/www.honlufoodtrailer.com\/#\/schema\/logo\/image\/","url":"https:\/\/www.honlufoodtrailer.com\/wp-content\/uploads\/2021\/12\/2.gif","contentUrl":"https:\/\/www.honlufoodtrailer.com\/wp-content\/uploads\/2021\/12\/2.gif","width":350,"height":100,"caption":"Honlu food trailer"},"image":{"@id":"https:\/\/www.honlufoodtrailer.com\/#\/schema\/logo\/image\/"}}]}},"_links":{"self":[{"href":"https:\/\/www.honlufoodtrailer.com\/sl\/wp-json\/wp\/v2\/product\/3254","targetHints":{"allow":["GET"]}}],"collection":[{"href":"https:\/\/www.honlufoodtrailer.com\/sl\/wp-json\/wp\/v2\/product"}],"about":[{"href":"https:\/\/www.honlufoodtrailer.com\/sl\/wp-json\/wp\/v2\/types\/product"}],"version-history":[{"count":0,"href":"https:\/\/www.honlufoodtrailer.com\/sl\/wp-json\/wp\/v2\/product\/3254\/revisions"}],"wp:featuredmedia":[{"embeddable":true,"href":"https:\/\/www.honlufoodtrailer.com\/sl\/wp-json\/wp\/v2\/media\/3255"}],"wp:attachment":[{"href":"https:\/\/www.honlufoodtrailer.com\/sl\/wp-json\/wp\/v2\/media?parent=3254"}],"wp:term":[{"taxonomy":"product_brand","embeddable":true,"href":"https:\/\/www.honlufoodtrailer.com\/sl\/wp-json\/wp\/v2\/product_brand?post=3254"},{"taxonomy":"product_cat","embeddable":true,"href":"https:\/\/www.honlufoodtrailer.com\/sl\/wp-json\/wp\/v2\/product_cat?post=3254"},{"taxonomy":"product_tag","embeddable":true,"href":"https:\/\/www.honlufoodtrailer.com\/sl\/wp-json\/wp\/v2\/product_tag?post=3254"}],"curies":[{"name":"wp","href":"https:\/\/api.w.org\/{rel}","templated":true}]}}