{"id":3978,"date":"2022-03-29T09:01:53","date_gmt":"2022-03-29T01:01:53","guid":{"rendered":"https:\/\/www.honlufoodtrailer.com\/?post_type=product&#038;p=3978"},"modified":"2024-06-27T17:49:27","modified_gmt":"2024-06-27T09:49:27","slug":"5m-square-food-trailer-with-wood-grain-sticker","status":"publish","type":"product","link":"https:\/\/www.honlufoodtrailer.com\/sl\/product\/5m-square-food-trailer-with-wood-grain-sticker\/","title":{"rendered":"5M Square Food Trailer z nalepko za lesno zrno"},"content":{"rendered":"<p>I\u0161\u010dete kvadratno prikolico za hrano z nalepko z lesenim vzorcem? Oglejte si tole! To je prikolica za hrano shawarma po meri, ki smo jo izdelali za eno od na\u0161ih strank iz Zdru\u017eenih dr\u017eav Amerike. Na\u0161a stranka jo uporablja predvsem za prodajo shawarme in druge ocvrte hrane. Zdaj pa si oglejmo nekaj slik!<\/p>\n<p><img fetchpriority=\"high\" decoding=\"async\" class=\"size-full wp-image-3979 aligncenter\" src=\"https:\/\/www.honlufoodtrailer.com\/wp-content\/uploads\/2022\/03\/5M-square-food-trailer-with-wood-grain-sticker-1.jpg\" alt=\"5M kvadratna prikolica za hrano z leseno nalepko (1)\" width=\"720\" height=\"540\" srcset=\"https:\/\/www.honlufoodtrailer.com\/wp-content\/uploads\/2022\/03\/5M-square-food-trailer-with-wood-grain-sticker-1.jpg 720w, https:\/\/www.honlufoodtrailer.com\/wp-content\/uploads\/2022\/03\/5M-square-food-trailer-with-wood-grain-sticker-1-480x360.jpg 480w, https:\/\/www.honlufoodtrailer.com\/wp-content\/uploads\/2022\/03\/5M-square-food-trailer-with-wood-grain-sticker-1-300x225.jpg 300w\" sizes=\"(max-width: 720px) 100vw, 720px\" \/><\/p>\n<h3>Notranje podrobnosti te 5M kvadratne prikolice za hrano<\/h3>\n<p>Kot lahko vidite na spodnji sliki, smo prikolico za hrano prilagodili s kuhinjsko opremo, kot so plinski \u0161tedilniki, cvrtnik, stroj za shawarma, \u017eari, \u017eari za ohranjanje toplote, \u0161tiri korita, stojalo za hrano in delovna miza itd. Delovna povr\u0161ina na sprednji strani prikolice za hrano in \u0161tiri korita po meri so izdelana iz nerjave\u010dega jekla \u017eivilske kakovosti.<\/p>\n<figure id=\"attachment_3988\" aria-describedby=\"caption-attachment-3988\" style=\"width: 900px\" class=\"wp-caption aligncenter\"><img decoding=\"async\" class=\"size-full wp-image-3988\" src=\"https:\/\/www.honlufoodtrailer.com\/wp-content\/uploads\/2022\/03\/Inner-structure.jpg\" alt=\"Notranja struktura\" width=\"900\" height=\"844\" srcset=\"https:\/\/www.honlufoodtrailer.com\/wp-content\/uploads\/2022\/03\/Inner-structure.jpg 900w, https:\/\/www.honlufoodtrailer.com\/wp-content\/uploads\/2022\/03\/Inner-structure-768x720.jpg 768w, https:\/\/www.honlufoodtrailer.com\/wp-content\/uploads\/2022\/03\/Inner-structure-384x360.jpg 384w, https:\/\/www.honlufoodtrailer.com\/wp-content\/uploads\/2022\/03\/Inner-structure-300x281.jpg 300w, https:\/\/www.honlufoodtrailer.com\/wp-content\/uploads\/2022\/03\/Inner-structure-720x675.jpg 720w\" sizes=\"(max-width: 900px) 100vw, 900px\" \/><figcaption id=\"caption-attachment-3988\" class=\"wp-caption-text\">Notranja struktura<\/figcaption><\/figure>\n<p>Glede na lokalne zahteve stranke prilagodimo sistem s \u0161tirimi pomivalnimi koriti in plinom v skladu z lokalnimi predpisi. Kuhinjska oprema vklju\u010duje plinski \u0161tedilnik, \u017ear, \u017ear, pe\u010d za ohranjanje toplote in tako naprej. Glede na potrebe strank bi radi kupili tudi druge vrste opreme.<\/p>\n<figure id=\"attachment_3989\" aria-describedby=\"caption-attachment-3989\" style=\"width: 1000px\" class=\"wp-caption aligncenter\"><img decoding=\"async\" class=\"size-full wp-image-3989\" src=\"https:\/\/www.honlufoodtrailer.com\/wp-content\/uploads\/2022\/03\/Customized-equipment.jpg\" alt=\"Prilagojena oprema\" width=\"1000\" height=\"800\" srcset=\"https:\/\/www.honlufoodtrailer.com\/wp-content\/uploads\/2022\/03\/Customized-equipment.jpg 1000w, https:\/\/www.honlufoodtrailer.com\/wp-content\/uploads\/2022\/03\/Customized-equipment-768x614.jpg 768w, https:\/\/www.honlufoodtrailer.com\/wp-content\/uploads\/2022\/03\/Customized-equipment-450x360.jpg 450w, https:\/\/www.honlufoodtrailer.com\/wp-content\/uploads\/2022\/03\/Customized-equipment-300x240.jpg 300w, https:\/\/www.honlufoodtrailer.com\/wp-content\/uploads\/2022\/03\/Customized-equipment-720x576.jpg 720w\" sizes=\"(max-width: 1000px) 100vw, 1000px\" \/><figcaption id=\"caption-attachment-3989\" class=\"wp-caption-text\">Prilagojena oprema<\/figcaption><\/figure>\n<p data-spm-anchor-id=\"a2700.wholesale.0.i28.29e52808agqc7f\">Prikolice za hrano lahko imenujemo tudi vozi\u010dki za hrano, kombiji za hrano, tovornjaki s hrano in tako naprej. Uporabljajo se lahko za prodajo hitre hrane, prigrizkov, \u010dasopisov, knjig in tako naprej. Sestavljene so iz \u0161asije, karoserije, tal, delovne mize, vodnega sistema, elektri\u010dnega sistema. Uporabniki lahko izberejo tudi barvo, ki jo \u017eelijo. Po \u017eelji strank bi radi kupili tudi druge vrste opreme.<\/p>\n<p>Je najprimernej\u0161i model za zagon podjetij s hitro prehrano, naro\u010dila v ve\u010djih nakupovalnih sredi\u0161\u010dih, enotno upravljanje uli\u010dne hitre prehrane in dru\u017einske piknike. Uporablja se lahko tudi za prodajo hrenovk, maloprodaje, cvetli\u010darstva, sendvi\u010dev, kave, sladoleda itd. Imamo certifikat CE, ki vam pomaga pri zagonu mobilnega podjetja.<\/p>\n<figure id=\"attachment_3987\" aria-describedby=\"caption-attachment-3987\" style=\"width: 1800px\" class=\"wp-caption alignnone\"><img loading=\"lazy\" decoding=\"async\" class=\"size-full wp-image-3987\" src=\"https:\/\/www.honlufoodtrailer.com\/wp-content\/uploads\/2022\/03\/Inner-structure-5M-square-food-trailer-with-wood-grain-sticker.jpg\" alt=\"Notranja konstrukcija 5M kvadratne prikolice za hrano z nalepko iz lesa\" width=\"1800\" height=\"900\" srcset=\"https:\/\/www.honlufoodtrailer.com\/wp-content\/uploads\/2022\/03\/Inner-structure-5M-square-food-trailer-with-wood-grain-sticker.jpg 1800w, https:\/\/www.honlufoodtrailer.com\/wp-content\/uploads\/2022\/03\/Inner-structure-5M-square-food-trailer-with-wood-grain-sticker-768x384.jpg 768w, https:\/\/www.honlufoodtrailer.com\/wp-content\/uploads\/2022\/03\/Inner-structure-5M-square-food-trailer-with-wood-grain-sticker-1536x768.jpg 1536w, https:\/\/www.honlufoodtrailer.com\/wp-content\/uploads\/2022\/03\/Inner-structure-5M-square-food-trailer-with-wood-grain-sticker-480x240.jpg 480w, https:\/\/www.honlufoodtrailer.com\/wp-content\/uploads\/2022\/03\/Inner-structure-5M-square-food-trailer-with-wood-grain-sticker-300x150.jpg 300w, https:\/\/www.honlufoodtrailer.com\/wp-content\/uploads\/2022\/03\/Inner-structure-5M-square-food-trailer-with-wood-grain-sticker-720x360.jpg 720w\" sizes=\"(max-width: 1800px) 100vw, 1800px\" \/><figcaption id=\"caption-attachment-3987\" class=\"wp-caption-text\">Notranja konstrukcija 5M kvadratne prikolice za hrano z nalepko iz lesa<\/figcaption><\/figure>\n<h3 class=\"magic-6\" data-spm-anchor-id=\"a2700.wholesale.0.i28.29e52808agqc7f\">Glavne zna\u010dilnosti kvadratne prikolice za hrano<\/h3>\n<div class=\"magic-7\">\n<div class=\"magic-8\">\n<div class=\"magic-9\" data-id=\"paragraph0\">\n<ol>\n<li>Modni videz je mogo\u010de prilagoditi;<\/li>\n<li>Telo prikolice iz nerjave\u010dega jekla in notranja struktura, dobra toplotna odpornost, odpornost proti obrabi, odpornost proti koroziji;<\/li>\n<li>Sodobna in napredna oprema, s katero je opremljena mobilna prikolica za hrano;<\/li>\n<li>To je \u0161ok in te\u017eko korozijo, toplotna odpornost in mo\u010d je visoka, visoka barvna obstojnost, brez deformacije, vodoodporen, in dolgo \u017eivljenjsko dobo;<\/li>\n<li>Z veseljem ga spremenimo v skladu z va\u0161imi zahtevami.<\/li>\n<\/ol>\n<h3>Brezpla\u010dno 2D\/3D risanje tlorisa<\/h3>\n<p>Po potrditvi dimenzij prikolice za hrano in notranje kuhinjske opreme vam lahko brezpla\u010dno zagotovimo 3D risbe. To vam bo omogo\u010dilo jasnej\u0161o predstavo o va\u0161i zasnovi in va\u0161em vozi\u010dku za hrano. Pri potrditvi lokacije kuhinjske opreme vam lahko s pomo\u010djo tlorisa jasno sporo\u010dimo, kje se bo nahajala. Prav tako vam lahko zagotovimo izvirne dokumente za la\u017eje oblikovanje in prilagoditve.<\/p>\n<\/div>\n<\/div>\n<\/div>","protected":false},"excerpt":{"rendered":"<p data-spm-anchor-id=\"a2700.wholesale.0.i28.29e52808agqc7f\">To je ena od na\u0161ih prilagojenih 5M kvadratnih prikolic za hrano z nalepko z lesnim vzorcem. Celotna prikolica je prekrita z nalepkami z lesnim vzorcem, na vrhu pa je prilagojen oglasni pano. Glede na potrebe strank imamo prilagojeno kuhinjsko opremo, kot so plinski \u0161tedilniki, \u017eari, \u017eari in pe\u010di za ohranjanje toplote. Celotna prikolica je kompaktna in enostavna za uporabo. Je najprimernej\u0161i model za za\u010detek mobilne prehrambene dejavnosti.<\/p>","protected":false},"featured_media":3979,"template":"","meta":{"_themeisle_gutenberg_block_has_review":false},"product_brand":[],"product_cat":[26],"product_tag":[53,33,41,38,52],"class_list":{"0":"post-3978","1":"product","2":"type-product","3":"status-publish","4":"has-post-thumbnail","6":"product_cat-product","7":"product_tag-customized-sinks","8":"product_tag-customized-trailer","9":"product_tag-galvanized-trailer","10":"product_tag-mobile-food-trailer","11":"product_tag-personalized-billboard","13":"first","14":"instock","15":"shipping-taxable","16":"product-type-simple"},"yoast_head":"<!-- This site is optimized with the Yoast SEO plugin v27.5 - https:\/\/yoast.com\/product\/yoast-seo-wordpress\/ -->\n<title>5M Square Food Trailer With Wood Grain Sticker - Honlu Trailer<\/title>\n<meta name=\"description\" content=\"This is one of our customized 5M square food trailers. The whole trailer is covered with wood-grain stickers, and a billboard is customized on the top. According to customer needs, we have customized kitchen equipment such as gas stoves, barbecues, grills, and heat preservation stoves. The whole trailer is compact and easy to use. It is the preferred model for starting the mobile food business.\" \/>\n<meta name=\"robots\" content=\"index, follow, max-snippet:-1, max-image-preview:large, max-video-preview:-1\" \/>\n<link rel=\"canonical\" href=\"https:\/\/www.honlufoodtrailer.com\/sl\/product\/5m-square-food-trailer-with-wood-grain-sticker\/\" \/>\n<meta property=\"og:locale\" content=\"sl_SI\" \/>\n<meta property=\"og:type\" content=\"article\" \/>\n<meta property=\"og:title\" content=\"5M Square Food Trailer With Wood Grain Sticker - Honlu Trailer\" \/>\n<meta property=\"og:description\" content=\"This is one of our customized 5M square food trailers. The whole trailer is covered with wood-grain stickers, and a billboard is customized on the top. According to customer needs, we have customized kitchen equipment such as gas stoves, barbecues, grills, and heat preservation stoves. The whole trailer is compact and easy to use. It is the preferred model for starting the mobile food business.\" \/>\n<meta property=\"og:url\" content=\"https:\/\/www.honlufoodtrailer.com\/sl\/product\/5m-square-food-trailer-with-wood-grain-sticker\/\" \/>\n<meta property=\"og:site_name\" content=\"Honlu food trailer\" \/>\n<meta property=\"article:modified_time\" content=\"2024-06-27T09:49:27+00:00\" \/>\n<meta property=\"og:image\" content=\"https:\/\/www.honlufoodtrailer.com\/wp-content\/uploads\/2022\/03\/5M-square-food-trailer-with-wood-grain-sticker-1.jpg\" \/>\n\t<meta property=\"og:image:width\" content=\"720\" \/>\n\t<meta property=\"og:image:height\" content=\"540\" \/>\n\t<meta property=\"og:image:type\" content=\"image\/jpeg\" \/>\n<meta name=\"twitter:card\" content=\"summary_large_image\" \/>\n<meta name=\"twitter:label1\" content=\"Est. reading time\" \/>\n\t<meta name=\"twitter:data1\" content=\"3 minute\" \/>\n<script type=\"application\/ld+json\" class=\"yoast-schema-graph\">{\"@context\":\"https:\\\/\\\/schema.org\",\"@graph\":[{\"@type\":\"WebPage\",\"@id\":\"https:\\\/\\\/www.honlufoodtrailer.com\\\/product\\\/5m-square-food-trailer-with-wood-grain-sticker\\\/\",\"url\":\"https:\\\/\\\/www.honlufoodtrailer.com\\\/product\\\/5m-square-food-trailer-with-wood-grain-sticker\\\/\",\"name\":\"5M Square Food Trailer With Wood Grain Sticker - Honlu Trailer\",\"isPartOf\":{\"@id\":\"https:\\\/\\\/www.honlufoodtrailer.com\\\/#website\"},\"primaryImageOfPage\":{\"@id\":\"https:\\\/\\\/www.honlufoodtrailer.com\\\/product\\\/5m-square-food-trailer-with-wood-grain-sticker\\\/#primaryimage\"},\"image\":{\"@id\":\"https:\\\/\\\/www.honlufoodtrailer.com\\\/product\\\/5m-square-food-trailer-with-wood-grain-sticker\\\/#primaryimage\"},\"thumbnailUrl\":\"https:\\\/\\\/www.honlufoodtrailer.com\\\/wp-content\\\/uploads\\\/2022\\\/03\\\/5M-square-food-trailer-with-wood-grain-sticker-1.jpg\",\"datePublished\":\"2022-03-29T01:01:53+00:00\",\"dateModified\":\"2024-06-27T09:49:27+00:00\",\"description\":\"This is one of our customized 5M square food trailers. The whole trailer is covered with wood-grain stickers, and a billboard is customized on the top. According to customer needs, we have customized kitchen equipment such as gas stoves, barbecues, grills, and heat preservation stoves. The whole trailer is compact and easy to use. It is the preferred model for starting the mobile food business.\",\"breadcrumb\":{\"@id\":\"https:\\\/\\\/www.honlufoodtrailer.com\\\/product\\\/5m-square-food-trailer-with-wood-grain-sticker\\\/#breadcrumb\"},\"inLanguage\":\"sl-SI\",\"potentialAction\":[{\"@type\":\"ReadAction\",\"target\":[\"https:\\\/\\\/www.honlufoodtrailer.com\\\/product\\\/5m-square-food-trailer-with-wood-grain-sticker\\\/\"]}]},{\"@type\":\"ImageObject\",\"inLanguage\":\"sl-SI\",\"@id\":\"https:\\\/\\\/www.honlufoodtrailer.com\\\/product\\\/5m-square-food-trailer-with-wood-grain-sticker\\\/#primaryimage\",\"url\":\"https:\\\/\\\/www.honlufoodtrailer.com\\\/wp-content\\\/uploads\\\/2022\\\/03\\\/5M-square-food-trailer-with-wood-grain-sticker-1.jpg\",\"contentUrl\":\"https:\\\/\\\/www.honlufoodtrailer.com\\\/wp-content\\\/uploads\\\/2022\\\/03\\\/5M-square-food-trailer-with-wood-grain-sticker-1.jpg\",\"width\":720,\"height\":540,\"caption\":\"5M square food trailer with wood grain sticker (1)\"},{\"@type\":\"BreadcrumbList\",\"@id\":\"https:\\\/\\\/www.honlufoodtrailer.com\\\/product\\\/5m-square-food-trailer-with-wood-grain-sticker\\\/#breadcrumb\",\"itemListElement\":[{\"@type\":\"ListItem\",\"position\":1,\"name\":\"Home\",\"item\":\"https:\\\/\\\/www.honlufoodtrailer.com\\\/\"},{\"@type\":\"ListItem\",\"position\":2,\"name\":\"\u4ea7\u54c1\",\"item\":\"https:\\\/\\\/www.honlufoodtrailer.com\\\/shop\\\/\"},{\"@type\":\"ListItem\",\"position\":3,\"name\":\"5M Square Food Trailer With Wood Grain Sticker\"}]},{\"@type\":\"WebSite\",\"@id\":\"https:\\\/\\\/www.honlufoodtrailer.com\\\/#website\",\"url\":\"https:\\\/\\\/www.honlufoodtrailer.com\\\/\",\"name\":\"Honlu food trailer\",\"description\":\"\",\"publisher\":{\"@id\":\"https:\\\/\\\/www.honlufoodtrailer.com\\\/#organization\"},\"potentialAction\":[{\"@type\":\"SearchAction\",\"target\":{\"@type\":\"EntryPoint\",\"urlTemplate\":\"https:\\\/\\\/www.honlufoodtrailer.com\\\/?s={search_term_string}\"},\"query-input\":{\"@type\":\"PropertyValueSpecification\",\"valueRequired\":true,\"valueName\":\"search_term_string\"}}],\"inLanguage\":\"sl-SI\"},{\"@type\":\"Organization\",\"@id\":\"https:\\\/\\\/www.honlufoodtrailer.com\\\/#organization\",\"name\":\"Honlu food trailer\",\"url\":\"https:\\\/\\\/www.honlufoodtrailer.com\\\/\",\"logo\":{\"@type\":\"ImageObject\",\"inLanguage\":\"sl-SI\",\"@id\":\"https:\\\/\\\/www.honlufoodtrailer.com\\\/#\\\/schema\\\/logo\\\/image\\\/\",\"url\":\"https:\\\/\\\/www.honlufoodtrailer.com\\\/wp-content\\\/uploads\\\/2021\\\/12\\\/2.gif\",\"contentUrl\":\"https:\\\/\\\/www.honlufoodtrailer.com\\\/wp-content\\\/uploads\\\/2021\\\/12\\\/2.gif\",\"width\":350,\"height\":100,\"caption\":\"Honlu food trailer\"},\"image\":{\"@id\":\"https:\\\/\\\/www.honlufoodtrailer.com\\\/#\\\/schema\\\/logo\\\/image\\\/\"}}]}<\/script>\n<!-- \/ Yoast SEO plugin. -->","yoast_head_json":{"title":"5M kvadratna prikolica za hrano z nalepko iz lesa - Honlu Trailer","description":"To je ena od na\u0161ih prilagojenih 5M kvadratnih prikolic za hrano. Celotna prikolica je prekrita z nalepkami z lesnim vzorcem, na vrhu pa je prilagojen oglasni pano. Glede na potrebe strank imamo prilagojeno kuhinjsko opremo, kot so plinski \u0161tedilniki, \u017eari, \u017eari in pe\u010di za ohranjanje toplote. Celotna prikolica je kompaktna in enostavna za uporabo. Je najprimernej\u0161i model za za\u010detek mobilne prehrambene dejavnosti.","robots":{"index":"index","follow":"follow","max-snippet":"max-snippet:-1","max-image-preview":"max-image-preview:large","max-video-preview":"max-video-preview:-1"},"canonical":"https:\/\/www.honlufoodtrailer.com\/sl\/product\/5m-square-food-trailer-with-wood-grain-sticker\/","og_locale":"sl_SI","og_type":"article","og_title":"5M Square Food Trailer With Wood Grain Sticker - Honlu Trailer","og_description":"This is one of our customized 5M square food trailers. The whole trailer is covered with wood-grain stickers, and a billboard is customized on the top. According to customer needs, we have customized kitchen equipment such as gas stoves, barbecues, grills, and heat preservation stoves. The whole trailer is compact and easy to use. It is the preferred model for starting the mobile food business.","og_url":"https:\/\/www.honlufoodtrailer.com\/sl\/product\/5m-square-food-trailer-with-wood-grain-sticker\/","og_site_name":"Honlu food trailer","article_modified_time":"2024-06-27T09:49:27+00:00","og_image":[{"width":720,"height":540,"url":"https:\/\/www.honlufoodtrailer.com\/wp-content\/uploads\/2022\/03\/5M-square-food-trailer-with-wood-grain-sticker-1.jpg","type":"image\/jpeg"}],"twitter_card":"summary_large_image","twitter_misc":{"Est. reading time":"3 minute"},"schema":{"@context":"https:\/\/schema.org","@graph":[{"@type":"WebPage","@id":"https:\/\/www.honlufoodtrailer.com\/product\/5m-square-food-trailer-with-wood-grain-sticker\/","url":"https:\/\/www.honlufoodtrailer.com\/product\/5m-square-food-trailer-with-wood-grain-sticker\/","name":"5M kvadratna prikolica za hrano z nalepko iz lesa - Honlu Trailer","isPartOf":{"@id":"https:\/\/www.honlufoodtrailer.com\/#website"},"primaryImageOfPage":{"@id":"https:\/\/www.honlufoodtrailer.com\/product\/5m-square-food-trailer-with-wood-grain-sticker\/#primaryimage"},"image":{"@id":"https:\/\/www.honlufoodtrailer.com\/product\/5m-square-food-trailer-with-wood-grain-sticker\/#primaryimage"},"thumbnailUrl":"https:\/\/www.honlufoodtrailer.com\/wp-content\/uploads\/2022\/03\/5M-square-food-trailer-with-wood-grain-sticker-1.jpg","datePublished":"2022-03-29T01:01:53+00:00","dateModified":"2024-06-27T09:49:27+00:00","description":"To je ena od na\u0161ih prilagojenih 5M kvadratnih prikolic za hrano. Celotna prikolica je prekrita z nalepkami z lesnim vzorcem, na vrhu pa je prilagojen oglasni pano. Glede na potrebe strank imamo prilagojeno kuhinjsko opremo, kot so plinski \u0161tedilniki, \u017eari, \u017eari in pe\u010di za ohranjanje toplote. Celotna prikolica je kompaktna in enostavna za uporabo. Je najprimernej\u0161i model za za\u010detek mobilne prehrambene dejavnosti.","breadcrumb":{"@id":"https:\/\/www.honlufoodtrailer.com\/product\/5m-square-food-trailer-with-wood-grain-sticker\/#breadcrumb"},"inLanguage":"sl-SI","potentialAction":[{"@type":"ReadAction","target":["https:\/\/www.honlufoodtrailer.com\/product\/5m-square-food-trailer-with-wood-grain-sticker\/"]}]},{"@type":"ImageObject","inLanguage":"sl-SI","@id":"https:\/\/www.honlufoodtrailer.com\/product\/5m-square-food-trailer-with-wood-grain-sticker\/#primaryimage","url":"https:\/\/www.honlufoodtrailer.com\/wp-content\/uploads\/2022\/03\/5M-square-food-trailer-with-wood-grain-sticker-1.jpg","contentUrl":"https:\/\/www.honlufoodtrailer.com\/wp-content\/uploads\/2022\/03\/5M-square-food-trailer-with-wood-grain-sticker-1.jpg","width":720,"height":540,"caption":"5M square food trailer with wood grain sticker (1)"},{"@type":"BreadcrumbList","@id":"https:\/\/www.honlufoodtrailer.com\/product\/5m-square-food-trailer-with-wood-grain-sticker\/#breadcrumb","itemListElement":[{"@type":"ListItem","position":1,"name":"Home","item":"https:\/\/www.honlufoodtrailer.com\/"},{"@type":"ListItem","position":2,"name":"\u4ea7\u54c1","item":"https:\/\/www.honlufoodtrailer.com\/shop\/"},{"@type":"ListItem","position":3,"name":"5M Square Food Trailer With Wood Grain Sticker"}]},{"@type":"WebSite","@id":"https:\/\/www.honlufoodtrailer.com\/#website","url":"https:\/\/www.honlufoodtrailer.com\/","name":"Prikolica za hrano Honlu","description":"","publisher":{"@id":"https:\/\/www.honlufoodtrailer.com\/#organization"},"potentialAction":[{"@type":"SearchAction","target":{"@type":"EntryPoint","urlTemplate":"https:\/\/www.honlufoodtrailer.com\/?s={search_term_string}"},"query-input":{"@type":"PropertyValueSpecification","valueRequired":true,"valueName":"search_term_string"}}],"inLanguage":"sl-SI"},{"@type":"Organization","@id":"https:\/\/www.honlufoodtrailer.com\/#organization","name":"Prikolica za hrano Honlu","url":"https:\/\/www.honlufoodtrailer.com\/","logo":{"@type":"ImageObject","inLanguage":"sl-SI","@id":"https:\/\/www.honlufoodtrailer.com\/#\/schema\/logo\/image\/","url":"https:\/\/www.honlufoodtrailer.com\/wp-content\/uploads\/2021\/12\/2.gif","contentUrl":"https:\/\/www.honlufoodtrailer.com\/wp-content\/uploads\/2021\/12\/2.gif","width":350,"height":100,"caption":"Honlu food trailer"},"image":{"@id":"https:\/\/www.honlufoodtrailer.com\/#\/schema\/logo\/image\/"}}]}},"_links":{"self":[{"href":"https:\/\/www.honlufoodtrailer.com\/sl\/wp-json\/wp\/v2\/product\/3978","targetHints":{"allow":["GET"]}}],"collection":[{"href":"https:\/\/www.honlufoodtrailer.com\/sl\/wp-json\/wp\/v2\/product"}],"about":[{"href":"https:\/\/www.honlufoodtrailer.com\/sl\/wp-json\/wp\/v2\/types\/product"}],"version-history":[{"count":0,"href":"https:\/\/www.honlufoodtrailer.com\/sl\/wp-json\/wp\/v2\/product\/3978\/revisions"}],"wp:featuredmedia":[{"embeddable":true,"href":"https:\/\/www.honlufoodtrailer.com\/sl\/wp-json\/wp\/v2\/media\/3979"}],"wp:attachment":[{"href":"https:\/\/www.honlufoodtrailer.com\/sl\/wp-json\/wp\/v2\/media?parent=3978"}],"wp:term":[{"taxonomy":"product_brand","embeddable":true,"href":"https:\/\/www.honlufoodtrailer.com\/sl\/wp-json\/wp\/v2\/product_brand?post=3978"},{"taxonomy":"product_cat","embeddable":true,"href":"https:\/\/www.honlufoodtrailer.com\/sl\/wp-json\/wp\/v2\/product_cat?post=3978"},{"taxonomy":"product_tag","embeddable":true,"href":"https:\/\/www.honlufoodtrailer.com\/sl\/wp-json\/wp\/v2\/product_tag?post=3978"}],"curies":[{"name":"wp","href":"https:\/\/api.w.org\/{rel}","templated":true}]}}