{"id":5607,"date":"2023-10-26T13:57:17","date_gmt":"2023-10-26T05:57:17","guid":{"rendered":"https:\/\/www.honlufoodtrailer.com\/?post_type=product&#038;p=5607"},"modified":"2024-09-24T16:53:20","modified_gmt":"2024-09-24T08:53:20","slug":"11m-galvanized-sheet-coffee-trailer","status":"publish","type":"product","link":"https:\/\/www.honlufoodtrailer.com\/sl\/product\/11m-galvanized-sheet-coffee-trailer\/","title":{"rendered":"11m pocinkana plo\u010devina Coffee Trailer"},"content":{"rendered":"<p data-spm-anchor-id=\"a2700.wholesale.0.i28.29e52808agqc7f\">This is a customized 11M galvanized sheet coffee trailer. Above the trailer body, we customized the billboard words to meet customer needs. It can be applied for selling anything from hot dogs, retail operations, flower operations, sandwiches, coffee, ice cream, etc. We have CE certified to help you to start a mobile business.<\/p>\n<p data-spm-anchor-id=\"a2700.wholesale.0.i28.29e52808agqc7f\"><img fetchpriority=\"high\" decoding=\"async\" class=\"size-full wp-image-5598 aligncenter\" src=\"https:\/\/www.honlufoodtrailer.com\/wp-content\/uploads\/2023\/10\/11m-coffee-trailer.jpg\" alt=\"11m coffee trailer\" width=\"1100\" height=\"414\" srcset=\"https:\/\/www.honlufoodtrailer.com\/wp-content\/uploads\/2023\/10\/11m-coffee-trailer.jpg 1100w, https:\/\/www.honlufoodtrailer.com\/wp-content\/uploads\/2023\/10\/11m-coffee-trailer-768x289.jpg 768w, https:\/\/www.honlufoodtrailer.com\/wp-content\/uploads\/2023\/10\/11m-coffee-trailer-480x181.jpg 480w, https:\/\/www.honlufoodtrailer.com\/wp-content\/uploads\/2023\/10\/11m-coffee-trailer-300x113.jpg 300w, https:\/\/www.honlufoodtrailer.com\/wp-content\/uploads\/2023\/10\/11m-coffee-trailer-720x271.jpg 720w, https:\/\/www.honlufoodtrailer.com\/wp-content\/uploads\/2023\/10\/elementor\/thumbs\/11m-coffee-trailer.jpg 1400w\" sizes=\"(max-width: 1100px) 100vw, 1100px\" \/><\/p>\n<p data-spm-anchor-id=\"a2700.wholesale.0.i28.29e52808agqc7f\">The workbench and inner wall inside the coffee trailer body are all food-grade stainless steel. And according to customer needs, it is equipped with deep fryers, customized three sinks, a soap dispenser, gas stoves, range hoods, and other equipment. We will purchase other types of equipment based on customers\u2019 needs.<\/p>\n<p data-spm-anchor-id=\"a2700.wholesale.0.i28.29e52808agqc7f\">Prikolice za hrano se lahko imenujejo tudi vozi\u010dki za hrano, kombiji za hrano, tovornjaki za hrano itd. Uporabljajo se lahko za prodajo hitre hrane, prigrizkov, \u010dasopisov, knjig itd. Sestavljena je iz \u0161asije, karoserije, talne obloge, delovne mize, vodnega in elektri\u010dnega sistema. Uporabniki lahko izberejo tudi \u017eeleno barvo. Na \u017eeljo strank bi radi kupili tudi druge vrste opreme.<\/p>\n<p data-spm-anchor-id=\"a2700.wholesale.0.i28.29e52808agqc7f\"><img decoding=\"async\" class=\"size-full wp-image-5603 aligncenter\" src=\"https:\/\/www.honlufoodtrailer.com\/wp-content\/uploads\/2023\/10\/coffee-trailer-view.jpg\" alt=\"coffee trailer view\" width=\"1100\" height=\"400\" \/><\/p>\n<h3 class=\"magic-6\" data-spm-anchor-id=\"a2700.wholesale.0.i28.29e52808agqc7f\">Main Features of the Galvanized Sheet Coffee Trailer<\/h3>\n<div class=\"magic-7\">\n<div class=\"magic-8\">\n<div class=\"magic-9\" data-id=\"paragraph0\">\n<ol>\n<li>Modni videz je mogo\u010de prilagoditi;<\/li>\n<li>Pocinkana plo\u010devinasta karoserija in notranja struktura prikolice, dobra toplotna odpornost, odpornost proti obrabi, odpornost proti koroziji;<\/li>\n<li>Sodobna in napredna dodatna oprema, opremljena v prikolici za kavo;<\/li>\n<li>Je odporen na udarce in korozijo, toplotno odporen in ima visoko trdnost, visoko obstojnost barve, brez deformacij, vodoodporen in dolgo \u017eivljenjsko dobo;<\/li>\n<li>Z veseljem ga spremenimo v skladu z va\u0161imi zahtevami.<\/li>\n<\/ol>\n<h3><img decoding=\"async\" class=\"size-full wp-image-5600 aligncenter\" src=\"https:\/\/www.honlufoodtrailer.com\/wp-content\/uploads\/2023\/10\/coffee-trailer-for-sale.jpg\" alt=\"coffee trailer for sale\" width=\"1100\" height=\"400\" \/>Brezpla\u010dno 2D\/3D risanje tlorisa<\/h3>\n<p>Po potrditvi dimenzij <a href=\"https:\/\/www.honlufoodtrailer.com\/sl\/product\/\" target=\"_blank\" rel=\"noopener\">prikolica za hrano<\/a> in notranjo kuhinjsko opremo, vam lahko brezpla\u010dno zagotovimo 3D risbe. Tako boste imeli bolj jasno predstavo o svoji zasnovi in vozi\u010dku za hrano. Pri potrjevanju lokacije kuhinjske opreme vam lahko s pomo\u010djo tlorisa jasno sporo\u010dimo, kje se bo nahajala. Prav tako vam lahko zagotovimo izvirne dokumente za la\u017eje oblikovanje in prilagoditve.<\/p>\n<\/div>\n<\/div>\n<\/div>","protected":false},"excerpt":{"rendered":"<p data-spm-anchor-id=\"a2700.wholesale.0.i28.29e52808agqc7f\">This is a customized 11M galvanized sheet coffee trailer. Of course, we can manufacture a similar food trailer like this one, or customize one for you. The body color, stickers, signage, and kitchen equipment of the food trailer can be customized. Just don&#8217;t hesitate to contact us to get the price now!<\/p>","protected":false},"featured_media":5642,"template":"","meta":{"_themeisle_gutenberg_block_has_review":false},"product_brand":[],"product_cat":[26],"product_tag":[53,33,41,45,38,52],"class_list":{"0":"post-5607","1":"product","2":"type-product","3":"status-publish","4":"has-post-thumbnail","6":"product_cat-product","7":"product_tag-customized-sinks","8":"product_tag-customized-trailer","9":"product_tag-galvanized-trailer","10":"product_tag-large-food-trailer","11":"product_tag-mobile-food-trailer","12":"product_tag-personalized-billboard","14":"first","15":"instock","16":"featured","17":"shipping-taxable","18":"product-type-simple"},"yoast_head":"<!-- This site is optimized with the Yoast SEO plugin v27.5 - https:\/\/yoast.com\/product\/yoast-seo-wordpress\/ -->\n<title>11m Galvanized Sheet Coffee Trailer - Honlu food trailer<\/title>\n<meta name=\"description\" content=\"This is a customized 11M galvanized sheet coffee trailer. We have CE certified to help you to start a mobile business. Get the price now!\" \/>\n<meta name=\"robots\" content=\"index, follow, max-snippet:-1, max-image-preview:large, max-video-preview:-1\" \/>\n<link rel=\"canonical\" href=\"https:\/\/www.honlufoodtrailer.com\/sl\/product\/11m-galvanized-sheet-coffee-trailer\/\" \/>\n<meta property=\"og:locale\" content=\"sl_SI\" \/>\n<meta property=\"og:type\" content=\"article\" \/>\n<meta property=\"og:title\" content=\"11m Galvanized Sheet Coffee Trailer - Honlu food trailer\" \/>\n<meta property=\"og:description\" content=\"This is a customized 11M galvanized sheet coffee trailer. We have CE certified to help you to start a mobile business. Get the price now!\" \/>\n<meta property=\"og:url\" content=\"https:\/\/www.honlufoodtrailer.com\/sl\/product\/11m-galvanized-sheet-coffee-trailer\/\" \/>\n<meta property=\"og:site_name\" content=\"Honlu food trailer\" \/>\n<meta property=\"article:modified_time\" content=\"2024-09-24T08:53:20+00:00\" \/>\n<meta property=\"og:image\" content=\"https:\/\/www.honlufoodtrailer.com\/wp-content\/uploads\/2023\/10\/coffee-trailer-front-view-1.jpg\" \/>\n\t<meta property=\"og:image:width\" content=\"720\" \/>\n\t<meta property=\"og:image:height\" content=\"539\" \/>\n\t<meta property=\"og:image:type\" content=\"image\/jpeg\" \/>\n<meta name=\"twitter:card\" content=\"summary_large_image\" \/>\n<meta name=\"twitter:label1\" content=\"Est. reading time\" \/>\n\t<meta name=\"twitter:data1\" content=\"2 minuti\" \/>\n<script type=\"application\/ld+json\" class=\"yoast-schema-graph\">{\"@context\":\"https:\\\/\\\/schema.org\",\"@graph\":[{\"@type\":\"WebPage\",\"@id\":\"https:\\\/\\\/www.honlufoodtrailer.com\\\/product\\\/11m-galvanized-sheet-coffee-trailer\\\/\",\"url\":\"https:\\\/\\\/www.honlufoodtrailer.com\\\/product\\\/11m-galvanized-sheet-coffee-trailer\\\/\",\"name\":\"11m Galvanized Sheet Coffee Trailer - Honlu food trailer\",\"isPartOf\":{\"@id\":\"https:\\\/\\\/www.honlufoodtrailer.com\\\/#website\"},\"primaryImageOfPage\":{\"@id\":\"https:\\\/\\\/www.honlufoodtrailer.com\\\/product\\\/11m-galvanized-sheet-coffee-trailer\\\/#primaryimage\"},\"image\":{\"@id\":\"https:\\\/\\\/www.honlufoodtrailer.com\\\/product\\\/11m-galvanized-sheet-coffee-trailer\\\/#primaryimage\"},\"thumbnailUrl\":\"https:\\\/\\\/www.honlufoodtrailer.com\\\/wp-content\\\/uploads\\\/2023\\\/10\\\/coffee-trailer-front-view-1.jpg\",\"datePublished\":\"2023-10-26T05:57:17+00:00\",\"dateModified\":\"2024-09-24T08:53:20+00:00\",\"description\":\"This is a customized 11M galvanized sheet coffee trailer. We have CE certified to help you to start a mobile business. Get the price now!\",\"breadcrumb\":{\"@id\":\"https:\\\/\\\/www.honlufoodtrailer.com\\\/product\\\/11m-galvanized-sheet-coffee-trailer\\\/#breadcrumb\"},\"inLanguage\":\"sl-SI\",\"potentialAction\":[{\"@type\":\"ReadAction\",\"target\":[\"https:\\\/\\\/www.honlufoodtrailer.com\\\/product\\\/11m-galvanized-sheet-coffee-trailer\\\/\"]}]},{\"@type\":\"ImageObject\",\"inLanguage\":\"sl-SI\",\"@id\":\"https:\\\/\\\/www.honlufoodtrailer.com\\\/product\\\/11m-galvanized-sheet-coffee-trailer\\\/#primaryimage\",\"url\":\"https:\\\/\\\/www.honlufoodtrailer.com\\\/wp-content\\\/uploads\\\/2023\\\/10\\\/coffee-trailer-front-view-1.jpg\",\"contentUrl\":\"https:\\\/\\\/www.honlufoodtrailer.com\\\/wp-content\\\/uploads\\\/2023\\\/10\\\/coffee-trailer-front-view-1.jpg\",\"width\":720,\"height\":539,\"caption\":\"coffee trailer front view\"},{\"@type\":\"BreadcrumbList\",\"@id\":\"https:\\\/\\\/www.honlufoodtrailer.com\\\/product\\\/11m-galvanized-sheet-coffee-trailer\\\/#breadcrumb\",\"itemListElement\":[{\"@type\":\"ListItem\",\"position\":1,\"name\":\"Home\",\"item\":\"https:\\\/\\\/www.honlufoodtrailer.com\\\/\"},{\"@type\":\"ListItem\",\"position\":2,\"name\":\"\u4ea7\u54c1\",\"item\":\"https:\\\/\\\/www.honlufoodtrailer.com\\\/shop\\\/\"},{\"@type\":\"ListItem\",\"position\":3,\"name\":\"11m Galvanized Sheet Coffee Trailer\"}]},{\"@type\":\"WebSite\",\"@id\":\"https:\\\/\\\/www.honlufoodtrailer.com\\\/#website\",\"url\":\"https:\\\/\\\/www.honlufoodtrailer.com\\\/\",\"name\":\"Honlu food trailer\",\"description\":\"\",\"publisher\":{\"@id\":\"https:\\\/\\\/www.honlufoodtrailer.com\\\/#organization\"},\"potentialAction\":[{\"@type\":\"SearchAction\",\"target\":{\"@type\":\"EntryPoint\",\"urlTemplate\":\"https:\\\/\\\/www.honlufoodtrailer.com\\\/?s={search_term_string}\"},\"query-input\":{\"@type\":\"PropertyValueSpecification\",\"valueRequired\":true,\"valueName\":\"search_term_string\"}}],\"inLanguage\":\"sl-SI\"},{\"@type\":\"Organization\",\"@id\":\"https:\\\/\\\/www.honlufoodtrailer.com\\\/#organization\",\"name\":\"Honlu food trailer\",\"url\":\"https:\\\/\\\/www.honlufoodtrailer.com\\\/\",\"logo\":{\"@type\":\"ImageObject\",\"inLanguage\":\"sl-SI\",\"@id\":\"https:\\\/\\\/www.honlufoodtrailer.com\\\/#\\\/schema\\\/logo\\\/image\\\/\",\"url\":\"https:\\\/\\\/www.honlufoodtrailer.com\\\/wp-content\\\/uploads\\\/2021\\\/12\\\/2.gif\",\"contentUrl\":\"https:\\\/\\\/www.honlufoodtrailer.com\\\/wp-content\\\/uploads\\\/2021\\\/12\\\/2.gif\",\"width\":350,\"height\":100,\"caption\":\"Honlu food trailer\"},\"image\":{\"@id\":\"https:\\\/\\\/www.honlufoodtrailer.com\\\/#\\\/schema\\\/logo\\\/image\\\/\"}}]}<\/script>\n<!-- \/ Yoast SEO plugin. -->","yoast_head_json":{"title":"11m Galvanized Sheet Coffee Trailer - Honlu food trailer","description":"This is a customized 11M galvanized sheet coffee trailer. We have CE certified to help you to start a mobile business. Get the price now!","robots":{"index":"index","follow":"follow","max-snippet":"max-snippet:-1","max-image-preview":"max-image-preview:large","max-video-preview":"max-video-preview:-1"},"canonical":"https:\/\/www.honlufoodtrailer.com\/sl\/product\/11m-galvanized-sheet-coffee-trailer\/","og_locale":"sl_SI","og_type":"article","og_title":"11m Galvanized Sheet Coffee Trailer - Honlu food trailer","og_description":"This is a customized 11M galvanized sheet coffee trailer. We have CE certified to help you to start a mobile business. Get the price now!","og_url":"https:\/\/www.honlufoodtrailer.com\/sl\/product\/11m-galvanized-sheet-coffee-trailer\/","og_site_name":"Honlu food trailer","article_modified_time":"2024-09-24T08:53:20+00:00","og_image":[{"width":720,"height":539,"url":"https:\/\/www.honlufoodtrailer.com\/wp-content\/uploads\/2023\/10\/coffee-trailer-front-view-1.jpg","type":"image\/jpeg"}],"twitter_card":"summary_large_image","twitter_misc":{"Est. reading time":"2 minuti"},"schema":{"@context":"https:\/\/schema.org","@graph":[{"@type":"WebPage","@id":"https:\/\/www.honlufoodtrailer.com\/product\/11m-galvanized-sheet-coffee-trailer\/","url":"https:\/\/www.honlufoodtrailer.com\/product\/11m-galvanized-sheet-coffee-trailer\/","name":"11m Galvanized Sheet Coffee Trailer - Honlu food trailer","isPartOf":{"@id":"https:\/\/www.honlufoodtrailer.com\/#website"},"primaryImageOfPage":{"@id":"https:\/\/www.honlufoodtrailer.com\/product\/11m-galvanized-sheet-coffee-trailer\/#primaryimage"},"image":{"@id":"https:\/\/www.honlufoodtrailer.com\/product\/11m-galvanized-sheet-coffee-trailer\/#primaryimage"},"thumbnailUrl":"https:\/\/www.honlufoodtrailer.com\/wp-content\/uploads\/2023\/10\/coffee-trailer-front-view-1.jpg","datePublished":"2023-10-26T05:57:17+00:00","dateModified":"2024-09-24T08:53:20+00:00","description":"This is a customized 11M galvanized sheet coffee trailer. We have CE certified to help you to start a mobile business. Get the price now!","breadcrumb":{"@id":"https:\/\/www.honlufoodtrailer.com\/product\/11m-galvanized-sheet-coffee-trailer\/#breadcrumb"},"inLanguage":"sl-SI","potentialAction":[{"@type":"ReadAction","target":["https:\/\/www.honlufoodtrailer.com\/product\/11m-galvanized-sheet-coffee-trailer\/"]}]},{"@type":"ImageObject","inLanguage":"sl-SI","@id":"https:\/\/www.honlufoodtrailer.com\/product\/11m-galvanized-sheet-coffee-trailer\/#primaryimage","url":"https:\/\/www.honlufoodtrailer.com\/wp-content\/uploads\/2023\/10\/coffee-trailer-front-view-1.jpg","contentUrl":"https:\/\/www.honlufoodtrailer.com\/wp-content\/uploads\/2023\/10\/coffee-trailer-front-view-1.jpg","width":720,"height":539,"caption":"coffee trailer front view"},{"@type":"BreadcrumbList","@id":"https:\/\/www.honlufoodtrailer.com\/product\/11m-galvanized-sheet-coffee-trailer\/#breadcrumb","itemListElement":[{"@type":"ListItem","position":1,"name":"Home","item":"https:\/\/www.honlufoodtrailer.com\/"},{"@type":"ListItem","position":2,"name":"\u4ea7\u54c1","item":"https:\/\/www.honlufoodtrailer.com\/shop\/"},{"@type":"ListItem","position":3,"name":"11m Galvanized Sheet Coffee Trailer"}]},{"@type":"WebSite","@id":"https:\/\/www.honlufoodtrailer.com\/#website","url":"https:\/\/www.honlufoodtrailer.com\/","name":"Prikolica za hrano Honlu","description":"","publisher":{"@id":"https:\/\/www.honlufoodtrailer.com\/#organization"},"potentialAction":[{"@type":"SearchAction","target":{"@type":"EntryPoint","urlTemplate":"https:\/\/www.honlufoodtrailer.com\/?s={search_term_string}"},"query-input":{"@type":"PropertyValueSpecification","valueRequired":true,"valueName":"search_term_string"}}],"inLanguage":"sl-SI"},{"@type":"Organization","@id":"https:\/\/www.honlufoodtrailer.com\/#organization","name":"Prikolica za hrano Honlu","url":"https:\/\/www.honlufoodtrailer.com\/","logo":{"@type":"ImageObject","inLanguage":"sl-SI","@id":"https:\/\/www.honlufoodtrailer.com\/#\/schema\/logo\/image\/","url":"https:\/\/www.honlufoodtrailer.com\/wp-content\/uploads\/2021\/12\/2.gif","contentUrl":"https:\/\/www.honlufoodtrailer.com\/wp-content\/uploads\/2021\/12\/2.gif","width":350,"height":100,"caption":"Honlu food trailer"},"image":{"@id":"https:\/\/www.honlufoodtrailer.com\/#\/schema\/logo\/image\/"}}]}},"_links":{"self":[{"href":"https:\/\/www.honlufoodtrailer.com\/sl\/wp-json\/wp\/v2\/product\/5607","targetHints":{"allow":["GET"]}}],"collection":[{"href":"https:\/\/www.honlufoodtrailer.com\/sl\/wp-json\/wp\/v2\/product"}],"about":[{"href":"https:\/\/www.honlufoodtrailer.com\/sl\/wp-json\/wp\/v2\/types\/product"}],"version-history":[{"count":0,"href":"https:\/\/www.honlufoodtrailer.com\/sl\/wp-json\/wp\/v2\/product\/5607\/revisions"}],"wp:featuredmedia":[{"embeddable":true,"href":"https:\/\/www.honlufoodtrailer.com\/sl\/wp-json\/wp\/v2\/media\/5642"}],"wp:attachment":[{"href":"https:\/\/www.honlufoodtrailer.com\/sl\/wp-json\/wp\/v2\/media?parent=5607"}],"wp:term":[{"taxonomy":"product_brand","embeddable":true,"href":"https:\/\/www.honlufoodtrailer.com\/sl\/wp-json\/wp\/v2\/product_brand?post=5607"},{"taxonomy":"product_cat","embeddable":true,"href":"https:\/\/www.honlufoodtrailer.com\/sl\/wp-json\/wp\/v2\/product_cat?post=5607"},{"taxonomy":"product_tag","embeddable":true,"href":"https:\/\/www.honlufoodtrailer.com\/sl\/wp-json\/wp\/v2\/product_tag?post=5607"}],"curies":[{"name":"wp","href":"https:\/\/api.w.org\/{rel}","templated":true}]}}