{"id":5680,"date":"2023-11-02T16:57:58","date_gmt":"2023-11-02T08:57:58","guid":{"rendered":"https:\/\/www.honlufoodtrailer.com\/?post_type=product&#038;p=5680"},"modified":"2024-10-28T17:13:43","modified_gmt":"2024-10-28T09:13:43","slug":"28ft-food-trailer-with-porch-and-cold-storage","status":"publish","type":"product","link":"https:\/\/www.honlufoodtrailer.com\/sl\/product\/28ft-food-trailer-with-porch-and-cold-storage\/","title":{"rendered":"28ft prikolica za hrano z verando in hladilnico"},"content":{"rendered":"<p data-spm-anchor-id=\"a2700.wholesale.0.i28.29e52808agqc7f\">To je prilagojena 28-metrska prikolica za hrano z verando in hladilnico. Celotno vozilo je dolgo 8,5 m, veranda pa en meter. Servisno okno na sprednji strani ima drsno okno, notranja oprema pa je izdelana iz nerjave\u010dega jekla. Na primer, delovne povr\u0161ine, kuhinjska oprema in \u0161tirje pomivalni koriti po meri v karoseriji so izdelani iz nerjave\u010dega jekla. Stranke pogosto uporabljajo to prikolico za hrano z verando za prodajo \u017eara, pe\u010dic za pico, zunanjega \u017eara itd.<\/p>\n<p>&nbsp;<\/p>\n<p><img fetchpriority=\"high\" decoding=\"async\" class=\"size-full wp-image-5681 aligncenter\" src=\"https:\/\/www.honlufoodtrailer.com\/wp-content\/uploads\/2023\/11\/food-trailer-with-porch-inner-details.jpg\" alt=\"prikolica za hrano z notranjimi detajli na verandi\" width=\"700\" height=\"700\" srcset=\"https:\/\/www.honlufoodtrailer.com\/wp-content\/uploads\/2023\/11\/food-trailer-with-porch-inner-details.jpg 700w, https:\/\/www.honlufoodtrailer.com\/wp-content\/uploads\/2023\/11\/food-trailer-with-porch-inner-details-360x360.jpg 360w, https:\/\/www.honlufoodtrailer.com\/wp-content\/uploads\/2023\/11\/food-trailer-with-porch-inner-details-300x300.jpg 300w, https:\/\/www.honlufoodtrailer.com\/wp-content\/uploads\/2023\/11\/food-trailer-with-porch-inner-details-100x100.jpg 100w\" sizes=\"(max-width: 700px) 100vw, 700px\" \/><\/p>\n<h3>Zakaj na\u0161a stranka izbere to prikolico za hrano z verando<\/h3>\n<p>Stranka je \u017eelela imeti peko na \u017earu, vendar jo je skrbel tudi vpliv na notranje okolje prikolice, zato smo za stranko prilagodili en meter dolgo verando. Ta model prikolice za hrano je najprimernej\u0161i model za za\u010detek poslovanja s hitro prehrano in dru\u017einske piknike itd.<\/p>\n<h3 class=\"magic-6\" data-spm-anchor-id=\"a2700.wholesale.0.i28.29e52808agqc7f\">Glavne zna\u010dilnosti mobilne prikolice za hrano z verando<\/h3>\n<div class=\"magic-7\">\n<div class=\"magic-8\">\n<div class=\"magic-9\" data-id=\"paragraph0\">\n<ol>\n<li>Modni videz je mogo\u010de prilagoditi;<\/li>\n<li>Telo prikolice iz nerjave\u010dega jekla in notranja struktura, dobra toplotna odpornost, odpornost proti obrabi, odpornost proti koroziji;<\/li>\n<li>To je \u0161ok in te\u017eko korozijo, toplotno odpornost in mo\u010d so visoke, visoka barvna obstojnost, brez deformacije, vodoodporna in dolga \u017eivljenjska doba;<\/li>\n<li>Lokacija kuhinjske opreme in plinovodov je rezervirana za stranke;<\/li>\n<li>Z veseljem ga bomo spremenili v skladu z va\u0161imi zahtevami.<\/li>\n<\/ol>\n<h3>Brezpla\u010dno 2D\/3D risanje tlorisa<\/h3>\n<p>Po potrditvi dimenzij <a href=\"https:\/\/www.honlufoodtrailer.com\/sl\/product\/\" target=\"_blank\" rel=\"noopener\">prikolica za hrano<\/a> in notranjo kuhinjsko opremo, vam lahko brezpla\u010dno zagotovimo 3D risbe. Tako boste imeli bolj jasno predstavo o svoji zasnovi in vozi\u010dku za hrano. Pri potrjevanju lokacije kuhinjske opreme vam lahko s pomo\u010djo tlorisa jasno sporo\u010dimo, kje se bo nahajala. Prav tako vam lahko zagotovimo izvirne dokumente za la\u017eje oblikovanje in prilagoditve.<\/p>\n<\/div>\n<\/div>\n<\/div>","protected":false},"excerpt":{"rendered":"<p data-spm-anchor-id=\"a2700.wholesale.0.i28.29e52808agqc7f\">To je ena od na\u0161ih 28-metrskih prikolic za hrano, izdelanih po meri, z verando in hladilnico. Je najprimernej\u0161i model za za\u010detek mobilne prehrambene dejavnosti. Pravzaprav lahko izdelamo podobno prikolico za hrano ali pa jo prilagodimo za vas. Barvo karoserije, nalepke, oznake in kuhinjsko opremo prikolice za hrano je mogo\u010de prilagoditi.<\/p>","protected":false},"featured_media":5684,"template":"","meta":{"_themeisle_gutenberg_block_has_review":false},"product_brand":[],"product_cat":[26],"product_tag":[53,33,41,38,52],"class_list":{"0":"post-5680","1":"product","2":"type-product","3":"status-publish","4":"has-post-thumbnail","6":"product_cat-product","7":"product_tag-customized-sinks","8":"product_tag-customized-trailer","9":"product_tag-galvanized-trailer","10":"product_tag-mobile-food-trailer","11":"product_tag-personalized-billboard","13":"first","14":"instock","15":"shipping-taxable","16":"product-type-simple"},"yoast_head":"<!-- This site is optimized with the Yoast SEO plugin v27.5 - https:\/\/yoast.com\/product\/yoast-seo-wordpress\/ -->\n<title>28ft Food Trailer with Porch and Cold Storage - Honlu food trailer<\/title>\n<meta name=\"description\" content=\"This is one of our custom-made 28ft food trailer with porch and cold storage. The trailer is equipped with a porch and a large cold storage. See details!\" \/>\n<meta name=\"robots\" content=\"index, follow, max-snippet:-1, max-image-preview:large, max-video-preview:-1\" \/>\n<link rel=\"canonical\" href=\"https:\/\/www.honlufoodtrailer.com\/sl\/product\/28ft-food-trailer-with-porch-and-cold-storage\/\" \/>\n<meta property=\"og:locale\" content=\"sl_SI\" \/>\n<meta property=\"og:type\" content=\"article\" \/>\n<meta property=\"og:title\" content=\"28ft Food Trailer with Porch and Cold Storage - Honlu food trailer\" \/>\n<meta property=\"og:description\" content=\"This is one of our custom-made 28ft food trailer with porch and cold storage. The trailer is equipped with a porch and a large cold storage. See details!\" \/>\n<meta property=\"og:url\" content=\"https:\/\/www.honlufoodtrailer.com\/sl\/product\/28ft-food-trailer-with-porch-and-cold-storage\/\" \/>\n<meta property=\"og:site_name\" content=\"Honlu food trailer\" \/>\n<meta property=\"article:modified_time\" content=\"2024-10-28T09:13:43+00:00\" \/>\n<meta property=\"og:image\" content=\"https:\/\/www.honlufoodtrailer.com\/wp-content\/uploads\/2023\/11\/28ft-food-trailer-with-porch.jpg\" \/>\n\t<meta property=\"og:image:width\" content=\"720\" \/>\n\t<meta property=\"og:image:height\" content=\"540\" \/>\n\t<meta property=\"og:image:type\" content=\"image\/jpeg\" \/>\n<meta name=\"twitter:card\" content=\"summary_large_image\" \/>\n<meta name=\"twitter:label1\" content=\"Est. reading time\" \/>\n\t<meta name=\"twitter:data1\" content=\"3 minute\" \/>\n<script type=\"application\/ld+json\" class=\"yoast-schema-graph\">{\"@context\":\"https:\\\/\\\/schema.org\",\"@graph\":[{\"@type\":\"WebPage\",\"@id\":\"https:\\\/\\\/www.honlufoodtrailer.com\\\/product\\\/28ft-food-trailer-with-porch-and-cold-storage\\\/\",\"url\":\"https:\\\/\\\/www.honlufoodtrailer.com\\\/product\\\/28ft-food-trailer-with-porch-and-cold-storage\\\/\",\"name\":\"28ft Food Trailer with Porch and Cold Storage - Honlu food trailer\",\"isPartOf\":{\"@id\":\"https:\\\/\\\/www.honlufoodtrailer.com\\\/#website\"},\"primaryImageOfPage\":{\"@id\":\"https:\\\/\\\/www.honlufoodtrailer.com\\\/product\\\/28ft-food-trailer-with-porch-and-cold-storage\\\/#primaryimage\"},\"image\":{\"@id\":\"https:\\\/\\\/www.honlufoodtrailer.com\\\/product\\\/28ft-food-trailer-with-porch-and-cold-storage\\\/#primaryimage\"},\"thumbnailUrl\":\"https:\\\/\\\/www.honlufoodtrailer.com\\\/wp-content\\\/uploads\\\/2023\\\/11\\\/28ft-food-trailer-with-porch.jpg\",\"datePublished\":\"2023-11-02T08:57:58+00:00\",\"dateModified\":\"2024-10-28T09:13:43+00:00\",\"description\":\"This is one of our custom-made 28ft food trailer with porch and cold storage. The trailer is equipped with a porch and a large cold storage. See details!\",\"breadcrumb\":{\"@id\":\"https:\\\/\\\/www.honlufoodtrailer.com\\\/product\\\/28ft-food-trailer-with-porch-and-cold-storage\\\/#breadcrumb\"},\"inLanguage\":\"sl-SI\",\"potentialAction\":[{\"@type\":\"ReadAction\",\"target\":[\"https:\\\/\\\/www.honlufoodtrailer.com\\\/product\\\/28ft-food-trailer-with-porch-and-cold-storage\\\/\"]}]},{\"@type\":\"ImageObject\",\"inLanguage\":\"sl-SI\",\"@id\":\"https:\\\/\\\/www.honlufoodtrailer.com\\\/product\\\/28ft-food-trailer-with-porch-and-cold-storage\\\/#primaryimage\",\"url\":\"https:\\\/\\\/www.honlufoodtrailer.com\\\/wp-content\\\/uploads\\\/2023\\\/11\\\/28ft-food-trailer-with-porch.jpg\",\"contentUrl\":\"https:\\\/\\\/www.honlufoodtrailer.com\\\/wp-content\\\/uploads\\\/2023\\\/11\\\/28ft-food-trailer-with-porch.jpg\",\"width\":720,\"height\":540,\"caption\":\"28ft food trailer with porch\"},{\"@type\":\"BreadcrumbList\",\"@id\":\"https:\\\/\\\/www.honlufoodtrailer.com\\\/product\\\/28ft-food-trailer-with-porch-and-cold-storage\\\/#breadcrumb\",\"itemListElement\":[{\"@type\":\"ListItem\",\"position\":1,\"name\":\"Home\",\"item\":\"https:\\\/\\\/www.honlufoodtrailer.com\\\/\"},{\"@type\":\"ListItem\",\"position\":2,\"name\":\"\u4ea7\u54c1\",\"item\":\"https:\\\/\\\/www.honlufoodtrailer.com\\\/shop\\\/\"},{\"@type\":\"ListItem\",\"position\":3,\"name\":\"28ft Food Trailer with Porch and Cold Storage\"}]},{\"@type\":\"WebSite\",\"@id\":\"https:\\\/\\\/www.honlufoodtrailer.com\\\/#website\",\"url\":\"https:\\\/\\\/www.honlufoodtrailer.com\\\/\",\"name\":\"Honlu food trailer\",\"description\":\"\",\"publisher\":{\"@id\":\"https:\\\/\\\/www.honlufoodtrailer.com\\\/#organization\"},\"potentialAction\":[{\"@type\":\"SearchAction\",\"target\":{\"@type\":\"EntryPoint\",\"urlTemplate\":\"https:\\\/\\\/www.honlufoodtrailer.com\\\/?s={search_term_string}\"},\"query-input\":{\"@type\":\"PropertyValueSpecification\",\"valueRequired\":true,\"valueName\":\"search_term_string\"}}],\"inLanguage\":\"sl-SI\"},{\"@type\":\"Organization\",\"@id\":\"https:\\\/\\\/www.honlufoodtrailer.com\\\/#organization\",\"name\":\"Honlu food trailer\",\"url\":\"https:\\\/\\\/www.honlufoodtrailer.com\\\/\",\"logo\":{\"@type\":\"ImageObject\",\"inLanguage\":\"sl-SI\",\"@id\":\"https:\\\/\\\/www.honlufoodtrailer.com\\\/#\\\/schema\\\/logo\\\/image\\\/\",\"url\":\"https:\\\/\\\/www.honlufoodtrailer.com\\\/wp-content\\\/uploads\\\/2021\\\/12\\\/2.gif\",\"contentUrl\":\"https:\\\/\\\/www.honlufoodtrailer.com\\\/wp-content\\\/uploads\\\/2021\\\/12\\\/2.gif\",\"width\":350,\"height\":100,\"caption\":\"Honlu food trailer\"},\"image\":{\"@id\":\"https:\\\/\\\/www.honlufoodtrailer.com\\\/#\\\/schema\\\/logo\\\/image\\\/\"}}]}<\/script>\n<!-- \/ Yoast SEO plugin. -->","yoast_head_json":{"title":"28-metrska prikolica za hrano z verando in hladilnico - prikolica za hrano Honlu","description":"To je ena od na\u0161ih 28-metrskih prikolic za hrano, izdelanih po meri, z verando in hladilnico. Prikolica je opremljena z verando in veliko hladilnico. Oglejte si podrobnosti!","robots":{"index":"index","follow":"follow","max-snippet":"max-snippet:-1","max-image-preview":"max-image-preview:large","max-video-preview":"max-video-preview:-1"},"canonical":"https:\/\/www.honlufoodtrailer.com\/sl\/product\/28ft-food-trailer-with-porch-and-cold-storage\/","og_locale":"sl_SI","og_type":"article","og_title":"28ft Food Trailer with Porch and Cold Storage - Honlu food trailer","og_description":"This is one of our custom-made 28ft food trailer with porch and cold storage. The trailer is equipped with a porch and a large cold storage. See details!","og_url":"https:\/\/www.honlufoodtrailer.com\/sl\/product\/28ft-food-trailer-with-porch-and-cold-storage\/","og_site_name":"Honlu food trailer","article_modified_time":"2024-10-28T09:13:43+00:00","og_image":[{"width":720,"height":540,"url":"https:\/\/www.honlufoodtrailer.com\/wp-content\/uploads\/2023\/11\/28ft-food-trailer-with-porch.jpg","type":"image\/jpeg"}],"twitter_card":"summary_large_image","twitter_misc":{"Est. reading time":"3 minute"},"schema":{"@context":"https:\/\/schema.org","@graph":[{"@type":"WebPage","@id":"https:\/\/www.honlufoodtrailer.com\/product\/28ft-food-trailer-with-porch-and-cold-storage\/","url":"https:\/\/www.honlufoodtrailer.com\/product\/28ft-food-trailer-with-porch-and-cold-storage\/","name":"28-metrska prikolica za hrano z verando in hladilnico - prikolica za hrano Honlu","isPartOf":{"@id":"https:\/\/www.honlufoodtrailer.com\/#website"},"primaryImageOfPage":{"@id":"https:\/\/www.honlufoodtrailer.com\/product\/28ft-food-trailer-with-porch-and-cold-storage\/#primaryimage"},"image":{"@id":"https:\/\/www.honlufoodtrailer.com\/product\/28ft-food-trailer-with-porch-and-cold-storage\/#primaryimage"},"thumbnailUrl":"https:\/\/www.honlufoodtrailer.com\/wp-content\/uploads\/2023\/11\/28ft-food-trailer-with-porch.jpg","datePublished":"2023-11-02T08:57:58+00:00","dateModified":"2024-10-28T09:13:43+00:00","description":"To je ena od na\u0161ih 28-metrskih prikolic za hrano, izdelanih po meri, z verando in hladilnico. Prikolica je opremljena z verando in veliko hladilnico. Oglejte si podrobnosti!","breadcrumb":{"@id":"https:\/\/www.honlufoodtrailer.com\/product\/28ft-food-trailer-with-porch-and-cold-storage\/#breadcrumb"},"inLanguage":"sl-SI","potentialAction":[{"@type":"ReadAction","target":["https:\/\/www.honlufoodtrailer.com\/product\/28ft-food-trailer-with-porch-and-cold-storage\/"]}]},{"@type":"ImageObject","inLanguage":"sl-SI","@id":"https:\/\/www.honlufoodtrailer.com\/product\/28ft-food-trailer-with-porch-and-cold-storage\/#primaryimage","url":"https:\/\/www.honlufoodtrailer.com\/wp-content\/uploads\/2023\/11\/28ft-food-trailer-with-porch.jpg","contentUrl":"https:\/\/www.honlufoodtrailer.com\/wp-content\/uploads\/2023\/11\/28ft-food-trailer-with-porch.jpg","width":720,"height":540,"caption":"28ft food trailer with porch"},{"@type":"BreadcrumbList","@id":"https:\/\/www.honlufoodtrailer.com\/product\/28ft-food-trailer-with-porch-and-cold-storage\/#breadcrumb","itemListElement":[{"@type":"ListItem","position":1,"name":"Home","item":"https:\/\/www.honlufoodtrailer.com\/"},{"@type":"ListItem","position":2,"name":"\u4ea7\u54c1","item":"https:\/\/www.honlufoodtrailer.com\/shop\/"},{"@type":"ListItem","position":3,"name":"28ft Food Trailer with Porch and Cold Storage"}]},{"@type":"WebSite","@id":"https:\/\/www.honlufoodtrailer.com\/#website","url":"https:\/\/www.honlufoodtrailer.com\/","name":"Prikolica za hrano Honlu","description":"","publisher":{"@id":"https:\/\/www.honlufoodtrailer.com\/#organization"},"potentialAction":[{"@type":"SearchAction","target":{"@type":"EntryPoint","urlTemplate":"https:\/\/www.honlufoodtrailer.com\/?s={search_term_string}"},"query-input":{"@type":"PropertyValueSpecification","valueRequired":true,"valueName":"search_term_string"}}],"inLanguage":"sl-SI"},{"@type":"Organization","@id":"https:\/\/www.honlufoodtrailer.com\/#organization","name":"Prikolica za hrano Honlu","url":"https:\/\/www.honlufoodtrailer.com\/","logo":{"@type":"ImageObject","inLanguage":"sl-SI","@id":"https:\/\/www.honlufoodtrailer.com\/#\/schema\/logo\/image\/","url":"https:\/\/www.honlufoodtrailer.com\/wp-content\/uploads\/2021\/12\/2.gif","contentUrl":"https:\/\/www.honlufoodtrailer.com\/wp-content\/uploads\/2021\/12\/2.gif","width":350,"height":100,"caption":"Honlu food trailer"},"image":{"@id":"https:\/\/www.honlufoodtrailer.com\/#\/schema\/logo\/image\/"}}]}},"_links":{"self":[{"href":"https:\/\/www.honlufoodtrailer.com\/sl\/wp-json\/wp\/v2\/product\/5680","targetHints":{"allow":["GET"]}}],"collection":[{"href":"https:\/\/www.honlufoodtrailer.com\/sl\/wp-json\/wp\/v2\/product"}],"about":[{"href":"https:\/\/www.honlufoodtrailer.com\/sl\/wp-json\/wp\/v2\/types\/product"}],"version-history":[{"count":0,"href":"https:\/\/www.honlufoodtrailer.com\/sl\/wp-json\/wp\/v2\/product\/5680\/revisions"}],"wp:featuredmedia":[{"embeddable":true,"href":"https:\/\/www.honlufoodtrailer.com\/sl\/wp-json\/wp\/v2\/media\/5684"}],"wp:attachment":[{"href":"https:\/\/www.honlufoodtrailer.com\/sl\/wp-json\/wp\/v2\/media?parent=5680"}],"wp:term":[{"taxonomy":"product_brand","embeddable":true,"href":"https:\/\/www.honlufoodtrailer.com\/sl\/wp-json\/wp\/v2\/product_brand?post=5680"},{"taxonomy":"product_cat","embeddable":true,"href":"https:\/\/www.honlufoodtrailer.com\/sl\/wp-json\/wp\/v2\/product_cat?post=5680"},{"taxonomy":"product_tag","embeddable":true,"href":"https:\/\/www.honlufoodtrailer.com\/sl\/wp-json\/wp\/v2\/product_tag?post=5680"}],"curies":[{"name":"wp","href":"https:\/\/api.w.org\/{rel}","templated":true}]}}