{"id":5735,"date":"2023-11-04T17:20:06","date_gmt":"2023-11-04T09:20:06","guid":{"rendered":"https:\/\/www.honlufoodtrailer.com\/?post_type=product&#038;p=5735"},"modified":"2024-08-16T14:21:43","modified_gmt":"2024-08-16T06:21:43","slug":"food-trailer-with-awning-in-pink-color","status":"publish","type":"product","link":"https:\/\/www.honlufoodtrailer.com\/sl\/product\/food-trailer-with-awning-in-pink-color\/","title":{"rendered":"Prilagojena prikolica za hrano 4,5 m z nadstre\u0161kom v roza barvi"},"content":{"rendered":"<p>This is a customized 4.5m food trailer with awning we have manufactured for one of our customers. We can manufacture a similar food trailer like this one, or customize one for you. The body color, stickers, signage, kitchen equipment of the food trailer can be customized. Just contact us and tell us your detailed requirements.<\/p>\n<p>Are you looking to start your own food business? Do you want to provide delicious meals on the go? Then, consider investing in a food trailer with an awning for sale. This type of trailer offers numerous benefits that can help drive your business to success.<\/p>\n<p><img fetchpriority=\"high\" decoding=\"async\" class=\"aligncenter size-full wp-image-2162\" src=\"https:\/\/www.honlufoodtrailer.com\/wp-content\/uploads\/2022\/01\/21-8050-Food-trailer-1.jpg\" alt=\"pink food trailer with awning\" width=\"720\" height=\"540\" srcset=\"https:\/\/www.honlufoodtrailer.com\/wp-content\/uploads\/2022\/01\/21-8050-Food-trailer-1.jpg 720w, https:\/\/www.honlufoodtrailer.com\/wp-content\/uploads\/2022\/01\/21-8050-Food-trailer-1-300x225.jpg 300w\" sizes=\"(max-width: 720px) 100vw, 720px\" \/> <img decoding=\"async\" class=\"aligncenter size-full wp-image-2163\" src=\"https:\/\/www.honlufoodtrailer.com\/wp-content\/uploads\/2022\/01\/21-8050-Food-trailer-2.jpg\" alt=\"pink food trailer with awning\" width=\"720\" height=\"540\" srcset=\"https:\/\/www.honlufoodtrailer.com\/wp-content\/uploads\/2022\/01\/21-8050-Food-trailer-2.jpg 720w, https:\/\/www.honlufoodtrailer.com\/wp-content\/uploads\/2022\/01\/21-8050-Food-trailer-2-300x225.jpg 300w\" sizes=\"(max-width: 720px) 100vw, 720px\" \/><\/p>\n<p>First and foremost, the awning provides shelter and shade for your customers, allowing them to comfortably dine on the spot even on a hot summer day. Additionally, an awning also acts as a branding tool, helping attract attention and creating a professional look for your business.<\/p>\n<p>Prikolice za hrano se lahko imenujejo tudi vozi\u010dki za hrano, kombiji za hrano, tovornjaki za hrano itd. Uporabljajo se lahko za prodajo hitre hrane, prigrizkov, \u010dasopisov, knjig itd. Sestavljena je iz \u0161asije, karoserije, talne obloge, delovne mize, vodnega in elektri\u010dnega sistema. Uporabniki lahko izberejo tudi \u017eeleno barvo. Na \u017eeljo strank bi radi kupili tudi druge vrste opreme.<\/p>\n<p><img decoding=\"async\" class=\"size-full wp-image-5681 aligncenter\" src=\"https:\/\/www.honlufoodtrailer.com\/wp-content\/uploads\/2023\/11\/food-trailer-with-porch-inner-details.jpg\" alt=\"prikolica za hrano z notranjimi detajli na verandi\" width=\"700\" height=\"700\" srcset=\"https:\/\/www.honlufoodtrailer.com\/wp-content\/uploads\/2023\/11\/food-trailer-with-porch-inner-details.jpg 700w, https:\/\/www.honlufoodtrailer.com\/wp-content\/uploads\/2023\/11\/food-trailer-with-porch-inner-details-360x360.jpg 360w, https:\/\/www.honlufoodtrailer.com\/wp-content\/uploads\/2023\/11\/food-trailer-with-porch-inner-details-300x300.jpg 300w, https:\/\/www.honlufoodtrailer.com\/wp-content\/uploads\/2023\/11\/food-trailer-with-porch-inner-details-100x100.jpg 100w\" sizes=\"(max-width: 700px) 100vw, 700px\" \/><\/p>\n<h2><b class=\"magic-22\"><span class=\"magic-11\">Main features of the customized food trailer with awning<\/span><\/b><\/h2>\n<div class=\"magic-2\">\n<div class=\"magic-3\">\n<div class=\"magic-4\">\n<p class=\"magic-5\" data-spm-anchor-id=\"a2700.details.0.i22.54e5117dtl16iL\"><span style=\"font-family: Tahoma;\">1<span class=\"magic-12\" data-spm-anchor-id=\"a2700.details.0.i21.54e5117dtl16iL\">. Nizkocenovno in okoljsko brez dima in hrupa, enostavno za premikanje kjer koli<\/span><\/span><\/p>\n<p>2. Uporablja se lahko \u017ee ve\u010d let in ne smeti, kar ustreza sodobnemu \u017eivljenju.<\/p>\n<p>3. Priro\u010den in enostaven za nalaganje in prevoz, saj je njegova zasnova edinstvena in individualna.<\/p>\n<p>4. Glavni material je nerjave\u010de jeklo, miza pa ne bo zarjavela za vedno.<\/p>\n<p>To je \u0161ok in te\u017eko korozijo, toplotno odpornost in mo\u010d so visoke, visoka barvna obstojnost, brez deformacije, vodoodporna in dolga \u017eivljenjska doba;<\/p>\n<\/div>\n<\/div>\n<\/div>\n<h2><b class=\"magic-22\"><span class=\"magic-11\">Glavna prednost:<\/span><\/b><\/h2>\n<p><span class=\"magic-12\">1. Nizkocenovno in okoljsko (brez dima, brez hrupa, brez onesna\u017eevanja);<br \/>\n2. Enostavna selitev kamor koli (va\u0161e podjetje ni omejeno);<br \/>\n3. Edinstvena oblika (nevidna za privabljanje ve\u010d strank);<br \/>\n4. Dolga \u017eivljenjska doba (odporna proti koroziji, toplotni odpornosti, vodoodporna, brez deformacij).<\/span><\/p>","protected":false},"excerpt":{"rendered":"<p>This is one of our custom-made 4.5m food trailer with awning in pink color. Usually, it is the preferred model for starting the mobile food trailer business. Of course, we can manufacture a similar food trailer like this one, or customize one for you. The body color, stickers, signage, and kitchen equipment of the food trailer can be customized.<\/p>","protected":false},"featured_media":5756,"template":"","meta":{"_themeisle_gutenberg_block_has_review":false},"product_brand":[],"product_cat":[26],"product_tag":[33,39,38],"class_list":{"0":"post-5735","1":"product","2":"type-product","3":"status-publish","4":"has-post-thumbnail","6":"product_cat-product","7":"product_tag-customized-trailer","8":"product_tag-fiberglass-shell","9":"product_tag-mobile-food-trailer","11":"first","12":"instock","13":"shipping-taxable","14":"product-type-simple"},"yoast_head":"<!-- This site is optimized with the Yoast SEO plugin v27.5 - https:\/\/yoast.com\/product\/yoast-seo-wordpress\/ -->\n<title>Customized 4.5m Food Trailer With Awning In Pink Color - Honlu food trailer<\/title>\n<meta name=\"description\" content=\"This is a 4.5m food trailer with awning in pink color we have manufactured for one of our customers. Get a similar or customize one at factory price here!\" \/>\n<meta name=\"robots\" content=\"index, follow, max-snippet:-1, max-image-preview:large, max-video-preview:-1\" \/>\n<link rel=\"canonical\" href=\"https:\/\/www.honlufoodtrailer.com\/sl\/product\/food-trailer-with-awning-in-pink-color\/\" \/>\n<meta property=\"og:locale\" content=\"sl_SI\" \/>\n<meta property=\"og:type\" content=\"article\" \/>\n<meta property=\"og:title\" content=\"Customized 4.5m Food Trailer With Awning In Pink Color - Honlu food trailer\" \/>\n<meta property=\"og:description\" content=\"This is a 4.5m food trailer with awning in pink color we have manufactured for one of our customers. Get a similar or customize one at factory price here!\" \/>\n<meta property=\"og:url\" content=\"https:\/\/www.honlufoodtrailer.com\/sl\/product\/food-trailer-with-awning-in-pink-color\/\" \/>\n<meta property=\"og:site_name\" content=\"Honlu food trailer\" \/>\n<meta property=\"article:modified_time\" content=\"2024-08-16T06:21:43+00:00\" \/>\n<meta property=\"og:image\" content=\"https:\/\/www.honlufoodtrailer.com\/wp-content\/uploads\/2023\/11\/18ft-food-trailer-with-awning-1.jpg\" \/>\n\t<meta property=\"og:image:width\" content=\"720\" \/>\n\t<meta property=\"og:image:height\" content=\"540\" \/>\n\t<meta property=\"og:image:type\" content=\"image\/jpeg\" \/>\n<meta name=\"twitter:card\" content=\"summary_large_image\" \/>\n<meta name=\"twitter:label1\" content=\"Est. reading time\" \/>\n\t<meta name=\"twitter:data1\" content=\"1 minuta\" \/>\n<script type=\"application\/ld+json\" class=\"yoast-schema-graph\">{\"@context\":\"https:\\\/\\\/schema.org\",\"@graph\":[{\"@type\":\"WebPage\",\"@id\":\"https:\\\/\\\/www.honlufoodtrailer.com\\\/product\\\/food-trailer-with-awning-in-pink-color\\\/\",\"url\":\"https:\\\/\\\/www.honlufoodtrailer.com\\\/product\\\/food-trailer-with-awning-in-pink-color\\\/\",\"name\":\"Customized 4.5m Food Trailer With Awning In Pink Color - Honlu food trailer\",\"isPartOf\":{\"@id\":\"https:\\\/\\\/www.honlufoodtrailer.com\\\/#website\"},\"primaryImageOfPage\":{\"@id\":\"https:\\\/\\\/www.honlufoodtrailer.com\\\/product\\\/food-trailer-with-awning-in-pink-color\\\/#primaryimage\"},\"image\":{\"@id\":\"https:\\\/\\\/www.honlufoodtrailer.com\\\/product\\\/food-trailer-with-awning-in-pink-color\\\/#primaryimage\"},\"thumbnailUrl\":\"https:\\\/\\\/www.honlufoodtrailer.com\\\/wp-content\\\/uploads\\\/2023\\\/11\\\/18ft-food-trailer-with-awning-1.jpg\",\"datePublished\":\"2023-11-04T09:20:06+00:00\",\"dateModified\":\"2024-08-16T06:21:43+00:00\",\"description\":\"This is a 4.5m food trailer with awning in pink color we have manufactured for one of our customers. Get a similar or customize one at factory price here!\",\"breadcrumb\":{\"@id\":\"https:\\\/\\\/www.honlufoodtrailer.com\\\/product\\\/food-trailer-with-awning-in-pink-color\\\/#breadcrumb\"},\"inLanguage\":\"sl-SI\",\"potentialAction\":[{\"@type\":\"ReadAction\",\"target\":[\"https:\\\/\\\/www.honlufoodtrailer.com\\\/product\\\/food-trailer-with-awning-in-pink-color\\\/\"]}]},{\"@type\":\"ImageObject\",\"inLanguage\":\"sl-SI\",\"@id\":\"https:\\\/\\\/www.honlufoodtrailer.com\\\/product\\\/food-trailer-with-awning-in-pink-color\\\/#primaryimage\",\"url\":\"https:\\\/\\\/www.honlufoodtrailer.com\\\/wp-content\\\/uploads\\\/2023\\\/11\\\/18ft-food-trailer-with-awning-1.jpg\",\"contentUrl\":\"https:\\\/\\\/www.honlufoodtrailer.com\\\/wp-content\\\/uploads\\\/2023\\\/11\\\/18ft-food-trailer-with-awning-1.jpg\",\"width\":720,\"height\":540,\"caption\":\"18ft food trailer with awning\"},{\"@type\":\"BreadcrumbList\",\"@id\":\"https:\\\/\\\/www.honlufoodtrailer.com\\\/product\\\/food-trailer-with-awning-in-pink-color\\\/#breadcrumb\",\"itemListElement\":[{\"@type\":\"ListItem\",\"position\":1,\"name\":\"Home\",\"item\":\"https:\\\/\\\/www.honlufoodtrailer.com\\\/\"},{\"@type\":\"ListItem\",\"position\":2,\"name\":\"\u4ea7\u54c1\",\"item\":\"https:\\\/\\\/www.honlufoodtrailer.com\\\/shop\\\/\"},{\"@type\":\"ListItem\",\"position\":3,\"name\":\"Customized 4.5m Food Trailer With Awning In Pink Color\"}]},{\"@type\":\"WebSite\",\"@id\":\"https:\\\/\\\/www.honlufoodtrailer.com\\\/#website\",\"url\":\"https:\\\/\\\/www.honlufoodtrailer.com\\\/\",\"name\":\"Honlu food trailer\",\"description\":\"\",\"publisher\":{\"@id\":\"https:\\\/\\\/www.honlufoodtrailer.com\\\/#organization\"},\"potentialAction\":[{\"@type\":\"SearchAction\",\"target\":{\"@type\":\"EntryPoint\",\"urlTemplate\":\"https:\\\/\\\/www.honlufoodtrailer.com\\\/?s={search_term_string}\"},\"query-input\":{\"@type\":\"PropertyValueSpecification\",\"valueRequired\":true,\"valueName\":\"search_term_string\"}}],\"inLanguage\":\"sl-SI\"},{\"@type\":\"Organization\",\"@id\":\"https:\\\/\\\/www.honlufoodtrailer.com\\\/#organization\",\"name\":\"Honlu food trailer\",\"url\":\"https:\\\/\\\/www.honlufoodtrailer.com\\\/\",\"logo\":{\"@type\":\"ImageObject\",\"inLanguage\":\"sl-SI\",\"@id\":\"https:\\\/\\\/www.honlufoodtrailer.com\\\/#\\\/schema\\\/logo\\\/image\\\/\",\"url\":\"https:\\\/\\\/www.honlufoodtrailer.com\\\/wp-content\\\/uploads\\\/2021\\\/12\\\/2.gif\",\"contentUrl\":\"https:\\\/\\\/www.honlufoodtrailer.com\\\/wp-content\\\/uploads\\\/2021\\\/12\\\/2.gif\",\"width\":350,\"height\":100,\"caption\":\"Honlu food trailer\"},\"image\":{\"@id\":\"https:\\\/\\\/www.honlufoodtrailer.com\\\/#\\\/schema\\\/logo\\\/image\\\/\"}}]}<\/script>\n<!-- \/ Yoast SEO plugin. -->","yoast_head_json":{"title":"Customized 4.5m Food Trailer With Awning In Pink Color - Honlu food trailer","description":"This is a 4.5m food trailer with awning in pink color we have manufactured for one of our customers. Get a similar or customize one at factory price here!","robots":{"index":"index","follow":"follow","max-snippet":"max-snippet:-1","max-image-preview":"max-image-preview:large","max-video-preview":"max-video-preview:-1"},"canonical":"https:\/\/www.honlufoodtrailer.com\/sl\/product\/food-trailer-with-awning-in-pink-color\/","og_locale":"sl_SI","og_type":"article","og_title":"Customized 4.5m Food Trailer With Awning In Pink Color - Honlu food trailer","og_description":"This is a 4.5m food trailer with awning in pink color we have manufactured for one of our customers. Get a similar or customize one at factory price here!","og_url":"https:\/\/www.honlufoodtrailer.com\/sl\/product\/food-trailer-with-awning-in-pink-color\/","og_site_name":"Honlu food trailer","article_modified_time":"2024-08-16T06:21:43+00:00","og_image":[{"width":720,"height":540,"url":"https:\/\/www.honlufoodtrailer.com\/wp-content\/uploads\/2023\/11\/18ft-food-trailer-with-awning-1.jpg","type":"image\/jpeg"}],"twitter_card":"summary_large_image","twitter_misc":{"Est. reading time":"1 minuta"},"schema":{"@context":"https:\/\/schema.org","@graph":[{"@type":"WebPage","@id":"https:\/\/www.honlufoodtrailer.com\/product\/food-trailer-with-awning-in-pink-color\/","url":"https:\/\/www.honlufoodtrailer.com\/product\/food-trailer-with-awning-in-pink-color\/","name":"Customized 4.5m Food Trailer With Awning In Pink Color - Honlu food trailer","isPartOf":{"@id":"https:\/\/www.honlufoodtrailer.com\/#website"},"primaryImageOfPage":{"@id":"https:\/\/www.honlufoodtrailer.com\/product\/food-trailer-with-awning-in-pink-color\/#primaryimage"},"image":{"@id":"https:\/\/www.honlufoodtrailer.com\/product\/food-trailer-with-awning-in-pink-color\/#primaryimage"},"thumbnailUrl":"https:\/\/www.honlufoodtrailer.com\/wp-content\/uploads\/2023\/11\/18ft-food-trailer-with-awning-1.jpg","datePublished":"2023-11-04T09:20:06+00:00","dateModified":"2024-08-16T06:21:43+00:00","description":"This is a 4.5m food trailer with awning in pink color we have manufactured for one of our customers. Get a similar or customize one at factory price here!","breadcrumb":{"@id":"https:\/\/www.honlufoodtrailer.com\/product\/food-trailer-with-awning-in-pink-color\/#breadcrumb"},"inLanguage":"sl-SI","potentialAction":[{"@type":"ReadAction","target":["https:\/\/www.honlufoodtrailer.com\/product\/food-trailer-with-awning-in-pink-color\/"]}]},{"@type":"ImageObject","inLanguage":"sl-SI","@id":"https:\/\/www.honlufoodtrailer.com\/product\/food-trailer-with-awning-in-pink-color\/#primaryimage","url":"https:\/\/www.honlufoodtrailer.com\/wp-content\/uploads\/2023\/11\/18ft-food-trailer-with-awning-1.jpg","contentUrl":"https:\/\/www.honlufoodtrailer.com\/wp-content\/uploads\/2023\/11\/18ft-food-trailer-with-awning-1.jpg","width":720,"height":540,"caption":"18ft food trailer with awning"},{"@type":"BreadcrumbList","@id":"https:\/\/www.honlufoodtrailer.com\/product\/food-trailer-with-awning-in-pink-color\/#breadcrumb","itemListElement":[{"@type":"ListItem","position":1,"name":"Home","item":"https:\/\/www.honlufoodtrailer.com\/"},{"@type":"ListItem","position":2,"name":"\u4ea7\u54c1","item":"https:\/\/www.honlufoodtrailer.com\/shop\/"},{"@type":"ListItem","position":3,"name":"Customized 4.5m Food Trailer With Awning In Pink Color"}]},{"@type":"WebSite","@id":"https:\/\/www.honlufoodtrailer.com\/#website","url":"https:\/\/www.honlufoodtrailer.com\/","name":"Prikolica za hrano Honlu","description":"","publisher":{"@id":"https:\/\/www.honlufoodtrailer.com\/#organization"},"potentialAction":[{"@type":"SearchAction","target":{"@type":"EntryPoint","urlTemplate":"https:\/\/www.honlufoodtrailer.com\/?s={search_term_string}"},"query-input":{"@type":"PropertyValueSpecification","valueRequired":true,"valueName":"search_term_string"}}],"inLanguage":"sl-SI"},{"@type":"Organization","@id":"https:\/\/www.honlufoodtrailer.com\/#organization","name":"Prikolica za hrano Honlu","url":"https:\/\/www.honlufoodtrailer.com\/","logo":{"@type":"ImageObject","inLanguage":"sl-SI","@id":"https:\/\/www.honlufoodtrailer.com\/#\/schema\/logo\/image\/","url":"https:\/\/www.honlufoodtrailer.com\/wp-content\/uploads\/2021\/12\/2.gif","contentUrl":"https:\/\/www.honlufoodtrailer.com\/wp-content\/uploads\/2021\/12\/2.gif","width":350,"height":100,"caption":"Honlu food trailer"},"image":{"@id":"https:\/\/www.honlufoodtrailer.com\/#\/schema\/logo\/image\/"}}]}},"_links":{"self":[{"href":"https:\/\/www.honlufoodtrailer.com\/sl\/wp-json\/wp\/v2\/product\/5735","targetHints":{"allow":["GET"]}}],"collection":[{"href":"https:\/\/www.honlufoodtrailer.com\/sl\/wp-json\/wp\/v2\/product"}],"about":[{"href":"https:\/\/www.honlufoodtrailer.com\/sl\/wp-json\/wp\/v2\/types\/product"}],"version-history":[{"count":0,"href":"https:\/\/www.honlufoodtrailer.com\/sl\/wp-json\/wp\/v2\/product\/5735\/revisions"}],"wp:featuredmedia":[{"embeddable":true,"href":"https:\/\/www.honlufoodtrailer.com\/sl\/wp-json\/wp\/v2\/media\/5756"}],"wp:attachment":[{"href":"https:\/\/www.honlufoodtrailer.com\/sl\/wp-json\/wp\/v2\/media?parent=5735"}],"wp:term":[{"taxonomy":"product_brand","embeddable":true,"href":"https:\/\/www.honlufoodtrailer.com\/sl\/wp-json\/wp\/v2\/product_brand?post=5735"},{"taxonomy":"product_cat","embeddable":true,"href":"https:\/\/www.honlufoodtrailer.com\/sl\/wp-json\/wp\/v2\/product_cat?post=5735"},{"taxonomy":"product_tag","embeddable":true,"href":"https:\/\/www.honlufoodtrailer.com\/sl\/wp-json\/wp\/v2\/product_tag?post=5735"}],"curies":[{"name":"wp","href":"https:\/\/api.w.org\/{rel}","templated":true}]}}