{"id":5876,"date":"2023-11-16T17:26:45","date_gmt":"2023-11-16T09:26:45","guid":{"rendered":"https:\/\/www.honlufoodtrailer.com\/?post_type=product&#038;p=5876"},"modified":"2025-02-14T15:45:43","modified_gmt":"2025-02-14T07:45:43","slug":"18ft-concession-trailer-with-kitchen","status":"publish","type":"product","link":"https:\/\/www.honlufoodtrailer.com\/sl\/product\/18ft-concession-trailer-with-kitchen\/","title":{"rendered":"Prikolica za koncesijo 18ft s kuhinjo"},"content":{"rendered":"<h3>Usage Of This 18ft Concession Trailer With Kitchen<\/h3>\n<p>This is a custom-made 18ft concession trailer with kitchen we have manufactured for a customer in the United States. Our customer has his own restaurant. He uses this concession stand trailer mobile kitchen to expand his business.<\/p>\n<p><img fetchpriority=\"high\" decoding=\"async\" class=\"size-full wp-image-5883 aligncenter\" src=\"https:\/\/www.honlufoodtrailer.com\/wp-content\/uploads\/2023\/11\/concession-kitchen-trailers-for-sale.jpg\" alt=\"Prikolice za koncesijske kuhinje za prodajo\" width=\"720\" height=\"540\" srcset=\"https:\/\/www.honlufoodtrailer.com\/wp-content\/uploads\/2023\/11\/concession-kitchen-trailers-for-sale.jpg 720w, https:\/\/www.honlufoodtrailer.com\/wp-content\/uploads\/2023\/11\/concession-kitchen-trailers-for-sale-480x360.jpg 480w, https:\/\/www.honlufoodtrailer.com\/wp-content\/uploads\/2023\/11\/concession-kitchen-trailers-for-sale-300x225.jpg 300w\" sizes=\"(max-width: 720px) 100vw, 720px\" \/><\/p>\n<h3>Notranja oprema<\/h3>\n<p>The inner equipment mainly includes salad fridge, vertical fridge, stove, gas kebab, fryer, stainless steel workbench, air conditioner, etc. The following is the inner overview of this 18ft concession trailer with kitchen.<\/p>\n<p><img decoding=\"async\" class=\"size-full wp-image-5881 aligncenter\" src=\"https:\/\/www.honlufoodtrailer.com\/wp-content\/uploads\/2023\/11\/18ft-concession-kitchen-trailers-for-sale-inner-details.jpg\" alt=\"18-metrske prikolice za koncesijske kuhinje naprodaj, notranje podrobnosti\" width=\"720\" height=\"540\" srcset=\"https:\/\/www.honlufoodtrailer.com\/wp-content\/uploads\/2023\/11\/18ft-concession-kitchen-trailers-for-sale-inner-details.jpg 720w, https:\/\/www.honlufoodtrailer.com\/wp-content\/uploads\/2023\/11\/18ft-concession-kitchen-trailers-for-sale-inner-details-480x360.jpg 480w, https:\/\/www.honlufoodtrailer.com\/wp-content\/uploads\/2023\/11\/18ft-concession-kitchen-trailers-for-sale-inner-details-300x225.jpg 300w\" sizes=\"(max-width: 720px) 100vw, 720px\" \/><\/p>\n<p>&nbsp;<\/p>\n<h3 class=\"magic-6\" data-spm-anchor-id=\"a2700.wholesale.0.i28.29e52808agqc7f\">Glavne zna\u010dilnosti<\/h3>\n<div class=\"magic-7\">\n<div class=\"magic-8\">\n<div class=\"magic-9\" data-id=\"paragraph0\">\n<ol>\n<li>Modni videz je mogo\u010de prilagoditi;<\/li>\n<li>Telo prikolice iz nerjave\u010dega jekla in notranja struktura, dobra toplotna odpornost, odpornost proti obrabi, odpornost proti koroziji;<\/li>\n<li>Sodobna in napredna oprema, s katero je opremljena mobilna prikolica za hrano;<\/li>\n<li>Je odporen na udarce in korozijo, toplotno odporen in ima visoko trdnost, visoko obstojnost barve, brez deformacij, vodoodporen in dolgo \u017eivljenjsko dobo;<\/li>\n<li>Z veseljem ga bomo spremenili v skladu z va\u0161imi zahtevami.<\/li>\n<\/ol>\n<h3>Brezpla\u010dno 2D\/3D risanje tlorisa<\/h3>\n<p>Po potrditvi dimenzij dvonadstropnega kavnega priklopnika in notranje kuhinjske opreme vam lahko brezpla\u010dno zagotovimo 3D-risbe. Tako boste dobili jasnej\u0161o predstavo o va\u0161i zasnovi in va\u0161em vozi\u010dku s hrano. Pri potrditvi lokacije kuhinjske opreme lahko z vami jasno komuniciramo prek tlorisa. Zagotavljamo vam lahko tudi originalne dokumente, ki vam bodo olaj\u0161ali na\u010drtovanje in prilagoditve.<\/p>\n<\/div>\n<\/div>\n<\/div>","protected":false},"excerpt":{"rendered":"<p data-spm-anchor-id=\"a2700.wholesale.0.i28.29e52808agqc7f\">This is one of our custom-made 18ft concession kitchen trailers for sale. We can manufacture a similar food trailer like this one, or customize one for you. The body color, stickers, signage, kitchen equipment of the food trailer can be customized. According to customer needs, the whole trailer is compact and easy to use. It is the preferred model for starting the mobile food business.<\/p>","protected":false},"featured_media":5883,"template":"","meta":{"_themeisle_gutenberg_block_has_review":false},"product_brand":[],"product_cat":[26],"product_tag":[83,58,53,33,38],"class_list":{"0":"post-5876","1":"product","2":"type-product","3":"status-publish","4":"has-post-thumbnail","6":"product_cat-product","7":"product_tag-18ft-food-trailer","8":"product_tag-concession-trailer-with-kitchen","9":"product_tag-customized-sinks","10":"product_tag-customized-trailer","11":"product_tag-mobile-food-trailer","13":"first","14":"instock","15":"featured","16":"shipping-taxable","17":"product-type-simple"},"yoast_head":"<!-- This site is optimized with the Yoast SEO plugin v27.5 - https:\/\/yoast.com\/product\/yoast-seo-wordpress\/ -->\n<title>18ft Concession Trailer With Kitchen For Sale - Honlu Food Trailer<\/title>\n<meta name=\"description\" content=\"This is one of our custom-made 18ft concession trailer with kitchen. We can make a similar one or customize one for you. See here!\" \/>\n<meta name=\"robots\" content=\"index, follow, max-snippet:-1, max-image-preview:large, max-video-preview:-1\" \/>\n<link rel=\"canonical\" href=\"https:\/\/www.honlufoodtrailer.com\/sl\/product\/18ft-concession-trailer-with-kitchen\/\" \/>\n<meta property=\"og:locale\" content=\"sl_SI\" \/>\n<meta property=\"og:type\" content=\"article\" \/>\n<meta property=\"og:title\" content=\"18ft Concession Trailer With Kitchen For Sale - Honlu Food Trailer\" \/>\n<meta property=\"og:description\" content=\"This is one of our custom-made 18ft concession trailer with kitchen. We can make a similar one or customize one for you. See here!\" \/>\n<meta property=\"og:url\" content=\"https:\/\/www.honlufoodtrailer.com\/sl\/product\/18ft-concession-trailer-with-kitchen\/\" \/>\n<meta property=\"og:site_name\" content=\"Honlu food trailer\" \/>\n<meta property=\"article:modified_time\" content=\"2025-02-14T07:45:43+00:00\" \/>\n<meta property=\"og:image\" content=\"https:\/\/www.honlufoodtrailer.com\/wp-content\/uploads\/2023\/11\/concession-kitchen-trailers-for-sale.jpg\" \/>\n\t<meta property=\"og:image:width\" content=\"720\" \/>\n\t<meta property=\"og:image:height\" content=\"540\" \/>\n\t<meta property=\"og:image:type\" content=\"image\/jpeg\" \/>\n<meta name=\"twitter:card\" content=\"summary_large_image\" \/>\n<meta name=\"twitter:label1\" content=\"Est. reading time\" \/>\n\t<meta name=\"twitter:data1\" content=\"3 minute\" \/>\n<script type=\"application\/ld+json\" class=\"yoast-schema-graph\">{\"@context\":\"https:\\\/\\\/schema.org\",\"@graph\":[{\"@type\":\"WebPage\",\"@id\":\"https:\\\/\\\/www.honlufoodtrailer.com\\\/product\\\/18ft-concession-trailer-with-kitchen\\\/\",\"url\":\"https:\\\/\\\/www.honlufoodtrailer.com\\\/product\\\/18ft-concession-trailer-with-kitchen\\\/\",\"name\":\"18ft Concession Trailer With Kitchen For Sale - Honlu Food Trailer\",\"isPartOf\":{\"@id\":\"https:\\\/\\\/www.honlufoodtrailer.com\\\/#website\"},\"primaryImageOfPage\":{\"@id\":\"https:\\\/\\\/www.honlufoodtrailer.com\\\/product\\\/18ft-concession-trailer-with-kitchen\\\/#primaryimage\"},\"image\":{\"@id\":\"https:\\\/\\\/www.honlufoodtrailer.com\\\/product\\\/18ft-concession-trailer-with-kitchen\\\/#primaryimage\"},\"thumbnailUrl\":\"https:\\\/\\\/www.honlufoodtrailer.com\\\/wp-content\\\/uploads\\\/2023\\\/11\\\/concession-kitchen-trailers-for-sale.jpg\",\"datePublished\":\"2023-11-16T09:26:45+00:00\",\"dateModified\":\"2025-02-14T07:45:43+00:00\",\"description\":\"This is one of our custom-made 18ft concession trailer with kitchen. We can make a similar one or customize one for you. See here!\",\"breadcrumb\":{\"@id\":\"https:\\\/\\\/www.honlufoodtrailer.com\\\/product\\\/18ft-concession-trailer-with-kitchen\\\/#breadcrumb\"},\"inLanguage\":\"sl-SI\",\"potentialAction\":[{\"@type\":\"ReadAction\",\"target\":[\"https:\\\/\\\/www.honlufoodtrailer.com\\\/product\\\/18ft-concession-trailer-with-kitchen\\\/\"]}]},{\"@type\":\"ImageObject\",\"inLanguage\":\"sl-SI\",\"@id\":\"https:\\\/\\\/www.honlufoodtrailer.com\\\/product\\\/18ft-concession-trailer-with-kitchen\\\/#primaryimage\",\"url\":\"https:\\\/\\\/www.honlufoodtrailer.com\\\/wp-content\\\/uploads\\\/2023\\\/11\\\/concession-kitchen-trailers-for-sale.jpg\",\"contentUrl\":\"https:\\\/\\\/www.honlufoodtrailer.com\\\/wp-content\\\/uploads\\\/2023\\\/11\\\/concession-kitchen-trailers-for-sale.jpg\",\"width\":720,\"height\":540,\"caption\":\"concession kitchen trailers for sale\"},{\"@type\":\"BreadcrumbList\",\"@id\":\"https:\\\/\\\/www.honlufoodtrailer.com\\\/product\\\/18ft-concession-trailer-with-kitchen\\\/#breadcrumb\",\"itemListElement\":[{\"@type\":\"ListItem\",\"position\":1,\"name\":\"Home\",\"item\":\"https:\\\/\\\/www.honlufoodtrailer.com\\\/\"},{\"@type\":\"ListItem\",\"position\":2,\"name\":\"\u4ea7\u54c1\",\"item\":\"https:\\\/\\\/www.honlufoodtrailer.com\\\/shop\\\/\"},{\"@type\":\"ListItem\",\"position\":3,\"name\":\"18ft Concession Trailer With Kitchen\"}]},{\"@type\":\"WebSite\",\"@id\":\"https:\\\/\\\/www.honlufoodtrailer.com\\\/#website\",\"url\":\"https:\\\/\\\/www.honlufoodtrailer.com\\\/\",\"name\":\"Honlu food trailer\",\"description\":\"\",\"publisher\":{\"@id\":\"https:\\\/\\\/www.honlufoodtrailer.com\\\/#organization\"},\"potentialAction\":[{\"@type\":\"SearchAction\",\"target\":{\"@type\":\"EntryPoint\",\"urlTemplate\":\"https:\\\/\\\/www.honlufoodtrailer.com\\\/?s={search_term_string}\"},\"query-input\":{\"@type\":\"PropertyValueSpecification\",\"valueRequired\":true,\"valueName\":\"search_term_string\"}}],\"inLanguage\":\"sl-SI\"},{\"@type\":\"Organization\",\"@id\":\"https:\\\/\\\/www.honlufoodtrailer.com\\\/#organization\",\"name\":\"Honlu food trailer\",\"url\":\"https:\\\/\\\/www.honlufoodtrailer.com\\\/\",\"logo\":{\"@type\":\"ImageObject\",\"inLanguage\":\"sl-SI\",\"@id\":\"https:\\\/\\\/www.honlufoodtrailer.com\\\/#\\\/schema\\\/logo\\\/image\\\/\",\"url\":\"https:\\\/\\\/www.honlufoodtrailer.com\\\/wp-content\\\/uploads\\\/2021\\\/12\\\/2.gif\",\"contentUrl\":\"https:\\\/\\\/www.honlufoodtrailer.com\\\/wp-content\\\/uploads\\\/2021\\\/12\\\/2.gif\",\"width\":350,\"height\":100,\"caption\":\"Honlu food trailer\"},\"image\":{\"@id\":\"https:\\\/\\\/www.honlufoodtrailer.com\\\/#\\\/schema\\\/logo\\\/image\\\/\"}}]}<\/script>\n<!-- \/ Yoast SEO plugin. -->","yoast_head_json":{"title":"18ft Concession Trailer With Kitchen For Sale - Honlu Food Trailer","description":"This is one of our custom-made 18ft concession trailer with kitchen. We can make a similar one or customize one for you. See here!","robots":{"index":"index","follow":"follow","max-snippet":"max-snippet:-1","max-image-preview":"max-image-preview:large","max-video-preview":"max-video-preview:-1"},"canonical":"https:\/\/www.honlufoodtrailer.com\/sl\/product\/18ft-concession-trailer-with-kitchen\/","og_locale":"sl_SI","og_type":"article","og_title":"18ft Concession Trailer With Kitchen For Sale - Honlu Food Trailer","og_description":"This is one of our custom-made 18ft concession trailer with kitchen. We can make a similar one or customize one for you. See here!","og_url":"https:\/\/www.honlufoodtrailer.com\/sl\/product\/18ft-concession-trailer-with-kitchen\/","og_site_name":"Honlu food trailer","article_modified_time":"2025-02-14T07:45:43+00:00","og_image":[{"width":720,"height":540,"url":"https:\/\/www.honlufoodtrailer.com\/wp-content\/uploads\/2023\/11\/concession-kitchen-trailers-for-sale.jpg","type":"image\/jpeg"}],"twitter_card":"summary_large_image","twitter_misc":{"Est. reading time":"3 minute"},"schema":{"@context":"https:\/\/schema.org","@graph":[{"@type":"WebPage","@id":"https:\/\/www.honlufoodtrailer.com\/product\/18ft-concession-trailer-with-kitchen\/","url":"https:\/\/www.honlufoodtrailer.com\/product\/18ft-concession-trailer-with-kitchen\/","name":"18ft Concession Trailer With Kitchen For Sale - Honlu Food Trailer","isPartOf":{"@id":"https:\/\/www.honlufoodtrailer.com\/#website"},"primaryImageOfPage":{"@id":"https:\/\/www.honlufoodtrailer.com\/product\/18ft-concession-trailer-with-kitchen\/#primaryimage"},"image":{"@id":"https:\/\/www.honlufoodtrailer.com\/product\/18ft-concession-trailer-with-kitchen\/#primaryimage"},"thumbnailUrl":"https:\/\/www.honlufoodtrailer.com\/wp-content\/uploads\/2023\/11\/concession-kitchen-trailers-for-sale.jpg","datePublished":"2023-11-16T09:26:45+00:00","dateModified":"2025-02-14T07:45:43+00:00","description":"This is one of our custom-made 18ft concession trailer with kitchen. We can make a similar one or customize one for you. See here!","breadcrumb":{"@id":"https:\/\/www.honlufoodtrailer.com\/product\/18ft-concession-trailer-with-kitchen\/#breadcrumb"},"inLanguage":"sl-SI","potentialAction":[{"@type":"ReadAction","target":["https:\/\/www.honlufoodtrailer.com\/product\/18ft-concession-trailer-with-kitchen\/"]}]},{"@type":"ImageObject","inLanguage":"sl-SI","@id":"https:\/\/www.honlufoodtrailer.com\/product\/18ft-concession-trailer-with-kitchen\/#primaryimage","url":"https:\/\/www.honlufoodtrailer.com\/wp-content\/uploads\/2023\/11\/concession-kitchen-trailers-for-sale.jpg","contentUrl":"https:\/\/www.honlufoodtrailer.com\/wp-content\/uploads\/2023\/11\/concession-kitchen-trailers-for-sale.jpg","width":720,"height":540,"caption":"concession kitchen trailers for sale"},{"@type":"BreadcrumbList","@id":"https:\/\/www.honlufoodtrailer.com\/product\/18ft-concession-trailer-with-kitchen\/#breadcrumb","itemListElement":[{"@type":"ListItem","position":1,"name":"Home","item":"https:\/\/www.honlufoodtrailer.com\/"},{"@type":"ListItem","position":2,"name":"\u4ea7\u54c1","item":"https:\/\/www.honlufoodtrailer.com\/shop\/"},{"@type":"ListItem","position":3,"name":"18ft Concession Trailer With Kitchen"}]},{"@type":"WebSite","@id":"https:\/\/www.honlufoodtrailer.com\/#website","url":"https:\/\/www.honlufoodtrailer.com\/","name":"Prikolica za hrano Honlu","description":"","publisher":{"@id":"https:\/\/www.honlufoodtrailer.com\/#organization"},"potentialAction":[{"@type":"SearchAction","target":{"@type":"EntryPoint","urlTemplate":"https:\/\/www.honlufoodtrailer.com\/?s={search_term_string}"},"query-input":{"@type":"PropertyValueSpecification","valueRequired":true,"valueName":"search_term_string"}}],"inLanguage":"sl-SI"},{"@type":"Organization","@id":"https:\/\/www.honlufoodtrailer.com\/#organization","name":"Prikolica za hrano Honlu","url":"https:\/\/www.honlufoodtrailer.com\/","logo":{"@type":"ImageObject","inLanguage":"sl-SI","@id":"https:\/\/www.honlufoodtrailer.com\/#\/schema\/logo\/image\/","url":"https:\/\/www.honlufoodtrailer.com\/wp-content\/uploads\/2021\/12\/2.gif","contentUrl":"https:\/\/www.honlufoodtrailer.com\/wp-content\/uploads\/2021\/12\/2.gif","width":350,"height":100,"caption":"Honlu food trailer"},"image":{"@id":"https:\/\/www.honlufoodtrailer.com\/#\/schema\/logo\/image\/"}}]}},"_links":{"self":[{"href":"https:\/\/www.honlufoodtrailer.com\/sl\/wp-json\/wp\/v2\/product\/5876","targetHints":{"allow":["GET"]}}],"collection":[{"href":"https:\/\/www.honlufoodtrailer.com\/sl\/wp-json\/wp\/v2\/product"}],"about":[{"href":"https:\/\/www.honlufoodtrailer.com\/sl\/wp-json\/wp\/v2\/types\/product"}],"version-history":[{"count":0,"href":"https:\/\/www.honlufoodtrailer.com\/sl\/wp-json\/wp\/v2\/product\/5876\/revisions"}],"wp:featuredmedia":[{"embeddable":true,"href":"https:\/\/www.honlufoodtrailer.com\/sl\/wp-json\/wp\/v2\/media\/5883"}],"wp:attachment":[{"href":"https:\/\/www.honlufoodtrailer.com\/sl\/wp-json\/wp\/v2\/media?parent=5876"}],"wp:term":[{"taxonomy":"product_brand","embeddable":true,"href":"https:\/\/www.honlufoodtrailer.com\/sl\/wp-json\/wp\/v2\/product_brand?post=5876"},{"taxonomy":"product_cat","embeddable":true,"href":"https:\/\/www.honlufoodtrailer.com\/sl\/wp-json\/wp\/v2\/product_cat?post=5876"},{"taxonomy":"product_tag","embeddable":true,"href":"https:\/\/www.honlufoodtrailer.com\/sl\/wp-json\/wp\/v2\/product_tag?post=5876"}],"curies":[{"name":"wp","href":"https:\/\/api.w.org\/{rel}","templated":true}]}}