{"id":6904,"date":"2024-02-29T16:56:25","date_gmt":"2024-02-29T08:56:25","guid":{"rendered":"https:\/\/www.honlufoodtrailer.com\/?post_type=product&#038;p=6904"},"modified":"2025-02-14T15:27:30","modified_gmt":"2025-02-14T07:27:30","slug":"customized-5m-stainless-steel-food-trailer-for-sale","status":"publish","type":"product","link":"https:\/\/www.honlufoodtrailer.com\/sl\/product\/customized-5m-stainless-steel-food-trailer-for-sale\/","title":{"rendered":"Prilagojena 5m prikolica za hrano iz nerjave\u010dega jekla za prodajo"},"content":{"rendered":"<p>I\u0161\u010dete prikolico za prevoz hrane iz nerjave\u010dega jekla? Oglejte si to 5-metrsko prikolico za prevoz hrane iz nerjave\u010dega jekla tukaj! To je prilagojena 16,4-metrska prikolica za prevoz hrane iz nerjave\u010dega jekla, ki smo jo izdelali za eno od na\u0161ih strank iz ZDA. Izdelamo lahko podobno prikolico za prevoz hrane iz nerjave\u010dega jekla ali pa jo prilagodimo za vas. Barvo karoserije, nalepke, oznake in kuhinjsko opremo prikolice za prevoz hrane iz nerjave\u010dega jekla je mogo\u010de prilagoditi. Samo kontaktirajte nas in nam povejte svoje podrobne zahteve.<br \/>\n<img fetchpriority=\"high\" decoding=\"async\" class=\"aligncenter size-full wp-image-6907\" src=\"https:\/\/www.honlufoodtrailer.com\/wp-content\/uploads\/2024\/02\/5m-stainless-steel-food-cart-for-sale.jpg\" alt=\"Prodam 5m vozi\u010dek za hrano iz nerjave\u010dega jekla\" width=\"720\" height=\"540\" srcset=\"https:\/\/www.honlufoodtrailer.com\/wp-content\/uploads\/2024\/02\/5m-stainless-steel-food-cart-for-sale.jpg 720w, https:\/\/www.honlufoodtrailer.com\/wp-content\/uploads\/2024\/02\/5m-stainless-steel-food-cart-for-sale-480x360.jpg 480w, https:\/\/www.honlufoodtrailer.com\/wp-content\/uploads\/2024\/02\/5m-stainless-steel-food-cart-for-sale-300x225.jpg 300w\" sizes=\"(max-width: 720px) 100vw, 720px\" \/><\/p>\n<p>Ali \u017eelite za\u010deti lastno podjetje z mobilnimi prikolicami za hrano? Ali \u017eelite ponujati mobilno hrano na poti? Potem razmislite o nalo\u017ebi v to prikolico za hrano iz nerjave\u010dega jekla 5M. Ta vrsta prikolice za hrano vam lahko pomaga pri uspehu va\u0161ega podjetja. Zdaj pa vam bom pokazal ve\u010d podrobnosti o tej prikolici za hrano iz nerjave\u010dega jekla.<\/p>\n<p><img decoding=\"async\" class=\"aligncenter size-full wp-image-6909\" src=\"https:\/\/www.honlufoodtrailer.com\/wp-content\/uploads\/2024\/02\/5m-stainless-steel-food-trailer-for-sale-inner-view.jpg\" alt=\"5m prikolica za hrano iz nerjave\u010dega jekla naprodaj, pogled od znotraj\" width=\"720\" height=\"540\" srcset=\"https:\/\/www.honlufoodtrailer.com\/wp-content\/uploads\/2024\/02\/5m-stainless-steel-food-trailer-for-sale-inner-view.jpg 720w, https:\/\/www.honlufoodtrailer.com\/wp-content\/uploads\/2024\/02\/5m-stainless-steel-food-trailer-for-sale-inner-view-480x360.jpg 480w, https:\/\/www.honlufoodtrailer.com\/wp-content\/uploads\/2024\/02\/5m-stainless-steel-food-trailer-for-sale-inner-view-300x225.jpg 300w\" sizes=\"(max-width: 720px) 100vw, 720px\" \/><img decoding=\"async\" class=\"aligncenter size-full wp-image-6915\" src=\"https:\/\/www.honlufoodtrailer.com\/wp-content\/uploads\/2024\/02\/5m-stainless-steel-food-trailer-details.jpg\" alt=\"Podrobnosti o 5-metrski prikolici za hrano iz nerjave\u010dega jekla\" width=\"800\" height=\"800\" srcset=\"https:\/\/www.honlufoodtrailer.com\/wp-content\/uploads\/2024\/02\/5m-stainless-steel-food-trailer-details.jpg 800w, https:\/\/www.honlufoodtrailer.com\/wp-content\/uploads\/2024\/02\/5m-stainless-steel-food-trailer-details-768x768.jpg 768w, https:\/\/www.honlufoodtrailer.com\/wp-content\/uploads\/2024\/02\/5m-stainless-steel-food-trailer-details-360x360.jpg 360w, https:\/\/www.honlufoodtrailer.com\/wp-content\/uploads\/2024\/02\/5m-stainless-steel-food-trailer-details-300x300.jpg 300w, https:\/\/www.honlufoodtrailer.com\/wp-content\/uploads\/2024\/02\/5m-stainless-steel-food-trailer-details-720x720.jpg 720w, https:\/\/www.honlufoodtrailer.com\/wp-content\/uploads\/2024\/02\/5m-stainless-steel-food-trailer-details-100x100.jpg 100w\" sizes=\"(max-width: 800px) 100vw, 800px\" \/><\/p>\n<p>Kot lahko vidimo na zgornji sliki, smo to 16,4-metrsko prikolico za koncesije iz nerjave\u010dega jekla opremili z nekaj osnovne kuhinjske opreme. Gre predvsem za kuhinjsko opremo, kot so pomivalna korita, delovna miza, napa itd. Na\u0161a stranka bo dodala \u0161e nekaj drugih rezervnih delov, ki jih potrebuje.<\/p>\n<p>Prikolice za hrano se lahko imenujejo tudi vozi\u010dki za hrano, kombiji za hrano, tovornjaki za hrano itd. Uporabljajo se lahko za prodajo hitre hrane, prigrizkov, \u010dasopisov, knjig itd. Sestavljena je iz \u0161asije, karoserije, talne obloge, delovne mize, vodnega in elektri\u010dnega sistema. Uporabniki lahko izberejo tudi \u017eeleno barvo. Na \u017eeljo strank bi radi kupili tudi druge vrste opreme.<\/p>\n<p><img loading=\"lazy\" decoding=\"async\" class=\"aligncenter size-full wp-image-6908\" src=\"https:\/\/www.honlufoodtrailer.com\/wp-content\/uploads\/2024\/02\/5m-stainless-steel-food-trailer-back-view.jpg\" alt=\"Pogled od zadaj na 5m prikolico za hrano iz nerjave\u010dega jekla\" width=\"720\" height=\"540\" srcset=\"https:\/\/www.honlufoodtrailer.com\/wp-content\/uploads\/2024\/02\/5m-stainless-steel-food-trailer-back-view.jpg 720w, https:\/\/www.honlufoodtrailer.com\/wp-content\/uploads\/2024\/02\/5m-stainless-steel-food-trailer-back-view-480x360.jpg 480w, https:\/\/www.honlufoodtrailer.com\/wp-content\/uploads\/2024\/02\/5m-stainless-steel-food-trailer-back-view-300x225.jpg 300w\" sizes=\"(max-width: 720px) 100vw, 720px\" \/><\/p>\n<h2><b class=\"magic-22\"><span class=\"magic-11\">Glavne zna\u010dilnosti prilagojene prikolice za hrano iz nerjave\u010dega jekla za prodajo<\/span><\/b><\/h2>\n<div class=\"magic-2\">\n<div class=\"magic-3\">\n<div class=\"magic-4\">\n<p class=\"magic-5\" data-spm-anchor-id=\"a2700.details.0.i22.54e5117dtl16iL\"><span style=\"font-family: Tahoma;\">1<span class=\"magic-12\" data-spm-anchor-id=\"a2700.details.0.i21.54e5117dtl16iL\">. Nizkocenovno in okoljsko brez dima in hrupa, enostavno za premikanje kjer koli<\/span><\/span><\/p>\n<p>2. Uporablja se lahko \u017ee ve\u010d let in ne smeti, kar ustreza sodobnemu \u017eivljenju.<\/p>\n<p>3. Priro\u010den in enostaven za nalaganje in prevoz, saj je njegova zasnova edinstvena in individualna.<\/p>\n<p>4. Glavni material je nerjave\u010de jeklo, zato ravna oblika (miza) ne rjavi.<\/p>\n<p>5. Ima toplotno odpornost in visoko trdnost, visoko barvno obstojnost, brez deformacij, vodoodpornost in dolgo \u017eivljenjsko dobo.<img loading=\"lazy\" decoding=\"async\" class=\"aligncenter size-full wp-image-6911\" src=\"https:\/\/www.honlufoodtrailer.com\/wp-content\/uploads\/2024\/02\/5m-stainless-steel-food-trailer-front-view.jpg\" alt=\"5m prikolica za hrano iz nerjave\u010dega jekla pogled od spredaj\" width=\"720\" height=\"540\" srcset=\"https:\/\/www.honlufoodtrailer.com\/wp-content\/uploads\/2024\/02\/5m-stainless-steel-food-trailer-front-view.jpg 720w, https:\/\/www.honlufoodtrailer.com\/wp-content\/uploads\/2024\/02\/5m-stainless-steel-food-trailer-front-view-480x360.jpg 480w, https:\/\/www.honlufoodtrailer.com\/wp-content\/uploads\/2024\/02\/5m-stainless-steel-food-trailer-front-view-300x225.jpg 300w\" sizes=\"(max-width: 720px) 100vw, 720px\" \/><\/p>\n<\/div>\n<\/div>\n<\/div>\n<h2><b class=\"magic-22\"><span class=\"magic-11\">Glavna prednost:<\/span><\/b><\/h2>\n<p><span class=\"magic-12\">1. Cenovno ugodno in okoljsko;<br \/>\n2. Enostavno se lahko premaknete na poljubno mesto (va\u0161e poslovanje ni omejeno);<br \/>\n3. Edinstvena oblika (nevidna za privabljanje ve\u010d strank);<br \/>\n4. Dolga \u017eivljenjska doba (odporen proti koroziji, vro\u010dini, vodoodporen, brez deformacij).<\/span><\/p>","protected":false},"excerpt":{"rendered":"<p>To je eden od na\u0161ih 5-metrskih vozi\u010dkov za hrano iz nerjave\u010dega jekla, izdelanih po meri. Obi\u010dajno je to najprimernej\u0161i model za za\u010detek poslovanja z mobilnimi gostinskimi prikolicami. Seveda lahko izdelamo podoben vozi\u010dek za hrano iz nerjave\u010dega jekla ali pa ga prilagodimo za vas. Prosimo, kontaktirajte nas in nam povejte svoje podrobne zahteve. Brez oklevanja nas kontaktirajte!<\/p>","protected":false},"featured_media":6911,"template":"","meta":{"_themeisle_gutenberg_block_has_review":false},"product_brand":[],"product_cat":[26],"product_tag":[96,33,60,61,38,32],"class_list":{"0":"post-6904","1":"product","2":"type-product","3":"status-publish","4":"has-post-thumbnail","6":"product_cat-product","7":"product_tag-16ft-food-trailer","8":"product_tag-customized-trailer","9":"product_tag-fast-food-trailer","10":"product_tag-fast-food-trailer-for-sale","11":"product_tag-mobile-food-trailer","12":"product_tag-stainless-steel-food-trailer","14":"first","15":"instock","16":"shipping-taxable","17":"product-type-simple"},"yoast_head":"<!-- This site is optimized with the Yoast SEO plugin v27.5 - https:\/\/yoast.com\/product\/yoast-seo-wordpress\/ -->\n<title>Factory Price Stainless Steel Food Trailer For Sale - Honlu Trailer<\/title>\n<meta name=\"description\" content=\"Looking for a mobile stainless steel food trailer? Get a similar or customized one at a reasonable price now! Click to see your options!\" \/>\n<meta name=\"robots\" content=\"index, follow, max-snippet:-1, max-image-preview:large, max-video-preview:-1\" \/>\n<link rel=\"canonical\" href=\"https:\/\/www.honlufoodtrailer.com\/sl\/product\/customized-5m-stainless-steel-food-trailer-for-sale\/\" \/>\n<meta property=\"og:locale\" content=\"sl_SI\" \/>\n<meta property=\"og:type\" content=\"article\" \/>\n<meta property=\"og:title\" content=\"Factory Price Stainless Steel Food Trailer For Sale - Honlu Trailer\" \/>\n<meta property=\"og:description\" content=\"Looking for a mobile stainless steel food trailer? Get a similar or customized one at a reasonable price now! Click to see your options!\" \/>\n<meta property=\"og:url\" content=\"https:\/\/www.honlufoodtrailer.com\/sl\/product\/customized-5m-stainless-steel-food-trailer-for-sale\/\" \/>\n<meta property=\"og:site_name\" content=\"Honlu food trailer\" \/>\n<meta property=\"article:modified_time\" content=\"2025-02-14T07:27:30+00:00\" \/>\n<meta property=\"og:image\" content=\"https:\/\/www.honlufoodtrailer.com\/wp-content\/uploads\/2024\/02\/5m-stainless-steel-food-trailer-front-view.jpg\" \/>\n\t<meta property=\"og:image:width\" content=\"720\" \/>\n\t<meta property=\"og:image:height\" content=\"540\" \/>\n\t<meta property=\"og:image:type\" content=\"image\/jpeg\" \/>\n<meta name=\"twitter:card\" content=\"summary_large_image\" \/>\n<meta name=\"twitter:label1\" content=\"Est. reading time\" \/>\n\t<meta name=\"twitter:data1\" content=\"1 minuta\" \/>\n<script type=\"application\/ld+json\" class=\"yoast-schema-graph\">{\"@context\":\"https:\\\/\\\/schema.org\",\"@graph\":[{\"@type\":\"WebPage\",\"@id\":\"https:\\\/\\\/www.honlufoodtrailer.com\\\/product\\\/customized-5m-stainless-steel-food-trailer-for-sale\\\/\",\"url\":\"https:\\\/\\\/www.honlufoodtrailer.com\\\/product\\\/customized-5m-stainless-steel-food-trailer-for-sale\\\/\",\"name\":\"Factory Price Stainless Steel Food Trailer For Sale - Honlu Trailer\",\"isPartOf\":{\"@id\":\"https:\\\/\\\/www.honlufoodtrailer.com\\\/#website\"},\"primaryImageOfPage\":{\"@id\":\"https:\\\/\\\/www.honlufoodtrailer.com\\\/product\\\/customized-5m-stainless-steel-food-trailer-for-sale\\\/#primaryimage\"},\"image\":{\"@id\":\"https:\\\/\\\/www.honlufoodtrailer.com\\\/product\\\/customized-5m-stainless-steel-food-trailer-for-sale\\\/#primaryimage\"},\"thumbnailUrl\":\"https:\\\/\\\/www.honlufoodtrailer.com\\\/wp-content\\\/uploads\\\/2024\\\/02\\\/5m-stainless-steel-food-trailer-front-view.jpg\",\"datePublished\":\"2024-02-29T08:56:25+00:00\",\"dateModified\":\"2025-02-14T07:27:30+00:00\",\"description\":\"Looking for a mobile stainless steel food trailer? Get a similar or customized one at a reasonable price now! Click to see your options!\",\"breadcrumb\":{\"@id\":\"https:\\\/\\\/www.honlufoodtrailer.com\\\/product\\\/customized-5m-stainless-steel-food-trailer-for-sale\\\/#breadcrumb\"},\"inLanguage\":\"sl-SI\",\"potentialAction\":[{\"@type\":\"ReadAction\",\"target\":[\"https:\\\/\\\/www.honlufoodtrailer.com\\\/product\\\/customized-5m-stainless-steel-food-trailer-for-sale\\\/\"]}]},{\"@type\":\"ImageObject\",\"inLanguage\":\"sl-SI\",\"@id\":\"https:\\\/\\\/www.honlufoodtrailer.com\\\/product\\\/customized-5m-stainless-steel-food-trailer-for-sale\\\/#primaryimage\",\"url\":\"https:\\\/\\\/www.honlufoodtrailer.com\\\/wp-content\\\/uploads\\\/2024\\\/02\\\/5m-stainless-steel-food-trailer-front-view.jpg\",\"contentUrl\":\"https:\\\/\\\/www.honlufoodtrailer.com\\\/wp-content\\\/uploads\\\/2024\\\/02\\\/5m-stainless-steel-food-trailer-front-view.jpg\",\"width\":720,\"height\":540,\"caption\":\"5m stainless steel food trailer front view\"},{\"@type\":\"BreadcrumbList\",\"@id\":\"https:\\\/\\\/www.honlufoodtrailer.com\\\/product\\\/customized-5m-stainless-steel-food-trailer-for-sale\\\/#breadcrumb\",\"itemListElement\":[{\"@type\":\"ListItem\",\"position\":1,\"name\":\"Home\",\"item\":\"https:\\\/\\\/www.honlufoodtrailer.com\\\/\"},{\"@type\":\"ListItem\",\"position\":2,\"name\":\"\u4ea7\u54c1\",\"item\":\"https:\\\/\\\/www.honlufoodtrailer.com\\\/shop\\\/\"},{\"@type\":\"ListItem\",\"position\":3,\"name\":\"Customized 5m Stainless Steel Food Trailer for Sale\"}]},{\"@type\":\"WebSite\",\"@id\":\"https:\\\/\\\/www.honlufoodtrailer.com\\\/#website\",\"url\":\"https:\\\/\\\/www.honlufoodtrailer.com\\\/\",\"name\":\"Honlu food trailer\",\"description\":\"\",\"publisher\":{\"@id\":\"https:\\\/\\\/www.honlufoodtrailer.com\\\/#organization\"},\"potentialAction\":[{\"@type\":\"SearchAction\",\"target\":{\"@type\":\"EntryPoint\",\"urlTemplate\":\"https:\\\/\\\/www.honlufoodtrailer.com\\\/?s={search_term_string}\"},\"query-input\":{\"@type\":\"PropertyValueSpecification\",\"valueRequired\":true,\"valueName\":\"search_term_string\"}}],\"inLanguage\":\"sl-SI\"},{\"@type\":\"Organization\",\"@id\":\"https:\\\/\\\/www.honlufoodtrailer.com\\\/#organization\",\"name\":\"Honlu food trailer\",\"url\":\"https:\\\/\\\/www.honlufoodtrailer.com\\\/\",\"logo\":{\"@type\":\"ImageObject\",\"inLanguage\":\"sl-SI\",\"@id\":\"https:\\\/\\\/www.honlufoodtrailer.com\\\/#\\\/schema\\\/logo\\\/image\\\/\",\"url\":\"https:\\\/\\\/www.honlufoodtrailer.com\\\/wp-content\\\/uploads\\\/2021\\\/12\\\/2.gif\",\"contentUrl\":\"https:\\\/\\\/www.honlufoodtrailer.com\\\/wp-content\\\/uploads\\\/2021\\\/12\\\/2.gif\",\"width\":350,\"height\":100,\"caption\":\"Honlu food trailer\"},\"image\":{\"@id\":\"https:\\\/\\\/www.honlufoodtrailer.com\\\/#\\\/schema\\\/logo\\\/image\\\/\"}}]}<\/script>\n<!-- \/ Yoast SEO plugin. -->","yoast_head_json":{"title":"Prikolica za hrano iz nerjave\u010dega jekla po tovarni\u0161ki ceni za prodajo - Honlu Trailer","description":"I\u0161\u010dete mobilno prikolico za \u017eivila iz nerjave\u010dega jekla? Pridobite podobno ali prilagojeno po ugodni ceni zdaj! Kliknite za ogled mo\u017enosti!","robots":{"index":"index","follow":"follow","max-snippet":"max-snippet:-1","max-image-preview":"max-image-preview:large","max-video-preview":"max-video-preview:-1"},"canonical":"https:\/\/www.honlufoodtrailer.com\/sl\/product\/customized-5m-stainless-steel-food-trailer-for-sale\/","og_locale":"sl_SI","og_type":"article","og_title":"Factory Price Stainless Steel Food Trailer For Sale - Honlu Trailer","og_description":"Looking for a mobile stainless steel food trailer? Get a similar or customized one at a reasonable price now! Click to see your options!","og_url":"https:\/\/www.honlufoodtrailer.com\/sl\/product\/customized-5m-stainless-steel-food-trailer-for-sale\/","og_site_name":"Honlu food trailer","article_modified_time":"2025-02-14T07:27:30+00:00","og_image":[{"width":720,"height":540,"url":"https:\/\/www.honlufoodtrailer.com\/wp-content\/uploads\/2024\/02\/5m-stainless-steel-food-trailer-front-view.jpg","type":"image\/jpeg"}],"twitter_card":"summary_large_image","twitter_misc":{"Est. reading time":"1 minuta"},"schema":{"@context":"https:\/\/schema.org","@graph":[{"@type":"WebPage","@id":"https:\/\/www.honlufoodtrailer.com\/product\/customized-5m-stainless-steel-food-trailer-for-sale\/","url":"https:\/\/www.honlufoodtrailer.com\/product\/customized-5m-stainless-steel-food-trailer-for-sale\/","name":"Prikolica za hrano iz nerjave\u010dega jekla po tovarni\u0161ki ceni za prodajo - Honlu Trailer","isPartOf":{"@id":"https:\/\/www.honlufoodtrailer.com\/#website"},"primaryImageOfPage":{"@id":"https:\/\/www.honlufoodtrailer.com\/product\/customized-5m-stainless-steel-food-trailer-for-sale\/#primaryimage"},"image":{"@id":"https:\/\/www.honlufoodtrailer.com\/product\/customized-5m-stainless-steel-food-trailer-for-sale\/#primaryimage"},"thumbnailUrl":"https:\/\/www.honlufoodtrailer.com\/wp-content\/uploads\/2024\/02\/5m-stainless-steel-food-trailer-front-view.jpg","datePublished":"2024-02-29T08:56:25+00:00","dateModified":"2025-02-14T07:27:30+00:00","description":"I\u0161\u010dete mobilno prikolico za \u017eivila iz nerjave\u010dega jekla? Pridobite podobno ali prilagojeno po ugodni ceni zdaj! Kliknite za ogled mo\u017enosti!","breadcrumb":{"@id":"https:\/\/www.honlufoodtrailer.com\/product\/customized-5m-stainless-steel-food-trailer-for-sale\/#breadcrumb"},"inLanguage":"sl-SI","potentialAction":[{"@type":"ReadAction","target":["https:\/\/www.honlufoodtrailer.com\/product\/customized-5m-stainless-steel-food-trailer-for-sale\/"]}]},{"@type":"ImageObject","inLanguage":"sl-SI","@id":"https:\/\/www.honlufoodtrailer.com\/product\/customized-5m-stainless-steel-food-trailer-for-sale\/#primaryimage","url":"https:\/\/www.honlufoodtrailer.com\/wp-content\/uploads\/2024\/02\/5m-stainless-steel-food-trailer-front-view.jpg","contentUrl":"https:\/\/www.honlufoodtrailer.com\/wp-content\/uploads\/2024\/02\/5m-stainless-steel-food-trailer-front-view.jpg","width":720,"height":540,"caption":"5m stainless steel food trailer front view"},{"@type":"BreadcrumbList","@id":"https:\/\/www.honlufoodtrailer.com\/product\/customized-5m-stainless-steel-food-trailer-for-sale\/#breadcrumb","itemListElement":[{"@type":"ListItem","position":1,"name":"Home","item":"https:\/\/www.honlufoodtrailer.com\/"},{"@type":"ListItem","position":2,"name":"\u4ea7\u54c1","item":"https:\/\/www.honlufoodtrailer.com\/shop\/"},{"@type":"ListItem","position":3,"name":"Customized 5m Stainless Steel Food Trailer for Sale"}]},{"@type":"WebSite","@id":"https:\/\/www.honlufoodtrailer.com\/#website","url":"https:\/\/www.honlufoodtrailer.com\/","name":"Prikolica za hrano Honlu","description":"","publisher":{"@id":"https:\/\/www.honlufoodtrailer.com\/#organization"},"potentialAction":[{"@type":"SearchAction","target":{"@type":"EntryPoint","urlTemplate":"https:\/\/www.honlufoodtrailer.com\/?s={search_term_string}"},"query-input":{"@type":"PropertyValueSpecification","valueRequired":true,"valueName":"search_term_string"}}],"inLanguage":"sl-SI"},{"@type":"Organization","@id":"https:\/\/www.honlufoodtrailer.com\/#organization","name":"Prikolica za hrano Honlu","url":"https:\/\/www.honlufoodtrailer.com\/","logo":{"@type":"ImageObject","inLanguage":"sl-SI","@id":"https:\/\/www.honlufoodtrailer.com\/#\/schema\/logo\/image\/","url":"https:\/\/www.honlufoodtrailer.com\/wp-content\/uploads\/2021\/12\/2.gif","contentUrl":"https:\/\/www.honlufoodtrailer.com\/wp-content\/uploads\/2021\/12\/2.gif","width":350,"height":100,"caption":"Honlu food trailer"},"image":{"@id":"https:\/\/www.honlufoodtrailer.com\/#\/schema\/logo\/image\/"}}]}},"_links":{"self":[{"href":"https:\/\/www.honlufoodtrailer.com\/sl\/wp-json\/wp\/v2\/product\/6904","targetHints":{"allow":["GET"]}}],"collection":[{"href":"https:\/\/www.honlufoodtrailer.com\/sl\/wp-json\/wp\/v2\/product"}],"about":[{"href":"https:\/\/www.honlufoodtrailer.com\/sl\/wp-json\/wp\/v2\/types\/product"}],"version-history":[{"count":4,"href":"https:\/\/www.honlufoodtrailer.com\/sl\/wp-json\/wp\/v2\/product\/6904\/revisions"}],"predecessor-version":[{"id":6917,"href":"https:\/\/www.honlufoodtrailer.com\/sl\/wp-json\/wp\/v2\/product\/6904\/revisions\/6917"}],"wp:featuredmedia":[{"embeddable":true,"href":"https:\/\/www.honlufoodtrailer.com\/sl\/wp-json\/wp\/v2\/media\/6911"}],"wp:attachment":[{"href":"https:\/\/www.honlufoodtrailer.com\/sl\/wp-json\/wp\/v2\/media?parent=6904"}],"wp:term":[{"taxonomy":"product_brand","embeddable":true,"href":"https:\/\/www.honlufoodtrailer.com\/sl\/wp-json\/wp\/v2\/product_brand?post=6904"},{"taxonomy":"product_cat","embeddable":true,"href":"https:\/\/www.honlufoodtrailer.com\/sl\/wp-json\/wp\/v2\/product_cat?post=6904"},{"taxonomy":"product_tag","embeddable":true,"href":"https:\/\/www.honlufoodtrailer.com\/sl\/wp-json\/wp\/v2\/product_tag?post=6904"}],"curies":[{"name":"wp","href":"https:\/\/api.w.org\/{rel}","templated":true}]}}