{"id":7482,"date":"2024-04-19T16:24:24","date_gmt":"2024-04-19T08:24:24","guid":{"rendered":"https:\/\/www.honlufoodtrailer.com\/?post_type=product&#038;p=7482"},"modified":"2025-02-14T15:09:19","modified_gmt":"2025-02-14T07:09:19","slug":"3m-dessert-food-trailer","status":"publish","type":"product","link":"https:\/\/www.honlufoodtrailer.com\/sl\/product\/3m-dessert-food-trailer\/","title":{"rendered":"3m Dessert Food Trailer"},"content":{"rendered":"<p>Do you want to start a mobile dessert food trailer business? See this one here! It is a 3m dessert food trailer we have manufactured for one of our customers. In the following, you will see the pictures, details, and video of this small dessert trailer. Just read ahead and see what we can do for you. First, you will see some pictures of this 3m dessert trailer.<img fetchpriority=\"high\" decoding=\"async\" class=\"aligncenter size-full wp-image-7483\" src=\"https:\/\/www.honlufoodtrailer.com\/wp-content\/uploads\/2024\/04\/3m-dessert-food-trailer.jpg\" alt=\"3m dessert food trailer\" width=\"720\" height=\"540\" srcset=\"https:\/\/www.honlufoodtrailer.com\/wp-content\/uploads\/2024\/04\/3m-dessert-food-trailer.jpg 720w, https:\/\/www.honlufoodtrailer.com\/wp-content\/uploads\/2024\/04\/3m-dessert-food-trailer-480x360.jpg 480w, https:\/\/www.honlufoodtrailer.com\/wp-content\/uploads\/2024\/04\/3m-dessert-food-trailer-300x225.jpg 300w\" sizes=\"(max-width: 720px) 100vw, 720px\" \/><img decoding=\"async\" class=\"aligncenter size-full wp-image-7487\" src=\"https:\/\/www.honlufoodtrailer.com\/wp-content\/uploads\/2024\/04\/3m-small-dessert-trailer.jpg\" alt=\"3m small dessert trailer\" width=\"720\" height=\"540\" srcset=\"https:\/\/www.honlufoodtrailer.com\/wp-content\/uploads\/2024\/04\/3m-small-dessert-trailer.jpg 720w, https:\/\/www.honlufoodtrailer.com\/wp-content\/uploads\/2024\/04\/3m-small-dessert-trailer-480x360.jpg 480w, https:\/\/www.honlufoodtrailer.com\/wp-content\/uploads\/2024\/04\/3m-small-dessert-trailer-300x225.jpg 300w\" sizes=\"(max-width: 720px) 100vw, 720px\" \/><\/p>\n<p>Next, you will see the inner view of this dessert food trailer.<\/p>\n<p><img decoding=\"async\" class=\"aligncenter size-full wp-image-7489\" src=\"https:\/\/www.honlufoodtrailer.com\/wp-content\/uploads\/2024\/04\/dessert-food-trailer-inner-view.jpg\" alt=\"dessert food trailer inner view\" width=\"720\" height=\"540\" srcset=\"https:\/\/www.honlufoodtrailer.com\/wp-content\/uploads\/2024\/04\/dessert-food-trailer-inner-view.jpg 720w, https:\/\/www.honlufoodtrailer.com\/wp-content\/uploads\/2024\/04\/dessert-food-trailer-inner-view-480x360.jpg 480w, https:\/\/www.honlufoodtrailer.com\/wp-content\/uploads\/2024\/04\/dessert-food-trailer-inner-view-300x225.jpg 300w\" sizes=\"(max-width: 720px) 100vw, 720px\" \/><\/p>\n<p>As we can see from the picture above, We have equipped this small dessert food trailer with sinks, work table, display freezer, and air conditioner etc. Our customer will add some other devices he needs. Our customer uses this trailer to sell small cakes etc.<\/p>\n<h2>More Details Of This Dessert Food Trailer<\/h2>\n<p><img loading=\"lazy\" decoding=\"async\" class=\"aligncenter size-full wp-image-7492\" src=\"https:\/\/www.honlufoodtrailer.com\/wp-content\/uploads\/2024\/04\/3m-dessert-food-trailer-details.jpg\" alt=\"3m dessert food trailer details\" width=\"1000\" height=\"800\" srcset=\"https:\/\/www.honlufoodtrailer.com\/wp-content\/uploads\/2024\/04\/3m-dessert-food-trailer-details.jpg 1000w, https:\/\/www.honlufoodtrailer.com\/wp-content\/uploads\/2024\/04\/3m-dessert-food-trailer-details-768x614.jpg 768w, https:\/\/www.honlufoodtrailer.com\/wp-content\/uploads\/2024\/04\/3m-dessert-food-trailer-details-450x360.jpg 450w, https:\/\/www.honlufoodtrailer.com\/wp-content\/uploads\/2024\/04\/3m-dessert-food-trailer-details-300x240.jpg 300w, https:\/\/www.honlufoodtrailer.com\/wp-content\/uploads\/2024\/04\/3m-dessert-food-trailer-details-720x576.jpg 720w\" sizes=\"(max-width: 1000px) 100vw, 1000px\" \/><\/p>\n<p>Prikolice za hrano se lahko imenujejo tudi vozi\u010dki za hrano, kombiji za hrano, tovornjaki za hrano itd. Uporabljajo se lahko za prodajo hitre hrane, prigrizkov, \u010dasopisov, knjig itd. Sestavljena je iz \u0161asije, karoserije, talne obloge, delovne mize, vodnega in elektri\u010dnega sistema. Uporabniki lahko izberejo tudi \u017eeleno barvo. Na \u017eeljo strank bi radi kupili tudi druge vrste opreme.<\/p>\n<p>&nbsp;<\/p>\n<h2><b class=\"magic-22\"><span class=\"magic-11\">Main Features Of The Customized Dessert Trailer For Sale<\/span><\/b><\/h2>\n<div class=\"magic-2\">\n<div class=\"magic-3\">\n<div class=\"magic-4\">Nizkocenovno in okolju prijazno, brez dima in hrupa, enostavno za premikanje kamor koli.<br \/>\n2. Uporablja se lahko \u017ee ve\u010d let in ne smeti, kar ustreza sodobnemu \u017eivljenju.<br \/>\n3. Priro\u010den in enostaven za nalaganje in prevoz, saj je njegova zasnova edinstvena in individualna.<br \/>\n4. Glavni material je nerjave\u010de jeklo, zato ravna oblika (miza) ne rjavi.<br \/>\n5. Ima toplotno odpornost in visoko trdnost, visoko barvno obstojnost, brez deformacij, vodoodpornost in dolgo \u017eivljenjsko dobo.<img decoding=\"async\" class=\"aligncenter size-full wp-image-7487\" src=\"https:\/\/www.honlufoodtrailer.com\/wp-content\/uploads\/2024\/04\/3m-small-dessert-trailer.jpg\" alt=\"3m small dessert trailer\" width=\"720\" height=\"540\" srcset=\"https:\/\/www.honlufoodtrailer.com\/wp-content\/uploads\/2024\/04\/3m-small-dessert-trailer.jpg 720w, https:\/\/www.honlufoodtrailer.com\/wp-content\/uploads\/2024\/04\/3m-small-dessert-trailer-480x360.jpg 480w, https:\/\/www.honlufoodtrailer.com\/wp-content\/uploads\/2024\/04\/3m-small-dessert-trailer-300x225.jpg 300w\" sizes=\"(max-width: 720px) 100vw, 720px\" \/><\/div>\n<\/div>\n<\/div>\n<h2><b class=\"magic-22\"><span class=\"magic-11\">Glavna prednost:<\/span><\/b><\/h2>\n<p><span class=\"magic-12\">1. Cenovno ugodno in okoljsko;<br \/>\n2. Enostavno se lahko premaknete na poljubno mesto (va\u0161e poslovanje ni omejeno);<br \/>\n3. Edinstvena oblika (nevidna za privabljanje ve\u010d strank);<br \/>\n4. Dolga \u017eivljenjska doba (odporen proti koroziji, vro\u010dini, vodoodporen, brez deformacij).<\/span><\/p>","protected":false},"excerpt":{"rendered":"<p>This is one of our custom-made 3m dessert food trailer for sale. Usually, it is a good choice for starting a small mobile food trailer business. Of course, we can manufacture a similar small dessert trailer like this one, or customize one for you. Please contact us and tell us your detailed requirements. Just don&#8217;t hesitate to contact us!<\/p>","protected":false},"featured_media":7483,"template":"","meta":{"_themeisle_gutenberg_block_has_review":false},"product_brand":[],"product_cat":[26],"product_tag":[117,33,120,60,61,38],"class_list":{"0":"post-7482","1":"product","2":"type-product","3":"status-publish","4":"has-post-thumbnail","6":"product_cat-product","7":"product_tag-10ft-food-trailer","8":"product_tag-customized-trailer","9":"product_tag-dessert-trailer","10":"product_tag-fast-food-trailer","11":"product_tag-fast-food-trailer-for-sale","12":"product_tag-mobile-food-trailer","14":"first","15":"instock","16":"shipping-taxable","17":"product-type-simple"},"yoast_head":"<!-- This site is optimized with the Yoast SEO plugin v27.5 - https:\/\/yoast.com\/product\/yoast-seo-wordpress\/ -->\n<title>3m Dessert Food Trailer from China - Honlu Food Trailer<\/title>\n<meta name=\"description\" content=\"Looking for a small dessert food trailer? see this 3m dessert trailer here! Get a similar or customized one at a reasonable price now!\" \/>\n<meta name=\"robots\" content=\"index, follow, max-snippet:-1, max-image-preview:large, max-video-preview:-1\" \/>\n<link rel=\"canonical\" href=\"https:\/\/www.honlufoodtrailer.com\/sl\/product\/3m-dessert-food-trailer\/\" \/>\n<meta property=\"og:locale\" content=\"sl_SI\" \/>\n<meta property=\"og:type\" content=\"article\" \/>\n<meta property=\"og:title\" content=\"3m Dessert Food Trailer from China - Honlu Food Trailer\" \/>\n<meta property=\"og:description\" content=\"Looking for a small dessert food trailer? see this 3m dessert trailer here! Get a similar or customized one at a reasonable price now!\" \/>\n<meta property=\"og:url\" content=\"https:\/\/www.honlufoodtrailer.com\/sl\/product\/3m-dessert-food-trailer\/\" \/>\n<meta property=\"og:site_name\" content=\"Honlu food trailer\" \/>\n<meta property=\"article:modified_time\" content=\"2025-02-14T07:09:19+00:00\" \/>\n<meta property=\"og:image\" content=\"https:\/\/www.honlufoodtrailer.com\/wp-content\/uploads\/2024\/04\/3m-dessert-food-trailer.jpg\" \/>\n\t<meta property=\"og:image:width\" content=\"720\" \/>\n\t<meta property=\"og:image:height\" content=\"540\" \/>\n\t<meta property=\"og:image:type\" content=\"image\/jpeg\" \/>\n<meta name=\"twitter:card\" content=\"summary_large_image\" \/>\n<meta name=\"twitter:label1\" content=\"Est. reading time\" \/>\n\t<meta name=\"twitter:data1\" content=\"1 minuta\" \/>\n<script type=\"application\/ld+json\" class=\"yoast-schema-graph\">{\"@context\":\"https:\\\/\\\/schema.org\",\"@graph\":[{\"@type\":\"WebPage\",\"@id\":\"https:\\\/\\\/www.honlufoodtrailer.com\\\/product\\\/3m-dessert-food-trailer\\\/\",\"url\":\"https:\\\/\\\/www.honlufoodtrailer.com\\\/product\\\/3m-dessert-food-trailer\\\/\",\"name\":\"3m Dessert Food Trailer from China - Honlu Food Trailer\",\"isPartOf\":{\"@id\":\"https:\\\/\\\/www.honlufoodtrailer.com\\\/#website\"},\"primaryImageOfPage\":{\"@id\":\"https:\\\/\\\/www.honlufoodtrailer.com\\\/product\\\/3m-dessert-food-trailer\\\/#primaryimage\"},\"image\":{\"@id\":\"https:\\\/\\\/www.honlufoodtrailer.com\\\/product\\\/3m-dessert-food-trailer\\\/#primaryimage\"},\"thumbnailUrl\":\"https:\\\/\\\/www.honlufoodtrailer.com\\\/wp-content\\\/uploads\\\/2024\\\/04\\\/3m-dessert-food-trailer.jpg\",\"datePublished\":\"2024-04-19T08:24:24+00:00\",\"dateModified\":\"2025-02-14T07:09:19+00:00\",\"description\":\"Looking for a small dessert food trailer? see this 3m dessert trailer here! Get a similar or customized one at a reasonable price now!\",\"breadcrumb\":{\"@id\":\"https:\\\/\\\/www.honlufoodtrailer.com\\\/product\\\/3m-dessert-food-trailer\\\/#breadcrumb\"},\"inLanguage\":\"sl-SI\",\"potentialAction\":[{\"@type\":\"ReadAction\",\"target\":[\"https:\\\/\\\/www.honlufoodtrailer.com\\\/product\\\/3m-dessert-food-trailer\\\/\"]}]},{\"@type\":\"ImageObject\",\"inLanguage\":\"sl-SI\",\"@id\":\"https:\\\/\\\/www.honlufoodtrailer.com\\\/product\\\/3m-dessert-food-trailer\\\/#primaryimage\",\"url\":\"https:\\\/\\\/www.honlufoodtrailer.com\\\/wp-content\\\/uploads\\\/2024\\\/04\\\/3m-dessert-food-trailer.jpg\",\"contentUrl\":\"https:\\\/\\\/www.honlufoodtrailer.com\\\/wp-content\\\/uploads\\\/2024\\\/04\\\/3m-dessert-food-trailer.jpg\",\"width\":720,\"height\":540,\"caption\":\"3m dessert food trailer\"},{\"@type\":\"BreadcrumbList\",\"@id\":\"https:\\\/\\\/www.honlufoodtrailer.com\\\/product\\\/3m-dessert-food-trailer\\\/#breadcrumb\",\"itemListElement\":[{\"@type\":\"ListItem\",\"position\":1,\"name\":\"Home\",\"item\":\"https:\\\/\\\/www.honlufoodtrailer.com\\\/\"},{\"@type\":\"ListItem\",\"position\":2,\"name\":\"\u4ea7\u54c1\",\"item\":\"https:\\\/\\\/www.honlufoodtrailer.com\\\/shop\\\/\"},{\"@type\":\"ListItem\",\"position\":3,\"name\":\"3m Dessert Food Trailer\"}]},{\"@type\":\"WebSite\",\"@id\":\"https:\\\/\\\/www.honlufoodtrailer.com\\\/#website\",\"url\":\"https:\\\/\\\/www.honlufoodtrailer.com\\\/\",\"name\":\"Honlu food trailer\",\"description\":\"\",\"publisher\":{\"@id\":\"https:\\\/\\\/www.honlufoodtrailer.com\\\/#organization\"},\"potentialAction\":[{\"@type\":\"SearchAction\",\"target\":{\"@type\":\"EntryPoint\",\"urlTemplate\":\"https:\\\/\\\/www.honlufoodtrailer.com\\\/?s={search_term_string}\"},\"query-input\":{\"@type\":\"PropertyValueSpecification\",\"valueRequired\":true,\"valueName\":\"search_term_string\"}}],\"inLanguage\":\"sl-SI\"},{\"@type\":\"Organization\",\"@id\":\"https:\\\/\\\/www.honlufoodtrailer.com\\\/#organization\",\"name\":\"Honlu food trailer\",\"url\":\"https:\\\/\\\/www.honlufoodtrailer.com\\\/\",\"logo\":{\"@type\":\"ImageObject\",\"inLanguage\":\"sl-SI\",\"@id\":\"https:\\\/\\\/www.honlufoodtrailer.com\\\/#\\\/schema\\\/logo\\\/image\\\/\",\"url\":\"https:\\\/\\\/www.honlufoodtrailer.com\\\/wp-content\\\/uploads\\\/2021\\\/12\\\/2.gif\",\"contentUrl\":\"https:\\\/\\\/www.honlufoodtrailer.com\\\/wp-content\\\/uploads\\\/2021\\\/12\\\/2.gif\",\"width\":350,\"height\":100,\"caption\":\"Honlu food trailer\"},\"image\":{\"@id\":\"https:\\\/\\\/www.honlufoodtrailer.com\\\/#\\\/schema\\\/logo\\\/image\\\/\"}}]}<\/script>\n<!-- \/ Yoast SEO plugin. -->","yoast_head_json":{"title":"3m Dessert Food Trailer from China - Honlu Food Trailer","description":"Looking for a small dessert food trailer? see this 3m dessert trailer here! Get a similar or customized one at a reasonable price now!","robots":{"index":"index","follow":"follow","max-snippet":"max-snippet:-1","max-image-preview":"max-image-preview:large","max-video-preview":"max-video-preview:-1"},"canonical":"https:\/\/www.honlufoodtrailer.com\/sl\/product\/3m-dessert-food-trailer\/","og_locale":"sl_SI","og_type":"article","og_title":"3m Dessert Food Trailer from China - Honlu Food Trailer","og_description":"Looking for a small dessert food trailer? see this 3m dessert trailer here! Get a similar or customized one at a reasonable price now!","og_url":"https:\/\/www.honlufoodtrailer.com\/sl\/product\/3m-dessert-food-trailer\/","og_site_name":"Honlu food trailer","article_modified_time":"2025-02-14T07:09:19+00:00","og_image":[{"width":720,"height":540,"url":"https:\/\/www.honlufoodtrailer.com\/wp-content\/uploads\/2024\/04\/3m-dessert-food-trailer.jpg","type":"image\/jpeg"}],"twitter_card":"summary_large_image","twitter_misc":{"Est. reading time":"1 minuta"},"schema":{"@context":"https:\/\/schema.org","@graph":[{"@type":"WebPage","@id":"https:\/\/www.honlufoodtrailer.com\/product\/3m-dessert-food-trailer\/","url":"https:\/\/www.honlufoodtrailer.com\/product\/3m-dessert-food-trailer\/","name":"3m Dessert Food Trailer from China - Honlu Food Trailer","isPartOf":{"@id":"https:\/\/www.honlufoodtrailer.com\/#website"},"primaryImageOfPage":{"@id":"https:\/\/www.honlufoodtrailer.com\/product\/3m-dessert-food-trailer\/#primaryimage"},"image":{"@id":"https:\/\/www.honlufoodtrailer.com\/product\/3m-dessert-food-trailer\/#primaryimage"},"thumbnailUrl":"https:\/\/www.honlufoodtrailer.com\/wp-content\/uploads\/2024\/04\/3m-dessert-food-trailer.jpg","datePublished":"2024-04-19T08:24:24+00:00","dateModified":"2025-02-14T07:09:19+00:00","description":"Looking for a small dessert food trailer? see this 3m dessert trailer here! Get a similar or customized one at a reasonable price now!","breadcrumb":{"@id":"https:\/\/www.honlufoodtrailer.com\/product\/3m-dessert-food-trailer\/#breadcrumb"},"inLanguage":"sl-SI","potentialAction":[{"@type":"ReadAction","target":["https:\/\/www.honlufoodtrailer.com\/product\/3m-dessert-food-trailer\/"]}]},{"@type":"ImageObject","inLanguage":"sl-SI","@id":"https:\/\/www.honlufoodtrailer.com\/product\/3m-dessert-food-trailer\/#primaryimage","url":"https:\/\/www.honlufoodtrailer.com\/wp-content\/uploads\/2024\/04\/3m-dessert-food-trailer.jpg","contentUrl":"https:\/\/www.honlufoodtrailer.com\/wp-content\/uploads\/2024\/04\/3m-dessert-food-trailer.jpg","width":720,"height":540,"caption":"3m dessert food trailer"},{"@type":"BreadcrumbList","@id":"https:\/\/www.honlufoodtrailer.com\/product\/3m-dessert-food-trailer\/#breadcrumb","itemListElement":[{"@type":"ListItem","position":1,"name":"Home","item":"https:\/\/www.honlufoodtrailer.com\/"},{"@type":"ListItem","position":2,"name":"\u4ea7\u54c1","item":"https:\/\/www.honlufoodtrailer.com\/shop\/"},{"@type":"ListItem","position":3,"name":"3m Dessert Food Trailer"}]},{"@type":"WebSite","@id":"https:\/\/www.honlufoodtrailer.com\/#website","url":"https:\/\/www.honlufoodtrailer.com\/","name":"Prikolica za hrano Honlu","description":"","publisher":{"@id":"https:\/\/www.honlufoodtrailer.com\/#organization"},"potentialAction":[{"@type":"SearchAction","target":{"@type":"EntryPoint","urlTemplate":"https:\/\/www.honlufoodtrailer.com\/?s={search_term_string}"},"query-input":{"@type":"PropertyValueSpecification","valueRequired":true,"valueName":"search_term_string"}}],"inLanguage":"sl-SI"},{"@type":"Organization","@id":"https:\/\/www.honlufoodtrailer.com\/#organization","name":"Prikolica za hrano Honlu","url":"https:\/\/www.honlufoodtrailer.com\/","logo":{"@type":"ImageObject","inLanguage":"sl-SI","@id":"https:\/\/www.honlufoodtrailer.com\/#\/schema\/logo\/image\/","url":"https:\/\/www.honlufoodtrailer.com\/wp-content\/uploads\/2021\/12\/2.gif","contentUrl":"https:\/\/www.honlufoodtrailer.com\/wp-content\/uploads\/2021\/12\/2.gif","width":350,"height":100,"caption":"Honlu food trailer"},"image":{"@id":"https:\/\/www.honlufoodtrailer.com\/#\/schema\/logo\/image\/"}}]}},"_links":{"self":[{"href":"https:\/\/www.honlufoodtrailer.com\/sl\/wp-json\/wp\/v2\/product\/7482","targetHints":{"allow":["GET"]}}],"collection":[{"href":"https:\/\/www.honlufoodtrailer.com\/sl\/wp-json\/wp\/v2\/product"}],"about":[{"href":"https:\/\/www.honlufoodtrailer.com\/sl\/wp-json\/wp\/v2\/types\/product"}],"version-history":[{"count":0,"href":"https:\/\/www.honlufoodtrailer.com\/sl\/wp-json\/wp\/v2\/product\/7482\/revisions"}],"wp:featuredmedia":[{"embeddable":true,"href":"https:\/\/www.honlufoodtrailer.com\/sl\/wp-json\/wp\/v2\/media\/7483"}],"wp:attachment":[{"href":"https:\/\/www.honlufoodtrailer.com\/sl\/wp-json\/wp\/v2\/media?parent=7482"}],"wp:term":[{"taxonomy":"product_brand","embeddable":true,"href":"https:\/\/www.honlufoodtrailer.com\/sl\/wp-json\/wp\/v2\/product_brand?post=7482"},{"taxonomy":"product_cat","embeddable":true,"href":"https:\/\/www.honlufoodtrailer.com\/sl\/wp-json\/wp\/v2\/product_cat?post=7482"},{"taxonomy":"product_tag","embeddable":true,"href":"https:\/\/www.honlufoodtrailer.com\/sl\/wp-json\/wp\/v2\/product_tag?post=7482"}],"curies":[{"name":"wp","href":"https:\/\/api.w.org\/{rel}","templated":true}]}}