{"id":7561,"date":"2024-04-29T16:20:25","date_gmt":"2024-04-29T08:20:25","guid":{"rendered":"https:\/\/www.honlufoodtrailer.com\/?post_type=product&#038;p=7561"},"modified":"2025-02-14T14:57:24","modified_gmt":"2025-02-14T06:57:24","slug":"16ft-shawarma-trailer","status":"publish","type":"product","link":"https:\/\/www.honlufoodtrailer.com\/sl\/product\/16ft-shawarma-trailer\/","title":{"rendered":"16-metrska prikolica za \u0161avarmo"},"content":{"rendered":"<p>\u017delite za\u010deti podjetje s prikolico za shawarmo? Oglejte si to 16-metrsko prikolico za shawarmo tukaj! To je mobilna prikolica za hrano, ki smo jo izdelali za eno od na\u0161ih strank iz Zdru\u017eenih dr\u017eav Amerike. Izdelamo lahko podobno prikolico za hrano za shawarmo ali pa jo prilagodimo za vas. Barvo karoserije, nalepke, oznake in kuhinjsko opremo prikolice za shawarmo je mogo\u010de prilagoditi. Samo kontaktirajte nas in nam povejte svoje podrobne zahteve. Najprej si oglejmo nekaj slik te prikolice za shawarmo!<\/p>\n<p><img fetchpriority=\"high\" decoding=\"async\" class=\"aligncenter size-full wp-image-7568\" src=\"https:\/\/www.honlufoodtrailer.com\/wp-content\/uploads\/2024\/04\/16ft-shawarma-trailer.jpg\" alt=\"16-metrska prikolica za shawarmo\" width=\"720\" height=\"540\" srcset=\"https:\/\/www.honlufoodtrailer.com\/wp-content\/uploads\/2024\/04\/16ft-shawarma-trailer.jpg 720w, https:\/\/www.honlufoodtrailer.com\/wp-content\/uploads\/2024\/04\/16ft-shawarma-trailer-480x360.jpg 480w, https:\/\/www.honlufoodtrailer.com\/wp-content\/uploads\/2024\/04\/16ft-shawarma-trailer-300x225.jpg 300w\" sizes=\"(max-width: 720px) 100vw, 720px\" \/> <img decoding=\"async\" class=\"aligncenter size-full wp-image-7562\" src=\"https:\/\/www.honlufoodtrailer.com\/wp-content\/uploads\/2024\/04\/16ft-food-cart-shawarma.jpg\" alt=\"16-metrski vozi\u010dek za hrano shawarma\" width=\"720\" height=\"540\" srcset=\"https:\/\/www.honlufoodtrailer.com\/wp-content\/uploads\/2024\/04\/16ft-food-cart-shawarma.jpg 720w, https:\/\/www.honlufoodtrailer.com\/wp-content\/uploads\/2024\/04\/16ft-food-cart-shawarma-480x360.jpg 480w, https:\/\/www.honlufoodtrailer.com\/wp-content\/uploads\/2024\/04\/16ft-food-cart-shawarma-300x225.jpg 300w\" sizes=\"(max-width: 720px) 100vw, 720px\" \/><\/p>\n<p>Kot lahko vidimo na zgornji sliki, smo to prikolico za shawarmo pobarvali s \u010drno barvo. Ko na\u0161a stranka prejme to prikolico za hrano, bo po svojih \u017eeljah okrasila zunanjost mobilne prikolice za shawarmo. Nato si poglejmo notranjost te prikolice za shawarmo.<\/p>\n<p><img decoding=\"async\" class=\"aligncenter size-full wp-image-7565\" src=\"https:\/\/www.honlufoodtrailer.com\/wp-content\/uploads\/2024\/04\/16ft-shawarma-trailer-details.jpg\" alt=\"Podrobnosti o 16-metrski prikolici za shawarmo\" width=\"720\" height=\"540\" srcset=\"https:\/\/www.honlufoodtrailer.com\/wp-content\/uploads\/2024\/04\/16ft-shawarma-trailer-details.jpg 720w, https:\/\/www.honlufoodtrailer.com\/wp-content\/uploads\/2024\/04\/16ft-shawarma-trailer-details-480x360.jpg 480w, https:\/\/www.honlufoodtrailer.com\/wp-content\/uploads\/2024\/04\/16ft-shawarma-trailer-details-300x225.jpg 300w\" sizes=\"(max-width: 720px) 100vw, 720px\" \/> <img loading=\"lazy\" decoding=\"async\" class=\"aligncenter size-full wp-image-7567\" src=\"https:\/\/www.honlufoodtrailer.com\/wp-content\/uploads\/2024\/04\/16ft-shawarma-trailer-kitchen-equipment.jpg\" alt=\"16-metrska prikolica za shawarmo, kuhinjska oprema\" width=\"720\" height=\"540\" srcset=\"https:\/\/www.honlufoodtrailer.com\/wp-content\/uploads\/2024\/04\/16ft-shawarma-trailer-kitchen-equipment.jpg 720w, https:\/\/www.honlufoodtrailer.com\/wp-content\/uploads\/2024\/04\/16ft-shawarma-trailer-kitchen-equipment-480x360.jpg 480w, https:\/\/www.honlufoodtrailer.com\/wp-content\/uploads\/2024\/04\/16ft-shawarma-trailer-kitchen-equipment-300x225.jpg 300w\" sizes=\"(max-width: 720px) 100vw, 720px\" \/><\/p>\n<p>Iz zgornjih slik lahko vidite, da smo to prikolico za shawarmo opremili z delovno mizo, policami, napo, strojem za shawarmo in pomivalnimi koriti. S to dodatno opremo bo na\u0161a stranka lahko za\u010dela s svojim poslom s prikolicami za shawarmo. 16-metrska prikolica za shawarmo je priljubljen model med strankami. Za stranke, ki \u017eelijo ve\u010dje, lahko zagotovimo prikolice velikosti do ... <a href=\"https:\/\/www.honlufoodtrailer.com\/sl\/product\/shawarma-food-truck-for-sale\/\" target=\"_blank\" rel=\"noopener\">36ft prikolica shawarma<\/a> kot ta.<\/p>\n<p>Prikolice za hrano se lahko imenujejo tudi vozi\u010dki za hrano, kombiji za hrano, tovornjaki za hrano itd. Uporabljajo se lahko za prodajo hitre hrane, prigrizkov, \u010dasopisov, knjig itd. Sestavljena je iz \u0161asije, karoserije, talne obloge, delovne mize, vodnega in elektri\u010dnega sistema. Uporabniki lahko izberejo tudi \u017eeleno barvo. Na \u017eeljo strank bi radi kupili tudi druge vrste opreme.<\/p>\n<h2><b class=\"magic-22\"><span class=\"magic-11\">Glavne zna\u010dilnosti prilagojene prikolice za \u0161avarmo<\/span><\/b><\/h2>\n<div class=\"magic-2\">\n<div class=\"magic-3\">\n<div class=\"magic-4\">1. Nizki stro\u0161ki in okoljsko brez dima in hrupa, enostavno premikanje kjer koli.<br \/>\n2. Uporablja se lahko \u017ee ve\u010d let in ne smeti, kar ustreza sodobnemu \u017eivljenju.<br \/>\n3. Priro\u010den in enostaven za nalaganje in prevoz, saj je njegova zasnova edinstvena in individualna.<br \/>\n4. Glavni material je nerjave\u010de jeklo, zato ravna oblika (miza) ne rjavi.<br \/>\n5. Ima toplotno odpornost in visoko trdnost, visoko barvno obstojnost, brez deformacij, vodoodpornost in dolgo \u017eivljenjsko dobo.<\/div>\n<\/div>\n<\/div>\n<h2><b class=\"magic-22\"><span class=\"magic-11\">Glavna prednost:<\/span><\/b><\/h2>\n<p><span class=\"magic-12\">1. Cenovno ugodno in okoljsko;<br \/>\n2. Enostavno se lahko premaknete na poljubno mesto (va\u0161e poslovanje ni omejeno);<br \/>\n3. Edinstvena oblika (nevidna za privabljanje ve\u010d strank);<br \/>\n4. Dolga \u017eivljenjska doba (odporna proti koroziji, toplotni odpornosti, vodoodporna, brez deformacij).<\/span><\/p>","protected":false},"excerpt":{"rendered":"<p>To je ena od na\u0161ih 16-metrskih prikolic za shawarma, izdelanih po meri. Obi\u010dajno je to najprimernej\u0161i model za za\u010detek poslovanja z mobilnimi prikolicami za shawarma. Prilagodimo lahko ne le zunanjost prikolice za hrano, temve\u010d tudi kuhinjsko opremo v notranjosti. Brez oklevanja nas kontaktirajte in nam sporo\u010dite svoje podrobne zahteve!<\/p>","protected":false},"featured_media":7568,"template":"","meta":{"_themeisle_gutenberg_block_has_review":false},"product_brand":[],"product_cat":[26],"product_tag":[96,114],"class_list":{"0":"post-7561","1":"product","2":"type-product","3":"status-publish","4":"has-post-thumbnail","6":"product_cat-product","7":"product_tag-16ft-food-trailer","8":"product_tag-shawarma-trailer","10":"first","11":"instock","12":"shipping-taxable","13":"product-type-simple"},"yoast_head":"<!-- This site is optimized with the Yoast SEO plugin v27.5 - https:\/\/yoast.com\/product\/yoast-seo-wordpress\/ -->\n<title>Factory Price 16ft Shawarma Trailer from China- Honlu Food Trailer<\/title>\n<meta name=\"description\" content=\"Want to start a shawarma trailer business? see this 16ft shawarma trailer here! Get a similar or customized one at factory price from Honlu now!\" \/>\n<meta name=\"robots\" content=\"index, follow, max-snippet:-1, max-image-preview:large, max-video-preview:-1\" \/>\n<link rel=\"canonical\" href=\"https:\/\/www.honlufoodtrailer.com\/sl\/product\/16ft-shawarma-trailer\/\" \/>\n<meta property=\"og:locale\" content=\"sl_SI\" \/>\n<meta property=\"og:type\" content=\"article\" \/>\n<meta property=\"og:title\" content=\"Factory Price 16ft Shawarma Trailer from China- Honlu Food Trailer\" \/>\n<meta property=\"og:description\" content=\"Want to start a shawarma trailer business? see this 16ft shawarma trailer here! Get a similar or customized one at factory price from Honlu now!\" \/>\n<meta property=\"og:url\" content=\"https:\/\/www.honlufoodtrailer.com\/sl\/product\/16ft-shawarma-trailer\/\" \/>\n<meta property=\"og:site_name\" content=\"Honlu food trailer\" \/>\n<meta property=\"article:modified_time\" content=\"2025-02-14T06:57:24+00:00\" \/>\n<meta property=\"og:image\" content=\"https:\/\/www.honlufoodtrailer.com\/wp-content\/uploads\/2024\/04\/16ft-shawarma-trailer.jpg\" \/>\n\t<meta property=\"og:image:width\" content=\"720\" \/>\n\t<meta property=\"og:image:height\" content=\"540\" \/>\n\t<meta property=\"og:image:type\" content=\"image\/jpeg\" \/>\n<meta name=\"twitter:card\" content=\"summary_large_image\" \/>\n<meta name=\"twitter:label1\" content=\"Est. reading time\" \/>\n\t<meta name=\"twitter:data1\" content=\"1 minuta\" \/>\n<script type=\"application\/ld+json\" class=\"yoast-schema-graph\">{\"@context\":\"https:\\\/\\\/schema.org\",\"@graph\":[{\"@type\":\"WebPage\",\"@id\":\"https:\\\/\\\/www.honlufoodtrailer.com\\\/product\\\/16ft-shawarma-trailer\\\/\",\"url\":\"https:\\\/\\\/www.honlufoodtrailer.com\\\/product\\\/16ft-shawarma-trailer\\\/\",\"name\":\"Factory Price 16ft Shawarma Trailer from China- Honlu Food Trailer\",\"isPartOf\":{\"@id\":\"https:\\\/\\\/www.honlufoodtrailer.com\\\/#website\"},\"primaryImageOfPage\":{\"@id\":\"https:\\\/\\\/www.honlufoodtrailer.com\\\/product\\\/16ft-shawarma-trailer\\\/#primaryimage\"},\"image\":{\"@id\":\"https:\\\/\\\/www.honlufoodtrailer.com\\\/product\\\/16ft-shawarma-trailer\\\/#primaryimage\"},\"thumbnailUrl\":\"https:\\\/\\\/www.honlufoodtrailer.com\\\/wp-content\\\/uploads\\\/2024\\\/04\\\/16ft-shawarma-trailer.jpg\",\"datePublished\":\"2024-04-29T08:20:25+00:00\",\"dateModified\":\"2025-02-14T06:57:24+00:00\",\"description\":\"Want to start a shawarma trailer business? see this 16ft shawarma trailer here! Get a similar or customized one at factory price from Honlu now!\",\"breadcrumb\":{\"@id\":\"https:\\\/\\\/www.honlufoodtrailer.com\\\/product\\\/16ft-shawarma-trailer\\\/#breadcrumb\"},\"inLanguage\":\"sl-SI\",\"potentialAction\":[{\"@type\":\"ReadAction\",\"target\":[\"https:\\\/\\\/www.honlufoodtrailer.com\\\/product\\\/16ft-shawarma-trailer\\\/\"]}]},{\"@type\":\"ImageObject\",\"inLanguage\":\"sl-SI\",\"@id\":\"https:\\\/\\\/www.honlufoodtrailer.com\\\/product\\\/16ft-shawarma-trailer\\\/#primaryimage\",\"url\":\"https:\\\/\\\/www.honlufoodtrailer.com\\\/wp-content\\\/uploads\\\/2024\\\/04\\\/16ft-shawarma-trailer.jpg\",\"contentUrl\":\"https:\\\/\\\/www.honlufoodtrailer.com\\\/wp-content\\\/uploads\\\/2024\\\/04\\\/16ft-shawarma-trailer.jpg\",\"width\":720,\"height\":540,\"caption\":\"16ft shawarma trailer\"},{\"@type\":\"BreadcrumbList\",\"@id\":\"https:\\\/\\\/www.honlufoodtrailer.com\\\/product\\\/16ft-shawarma-trailer\\\/#breadcrumb\",\"itemListElement\":[{\"@type\":\"ListItem\",\"position\":1,\"name\":\"Home\",\"item\":\"https:\\\/\\\/www.honlufoodtrailer.com\\\/\"},{\"@type\":\"ListItem\",\"position\":2,\"name\":\"\u4ea7\u54c1\",\"item\":\"https:\\\/\\\/www.honlufoodtrailer.com\\\/shop\\\/\"},{\"@type\":\"ListItem\",\"position\":3,\"name\":\"16ft Shawarma Trailer\"}]},{\"@type\":\"WebSite\",\"@id\":\"https:\\\/\\\/www.honlufoodtrailer.com\\\/#website\",\"url\":\"https:\\\/\\\/www.honlufoodtrailer.com\\\/\",\"name\":\"Honlu food trailer\",\"description\":\"\",\"publisher\":{\"@id\":\"https:\\\/\\\/www.honlufoodtrailer.com\\\/#organization\"},\"potentialAction\":[{\"@type\":\"SearchAction\",\"target\":{\"@type\":\"EntryPoint\",\"urlTemplate\":\"https:\\\/\\\/www.honlufoodtrailer.com\\\/?s={search_term_string}\"},\"query-input\":{\"@type\":\"PropertyValueSpecification\",\"valueRequired\":true,\"valueName\":\"search_term_string\"}}],\"inLanguage\":\"sl-SI\"},{\"@type\":\"Organization\",\"@id\":\"https:\\\/\\\/www.honlufoodtrailer.com\\\/#organization\",\"name\":\"Honlu food trailer\",\"url\":\"https:\\\/\\\/www.honlufoodtrailer.com\\\/\",\"logo\":{\"@type\":\"ImageObject\",\"inLanguage\":\"sl-SI\",\"@id\":\"https:\\\/\\\/www.honlufoodtrailer.com\\\/#\\\/schema\\\/logo\\\/image\\\/\",\"url\":\"https:\\\/\\\/www.honlufoodtrailer.com\\\/wp-content\\\/uploads\\\/2021\\\/12\\\/2.gif\",\"contentUrl\":\"https:\\\/\\\/www.honlufoodtrailer.com\\\/wp-content\\\/uploads\\\/2021\\\/12\\\/2.gif\",\"width\":350,\"height\":100,\"caption\":\"Honlu food trailer\"},\"image\":{\"@id\":\"https:\\\/\\\/www.honlufoodtrailer.com\\\/#\\\/schema\\\/logo\\\/image\\\/\"}}]}<\/script>\n<!-- \/ Yoast SEO plugin. -->","yoast_head_json":{"title":"Tovarni\u0161ka cena 16ft Shawarma prikolice iz Kitajske - Honlu Food Trailer","description":"\u017delite za\u010deti podjetje s prikolico za shawarma? Oglejte si to 16-metrsko prikolico za shawarma tukaj! Pridobite podobno ali prilagojeno prikolico po tovarni\u0161ki ceni pri Honlu zdaj!","robots":{"index":"index","follow":"follow","max-snippet":"max-snippet:-1","max-image-preview":"max-image-preview:large","max-video-preview":"max-video-preview:-1"},"canonical":"https:\/\/www.honlufoodtrailer.com\/sl\/product\/16ft-shawarma-trailer\/","og_locale":"sl_SI","og_type":"article","og_title":"Factory Price 16ft Shawarma Trailer from China- Honlu Food Trailer","og_description":"Want to start a shawarma trailer business? see this 16ft shawarma trailer here! Get a similar or customized one at factory price from Honlu now!","og_url":"https:\/\/www.honlufoodtrailer.com\/sl\/product\/16ft-shawarma-trailer\/","og_site_name":"Honlu food trailer","article_modified_time":"2025-02-14T06:57:24+00:00","og_image":[{"width":720,"height":540,"url":"https:\/\/www.honlufoodtrailer.com\/wp-content\/uploads\/2024\/04\/16ft-shawarma-trailer.jpg","type":"image\/jpeg"}],"twitter_card":"summary_large_image","twitter_misc":{"Est. reading time":"1 minuta"},"schema":{"@context":"https:\/\/schema.org","@graph":[{"@type":"WebPage","@id":"https:\/\/www.honlufoodtrailer.com\/product\/16ft-shawarma-trailer\/","url":"https:\/\/www.honlufoodtrailer.com\/product\/16ft-shawarma-trailer\/","name":"Tovarni\u0161ka cena 16ft Shawarma prikolice iz Kitajske - Honlu Food Trailer","isPartOf":{"@id":"https:\/\/www.honlufoodtrailer.com\/#website"},"primaryImageOfPage":{"@id":"https:\/\/www.honlufoodtrailer.com\/product\/16ft-shawarma-trailer\/#primaryimage"},"image":{"@id":"https:\/\/www.honlufoodtrailer.com\/product\/16ft-shawarma-trailer\/#primaryimage"},"thumbnailUrl":"https:\/\/www.honlufoodtrailer.com\/wp-content\/uploads\/2024\/04\/16ft-shawarma-trailer.jpg","datePublished":"2024-04-29T08:20:25+00:00","dateModified":"2025-02-14T06:57:24+00:00","description":"\u017delite za\u010deti podjetje s prikolico za shawarma? Oglejte si to 16-metrsko prikolico za shawarma tukaj! Pridobite podobno ali prilagojeno prikolico po tovarni\u0161ki ceni pri Honlu zdaj!","breadcrumb":{"@id":"https:\/\/www.honlufoodtrailer.com\/product\/16ft-shawarma-trailer\/#breadcrumb"},"inLanguage":"sl-SI","potentialAction":[{"@type":"ReadAction","target":["https:\/\/www.honlufoodtrailer.com\/product\/16ft-shawarma-trailer\/"]}]},{"@type":"ImageObject","inLanguage":"sl-SI","@id":"https:\/\/www.honlufoodtrailer.com\/product\/16ft-shawarma-trailer\/#primaryimage","url":"https:\/\/www.honlufoodtrailer.com\/wp-content\/uploads\/2024\/04\/16ft-shawarma-trailer.jpg","contentUrl":"https:\/\/www.honlufoodtrailer.com\/wp-content\/uploads\/2024\/04\/16ft-shawarma-trailer.jpg","width":720,"height":540,"caption":"16ft shawarma trailer"},{"@type":"BreadcrumbList","@id":"https:\/\/www.honlufoodtrailer.com\/product\/16ft-shawarma-trailer\/#breadcrumb","itemListElement":[{"@type":"ListItem","position":1,"name":"Home","item":"https:\/\/www.honlufoodtrailer.com\/"},{"@type":"ListItem","position":2,"name":"\u4ea7\u54c1","item":"https:\/\/www.honlufoodtrailer.com\/shop\/"},{"@type":"ListItem","position":3,"name":"16ft Shawarma Trailer"}]},{"@type":"WebSite","@id":"https:\/\/www.honlufoodtrailer.com\/#website","url":"https:\/\/www.honlufoodtrailer.com\/","name":"Prikolica za hrano Honlu","description":"","publisher":{"@id":"https:\/\/www.honlufoodtrailer.com\/#organization"},"potentialAction":[{"@type":"SearchAction","target":{"@type":"EntryPoint","urlTemplate":"https:\/\/www.honlufoodtrailer.com\/?s={search_term_string}"},"query-input":{"@type":"PropertyValueSpecification","valueRequired":true,"valueName":"search_term_string"}}],"inLanguage":"sl-SI"},{"@type":"Organization","@id":"https:\/\/www.honlufoodtrailer.com\/#organization","name":"Prikolica za hrano Honlu","url":"https:\/\/www.honlufoodtrailer.com\/","logo":{"@type":"ImageObject","inLanguage":"sl-SI","@id":"https:\/\/www.honlufoodtrailer.com\/#\/schema\/logo\/image\/","url":"https:\/\/www.honlufoodtrailer.com\/wp-content\/uploads\/2021\/12\/2.gif","contentUrl":"https:\/\/www.honlufoodtrailer.com\/wp-content\/uploads\/2021\/12\/2.gif","width":350,"height":100,"caption":"Honlu food trailer"},"image":{"@id":"https:\/\/www.honlufoodtrailer.com\/#\/schema\/logo\/image\/"}}]}},"_links":{"self":[{"href":"https:\/\/www.honlufoodtrailer.com\/sl\/wp-json\/wp\/v2\/product\/7561","targetHints":{"allow":["GET"]}}],"collection":[{"href":"https:\/\/www.honlufoodtrailer.com\/sl\/wp-json\/wp\/v2\/product"}],"about":[{"href":"https:\/\/www.honlufoodtrailer.com\/sl\/wp-json\/wp\/v2\/types\/product"}],"version-history":[{"count":0,"href":"https:\/\/www.honlufoodtrailer.com\/sl\/wp-json\/wp\/v2\/product\/7561\/revisions"}],"wp:featuredmedia":[{"embeddable":true,"href":"https:\/\/www.honlufoodtrailer.com\/sl\/wp-json\/wp\/v2\/media\/7568"}],"wp:attachment":[{"href":"https:\/\/www.honlufoodtrailer.com\/sl\/wp-json\/wp\/v2\/media?parent=7561"}],"wp:term":[{"taxonomy":"product_brand","embeddable":true,"href":"https:\/\/www.honlufoodtrailer.com\/sl\/wp-json\/wp\/v2\/product_brand?post=7561"},{"taxonomy":"product_cat","embeddable":true,"href":"https:\/\/www.honlufoodtrailer.com\/sl\/wp-json\/wp\/v2\/product_cat?post=7561"},{"taxonomy":"product_tag","embeddable":true,"href":"https:\/\/www.honlufoodtrailer.com\/sl\/wp-json\/wp\/v2\/product_tag?post=7561"}],"curies":[{"name":"wp","href":"https:\/\/api.w.org\/{rel}","templated":true}]}}